{"id":5274,"date":"2022-09-11T15:58:01","date_gmt":"2022-09-11T15:58:01","guid":{"rendered":"http:\/\/forbabyboss.com\/?post_type=product&#038;p=5274"},"modified":"2026-02-21T12:35:18","modified_gmt":"2026-02-21T12:35:18","slug":"3-az-1-ben-konnyu-utazorendszeru-babakocsi-isofix-talppal-zold-ezust-kerettel","status":"publish","type":"product","link":"https:\/\/forbabyboss.com\/hu\/product\/baby-pram-3in1-lightweight-travel-system-pushchair-isofix-base-in-green-silver-frame\/","title":{"rendered":"3 az 1-ben k\u00f6nny\u0171 utaz\u00f3rendszer\u0171 babakocsi Isofix talppal, z\u00f6ld-ez\u00fcst keretben"},"content":{"rendered":"<div style=\"width: 1020px;\" class=\"wp-video\"><video class=\"wp-video-shortcode\" id=\"video-5274-1\" width=\"1020\" height=\"574\" preload=\"metadata\" controls=\"controls\"><source type=\"video\/mp4\" src=\"http:\/\/forbabyboss.com\/wp-content\/uploads\/2022\/09\/Baby-Buggy-Pram-Lightweight-Folding-3-in-1-Travel-System-Pushchair-Isofix-Base.mp4?_=1\" \/><a href=\"http:\/\/forbabyboss.com\/wp-content\/uploads\/2022\/09\/Baby-Buggy-Pram-Lightweight-Folding-3-in-1-Travel-System-Pushchair-Isofix-Base.mp4\">http:\/\/forbabyboss.com\/wp-content\/uploads\/2022\/09\/Baby-Buggy-Pram-Lightweight-Folding-3-in-1-Travel-System-Pushchair-Isofix-Base.mp4<\/a><\/video><\/div>\n<p style=\"text-align: justify;\"><strong><span style=\"color: #282828;\"><span style=\"color: #e14d43;\">Lavado Pr\u00e9mium<\/span> \u2013 modern \u00e9s funkcion\u00e1lis babakocsi, amely m\u00e9g t\u00f6bb \u00f6r\u00f6met okoz a j\u00e1r\u00e1s sor\u00e1n, az innovat\u00edv diz\u00e1jn pedig egyedis\u00e9get k\u00f6lcs\u00f6n\u00f6z. A babakocsi 6-36 h\u00f3napos kort\u00f3l alkalmas. A k\u00f6nny\u0171 v\u00e1z \u00e9s a praktikus kialak\u00edt\u00e1s m\u00e9g k\u00e9nyelmesebb\u00e9 teszi a babakocsi visel\u00e9s\u00e9t.<\/span><\/strong><\/p>\n<p style=\"text-align: justify;\"><strong><span style=\"color: #282828;\">\u2022 Egyszem\u00e9lyes babakocsi 1-15 kg s\u00faly\u00fa gyermekek sz\u00e1m\u00e1ra<\/span><\/strong><br \/>\n<strong><span style=\"color: #282828;\">\u2022 T\u00dcV NORD tan\u00fas\u00edtv\u00e1nnyal rendelkezik, amely garant\u00e1lja a legmagasabb min\u0151s\u00e9get \u00e9s biztons\u00e1got gyermeke sz\u00e1m\u00e1ra.<\/span><\/strong><br \/>\n<strong><span style=\"color: #282828;\">\u2022 A babakocsi megfelel a leg\u00fajabb, szigor\u00fa EN 1888-1:2018 biztons\u00e1gi szabv\u00e1nynak<\/span><\/strong><\/p>\n<h4 style=\"text-align: justify;\"><span style=\"color: #e14d43;\"><strong>A k\u00e9szlet a k\u00f6vetkez\u0151ket tartalmazza:<br \/>\n<\/strong><\/span><strong><span style=\"color: #282828;\">\u2022 v\u00e1zkeret<\/span><\/strong><br \/>\n<strong><span style=\"color: #282828;\">\u2022m\u00f3zeskos\u00e1r<\/span><\/strong><br \/>\n<strong><span style=\"color: #282828;\">\u2022sport\u00fcl\u00e9s<\/span><\/strong><br \/>\n<strong><span style=\"color: #282828;\">\u2022v\u00e1llt\u00e1ska<\/span><\/strong><br \/>\n<strong><span style=\"color: #282828;\">\u2022 eserny\u0151<\/span><\/strong><br \/>\n<strong><span style=\"color: #282828;\">\u2022 pelenk\u00e1z\u00f3 al\u00e1t\u00e9t<\/span><\/strong><br \/>\n<strong><span style=\"color: #282828;\">\u2022 poh\u00e1rtart\u00f3<\/span><\/strong><br \/>\n<strong><span style=\"color: #282828;\">\u2022 k\u00f3kuszmatrac<\/span><\/strong><br \/>\n<strong><span style=\"color: #282828;\">\u2022 es\u0151v\u00e9d\u0151<\/span><\/strong><br \/>\n<strong><span style=\"color: #282828;\">\u2022 rovarv\u00e9d\u0151<\/span><\/strong><br \/>\n<strong><span style=\"color: #282828;\">\u2022 bev\u00e1s\u00e1rl\u00f3kos\u00e1r<\/span><\/strong><br \/>\n<strong><span style=\"color: #282828;\">\u2022 aut\u00f3s\u00fcl\u00e9s (csak a 3 az 1-ben szettben)<\/span><\/strong><\/h4>\n<p style=\"text-align: justify;\"><span style=\"color: #e14d43;\"><strong>Prame keret:<br \/>\n<\/strong><\/span><strong><span style=\"color: #282828;\">\u2022alum\u00ednium v\u00e1z \u2013 k\u00f6nny\u0171 \u00e9s tart\u00f3s<\/span><\/strong><br \/>\n<strong><span style=\"color: #282828;\">\u2022forgathat\u00f3, probl\u00e9mamentes zsel\u00e9s kerekek \u2013 defektmentesek<\/span><\/strong><br \/>\n<strong><span style=\"color: #282828;\">\u2022 a kerekekben l\u00e9v\u0151 csap\u00e1gyak megk\u00f6nny\u00edtik a babakocsi tol\u00e1s\u00e1t<\/span><\/strong><br \/>\n<strong><span style=\"color: #282828;\">\u2022 \u00e1ll\u00edthat\u00f3 magass\u00e1g\u00fa, \u00f6ko-b\u0151rrel bor\u00edtott foganty\u00fa<\/span><\/strong><br \/>\n<strong><span style=\"color: #282828;\">\u2022p\u00e1rn\u00e1zott h\u00e1ts\u00f3 felf\u00fcggeszt\u00e9s \u2013 k\u00e9nyelmet biztos\u00edt minden s\u00e9ta sor\u00e1n<\/span><\/strong><br \/>\n<strong><span style=\"color: #282828;\">\u2022\u00f6sszecsukva kompakt m\u00e9ret<\/span><\/strong><br \/>\n<strong><span style=\"color: #282828;\">\u2022egyszer\u0171 rendszer a m\u00f3zeskos\u00e1r, a sport\u00fcl\u00e9s \u00e9s az aut\u00f3s\u00fcl\u00e9s r\u00f6gz\u00edt\u00e9s\u00e9hez \u00e9s lev\u00e1laszt\u00e1s\u00e1hoz<\/span><\/strong><br \/>\n<strong><span style=\"color: #282828;\">\u2022K\u00f6zponti f\u00e9kkel felszerelve a stabilit\u00e1s \u00e9rdek\u00e9ben \u2022A babakocsi v\u00e1z\u00e1nak kieg\u00e9sz\u00edt\u0151 oldals\u00f3 felf\u00fcggeszt\u00e9se lehet\u0151v\u00e9 teszi a r\u00f6gz\u00edt\u00e9st, ami m\u00e9g jobban csillap\u00edtja a tol\u00e1s k\u00f6zben fell\u00e9p\u0151 r\u00e1zk\u00f3d\u00e1sokat, valamint a gyermek kellemes hint\u00e1z\u00e1s\u00e1t<\/span><\/strong><\/p>\n<h3 style=\"text-align: justify;\"><span style=\"color: #e14d43;\"><strong>M\u00f3zeskos\u00e1r:<br \/>\n<\/strong><\/span><strong style=\"color: #555555; font-size: 14.4px;\"><span style=\"color: #282828;\">\u2022 nagym\u00e9ret\u0171 m\u00f3zeskos\u00e1r, amely b\u00f6lcs\u0151k\u00e9nt is haszn\u00e1lhat\u00f3<br \/>\n<\/span><\/strong><strong style=\"color: #555555; font-size: 14.4px;\"><span style=\"color: #282828;\">\u2022levehet\u0151, be\u00e9p\u00edtett l\u00e1bv\u00e9d\u0151vel felszerelve \u2013 megv\u00e9di gyermek\u00e9t a rossz id\u0151j\u00e1r\u00e1st\u00f3l<br \/>\n<\/span><\/strong><strong style=\"color: #555555; font-size: 14.4px;\"><span style=\"color: #282828;\">\u2022ergon\u00f3mikus, \u00f6ko-b\u0151rrel bevont foganty\u00fa \u2013 megk\u00f6nny\u00edti a m\u00f3zeskos\u00e1r hordoz\u00e1s\u00e1t<br \/>\n<\/span><\/strong><strong style=\"color: #555555; font-size: 14.4px;\"><span style=\"color: #282828;\">\u2022rugalmas matrac \u00e9s puha p\u00e1rn\u00e1z\u00e1s a m\u00f3zeskos\u00e1rban<br \/>\n<\/span><\/strong><strong style=\"color: #555555; font-size: 14.4px;\"><span style=\"color: #282828;\">\u2022\u00e1ll\u00edthat\u00f3 fejt\u00e1mla<br \/>\n<\/span><\/strong><strong style=\"color: #555555; font-size: 14.4px;\"><span style=\"color: #282828;\">\u2022A m\u00f3zeskos\u00e1r rekesz\u00e9ben tal\u00e1lhat\u00f3 szell\u0151z\u0151ny\u00edl\u00e1s friss leveg\u0151t biztos\u00edt, hogy megakad\u00e1lyozza a baba t\u00falmeleged\u00e9s\u00e9t<\/span><\/strong><\/h3>\n<h3 style=\"text-align: justify;\"><span style=\"color: #e14d43;\"><strong>Sport\u00fcl\u00e9s:<br \/>\n<\/strong><\/span><strong style=\"color: #555555; font-size: 14.4px;\"><span style=\"color: #282828;\">\u2022El\u00f6lr\u0151l vagy h\u00e1tulr\u00f3l is beszerelhet\u0151<br \/>\n<\/span><\/strong><strong style=\"color: #555555; font-size: 14.4px;\"><span style=\"color: #282828;\">\u2022\u00f6tpontos, \u00e1ll\u00edthat\u00f3 biztons\u00e1gi \u00f6vek<br \/>\n<\/span><\/strong><strong style=\"color: #555555; font-size: 14.4px;\"><span style=\"color: #282828;\">\u2022levehet\u0151, \u00f6ko-b\u0151rrel bor\u00edtott v\u00e9d\u0151korl\u00e1t<br \/>\n<\/span><\/strong><strong style=\"color: #555555; font-size: 14.4px;\"><span style=\"color: #282828;\">\u2022 k\u00e9nyelmes, \u00e1ll\u00edthat\u00f3 l\u00e1btart\u00f3<br \/>\n<\/span><\/strong><strong style=\"color: #555555; font-size: 14.4px;\"><span style=\"color: #282828;\">\u2022szell\u0151z\u0151ablak a ponyva h\u00e1tulj\u00e1n<br \/>\n<\/span><\/strong><strong style=\"color: #555555; font-size: 14.4px;\"><span style=\"color: #282828;\">\u2022\u00f6sszecsukva kompakt m\u00e9ret<br \/>\n<\/span><\/strong><strong style=\"color: #555555; font-size: 14.4px;\"><span style=\"color: #282828;\">\u2022h\u00e1tt\u00e1mla \u00e1ll\u00edthat\u00f3 \u2013 ak\u00e1r v\u00edzszintes helyzetig, ami a baba sz\u00e1m\u00e1ra a legeg\u00e9szs\u00e9gesebb alv\u00e1si poz\u00edci\u00f3<br \/>\n<\/span><\/strong><strong style=\"color: #555555; font-size: 14.4px;\"><span style=\"color: #282828;\">\u2022 \u00e1ll\u00edthat\u00f3, levehet\u0151 tet\u0151fed\u0151<br \/>\n<\/span><\/strong><strong style=\"color: #555555; font-size: 14.4px;\"><span style=\"color: #282828;\">\u2022levehet\u0151, illeszked\u0151 l\u00e1bv\u00e9d\u0151 \u2013 megv\u00e9di gyermek\u00e9t a szesz\u00e9lyes id\u0151j\u00e1r\u00e1st\u00f3l<\/span><\/strong><\/h3>\n<h3 style=\"text-align: justify;\"><span style=\"color: #e14d43;\"><strong>Aut\u00f3s\u00fcl\u00e9s:<\/strong><\/span><\/h3>\n<p style=\"text-align: justify;\"><strong><span style=\"color: #282828;\">\u2022 K\u00f6nnyen haszn\u00e1lhat\u00f3 adaptereket tartalmaz a babakocsi v\u00e1z\u00e1ra val\u00f3 gyors fel- \u00e9s leszerel\u00e9shez<\/span><\/strong><br \/>\n<strong><span style=\"color: #282828;\">\u2022h\u00e1rompontos biztons\u00e1gi \u00f6vek<\/span><\/strong><br \/>\n<strong><span style=\"color: #282828;\">\u2022levehet\u0151 tet\u0151 l\u00e1bv\u00e9d\u0151vel \u2022csecsem\u0151knek val\u00f3 bet\u00e9t, amely lehet\u0151v\u00e9 teszi, hogy gyermeke \u00e9let\u00e9nek els\u0151 pillanatait\u00f3l kezdve haszn\u00e1lja az aut\u00f3s\u00fcl\u00e9st<\/span><\/strong><br \/>\n<strong><span style=\"color: #282828;\">\u2022z\u00e1rhat\u00f3 b\u00f6lcs\u0151 funkci\u00f3<\/span><\/strong><br \/>\n<strong><span style=\"color: #282828;\">\u2022 az \u00e1ll\u00edthat\u00f3 foganty\u00fa megk\u00f6nny\u00edti a mind\u00f6ssze 3 kg s\u00faly\u00fa aut\u00f3s\u00fcl\u00e9s hordoz\u00e1s\u00e1t<\/span><\/strong><br \/>\n<strong><span style=\"color: #282828;\">\u2022gyermekek aut\u00f3ban t\u00f6rt\u00e9n\u0151 sz\u00e1ll\u00edt\u00e1s\u00e1ra alkalmas, ECE R44\/04 j\u00f3v\u00e1hagy\u00e1s<\/span><\/strong><\/p>\n<h3 style=\"text-align: justify;\"><span style=\"color: #e14d43;\"><strong>Tov\u00e1bb\u00e1:<\/strong><\/span><\/h3>\n<p style=\"text-align: justify;\"><strong><span style=\"color: #282828;\">\u2022 nagym\u00e9ret\u0171, cipz\u00e1ras v\u00e1llt\u00e1ska, amely a babakocsi v\u00e1z\u00e1hoz r\u00f6gz\u00edthet\u0151<\/span><\/strong><br \/>\n<strong><span style=\"color: #282828;\">\u2022antiallerg\u00e9n k\u00f3kuszmatrac<\/span><\/strong><\/p>\n<p style=\"text-align: justify;\"><strong><span style=\"color: #282828;\">Antiallerg\u00e9n k\u00f3kusz matrac<\/span><\/strong><br \/>\n<strong><span style=\"color: #282828;\">A matrac k\u00f3kuszrostb\u00f3l k\u00e9sz\u00fclt, amely stabil tart\u00e1st biztos\u00edt. A speci\u00e1lis gy\u00e1rt\u00e1si elj\u00e1r\u00e1snak k\u00f6sz\u00f6nhet\u0151en rugalmas \u00e9s ellen\u00e1ll\u00f3 marad.<\/span><\/strong><\/p>\n<p style=\"text-align: justify;\"><span style=\"color: #e14d43;\"><strong>Tov\u00e1bb\u00e1:<\/strong><\/span><\/p>\n<p style=\"text-align: justify;\"><strong><span style=\"color: #282828;\">\u2022 Biztos\u00edtja a megfelel\u0151 l\u00e9g\u00e1raml\u00e1st<\/span><\/strong><br \/>\n<strong><span style=\"color: #282828;\">\u2022 Pozit\u00edv hat\u00e1ssal van a megfelel\u0151 mikrokl\u00edma kialakul\u00e1s\u00e1ra, amely v\u00e9di a baba b\u0151r\u00e9t<\/span><\/strong><br \/>\n<strong><span style=\"color: #282828;\">\u2022 A puha pamut huzat levehet\u0151 \u00e9s 30\u201340 fokon moshat\u00f3.<\/span><\/strong><br \/>\n<strong><span style=\"color: #282828;\">\u2022 A kb. 2,5 cm-es vastags\u00e1g stabil tart\u00e1st \u00e9s k\u00e9nyelmet biztos\u00edt gyermek\u00e9nek b\u00e1rmilyen terepen t\u00f6rt\u00e9n\u0151 haszn\u00e1lat k\u00f6zben<\/span><\/strong><br \/>\n<strong><span style=\"color: #282828;\">\u2022M\u00e9retek: 73 x 35 x 2,5 cm<\/span><\/strong><\/p>\n<p style=\"text-align: justify;\"><strong><span style=\"color: #282828;\"><a style=\"color: #282828;\" href=\"http:\/\/forbabyboss.com\/wp-content\/uploads\/2022\/09\/Baby-Buggy-Pram-Lightweight-Folding-3-in-1-Travel-System-Pushchair-Isofix-Base-Black-Gold-frame_1.png\"><img loading=\"lazy\" decoding=\"async\" class=\"alignnone size-full wp-image-5240\" src=\"http:\/\/forbabyboss.com\/wp-content\/uploads\/2022\/09\/Baby-Buggy-Pram-Lightweight-Folding-3-in-1-Travel-System-Pushchair-Isofix-Base-Black-Gold-frame_1.png\" alt=\"\" width=\"1600\" height=\"1233\" srcset=\"https:\/\/forbabyboss.com\/wp-content\/uploads\/2022\/09\/Baby-Buggy-Pram-Lightweight-Folding-3-in-1-Travel-System-Pushchair-Isofix-Base-Black-Gold-frame_1.png 1600w, https:\/\/forbabyboss.com\/wp-content\/uploads\/2022\/09\/Baby-Buggy-Pram-Lightweight-Folding-3-in-1-Travel-System-Pushchair-Isofix-Base-Black-Gold-frame_1-519x400.png 519w, https:\/\/forbabyboss.com\/wp-content\/uploads\/2022\/09\/Baby-Buggy-Pram-Lightweight-Folding-3-in-1-Travel-System-Pushchair-Isofix-Base-Black-Gold-frame_1-1038x800.png 1038w, https:\/\/forbabyboss.com\/wp-content\/uploads\/2022\/09\/Baby-Buggy-Pram-Lightweight-Folding-3-in-1-Travel-System-Pushchair-Isofix-Base-Black-Gold-frame_1-768x592.png 768w, https:\/\/forbabyboss.com\/wp-content\/uploads\/2022\/09\/Baby-Buggy-Pram-Lightweight-Folding-3-in-1-Travel-System-Pushchair-Isofix-Base-Black-Gold-frame_1-1536x1184.png 1536w, https:\/\/forbabyboss.com\/wp-content\/uploads\/2022\/09\/Baby-Buggy-Pram-Lightweight-Folding-3-in-1-Travel-System-Pushchair-Isofix-Base-Black-Gold-frame_1-600x462.png 600w\" sizes=\"auto, (max-width: 1600px) 100vw, 1600px\" \/><\/a><\/span><\/strong><\/p>\n<p>&nbsp;<\/p>\n<p><strong><a href=\"http:\/\/forbabyboss.com\/wp-content\/uploads\/2022\/09\/checkout.png\"><img loading=\"lazy\" decoding=\"async\" class=\"alignnone wp-image-5965\" src=\"http:\/\/forbabyboss.com\/wp-content\/uploads\/2022\/09\/checkout.png\" alt=\"\" width=\"1038\" height=\"382\" srcset=\"https:\/\/forbabyboss.com\/wp-content\/uploads\/2022\/09\/checkout.png 750w, https:\/\/forbabyboss.com\/wp-content\/uploads\/2022\/09\/checkout-600x221.png 600w\" sizes=\"auto, (max-width: 1038px) 100vw, 1038px\" \/><\/a><\/strong><\/p>\n<p style=\"text-align: justify;\">","protected":false},"excerpt":{"rendered":"<p><a href=\"http:\/\/forbabyboss.com\/wp-content\/uploads\/2022\/09\/Star-Rating-5.png\"><img loading=\"lazy\" decoding=\"async\" class=\"alignnone size-full wp-image-5973 aligncenter\" src=\"http:\/\/forbabyboss.com\/wp-content\/uploads\/2022\/09\/Star-Rating-5.png\" alt=\"\" width=\"275\" height=\"45\" \/><\/a><\/p>\n<p style=\"text-align: center;\"><span style=\"color: #ed1c24; font-size: 120%;\"><b>\u00c1RGARANCIA<\/b><\/span><\/p>\n<p style=\"text-align: center;\"><span style=\"font-size: 115%;\"><span style=\"font-weight: 400; color: #4f4fa7;\">Ingyenes kisz\u00e1ll\u00edt\u00e1s<\/span><span style=\"font-weight: 400;\"> \u2013 2 \u2013 7 nap<\/span><\/span><\/p>\n<p style=\"text-align: center;\"><strong><span style=\"color: #29606b;\">Ingyenes aj\u00e1nd\u00e9k 100 font feletti v\u00e1s\u00e1rl\u00e1s eset\u00e9n<\/span><\/strong><\/p>","protected":false},"featured_media":5275,"template":"","meta":[],"product_brand":[577],"product_cat":[339,156,305,244,303,130,221,211],"product_tag":[163,171],"class_list":{"0":"post-5274","1":"product","2":"type-product","3":"status-publish","4":"has-post-thumbnail","6":"product_brand-kunert","7":"product_cat-700-to-800","8":"product_cat-3-in-1","9":"product_cat-colour","10":"product_cat-green","11":"product_cat-pattern","12":"product_cat-prams","13":"product_cat-silver-colour","14":"product_cat-stroller","15":"product_tag-3-in-1-prams","16":"product_tag-pram","18":"first","19":"instock","20":"sale","21":"shipping-taxable","22":"purchasable","23":"product-type-simple"},"yoast_head":"<!-- This site is optimized with the Yoast SEO plugin v27.5 - https:\/\/yoast.com\/product\/yoast-seo-wordpress\/ -->\n<title>Baby Pram 3in1 Lightweight Travel System Pushchair Isofix base in green silver frame - For Baby Boss<\/title>\n<meta name=\"description\" content=\"Baby Pram 3in1 Lightweight Travel System Pushchair Isofix base in green silver frame\" \/>\n<meta name=\"robots\" content=\"index, follow, max-snippet:-1, max-image-preview:large, max-video-preview:-1\" \/>\n<link rel=\"canonical\" href=\"https:\/\/forbabyboss.com\/hu\/termek\/3-az-1-ben-konnyu-utazorendszeru-babakocsi-isofix-talppal-zold-ezust-kerettel\/\" \/>\n<meta property=\"og:locale\" content=\"hu_HU\" \/>\n<meta property=\"og:type\" content=\"article\" \/>\n<meta property=\"og:title\" content=\"Baby Pram 3in1 Lightweight Travel System Pushchair Isofix base in green silver frame - For Baby Boss\" \/>\n<meta property=\"og:description\" content=\"Baby Pram 3in1 Lightweight Travel System Pushchair Isofix base in green silver frame\" \/>\n<meta property=\"og:url\" content=\"https:\/\/forbabyboss.com\/hu\/termek\/3-az-1-ben-konnyu-utazorendszeru-babakocsi-isofix-talppal-zold-ezust-kerettel\/\" \/>\n<meta property=\"og:site_name\" content=\"For Baby Boss\" \/>\n<meta property=\"article:modified_time\" content=\"2026-02-21T12:35:18+00:00\" \/>\n<meta property=\"og:image\" content=\"https:\/\/forbabyboss.com\/wp-content\/uploads\/2022\/09\/Baby-Buggy-Pram-Lightweight-Folding-3-in-1-Travel-System-Pushchair-Isofix-Base-Green-Silver-Frame.png\" \/>\n\t<meta property=\"og:image:width\" content=\"1309\" \/>\n\t<meta property=\"og:image:height\" content=\"900\" \/>\n\t<meta property=\"og:image:type\" content=\"image\/png\" \/>\n<meta name=\"twitter:card\" content=\"summary_large_image\" \/>\n<meta name=\"twitter:label1\" content=\"Becs\u00fclt olvas\u00e1si id\u0151\" \/>\n\t<meta name=\"twitter:data1\" content=\"3 perc\" \/>\n<script type=\"application\/ld+json\" class=\"yoast-schema-graph\">{\"@context\":\"https:\\\/\\\/schema.org\",\"@graph\":[{\"@type\":\"WebPage\",\"@id\":\"https:\\\/\\\/forbabyboss.com\\\/product\\\/baby-pram-3in1-lightweight-travel-system-pushchair-isofix-base-in-green-silver-frame\\\/\",\"url\":\"https:\\\/\\\/forbabyboss.com\\\/product\\\/baby-pram-3in1-lightweight-travel-system-pushchair-isofix-base-in-green-silver-frame\\\/\",\"name\":\"Baby Pram 3in1 Lightweight Travel System Pushchair Isofix base in green silver frame - For Baby Boss\",\"isPartOf\":{\"@id\":\"https:\\\/\\\/powderblue-seahorse-496884.hostingersite.com\\\/#website\"},\"primaryImageOfPage\":{\"@id\":\"https:\\\/\\\/forbabyboss.com\\\/product\\\/baby-pram-3in1-lightweight-travel-system-pushchair-isofix-base-in-green-silver-frame\\\/#primaryimage\"},\"image\":{\"@id\":\"https:\\\/\\\/forbabyboss.com\\\/product\\\/baby-pram-3in1-lightweight-travel-system-pushchair-isofix-base-in-green-silver-frame\\\/#primaryimage\"},\"thumbnailUrl\":\"https:\\\/\\\/forbabyboss.com\\\/wp-content\\\/uploads\\\/2022\\\/09\\\/Baby-Buggy-Pram-Lightweight-Folding-3-in-1-Travel-System-Pushchair-Isofix-Base-Green-Silver-Frame.png\",\"datePublished\":\"2022-09-11T15:58:01+00:00\",\"dateModified\":\"2026-02-21T12:35:18+00:00\",\"description\":\"Baby Pram 3in1 Lightweight Travel System Pushchair Isofix base in green silver frame\",\"breadcrumb\":{\"@id\":\"https:\\\/\\\/forbabyboss.com\\\/product\\\/baby-pram-3in1-lightweight-travel-system-pushchair-isofix-base-in-green-silver-frame\\\/#breadcrumb\"},\"inLanguage\":\"hu\",\"potentialAction\":[{\"@type\":\"ReadAction\",\"target\":[\"https:\\\/\\\/forbabyboss.com\\\/product\\\/baby-pram-3in1-lightweight-travel-system-pushchair-isofix-base-in-green-silver-frame\\\/\"]}]},{\"@type\":\"ImageObject\",\"inLanguage\":\"hu\",\"@id\":\"https:\\\/\\\/forbabyboss.com\\\/product\\\/baby-pram-3in1-lightweight-travel-system-pushchair-isofix-base-in-green-silver-frame\\\/#primaryimage\",\"url\":\"https:\\\/\\\/forbabyboss.com\\\/wp-content\\\/uploads\\\/2022\\\/09\\\/Baby-Buggy-Pram-Lightweight-Folding-3-in-1-Travel-System-Pushchair-Isofix-Base-Green-Silver-Frame.png\",\"contentUrl\":\"https:\\\/\\\/forbabyboss.com\\\/wp-content\\\/uploads\\\/2022\\\/09\\\/Baby-Buggy-Pram-Lightweight-Folding-3-in-1-Travel-System-Pushchair-Isofix-Base-Green-Silver-Frame.png\",\"width\":1309,\"height\":900},{\"@type\":\"BreadcrumbList\",\"@id\":\"https:\\\/\\\/forbabyboss.com\\\/product\\\/baby-pram-3in1-lightweight-travel-system-pushchair-isofix-base-in-green-silver-frame\\\/#breadcrumb\",\"itemListElement\":[{\"@type\":\"ListItem\",\"position\":1,\"name\":\"Home\",\"item\":\"https:\\\/\\\/forbabyboss.com\\\/\"},{\"@type\":\"ListItem\",\"position\":2,\"name\":\"Shop\",\"item\":\"https:\\\/\\\/forbabyboss.com\\\/shop\\\/\"},{\"@type\":\"ListItem\",\"position\":3,\"name\":\"Baby Pram 3in1 Lightweight Travel System Pushchair Isofix base in green silver frame\"}]},{\"@type\":\"WebSite\",\"@id\":\"https:\\\/\\\/powderblue-seahorse-496884.hostingersite.com\\\/#website\",\"url\":\"https:\\\/\\\/powderblue-seahorse-496884.hostingersite.com\\\/\",\"name\":\"For Baby Boss\",\"description\":\"Beautiful gifts and accessories for your baby boss\",\"potentialAction\":[{\"@type\":\"SearchAction\",\"target\":{\"@type\":\"EntryPoint\",\"urlTemplate\":\"https:\\\/\\\/powderblue-seahorse-496884.hostingersite.com\\\/?s={search_term_string}\"},\"query-input\":{\"@type\":\"PropertyValueSpecification\",\"valueRequired\":true,\"valueName\":\"search_term_string\"}}],\"inLanguage\":\"hu\"}]}<\/script>\n<!-- \/ Yoast SEO plugin. -->","yoast_head_json":{"title":"3 az 1-ben k\u00f6nny\u0171 utaz\u00f3rendszer\u0171 babakocsi Isofix talppal, z\u00f6ld-ez\u00fcst keretben - Baby Boss-hoz","description":"3 az 1-ben k\u00f6nny\u0171 utaz\u00f3rendszer\u0171 babakocsi Isofix talppal, z\u00f6ld-ez\u00fcst keretben","robots":{"index":"index","follow":"follow","max-snippet":"max-snippet:-1","max-image-preview":"max-image-preview:large","max-video-preview":"max-video-preview:-1"},"canonical":"https:\/\/forbabyboss.com\/hu\/termek\/3-az-1-ben-konnyu-utazorendszeru-babakocsi-isofix-talppal-zold-ezust-kerettel\/","og_locale":"hu_HU","og_type":"article","og_title":"Baby Pram 3in1 Lightweight Travel System Pushchair Isofix base in green silver frame - For Baby Boss","og_description":"Baby Pram 3in1 Lightweight Travel System Pushchair Isofix base in green silver frame","og_url":"https:\/\/forbabyboss.com\/hu\/termek\/3-az-1-ben-konnyu-utazorendszeru-babakocsi-isofix-talppal-zold-ezust-kerettel\/","og_site_name":"For Baby Boss","article_modified_time":"2026-02-21T12:35:18+00:00","og_image":[{"width":1309,"height":900,"url":"https:\/\/forbabyboss.com\/wp-content\/uploads\/2022\/09\/Baby-Buggy-Pram-Lightweight-Folding-3-in-1-Travel-System-Pushchair-Isofix-Base-Green-Silver-Frame.png","type":"image\/png"}],"twitter_card":"summary_large_image","twitter_misc":{"Becs\u00fclt olvas\u00e1si id\u0151":"3 perc"},"schema":{"@context":"https:\/\/schema.org","@graph":[{"@type":"WebPage","@id":"https:\/\/forbabyboss.com\/product\/baby-pram-3in1-lightweight-travel-system-pushchair-isofix-base-in-green-silver-frame\/","url":"https:\/\/forbabyboss.com\/product\/baby-pram-3in1-lightweight-travel-system-pushchair-isofix-base-in-green-silver-frame\/","name":"3 az 1-ben k\u00f6nny\u0171 utaz\u00f3rendszer\u0171 babakocsi Isofix talppal, z\u00f6ld-ez\u00fcst keretben - Baby Boss-hoz","isPartOf":{"@id":"https:\/\/powderblue-seahorse-496884.hostingersite.com\/#website"},"primaryImageOfPage":{"@id":"https:\/\/forbabyboss.com\/product\/baby-pram-3in1-lightweight-travel-system-pushchair-isofix-base-in-green-silver-frame\/#primaryimage"},"image":{"@id":"https:\/\/forbabyboss.com\/product\/baby-pram-3in1-lightweight-travel-system-pushchair-isofix-base-in-green-silver-frame\/#primaryimage"},"thumbnailUrl":"https:\/\/forbabyboss.com\/wp-content\/uploads\/2022\/09\/Baby-Buggy-Pram-Lightweight-Folding-3-in-1-Travel-System-Pushchair-Isofix-Base-Green-Silver-Frame.png","datePublished":"2022-09-11T15:58:01+00:00","dateModified":"2026-02-21T12:35:18+00:00","description":"3 az 1-ben k\u00f6nny\u0171 utaz\u00f3rendszer\u0171 babakocsi Isofix talppal, z\u00f6ld-ez\u00fcst keretben","breadcrumb":{"@id":"https:\/\/forbabyboss.com\/product\/baby-pram-3in1-lightweight-travel-system-pushchair-isofix-base-in-green-silver-frame\/#breadcrumb"},"inLanguage":"hu","potentialAction":[{"@type":"ReadAction","target":["https:\/\/forbabyboss.com\/product\/baby-pram-3in1-lightweight-travel-system-pushchair-isofix-base-in-green-silver-frame\/"]}]},{"@type":"ImageObject","inLanguage":"hu","@id":"https:\/\/forbabyboss.com\/product\/baby-pram-3in1-lightweight-travel-system-pushchair-isofix-base-in-green-silver-frame\/#primaryimage","url":"https:\/\/forbabyboss.com\/wp-content\/uploads\/2022\/09\/Baby-Buggy-Pram-Lightweight-Folding-3-in-1-Travel-System-Pushchair-Isofix-Base-Green-Silver-Frame.png","contentUrl":"https:\/\/forbabyboss.com\/wp-content\/uploads\/2022\/09\/Baby-Buggy-Pram-Lightweight-Folding-3-in-1-Travel-System-Pushchair-Isofix-Base-Green-Silver-Frame.png","width":1309,"height":900},{"@type":"BreadcrumbList","@id":"https:\/\/forbabyboss.com\/product\/baby-pram-3in1-lightweight-travel-system-pushchair-isofix-base-in-green-silver-frame\/#breadcrumb","itemListElement":[{"@type":"ListItem","position":1,"name":"Home","item":"https:\/\/forbabyboss.com\/"},{"@type":"ListItem","position":2,"name":"Shop","item":"https:\/\/forbabyboss.com\/shop\/"},{"@type":"ListItem","position":3,"name":"Baby Pram 3in1 Lightweight Travel System Pushchair Isofix base in green silver frame"}]},{"@type":"WebSite","@id":"https:\/\/powderblue-seahorse-496884.hostingersite.com\/#website","url":"https:\/\/powderblue-seahorse-496884.hostingersite.com\/","name":"A Baby Boss sz\u00e1m\u00e1ra","description":"Gy\u00f6ny\u00f6r\u0171 aj\u00e1nd\u00e9kok \u00e9s kieg\u00e9sz\u00edt\u0151k a baba f\u0151n\u00f6k\u00e9nek","potentialAction":[{"@type":"SearchAction","target":{"@type":"EntryPoint","urlTemplate":"https:\/\/powderblue-seahorse-496884.hostingersite.com\/?s={search_term_string}"},"query-input":{"@type":"PropertyValueSpecification","valueRequired":true,"valueName":"search_term_string"}}],"inLanguage":"hu"}]}},"_links":{"self":[{"href":"https:\/\/forbabyboss.com\/hu\/wp-json\/wp\/v2\/product\/5274","targetHints":{"allow":["GET"]}}],"collection":[{"href":"https:\/\/forbabyboss.com\/hu\/wp-json\/wp\/v2\/product"}],"about":[{"href":"https:\/\/forbabyboss.com\/hu\/wp-json\/wp\/v2\/types\/product"}],"wp:featuredmedia":[{"embeddable":true,"href":"https:\/\/forbabyboss.com\/hu\/wp-json\/wp\/v2\/media\/5275"}],"wp:attachment":[{"href":"https:\/\/forbabyboss.com\/hu\/wp-json\/wp\/v2\/media?parent=5274"}],"wp:term":[{"taxonomy":"product_brand","embeddable":true,"href":"https:\/\/forbabyboss.com\/hu\/wp-json\/wp\/v2\/product_brand?post=5274"},{"taxonomy":"product_cat","embeddable":true,"href":"https:\/\/forbabyboss.com\/hu\/wp-json\/wp\/v2\/product_cat?post=5274"},{"taxonomy":"product_tag","embeddable":true,"href":"https:\/\/forbabyboss.com\/hu\/wp-json\/wp\/v2\/product_tag?post=5274"}],"curies":[{"name":"wp","href":"https:\/\/api.w.org\/{rel}","templated":true}]}}