{"id":5425,"date":"2022-09-13T10:28:39","date_gmt":"2022-09-13T10:28:39","guid":{"rendered":"http:\/\/forbabyboss.com\/?post_type=product&#038;p=5425"},"modified":"2026-02-21T12:04:55","modified_gmt":"2026-02-21T12:04:55","slug":"babakocsi-szuletestol-babakocsi-3-az-1-ben-utazorendszer-fiuknak-es-lanyoknak-isofix-talppal-piros-tulipanokkal-fekete-vazzal","status":"publish","type":"product","link":"https:\/\/forbabyboss.com\/hu\/product\/baby-pram-from-birth-pushchair-buggy-3-in1-travel-system-boys-girls-isofix-base-red-tulips-black-frame\/","title":{"rendered":"Babakocsi sz\u00fclet\u00e9st\u0151l, babakocsi 3 az 1-ben utaz\u00f3rendszerrel, fi\u00faknak \u00e9s l\u00e1nyoknak, ISOFIX talppal - piros tulip\u00e1nok \u2013 fekete v\u00e1zzal"},"content":{"rendered":"<p style=\"text-align: justify;\">Ez a babakocsi t\u00f6k\u00e9letes azok sz\u00e1m\u00e1ra, akik sz\u00e9ps\u00e9get \u00e9s kiv\u00e9teles els\u0151 gurul\u00f3s babakocsit keresnek kicsiiknek.<br \/>\nAz Optimal egy funkcion\u00e1lis, biztons\u00e1gos \u00e9s sz\u00ednes babakocsi kollekci\u00f3.<br \/>\nA foganty\u00fa \u00f6ko-b\u0151rrel van bevonva, amely nagyon puha tapint\u00e1s\u00fa.<br \/>\nEnnek a babakocsinak egy m\u00e1sik el\u0151nye a k\u00e9nyelmes, j\u00f3l rug\u00f3zott v\u00e1z, amely rendk\u00edv\u00fcl k\u00f6nnyen haszn\u00e1lhat\u00f3.<br \/>\nMaga a babakocsi nagyon k\u00f6nny\u0171, sz\u00e9pen vezethet\u0151.<br \/>\nA k\u00f6nny\u0171 \u00f6sszeszerel\u00e9si rendszert minden anya \u00e9s apa \u00e9rt\u00e9kelni fogja.<br \/>\nA babakocsi kompakt, \u00edgy nem lesz gondod a sz\u0171k \u00e1tj\u00e1r\u00f3kban val\u00f3 mozg\u00e1ssal.<br \/>\nSzeretn\u00e9nk felh\u00edvni a figyelmet a gondola k\u00edv\u00fclr\u0151l t\u00f6rt\u00e9n\u0151 be\u00e1ll\u00edt\u00e1s\u00e1nak lehet\u0151s\u00e9g\u00e9re \u00e9s a kerekekben tal\u00e1lhat\u00f3 felf\u00fcggeszt\u00e9si rendszerre.<br \/>\nA babakocsi k\u00e1rpitoz\u00e1sa a legmagasabb min\u0151s\u00e9g\u0171, impregn\u00e1lt, gyermekbar\u00e1t anyagokb\u00f3l k\u00e9sz\u00fclt.<br \/>\nA gondola belseje hipoallerg\u00e9n pamutanyaggal van kit\u00f6ltve.<br \/>\nA k\u00e1rpitoz\u00e1s mos\u00e1shoz levehet\u0151.<\/p>\n<p style=\"text-align: justify;\">b\u0151r foganty\u00faval ell\u00e1tott keret,<br \/>\ngondola \u00f6ko-b\u0151r foganty\u00faval<br \/>\nbabakocsi rendszer<br \/>\naut\u00f3s\u00fcl\u00e9s adapterek a v\u00e1zra val\u00f3 r\u00f6gz\u00edt\u00e9shez<br \/>\nnagy zs\u00e1k<br \/>\ndefektt\u0171r\u0151 g\u00e9l kerekek<br \/>\nf\u00fclke \u00e9s szigetelt l\u00e1bv\u00e9d\u0151 a babakocsi opci\u00f3hoz<br \/>\nF\u00fclke \u00e9s tet\u0151 a gondol\u00e1hoz<br \/>\nf\u00fclke \u00e9s l\u00e1bv\u00e9d\u0151 az aut\u00f3s\u00fcl\u00e9shez<br \/>\nmatrac babakocsihoz<\/p>\n<h3><strong>Babakocsi:<\/strong><\/h3>\n<ul>\n<li>\u00c1ll\u00edthat\u00f3 kapucni \/ Luxus b\u00e9l\u00e9s \/ Hordoz\u00f3foganty\u00fa \/ Levehet\u0151 l\u00f6kh\u00e1r\u00edt\u00f3<\/li>\n<li>B\u00e1r<\/li>\n<li>A bels\u0151 r\u00e9sz gyerekbar\u00e1t, hipoallerg\u00e9n, l\u00e9g\u00e1tereszt\u0151 pamutb\u00f3l k\u00e9sz\u00fclt<\/li>\n<li>Z\u00e1rolhat\u00f3, 360\u00b0-ban elforgathat\u00f3, felf\u00fajhat\u00f3 els\u0151 kerekek csap\u00e1gyakkal,<br \/>\nk\u00f6zponti f\u00e9k \u201cstop &amp; go\u201d;<\/li>\n<li>Eldobhat\u00f3 kapucni a jobb \u00e1rny\u00e9kol\u00e1sv\u00e9delem\u00e9rt az \u00fcl\u0151r\u00e9szben;<br \/>\n4 ponton \u00e1ll\u00edthat\u00f3 h\u00e1tt\u00e1ml\u00e1val ell\u00e1tott m\u00f3zeskos\u00e1r<br \/>\nszell\u0151z\u0151 m\u00f3zeskos\u00e1r \u00e9s \u00fcl\u00e9stet\u0151;<\/li>\n<li>4 ponton \u00e1ll\u00edthat\u00f3, \u00f6kol\u00f3gikus b\u0151rrel bevont foganty\u00fa;<br \/>\nel\u0151re \u00e9s h\u00e1trafel\u00e9 n\u00e9z\u0151 rendszer,<\/li>\n<\/ul>\n<h2><strong>M\u00e9retek:<\/strong><\/h2>\n<ul>\n<li style=\"text-align: justify;\">M\u00f3zeskos\u00e1r<\/li>\n<li style=\"text-align: justify;\">s\u00faly \u2013 4,2 kg<\/li>\n<li style=\"text-align: justify;\">A babakocsi teljes s\u00falya \u2013 14 kg<\/li>\n<li style=\"text-align: justify;\">v\u00e1z m\u00f3zeskos\u00e1rral: Ma. 126 cm x Sz. 59,5 cm x H. 100 cm<\/li>\n<li style=\"text-align: justify;\">Bels\u0151 m\u00e9retek: Sz. 36 cm x H. 91 cm x M\u00e9. 21 cm<\/li>\n<\/ul>\n<h3 style=\"text-align: justify;\"><strong>Babakocsi:<\/strong><\/h3>\n<ul>\n<li style=\"text-align: justify;\">v\u00e1z kerekekkel: 13,7 kg<\/li>\n<li style=\"text-align: justify;\">Babakocsi m\u00e9retei: Ma. 114 cm x Sz. 59,5 cm x H. 90 cm<\/li>\n<\/ul>\n<h3 style=\"text-align: justify;\"><strong>Aut\u00f3s\u00fcl\u00e9s:<\/strong><\/h3>\n<ul>\n<li style=\"text-align: justify;\">S\u00faly: 4,8 kg<\/li>\n<li style=\"text-align: justify;\">aut\u00f3s\u00fcl\u00e9s v\u00e1zzal \u00e9s kerekekkel: 14,8 kg<\/li>\n<li style=\"text-align: justify;\">v\u00e1z aut\u00f3s\u00fcl\u00e9ssel: Ma. 108 cm x Sz. 63 cm x H. 84 cm<\/li>\n<\/ul>\n<h4 style=\"text-align: justify;\"><strong>Keret:<\/strong><\/h4>\n<ul>\n<li style=\"text-align: justify;\">v\u00e1z kerekekkel: 9,8 kg<\/li>\n<li style=\"text-align: justify;\">Kerekek \u00e1tm\u00e9r\u0151je: el\u00f6l 25 cm, h\u00e1tul 31 cm<\/li>\n<\/ul>\n<h4 style=\"text-align: justify;\"><strong>K\u00e9nyelmes aut\u00f3s\u00fcl\u00e9s:<\/strong><\/h4>\n<ul>\n<li style=\"text-align: justify;\">0-10 kg-os csoport:<\/li>\n<li style=\"text-align: justify;\">Az adapter seg\u00edts\u00e9g\u00e9vel r\u00f6gz\u00edthet\u0151 a kocsihoz<\/li>\n<li style=\"text-align: justify;\">3 pontos biztons\u00e1gi \u00f6v<\/li>\n<li style=\"text-align: justify;\">\u00c1ll\u00edthat\u00f3 foganty\u00fa a hordoz\u00e1shoz<\/li>\n<li style=\"text-align: justify;\">Levehet\u0151 fed\u00e9l<\/li>\n<li style=\"text-align: justify;\">Magass\u00e1gban \u00e1ll\u00edthat\u00f3 biztons\u00e1gi \u00f6vek<\/li>\n<li style=\"text-align: justify;\">El\u0151re vagy h\u00e1trafel\u00e9 n\u00e9z\u0151 m\u00f3d<\/li>\n<\/ul>\n<p style=\"text-align: justify;\"><a href=\"http:\/\/forbabyboss.com\/wp-content\/uploads\/2022\/09\/checkout.png\"><img loading=\"lazy\" decoding=\"async\" class=\"alignnone size-full wp-image-5965\" src=\"http:\/\/forbabyboss.com\/wp-content\/uploads\/2022\/09\/checkout.png\" alt=\"\" width=\"750\" height=\"276\" srcset=\"https:\/\/forbabyboss.com\/wp-content\/uploads\/2022\/09\/checkout.png 750w, https:\/\/forbabyboss.com\/wp-content\/uploads\/2022\/09\/checkout-600x221.png 600w\" sizes=\"auto, (max-width: 750px) 100vw, 750px\" \/><\/a><\/p>","protected":false},"excerpt":{"rendered":"<p><a href=\"http:\/\/forbabyboss.com\/wp-content\/uploads\/2022\/09\/Star-Rating-5.png\"><img loading=\"lazy\" decoding=\"async\" class=\"alignnone size-full wp-image-5973 aligncenter\" src=\"http:\/\/forbabyboss.com\/wp-content\/uploads\/2022\/09\/Star-Rating-5.png\" alt=\"\" width=\"275\" height=\"45\" \/><\/a><\/p>\n<p style=\"text-align: center;\"><span style=\"color: #ed1c24; font-size: 120%;\"><b>\u00c1RGARANCIA<\/b><\/span><\/p>\n<p style=\"text-align: center;\"><span style=\"font-size: 115%;\"><span style=\"font-weight: 400; color: #4f4fa7;\">Ingyenes kisz\u00e1ll\u00edt\u00e1s<\/span><span style=\"font-weight: 400;\"> \u2013 2 \u2013 7 nap<\/span><\/span><\/p>\n<p style=\"text-align: center;\"><strong><span style=\"color: #29606b;\">Ingyenes aj\u00e1nd\u00e9k 100 font feletti v\u00e1s\u00e1rl\u00e1s eset\u00e9n<\/span><\/strong><\/p>","protected":false},"featured_media":5426,"template":"","meta":[],"product_brand":[370],"product_cat":[338,339,156,207,305,303,130,209,314,211],"product_tag":[163,199],"class_list":{"0":"post-5425","1":"product","2":"type-product","3":"status-publish","4":"has-post-thumbnail","6":"product_brand-babylux","7":"product_cat-600-to-700","8":"product_cat-700-to-800","9":"product_cat-3-in-1","10":"product_cat-black","11":"product_cat-colour","12":"product_cat-pattern","13":"product_cat-prams","14":"product_cat-push-chairs","15":"product_cat-red","16":"product_cat-stroller","17":"product_tag-3-in-1-prams","18":"product_tag-prams","20":"first","21":"instock","22":"sale","23":"shipping-taxable","24":"purchasable","25":"product-type-simple"},"yoast_head":"<!-- This site is optimized with the Yoast SEO plugin v27.5 - https:\/\/yoast.com\/product\/yoast-seo-wordpress\/ -->\n<title>Baby Pram From Birth Pushchair Buggy 3 in1 Travel System Boys Girls ISOFIX BASE -Red Tulips - black frame - For Baby Boss<\/title>\n<meta name=\"description\" content=\"Baby Pram From Birth Pushchair Buggy 3 in1 Travel System Boys Girls ISOFIX BASE -Red Tulips - black frame\" \/>\n<meta name=\"robots\" content=\"index, follow, max-snippet:-1, max-image-preview:large, max-video-preview:-1\" \/>\n<link rel=\"canonical\" href=\"https:\/\/forbabyboss.com\/hu\/termek\/babakocsi-szuletestol-babakocsi-3-az-1-ben-utazorendszer-fiuknak-es-lanyoknak-isofix-talppal-piros-tulipanokkal-fekete-vazzal\/\" \/>\n<meta property=\"og:locale\" content=\"hu_HU\" \/>\n<meta property=\"og:type\" content=\"article\" \/>\n<meta property=\"og:title\" content=\"Baby Pram From Birth Pushchair Buggy 3 in1 Travel System Boys Girls ISOFIX BASE -Red Tulips - black frame - For Baby Boss\" \/>\n<meta property=\"og:description\" content=\"Baby Pram From Birth Pushchair Buggy 3 in1 Travel System Boys Girls ISOFIX BASE -Red Tulips - black frame\" \/>\n<meta property=\"og:url\" content=\"https:\/\/forbabyboss.com\/hu\/termek\/babakocsi-szuletestol-babakocsi-3-az-1-ben-utazorendszer-fiuknak-es-lanyoknak-isofix-talppal-piros-tulipanokkal-fekete-vazzal\/\" \/>\n<meta property=\"og:site_name\" content=\"For Baby Boss\" \/>\n<meta property=\"article:modified_time\" content=\"2026-02-21T12:04:55+00:00\" \/>\n<meta property=\"og:image\" content=\"https:\/\/forbabyboss.com\/wp-content\/uploads\/2022\/09\/Baby-Pram-From-Birth-Pushchair-Buggy-3-in1-Travel-System-Boys-Girls-ISOFIX-BASE-Red-Tulips-black-frame-main.png\" \/>\n\t<meta property=\"og:image:width\" content=\"1600\" \/>\n\t<meta property=\"og:image:height\" content=\"1156\" \/>\n\t<meta property=\"og:image:type\" content=\"image\/png\" \/>\n<meta name=\"twitter:card\" content=\"summary_large_image\" \/>\n<meta name=\"twitter:label1\" content=\"Becs\u00fclt olvas\u00e1si id\u0151\" \/>\n\t<meta name=\"twitter:data1\" content=\"2 perc\" \/>\n<script type=\"application\/ld+json\" class=\"yoast-schema-graph\">{\"@context\":\"https:\\\/\\\/schema.org\",\"@graph\":[{\"@type\":\"WebPage\",\"@id\":\"https:\\\/\\\/forbabyboss.com\\\/product\\\/baby-pram-from-birth-pushchair-buggy-3-in1-travel-system-boys-girls-isofix-base-red-tulips-black-frame\\\/\",\"url\":\"https:\\\/\\\/forbabyboss.com\\\/product\\\/baby-pram-from-birth-pushchair-buggy-3-in1-travel-system-boys-girls-isofix-base-red-tulips-black-frame\\\/\",\"name\":\"Baby Pram From Birth Pushchair Buggy 3 in1 Travel System Boys Girls ISOFIX BASE -Red Tulips - black frame - For Baby Boss\",\"isPartOf\":{\"@id\":\"https:\\\/\\\/powderblue-seahorse-496884.hostingersite.com\\\/#website\"},\"primaryImageOfPage\":{\"@id\":\"https:\\\/\\\/forbabyboss.com\\\/product\\\/baby-pram-from-birth-pushchair-buggy-3-in1-travel-system-boys-girls-isofix-base-red-tulips-black-frame\\\/#primaryimage\"},\"image\":{\"@id\":\"https:\\\/\\\/forbabyboss.com\\\/product\\\/baby-pram-from-birth-pushchair-buggy-3-in1-travel-system-boys-girls-isofix-base-red-tulips-black-frame\\\/#primaryimage\"},\"thumbnailUrl\":\"https:\\\/\\\/forbabyboss.com\\\/wp-content\\\/uploads\\\/2022\\\/09\\\/Baby-Pram-From-Birth-Pushchair-Buggy-3-in1-Travel-System-Boys-Girls-ISOFIX-BASE-Red-Tulips-black-frame-main.png\",\"datePublished\":\"2022-09-13T10:28:39+00:00\",\"dateModified\":\"2026-02-21T12:04:55+00:00\",\"description\":\"Baby Pram From Birth Pushchair Buggy 3 in1 Travel System Boys Girls ISOFIX BASE -Red Tulips - black frame\",\"breadcrumb\":{\"@id\":\"https:\\\/\\\/forbabyboss.com\\\/product\\\/baby-pram-from-birth-pushchair-buggy-3-in1-travel-system-boys-girls-isofix-base-red-tulips-black-frame\\\/#breadcrumb\"},\"inLanguage\":\"hu\",\"potentialAction\":[{\"@type\":\"ReadAction\",\"target\":[\"https:\\\/\\\/forbabyboss.com\\\/product\\\/baby-pram-from-birth-pushchair-buggy-3-in1-travel-system-boys-girls-isofix-base-red-tulips-black-frame\\\/\"]}]},{\"@type\":\"ImageObject\",\"inLanguage\":\"hu\",\"@id\":\"https:\\\/\\\/forbabyboss.com\\\/product\\\/baby-pram-from-birth-pushchair-buggy-3-in1-travel-system-boys-girls-isofix-base-red-tulips-black-frame\\\/#primaryimage\",\"url\":\"https:\\\/\\\/forbabyboss.com\\\/wp-content\\\/uploads\\\/2022\\\/09\\\/Baby-Pram-From-Birth-Pushchair-Buggy-3-in1-Travel-System-Boys-Girls-ISOFIX-BASE-Red-Tulips-black-frame-main.png\",\"contentUrl\":\"https:\\\/\\\/forbabyboss.com\\\/wp-content\\\/uploads\\\/2022\\\/09\\\/Baby-Pram-From-Birth-Pushchair-Buggy-3-in1-Travel-System-Boys-Girls-ISOFIX-BASE-Red-Tulips-black-frame-main.png\",\"width\":1600,\"height\":1156},{\"@type\":\"BreadcrumbList\",\"@id\":\"https:\\\/\\\/forbabyboss.com\\\/product\\\/baby-pram-from-birth-pushchair-buggy-3-in1-travel-system-boys-girls-isofix-base-red-tulips-black-frame\\\/#breadcrumb\",\"itemListElement\":[{\"@type\":\"ListItem\",\"position\":1,\"name\":\"Home\",\"item\":\"https:\\\/\\\/forbabyboss.com\\\/\"},{\"@type\":\"ListItem\",\"position\":2,\"name\":\"Shop\",\"item\":\"https:\\\/\\\/forbabyboss.com\\\/shop\\\/\"},{\"@type\":\"ListItem\",\"position\":3,\"name\":\"Baby Pram From Birth Pushchair Buggy 3 in1 Travel System Boys Girls ISOFIX BASE -Red Tulips &#8211; black frame\"}]},{\"@type\":\"WebSite\",\"@id\":\"https:\\\/\\\/powderblue-seahorse-496884.hostingersite.com\\\/#website\",\"url\":\"https:\\\/\\\/powderblue-seahorse-496884.hostingersite.com\\\/\",\"name\":\"For Baby Boss\",\"description\":\"Beautiful gifts and accessories for your baby boss\",\"potentialAction\":[{\"@type\":\"SearchAction\",\"target\":{\"@type\":\"EntryPoint\",\"urlTemplate\":\"https:\\\/\\\/powderblue-seahorse-496884.hostingersite.com\\\/?s={search_term_string}\"},\"query-input\":{\"@type\":\"PropertyValueSpecification\",\"valueRequired\":true,\"valueName\":\"search_term_string\"}}],\"inLanguage\":\"hu\"}]}<\/script>\n<!-- \/ Yoast SEO plugin. -->","yoast_head_json":{"title":"Babakocsi sz\u00fclet\u00e9st\u0151l, babakocsi 3 az 1-ben utaz\u00f3rendszerrel, fi\u00faknak \u00e9s l\u00e1nyoknak, ISOFIX talppal - piros tulip\u00e1nok - fekete v\u00e1z - Baby Boss-nak","description":"Babakocsi sz\u00fclet\u00e9st\u0151l, babakocsi 3 az 1-ben utaz\u00f3rendszerrel, fi\u00faknak \u00e9s l\u00e1nyoknak, ISOFIX talppal - piros tulip\u00e1nok - fekete v\u00e1z","robots":{"index":"index","follow":"follow","max-snippet":"max-snippet:-1","max-image-preview":"max-image-preview:large","max-video-preview":"max-video-preview:-1"},"canonical":"https:\/\/forbabyboss.com\/hu\/termek\/babakocsi-szuletestol-babakocsi-3-az-1-ben-utazorendszer-fiuknak-es-lanyoknak-isofix-talppal-piros-tulipanokkal-fekete-vazzal\/","og_locale":"hu_HU","og_type":"article","og_title":"Baby Pram From Birth Pushchair Buggy 3 in1 Travel System Boys Girls ISOFIX BASE -Red Tulips - black frame - For Baby Boss","og_description":"Baby Pram From Birth Pushchair Buggy 3 in1 Travel System Boys Girls ISOFIX BASE -Red Tulips - black frame","og_url":"https:\/\/forbabyboss.com\/hu\/termek\/babakocsi-szuletestol-babakocsi-3-az-1-ben-utazorendszer-fiuknak-es-lanyoknak-isofix-talppal-piros-tulipanokkal-fekete-vazzal\/","og_site_name":"For Baby Boss","article_modified_time":"2026-02-21T12:04:55+00:00","og_image":[{"width":1600,"height":1156,"url":"https:\/\/forbabyboss.com\/wp-content\/uploads\/2022\/09\/Baby-Pram-From-Birth-Pushchair-Buggy-3-in1-Travel-System-Boys-Girls-ISOFIX-BASE-Red-Tulips-black-frame-main.png","type":"image\/png"}],"twitter_card":"summary_large_image","twitter_misc":{"Becs\u00fclt olvas\u00e1si id\u0151":"2 perc"},"schema":{"@context":"https:\/\/schema.org","@graph":[{"@type":"WebPage","@id":"https:\/\/forbabyboss.com\/product\/baby-pram-from-birth-pushchair-buggy-3-in1-travel-system-boys-girls-isofix-base-red-tulips-black-frame\/","url":"https:\/\/forbabyboss.com\/product\/baby-pram-from-birth-pushchair-buggy-3-in1-travel-system-boys-girls-isofix-base-red-tulips-black-frame\/","name":"Babakocsi sz\u00fclet\u00e9st\u0151l, babakocsi 3 az 1-ben utaz\u00f3rendszerrel, fi\u00faknak \u00e9s l\u00e1nyoknak, ISOFIX talppal - piros tulip\u00e1nok - fekete v\u00e1z - Baby Boss-nak","isPartOf":{"@id":"https:\/\/powderblue-seahorse-496884.hostingersite.com\/#website"},"primaryImageOfPage":{"@id":"https:\/\/forbabyboss.com\/product\/baby-pram-from-birth-pushchair-buggy-3-in1-travel-system-boys-girls-isofix-base-red-tulips-black-frame\/#primaryimage"},"image":{"@id":"https:\/\/forbabyboss.com\/product\/baby-pram-from-birth-pushchair-buggy-3-in1-travel-system-boys-girls-isofix-base-red-tulips-black-frame\/#primaryimage"},"thumbnailUrl":"https:\/\/forbabyboss.com\/wp-content\/uploads\/2022\/09\/Baby-Pram-From-Birth-Pushchair-Buggy-3-in1-Travel-System-Boys-Girls-ISOFIX-BASE-Red-Tulips-black-frame-main.png","datePublished":"2022-09-13T10:28:39+00:00","dateModified":"2026-02-21T12:04:55+00:00","description":"Babakocsi sz\u00fclet\u00e9st\u0151l, babakocsi 3 az 1-ben utaz\u00f3rendszerrel, fi\u00faknak \u00e9s l\u00e1nyoknak, ISOFIX talppal - piros tulip\u00e1nok - fekete v\u00e1z","breadcrumb":{"@id":"https:\/\/forbabyboss.com\/product\/baby-pram-from-birth-pushchair-buggy-3-in1-travel-system-boys-girls-isofix-base-red-tulips-black-frame\/#breadcrumb"},"inLanguage":"hu","potentialAction":[{"@type":"ReadAction","target":["https:\/\/forbabyboss.com\/product\/baby-pram-from-birth-pushchair-buggy-3-in1-travel-system-boys-girls-isofix-base-red-tulips-black-frame\/"]}]},{"@type":"ImageObject","inLanguage":"hu","@id":"https:\/\/forbabyboss.com\/product\/baby-pram-from-birth-pushchair-buggy-3-in1-travel-system-boys-girls-isofix-base-red-tulips-black-frame\/#primaryimage","url":"https:\/\/forbabyboss.com\/wp-content\/uploads\/2022\/09\/Baby-Pram-From-Birth-Pushchair-Buggy-3-in1-Travel-System-Boys-Girls-ISOFIX-BASE-Red-Tulips-black-frame-main.png","contentUrl":"https:\/\/forbabyboss.com\/wp-content\/uploads\/2022\/09\/Baby-Pram-From-Birth-Pushchair-Buggy-3-in1-Travel-System-Boys-Girls-ISOFIX-BASE-Red-Tulips-black-frame-main.png","width":1600,"height":1156},{"@type":"BreadcrumbList","@id":"https:\/\/forbabyboss.com\/product\/baby-pram-from-birth-pushchair-buggy-3-in1-travel-system-boys-girls-isofix-base-red-tulips-black-frame\/#breadcrumb","itemListElement":[{"@type":"ListItem","position":1,"name":"Home","item":"https:\/\/forbabyboss.com\/"},{"@type":"ListItem","position":2,"name":"Shop","item":"https:\/\/forbabyboss.com\/shop\/"},{"@type":"ListItem","position":3,"name":"Baby Pram From Birth Pushchair Buggy 3 in1 Travel System Boys Girls ISOFIX BASE -Red Tulips &#8211; black frame"}]},{"@type":"WebSite","@id":"https:\/\/powderblue-seahorse-496884.hostingersite.com\/#website","url":"https:\/\/powderblue-seahorse-496884.hostingersite.com\/","name":"A Baby Boss sz\u00e1m\u00e1ra","description":"Gy\u00f6ny\u00f6r\u0171 aj\u00e1nd\u00e9kok \u00e9s kieg\u00e9sz\u00edt\u0151k a baba f\u0151n\u00f6k\u00e9nek","potentialAction":[{"@type":"SearchAction","target":{"@type":"EntryPoint","urlTemplate":"https:\/\/powderblue-seahorse-496884.hostingersite.com\/?s={search_term_string}"},"query-input":{"@type":"PropertyValueSpecification","valueRequired":true,"valueName":"search_term_string"}}],"inLanguage":"hu"}]}},"_links":{"self":[{"href":"https:\/\/forbabyboss.com\/hu\/wp-json\/wp\/v2\/product\/5425","targetHints":{"allow":["GET"]}}],"collection":[{"href":"https:\/\/forbabyboss.com\/hu\/wp-json\/wp\/v2\/product"}],"about":[{"href":"https:\/\/forbabyboss.com\/hu\/wp-json\/wp\/v2\/types\/product"}],"wp:featuredmedia":[{"embeddable":true,"href":"https:\/\/forbabyboss.com\/hu\/wp-json\/wp\/v2\/media\/5426"}],"wp:attachment":[{"href":"https:\/\/forbabyboss.com\/hu\/wp-json\/wp\/v2\/media?parent=5425"}],"wp:term":[{"taxonomy":"product_brand","embeddable":true,"href":"https:\/\/forbabyboss.com\/hu\/wp-json\/wp\/v2\/product_brand?post=5425"},{"taxonomy":"product_cat","embeddable":true,"href":"https:\/\/forbabyboss.com\/hu\/wp-json\/wp\/v2\/product_cat?post=5425"},{"taxonomy":"product_tag","embeddable":true,"href":"https:\/\/forbabyboss.com\/hu\/wp-json\/wp\/v2\/product_tag?post=5425"}],"curies":[{"name":"wp","href":"https:\/\/api.w.org\/{rel}","templated":true}]}}