{"id":5514,"date":"2022-09-13T13:00:32","date_gmt":"2022-09-13T13:00:32","guid":{"rendered":"http:\/\/forbabyboss.com\/?post_type=product&#038;p=5514"},"modified":"2026-02-21T11:48:30","modified_gmt":"2026-02-21T11:48:30","slug":"3-az-1-ben-babakocsi-szuletestol-kisgyermekeknek-sotetszurke-szinben","status":"publish","type":"product","link":"https:\/\/forbabyboss.com\/hu\/product\/baby-pram-3in1-pushchair-from-birth-toddlers-in-dark-grey\/","title":{"rendered":"3 az 1-ben babakocsi sz\u00fclet\u00e9st\u0151l \u00e9s kisgyermekeknek s\u00f6t\u00e9tsz\u00fcrke sz\u00ednben"},"content":{"rendered":"<p style=\"text-align: justify;\"><strong><span style=\"font-family: Arial; font-size: 120%; color: #282828;\">Limousine a teljes m\u00e9ret\u0171 3 az 1-ben babakocsik k\u00f6z\u00f6tt. Eleg\u00e1ns \u00f6ko b\u0151rb\u0151l \u00e9s impregn\u00e1lt pamut anyagb\u00f3l k\u00e9sz\u00fclt. Minden \u00e9vszakra, id\u0151j\u00e1r\u00e1sra \u00e9s minden \u00fatra. Maxim\u00e1lisan felszerelt funkci\u00f3kkal \u00e9s kieg\u00e9sz\u00edt\u0151kkel. T\u00e1gas m\u00f3zeskos\u00e1rral. Az \u00fcl\u00e9s menetir\u00e1nyhoz k\u00e9pest el\u0151re \u00e9s h\u00e1tra is d\u00f6nthet\u0151.<\/span><\/strong><\/p>\n<h4 style=\"text-align: justify;\"><span style=\"color: #e14d43;\"><strong><span style=\"font-family: Arial; font-size: xx-large;\">Jellemz\u0151k:<\/span><\/strong><\/span><\/h4>\n<p style=\"text-align: justify;\"><strong><span style=\"color: #282828; font-family: Arial; font-size: 105%;\">- El\u0151re \u00e9s h\u00e1trafel\u00e9 n\u00e9z\u0151 m\u00f3d<\/span><\/strong><\/p>\n<p style=\"text-align: justify;\"><strong><span style=\"color: #282828; font-family: Arial; font-size: 105%;\">- szell\u0151z\u0151ny\u00edl\u00e1s a motorh\u00e1ztet\u0151 h\u00e1tulj\u00e1n<\/span><\/strong><\/p>\n<p style=\"text-align: justify;\"><strong><span style=\"color: #282828; font-family: Arial; font-size: 105%;\">-A gondola puha b\u00e9l\u00e9ssel rendelkezik, amely mos\u00e1shoz levehet\u0151<\/span><\/strong><\/p>\n<p style=\"text-align: justify;\"><strong><span style=\"color: #282828; font-family: Arial; font-size: 105%;\">- a gondolatet\u0151 felhajthat\u00f3, \u00edgy sz\u00e9lfog\u00f3t k\u00e9pez<\/span><\/strong><\/p>\n<p style=\"text-align: justify;\"><strong><span style=\"color: #282828; font-family: Arial; font-size: 105%;\">- meghosszabb\u00edtott kapucni<\/span><\/strong><\/p>\n<p style=\"text-align: justify;\"><strong><span style=\"color: #282828; font-family: Arial; font-size: 105%;\">- a babakocsi 5 pontos biztons\u00e1gi \u00f6vvel van felszerelve<\/span><\/strong><\/p>\n<p style=\"text-align: justify;\"><strong><span style=\"color: #282828; font-size: 105%;\"><span style=\"font-family: Arial;\">-l\u00e1btart\u00f3, sz\u00e9lv\u00e9d\u0151\u00a0<\/span>v\u00e9d\u0151, m\u00f3zeskos\u00e1r<span style=\"font-family: Arial;\">\u00a0\u00e9s \u00f6ko b\u0151rrel bor\u00edtott biztons\u00e1gi r\u00fad<\/span><\/span><\/strong><\/p>\n<p style=\"text-align: justify;\"><strong><span style=\"color: #282828; font-family: Arial; font-size: 105%;\">- t\u00f6bbszint\u0171 \u00e1ll\u00edthat\u00f3 foganty\u00fa<\/span><\/strong><\/p>\n<p style=\"text-align: justify;\"><strong><span style=\"color: #282828; font-family: Arial; font-size: 105%;\">- \u00e1ll\u00edthat\u00f3 felf\u00fcggeszt\u00e9s<\/span><\/strong><\/p>\n<p style=\"text-align: justify;\"><strong><span style=\"color: #282828; font-family: Arial; font-size: 105%;\">- \u00e1ll\u00edthat\u00f3 l\u00e1b- \u00e9s h\u00e1tt\u00e1mla<\/span><\/strong><\/p>\n<p style=\"text-align: justify;\"><strong><span style=\"color: #282828; font-family: Arial; font-size: 105%;\">- massz\u00edv keret<\/span><\/strong><\/p>\n<p style=\"text-align: justify;\"><strong><span style=\"color: #282828; font-family: Arial; font-size: 105%;\">-k\u00f6zponti f\u00e9k EASY STOP<\/span><\/strong><\/p>\n<p style=\"text-align: justify;\"><strong><span style=\"color: #282828; font-family: Arial; font-size: 105%;\">- nagy bev\u00e1s\u00e1rl\u00f3kos\u00e1r<\/span><\/strong><\/p>\n<h4><span style=\"color: #e14d43;\"><strong><span style=\"font-family: Arial; font-size: xx-large;\">Az aut\u00f3s\u00fcl\u00e9s jellemz\u0151i:<\/span><\/strong><\/span><\/h4>\n<p><strong><span style=\"color: #282828; font-family: Arial; font-size: 105%;\">- kieg\u00e9sz\u00edt\u0151 bet\u00e9t csecsem\u0151knek<\/span><\/strong><\/p>\n<p><strong><span style=\"color: #282828; font-family: Arial; font-size: 105%;\">-\u00e1ll\u00edthat\u00f3 foganty\u00fa<\/span><\/strong><\/p>\n<p><strong><span style=\"color: #282828; font-family: Arial; font-size: 105%;\">-l\u00e1bak fedele<\/span><\/strong><\/p>\n<p><strong><span style=\"color: #282828; font-family: Arial; font-size: 105%;\">-levehet\u0151 kapucni<\/span><\/strong><\/p>\n<p><strong><span style=\"color: #282828; font-family: Arial; font-size: 105%;\">-3 pontos biztons\u00e1gi \u00f6vek<\/span><\/strong><\/p>\n<h4><span style=\"color: #e14d43;\"><strong><span style=\"font-family: Arial; font-size: xx-large;\">Felszerel\u00e9s:<\/span><\/strong><\/span><\/h4>\n<div class=\"p-5\">\n<h4><strong><span style=\"color: #282828; font-family: Arial; font-size: 105%;\">-keret \u00f6ko b\u0151r foganty\u00faval<\/span><\/strong><\/h4>\n<h4><strong><span style=\"color: #282828; font-family: Arial; font-size: 105%;\">-gondola \u00e1ll\u00edthat\u00f3 h\u00e1tt\u00e1ml\u00e1val<\/span><\/strong><\/h4>\n<h4><strong><span style=\"color: #282828; font-family: Arial; font-size: 105%;\">-stroller<\/span><\/strong><\/h4>\n<h4><strong><span style=\"color: #282828; font-family: Arial; font-size: 105%;\">-k\u00e9t huzat (babakocsihoz \u00e9s gondol\u00e1hoz)<\/span><\/strong><\/h4>\n<h4><strong><span style=\"color: #282828; font-family: Arial; font-size: 105%;\">-multifunkcion\u00e1lis aut\u00f3s\u00fcl\u00e9s adapterekkel<\/span><\/strong><\/h4>\n<h4><strong><span style=\"color: #282828; font-family: Arial; font-size: 105%;\">- es\u0151v\u00e9d\u0151<\/span><\/strong><\/h4>\n<h4><strong><span style=\"color: #282828; font-family: Arial; font-size: 105%;\">-sz\u00fanyogh\u00e1l\u00f3<\/span><\/strong><\/h4>\n<h4><strong><span style=\"color: #282828; font-family: Arial; font-size: 105%;\">-puha, defektt\u0171r\u0151, forg\u00f3 kerekek<\/span><\/strong><\/h4>\n<h4><strong><span style=\"color: #282828; font-family: Arial; font-size: 105%;\">- nagy zseb a t\u00e1ska h\u00e1tulj\u00e1n \u00e9s k\u00e9t kisebb az oldal\u00e1n<\/span><\/strong><\/h4>\n<h4><strong><span style=\"color: #282828; font-family: Arial; font-size: 105%;\">\u00d6sszecsukott keret kerekekkel (hossz\u00fas\u00e1g x sz\u00e9less\u00e9g x magass\u00e1g): 85x60x40cm<\/span><\/strong><\/h4>\n<h4><strong><span style=\"color: #282828; font-family: Arial; font-size: 105%;\">\u00d6sszeszerelt babakocsi (magass\u00e1g x sz\u00e9less\u00e9g x hossz\u00fas\u00e1g): 115x60x95cm<\/span><\/strong><\/h4>\n<h4><strong><span style=\"color: #282828; font-family: Arial; font-size: 105%;\">Gondola bel\u00fcl (sz\u00e9less\u00e9g x hossz\u00fas\u00e1g x magass\u00e1g): 36x80x20cm<\/span><\/strong><\/h4>\n<h4><strong><span style=\"color: #282828; font-family: Arial; font-size: 105%;\">Babakocsi bel\u00fcl (sz\u00e9less\u00e9g x h\u00e1tt\u00e1mla hossza x \u00fcl\u00e9shossz x l\u00e1btart\u00f3 hossza): 34x48x26x23cm<\/span><\/strong><\/h4>\n<h4><strong><span style=\"color: #282828; font-family: Arial; font-size: 105%;\">Kerekes v\u00e1z: 10 kg<\/span><\/strong><\/h4>\n<h4><strong><span style=\"color: #282828; font-family: Arial; font-size: 105%;\">Babakocsi: 15 kg<\/span><\/strong><\/h4>\n<h4><strong><span style=\"color: #282828; font-family: Arial; font-size: 105%;\">M\u00e9ly babakocsi: 16 kg<\/span><\/strong><\/h4>\n<h4><strong><span style=\"color: #282828; font-family: Arial; font-size: 105%;\">Szab\u00e1lyozhat\u00f3 foganty\u00fatartom\u00e1ny: 70 cm-t\u0151l 115 cm-ig<\/span><\/strong><\/h4>\n<h4><strong><span style=\"color: #282828; font-family: Arial; font-size: 105%;\">12 h\u00f3napos garancia<\/span><\/strong><\/h4>\n<p><a href=\"http:\/\/forbabyboss.com\/wp-content\/uploads\/2022\/09\/checkout.png\"><img loading=\"lazy\" decoding=\"async\" class=\"alignnone wp-image-5965\" src=\"http:\/\/forbabyboss.com\/wp-content\/uploads\/2022\/09\/checkout.png\" alt=\"\" width=\"981\" height=\"361\" srcset=\"https:\/\/forbabyboss.com\/wp-content\/uploads\/2022\/09\/checkout.png 750w, https:\/\/forbabyboss.com\/wp-content\/uploads\/2022\/09\/checkout-600x221.png 600w\" sizes=\"auto, (max-width: 981px) 100vw, 981px\" \/><\/a><\/p>\n<\/div>","protected":false},"excerpt":{"rendered":"<p><a href=\"http:\/\/forbabyboss.com\/wp-content\/uploads\/2022\/09\/Star-Rating-5.png\"><img loading=\"lazy\" decoding=\"async\" class=\"alignnone size-full wp-image-5973 aligncenter\" src=\"http:\/\/forbabyboss.com\/wp-content\/uploads\/2022\/09\/Star-Rating-5.png\" alt=\"\" width=\"275\" height=\"45\" \/><\/a><\/p>\n<p style=\"text-align: center;\"><span style=\"color: #ed1c24; font-size: 120%;\"><b>\u00c1RGARANCIA<\/b><\/span><\/p>\n<p style=\"text-align: center;\"><span style=\"font-size: 115%;\"><span style=\"font-weight: 400; color: #4f4fa7;\">Ingyenes kisz\u00e1ll\u00edt\u00e1s<\/span><span style=\"font-weight: 400;\"> \u2013 2 \u2013 7 nap<\/span><\/span><\/p>\n<p style=\"text-align: center;\"><strong><span style=\"color: #29606b;\">Ingyenes aj\u00e1nd\u00e9k 100 font feletti v\u00e1s\u00e1rl\u00e1s eset\u00e9n<\/span><\/strong><\/p>","protected":false},"featured_media":5515,"template":"","meta":[],"product_brand":[370],"product_cat":[337,339,156,305,210,130,209,211],"product_tag":[163,199],"class_list":{"0":"post-5514","1":"product","2":"type-product","3":"status-publish","4":"has-post-thumbnail","6":"product_brand-babylux","7":"product_cat-500-to-600","8":"product_cat-700-to-800","9":"product_cat-3-in-1","10":"product_cat-colour","11":"product_cat-grey","12":"product_cat-prams","13":"product_cat-push-chairs","14":"product_cat-stroller","15":"product_tag-3-in-1-prams","16":"product_tag-prams","18":"first","19":"instock","20":"sale","21":"shipping-taxable","22":"purchasable","23":"product-type-simple"},"yoast_head":"<!-- This site is optimized with the Yoast SEO plugin v27.6 - https:\/\/yoast.com\/product\/yoast-seo-wordpress\/ -->\n<title>Baby Pram 3in1 Pushchair From Birth &amp; Toddlers in Dark Grey - For Baby Boss<\/title>\n<meta name=\"description\" content=\"Baby Pram 3in1 Pushchair From Birth &amp; Toddlers in Dark Grey\" \/>\n<meta name=\"robots\" content=\"index, follow, max-snippet:-1, max-image-preview:large, max-video-preview:-1\" \/>\n<link rel=\"canonical\" href=\"https:\/\/forbabyboss.com\/hu\/termek\/3-az-1-ben-babakocsi-szuletestol-kisgyermekeknek-sotetszurke-szinben\/\" \/>\n<meta property=\"og:locale\" content=\"hu_HU\" \/>\n<meta property=\"og:type\" content=\"article\" \/>\n<meta property=\"og:title\" content=\"Baby Pram 3in1 Pushchair From Birth &amp; Toddlers in Dark Grey - For Baby Boss\" \/>\n<meta property=\"og:description\" content=\"Baby Pram 3in1 Pushchair From Birth &amp; Toddlers in Dark Grey\" \/>\n<meta property=\"og:url\" content=\"https:\/\/forbabyboss.com\/hu\/termek\/3-az-1-ben-babakocsi-szuletestol-kisgyermekeknek-sotetszurke-szinben\/\" \/>\n<meta property=\"og:site_name\" content=\"For Baby Boss\" \/>\n<meta property=\"article:modified_time\" content=\"2026-02-21T11:48:30+00:00\" \/>\n<meta property=\"og:image\" content=\"https:\/\/forbabyboss.com\/wp-content\/uploads\/2022\/09\/Baby-pram-Buggy-3in1-Travel-System-Pushchair-Car-Seat-From-Birth-Toddlers-Dark-Grey-main.png\" \/>\n\t<meta property=\"og:image:width\" content=\"1600\" \/>\n\t<meta property=\"og:image:height\" content=\"1600\" \/>\n\t<meta property=\"og:image:type\" content=\"image\/png\" \/>\n<meta name=\"twitter:card\" content=\"summary_large_image\" \/>\n<meta name=\"twitter:label1\" content=\"Becs\u00fclt olvas\u00e1si id\u0151\" \/>\n\t<meta name=\"twitter:data1\" content=\"2 perc\" \/>\n<script type=\"application\/ld+json\" class=\"yoast-schema-graph\">{\"@context\":\"https:\\\/\\\/schema.org\",\"@graph\":[{\"@type\":\"WebPage\",\"@id\":\"https:\\\/\\\/forbabyboss.com\\\/product\\\/baby-pram-3in1-pushchair-from-birth-toddlers-in-dark-grey\\\/\",\"url\":\"https:\\\/\\\/forbabyboss.com\\\/product\\\/baby-pram-3in1-pushchair-from-birth-toddlers-in-dark-grey\\\/\",\"name\":\"Baby Pram 3in1 Pushchair From Birth & Toddlers in Dark Grey - For Baby Boss\",\"isPartOf\":{\"@id\":\"https:\\\/\\\/powderblue-seahorse-496884.hostingersite.com\\\/#website\"},\"primaryImageOfPage\":{\"@id\":\"https:\\\/\\\/forbabyboss.com\\\/product\\\/baby-pram-3in1-pushchair-from-birth-toddlers-in-dark-grey\\\/#primaryimage\"},\"image\":{\"@id\":\"https:\\\/\\\/forbabyboss.com\\\/product\\\/baby-pram-3in1-pushchair-from-birth-toddlers-in-dark-grey\\\/#primaryimage\"},\"thumbnailUrl\":\"https:\\\/\\\/forbabyboss.com\\\/wp-content\\\/uploads\\\/2022\\\/09\\\/Baby-pram-Buggy-3in1-Travel-System-Pushchair-Car-Seat-From-Birth-Toddlers-Dark-Grey-main.png\",\"datePublished\":\"2022-09-13T13:00:32+00:00\",\"dateModified\":\"2026-02-21T11:48:30+00:00\",\"description\":\"Baby Pram 3in1 Pushchair From Birth & Toddlers in Dark Grey\",\"breadcrumb\":{\"@id\":\"https:\\\/\\\/forbabyboss.com\\\/product\\\/baby-pram-3in1-pushchair-from-birth-toddlers-in-dark-grey\\\/#breadcrumb\"},\"inLanguage\":\"hu\",\"potentialAction\":[{\"@type\":\"ReadAction\",\"target\":[\"https:\\\/\\\/forbabyboss.com\\\/product\\\/baby-pram-3in1-pushchair-from-birth-toddlers-in-dark-grey\\\/\"]}]},{\"@type\":\"ImageObject\",\"inLanguage\":\"hu\",\"@id\":\"https:\\\/\\\/forbabyboss.com\\\/product\\\/baby-pram-3in1-pushchair-from-birth-toddlers-in-dark-grey\\\/#primaryimage\",\"url\":\"https:\\\/\\\/forbabyboss.com\\\/wp-content\\\/uploads\\\/2022\\\/09\\\/Baby-pram-Buggy-3in1-Travel-System-Pushchair-Car-Seat-From-Birth-Toddlers-Dark-Grey-main.png\",\"contentUrl\":\"https:\\\/\\\/forbabyboss.com\\\/wp-content\\\/uploads\\\/2022\\\/09\\\/Baby-pram-Buggy-3in1-Travel-System-Pushchair-Car-Seat-From-Birth-Toddlers-Dark-Grey-main.png\",\"width\":1600,\"height\":1600},{\"@type\":\"BreadcrumbList\",\"@id\":\"https:\\\/\\\/forbabyboss.com\\\/product\\\/baby-pram-3in1-pushchair-from-birth-toddlers-in-dark-grey\\\/#breadcrumb\",\"itemListElement\":[{\"@type\":\"ListItem\",\"position\":1,\"name\":\"Home\",\"item\":\"https:\\\/\\\/forbabyboss.com\\\/\"},{\"@type\":\"ListItem\",\"position\":2,\"name\":\"Shop\",\"item\":\"https:\\\/\\\/forbabyboss.com\\\/shop\\\/\"},{\"@type\":\"ListItem\",\"position\":3,\"name\":\"Baby Pram 3in1 Pushchair From Birth &#038; Toddlers in Dark Grey\"}]},{\"@type\":\"WebSite\",\"@id\":\"https:\\\/\\\/powderblue-seahorse-496884.hostingersite.com\\\/#website\",\"url\":\"https:\\\/\\\/powderblue-seahorse-496884.hostingersite.com\\\/\",\"name\":\"For Baby Boss\",\"description\":\"Beautiful gifts and accessories for your baby boss\",\"potentialAction\":[{\"@type\":\"SearchAction\",\"target\":{\"@type\":\"EntryPoint\",\"urlTemplate\":\"https:\\\/\\\/powderblue-seahorse-496884.hostingersite.com\\\/?s={search_term_string}\"},\"query-input\":{\"@type\":\"PropertyValueSpecification\",\"valueRequired\":true,\"valueName\":\"search_term_string\"}}],\"inLanguage\":\"hu\"}]}<\/script>\n<!-- \/ Yoast SEO plugin. -->","yoast_head_json":{"title":"3 az 1-ben babakocsi sz\u00fclet\u00e9st\u0151l \u00e9s kisgyermekeknek s\u00f6t\u00e9tsz\u00fcrke sz\u00ednben - Baby Boss-nak","description":"3 az 1-ben babakocsi sz\u00fclet\u00e9st\u0151l \u00e9s kisgyermekeknek s\u00f6t\u00e9tsz\u00fcrke sz\u00ednben","robots":{"index":"index","follow":"follow","max-snippet":"max-snippet:-1","max-image-preview":"max-image-preview:large","max-video-preview":"max-video-preview:-1"},"canonical":"https:\/\/forbabyboss.com\/hu\/termek\/3-az-1-ben-babakocsi-szuletestol-kisgyermekeknek-sotetszurke-szinben\/","og_locale":"hu_HU","og_type":"article","og_title":"Baby Pram 3in1 Pushchair From Birth & Toddlers in Dark Grey - For Baby Boss","og_description":"Baby Pram 3in1 Pushchair From Birth & Toddlers in Dark Grey","og_url":"https:\/\/forbabyboss.com\/hu\/termek\/3-az-1-ben-babakocsi-szuletestol-kisgyermekeknek-sotetszurke-szinben\/","og_site_name":"For Baby Boss","article_modified_time":"2026-02-21T11:48:30+00:00","og_image":[{"width":1600,"height":1600,"url":"https:\/\/forbabyboss.com\/wp-content\/uploads\/2022\/09\/Baby-pram-Buggy-3in1-Travel-System-Pushchair-Car-Seat-From-Birth-Toddlers-Dark-Grey-main.png","type":"image\/png"}],"twitter_card":"summary_large_image","twitter_misc":{"Becs\u00fclt olvas\u00e1si id\u0151":"2 perc"},"schema":{"@context":"https:\/\/schema.org","@graph":[{"@type":"WebPage","@id":"https:\/\/forbabyboss.com\/product\/baby-pram-3in1-pushchair-from-birth-toddlers-in-dark-grey\/","url":"https:\/\/forbabyboss.com\/product\/baby-pram-3in1-pushchair-from-birth-toddlers-in-dark-grey\/","name":"3 az 1-ben babakocsi sz\u00fclet\u00e9st\u0151l \u00e9s kisgyermekeknek s\u00f6t\u00e9tsz\u00fcrke sz\u00ednben - Baby Boss-nak","isPartOf":{"@id":"https:\/\/powderblue-seahorse-496884.hostingersite.com\/#website"},"primaryImageOfPage":{"@id":"https:\/\/forbabyboss.com\/product\/baby-pram-3in1-pushchair-from-birth-toddlers-in-dark-grey\/#primaryimage"},"image":{"@id":"https:\/\/forbabyboss.com\/product\/baby-pram-3in1-pushchair-from-birth-toddlers-in-dark-grey\/#primaryimage"},"thumbnailUrl":"https:\/\/forbabyboss.com\/wp-content\/uploads\/2022\/09\/Baby-pram-Buggy-3in1-Travel-System-Pushchair-Car-Seat-From-Birth-Toddlers-Dark-Grey-main.png","datePublished":"2022-09-13T13:00:32+00:00","dateModified":"2026-02-21T11:48:30+00:00","description":"3 az 1-ben babakocsi sz\u00fclet\u00e9st\u0151l \u00e9s kisgyermekeknek s\u00f6t\u00e9tsz\u00fcrke sz\u00ednben","breadcrumb":{"@id":"https:\/\/forbabyboss.com\/product\/baby-pram-3in1-pushchair-from-birth-toddlers-in-dark-grey\/#breadcrumb"},"inLanguage":"hu","potentialAction":[{"@type":"ReadAction","target":["https:\/\/forbabyboss.com\/product\/baby-pram-3in1-pushchair-from-birth-toddlers-in-dark-grey\/"]}]},{"@type":"ImageObject","inLanguage":"hu","@id":"https:\/\/forbabyboss.com\/product\/baby-pram-3in1-pushchair-from-birth-toddlers-in-dark-grey\/#primaryimage","url":"https:\/\/forbabyboss.com\/wp-content\/uploads\/2022\/09\/Baby-pram-Buggy-3in1-Travel-System-Pushchair-Car-Seat-From-Birth-Toddlers-Dark-Grey-main.png","contentUrl":"https:\/\/forbabyboss.com\/wp-content\/uploads\/2022\/09\/Baby-pram-Buggy-3in1-Travel-System-Pushchair-Car-Seat-From-Birth-Toddlers-Dark-Grey-main.png","width":1600,"height":1600},{"@type":"BreadcrumbList","@id":"https:\/\/forbabyboss.com\/product\/baby-pram-3in1-pushchair-from-birth-toddlers-in-dark-grey\/#breadcrumb","itemListElement":[{"@type":"ListItem","position":1,"name":"Home","item":"https:\/\/forbabyboss.com\/"},{"@type":"ListItem","position":2,"name":"Shop","item":"https:\/\/forbabyboss.com\/shop\/"},{"@type":"ListItem","position":3,"name":"Baby Pram 3in1 Pushchair From Birth &#038; Toddlers in Dark Grey"}]},{"@type":"WebSite","@id":"https:\/\/powderblue-seahorse-496884.hostingersite.com\/#website","url":"https:\/\/powderblue-seahorse-496884.hostingersite.com\/","name":"A Baby Boss sz\u00e1m\u00e1ra","description":"Gy\u00f6ny\u00f6r\u0171 aj\u00e1nd\u00e9kok \u00e9s kieg\u00e9sz\u00edt\u0151k a baba f\u0151n\u00f6k\u00e9nek","potentialAction":[{"@type":"SearchAction","target":{"@type":"EntryPoint","urlTemplate":"https:\/\/powderblue-seahorse-496884.hostingersite.com\/?s={search_term_string}"},"query-input":{"@type":"PropertyValueSpecification","valueRequired":true,"valueName":"search_term_string"}}],"inLanguage":"hu"}]}},"_links":{"self":[{"href":"https:\/\/forbabyboss.com\/hu\/wp-json\/wp\/v2\/product\/5514","targetHints":{"allow":["GET"]}}],"collection":[{"href":"https:\/\/forbabyboss.com\/hu\/wp-json\/wp\/v2\/product"}],"about":[{"href":"https:\/\/forbabyboss.com\/hu\/wp-json\/wp\/v2\/types\/product"}],"wp:featuredmedia":[{"embeddable":true,"href":"https:\/\/forbabyboss.com\/hu\/wp-json\/wp\/v2\/media\/5515"}],"wp:attachment":[{"href":"https:\/\/forbabyboss.com\/hu\/wp-json\/wp\/v2\/media?parent=5514"}],"wp:term":[{"taxonomy":"product_brand","embeddable":true,"href":"https:\/\/forbabyboss.com\/hu\/wp-json\/wp\/v2\/product_brand?post=5514"},{"taxonomy":"product_cat","embeddable":true,"href":"https:\/\/forbabyboss.com\/hu\/wp-json\/wp\/v2\/product_cat?post=5514"},{"taxonomy":"product_tag","embeddable":true,"href":"https:\/\/forbabyboss.com\/hu\/wp-json\/wp\/v2\/product_tag?post=5514"}],"curies":[{"name":"wp","href":"https:\/\/api.w.org\/{rel}","templated":true}]}}