{"id":5692,"date":"2022-09-13T18:01:05","date_gmt":"2022-09-13T18:01:05","guid":{"rendered":"http:\/\/forbabyboss.com\/?post_type=product&#038;p=5692"},"modified":"2026-02-18T19:40:42","modified_gmt":"2026-02-18T19:40:42","slug":"retro-klasszikus-babakocsi-szett-3-az-1-ben-utazorendszerrel-oko-bor-vilagoszold-szurke-vazzal","status":"publish","type":"product","link":"https:\/\/forbabyboss.com\/hu\/product\/baby-pram-retro-classic-buggy-set-3in1travel-system-eco-leather-light-green-grey-frame\/","title":{"rendered":"Retro Classic babakocsi szett 3 az 1-ben utaz\u00f3rendszerrel, \u00f6ko b\u0151rb\u0151l - vil\u00e1gosz\u00f6ld (sz\u00fcrke v\u00e1zzal)"},"content":{"rendered":"<div style=\"width: 1020px;\" class=\"wp-video\"><video class=\"wp-video-shortcode\" id=\"video-5692-1\" width=\"1020\" height=\"574\" preload=\"metadata\" controls=\"controls\"><source type=\"video\/mp4\" src=\"http:\/\/forbabyboss.com\/wp-content\/uploads\/2022\/09\/romantic-vid.mp4?_=1\" \/><a href=\"http:\/\/forbabyboss.com\/wp-content\/uploads\/2022\/09\/romantic-vid.mp4\">http:\/\/forbabyboss.com\/wp-content\/uploads\/2022\/09\/romantic-vid.mp4<\/a><\/video><\/div>\n<h1><span style=\"font-size: 200%; color: #808080;\">Romantikus exkluz\u00edv<\/span><\/h1>\n<p style=\"text-align: justify;\"><span style=\"color: #808080;\">C\u00e9g\u00fcnk babakocsijait a legmagasabb min\u0151s\u00e9g\u0171 anyagokb\u00f3l \u00e9s sz\u00f6vetekb\u0151l gy\u00e1rtjuk, amelyek rendelkeznek a sz\u00fcks\u00e9ges j\u00f3v\u00e1hagy\u00e1sok \u00e9s tan\u00fas\u00edtv\u00e1nyok, amelyek garant\u00e1lj\u00e1k az eur\u00f3pai eg\u00e9szs\u00e9g\u00fcgyi \u00e9s biztons\u00e1gi el\u0151\u00edr\u00e1sok betart\u00e1s\u00e1t.<\/span><br \/>\n<span style=\"color: #808080;\">A ROMANTIC babakocsi t\u00f6k\u00e9letesen \u00f6tv\u00f6zi a k\u00e9nyelmet a modernit\u00e1ssal. A gyermek \u00e9let\u00e9nek els\u0151 pillanat\u00e1t\u00f3l kezdve, am\u00edg el nem kezd \u00f6n\u00e1ll\u00f3an \u00fclni, k\u00e9nyelmes \u00e9s k\u00f6nny\u0171, l\u00e1bv\u00e9d\u0151vel ell\u00e1tott m\u00f3zeskosarat haszn\u00e1lunk. A babakocsi a gyermek k\u00e9s\u0151bbi \u00fcl\u00e9si ig\u00e9nyeit is kiel\u00e9g\u00edti, amikor m\u00e1r \u00f6n\u00e1ll\u00f3an is tud \u00fclni. Hasznos kieg\u00e9sz\u00edt\u0151je az \u00e1ll\u00edthat\u00f3 l\u00e1btart\u00f3, amely lehet\u0151v\u00e9 teszi a gyermek \u00e9letkor\u00e1nak \u00e9s ig\u00e9nyeinek megfelel\u0151 poz\u00edci\u00f3k be\u00e1ll\u00edt\u00e1s\u00e1t. A biztons\u00e1gi korl\u00e1t, az \u00f6tpontos biztons\u00e1gi \u00f6vek \u00e9s az \u00e1gy\u00e9kv\u00e9d\u0151 szint\u00e9n fokozza a k\u00e9nyelmet \u00e9s a biztons\u00e1got.<\/span><\/p>\n<p style=\"text-align: justify;\"><span style=\"color: #808080;\">Az \u00e1ltalunk k\u00edn\u00e1lt babakocsik az eur\u00f3pai PN-EN 1888:2018 szabv\u00e1nynak megfelel\u0151en k\u00e9sz\u00fclnek, \u00e9s elismert int\u00e9zm\u00e9nyek tan\u00fas\u00edtv\u00e1nyaival rendelkeznek, amelyek garant\u00e1lj\u00e1k a term\u00e9k legmagasabb min\u0151s\u00e9g\u00e9t \u00e9s biztons\u00e1g\u00e1t.<\/span><\/p>\n<p style=\"text-align: justify;\"><span style=\"color: #808080;\">A Romantic babakocsik biztons\u00e1gi \u00e9s min\u0151s\u00e9gi tan\u00fas\u00edtv\u00e1nyokkal rendelkeznek.<\/span><\/p>\n<h4 style=\"text-align: justify;\"><span style=\"color: #808080;\"><strong>Babakocsi fel\u00e9p\u00edt\u00e9se:<\/strong><\/span><\/h4>\n<p><span style=\"color: #808080;\">\u2022 kiv\u00e1l\u00f3 min\u0151s\u00e9g\u0171 eko b\u0151r kidolgoz\u00e1s \u2022 a m\u00f3zeskos\u00e1r, a babakocsi \u00e9s az aut\u00f3s\u00fcl\u00e9s menetir\u00e1nynak h\u00e1ttal \u00e9s el\u0151re is \u00e1ll\u00edthat\u00f3<\/span><\/p>\n<p><span style=\"color: #808080;\">\u2022 minden ker\u00e9ken van csap\u00e1gy, ami n\u00f6veli a k\u00e9nyelmet<\/span><\/p>\n<p><span style=\"color: #808080;\">\u2022 nagy kos\u00e1r a babakocsi al\u00e1 l\u00f3gva<\/span><\/p>\n<p><span style=\"color: #808080;\">\u2022 \u00e1ll\u00edthat\u00f3 foganty\u00famagass\u00e1g<\/span><\/p>\n<p><span style=\"color: #808080;\">\u2022 k\u00f6nny\u0171 \u00f6sszecsuk\u00e1s \u00e9s kis m\u00e9ret \u00f6sszecsukva<\/span><\/p>\n<p><span style=\"color: #808080;\">\u2022 \u00d6sszecsukhat\u00f3 v\u00e1z m\u00e9retei kerekekkel:<\/span><\/p>\n<p><span style=\"color: #808080;\">\u2022 85 cm hossz\u00fa<\/span><\/p>\n<p><span style=\"color: #808080;\">\u2022 sz\u00e9less\u00e9g 60 cm<\/span><\/p>\n<p><span style=\"color: #808080;\">\u2022 Magass\u00e1g 41 cm<\/span><\/p>\n<p><span style=\"color: #808080;\">\u2022 Keret s\u00falya 11 kg<\/span><\/p>\n<p><span style=\"color: #808080;\">\u2022 A babakocsi s\u00falya m\u00f3zeskos\u00e1rral vagy babakocsival 15 kg<\/span><\/p>\n<p><span style=\"color: #808080;\">\u2022 Dimension babakocsi m\u00f3zeskos\u00e1rral:<\/span><\/p>\n<p><span style=\"color: #808080;\">\u2022 Sz\u00e9less\u00e9g 60 cm<\/span><\/p>\n<p><span style=\"color: #808080;\">\u2022 Magass\u00e1g a motorh\u00e1ztet\u0151ig 128 cm<\/span><\/p>\n<p><span style=\"color: #808080;\">\u2022 Foganty\u00fa magass\u00e1ga 103 cm<\/span><\/p>\n<h4><span style=\"color: #808080;\"><strong>M\u00f3zeskos\u00e1r:<\/strong><\/span><\/h4>\n<p><span style=\"color: #808080;\">\u2022 b\u00f6lcs\u0151 funkci\u00f3val \u00e9s annak blokkol\u00e1s\u00e1val ell\u00e1tott m\u00f3zeskos\u00e1r<\/span><\/p>\n<p><span style=\"color: #808080;\">\u2022 \u00e1ll\u00edthat\u00f3 m\u00f3zeskos\u00e1r h\u00e1tt\u00e1mla magass\u00e1g<\/span><\/p>\n<p><span style=\"color: #808080;\">\u2022 igaz\u00edtott fed\u00e9l a kedvez\u0151tlen id\u0151j\u00e1r\u00e1si k\u00f6r\u00fclm\u00e9nyek elleni v\u00e9delem \u00e9rdek\u00e9ben<\/span><\/p>\n<p><span style=\"color: #808080;\">\u2022 a tet\u0151ben tal\u00e1lhat\u00f3 foganty\u00fa lehet\u0151v\u00e9 teszi a m\u00f3zeskos\u00e1r hordoz\u00e1s\u00e1t a bab\u00e1val egy\u00fctt<\/span><\/p>\n<p><span style=\"color: #808080;\">\u2022 es\u0151v\u00e9d\u0151<\/span><\/p>\n<p><span style=\"color: #808080;\">\u2022 matrac \u00e9s finom m\u00f3zeskos\u00e1r b\u00e9l\u00e9s<\/span><\/p>\n<p><span style=\"color: #808080;\">\u2022 bels\u0151 m\u00e9retek: 86Hx44SZx21M<\/span><\/p>\n<p><span style=\"color: #808080;\">\u2022 s\u00faly 4 kg<\/span><\/p>\n<h4><span style=\"color: #808080;\"><strong>Sport\u00fcl\u00e9s:<\/strong><\/span><\/h4>\n<p><span style=\"color: #808080;\">\u2022 l\u00e1bv\u00e9d\u0151<\/span><\/p>\n<p><span style=\"color: #808080;\">\u2022 levehet\u0151, \u00e1ll\u00edthat\u00f3 kapucni<\/span><\/p>\n<p><span style=\"color: #808080;\">\u2022 levehet\u0151 biztons\u00e1gi r\u00fad<\/span><\/p>\n<p><span style=\"color: #808080;\">\u2022 4 poz\u00edci\u00f3ba \u00e1ll\u00edthat\u00f3 h\u00e1tt\u00e1mla<\/span><\/p>\n<p><span style=\"color: #808080;\">\u2022 \u00e1ll\u00edthat\u00f3 l\u00e1btart\u00f3<\/span><\/p>\n<p><span style=\"color: #808080;\">\u2022 lapos fekv\u0151poz\u00edci\u00f3 a gyermek sz\u00e1m\u00e1ra<\/span><\/p>\n<p><span style=\"color: #808080;\">\u2022 \u00f6tpontos \u00e1ll\u00edthat\u00f3 p\u00e1nt<\/span><\/p>\n<p><span style=\"color: #808080;\">\u2022 zseb a kapucni h\u00e1tulj\u00e1n<\/span><\/p>\n<p><span style=\"color: #808080;\">\u2022 m\u00e9retek bel\u00fclr\u0151l:<\/span><\/p>\n<p><span style=\"color: #808080;\">\u2022 hossza 90 cm (h\u00e1tt\u00e1mla 47, \u00fcl\u00e9s 23, l\u00e1btart\u00f3 21)<\/span><\/p>\n<p><span style=\"color: #808080;\">\u2022 sz\u00e9less\u00e9g 42 cm<\/span><\/p>\n<p><span style=\"color: #808080;\">\u2022 s\u00faly 3,7 kg<\/span><\/p>\n<p><span style=\"color: #808080;\"><strong>Aut\u00f3s\u00fcl\u00e9s adapterrel:<\/strong><\/span><\/p>\n<p><span style=\"color: #808080;\">\u2022 h\u00e1rompontos, \u00e1ll\u00edthat\u00f3 biztons\u00e1gi \u00f6v v\u00e9d\u0151kkel<\/span><\/p>\n<p><span style=\"color: #808080;\">\u2022 levehet\u0151 kapucni \u00e9s fed\u00e9l<\/span><\/p>\n<p><span style=\"color: #808080;\">\u2022 bet\u00e9t bab\u00e1knak<\/span><\/p>\n<p><span style=\"color: #808080;\">\u2022 \u00e1ll\u00edthat\u00f3 foganty\u00fa<\/span><\/p>\n<p><span style=\"color: #808080;\">\u2022 b\u00f6lcs\u0151 funkci\u00f3 z\u00e1rral<\/span><\/p>\n<p><span style=\"color: #808080;\">\u2022 az aut\u00f3s\u00fcl\u00e9s alkalmas gyermekek aut\u00f3ban t\u00f6rt\u00e9n\u0151 sz\u00e1ll\u00edt\u00e1s\u00e1ra<\/span><\/p>\n<p><span style=\"color: #808080;\">\u2022 ECE R44\/04 homologiz\u00e1ci\u00f3<\/span><\/p>\n<p><span style=\"color: #808080;\"><strong>A SZETT TARTALMA:<\/strong><\/span><\/p>\n<p><span style=\"color: #808080;\">1. F\u00fajhat\u00f3 kerekekkel ell\u00e1tott v\u00e1z<\/span><\/p>\n<p><span style=\"color: #808080;\">2. M\u00d3DOSKOLA (KUPON \u00c9S TET\u0150)<\/span><\/p>\n<p><span style=\"color: #808080;\">3. BABAKOCSI (TET\u0150VEL \u00c9S HUZATTAL), BABAKOCSI TET\u0150VEL \u00c9S HUZATTAL, \u00c1LL\u00cdTHAT\u00d3 H\u00c1TT\u00c1ML\u00c1VAL \u00c9S L\u00c1BT\u00c1ML\u00c1VAL<\/span><\/p>\n<p><span style=\"color: #808080;\">4. AUT\u00d3S \u00dcL\u00c9S (OPCION\u00c1LIS) KUPUNKTTAL \u00c9S HUZATTAL<\/span><\/p>\n<p><span style=\"color: #808080;\">5. \u00d6TPONTOS BIZTONS\u00c1GI \u00d6VEK.<\/span><\/p>\n<p><span style=\"color: #808080;\">5. NAGY T\u00c1SKA<\/span><\/p>\n<p><span style=\"color: #808080;\">6. BEV\u00c1S\u00c1RL\u00d3KOS\u00c1R<\/span><\/p>\n<p><span style=\"color: #808080;\">7. ES\u0150V\u00c9D\u0150<\/span><\/p>\n<p><span style=\"color: #808080;\">8. V\u00cdZ\u00c1LL\u00d3 F\u00d3LIA<\/span><\/p>\n<p><span style=\"color: #808080;\">9. SZ\u00daNYOGH\u00c1L\u00d3<\/span><\/p>\n<p><span style=\"color: #808080;\">10. BABA\u00dcL\u00c9S KUPONJAL \u00c9S L\u00c1BTET\u0150VEL, AZ AUT\u00d3<\/span><\/p>\n<p><span style=\"color: #808080;\">AZ \u00dcL\u00c9S 13 KG-IG GYERMEKEK SZ\u00c1M\u00c1RA ALKALMAS, RENDELKEZIK<\/span><\/p>\n<p><span style=\"color: #808080;\">\u00c1LL\u00cdTHAT\u00d3 FOGANTY\u00da, BET\u00c9T BABA- \u00c9S B\u00d6LCS\u0150FUNKCI\u00d3HOZ<\/span><\/p>\n<p><a href=\"http:\/\/forbabyboss.com\/wp-content\/uploads\/2022\/09\/checkout.png\"><img loading=\"lazy\" decoding=\"async\" class=\"alignnone size-full wp-image-5965\" src=\"http:\/\/forbabyboss.com\/wp-content\/uploads\/2022\/09\/checkout.png\" alt=\"\" width=\"750\" height=\"276\" srcset=\"https:\/\/forbabyboss.com\/wp-content\/uploads\/2022\/09\/checkout.png 750w, https:\/\/forbabyboss.com\/wp-content\/uploads\/2022\/09\/checkout-600x221.png 600w\" sizes=\"auto, (max-width: 750px) 100vw, 750px\" \/><\/a><\/p>","protected":false},"excerpt":{"rendered":"<p><a href=\"http:\/\/forbabyboss.com\/wp-content\/uploads\/2022\/09\/Star-Rating-5.png\"><img loading=\"lazy\" decoding=\"async\" class=\"alignnone size-full wp-image-5973 aligncenter\" src=\"http:\/\/forbabyboss.com\/wp-content\/uploads\/2022\/09\/Star-Rating-5.png\" alt=\"\" width=\"275\" height=\"45\" \/><\/a><\/p>\n<p style=\"text-align: center;\"><span style=\"color: #ed1c24; font-size: 120%;\"><b>\u00c1RGARANCIA<\/b><\/span><\/p>\n<p style=\"text-align: center;\"><span style=\"font-size: 115%;\"><span style=\"font-weight: 400; color: #4f4fa7;\">Ingyenes kisz\u00e1ll\u00edt\u00e1s<\/span><span style=\"font-weight: 400;\"> \u2013 2 \u2013 7 nap<\/span><\/span><\/p>\n<p style=\"text-align: center;\"><strong><span style=\"color: #29606b;\">Ingyenes aj\u00e1nd\u00e9k 100 font feletti v\u00e1s\u00e1rl\u00e1s eset\u00e9n<\/span><\/strong><\/p>","protected":false},"featured_media":5694,"template":"","meta":[],"product_brand":[577],"product_cat":[338,339,156,305,210,306,130,209,211],"product_tag":[202],"class_list":{"0":"post-5692","1":"product","2":"type-product","3":"status-publish","4":"has-post-thumbnail","6":"product_brand-kunert","7":"product_cat-600-to-700","8":"product_cat-700-to-800","9":"product_cat-3-in-1","10":"product_cat-colour","11":"product_cat-grey","12":"product_cat-light-green","13":"product_cat-prams","14":"product_cat-push-chairs","15":"product_cat-stroller","16":"product_tag-3-in-1-pram","18":"first","19":"instock","20":"sale","21":"shipping-taxable","22":"purchasable","23":"product-type-simple"},"yoast_head":"<!-- This site is optimized with the Yoast SEO plugin v27.5 - https:\/\/yoast.com\/product\/yoast-seo-wordpress\/ -->\n<title>Baby Pram Retro Classic Buggy Set 3in1Travel System Eco Leather -Light Green (grey frame) - For Baby Boss<\/title>\n<meta name=\"description\" content=\"Baby Pram Retro Classic Buggy Set 3in1Travel System Eco Leather NEW 2022 -Light Green (grey frame)\" \/>\n<meta name=\"robots\" content=\"index, follow, max-snippet:-1, max-image-preview:large, max-video-preview:-1\" \/>\n<link rel=\"canonical\" href=\"https:\/\/forbabyboss.com\/hu\/termek\/retro-klasszikus-babakocsi-szett-3-az-1-ben-utazorendszerrel-oko-bor-vilagoszold-szurke-vazzal\/\" \/>\n<meta property=\"og:locale\" content=\"hu_HU\" \/>\n<meta property=\"og:type\" content=\"article\" \/>\n<meta property=\"og:title\" content=\"Baby Pram Retro Classic Buggy Set 3in1Travel System Eco Leather -Light Green (grey frame) - For Baby Boss\" \/>\n<meta property=\"og:description\" content=\"Baby Pram Retro Classic Buggy Set 3in1Travel System Eco Leather NEW 2022 -Light Green (grey frame)\" \/>\n<meta property=\"og:url\" content=\"https:\/\/forbabyboss.com\/hu\/termek\/retro-klasszikus-babakocsi-szett-3-az-1-ben-utazorendszerrel-oko-bor-vilagoszold-szurke-vazzal\/\" \/>\n<meta property=\"og:site_name\" content=\"For Baby Boss\" \/>\n<meta property=\"article:modified_time\" content=\"2026-02-18T19:40:42+00:00\" \/>\n<meta property=\"og:image\" content=\"https:\/\/forbabyboss.com\/wp-content\/uploads\/2022\/09\/Baby-Pram-Retro-Classic-Buggy-Set-3in1Travel-System-Eco-Leather-NEW-2022-Light-Green-grey-frame-main.png\" \/>\n\t<meta property=\"og:image:width\" content=\"1600\" \/>\n\t<meta property=\"og:image:height\" content=\"1600\" \/>\n\t<meta property=\"og:image:type\" content=\"image\/png\" \/>\n<meta name=\"twitter:card\" content=\"summary_large_image\" \/>\n<meta name=\"twitter:label1\" content=\"Becs\u00fclt olvas\u00e1si id\u0151\" \/>\n\t<meta name=\"twitter:data1\" content=\"3 perc\" \/>\n<script type=\"application\/ld+json\" class=\"yoast-schema-graph\">{\"@context\":\"https:\\\/\\\/schema.org\",\"@graph\":[{\"@type\":\"WebPage\",\"@id\":\"https:\\\/\\\/forbabyboss.com\\\/product\\\/baby-pram-retro-classic-buggy-set-3in1travel-system-eco-leather-light-green-grey-frame\\\/\",\"url\":\"https:\\\/\\\/forbabyboss.com\\\/product\\\/baby-pram-retro-classic-buggy-set-3in1travel-system-eco-leather-light-green-grey-frame\\\/\",\"name\":\"Baby Pram Retro Classic Buggy Set 3in1Travel System Eco Leather -Light Green (grey frame) - For Baby Boss\",\"isPartOf\":{\"@id\":\"https:\\\/\\\/powderblue-seahorse-496884.hostingersite.com\\\/#website\"},\"primaryImageOfPage\":{\"@id\":\"https:\\\/\\\/forbabyboss.com\\\/product\\\/baby-pram-retro-classic-buggy-set-3in1travel-system-eco-leather-light-green-grey-frame\\\/#primaryimage\"},\"image\":{\"@id\":\"https:\\\/\\\/forbabyboss.com\\\/product\\\/baby-pram-retro-classic-buggy-set-3in1travel-system-eco-leather-light-green-grey-frame\\\/#primaryimage\"},\"thumbnailUrl\":\"https:\\\/\\\/forbabyboss.com\\\/wp-content\\\/uploads\\\/2022\\\/09\\\/Baby-Pram-Retro-Classic-Buggy-Set-3in1Travel-System-Eco-Leather-NEW-2022-Light-Green-grey-frame-main.png\",\"datePublished\":\"2022-09-13T18:01:05+00:00\",\"dateModified\":\"2026-02-18T19:40:42+00:00\",\"description\":\"Baby Pram Retro Classic Buggy Set 3in1Travel System Eco Leather NEW 2022 -Light Green (grey frame)\",\"breadcrumb\":{\"@id\":\"https:\\\/\\\/forbabyboss.com\\\/product\\\/baby-pram-retro-classic-buggy-set-3in1travel-system-eco-leather-light-green-grey-frame\\\/#breadcrumb\"},\"inLanguage\":\"hu\",\"potentialAction\":[{\"@type\":\"ReadAction\",\"target\":[\"https:\\\/\\\/forbabyboss.com\\\/product\\\/baby-pram-retro-classic-buggy-set-3in1travel-system-eco-leather-light-green-grey-frame\\\/\"]}]},{\"@type\":\"ImageObject\",\"inLanguage\":\"hu\",\"@id\":\"https:\\\/\\\/forbabyboss.com\\\/product\\\/baby-pram-retro-classic-buggy-set-3in1travel-system-eco-leather-light-green-grey-frame\\\/#primaryimage\",\"url\":\"https:\\\/\\\/forbabyboss.com\\\/wp-content\\\/uploads\\\/2022\\\/09\\\/Baby-Pram-Retro-Classic-Buggy-Set-3in1Travel-System-Eco-Leather-NEW-2022-Light-Green-grey-frame-main.png\",\"contentUrl\":\"https:\\\/\\\/forbabyboss.com\\\/wp-content\\\/uploads\\\/2022\\\/09\\\/Baby-Pram-Retro-Classic-Buggy-Set-3in1Travel-System-Eco-Leather-NEW-2022-Light-Green-grey-frame-main.png\",\"width\":1600,\"height\":1600},{\"@type\":\"BreadcrumbList\",\"@id\":\"https:\\\/\\\/forbabyboss.com\\\/product\\\/baby-pram-retro-classic-buggy-set-3in1travel-system-eco-leather-light-green-grey-frame\\\/#breadcrumb\",\"itemListElement\":[{\"@type\":\"ListItem\",\"position\":1,\"name\":\"Home\",\"item\":\"https:\\\/\\\/forbabyboss.com\\\/\"},{\"@type\":\"ListItem\",\"position\":2,\"name\":\"Shop\",\"item\":\"https:\\\/\\\/forbabyboss.com\\\/shop\\\/\"},{\"@type\":\"ListItem\",\"position\":3,\"name\":\"Baby Pram Retro Classic Buggy Set 3in1Travel System Eco Leather -Light Green (grey frame)\"}]},{\"@type\":\"WebSite\",\"@id\":\"https:\\\/\\\/powderblue-seahorse-496884.hostingersite.com\\\/#website\",\"url\":\"https:\\\/\\\/powderblue-seahorse-496884.hostingersite.com\\\/\",\"name\":\"For Baby Boss\",\"description\":\"Beautiful gifts and accessories for your baby boss\",\"potentialAction\":[{\"@type\":\"SearchAction\",\"target\":{\"@type\":\"EntryPoint\",\"urlTemplate\":\"https:\\\/\\\/powderblue-seahorse-496884.hostingersite.com\\\/?s={search_term_string}\"},\"query-input\":{\"@type\":\"PropertyValueSpecification\",\"valueRequired\":true,\"valueName\":\"search_term_string\"}}],\"inLanguage\":\"hu\"}]}<\/script>\n<!-- \/ Yoast SEO plugin. -->","yoast_head_json":{"title":"Retro Classic babakocsi szett 3 az 1-ben utaz\u00f3rendszerrel, \u00f6ko b\u0151rb\u0151l - vil\u00e1gosz\u00f6ld (sz\u00fcrke v\u00e1zzal) - Baby Boss-nak","description":"Retro Classic babakocsi szett 3 az 1-ben utaz\u00f3rendszerrel, \u00f6ko b\u0151rb\u0151l, \u00daJ 2022 - vil\u00e1gosz\u00f6ld (sz\u00fcrke v\u00e1zzal)","robots":{"index":"index","follow":"follow","max-snippet":"max-snippet:-1","max-image-preview":"max-image-preview:large","max-video-preview":"max-video-preview:-1"},"canonical":"https:\/\/forbabyboss.com\/hu\/termek\/retro-klasszikus-babakocsi-szett-3-az-1-ben-utazorendszerrel-oko-bor-vilagoszold-szurke-vazzal\/","og_locale":"hu_HU","og_type":"article","og_title":"Baby Pram Retro Classic Buggy Set 3in1Travel System Eco Leather -Light Green (grey frame) - For Baby Boss","og_description":"Baby Pram Retro Classic Buggy Set 3in1Travel System Eco Leather NEW 2022 -Light Green (grey frame)","og_url":"https:\/\/forbabyboss.com\/hu\/termek\/retro-klasszikus-babakocsi-szett-3-az-1-ben-utazorendszerrel-oko-bor-vilagoszold-szurke-vazzal\/","og_site_name":"For Baby Boss","article_modified_time":"2026-02-18T19:40:42+00:00","og_image":[{"width":1600,"height":1600,"url":"https:\/\/forbabyboss.com\/wp-content\/uploads\/2022\/09\/Baby-Pram-Retro-Classic-Buggy-Set-3in1Travel-System-Eco-Leather-NEW-2022-Light-Green-grey-frame-main.png","type":"image\/png"}],"twitter_card":"summary_large_image","twitter_misc":{"Becs\u00fclt olvas\u00e1si id\u0151":"3 perc"},"schema":{"@context":"https:\/\/schema.org","@graph":[{"@type":"WebPage","@id":"https:\/\/forbabyboss.com\/product\/baby-pram-retro-classic-buggy-set-3in1travel-system-eco-leather-light-green-grey-frame\/","url":"https:\/\/forbabyboss.com\/product\/baby-pram-retro-classic-buggy-set-3in1travel-system-eco-leather-light-green-grey-frame\/","name":"Retro Classic babakocsi szett 3 az 1-ben utaz\u00f3rendszerrel, \u00f6ko b\u0151rb\u0151l - vil\u00e1gosz\u00f6ld (sz\u00fcrke v\u00e1zzal) - Baby Boss-nak","isPartOf":{"@id":"https:\/\/powderblue-seahorse-496884.hostingersite.com\/#website"},"primaryImageOfPage":{"@id":"https:\/\/forbabyboss.com\/product\/baby-pram-retro-classic-buggy-set-3in1travel-system-eco-leather-light-green-grey-frame\/#primaryimage"},"image":{"@id":"https:\/\/forbabyboss.com\/product\/baby-pram-retro-classic-buggy-set-3in1travel-system-eco-leather-light-green-grey-frame\/#primaryimage"},"thumbnailUrl":"https:\/\/forbabyboss.com\/wp-content\/uploads\/2022\/09\/Baby-Pram-Retro-Classic-Buggy-Set-3in1Travel-System-Eco-Leather-NEW-2022-Light-Green-grey-frame-main.png","datePublished":"2022-09-13T18:01:05+00:00","dateModified":"2026-02-18T19:40:42+00:00","description":"Retro Classic babakocsi szett 3 az 1-ben utaz\u00f3rendszerrel, \u00f6ko b\u0151rb\u0151l, \u00daJ 2022 - vil\u00e1gosz\u00f6ld (sz\u00fcrke v\u00e1zzal)","breadcrumb":{"@id":"https:\/\/forbabyboss.com\/product\/baby-pram-retro-classic-buggy-set-3in1travel-system-eco-leather-light-green-grey-frame\/#breadcrumb"},"inLanguage":"hu","potentialAction":[{"@type":"ReadAction","target":["https:\/\/forbabyboss.com\/product\/baby-pram-retro-classic-buggy-set-3in1travel-system-eco-leather-light-green-grey-frame\/"]}]},{"@type":"ImageObject","inLanguage":"hu","@id":"https:\/\/forbabyboss.com\/product\/baby-pram-retro-classic-buggy-set-3in1travel-system-eco-leather-light-green-grey-frame\/#primaryimage","url":"https:\/\/forbabyboss.com\/wp-content\/uploads\/2022\/09\/Baby-Pram-Retro-Classic-Buggy-Set-3in1Travel-System-Eco-Leather-NEW-2022-Light-Green-grey-frame-main.png","contentUrl":"https:\/\/forbabyboss.com\/wp-content\/uploads\/2022\/09\/Baby-Pram-Retro-Classic-Buggy-Set-3in1Travel-System-Eco-Leather-NEW-2022-Light-Green-grey-frame-main.png","width":1600,"height":1600},{"@type":"BreadcrumbList","@id":"https:\/\/forbabyboss.com\/product\/baby-pram-retro-classic-buggy-set-3in1travel-system-eco-leather-light-green-grey-frame\/#breadcrumb","itemListElement":[{"@type":"ListItem","position":1,"name":"Home","item":"https:\/\/forbabyboss.com\/"},{"@type":"ListItem","position":2,"name":"Shop","item":"https:\/\/forbabyboss.com\/shop\/"},{"@type":"ListItem","position":3,"name":"Baby Pram Retro Classic Buggy Set 3in1Travel System Eco Leather -Light Green (grey frame)"}]},{"@type":"WebSite","@id":"https:\/\/powderblue-seahorse-496884.hostingersite.com\/#website","url":"https:\/\/powderblue-seahorse-496884.hostingersite.com\/","name":"A Baby Boss sz\u00e1m\u00e1ra","description":"Gy\u00f6ny\u00f6r\u0171 aj\u00e1nd\u00e9kok \u00e9s kieg\u00e9sz\u00edt\u0151k a baba f\u0151n\u00f6k\u00e9nek","potentialAction":[{"@type":"SearchAction","target":{"@type":"EntryPoint","urlTemplate":"https:\/\/powderblue-seahorse-496884.hostingersite.com\/?s={search_term_string}"},"query-input":{"@type":"PropertyValueSpecification","valueRequired":true,"valueName":"search_term_string"}}],"inLanguage":"hu"}]}},"_links":{"self":[{"href":"https:\/\/forbabyboss.com\/hu\/wp-json\/wp\/v2\/product\/5692","targetHints":{"allow":["GET"]}}],"collection":[{"href":"https:\/\/forbabyboss.com\/hu\/wp-json\/wp\/v2\/product"}],"about":[{"href":"https:\/\/forbabyboss.com\/hu\/wp-json\/wp\/v2\/types\/product"}],"wp:featuredmedia":[{"embeddable":true,"href":"https:\/\/forbabyboss.com\/hu\/wp-json\/wp\/v2\/media\/5694"}],"wp:attachment":[{"href":"https:\/\/forbabyboss.com\/hu\/wp-json\/wp\/v2\/media?parent=5692"}],"wp:term":[{"taxonomy":"product_brand","embeddable":true,"href":"https:\/\/forbabyboss.com\/hu\/wp-json\/wp\/v2\/product_brand?post=5692"},{"taxonomy":"product_cat","embeddable":true,"href":"https:\/\/forbabyboss.com\/hu\/wp-json\/wp\/v2\/product_cat?post=5692"},{"taxonomy":"product_tag","embeddable":true,"href":"https:\/\/forbabyboss.com\/hu\/wp-json\/wp\/v2\/product_tag?post=5692"}],"curies":[{"name":"wp","href":"https:\/\/api.w.org\/{rel}","templated":true}]}}