{"id":5849,"date":"2022-09-15T10:23:59","date_gmt":"2022-09-15T10:23:59","guid":{"rendered":"http:\/\/forbabyboss.com\/?post_type=product&#038;p=5849"},"modified":"2026-02-18T17:51:49","modified_gmt":"2026-02-18T17:51:49","slug":"uj-babakocsi-retro-szett-klasszikus-babakocsi-3-az-1-ben-utazorendszer-olivazold-fekete-vaz","status":"publish","type":"product","link":"https:\/\/forbabyboss.com\/hu\/product\/new-baby-pram-retro-set-classic-pushchair-3in1-travel-system-olive-green-black-frame\/","title":{"rendered":"\u00daj babakocsi Retro szett Klasszikus babakocsi 3 az 1-ben utaz\u00f3rendszerrel, ol\u00edvaz\u00f6ld, fekete v\u00e1zzal"},"content":{"rendered":"<h1><\/h1>\n<div style=\"width: 1020px;\" class=\"wp-video\"><video class=\"wp-video-shortcode\" id=\"video-5849-1\" width=\"1020\" height=\"574\" preload=\"metadata\" controls=\"controls\"><source type=\"video\/mp4\" src=\"http:\/\/forbabyboss.com\/wp-content\/uploads\/2022\/09\/romantic-vid-1.mp4?_=1\" \/><a href=\"http:\/\/forbabyboss.com\/wp-content\/uploads\/2022\/09\/romantic-vid-1.mp4\">http:\/\/forbabyboss.com\/wp-content\/uploads\/2022\/09\/romantic-vid-1.mp4<\/a><\/video><\/div>\n<p style=\"text-align: justify;\"><strong><span style=\"color: #808080;\">C\u00e9g\u00fcnk babakocsijai a legmagasabb min\u0151s\u00e9g\u0171 anyagokb\u00f3l \u00e9s sz\u00f6vetekb\u0151l k\u00e9sz\u00fclnek, amelyek rendelkeznek a sz\u00fcks\u00e9ges j\u00f3v\u00e1hagy\u00e1ssal \u00e9s tan\u00fas\u00edtv\u00e1nyokkal, amelyek garant\u00e1lj\u00e1k az eur\u00f3pai eg\u00e9szs\u00e9g\u00fcgyi \u00e9s biztons\u00e1gi el\u0151\u00edr\u00e1sok betart\u00e1s\u00e1t. A ROMANTIC kocsi t\u00f6k\u00e9letesen \u00f6tv\u00f6zi a k\u00e9nyelmet a moderns\u00e9ggel. A gyermek \u00e9let\u00e9nek els\u0151 pillanat\u00e1t\u00f3l kezdve, am\u00edg el nem kezd \u00f6n\u00e1ll\u00f3an \u00fclni, k\u00e9nyelmes \u00e9s k\u00f6nny\u0171, l\u00e1bv\u00e9d\u0151vel ell\u00e1tott m\u00f3zeskosarat haszn\u00e1lunk. A babakocsi a gyermek k\u00e9s\u0151bbi \u00fcl\u00e9si ig\u00e9nyeit szolg\u00e1lja, amikor m\u00e1r \u00f6n\u00e1ll\u00f3an is tud \u00fclni. Hasznos kieg\u00e9sz\u00edt\u0151je az \u00e1ll\u00edthat\u00f3 l\u00e1btart\u00f3 is, amely lehet\u0151v\u00e9 teszi a gyermek \u00e9letkor\u00e1nak \u00e9s ig\u00e9nyeinek megfelel\u0151 poz\u00edci\u00f3 megv\u00e1ltoztat\u00e1s\u00e1t. A biztons\u00e1gi korl\u00e1t, az \u00f6tpontos biztons\u00e1gi \u00f6vek \u00e9s az \u00e1gy\u00e9kv\u00e9d\u0151 szint\u00e9n fokozza a k\u00e9nyelmet \u00e9s a biztons\u00e1got.<\/span><\/strong><\/p>\n<h4 style=\"text-align: justify;\"><span style=\"color: #e14d43;\"><strong>A SZETT TARTALMA:<\/strong><\/span><\/h4>\n<p style=\"text-align: justify;\"><strong><span style=\"color: #808080;\">1. F\u00fajhat\u00f3 kerekekkel ell\u00e1tott v\u00e1z<\/span><\/strong><br \/>\n<strong><span style=\"color: #808080;\">2. M\u00d3DOSKOLA (KUPON \u00c9S TET\u0150)<\/span><\/strong><br \/>\n<strong><span style=\"color: #808080;\">3. BABAKOCSI (TET\u0150VEL \u00c9S HUZATTAL), BABAKOCSI TET\u0150VEL \u00c9S HUZATTAL, \u00c1LL\u00cdTHAT\u00d3 H\u00c1TT\u00c1ML\u00c1VAL \u00c9S L\u00c1BT\u00c1ML\u00c1VAL\u00a0<\/span><\/strong><br \/>\n<strong><span style=\"color: #808080;\">4. AUT\u00d3S \u00dcL\u00c9S (TET\u0150 \u00c9S HUZAT)<\/span><\/strong><br \/>\n<strong><span style=\"color: #808080;\">5. \u00d6TPONTOS BIZTONS\u00c1GI \u00d6VEK.<\/span><\/strong><br \/>\n<strong><span style=\"color: #808080;\">5. NAGY T\u00c1SKA<\/span><\/strong><br \/>\n<strong><span style=\"color: #808080;\">6. BEV\u00c1S\u00c1RL\u00d3KOS\u00c1R<\/span><\/strong><br \/>\n<strong><span style=\"color: #808080;\">7. ES\u0150V\u00c9D\u0150<\/span><\/strong><br \/>\n<strong><span style=\"color: #808080;\">8. V\u00cdZ\u00c1LL\u00d3 F\u00d3LIA<\/span><\/strong><br \/>\n<strong><span style=\"color: #808080;\">9. SZ\u00daNYOGH\u00c1L\u00d3<\/span><\/strong><br \/>\n<strong><span style=\"color: #808080;\">10. BABA\u00dcL\u00c9S KUPONJAL \u00c9S L\u00c1BTET\u0150VEL, AZ AUT\u00d3S\u00dcL\u00c9S 13 KG-IG GYERMEKEK SZ\u00c1M\u00c1RA ALKALMAS, \u00c1LL\u00cdTHAT\u00d3 FOGANTY\u00daVAL, BABA- \u00c9S B\u00d6LCS\u0150 FUNKCI\u00d3VAL RENDELKEZIK.<\/span><\/strong><\/p>\n<p style=\"text-align: justify;\"><strong><span style=\"color: #808080;\">Az \u00e1ltalunk k\u00edn\u00e1lt babakocsik az eur\u00f3pai PN-EN 1888:2018 szabv\u00e1nynak megfelel\u0151en k\u00e9sz\u00fclnek, \u00e9s elismert int\u00e9zm\u00e9nyek tan\u00fas\u00edtv\u00e1nyaival rendelkeznek, amelyek garant\u00e1lj\u00e1k a term\u00e9k legmagasabb min\u0151s\u00e9g\u00e9t \u00e9s biztons\u00e1g\u00e1t.<\/span><\/strong><\/p>\n<p style=\"text-align: justify;\"><strong><span style=\"color: #808080;\">A Romantic babakocsik biztons\u00e1gi \u00e9s min\u0151s\u00e9gi tan\u00fas\u00edtv\u00e1nyokkal rendelkeznek.<\/span><\/strong><\/p>\n<p style=\"text-align: justify;\"><span style=\"color: #e14d43;\"><strong>Babakocsi fel\u00e9p\u00edt\u00e9se:<\/strong><\/span><\/p>\n<p style=\"text-align: justify;\"><strong><span style=\"color: #808080;\">\u2022 a m\u00f3zeskos\u00e1r, a babakocsi \u00e9s az aut\u00f3s\u00fcl\u00e9s el\u0151re \u00e9s h\u00e1trafel\u00e9 t\u00f6rt\u00e9n\u0151 elhelyez\u00e9se<\/span><\/strong><br \/>\n<strong><span style=\"color: #808080;\">\u2022 minden ker\u00e9ken van csap\u00e1gy, ami n\u00f6veli a k\u00e9nyelmet<\/span><\/strong><br \/>\n<strong><span style=\"color: #808080;\">\u2022 nagy kos\u00e1r a babakocsi al\u00e1 l\u00f3gva<\/span><\/strong><br \/>\n<strong><span style=\"color: #808080;\">\u2022 \u00e1ll\u00edthat\u00f3 foganty\u00famagass\u00e1g<\/span><\/strong><br \/>\n<strong><span style=\"color: #808080;\">\u2022 k\u00f6nny\u0171 \u00f6sszecsuk\u00e1s \u00e9s kis m\u00e9ret \u00f6sszecsukva<\/span><\/strong><br \/>\n<strong><span style=\"color: #808080;\">\u2022 \u00d6sszecsukhat\u00f3 v\u00e1z m\u00e9retei kerekekkel:<\/span><\/strong><br \/>\n<strong><span style=\"color: #808080;\">\u2022 85 cm hossz\u00fa<\/span><\/strong><br \/>\n<strong><span style=\"color: #808080;\">\u2022 sz\u00e9less\u00e9g 60 cm<\/span><\/strong><br \/>\n<strong><span style=\"color: #808080;\">\u2022 Magass\u00e1g 41 cm<\/span><\/strong><br \/>\n<strong><span style=\"color: #808080;\">\u2022 Keret s\u00falya 11 kg<\/span><\/strong><br \/>\n<strong><span style=\"color: #808080;\">\u2022 A babakocsi s\u00falya m\u00f3zeskos\u00e1rral vagy babakocsival 15 kg\u00a0<\/span><\/strong><\/p>\n<p style=\"text-align: justify;\"><span style=\"color: #e14d43;\"><strong>M\u00f3zeskos\u00e1rral ell\u00e1tott babakocsi m\u00e9retei:<\/strong><\/span><\/p>\n<p style=\"text-align: justify;\"><strong><span style=\"color: #808080;\">\u2022 Sz\u00e9less\u00e9g 60 cm<\/span><\/strong><br \/>\n<strong><span style=\"color: #808080;\">\u2022 Magass\u00e1g a motorh\u00e1ztet\u0151ig 128 cm<\/span><\/strong><br \/>\n<strong><span style=\"color: #808080;\">\u2022 Foganty\u00fa magass\u00e1ga 103 cm<\/span><\/strong><\/p>\n<p style=\"text-align: justify;\"><span style=\"color: #e14d43;\"><strong>M\u00f3zeskos\u00e1r:<\/strong><\/span><\/p>\n<p style=\"text-align: justify;\"><strong><span style=\"color: #808080;\">\u2022 b\u00f6lcs\u0151 funkci\u00f3val \u00e9s annak blokkol\u00e1s\u00e1val ell\u00e1tott m\u00f3zeskos\u00e1r<\/span><\/strong><br \/>\n<strong><span style=\"color: #808080;\">\u2022 \u00e1ll\u00edthat\u00f3 m\u00f3zeskos\u00e1r h\u00e1tt\u00e1mla magass\u00e1g<\/span><\/strong><br \/>\n<strong><span style=\"color: #808080;\">\u2022 igaz\u00edtott fed\u00e9l a kedvez\u0151tlen id\u0151j\u00e1r\u00e1si k\u00f6r\u00fclm\u00e9nyek elleni v\u00e9delem \u00e9rdek\u00e9ben<\/span><\/strong><br \/>\n<strong><span style=\"color: #808080;\">\u2022 a tet\u0151ben tal\u00e1lhat\u00f3 foganty\u00fa lehet\u0151v\u00e9 teszi a m\u00f3zeskos\u00e1r hordoz\u00e1s\u00e1t a bab\u00e1val egy\u00fctt<\/span><\/strong><br \/>\n<strong><span style=\"color: #808080;\">\u2022 es\u0151v\u00e9d\u0151<\/span><\/strong><br \/>\n<strong><span style=\"color: #808080;\">\u2022 matrac \u00e9s finom m\u00f3zeskos\u00e1r b\u00e9l\u00e9s<\/span><\/strong><br \/>\n<strong><span style=\"color: #808080;\">\u2022 bels\u0151 m\u00e9retek: 86Hx44SZx21M<\/span><\/strong><br \/>\n<strong><span style=\"color: #808080;\">\u2022 s\u00faly 4 kg<\/span><\/strong><\/p>\n<p style=\"text-align: justify;\"><span style=\"color: #e14d43;\"><strong>Sport\u00fcl\u00e9s:<\/strong><\/span><\/p>\n<p style=\"text-align: justify;\"><strong><span style=\"color: #808080;\">\u2022 l\u00e1bv\u00e9d\u0151<\/span><\/strong><br \/>\n<strong><span style=\"color: #808080;\">\u2022 levehet\u0151, \u00e1ll\u00edthat\u00f3 kapucni<\/span><\/strong><br \/>\n<strong><span style=\"color: #808080;\">\u2022 levehet\u0151 biztons\u00e1gi r\u00fad<\/span><\/strong><br \/>\n<strong><span style=\"color: #808080;\">\u2022 4 poz\u00edci\u00f3ba \u00e1ll\u00edthat\u00f3 h\u00e1tt\u00e1mla<\/span><\/strong><br \/>\n<strong><span style=\"color: #808080;\">\u2022 \u00e1ll\u00edthat\u00f3 l\u00e1btart\u00f3<\/span><\/strong><br \/>\n<strong><span style=\"color: #808080;\">\u2022 lapos fekv\u0151poz\u00edci\u00f3 a gyermek sz\u00e1m\u00e1ra<\/span><\/strong><br \/>\n<strong><span style=\"color: #808080;\">\u2022 \u00f6tpontos \u00e1ll\u00edthat\u00f3 p\u00e1nt<\/span><\/strong><br \/>\n<strong><span style=\"color: #808080;\">\u2022 zseb a kapucni h\u00e1tulj\u00e1n<\/span><\/strong><br \/>\n<strong><span style=\"color: #808080;\">\u2022 m\u00e9retek bel\u00fclr\u0151l:<\/span><\/strong><br \/>\n<strong><span style=\"color: #808080;\">\u2022 hossza 90 cm (h\u00e1tt\u00e1mla 47, \u00fcl\u00e9s 23, l\u00e1btart\u00f3 21)<\/span><\/strong><br \/>\n<strong><span style=\"color: #808080;\">\u2022 sz\u00e9less\u00e9g 42 cm<\/span><\/strong><br \/>\n<strong><span style=\"color: #808080;\">\u2022 s\u00faly 3,7 kg<\/span><\/strong><\/p>\n<p style=\"text-align: justify;\"><span style=\"color: #e14d43;\"><strong>Aut\u00f3s\u00fcl\u00e9s adapterrel:<\/strong><\/span><\/p>\n<p style=\"text-align: justify;\"><strong><span style=\"color: #808080;\">\u2022 h\u00e1rompontos, \u00e1ll\u00edthat\u00f3 biztons\u00e1gi \u00f6v v\u00e9d\u0151kkel<\/span><\/strong><br \/>\n<strong><span style=\"color: #808080;\">\u2022 levehet\u0151 kapucni \u00e9s fed\u00e9l<\/span><\/strong><br \/>\n<strong><span style=\"color: #808080;\">\u2022 bet\u00e9t bab\u00e1knak<\/span><\/strong><br \/>\n<strong><span style=\"color: #808080;\">\u2022 \u00e1ll\u00edthat\u00f3 foganty\u00fa<\/span><\/strong><br \/>\n<strong><span style=\"color: #808080;\">\u2022 b\u00f6lcs\u0151 funkci\u00f3 z\u00e1rral<\/span><\/strong><br \/>\n<strong><span style=\"color: #808080;\">\u2022 az aut\u00f3s\u00fcl\u00e9s alkalmas gyermekek aut\u00f3ban t\u00f6rt\u00e9n\u0151 sz\u00e1ll\u00edt\u00e1s\u00e1ra<\/span><\/strong><br \/>\n<strong><span style=\"color: #808080;\">\u2022 ECE R44\/04 homologiz\u00e1ci\u00f3<\/span><\/strong><\/p>\n<p>&nbsp;<\/p>\n<p><a href=\"http:\/\/forbabyboss.com\/wp-content\/uploads\/2022\/09\/checkout.png\"><img loading=\"lazy\" decoding=\"async\" class=\"alignnone wp-image-5965\" src=\"http:\/\/forbabyboss.com\/wp-content\/uploads\/2022\/09\/checkout.png\" alt=\"\" width=\"992\" height=\"365\" srcset=\"https:\/\/forbabyboss.com\/wp-content\/uploads\/2022\/09\/checkout.png 750w, https:\/\/forbabyboss.com\/wp-content\/uploads\/2022\/09\/checkout-600x221.png 600w\" sizes=\"auto, (max-width: 992px) 100vw, 992px\" \/><\/a><\/p>","protected":false},"excerpt":{"rendered":"<p><a href=\"http:\/\/forbabyboss.com\/wp-content\/uploads\/2022\/09\/Star-Rating-5.png\"><img loading=\"lazy\" decoding=\"async\" class=\"alignnone size-full wp-image-5973 aligncenter\" src=\"http:\/\/forbabyboss.com\/wp-content\/uploads\/2022\/09\/Star-Rating-5.png\" alt=\"\" width=\"275\" height=\"45\" \/><\/a><\/p>\n<p style=\"text-align: center;\"><span style=\"color: #ed1c24; font-size: 120%;\"><b>\u00c1RGARANCIA<\/b><\/span><\/p>\n<p style=\"text-align: center;\"><span style=\"font-size: 115%;\"><span style=\"font-weight: 400; color: #4f4fa7;\">Ingyenes kisz\u00e1ll\u00edt\u00e1s<\/span><span style=\"font-weight: 400;\"> \u2013 2 \u2013 7 nap<\/span><\/span><\/p>\n<p style=\"text-align: center;\"><strong><span style=\"color: #29606b;\">Ingyenes aj\u00e1nd\u00e9k 100 font feletti v\u00e1s\u00e1rl\u00e1s eset\u00e9n<\/span><\/strong><\/p>","protected":false},"featured_media":5850,"template":"","meta":[],"product_brand":[577],"product_cat":[338,339,156,305,244,158,309,303,130,209,211],"product_tag":[163,199],"class_list":{"0":"post-5849","1":"product","2":"type-product","3":"status-publish","4":"has-post-thumbnail","6":"product_brand-kunert","7":"product_cat-600-to-700","8":"product_cat-700-to-800","9":"product_cat-3-in-1","10":"product_cat-colour","11":"product_cat-green","12":"product_cat-new-collection","13":"product_cat-olive","14":"product_cat-pattern","15":"product_cat-prams","16":"product_cat-push-chairs","17":"product_cat-stroller","18":"product_tag-3-in-1-prams","19":"product_tag-prams","21":"first","22":"instock","23":"sale","24":"shipping-taxable","25":"purchasable","26":"product-type-simple"},"yoast_head":"<!-- This site is optimized with the Yoast SEO plugin v27.5 - https:\/\/yoast.com\/product\/yoast-seo-wordpress\/ -->\n<title>New Baby Pram Retro Set Classic Pushchair 3in1 Travel System Olive Green Black Frame - For Baby Boss<\/title>\n<meta name=\"description\" content=\"New Baby Pram Retro Set Classic Pushchair 3in1 Travel System Olive Green Black Frame\" \/>\n<meta name=\"robots\" content=\"index, follow, max-snippet:-1, max-image-preview:large, max-video-preview:-1\" \/>\n<link rel=\"canonical\" href=\"https:\/\/forbabyboss.com\/hu\/termek\/uj-babakocsi-retro-szett-klasszikus-babakocsi-3-az-1-ben-utazorendszer-olivazold-fekete-vaz\/\" \/>\n<meta property=\"og:locale\" content=\"hu_HU\" \/>\n<meta property=\"og:type\" content=\"article\" \/>\n<meta property=\"og:title\" content=\"New Baby Pram Retro Set Classic Pushchair 3in1 Travel System Olive Green Black Frame - For Baby Boss\" \/>\n<meta property=\"og:description\" content=\"New Baby Pram Retro Set Classic Pushchair 3in1 Travel System Olive Green Black Frame\" \/>\n<meta property=\"og:url\" content=\"https:\/\/forbabyboss.com\/hu\/termek\/uj-babakocsi-retro-szett-klasszikus-babakocsi-3-az-1-ben-utazorendszer-olivazold-fekete-vaz\/\" \/>\n<meta property=\"og:site_name\" content=\"For Baby Boss\" \/>\n<meta property=\"article:modified_time\" content=\"2026-02-18T17:51:49+00:00\" \/>\n<meta property=\"og:image\" content=\"https:\/\/forbabyboss.com\/wp-content\/uploads\/2022\/09\/Baby-Pram-Retro-Buggy-Set-Classic-Pushchair-3in1Travel-System-NEW-2022-FREEBIES-Olive-Green-black-frame.png\" \/>\n\t<meta property=\"og:image:width\" content=\"1600\" \/>\n\t<meta property=\"og:image:height\" content=\"1600\" \/>\n\t<meta property=\"og:image:type\" content=\"image\/png\" \/>\n<meta name=\"twitter:card\" content=\"summary_large_image\" \/>\n<meta name=\"twitter:label1\" content=\"Becs\u00fclt olvas\u00e1si id\u0151\" \/>\n\t<meta name=\"twitter:data1\" content=\"3 perc\" \/>\n<script type=\"application\/ld+json\" class=\"yoast-schema-graph\">{\"@context\":\"https:\\\/\\\/schema.org\",\"@graph\":[{\"@type\":\"WebPage\",\"@id\":\"https:\\\/\\\/forbabyboss.com\\\/product\\\/new-baby-pram-retro-set-classic-pushchair-3in1-travel-system-olive-green-black-frame\\\/\",\"url\":\"https:\\\/\\\/forbabyboss.com\\\/product\\\/new-baby-pram-retro-set-classic-pushchair-3in1-travel-system-olive-green-black-frame\\\/\",\"name\":\"New Baby Pram Retro Set Classic Pushchair 3in1 Travel System Olive Green Black Frame - For Baby Boss\",\"isPartOf\":{\"@id\":\"https:\\\/\\\/powderblue-seahorse-496884.hostingersite.com\\\/#website\"},\"primaryImageOfPage\":{\"@id\":\"https:\\\/\\\/forbabyboss.com\\\/product\\\/new-baby-pram-retro-set-classic-pushchair-3in1-travel-system-olive-green-black-frame\\\/#primaryimage\"},\"image\":{\"@id\":\"https:\\\/\\\/forbabyboss.com\\\/product\\\/new-baby-pram-retro-set-classic-pushchair-3in1-travel-system-olive-green-black-frame\\\/#primaryimage\"},\"thumbnailUrl\":\"https:\\\/\\\/forbabyboss.com\\\/wp-content\\\/uploads\\\/2022\\\/09\\\/Baby-Pram-Retro-Buggy-Set-Classic-Pushchair-3in1Travel-System-NEW-2022-FREEBIES-Olive-Green-black-frame.png\",\"datePublished\":\"2022-09-15T10:23:59+00:00\",\"dateModified\":\"2026-02-18T17:51:49+00:00\",\"description\":\"New Baby Pram Retro Set Classic Pushchair 3in1 Travel System Olive Green Black Frame\",\"breadcrumb\":{\"@id\":\"https:\\\/\\\/forbabyboss.com\\\/product\\\/new-baby-pram-retro-set-classic-pushchair-3in1-travel-system-olive-green-black-frame\\\/#breadcrumb\"},\"inLanguage\":\"hu\",\"potentialAction\":[{\"@type\":\"ReadAction\",\"target\":[\"https:\\\/\\\/forbabyboss.com\\\/product\\\/new-baby-pram-retro-set-classic-pushchair-3in1-travel-system-olive-green-black-frame\\\/\"]}]},{\"@type\":\"ImageObject\",\"inLanguage\":\"hu\",\"@id\":\"https:\\\/\\\/forbabyboss.com\\\/product\\\/new-baby-pram-retro-set-classic-pushchair-3in1-travel-system-olive-green-black-frame\\\/#primaryimage\",\"url\":\"https:\\\/\\\/forbabyboss.com\\\/wp-content\\\/uploads\\\/2022\\\/09\\\/Baby-Pram-Retro-Buggy-Set-Classic-Pushchair-3in1Travel-System-NEW-2022-FREEBIES-Olive-Green-black-frame.png\",\"contentUrl\":\"https:\\\/\\\/forbabyboss.com\\\/wp-content\\\/uploads\\\/2022\\\/09\\\/Baby-Pram-Retro-Buggy-Set-Classic-Pushchair-3in1Travel-System-NEW-2022-FREEBIES-Olive-Green-black-frame.png\",\"width\":1600,\"height\":1600},{\"@type\":\"BreadcrumbList\",\"@id\":\"https:\\\/\\\/forbabyboss.com\\\/product\\\/new-baby-pram-retro-set-classic-pushchair-3in1-travel-system-olive-green-black-frame\\\/#breadcrumb\",\"itemListElement\":[{\"@type\":\"ListItem\",\"position\":1,\"name\":\"Home\",\"item\":\"https:\\\/\\\/forbabyboss.com\\\/\"},{\"@type\":\"ListItem\",\"position\":2,\"name\":\"Shop\",\"item\":\"https:\\\/\\\/forbabyboss.com\\\/shop\\\/\"},{\"@type\":\"ListItem\",\"position\":3,\"name\":\"New Baby Pram Retro Set Classic Pushchair 3in1 Travel System Olive Green Black Frame\"}]},{\"@type\":\"WebSite\",\"@id\":\"https:\\\/\\\/powderblue-seahorse-496884.hostingersite.com\\\/#website\",\"url\":\"https:\\\/\\\/powderblue-seahorse-496884.hostingersite.com\\\/\",\"name\":\"For Baby Boss\",\"description\":\"Beautiful gifts and accessories for your baby boss\",\"potentialAction\":[{\"@type\":\"SearchAction\",\"target\":{\"@type\":\"EntryPoint\",\"urlTemplate\":\"https:\\\/\\\/powderblue-seahorse-496884.hostingersite.com\\\/?s={search_term_string}\"},\"query-input\":{\"@type\":\"PropertyValueSpecification\",\"valueRequired\":true,\"valueName\":\"search_term_string\"}}],\"inLanguage\":\"hu\"}]}<\/script>\n<!-- \/ Yoast SEO plugin. -->","yoast_head_json":{"title":"\u00daj babakocsi szett Retro klasszikus babakocsi 3 az 1-ben utaz\u00f3rendszer ol\u00edvaz\u00f6ld fekete v\u00e1zzal - Baby Boss-hoz","description":"\u00daj babakocsi Retro szett Klasszikus babakocsi 3 az 1-ben utaz\u00f3rendszerrel, ol\u00edvaz\u00f6ld, fekete v\u00e1zzal","robots":{"index":"index","follow":"follow","max-snippet":"max-snippet:-1","max-image-preview":"max-image-preview:large","max-video-preview":"max-video-preview:-1"},"canonical":"https:\/\/forbabyboss.com\/hu\/termek\/uj-babakocsi-retro-szett-klasszikus-babakocsi-3-az-1-ben-utazorendszer-olivazold-fekete-vaz\/","og_locale":"hu_HU","og_type":"article","og_title":"New Baby Pram Retro Set Classic Pushchair 3in1 Travel System Olive Green Black Frame - For Baby Boss","og_description":"New Baby Pram Retro Set Classic Pushchair 3in1 Travel System Olive Green Black Frame","og_url":"https:\/\/forbabyboss.com\/hu\/termek\/uj-babakocsi-retro-szett-klasszikus-babakocsi-3-az-1-ben-utazorendszer-olivazold-fekete-vaz\/","og_site_name":"For Baby Boss","article_modified_time":"2026-02-18T17:51:49+00:00","og_image":[{"width":1600,"height":1600,"url":"https:\/\/forbabyboss.com\/wp-content\/uploads\/2022\/09\/Baby-Pram-Retro-Buggy-Set-Classic-Pushchair-3in1Travel-System-NEW-2022-FREEBIES-Olive-Green-black-frame.png","type":"image\/png"}],"twitter_card":"summary_large_image","twitter_misc":{"Becs\u00fclt olvas\u00e1si id\u0151":"3 perc"},"schema":{"@context":"https:\/\/schema.org","@graph":[{"@type":"WebPage","@id":"https:\/\/forbabyboss.com\/product\/new-baby-pram-retro-set-classic-pushchair-3in1-travel-system-olive-green-black-frame\/","url":"https:\/\/forbabyboss.com\/product\/new-baby-pram-retro-set-classic-pushchair-3in1-travel-system-olive-green-black-frame\/","name":"\u00daj babakocsi szett Retro klasszikus babakocsi 3 az 1-ben utaz\u00f3rendszer ol\u00edvaz\u00f6ld fekete v\u00e1zzal - Baby Boss-hoz","isPartOf":{"@id":"https:\/\/powderblue-seahorse-496884.hostingersite.com\/#website"},"primaryImageOfPage":{"@id":"https:\/\/forbabyboss.com\/product\/new-baby-pram-retro-set-classic-pushchair-3in1-travel-system-olive-green-black-frame\/#primaryimage"},"image":{"@id":"https:\/\/forbabyboss.com\/product\/new-baby-pram-retro-set-classic-pushchair-3in1-travel-system-olive-green-black-frame\/#primaryimage"},"thumbnailUrl":"https:\/\/forbabyboss.com\/wp-content\/uploads\/2022\/09\/Baby-Pram-Retro-Buggy-Set-Classic-Pushchair-3in1Travel-System-NEW-2022-FREEBIES-Olive-Green-black-frame.png","datePublished":"2022-09-15T10:23:59+00:00","dateModified":"2026-02-18T17:51:49+00:00","description":"\u00daj babakocsi Retro szett Klasszikus babakocsi 3 az 1-ben utaz\u00f3rendszerrel, ol\u00edvaz\u00f6ld, fekete v\u00e1zzal","breadcrumb":{"@id":"https:\/\/forbabyboss.com\/product\/new-baby-pram-retro-set-classic-pushchair-3in1-travel-system-olive-green-black-frame\/#breadcrumb"},"inLanguage":"hu","potentialAction":[{"@type":"ReadAction","target":["https:\/\/forbabyboss.com\/product\/new-baby-pram-retro-set-classic-pushchair-3in1-travel-system-olive-green-black-frame\/"]}]},{"@type":"ImageObject","inLanguage":"hu","@id":"https:\/\/forbabyboss.com\/product\/new-baby-pram-retro-set-classic-pushchair-3in1-travel-system-olive-green-black-frame\/#primaryimage","url":"https:\/\/forbabyboss.com\/wp-content\/uploads\/2022\/09\/Baby-Pram-Retro-Buggy-Set-Classic-Pushchair-3in1Travel-System-NEW-2022-FREEBIES-Olive-Green-black-frame.png","contentUrl":"https:\/\/forbabyboss.com\/wp-content\/uploads\/2022\/09\/Baby-Pram-Retro-Buggy-Set-Classic-Pushchair-3in1Travel-System-NEW-2022-FREEBIES-Olive-Green-black-frame.png","width":1600,"height":1600},{"@type":"BreadcrumbList","@id":"https:\/\/forbabyboss.com\/product\/new-baby-pram-retro-set-classic-pushchair-3in1-travel-system-olive-green-black-frame\/#breadcrumb","itemListElement":[{"@type":"ListItem","position":1,"name":"Home","item":"https:\/\/forbabyboss.com\/"},{"@type":"ListItem","position":2,"name":"Shop","item":"https:\/\/forbabyboss.com\/shop\/"},{"@type":"ListItem","position":3,"name":"New Baby Pram Retro Set Classic Pushchair 3in1 Travel System Olive Green Black Frame"}]},{"@type":"WebSite","@id":"https:\/\/powderblue-seahorse-496884.hostingersite.com\/#website","url":"https:\/\/powderblue-seahorse-496884.hostingersite.com\/","name":"A Baby Boss sz\u00e1m\u00e1ra","description":"Gy\u00f6ny\u00f6r\u0171 aj\u00e1nd\u00e9kok \u00e9s kieg\u00e9sz\u00edt\u0151k a baba f\u0151n\u00f6k\u00e9nek","potentialAction":[{"@type":"SearchAction","target":{"@type":"EntryPoint","urlTemplate":"https:\/\/powderblue-seahorse-496884.hostingersite.com\/?s={search_term_string}"},"query-input":{"@type":"PropertyValueSpecification","valueRequired":true,"valueName":"search_term_string"}}],"inLanguage":"hu"}]}},"_links":{"self":[{"href":"https:\/\/forbabyboss.com\/hu\/wp-json\/wp\/v2\/product\/5849","targetHints":{"allow":["GET"]}}],"collection":[{"href":"https:\/\/forbabyboss.com\/hu\/wp-json\/wp\/v2\/product"}],"about":[{"href":"https:\/\/forbabyboss.com\/hu\/wp-json\/wp\/v2\/types\/product"}],"wp:featuredmedia":[{"embeddable":true,"href":"https:\/\/forbabyboss.com\/hu\/wp-json\/wp\/v2\/media\/5850"}],"wp:attachment":[{"href":"https:\/\/forbabyboss.com\/hu\/wp-json\/wp\/v2\/media?parent=5849"}],"wp:term":[{"taxonomy":"product_brand","embeddable":true,"href":"https:\/\/forbabyboss.com\/hu\/wp-json\/wp\/v2\/product_brand?post=5849"},{"taxonomy":"product_cat","embeddable":true,"href":"https:\/\/forbabyboss.com\/hu\/wp-json\/wp\/v2\/product_cat?post=5849"},{"taxonomy":"product_tag","embeddable":true,"href":"https:\/\/forbabyboss.com\/hu\/wp-json\/wp\/v2\/product_tag?post=5849"}],"curies":[{"name":"wp","href":"https:\/\/api.w.org\/{rel}","templated":true}]}}