{"id":5885,"date":"2022-09-15T10:56:50","date_gmt":"2022-09-15T10:56:50","guid":{"rendered":"http:\/\/forbabyboss.com\/?post_type=product&#038;p=5885"},"modified":"2026-02-21T10:54:23","modified_gmt":"2026-02-21T10:54:23","slug":"3-az-1-ben-utazokeszlet-osszecsukhato-klasszikus-babakocsi-sarga-szinben","status":"publish","type":"product","link":"https:\/\/forbabyboss.com\/hu\/product\/3-in1-travel-set-folding-classic-baby-pram-in-yellow\/","title":{"rendered":"3 az 1-ben \u00f6sszecsukhat\u00f3 klasszikus babakocsi utaz\u00f3k\u00e9szlet s\u00e1rga sz\u00ednben"},"content":{"rendered":"<h2 style=\"text-align: justify;\"><span style=\"color: #e14d43;\"><strong>M\u00e9ly babakocsi<\/strong><\/span><\/h2>\n<p style=\"text-align: justify;\"><strong><span style=\"color: #000000;\">K\u00f6nny\u0171, alum\u00ednium v\u00e1zas, gondol\u00e1s felvon\u00f3r\u00f3l van sz\u00f3, amely els\u0151sorban \u00fajsz\u00fcl\u00f6ttek \u00e9s legfeljebb 9 kg s\u00faly\u00fa csecsem\u0151k biztons\u00e1gos sz\u00e1ll\u00edt\u00e1s\u00e1ra szolg\u00e1l.<\/span><\/strong><br \/>\n<strong><span style=\"color: #000000;\">Az Axel gondola kihajthat\u00f3 tet\u0151vel \u00e9s puha, pamut b\u00e9l\u00e9ssel rendelkezik, amely k\u00f6nnyen elt\u00e1vol\u00edthat\u00f3 mos\u00e1shoz.<\/span><\/strong><br \/>\n<strong><span style=\"color: #000000;\">A f\u00fclke nyithat\u00f3 szell\u0151z\u0151ablakkal van felszerelve.<\/span><\/strong><br \/>\n<strong><span style=\"color: #000000;\">Ezenk\u00edv\u00fcl a gondolafed\u00e9l sz\u00e9lfog\u00f3k\u00e9nt is m\u0171k\u00f6dik.<\/span><\/strong><br \/>\n<strong><span style=\"color: #000000;\">A gondola h\u00e1tt\u00e1ml\u00e1val is rendelkezik, amelynek magass\u00e1ga sima \u00e1ll\u00edt\u00e1si lehet\u0151s\u00e9ggel rendelkezik.<\/span><\/strong><\/p>\n<h2 style=\"text-align: justify;\"><span style=\"color: #e14d43;\"><strong>M\u00f3zeskos\u00e1r jellemz\u0151i:<\/strong><\/span><\/h2>\n<p style=\"text-align: justify;\"><strong><span style=\"color: #000000;\">\u2713 \u00f6sszecsukhat\u00f3 ponyva \u2013 v\u00e9di a gyermeket a nap \u00e9s az es\u0151 ellen<\/span><\/strong><br \/>\n<strong><span style=\"color: #000000;\">\u2713 pamut b\u00e9l\u00e9s \u2013 maxim\u00e1lis utaz\u00e1si k\u00e9nyelmet biztos\u00edt (mos\u00e1shoz k\u00f6nnyen kivehet\u0151)<\/span><\/strong><br \/>\n<strong><span style=\"color: #000000;\">\u2713 szell\u0151z\u0151ablak \u2013 friss leveg\u0151t biztos\u00edt a kocsi belsej\u00e9ben<\/span><\/strong><br \/>\n<strong><span style=\"color: #000000;\">\u2713 huzat \u2013 v\u00e9di a gyermeket a sz\u00e9l \u00e9s a hideg ellen<\/span><\/strong><br \/>\n<strong><span style=\"color: #000000;\">\u2713 m\u00f3zeskos\u00e1r b\u00f6lcs\u0151 funkci\u00f3val \u2013 lehet\u0151v\u00e9 teszi a gyermek hint\u00e1z\u00e1s\u00e1t (az oldals\u00f3 l\u00e1bak kihajt\u00e1s\u00e1val r\u00f6gz\u00edthet\u0151)<\/span><\/strong><br \/>\n<strong><span style=\"color: #000000;\">\u2713 \u00f6kol\u00f3gikus b\u0151rrel bor\u00edtott foganty\u00faval ell\u00e1tott m\u00f3zeskos\u00e1r \u2013 k\u00e9nyelmes hordoz\u00e1st biztos\u00edt.<\/span><\/strong><\/p>\n<h2 style=\"text-align: justify;\"><span style=\"color: #e14d43;\"><strong>Aut\u00f3s\u00fcl\u00e9s<\/strong><\/span><\/h2>\n<p style=\"text-align: justify;\"><strong><span style=\"color: #000000;\">Legfeljebb 10 kg s\u00faly\u00fa gyermekek sz\u00e1m\u00e1ra tervezt\u00e9k. ECE R44\/04 j\u00f3v\u00e1hagy\u00e1ssal rendelkezik, amely igazolja, hogy a term\u00e9k megfelel a szigor\u00fa biztons\u00e1gi el\u0151\u00edr\u00e1soknak, \u00e9s biztons\u00e1gosan haszn\u00e1lhat\u00f3 gyermeksz\u00e1ll\u00edt\u00e1sra aut\u00f3ban. Ezenk\u00edv\u00fcl az aut\u00f3s\u00fcl\u00e9s a k\u00e9szletben tal\u00e1lhat\u00f3 adapterek seg\u00edts\u00e9g\u00e9vel menetir\u00e1nynak megfelel\u0151en vagy menetir\u00e1nynak h\u00e1ttal is r\u00f6gz\u00edthet\u0151 a babakocsi v\u00e1z\u00e1ra.<\/span><\/strong><\/p>\n<p><strong><span style=\"color: #000000;\">\u2713 kieg\u00e9sz\u00edt\u0151 bet\u00e9t csecsem\u0151knek \u2013 lehet\u0151v\u00e9 teszi az \u00fajsz\u00fcl\u00f6ttek biztons\u00e1gos sz\u00e1ll\u00edt\u00e1s\u00e1t<\/span><\/strong><br \/>\n<strong><span style=\"color: #000000;\">\u2713 \u00e1ll\u00edthat\u00f3 foganty\u00fa \u2013 a legmagasabb ergon\u00f3mi\u00e1val jellemezhet\u0151 (t\u00e1maszt\u00f3 poz\u00edci\u00f3ba \u00e1ll\u00edthat\u00f3)<\/span><\/strong><br \/>\n<strong><span style=\"color: #000000;\">\u2713 b\u00f6lcs\u0151funkci\u00f3 \u2013 a speci\u00e1lisan profil\u00e1lt aljnak k\u00f6sz\u00f6nhet\u0151en<\/span><\/strong><br \/>\n<strong><span style=\"color: #000000;\">\u2713 f\u00e9nyvisszaver\u0151 elemekkel ell\u00e1tott l\u00e1bv\u00e9d\u0151 \u2013 v\u00e9d a hideg ellen (leszerelhet\u0151)<\/span><\/strong><br \/>\n<strong><span style=\"color: #000000;\">\u2713 levehet\u0151 es\u0151- \u00e9s napellenz\u0151 \u2013 megv\u00e9di a gyermeket a kedvez\u0151tlen id\u0151j\u00e1r\u00e1si k\u00f6r\u00fclm\u00e9nyekt\u0151l<\/span><\/strong><br \/>\n<strong><span style=\"color: #000000;\">\u2713 h\u00e1rompontos biztons\u00e1gi \u00f6vek k\u00f6zponti hossz\u00fas\u00e1g\u00e1ll\u00edt\u00e1ssal \u2013 biztons\u00e1got ny\u00fajtanak utaz\u00e1s k\u00f6zben<\/span><\/strong><br \/>\n<strong><span style=\"color: #000000;\">\u2713 kieg\u00e9sz\u00edt\u0151 v\u00e1llp\u00e1ntv\u00e9d\u0151k \u2013 a fokozott k\u00e9nyelem \u00e9rdek\u00e9ben utaz\u00e1s k\u00f6zben<\/span><\/strong><br \/>\n<strong><span style=\"color: #000000;\">\u2713 adapterek \u2013 lehet\u0151v\u00e9 teszik az \u00fcl\u00e9s felszerel\u00e9s\u00e9t a babakocsi v\u00e1z\u00e1ra<\/span><\/strong><\/p>\n<h2 style=\"text-align: justify;\"><span style=\"color: #e14d43;\"><strong>Babakocsi<\/strong><\/span><\/h2>\n<p style=\"text-align: justify;\"><strong><span style=\"color: #000000;\">A babakocsi t\u00f6k\u00e9letes egy kicsit id\u0151sebb, maximum 15 kg s\u00faly\u00fa gyermek sz\u00e1m\u00e1ra. Az Axel k\u00e9tf\u00e9le r\u00f6gz\u00edt\u00e9si lehet\u0151s\u00e9get k\u00edn\u00e1l: menetir\u00e1nynak h\u00e1ttal vagy el\u0151re n\u00e9zve \u2013 az \u00d6n preferenci\u00e1it\u00f3l f\u00fcgg\u0151en.<\/span><\/strong><br \/>\n<strong><span style=\"color: #000000;\">Egy kihajthat\u00f3 napellenz\u0151 \u00e9s egy sz\u00e9lfog\u00f3 funkci\u00f3val ell\u00e1tott huzat v\u00e9di gyermek\u00e9t a kedvez\u0151tlen id\u0151j\u00e1r\u00e1si k\u00f6r\u00fclm\u00e9nyekt\u0151l.<\/span><\/strong><\/p>\n<p><strong><span style=\"color: #000000;\">\u2713 \u00f6tpontos biztons\u00e1gi \u00f6vek puha bet\u00e9tekkel \u2013 v\u00e9delmet \u00e9s k\u00e9nyelmet biztos\u00edtanak utaz\u00e1s k\u00f6zben<\/span><\/strong><br \/>\n<strong><span style=\"color: #000000;\">\u2713 \u00f6ko-b\u0151r v\u00e9d\u0151burkolat \u00e9s l\u00e1btart\u00f3 \u2013 s\u00e9r\u00fcl\u00e9s\u00e1ll\u00f3 \u00e9s k\u00f6nnyen tiszt\u00edthat\u00f3<\/span><\/strong><br \/>\n<strong><span style=\"color: #000000;\">\u2713 \u00e1ll\u00edthat\u00f3 l\u00e1btart\u00f3 \u2013 az optim\u00e1lis poz\u00edci\u00f3 \u00e9rdek\u00e9ben<\/span><\/strong><br \/>\n<strong><span style=\"color: #000000;\">\u2713 n\u00e9gy poz\u00edci\u00f3ban \u00e1ll\u00edthat\u00f3 h\u00e1tt\u00e1mla \u2013 optim\u00e1lis poz\u00edci\u00f3t biztos\u00edt \u00e9s n\u00f6veli a gyermek k\u00e9nyelm\u00e9t<\/span><\/strong><br \/>\n<strong><span style=\"color: #000000;\">\u2713 puha felf\u00fcggeszt\u00e9s\u0171 v\u00e1z \u2013 megv\u00e9di a gyermeket a kellemetlen \u00fct\u00e9sekt\u0151l egyenetlen fel\u00fcleten t\u00f6rt\u00e9n\u0151 vezet\u00e9s k\u00f6zben<\/span><\/strong><\/p>\n<h2 style=\"text-align: justify;\"><span style=\"color: #e14d43;\"><strong>Babakocsi keret<\/strong><\/span><\/h2>\n<p style=\"text-align: justify;\"><strong><span style=\"color: #000000;\">A kocsi szerkezete k\u00f6nny\u0171 alum\u00edniumb\u00f3l k\u00e9sz\u00fclt, m\u00edg az innovat\u00edv forg\u00f3r\u00e9sz,<\/span><\/strong><br \/>\n<strong><span style=\"color: #000000;\">A kocsi sima mozg\u00e1s\u00e1\u00e9rt poliuret\u00e1n gumiabroncs\u00fa goly\u00f3scsap\u00e1gyas kerekek felel\u0151sek. Az ilyen t\u00edpus\u00fa kerekek rendelkeznek a pump\u00e1lt kerekek minden tulajdons\u00e1g\u00e1val, s\u0151t, ,<\/span><\/strong><br \/>\n<strong><span style=\"color: #000000;\">nincsenek defektesek. Ennek eredm\u00e9nyek\u00e9nt probl\u00e9mamentesek, karbantart\u00e1smentesek \u00e9s nagyon tart\u00f3sak. Ezenk\u00edv\u00fcl egyenes halad\u00e1s eset\u00e9n blokkol\u00f3val is rendelkeznek.<\/span><\/strong><\/p>\n<p><span style=\"color: #e14d43;\"><strong>Keret jellemz\u0151i:<\/strong><\/span><\/p>\n<p><strong><span style=\"color: #000000;\">\u2713massz\u00edv \u00e9s k\u00f6nny\u0171 alum\u00ednium szerkezet<\/span><\/strong><br \/>\n<strong><span style=\"color: #000000;\">\u2713\u00c1ll\u00edthat\u00f3, \u00f6kol\u00f3gikus b\u0151rrel bevont foganty\u00fa \u2013 lehet\u0151v\u00e9 teszi a babakocsi egyszer\u0171 be\u00e1ll\u00edt\u00e1s\u00e1t a testmagass\u00e1ghoz.<\/span><\/strong><br \/>\n<strong><span style=\"color: #000000;\">\u2713puha felf\u00fcggeszt\u00e9s \u2013 az innovat\u00edv leng\u00e9scsillap\u00edt\u00f3 rendszer maxim\u00e1lis utaz\u00e1si k\u00e9nyelmet biztos\u00edt<\/span><\/strong><br \/>\n<strong><span style=\"color: #000000;\">\u2713k\u00f6zponti f\u00e9k (Easy Stop) \u2013 lehet\u0151v\u00e9 teszi a kocsi kerekeinek gyors blokkol\u00e1s\u00e1t<\/span><\/strong><br \/>\n<strong><span style=\"color: #000000;\">\u2713a babakocsi felhelyez\u00e9s\u00e9nek lehet\u0151s\u00e9ge \u2013 ez a funkci\u00f3 akkor lesz hasznos, ha a gyermeknek van egy id\u0151sebb testv\u00e9re<\/span><\/strong><br \/>\n<strong><span style=\"color: #000000;\">\u2713\u00f6sszecsukhat\u00f3 v\u00e1z \u2013 \u00f6sszecsukva kev\u00e9s helyet foglal, \u00e9s elf\u00e9r az aut\u00f3 csomagtart\u00f3j\u00e1ban<\/span><\/strong><\/p>\n<p>&nbsp;<\/p>\n<p><a href=\"http:\/\/forbabyboss.com\/wp-content\/uploads\/2022\/09\/checkout.png\"><img loading=\"lazy\" decoding=\"async\" class=\"alignnone wp-image-5965\" src=\"http:\/\/forbabyboss.com\/wp-content\/uploads\/2022\/09\/checkout.png\" alt=\"\" width=\"970\" height=\"357\" srcset=\"https:\/\/forbabyboss.com\/wp-content\/uploads\/2022\/09\/checkout.png 750w, https:\/\/forbabyboss.com\/wp-content\/uploads\/2022\/09\/checkout-600x221.png 600w\" sizes=\"auto, (max-width: 970px) 100vw, 970px\" \/><\/a><\/p>\n<p style=\"text-align: justify;\">","protected":false},"excerpt":{"rendered":"<p><a href=\"http:\/\/forbabyboss.com\/wp-content\/uploads\/2022\/09\/Star-Rating-5.png\"><img loading=\"lazy\" decoding=\"async\" class=\"alignnone size-full wp-image-5973 aligncenter\" src=\"http:\/\/forbabyboss.com\/wp-content\/uploads\/2022\/09\/Star-Rating-5.png\" alt=\"\" width=\"275\" height=\"45\" \/><\/a><\/p>\n<p style=\"text-align: center;\"><span style=\"color: #ed1c24; font-size: 120%;\"><b>\u00c1RGARANCIA<\/b><\/span><\/p>\n<p style=\"text-align: center;\"><span style=\"font-size: 115%;\"><span style=\"font-weight: 400; color: #4f4fa7;\">Ingyenes kisz\u00e1ll\u00edt\u00e1s<\/span><span style=\"font-weight: 400;\"> \u2013 2 \u2013 7 nap<\/span><\/span><\/p>\n<p style=\"text-align: center;\"><strong><span style=\"color: #29606b;\">Ingyenes aj\u00e1nd\u00e9k 100 font feletti v\u00e1s\u00e1rl\u00e1s eset\u00e9n<\/span><\/strong><\/p>","protected":false},"featured_media":5887,"template":"","meta":[],"product_brand":[370],"product_cat":[337,339,156,305,210,130,209,211,260],"product_tag":[163,199],"class_list":{"0":"post-5885","1":"product","2":"type-product","3":"status-publish","4":"has-post-thumbnail","6":"product_brand-babylux","7":"product_cat-500-to-600","8":"product_cat-700-to-800","9":"product_cat-3-in-1","10":"product_cat-colour","11":"product_cat-grey","12":"product_cat-prams","13":"product_cat-push-chairs","14":"product_cat-stroller","15":"product_cat-yellow","16":"product_tag-3-in-1-prams","17":"product_tag-prams","19":"first","20":"instock","21":"sale","22":"shipping-taxable","23":"purchasable","24":"product-type-simple"},"yoast_head":"<!-- This site is optimized with the Yoast SEO plugin v27.6 - https:\/\/yoast.com\/product\/yoast-seo-wordpress\/ -->\n<title>3 in1 Travel Set Folding Classic Baby Pram in Yellow - For Baby Boss<\/title>\n<meta name=\"description\" content=\"3 in1 Travel Set Folding Classic Baby Pram in Yellow\" \/>\n<meta name=\"robots\" content=\"index, follow, max-snippet:-1, max-image-preview:large, max-video-preview:-1\" \/>\n<link rel=\"canonical\" href=\"https:\/\/forbabyboss.com\/hu\/termek\/3-az-1-ben-utazokeszlet-osszecsukhato-klasszikus-babakocsi-sarga-szinben\/\" \/>\n<meta property=\"og:locale\" content=\"hu_HU\" \/>\n<meta property=\"og:type\" content=\"article\" \/>\n<meta property=\"og:title\" content=\"3 in1 Travel Set Folding Classic Baby Pram in Yellow - For Baby Boss\" \/>\n<meta property=\"og:description\" content=\"3 in1 Travel Set Folding Classic Baby Pram in Yellow\" \/>\n<meta property=\"og:url\" content=\"https:\/\/forbabyboss.com\/hu\/termek\/3-az-1-ben-utazokeszlet-osszecsukhato-klasszikus-babakocsi-sarga-szinben\/\" \/>\n<meta property=\"og:site_name\" content=\"For Baby Boss\" \/>\n<meta property=\"article:modified_time\" content=\"2026-02-21T10:54:23+00:00\" \/>\n<meta property=\"og:image\" content=\"https:\/\/forbabyboss.com\/wp-content\/uploads\/2022\/09\/Baby-Pram-Classic-Buggy-Retro-Pushchair-3-in1-Travel-Set-Folding-Newborns-Yellow-800x800.png\" \/>\n\t<meta property=\"og:image:width\" content=\"800\" \/>\n\t<meta property=\"og:image:height\" content=\"800\" \/>\n\t<meta property=\"og:image:type\" content=\"image\/png\" \/>\n<meta name=\"twitter:card\" content=\"summary_large_image\" \/>\n<meta name=\"twitter:label1\" content=\"Becs\u00fclt olvas\u00e1si id\u0151\" \/>\n\t<meta name=\"twitter:data1\" content=\"3 perc\" \/>\n<script type=\"application\/ld+json\" class=\"yoast-schema-graph\">{\"@context\":\"https:\\\/\\\/schema.org\",\"@graph\":[{\"@type\":\"WebPage\",\"@id\":\"https:\\\/\\\/forbabyboss.com\\\/product\\\/3-in1-travel-set-folding-classic-baby-pram-in-yellow\\\/\",\"url\":\"https:\\\/\\\/forbabyboss.com\\\/product\\\/3-in1-travel-set-folding-classic-baby-pram-in-yellow\\\/\",\"name\":\"3 in1 Travel Set Folding Classic Baby Pram in Yellow - For Baby Boss\",\"isPartOf\":{\"@id\":\"https:\\\/\\\/powderblue-seahorse-496884.hostingersite.com\\\/#website\"},\"primaryImageOfPage\":{\"@id\":\"https:\\\/\\\/forbabyboss.com\\\/product\\\/3-in1-travel-set-folding-classic-baby-pram-in-yellow\\\/#primaryimage\"},\"image\":{\"@id\":\"https:\\\/\\\/forbabyboss.com\\\/product\\\/3-in1-travel-set-folding-classic-baby-pram-in-yellow\\\/#primaryimage\"},\"thumbnailUrl\":\"https:\\\/\\\/forbabyboss.com\\\/wp-content\\\/uploads\\\/2022\\\/09\\\/Baby-Pram-Classic-Buggy-Retro-Pushchair-3-in1-Travel-Set-Folding-Newborns-Yellow.png\",\"datePublished\":\"2022-09-15T10:56:50+00:00\",\"dateModified\":\"2026-02-21T10:54:23+00:00\",\"description\":\"3 in1 Travel Set Folding Classic Baby Pram in Yellow\",\"breadcrumb\":{\"@id\":\"https:\\\/\\\/forbabyboss.com\\\/product\\\/3-in1-travel-set-folding-classic-baby-pram-in-yellow\\\/#breadcrumb\"},\"inLanguage\":\"hu\",\"potentialAction\":[{\"@type\":\"ReadAction\",\"target\":[\"https:\\\/\\\/forbabyboss.com\\\/product\\\/3-in1-travel-set-folding-classic-baby-pram-in-yellow\\\/\"]}]},{\"@type\":\"ImageObject\",\"inLanguage\":\"hu\",\"@id\":\"https:\\\/\\\/forbabyboss.com\\\/product\\\/3-in1-travel-set-folding-classic-baby-pram-in-yellow\\\/#primaryimage\",\"url\":\"https:\\\/\\\/forbabyboss.com\\\/wp-content\\\/uploads\\\/2022\\\/09\\\/Baby-Pram-Classic-Buggy-Retro-Pushchair-3-in1-Travel-Set-Folding-Newborns-Yellow.png\",\"contentUrl\":\"https:\\\/\\\/forbabyboss.com\\\/wp-content\\\/uploads\\\/2022\\\/09\\\/Baby-Pram-Classic-Buggy-Retro-Pushchair-3-in1-Travel-Set-Folding-Newborns-Yellow.png\",\"width\":1600,\"height\":1600},{\"@type\":\"BreadcrumbList\",\"@id\":\"https:\\\/\\\/forbabyboss.com\\\/product\\\/3-in1-travel-set-folding-classic-baby-pram-in-yellow\\\/#breadcrumb\",\"itemListElement\":[{\"@type\":\"ListItem\",\"position\":1,\"name\":\"Home\",\"item\":\"https:\\\/\\\/forbabyboss.com\\\/\"},{\"@type\":\"ListItem\",\"position\":2,\"name\":\"Shop\",\"item\":\"https:\\\/\\\/forbabyboss.com\\\/shop\\\/\"},{\"@type\":\"ListItem\",\"position\":3,\"name\":\"3 in1 Travel Set Folding Classic Baby Pram in Yellow\"}]},{\"@type\":\"WebSite\",\"@id\":\"https:\\\/\\\/powderblue-seahorse-496884.hostingersite.com\\\/#website\",\"url\":\"https:\\\/\\\/powderblue-seahorse-496884.hostingersite.com\\\/\",\"name\":\"For Baby Boss\",\"description\":\"Beautiful gifts and accessories for your baby boss\",\"potentialAction\":[{\"@type\":\"SearchAction\",\"target\":{\"@type\":\"EntryPoint\",\"urlTemplate\":\"https:\\\/\\\/powderblue-seahorse-496884.hostingersite.com\\\/?s={search_term_string}\"},\"query-input\":{\"@type\":\"PropertyValueSpecification\",\"valueRequired\":true,\"valueName\":\"search_term_string\"}}],\"inLanguage\":\"hu\"}]}<\/script>\n<!-- \/ Yoast SEO plugin. -->","yoast_head_json":{"title":"3 az 1-ben \u00f6sszecsukhat\u00f3 klasszikus utaz\u00f3szett s\u00e1rga sz\u00ednben - Baby Boss-nak","description":"3 az 1-ben \u00f6sszecsukhat\u00f3 klasszikus babakocsi utaz\u00f3k\u00e9szlet s\u00e1rga sz\u00ednben","robots":{"index":"index","follow":"follow","max-snippet":"max-snippet:-1","max-image-preview":"max-image-preview:large","max-video-preview":"max-video-preview:-1"},"canonical":"https:\/\/forbabyboss.com\/hu\/termek\/3-az-1-ben-utazokeszlet-osszecsukhato-klasszikus-babakocsi-sarga-szinben\/","og_locale":"hu_HU","og_type":"article","og_title":"3 in1 Travel Set Folding Classic Baby Pram in Yellow - For Baby Boss","og_description":"3 in1 Travel Set Folding Classic Baby Pram in Yellow","og_url":"https:\/\/forbabyboss.com\/hu\/termek\/3-az-1-ben-utazokeszlet-osszecsukhato-klasszikus-babakocsi-sarga-szinben\/","og_site_name":"For Baby Boss","article_modified_time":"2026-02-21T10:54:23+00:00","og_image":[{"width":800,"height":800,"url":"https:\/\/forbabyboss.com\/wp-content\/uploads\/2022\/09\/Baby-Pram-Classic-Buggy-Retro-Pushchair-3-in1-Travel-Set-Folding-Newborns-Yellow-800x800.png","type":"image\/png"}],"twitter_card":"summary_large_image","twitter_misc":{"Becs\u00fclt olvas\u00e1si id\u0151":"3 perc"},"schema":{"@context":"https:\/\/schema.org","@graph":[{"@type":"WebPage","@id":"https:\/\/forbabyboss.com\/product\/3-in1-travel-set-folding-classic-baby-pram-in-yellow\/","url":"https:\/\/forbabyboss.com\/product\/3-in1-travel-set-folding-classic-baby-pram-in-yellow\/","name":"3 az 1-ben \u00f6sszecsukhat\u00f3 klasszikus utaz\u00f3szett s\u00e1rga sz\u00ednben - Baby Boss-nak","isPartOf":{"@id":"https:\/\/powderblue-seahorse-496884.hostingersite.com\/#website"},"primaryImageOfPage":{"@id":"https:\/\/forbabyboss.com\/product\/3-in1-travel-set-folding-classic-baby-pram-in-yellow\/#primaryimage"},"image":{"@id":"https:\/\/forbabyboss.com\/product\/3-in1-travel-set-folding-classic-baby-pram-in-yellow\/#primaryimage"},"thumbnailUrl":"https:\/\/forbabyboss.com\/wp-content\/uploads\/2022\/09\/Baby-Pram-Classic-Buggy-Retro-Pushchair-3-in1-Travel-Set-Folding-Newborns-Yellow.png","datePublished":"2022-09-15T10:56:50+00:00","dateModified":"2026-02-21T10:54:23+00:00","description":"3 az 1-ben \u00f6sszecsukhat\u00f3 klasszikus babakocsi utaz\u00f3k\u00e9szlet s\u00e1rga sz\u00ednben","breadcrumb":{"@id":"https:\/\/forbabyboss.com\/product\/3-in1-travel-set-folding-classic-baby-pram-in-yellow\/#breadcrumb"},"inLanguage":"hu","potentialAction":[{"@type":"ReadAction","target":["https:\/\/forbabyboss.com\/product\/3-in1-travel-set-folding-classic-baby-pram-in-yellow\/"]}]},{"@type":"ImageObject","inLanguage":"hu","@id":"https:\/\/forbabyboss.com\/product\/3-in1-travel-set-folding-classic-baby-pram-in-yellow\/#primaryimage","url":"https:\/\/forbabyboss.com\/wp-content\/uploads\/2022\/09\/Baby-Pram-Classic-Buggy-Retro-Pushchair-3-in1-Travel-Set-Folding-Newborns-Yellow.png","contentUrl":"https:\/\/forbabyboss.com\/wp-content\/uploads\/2022\/09\/Baby-Pram-Classic-Buggy-Retro-Pushchair-3-in1-Travel-Set-Folding-Newborns-Yellow.png","width":1600,"height":1600},{"@type":"BreadcrumbList","@id":"https:\/\/forbabyboss.com\/product\/3-in1-travel-set-folding-classic-baby-pram-in-yellow\/#breadcrumb","itemListElement":[{"@type":"ListItem","position":1,"name":"Home","item":"https:\/\/forbabyboss.com\/"},{"@type":"ListItem","position":2,"name":"Shop","item":"https:\/\/forbabyboss.com\/shop\/"},{"@type":"ListItem","position":3,"name":"3 in1 Travel Set Folding Classic Baby Pram in Yellow"}]},{"@type":"WebSite","@id":"https:\/\/powderblue-seahorse-496884.hostingersite.com\/#website","url":"https:\/\/powderblue-seahorse-496884.hostingersite.com\/","name":"A Baby Boss sz\u00e1m\u00e1ra","description":"Gy\u00f6ny\u00f6r\u0171 aj\u00e1nd\u00e9kok \u00e9s kieg\u00e9sz\u00edt\u0151k a baba f\u0151n\u00f6k\u00e9nek","potentialAction":[{"@type":"SearchAction","target":{"@type":"EntryPoint","urlTemplate":"https:\/\/powderblue-seahorse-496884.hostingersite.com\/?s={search_term_string}"},"query-input":{"@type":"PropertyValueSpecification","valueRequired":true,"valueName":"search_term_string"}}],"inLanguage":"hu"}]}},"_links":{"self":[{"href":"https:\/\/forbabyboss.com\/hu\/wp-json\/wp\/v2\/product\/5885","targetHints":{"allow":["GET"]}}],"collection":[{"href":"https:\/\/forbabyboss.com\/hu\/wp-json\/wp\/v2\/product"}],"about":[{"href":"https:\/\/forbabyboss.com\/hu\/wp-json\/wp\/v2\/types\/product"}],"wp:featuredmedia":[{"embeddable":true,"href":"https:\/\/forbabyboss.com\/hu\/wp-json\/wp\/v2\/media\/5887"}],"wp:attachment":[{"href":"https:\/\/forbabyboss.com\/hu\/wp-json\/wp\/v2\/media?parent=5885"}],"wp:term":[{"taxonomy":"product_brand","embeddable":true,"href":"https:\/\/forbabyboss.com\/hu\/wp-json\/wp\/v2\/product_brand?post=5885"},{"taxonomy":"product_cat","embeddable":true,"href":"https:\/\/forbabyboss.com\/hu\/wp-json\/wp\/v2\/product_cat?post=5885"},{"taxonomy":"product_tag","embeddable":true,"href":"https:\/\/forbabyboss.com\/hu\/wp-json\/wp\/v2\/product_tag?post=5885"}],"curies":[{"name":"wp","href":"https:\/\/api.w.org\/{rel}","templated":true}]}}