{"id":5958,"date":"2022-09-15T14:46:32","date_gmt":"2022-09-15T14:46:32","guid":{"rendered":"http:\/\/forbabyboss.com\/?post_type=product&#038;p=5958"},"modified":"2023-10-03T11:13:15","modified_gmt":"2023-10-03T11:13:15","slug":"kek-paisley-babakocsi-3-az-1-ben-utazorendszerrel-isofix-talppal-ujszulottnek","status":"publish","type":"product","link":"https:\/\/forbabyboss.com\/hu\/product\/blue-paisley-pram-3in1-travel-system-isofix-base-for-newborn\/","title":{"rendered":"K\u00e9k Paisley babakocsi 3 az 1-ben utaz\u00f3rendszerrel, Isofix talp \u00fajsz\u00fcl\u00f6tteknek"},"content":{"rendered":"<h3 style=\"font-weight: 400; text-align: justify;\"><span style=\"color: #e14d43;\"><strong>Jellemz\u0151k:<\/strong><\/span><\/h3>\n<ul style=\"text-align: justify;\">\n<li style=\"font-weight: 400;\"><strong><span style=\"color: #282828;\">El\u0151re \u00e9s h\u00e1trafel\u00e9 menet m\u00f3d<\/span><\/strong><\/li>\n<li style=\"font-weight: 400;\"><strong><span style=\"color: #282828;\">h\u00e1l\u00f3s ablak a motorh\u00e1ztet\u0151 h\u00e1tulj\u00e1n<\/span><\/strong><\/li>\n<li style=\"font-weight: 400;\"><strong><span style=\"color: #282828;\">A gondola puha b\u00e9l\u00e9ssel rendelkezik, amely mos\u00e1shoz levehet\u0151<\/span><\/strong><\/li>\n<li style=\"font-weight: 400;\"><strong><span style=\"color: #282828;\">A gondola fedele felemelhet\u0151, \u00edgy sz\u00e9lfog\u00f3t lehet l\u00e9trehozni<\/span><\/strong><\/li>\n<li style=\"font-weight: 400;\"><strong><span style=\"color: #282828;\">meghosszabb\u00edtott kapucni<\/span><\/strong><\/li>\n<li style=\"font-weight: 400;\"><strong><span style=\"color: #282828;\">a babakocsi 5 pontos biztons\u00e1gi \u00f6vvel van felszerelve<\/span><\/strong><\/li>\n<li style=\"font-weight: 400;\"><strong><span style=\"color: #282828;\">\u00f6ko b\u0151rrel bevont l\u00e1btart\u00f3 \u00e9s biztons\u00e1gi r\u00fad<\/span><\/strong><\/li>\n<li style=\"font-weight: 400;\"><strong><span style=\"color: #282828;\">T\u00f6bbszint\u0171 \u00e1ll\u00edthat\u00f3 foganty\u00fa<\/span><\/strong><\/li>\n<li style=\"font-weight: 400;\"><strong><span style=\"color: #282828;\">\u00c1ll\u00edthat\u00f3 felf\u00fcggeszt\u00e9s<\/span><\/strong><\/li>\n<li style=\"font-weight: 400;\"><strong><span style=\"color: #282828;\">\u00c1ll\u00edthat\u00f3 l\u00e1b- \u00e9s h\u00e1tt\u00e1mla<\/span><\/strong><\/li>\n<li style=\"font-weight: 400;\"><strong><span style=\"color: #282828;\">Massz\u00edv v\u00e1z<\/span><\/strong><\/li>\n<li style=\"font-weight: 400;\"><strong><span style=\"color: #282828;\">K\u00f6zponti f\u00e9k EASY STOP<\/span><\/strong><\/li>\n<li style=\"font-weight: 400;\"><strong><span style=\"color: #282828;\">Nagy bev\u00e1s\u00e1rl\u00f3kos\u00e1r<\/span><\/strong><\/li>\n<\/ul>\n<h3 style=\"font-weight: 400; text-align: justify;\"><strong><span style=\"color: #e14d43;\">Az aut\u00f3s\u00fcl\u00e9s jellemz\u0151i:<\/span><\/strong><\/h3>\n<ul style=\"text-align: justify;\">\n<li style=\"font-weight: 400;\"><strong><span style=\"color: #282828;\">kieg\u00e9sz\u00edt\u0151 bet\u00e9t csecsem\u0151knek<\/span><\/strong><\/li>\n<li style=\"font-weight: 400;\"><strong><span style=\"color: #282828;\">\u00e1ll\u00edthat\u00f3 foganty\u00fa<\/span><\/strong><\/li>\n<li style=\"font-weight: 400;\"><strong><span style=\"color: #282828;\">bor\u00edt\u00f3<\/span><\/strong><\/li>\n<li style=\"font-weight: 400;\"><strong><span style=\"color: #282828;\">levehet\u0151 kapucni<\/span><\/strong><\/li>\n<li style=\"font-weight: 400;\"><strong><span style=\"color: #282828;\">3 pontos biztons\u00e1gi \u00f6vek<\/span><\/strong><\/li>\n<\/ul>\n<h3 style=\"text-align: justify;\"><strong><span style=\"color: #e14d43;\">Felszerel\u00e9s:<\/span><\/strong><\/h3>\n<ul style=\"text-align: justify;\">\n<li style=\"font-weight: 400;\"><strong><span style=\"color: #282828;\">\u00f6ko b\u0151r foganty\u00faval ell\u00e1tott keret<\/span><\/strong><\/li>\n<li style=\"font-weight: 400;\"><strong><span style=\"color: #282828;\">gondola \u00e1ll\u00edthat\u00f3 h\u00e1tt\u00e1ml\u00e1val<\/span><\/strong><\/li>\n<li style=\"font-weight: 400;\"><strong><span style=\"color: #282828;\">babakocsi<\/span><\/strong><\/li>\n<li style=\"font-weight: 400;\"><strong><span style=\"color: #282828;\">k\u00e9t huzat (babakocsihoz \u00e9s gondol\u00e1hoz)<\/span><\/strong><\/li>\n<li style=\"font-weight: 400;\"><strong><span style=\"color: #282828;\">multifunkcion\u00e1lis aut\u00f3s\u00fcl\u00e9s adapterekkel<\/span><\/strong><\/li>\n<li style=\"font-weight: 400;\"><strong><span style=\"color: #282828;\">es\u0151v\u00e9d\u0151<\/span><\/strong><\/li>\n<li style=\"font-weight: 400;\"><strong><span style=\"color: #282828;\">sz\u00fanyogh\u00e1l\u00f3<\/span><\/strong><\/li>\n<li style=\"font-weight: 400;\"><strong><span style=\"color: #282828;\">leveg\u0151vel t\u00f6lt\u00f6tt forg\u00f3 kerekek<\/span><\/strong><\/li>\n<li style=\"font-weight: 400;\"><strong><span style=\"color: #282828;\">nagy zseb a t\u00e1ska h\u00e1tulj\u00e1n \u00e9s k\u00e9t kisebb az oldal\u00e1n<\/span><\/strong><\/li>\n<\/ul>\n<p style=\"font-weight: 400; text-align: justify;\"><strong><span style=\"color: #282828;\">\u00d6sszecsukott keret kerekekkel (hossz\u00fas\u00e1g x sz\u00e9less\u00e9g x magass\u00e1g): 85x60x40cm<\/span><\/strong><\/p>\n<p style=\"font-weight: 400; text-align: justify;\"><strong><span style=\"color: #282828;\">\u00d6sszeszerelt babakocsi (magass\u00e1g x sz\u00e9less\u00e9g x hossz\u00fas\u00e1g): 115x60x95cm<\/span><\/strong><\/p>\n<p style=\"font-weight: 400; text-align: justify;\"><strong><span style=\"color: #282828;\">Gondola bel\u00fcl (sz\u00e9less\u00e9g x hossz\u00fas\u00e1g x magass\u00e1g): 36x80x20cm<\/span><\/strong><\/p>\n<p style=\"font-weight: 400; text-align: justify;\"><strong><span style=\"color: #282828;\">Babakocsi bel\u00fcl (sz\u00e9less\u00e9g x h\u00e1tt\u00e1mla hossza x \u00fcl\u00e9shossz x l\u00e1btart\u00f3 hossza): 34x48x26x23cm<\/span><\/strong><\/p>\n<p style=\"font-weight: 400; text-align: justify;\"><strong><span style=\"color: #282828;\">Kerekes v\u00e1z: 10 kg<\/span><\/strong><\/p>\n<p style=\"font-weight: 400; text-align: justify;\"><strong><span style=\"color: #282828;\">Babakocsi: 15 kg<\/span><\/strong><\/p>\n<p style=\"font-weight: 400; text-align: justify;\"><strong><span style=\"color: #282828;\">M\u00e9ly babakocsi: 16 kg<\/span><\/strong><\/p>\n<p style=\"font-weight: 400; text-align: justify;\"><strong><span style=\"color: #282828;\">Szab\u00e1lyozhat\u00f3 foganty\u00fatartom\u00e1ny: 70 cm-t\u0151l 115 cm-ig<\/span><\/strong><\/p>\n<p style=\"font-weight: 400; text-align: justify;\"><strong><span style=\"color: #282828;\">12 h\u00f3napos garancia<\/span><\/strong><\/p>\n<p>&nbsp;<\/p>\n<p><strong><a href=\"http:\/\/forbabyboss.com\/wp-content\/uploads\/2022\/09\/checkout.png\"><img loading=\"lazy\" decoding=\"async\" class=\"alignnone wp-image-5965\" src=\"http:\/\/forbabyboss.com\/wp-content\/uploads\/2022\/09\/checkout.png\" alt=\"\" width=\"1000\" height=\"368\" srcset=\"https:\/\/forbabyboss.com\/wp-content\/uploads\/2022\/09\/checkout.png 750w, https:\/\/forbabyboss.com\/wp-content\/uploads\/2022\/09\/checkout-600x221.png 600w\" sizes=\"auto, (max-width: 1000px) 100vw, 1000px\" \/><\/a><\/strong><\/p>","protected":false},"excerpt":{"rendered":"<p><a href=\"http:\/\/forbabyboss.com\/wp-content\/uploads\/2022\/09\/Star-Rating-5.png\"><img loading=\"lazy\" decoding=\"async\" class=\"alignnone size-full wp-image-5973 aligncenter\" src=\"http:\/\/forbabyboss.com\/wp-content\/uploads\/2022\/09\/Star-Rating-5.png\" alt=\"\" width=\"275\" height=\"45\" \/><\/a><\/p>\n<p style=\"text-align: center;\"><span style=\"color: #ed1c24; font-size: 120%;\"><b>\u00c1RGARANCIA<\/b><\/span><\/p>\n<p style=\"text-align: center;\"><span style=\"font-size: 115%;\"><span style=\"font-weight: 400; color: #4f4fa7;\">Ingyenes kisz\u00e1ll\u00edt\u00e1s<\/span><span style=\"font-weight: 400;\"> \u2013 2 \u2013 7 nap<\/span><\/span><\/p>\n<p style=\"text-align: center;\"><strong><span style=\"color: #29606b;\">Ingyenes aj\u00e1nd\u00e9k 100 font feletti v\u00e1s\u00e1rl\u00e1s eset\u00e9n<\/span><\/strong><\/p>","protected":false},"featured_media":5959,"template":"","meta":[],"product_brand":[],"product_cat":[338,339,156,305,270,303,130,209,211],"product_tag":[163,199],"class_list":{"0":"post-5958","1":"product","2":"type-product","3":"status-publish","4":"has-post-thumbnail","6":"product_cat-600-to-700","7":"product_cat-700-to-800","8":"product_cat-3-in-1","9":"product_cat-colour","10":"product_cat-multicolor","11":"product_cat-pattern","12":"product_cat-prams","13":"product_cat-push-chairs","14":"product_cat-stroller","15":"product_tag-3-in-1-prams","16":"product_tag-prams","18":"first","19":"instock","20":"sale","21":"shipping-taxable","22":"purchasable","23":"product-type-simple"},"yoast_head":"<!-- This site is optimized with the Yoast SEO plugin v27.5 - https:\/\/yoast.com\/product\/yoast-seo-wordpress\/ -->\n<title>Blue Paisley Pram 3in1 Travel System Isofix Base for Newborn - For Baby Boss<\/title>\n<meta name=\"description\" content=\"Blue Paisley Pram 3in1 Travel System Isofix Base for Newborn\" \/>\n<meta name=\"robots\" content=\"index, follow, max-snippet:-1, max-image-preview:large, max-video-preview:-1\" \/>\n<link rel=\"canonical\" href=\"https:\/\/forbabyboss.com\/hu\/termek\/kek-paisley-babakocsi-3-az-1-ben-utazorendszerrel-isofix-talppal-ujszulottnek\/\" \/>\n<meta property=\"og:locale\" content=\"hu_HU\" \/>\n<meta property=\"og:type\" content=\"article\" \/>\n<meta property=\"og:title\" content=\"Blue Paisley Pram 3in1 Travel System Isofix Base for Newborn - For Baby Boss\" \/>\n<meta property=\"og:description\" content=\"Blue Paisley Pram 3in1 Travel System Isofix Base for Newborn\" \/>\n<meta property=\"og:url\" content=\"https:\/\/forbabyboss.com\/hu\/termek\/kek-paisley-babakocsi-3-az-1-ben-utazorendszerrel-isofix-talppal-ujszulottnek\/\" \/>\n<meta property=\"og:site_name\" content=\"For Baby Boss\" \/>\n<meta property=\"article:modified_time\" content=\"2023-10-03T11:13:15+00:00\" \/>\n<meta property=\"og:image\" content=\"https:\/\/forbabyboss.com\/wp-content\/uploads\/2022\/09\/Baby-Pram-3-in-1-Pushchair-Travel-System-ISOFIX-Base-Car-Seat-Buggy-Newborn-Blue-Paisley.png\" \/>\n\t<meta property=\"og:image:width\" content=\"1204\" \/>\n\t<meta property=\"og:image:height\" content=\"852\" \/>\n\t<meta property=\"og:image:type\" content=\"image\/png\" \/>\n<meta name=\"twitter:card\" content=\"summary_large_image\" \/>\n<meta name=\"twitter:label1\" content=\"Becs\u00fclt olvas\u00e1si id\u0151\" \/>\n\t<meta name=\"twitter:data1\" content=\"2 perc\" \/>\n<script type=\"application\/ld+json\" class=\"yoast-schema-graph\">{\"@context\":\"https:\\\/\\\/schema.org\",\"@graph\":[{\"@type\":\"WebPage\",\"@id\":\"https:\\\/\\\/forbabyboss.com\\\/product\\\/blue-paisley-pram-3in1-travel-system-isofix-base-for-newborn\\\/\",\"url\":\"https:\\\/\\\/forbabyboss.com\\\/product\\\/blue-paisley-pram-3in1-travel-system-isofix-base-for-newborn\\\/\",\"name\":\"Blue Paisley Pram 3in1 Travel System Isofix Base for Newborn - For Baby Boss\",\"isPartOf\":{\"@id\":\"https:\\\/\\\/powderblue-seahorse-496884.hostingersite.com\\\/#website\"},\"primaryImageOfPage\":{\"@id\":\"https:\\\/\\\/forbabyboss.com\\\/product\\\/blue-paisley-pram-3in1-travel-system-isofix-base-for-newborn\\\/#primaryimage\"},\"image\":{\"@id\":\"https:\\\/\\\/forbabyboss.com\\\/product\\\/blue-paisley-pram-3in1-travel-system-isofix-base-for-newborn\\\/#primaryimage\"},\"thumbnailUrl\":\"https:\\\/\\\/forbabyboss.com\\\/wp-content\\\/uploads\\\/2022\\\/09\\\/Baby-Pram-3-in-1-Pushchair-Travel-System-ISOFIX-Base-Car-Seat-Buggy-Newborn-Blue-Paisley.png\",\"datePublished\":\"2022-09-15T14:46:32+00:00\",\"dateModified\":\"2023-10-03T11:13:15+00:00\",\"description\":\"Blue Paisley Pram 3in1 Travel System Isofix Base for Newborn\",\"breadcrumb\":{\"@id\":\"https:\\\/\\\/forbabyboss.com\\\/product\\\/blue-paisley-pram-3in1-travel-system-isofix-base-for-newborn\\\/#breadcrumb\"},\"inLanguage\":\"hu\",\"potentialAction\":[{\"@type\":\"ReadAction\",\"target\":[\"https:\\\/\\\/forbabyboss.com\\\/product\\\/blue-paisley-pram-3in1-travel-system-isofix-base-for-newborn\\\/\"]}]},{\"@type\":\"ImageObject\",\"inLanguage\":\"hu\",\"@id\":\"https:\\\/\\\/forbabyboss.com\\\/product\\\/blue-paisley-pram-3in1-travel-system-isofix-base-for-newborn\\\/#primaryimage\",\"url\":\"https:\\\/\\\/forbabyboss.com\\\/wp-content\\\/uploads\\\/2022\\\/09\\\/Baby-Pram-3-in-1-Pushchair-Travel-System-ISOFIX-Base-Car-Seat-Buggy-Newborn-Blue-Paisley.png\",\"contentUrl\":\"https:\\\/\\\/forbabyboss.com\\\/wp-content\\\/uploads\\\/2022\\\/09\\\/Baby-Pram-3-in-1-Pushchair-Travel-System-ISOFIX-Base-Car-Seat-Buggy-Newborn-Blue-Paisley.png\",\"width\":1204,\"height\":852},{\"@type\":\"BreadcrumbList\",\"@id\":\"https:\\\/\\\/forbabyboss.com\\\/product\\\/blue-paisley-pram-3in1-travel-system-isofix-base-for-newborn\\\/#breadcrumb\",\"itemListElement\":[{\"@type\":\"ListItem\",\"position\":1,\"name\":\"Home\",\"item\":\"https:\\\/\\\/forbabyboss.com\\\/\"},{\"@type\":\"ListItem\",\"position\":2,\"name\":\"Shop\",\"item\":\"https:\\\/\\\/forbabyboss.com\\\/shop\\\/\"},{\"@type\":\"ListItem\",\"position\":3,\"name\":\"Blue Paisley Pram 3in1 Travel System Isofix Base for Newborn\"}]},{\"@type\":\"WebSite\",\"@id\":\"https:\\\/\\\/powderblue-seahorse-496884.hostingersite.com\\\/#website\",\"url\":\"https:\\\/\\\/powderblue-seahorse-496884.hostingersite.com\\\/\",\"name\":\"For Baby Boss\",\"description\":\"Beautiful gifts and accessories for your baby boss\",\"potentialAction\":[{\"@type\":\"SearchAction\",\"target\":{\"@type\":\"EntryPoint\",\"urlTemplate\":\"https:\\\/\\\/powderblue-seahorse-496884.hostingersite.com\\\/?s={search_term_string}\"},\"query-input\":{\"@type\":\"PropertyValueSpecification\",\"valueRequired\":true,\"valueName\":\"search_term_string\"}}],\"inLanguage\":\"hu\"}]}<\/script>\n<!-- \/ Yoast SEO plugin. -->","yoast_head_json":{"title":"K\u00e9k Paisley babakocsi 3in1 Isofix utaz\u00f3rendszer \u00fajsz\u00fcl\u00f6tt talppal - Baby Boss","description":"K\u00e9k Paisley babakocsi 3 az 1-ben utaz\u00f3rendszerrel, Isofix talp \u00fajsz\u00fcl\u00f6tteknek","robots":{"index":"index","follow":"follow","max-snippet":"max-snippet:-1","max-image-preview":"max-image-preview:large","max-video-preview":"max-video-preview:-1"},"canonical":"https:\/\/forbabyboss.com\/hu\/termek\/kek-paisley-babakocsi-3-az-1-ben-utazorendszerrel-isofix-talppal-ujszulottnek\/","og_locale":"hu_HU","og_type":"article","og_title":"Blue Paisley Pram 3in1 Travel System Isofix Base for Newborn - For Baby Boss","og_description":"Blue Paisley Pram 3in1 Travel System Isofix Base for Newborn","og_url":"https:\/\/forbabyboss.com\/hu\/termek\/kek-paisley-babakocsi-3-az-1-ben-utazorendszerrel-isofix-talppal-ujszulottnek\/","og_site_name":"For Baby Boss","article_modified_time":"2023-10-03T11:13:15+00:00","og_image":[{"width":1204,"height":852,"url":"https:\/\/forbabyboss.com\/wp-content\/uploads\/2022\/09\/Baby-Pram-3-in-1-Pushchair-Travel-System-ISOFIX-Base-Car-Seat-Buggy-Newborn-Blue-Paisley.png","type":"image\/png"}],"twitter_card":"summary_large_image","twitter_misc":{"Becs\u00fclt olvas\u00e1si id\u0151":"2 perc"},"schema":{"@context":"https:\/\/schema.org","@graph":[{"@type":"WebPage","@id":"https:\/\/forbabyboss.com\/product\/blue-paisley-pram-3in1-travel-system-isofix-base-for-newborn\/","url":"https:\/\/forbabyboss.com\/product\/blue-paisley-pram-3in1-travel-system-isofix-base-for-newborn\/","name":"K\u00e9k Paisley babakocsi 3in1 Isofix utaz\u00f3rendszer \u00fajsz\u00fcl\u00f6tt talppal - Baby Boss","isPartOf":{"@id":"https:\/\/powderblue-seahorse-496884.hostingersite.com\/#website"},"primaryImageOfPage":{"@id":"https:\/\/forbabyboss.com\/product\/blue-paisley-pram-3in1-travel-system-isofix-base-for-newborn\/#primaryimage"},"image":{"@id":"https:\/\/forbabyboss.com\/product\/blue-paisley-pram-3in1-travel-system-isofix-base-for-newborn\/#primaryimage"},"thumbnailUrl":"https:\/\/forbabyboss.com\/wp-content\/uploads\/2022\/09\/Baby-Pram-3-in-1-Pushchair-Travel-System-ISOFIX-Base-Car-Seat-Buggy-Newborn-Blue-Paisley.png","datePublished":"2022-09-15T14:46:32+00:00","dateModified":"2023-10-03T11:13:15+00:00","description":"K\u00e9k Paisley babakocsi 3 az 1-ben utaz\u00f3rendszerrel, Isofix talp \u00fajsz\u00fcl\u00f6tteknek","breadcrumb":{"@id":"https:\/\/forbabyboss.com\/product\/blue-paisley-pram-3in1-travel-system-isofix-base-for-newborn\/#breadcrumb"},"inLanguage":"hu","potentialAction":[{"@type":"ReadAction","target":["https:\/\/forbabyboss.com\/product\/blue-paisley-pram-3in1-travel-system-isofix-base-for-newborn\/"]}]},{"@type":"ImageObject","inLanguage":"hu","@id":"https:\/\/forbabyboss.com\/product\/blue-paisley-pram-3in1-travel-system-isofix-base-for-newborn\/#primaryimage","url":"https:\/\/forbabyboss.com\/wp-content\/uploads\/2022\/09\/Baby-Pram-3-in-1-Pushchair-Travel-System-ISOFIX-Base-Car-Seat-Buggy-Newborn-Blue-Paisley.png","contentUrl":"https:\/\/forbabyboss.com\/wp-content\/uploads\/2022\/09\/Baby-Pram-3-in-1-Pushchair-Travel-System-ISOFIX-Base-Car-Seat-Buggy-Newborn-Blue-Paisley.png","width":1204,"height":852},{"@type":"BreadcrumbList","@id":"https:\/\/forbabyboss.com\/product\/blue-paisley-pram-3in1-travel-system-isofix-base-for-newborn\/#breadcrumb","itemListElement":[{"@type":"ListItem","position":1,"name":"Home","item":"https:\/\/forbabyboss.com\/"},{"@type":"ListItem","position":2,"name":"Shop","item":"https:\/\/forbabyboss.com\/shop\/"},{"@type":"ListItem","position":3,"name":"Blue Paisley Pram 3in1 Travel System Isofix Base for Newborn"}]},{"@type":"WebSite","@id":"https:\/\/powderblue-seahorse-496884.hostingersite.com\/#website","url":"https:\/\/powderblue-seahorse-496884.hostingersite.com\/","name":"A Baby Boss sz\u00e1m\u00e1ra","description":"Gy\u00f6ny\u00f6r\u0171 aj\u00e1nd\u00e9kok \u00e9s kieg\u00e9sz\u00edt\u0151k a baba f\u0151n\u00f6k\u00e9nek","potentialAction":[{"@type":"SearchAction","target":{"@type":"EntryPoint","urlTemplate":"https:\/\/powderblue-seahorse-496884.hostingersite.com\/?s={search_term_string}"},"query-input":{"@type":"PropertyValueSpecification","valueRequired":true,"valueName":"search_term_string"}}],"inLanguage":"hu"}]}},"_links":{"self":[{"href":"https:\/\/forbabyboss.com\/hu\/wp-json\/wp\/v2\/product\/5958","targetHints":{"allow":["GET"]}}],"collection":[{"href":"https:\/\/forbabyboss.com\/hu\/wp-json\/wp\/v2\/product"}],"about":[{"href":"https:\/\/forbabyboss.com\/hu\/wp-json\/wp\/v2\/types\/product"}],"wp:featuredmedia":[{"embeddable":true,"href":"https:\/\/forbabyboss.com\/hu\/wp-json\/wp\/v2\/media\/5959"}],"wp:attachment":[{"href":"https:\/\/forbabyboss.com\/hu\/wp-json\/wp\/v2\/media?parent=5958"}],"wp:term":[{"taxonomy":"product_brand","embeddable":true,"href":"https:\/\/forbabyboss.com\/hu\/wp-json\/wp\/v2\/product_brand?post=5958"},{"taxonomy":"product_cat","embeddable":true,"href":"https:\/\/forbabyboss.com\/hu\/wp-json\/wp\/v2\/product_cat?post=5958"},{"taxonomy":"product_tag","embeddable":true,"href":"https:\/\/forbabyboss.com\/hu\/wp-json\/wp\/v2\/product_tag?post=5958"}],"curies":[{"name":"wp","href":"https:\/\/api.w.org\/{rel}","templated":true}]}}