{"id":4584,"date":"2022-09-22T14:02:27","date_gmt":"2022-09-22T14:02:27","guid":{"rendered":"http:\/\/forbabyboss.com\/?post_type=product&#038;p=4584"},"modified":"2026-02-21T10:15:28","modified_gmt":"2026-02-21T10:15:28","slug":"passeggino-individuale-4-in-1-con-telaio-nero-e-rosso","status":"publish","type":"product","link":"https:\/\/forbabyboss.com\/it\/product\/baby-pram-individual-travel-system-stroller-4in1-in-black-and-red-frame\/","title":{"rendered":"Passeggino\/Sistema da viaggio individuale 4 in 1 per neonati, con telaio nero e rosso."},"content":{"rendered":"<p><strong><span style=\"color: #e14d43;\"><span style=\"font-family: Arial;\">COMPAGNO ESCLUSIVO PER\u00a0<\/span>ESPERIENZA CONFORTEVOLE\u00a0<\/span><\/strong><\/p>\n<p style=\"text-align: left;\" align=\"center\"><strong><span style=\"font-family: Arial;\">PRESTIGIO, COMFORT, UTILIT\u00c0: se ci chiedeste quali parole descrivono meglio il diamante Junama, questa sarebbe la nostra risposta.<\/span><\/strong><\/p>\n<p style=\"text-align: justify;\" align=\"center\"><strong><span style=\"font-family: Arial;\">Questo modello \u00e8 stato progettato con cura dai nostri migliori designer: il risultato \u00e8 stato eccezionale e ora \u00e8 finalmente giunto il momento di mostrarlo al mondo. \u00c8 la nostra risposta alla vostra richiesta di un passeggino straordinario ma minimalista. Unisce semplicit\u00e0 e funzionalit\u00e0, mantenendo al contempo un design unico. Oggi vi presentiamo:<\/span><\/strong><\/p>\n<p style=\"text-align: left;\" align=\"center\"><strong><span style=\"font-family: Arial;\">JUNAMA DIAMOND Individual V2<\/span><\/strong><\/p>\n<p style=\"text-align: justify;\" align=\"center\"><strong><span style=\"font-family: Arial;\">Nuovo standard per i passeggini JUNAMA nella versione V2<\/span><\/strong><\/p>\n<p style=\"text-align: justify;\" align=\"center\"><strong><span style=\"font-family: Arial;\">Seguendo le tendenze e le esigenze dei genitori, il marchio JUNAMA ha introdotto alcune modifiche, dando vita ai passeggini nella nuova versione V2. Ecco le caratteristiche principali:<\/span><\/strong><\/p>\n<p style=\"text-align: justify;\" align=\"center\"><strong><span style=\"font-family: Arial;\">Riduzione del peso \u2013 miglioramento della struttura di guida \u2013 possibilit\u00e0 di ripiegare la struttura con il sedile<\/span><\/strong><\/p>\n<p style=\"text-align: justify;\" align=\"center\"><strong><span style=\"font-family: Arial;\">l&#039;utilizzo di un sistema intuitivo di sgancio della navicella \u2013 miglioramento tecnologico delle ruote piroettanti<\/span><\/strong><\/p>\n<p style=\"text-align: justify;\" align=\"center\"><strong><span style=\"font-family: Arial;\">Borsa per la mamma progettata dai migliori designer, con funzione pieghevole, maggiore capacit\u00e0 e design moderno!<\/span><\/strong><\/p>\n<p style=\"text-align: justify;\" align=\"center\"><strong><span style=\"font-family: Arial;\">Modifica tecnologica del rivestimento interno della navicella che consente un rapido accesso alla navicella stessa!<\/span><\/strong><\/p>\n<p style=\"text-align: justify;\" align=\"center\"><strong><span style=\"font-family: Arial;\">Cambio gomme: utilizzo di un sistema di ruote perpetuo esente da manutenzione con strato in POLIURETANO! NOVIT\u00c0!<\/span><\/strong><\/p>\n<h4 style=\"text-align: justify;\" align=\"center\"><strong><span style=\"font-family: Arial;\"><span style=\"color: #e14d43;\">Ingegneria del prodotto<\/span>:<\/span><\/strong><\/h4>\n<p style=\"text-align: justify;\" align=\"center\"><strong><span style=\"font-family: Arial;\">\u2013 Sistema di aggancio MAX-CLICK<\/span><\/strong><\/p>\n<p style=\"text-align: justify;\" align=\"center\"><strong><span style=\"font-family: Arial;\">\u2013 Sistema di assorbimento degli urti \u201cAnti-shock\u201d<\/span><\/strong><\/p>\n<p style=\"text-align: justify;\" align=\"center\"><strong><span style=\"font-family: Arial;\">\u2013 Freno centrale<\/span><\/strong><\/p>\n<p style=\"text-align: justify;\" align=\"center\"><strong><span style=\"font-family: Arial;\">\u2013 Ruote in gel<\/span><\/strong><\/p>\n<p style=\"text-align: justify;\" align=\"center\"><strong><span style=\"font-family: Arial;\">\u2013 Ammortamento di costruzione a 6 punti<\/span><\/strong><\/p>\n<p style=\"text-align: justify;\" align=\"center\"><strong><span style=\"font-family: Arial;\">\u2013 Regolamentazione del manico in similpelle<\/span><\/strong><\/p>\n<p style=\"text-align: justify;\" align=\"center\"><strong><span style=\"font-family: Arial;\">\u2013 Navicella realizzata in 3D<\/span><\/strong><\/p>\n<p style=\"text-align: justify;\" align=\"center\"><strong><span style=\"font-family: Arial;\">\u2013 Regolamento sulle culle<\/span><\/strong><\/p>\n<p style=\"text-align: justify;\" align=\"center\"><strong><span style=\"font-family: Arial;\">\u2013 Materasso comodo e morbido<\/span><\/strong><\/p>\n<p style=\"text-align: justify;\" align=\"center\"><strong><span style=\"font-family: Arial;\">\u2013 Imbottitura e materasso in cotone 100%<\/span><\/strong><\/p>\n<p style=\"text-align: justify;\" align=\"center\"><strong><span style=\"font-family: Arial;\">\u2013 Barriera rimovibile nel passeggino in similpelle<\/span><\/strong><\/p>\n<p style=\"text-align: justify;\" align=\"center\"><strong><span style=\"font-family: Arial;\">\u2013 Innovativo sistema di ventilazione in carrozzina e passeggino<\/span><\/strong><\/p>\n<p style=\"text-align: justify;\" align=\"center\"><strong><span style=\"font-family: Arial;\">\u2013 Tessuto impermeabile e resistente ai raggi UV<\/span><\/strong><\/p>\n<h4 style=\"text-align: justify;\" align=\"center\"><strong><span style=\"font-family: Arial;\"><span style=\"color: #e14d43;\">Prezzo incluso<\/span>:<\/span><\/strong><\/h4>\n<p style=\"text-align: justify;\" align=\"center\"><strong><span style=\"font-family: Arial;\"><span style=\"color: #e14d43;\">2 in 1 contiene<\/span>:<\/span><\/strong><\/p>\n<p style=\"text-align: justify;\" align=\"center\"><strong><span style=\"font-family: Arial;\">Telaio in alluminio e ruote in gel<\/span><\/strong><\/p>\n<p style=\"text-align: justify;\" align=\"center\"><strong>\u2013 Navicella<\/strong><\/p>\n<p style=\"text-align: justify;\" align=\"center\"><strong><span style=\"font-family: Arial;\">\u2013 Materasso<\/span><\/strong><\/p>\n<p style=\"text-align: justify;\" align=\"center\"><strong>\u2013 Copertura per navicella<\/strong><\/p>\n<p style=\"text-align: justify;\" align=\"center\"><strong><span style=\"font-family: Arial;\">\u2013 Seduta (passeggino)<\/span><\/strong><\/p>\n<p style=\"text-align: justify;\" align=\"center\"><strong><span style=\"font-family: Arial;\">\u2013 Sacco nanna<\/span><\/strong><\/p>\n<p style=\"text-align: justify;\" align=\"center\"><strong><span style=\"font-family: Arial;\">\u2013 Borsa con fasciatoio<\/span><\/strong><\/p>\n<p style=\"text-align: justify;\" align=\"center\"><strong><span style=\"font-family: Arial;\">\u2013 Ampio cestino della spesa<\/span><\/strong><\/p>\n<p style=\"text-align: justify;\" align=\"center\"><strong><span style=\"font-family: Arial;\">\u2013 Copertura antipioggia<\/span><\/strong><\/p>\n<p style=\"text-align: justify;\" align=\"center\"><strong><span style=\"font-family: Arial;\">\u2013 Zanzariera<\/span><\/strong><\/p>\n<p style=\"text-align: justify;\" align=\"center\"><strong><span style=\"font-family: Arial;\">\u2013 Portabicchieri<\/span><\/strong><\/p>\n<h4 style=\"text-align: justify;\" align=\"center\"><strong><span style=\"font-family: Arial;\"><span style=\"color: #e14d43;\">Opzioni aggiuntive<\/span>:<\/span><\/strong><\/h4>\n<p style=\"text-align: justify;\" align=\"center\"><strong><span style=\"font-family: Arial;\">\u2013 Adattatori\u00a0<\/span><\/strong><\/p>\n<p style=\"text-align: justify;\" align=\"center\"><strong><span style=\"font-family: Arial;\">\u2013 Sacco a pelo\u00a0<\/span><\/strong><\/p>\n<p style=\"text-align: justify;\" align=\"center\"><strong><span style=\"font-family: Arial;\">\u2013 Ombrello<\/span><\/strong><\/p>\n<p style=\"text-align: justify;\" align=\"center\"><strong><span style=\"font-family: Arial;\">- Guanti<\/span><\/strong><\/p>\n<p style=\"text-align: justify;\" align=\"center\"><strong><span style=\"font-family: Arial;\">*Seggiolino auto (opzionale)<\/span><\/strong><\/p>\n<p style=\"text-align: justify;\" align=\"center\"><strong>*Base ISOFIX (opzionale)<\/strong><\/p>\n<p><strong><span style=\"color: #e14d43;\">Dimensioni\u00a0<\/span><\/strong><\/p>\n<p style=\"text-align: justify;\" align=\"center\"><strong><img decoding=\"async\" src=\"https:\/\/ppg4kids.com\/img\/cms\/wymiary.PNG\" \/><\/strong><\/p>\n<p style=\"text-align: left;\" align=\"center\"><a href=\"http:\/\/forbabyboss.com\/wp-content\/uploads\/2022\/09\/checkout.png\"><img loading=\"lazy\" decoding=\"async\" class=\"alignnone size-full wp-image-5965\" src=\"http:\/\/forbabyboss.com\/wp-content\/uploads\/2022\/09\/checkout.png\" alt=\"\" width=\"750\" height=\"276\" srcset=\"https:\/\/forbabyboss.com\/wp-content\/uploads\/2022\/09\/checkout.png 750w, https:\/\/forbabyboss.com\/wp-content\/uploads\/2022\/09\/checkout-600x221.png 600w\" sizes=\"auto, (max-width: 750px) 100vw, 750px\" \/><\/a><\/p>","protected":false},"excerpt":{"rendered":"<p><a href=\"http:\/\/forbabyboss.com\/wp-content\/uploads\/2022\/09\/Star-Rating-5.png\"><img loading=\"lazy\" decoding=\"async\" class=\"alignnone size-full wp-image-5973 aligncenter\" src=\"http:\/\/forbabyboss.com\/wp-content\/uploads\/2022\/09\/Star-Rating-5.png\" alt=\"\" width=\"275\" height=\"45\" \/><\/a><\/p>\n<p style=\"text-align: center;\"><span style=\"color: #ed1c24; font-size: 120%;\"><b>GARANZIA DI PARIT\u00c0 PREZZO<\/b><\/span><\/p>\n<p style=\"text-align: center;\"><span style=\"font-size: 115%;\"><span style=\"font-weight: 400; color: #4f4fa7;\">Consegna gratuita<\/span><span style=\"font-weight: 400;\"> \u2013 2 \u2013 7 giorni<\/span><\/span><\/p>\n<p style=\"text-align: center;\"><strong><span style=\"color: #29606b;\">Omaggio per acquisti superiori a 100 sterline<\/span><\/strong><\/p>","protected":false},"featured_media":4589,"template":"","meta":[],"product_brand":[584],"product_cat":[156,197,207,305,130,209,314,211],"product_tag":[163,200,171],"class_list":{"0":"post-4584","1":"product","2":"type-product","3":"status-publish","4":"has-post-thumbnail","6":"product_brand-junama","7":"product_cat-3-in-1","8":"product_cat-4-in-1-pram","9":"product_cat-black","10":"product_cat-colour","11":"product_cat-prams","12":"product_cat-push-chairs","13":"product_cat-red","14":"product_cat-stroller","15":"product_tag-3-in-1-prams","16":"product_tag-4-in-1-pram","17":"product_tag-pram","19":"first","20":"instock","21":"sale","22":"shipping-taxable","23":"purchasable","24":"product-type-simple"},"yoast_head":"<!-- This site is optimized with the Yoast SEO plugin v27.6 - https:\/\/yoast.com\/product\/yoast-seo-wordpress\/ -->\n<title>Baby Pram Individual Travel System Stroller 4in1 in Black and Red Frame - For Baby Boss<\/title>\n<meta name=\"description\" content=\"Baby Pram Individual Travel System Stroller 4in1 in Black and Red Frame\" \/>\n<meta name=\"robots\" content=\"index, follow, max-snippet:-1, max-image-preview:large, max-video-preview:-1\" \/>\n<link rel=\"canonical\" href=\"https:\/\/forbabyboss.com\/it\/product\/passeggino-individuale-4-in-1-con-telaio-nero-e-rosso\/\" \/>\n<meta property=\"og:locale\" content=\"it_IT\" \/>\n<meta property=\"og:type\" content=\"article\" \/>\n<meta property=\"og:title\" content=\"Baby Pram Individual Travel System Stroller 4in1 in Black and Red Frame - For Baby Boss\" \/>\n<meta property=\"og:description\" content=\"Baby Pram Individual Travel System Stroller 4in1 in Black and Red Frame\" \/>\n<meta property=\"og:url\" content=\"https:\/\/forbabyboss.com\/it\/product\/passeggino-individuale-4-in-1-con-telaio-nero-e-rosso\/\" \/>\n<meta property=\"og:site_name\" content=\"For Baby Boss\" \/>\n<meta property=\"article:modified_time\" content=\"2026-02-21T10:15:28+00:00\" \/>\n<meta property=\"og:image\" content=\"https:\/\/forbabyboss.com\/wp-content\/uploads\/2022\/09\/Baby-Pram-Pushchair-Junama-Individual-Travel-System-2in1-3in1-4in1-Car-Seat-4in13in1isofix-base-01_main.jpg\" \/>\n\t<meta property=\"og:image:width\" content=\"1020\" \/>\n\t<meta property=\"og:image:height\" content=\"1020\" \/>\n\t<meta property=\"og:image:type\" content=\"image\/jpeg\" \/>\n<meta name=\"twitter:card\" content=\"summary_large_image\" \/>\n<meta name=\"twitter:label1\" content=\"Tempo di lettura stimato\" \/>\n\t<meta name=\"twitter:data1\" content=\"2 minuti\" \/>\n<script type=\"application\/ld+json\" class=\"yoast-schema-graph\">{\"@context\":\"https:\\\/\\\/schema.org\",\"@graph\":[{\"@type\":\"WebPage\",\"@id\":\"https:\\\/\\\/forbabyboss.com\\\/product\\\/baby-pram-individual-travel-system-stroller-4in1-in-black-and-red-frame\\\/\",\"url\":\"https:\\\/\\\/forbabyboss.com\\\/product\\\/baby-pram-individual-travel-system-stroller-4in1-in-black-and-red-frame\\\/\",\"name\":\"Baby Pram Individual Travel System Stroller 4in1 in Black and Red Frame - For Baby Boss\",\"isPartOf\":{\"@id\":\"https:\\\/\\\/powderblue-seahorse-496884.hostingersite.com\\\/#website\"},\"primaryImageOfPage\":{\"@id\":\"https:\\\/\\\/forbabyboss.com\\\/product\\\/baby-pram-individual-travel-system-stroller-4in1-in-black-and-red-frame\\\/#primaryimage\"},\"image\":{\"@id\":\"https:\\\/\\\/forbabyboss.com\\\/product\\\/baby-pram-individual-travel-system-stroller-4in1-in-black-and-red-frame\\\/#primaryimage\"},\"thumbnailUrl\":\"https:\\\/\\\/forbabyboss.com\\\/wp-content\\\/uploads\\\/2022\\\/09\\\/Baby-Pram-Pushchair-Junama-Individual-Travel-System-2in1-3in1-4in1-Car-Seat-4in13in1isofix-base-01_main.jpg\",\"datePublished\":\"2022-09-22T14:02:27+00:00\",\"dateModified\":\"2026-02-21T10:15:28+00:00\",\"description\":\"Baby Pram Individual Travel System Stroller 4in1 in Black and Red Frame\",\"breadcrumb\":{\"@id\":\"https:\\\/\\\/forbabyboss.com\\\/product\\\/baby-pram-individual-travel-system-stroller-4in1-in-black-and-red-frame\\\/#breadcrumb\"},\"inLanguage\":\"it-IT\",\"potentialAction\":[{\"@type\":\"ReadAction\",\"target\":[\"https:\\\/\\\/forbabyboss.com\\\/product\\\/baby-pram-individual-travel-system-stroller-4in1-in-black-and-red-frame\\\/\"]}]},{\"@type\":\"ImageObject\",\"inLanguage\":\"it-IT\",\"@id\":\"https:\\\/\\\/forbabyboss.com\\\/product\\\/baby-pram-individual-travel-system-stroller-4in1-in-black-and-red-frame\\\/#primaryimage\",\"url\":\"https:\\\/\\\/forbabyboss.com\\\/wp-content\\\/uploads\\\/2022\\\/09\\\/Baby-Pram-Pushchair-Junama-Individual-Travel-System-2in1-3in1-4in1-Car-Seat-4in13in1isofix-base-01_main.jpg\",\"contentUrl\":\"https:\\\/\\\/forbabyboss.com\\\/wp-content\\\/uploads\\\/2022\\\/09\\\/Baby-Pram-Pushchair-Junama-Individual-Travel-System-2in1-3in1-4in1-Car-Seat-4in13in1isofix-base-01_main.jpg\",\"width\":1020,\"height\":1020},{\"@type\":\"BreadcrumbList\",\"@id\":\"https:\\\/\\\/forbabyboss.com\\\/product\\\/baby-pram-individual-travel-system-stroller-4in1-in-black-and-red-frame\\\/#breadcrumb\",\"itemListElement\":[{\"@type\":\"ListItem\",\"position\":1,\"name\":\"Home\",\"item\":\"https:\\\/\\\/forbabyboss.com\\\/\"},{\"@type\":\"ListItem\",\"position\":2,\"name\":\"Shop\",\"item\":\"https:\\\/\\\/forbabyboss.com\\\/shop\\\/\"},{\"@type\":\"ListItem\",\"position\":3,\"name\":\"Baby Pram Individual Travel System Stroller 4in1 in Black and Red Frame\"}]},{\"@type\":\"WebSite\",\"@id\":\"https:\\\/\\\/powderblue-seahorse-496884.hostingersite.com\\\/#website\",\"url\":\"https:\\\/\\\/powderblue-seahorse-496884.hostingersite.com\\\/\",\"name\":\"For Baby Boss\",\"description\":\"Beautiful gifts and accessories for your baby boss\",\"potentialAction\":[{\"@type\":\"SearchAction\",\"target\":{\"@type\":\"EntryPoint\",\"urlTemplate\":\"https:\\\/\\\/powderblue-seahorse-496884.hostingersite.com\\\/?s={search_term_string}\"},\"query-input\":{\"@type\":\"PropertyValueSpecification\",\"valueRequired\":true,\"valueName\":\"search_term_string\"}}],\"inLanguage\":\"it-IT\"}]}<\/script>\n<!-- \/ Yoast SEO plugin. -->","yoast_head_json":{"title":"Passeggino Baby Pram Individual Travel System 4 in 1 con telaio nero e rosso - Per Baby Boss","description":"Passeggino\/Sistema da viaggio individuale 4 in 1 per neonati, con telaio nero e rosso.","robots":{"index":"index","follow":"follow","max-snippet":"max-snippet:-1","max-image-preview":"max-image-preview:large","max-video-preview":"max-video-preview:-1"},"canonical":"https:\/\/forbabyboss.com\/it\/product\/passeggino-individuale-4-in-1-con-telaio-nero-e-rosso\/","og_locale":"it_IT","og_type":"article","og_title":"Baby Pram Individual Travel System Stroller 4in1 in Black and Red Frame - For Baby Boss","og_description":"Baby Pram Individual Travel System Stroller 4in1 in Black and Red Frame","og_url":"https:\/\/forbabyboss.com\/it\/product\/passeggino-individuale-4-in-1-con-telaio-nero-e-rosso\/","og_site_name":"For Baby Boss","article_modified_time":"2026-02-21T10:15:28+00:00","og_image":[{"width":1020,"height":1020,"url":"https:\/\/forbabyboss.com\/wp-content\/uploads\/2022\/09\/Baby-Pram-Pushchair-Junama-Individual-Travel-System-2in1-3in1-4in1-Car-Seat-4in13in1isofix-base-01_main.jpg","type":"image\/jpeg"}],"twitter_card":"summary_large_image","twitter_misc":{"Tempo di lettura stimato":"2 minuti"},"schema":{"@context":"https:\/\/schema.org","@graph":[{"@type":"WebPage","@id":"https:\/\/forbabyboss.com\/product\/baby-pram-individual-travel-system-stroller-4in1-in-black-and-red-frame\/","url":"https:\/\/forbabyboss.com\/product\/baby-pram-individual-travel-system-stroller-4in1-in-black-and-red-frame\/","name":"Passeggino Baby Pram Individual Travel System 4 in 1 con telaio nero e rosso - Per Baby Boss","isPartOf":{"@id":"https:\/\/powderblue-seahorse-496884.hostingersite.com\/#website"},"primaryImageOfPage":{"@id":"https:\/\/forbabyboss.com\/product\/baby-pram-individual-travel-system-stroller-4in1-in-black-and-red-frame\/#primaryimage"},"image":{"@id":"https:\/\/forbabyboss.com\/product\/baby-pram-individual-travel-system-stroller-4in1-in-black-and-red-frame\/#primaryimage"},"thumbnailUrl":"https:\/\/forbabyboss.com\/wp-content\/uploads\/2022\/09\/Baby-Pram-Pushchair-Junama-Individual-Travel-System-2in1-3in1-4in1-Car-Seat-4in13in1isofix-base-01_main.jpg","datePublished":"2022-09-22T14:02:27+00:00","dateModified":"2026-02-21T10:15:28+00:00","description":"Passeggino\/Sistema da viaggio individuale 4 in 1 per neonati, con telaio nero e rosso.","breadcrumb":{"@id":"https:\/\/forbabyboss.com\/product\/baby-pram-individual-travel-system-stroller-4in1-in-black-and-red-frame\/#breadcrumb"},"inLanguage":"it-IT","potentialAction":[{"@type":"ReadAction","target":["https:\/\/forbabyboss.com\/product\/baby-pram-individual-travel-system-stroller-4in1-in-black-and-red-frame\/"]}]},{"@type":"ImageObject","inLanguage":"it-IT","@id":"https:\/\/forbabyboss.com\/product\/baby-pram-individual-travel-system-stroller-4in1-in-black-and-red-frame\/#primaryimage","url":"https:\/\/forbabyboss.com\/wp-content\/uploads\/2022\/09\/Baby-Pram-Pushchair-Junama-Individual-Travel-System-2in1-3in1-4in1-Car-Seat-4in13in1isofix-base-01_main.jpg","contentUrl":"https:\/\/forbabyboss.com\/wp-content\/uploads\/2022\/09\/Baby-Pram-Pushchair-Junama-Individual-Travel-System-2in1-3in1-4in1-Car-Seat-4in13in1isofix-base-01_main.jpg","width":1020,"height":1020},{"@type":"BreadcrumbList","@id":"https:\/\/forbabyboss.com\/product\/baby-pram-individual-travel-system-stroller-4in1-in-black-and-red-frame\/#breadcrumb","itemListElement":[{"@type":"ListItem","position":1,"name":"Home","item":"https:\/\/forbabyboss.com\/"},{"@type":"ListItem","position":2,"name":"Shop","item":"https:\/\/forbabyboss.com\/shop\/"},{"@type":"ListItem","position":3,"name":"Baby Pram Individual Travel System Stroller 4in1 in Black and Red Frame"}]},{"@type":"WebSite","@id":"https:\/\/powderblue-seahorse-496884.hostingersite.com\/#website","url":"https:\/\/powderblue-seahorse-496884.hostingersite.com\/","name":"Per Baby Boss","description":"Bellissimi regali e accessori per il vostro capo bambino","potentialAction":[{"@type":"SearchAction","target":{"@type":"EntryPoint","urlTemplate":"https:\/\/powderblue-seahorse-496884.hostingersite.com\/?s={search_term_string}"},"query-input":{"@type":"PropertyValueSpecification","valueRequired":true,"valueName":"search_term_string"}}],"inLanguage":"it-IT"}]}},"_links":{"self":[{"href":"https:\/\/forbabyboss.com\/it\/wp-json\/wp\/v2\/product\/4584","targetHints":{"allow":["GET"]}}],"collection":[{"href":"https:\/\/forbabyboss.com\/it\/wp-json\/wp\/v2\/product"}],"about":[{"href":"https:\/\/forbabyboss.com\/it\/wp-json\/wp\/v2\/types\/product"}],"wp:featuredmedia":[{"embeddable":true,"href":"https:\/\/forbabyboss.com\/it\/wp-json\/wp\/v2\/media\/4589"}],"wp:attachment":[{"href":"https:\/\/forbabyboss.com\/it\/wp-json\/wp\/v2\/media?parent=4584"}],"wp:term":[{"taxonomy":"product_brand","embeddable":true,"href":"https:\/\/forbabyboss.com\/it\/wp-json\/wp\/v2\/product_brand?post=4584"},{"taxonomy":"product_cat","embeddable":true,"href":"https:\/\/forbabyboss.com\/it\/wp-json\/wp\/v2\/product_cat?post=4584"},{"taxonomy":"product_tag","embeddable":true,"href":"https:\/\/forbabyboss.com\/it\/wp-json\/wp\/v2\/product_tag?post=4584"}],"curies":[{"name":"wp","href":"https:\/\/api.w.org\/{rel}","templated":true}]}}