{"id":4980,"date":"2022-09-10T16:02:39","date_gmt":"2022-09-10T16:02:39","guid":{"rendered":"http:\/\/forbabyboss.com\/?post_type=product&#038;p=4980"},"modified":"2026-02-21T13:12:57","modified_gmt":"2026-02-21T13:12:57","slug":"passeggino-carrozzina-seggiolino-auto-3-in-1-sistema-di-viaggio-tutto-in-uno-colore-grigio-flessibile","status":"publish","type":"product","link":"https:\/\/forbabyboss.com\/it\/product\/baby-buggy-pram-car-seat-3-in-1-travel-system-pushchair-all-in-one-in-grey-flex\/","title":{"rendered":"Passeggino, carrozzina, seggiolino auto 3 in 1, sistema da viaggio tutto in uno, colore grigio Flex."},"content":{"rendered":"<h1 style=\"text-align: justify;\"><span style=\"color: #e14d43;\"><strong>Il nostro passeggino 3 in 1 \u00e8 un sistema da viaggio ben progettato.<\/strong><\/span><\/h1>\n<p style=\"text-align: justify;\"><span style=\"color: #282828;\"><strong>Abbiamo progettato il passeggino per accompagnare genitori e bambini dalla nascita fino ai 3 anni. Si adatta perfettamente alle esigenze del tuo bambino che cresce: si inizia con la navicella integrata nel telaio del passeggino. Quando il bambino \u00e8 abbastanza grande e pronto per stare seduto durante le passeggiate, si pu\u00f2 montare una comoda seduta, sia fronte strada che fronte mamma. Cosa si pu\u00f2 desiderare di pi\u00f9?<\/strong><\/span><\/p>\n<p style=\"text-align: justify;\"><span style=\"color: #e14d43;\"><strong>Caratteristiche:<\/strong><\/span><\/p>\n<p style=\"text-align: justify;\"><span style=\"color: #282828;\"><strong>-modalit\u00e0 fronte strada e fronte mamma<br \/>\n-seggiolino auto agganciabile al telaio<br \/>\n-finestra di ventilazione sul retro del cofano<br \/>\n-La gondola ha un rivestimento morbido che pu\u00f2 essere rimosso per il lavaggio<br \/>\n-Il telo di copertura della gondola pu\u00f2 essere sollevato per creare un effetto vento.<br \/>\n-cappuccio estensibile e rimovibile<br \/>\n-Cintura di sicurezza a 5 punti<br \/>\n-poggiapiedi laminato<br \/>\n-maniglia regolabile multilivello<br \/>\n-sospensioni regolabili<br \/>\n-struttura robusta<br \/>\n-schienale e poggiagambe regolabili<br \/>\n-freno centrale EASY STOP<br \/>\n- grande cestino della spesa<br \/>\nAdatto al passeggino per bambini da 0 a 3 anni.<br \/>\nSeggiolino auto fino a 10 kg<\/strong><\/span><\/p>\n<p style=\"text-align: justify;\"><span style=\"color: #e14d43;\"><strong>Caratteristiche del seggiolino auto:<\/strong><\/span><\/p>\n<p style=\"text-align: justify;\"><span style=\"color: #282828;\"><strong>-inserto aggiuntivo per neonati<br \/>\n-maniglia regolabile<br \/>\n-copripiedi<br \/>\n-cappuccio staccabile<br \/>\n-cinture di sicurezza a tre punti<\/strong><\/span><\/p>\n<p style=\"text-align: justify;\"><span style=\"color: #e14d43;\"><strong>Il set contiene:<\/strong><\/span><\/p>\n<p><span style=\"color: #282828;\"><strong>-telaio con manico in ecopelle<br \/>\n- gondola con schienale regolabile<br \/>\n-unit\u00e0 sedile<br \/>\n-due coprigambe (per passeggino e navicella)<br \/>\n-Seggiolino auto multifunzionale con adattatori<br \/>\n-copertura antipioggia<br \/>\n-zanzariera<br \/>\n-borsa e fasciatoio<br \/>\n- Ruote morbide in gel antiforatura (per tutti i terreni)<br \/>\n-manico della bottiglia<br \/>\n- una grande tasca sul retro della borsa e due piccole sui lati<\/strong><\/span><\/p>\n<p style=\"text-align: justify;\"><span style=\"color: #282828;\"><strong>Telaio pieghevole con ruote (lunghezza x larghezza x altezza): 85x60x40 cm<br \/>\nPasseggino assemblato (altezza x larghezza x lunghezza): 115x60x95 cm<br \/>\nGondola interna (larghezza x lunghezza x altezza): 36x80x20 cm<br \/>\nDimensioni interne del passeggino (larghezza x lunghezza schienale x lunghezza seduta x lunghezza poggiapiedi): 34x48x26x23 cm<br \/>\nTelaio con ruote: 10 kg<br \/>\nPasseggino: 15 kg<br \/>\nPasseggino profondo: 16 kg<br \/>\nIntervallo di regolazione della maniglia: da 70 cm a 115 cm<br \/>\nPasseggino: Omologato secondo la norma EN 1888:2019 per la sicurezza.<br \/>\nSeggiolino auto omologato ECE 44-04.<br \/>\nGaranzia di 12 mesi<\/strong><\/span><\/p>\n<p>&nbsp;<\/p>\n<p style=\"text-align: justify;\"><span style=\"color: #282828;\"><a style=\"color: #282828;\" href=\"http:\/\/forbabyboss.com\/wp-content\/uploads\/2022\/09\/checkout.png\"><img loading=\"lazy\" decoding=\"async\" class=\"alignnone wp-image-5965\" src=\"http:\/\/forbabyboss.com\/wp-content\/uploads\/2022\/09\/checkout.png\" alt=\"\" width=\"970\" height=\"357\" srcset=\"https:\/\/forbabyboss.com\/wp-content\/uploads\/2022\/09\/checkout.png 750w, https:\/\/forbabyboss.com\/wp-content\/uploads\/2022\/09\/checkout-600x221.png 600w\" sizes=\"auto, (max-width: 970px) 100vw, 970px\" \/><\/a><\/span><\/p>","protected":false},"excerpt":{"rendered":"<p><a href=\"http:\/\/forbabyboss.com\/wp-content\/uploads\/2022\/09\/Star-Rating-5.png\"><img loading=\"lazy\" decoding=\"async\" class=\"alignnone size-full wp-image-5973 aligncenter\" src=\"http:\/\/forbabyboss.com\/wp-content\/uploads\/2022\/09\/Star-Rating-5.png\" alt=\"\" width=\"275\" height=\"45\" \/><\/a><\/p>\n<p style=\"text-align: center;\"><span style=\"color: #ed1c24; font-size: 120%;\"><b>GARANZIA DI PARIT\u00c0 PREZZO<\/b><\/span><\/p>\n<p style=\"text-align: center;\"><span style=\"font-size: 115%;\"><span style=\"font-weight: 400; color: #4f4fa7;\">Consegna gratuita<\/span><span style=\"font-weight: 400;\"> \u2013 2 \u2013 7 giorni<\/span><\/span><\/p>\n<p style=\"text-align: center;\"><strong><span style=\"color: #29606b;\">Omaggio per acquisti superiori a 100 sterline<\/span><\/strong><\/p>","protected":false},"featured_media":4981,"template":"","meta":[],"product_brand":[370],"product_cat":[336,339,156,305,210,130,211],"product_tag":[],"class_list":{"0":"post-4980","1":"product","2":"type-product","3":"status-publish","4":"has-post-thumbnail","6":"product_brand-babylux","7":"product_cat-400-to-500","8":"product_cat-700-to-800","9":"product_cat-3-in-1","10":"product_cat-colour","11":"product_cat-grey","12":"product_cat-prams","13":"product_cat-stroller","15":"first","16":"instock","17":"sale","18":"shipping-taxable","19":"purchasable","20":"product-type-simple"},"yoast_head":"<!-- This site is optimized with the Yoast SEO plugin v27.6 - https:\/\/yoast.com\/product\/yoast-seo-wordpress\/ -->\n<title>Baby Buggy Pram Car Seat 3 in 1 Travel System Pushchair All In One in Grey Flex - For Baby Boss<\/title>\n<meta name=\"description\" content=\"Baby Buggy Pram Car Seat 3 in 1 Travel System Pushchair All In One in Grey Flex\" \/>\n<meta name=\"robots\" content=\"index, follow, max-snippet:-1, max-image-preview:large, max-video-preview:-1\" \/>\n<link rel=\"canonical\" href=\"https:\/\/forbabyboss.com\/it\/product\/passeggino-carrozzina-seggiolino-auto-3-in-1-sistema-di-viaggio-tutto-in-uno-colore-grigio-flessibile\/\" \/>\n<meta property=\"og:locale\" content=\"it_IT\" \/>\n<meta property=\"og:type\" content=\"article\" \/>\n<meta property=\"og:title\" content=\"Baby Buggy Pram Car Seat 3 in 1 Travel System Pushchair All In One in Grey Flex - For Baby Boss\" \/>\n<meta property=\"og:description\" content=\"Baby Buggy Pram Car Seat 3 in 1 Travel System Pushchair All In One in Grey Flex\" \/>\n<meta property=\"og:url\" content=\"https:\/\/forbabyboss.com\/it\/product\/passeggino-carrozzina-seggiolino-auto-3-in-1-sistema-di-viaggio-tutto-in-uno-colore-grigio-flessibile\/\" \/>\n<meta property=\"og:site_name\" content=\"For Baby Boss\" \/>\n<meta property=\"article:modified_time\" content=\"2026-02-21T13:12:57+00:00\" \/>\n<meta property=\"og:image\" content=\"https:\/\/forbabyboss.com\/wp-content\/uploads\/2022\/09\/4-1.jpg\" \/>\n\t<meta property=\"og:image:width\" content=\"933\" \/>\n\t<meta property=\"og:image:height\" content=\"700\" \/>\n\t<meta property=\"og:image:type\" content=\"image\/jpeg\" \/>\n<meta name=\"twitter:card\" content=\"summary_large_image\" \/>\n<meta name=\"twitter:label1\" content=\"Tempo di lettura stimato\" \/>\n\t<meta name=\"twitter:data1\" content=\"2 minuti\" \/>\n<script type=\"application\/ld+json\" class=\"yoast-schema-graph\">{\"@context\":\"https:\\\/\\\/schema.org\",\"@graph\":[{\"@type\":\"WebPage\",\"@id\":\"https:\\\/\\\/forbabyboss.com\\\/product\\\/baby-buggy-pram-car-seat-3-in-1-travel-system-pushchair-all-in-one-in-grey-flex\\\/\",\"url\":\"https:\\\/\\\/forbabyboss.com\\\/product\\\/baby-buggy-pram-car-seat-3-in-1-travel-system-pushchair-all-in-one-in-grey-flex\\\/\",\"name\":\"Baby Buggy Pram Car Seat 3 in 1 Travel System Pushchair All In One in Grey Flex - For Baby Boss\",\"isPartOf\":{\"@id\":\"https:\\\/\\\/powderblue-seahorse-496884.hostingersite.com\\\/#website\"},\"primaryImageOfPage\":{\"@id\":\"https:\\\/\\\/forbabyboss.com\\\/product\\\/baby-buggy-pram-car-seat-3-in-1-travel-system-pushchair-all-in-one-in-grey-flex\\\/#primaryimage\"},\"image\":{\"@id\":\"https:\\\/\\\/forbabyboss.com\\\/product\\\/baby-buggy-pram-car-seat-3-in-1-travel-system-pushchair-all-in-one-in-grey-flex\\\/#primaryimage\"},\"thumbnailUrl\":\"https:\\\/\\\/forbabyboss.com\\\/wp-content\\\/uploads\\\/2022\\\/09\\\/4-1.jpg\",\"datePublished\":\"2022-09-10T16:02:39+00:00\",\"dateModified\":\"2026-02-21T13:12:57+00:00\",\"description\":\"Baby Buggy Pram Car Seat 3 in 1 Travel System Pushchair All In One in Grey Flex\",\"breadcrumb\":{\"@id\":\"https:\\\/\\\/forbabyboss.com\\\/product\\\/baby-buggy-pram-car-seat-3-in-1-travel-system-pushchair-all-in-one-in-grey-flex\\\/#breadcrumb\"},\"inLanguage\":\"it-IT\",\"potentialAction\":[{\"@type\":\"ReadAction\",\"target\":[\"https:\\\/\\\/forbabyboss.com\\\/product\\\/baby-buggy-pram-car-seat-3-in-1-travel-system-pushchair-all-in-one-in-grey-flex\\\/\"]}]},{\"@type\":\"ImageObject\",\"inLanguage\":\"it-IT\",\"@id\":\"https:\\\/\\\/forbabyboss.com\\\/product\\\/baby-buggy-pram-car-seat-3-in-1-travel-system-pushchair-all-in-one-in-grey-flex\\\/#primaryimage\",\"url\":\"https:\\\/\\\/forbabyboss.com\\\/wp-content\\\/uploads\\\/2022\\\/09\\\/4-1.jpg\",\"contentUrl\":\"https:\\\/\\\/forbabyboss.com\\\/wp-content\\\/uploads\\\/2022\\\/09\\\/4-1.jpg\",\"width\":933,\"height\":700},{\"@type\":\"BreadcrumbList\",\"@id\":\"https:\\\/\\\/forbabyboss.com\\\/product\\\/baby-buggy-pram-car-seat-3-in-1-travel-system-pushchair-all-in-one-in-grey-flex\\\/#breadcrumb\",\"itemListElement\":[{\"@type\":\"ListItem\",\"position\":1,\"name\":\"Home\",\"item\":\"https:\\\/\\\/forbabyboss.com\\\/\"},{\"@type\":\"ListItem\",\"position\":2,\"name\":\"Shop\",\"item\":\"https:\\\/\\\/forbabyboss.com\\\/shop\\\/\"},{\"@type\":\"ListItem\",\"position\":3,\"name\":\"Baby Buggy Pram Car Seat 3 in 1 Travel System Pushchair All In One in Grey Flex\"}]},{\"@type\":\"WebSite\",\"@id\":\"https:\\\/\\\/powderblue-seahorse-496884.hostingersite.com\\\/#website\",\"url\":\"https:\\\/\\\/powderblue-seahorse-496884.hostingersite.com\\\/\",\"name\":\"For Baby Boss\",\"description\":\"Beautiful gifts and accessories for your baby boss\",\"potentialAction\":[{\"@type\":\"SearchAction\",\"target\":{\"@type\":\"EntryPoint\",\"urlTemplate\":\"https:\\\/\\\/powderblue-seahorse-496884.hostingersite.com\\\/?s={search_term_string}\"},\"query-input\":{\"@type\":\"PropertyValueSpecification\",\"valueRequired\":true,\"valueName\":\"search_term_string\"}}],\"inLanguage\":\"it-IT\"}]}<\/script>\n<!-- \/ Yoast SEO plugin. -->","yoast_head_json":{"title":"Passeggino, carrozzina, seggiolino auto 3 in 1, sistema da viaggio tutto in uno, colore grigio Flex - Per Baby Boss","description":"Passeggino, carrozzina, seggiolino auto 3 in 1, sistema da viaggio tutto in uno, colore grigio Flex.","robots":{"index":"index","follow":"follow","max-snippet":"max-snippet:-1","max-image-preview":"max-image-preview:large","max-video-preview":"max-video-preview:-1"},"canonical":"https:\/\/forbabyboss.com\/it\/product\/passeggino-carrozzina-seggiolino-auto-3-in-1-sistema-di-viaggio-tutto-in-uno-colore-grigio-flessibile\/","og_locale":"it_IT","og_type":"article","og_title":"Baby Buggy Pram Car Seat 3 in 1 Travel System Pushchair All In One in Grey Flex - For Baby Boss","og_description":"Baby Buggy Pram Car Seat 3 in 1 Travel System Pushchair All In One in Grey Flex","og_url":"https:\/\/forbabyboss.com\/it\/product\/passeggino-carrozzina-seggiolino-auto-3-in-1-sistema-di-viaggio-tutto-in-uno-colore-grigio-flessibile\/","og_site_name":"For Baby Boss","article_modified_time":"2026-02-21T13:12:57+00:00","og_image":[{"width":933,"height":700,"url":"https:\/\/forbabyboss.com\/wp-content\/uploads\/2022\/09\/4-1.jpg","type":"image\/jpeg"}],"twitter_card":"summary_large_image","twitter_misc":{"Tempo di lettura stimato":"2 minuti"},"schema":{"@context":"https:\/\/schema.org","@graph":[{"@type":"WebPage","@id":"https:\/\/forbabyboss.com\/product\/baby-buggy-pram-car-seat-3-in-1-travel-system-pushchair-all-in-one-in-grey-flex\/","url":"https:\/\/forbabyboss.com\/product\/baby-buggy-pram-car-seat-3-in-1-travel-system-pushchair-all-in-one-in-grey-flex\/","name":"Passeggino, carrozzina, seggiolino auto 3 in 1, sistema da viaggio tutto in uno, colore grigio Flex - Per Baby Boss","isPartOf":{"@id":"https:\/\/powderblue-seahorse-496884.hostingersite.com\/#website"},"primaryImageOfPage":{"@id":"https:\/\/forbabyboss.com\/product\/baby-buggy-pram-car-seat-3-in-1-travel-system-pushchair-all-in-one-in-grey-flex\/#primaryimage"},"image":{"@id":"https:\/\/forbabyboss.com\/product\/baby-buggy-pram-car-seat-3-in-1-travel-system-pushchair-all-in-one-in-grey-flex\/#primaryimage"},"thumbnailUrl":"https:\/\/forbabyboss.com\/wp-content\/uploads\/2022\/09\/4-1.jpg","datePublished":"2022-09-10T16:02:39+00:00","dateModified":"2026-02-21T13:12:57+00:00","description":"Passeggino, carrozzina, seggiolino auto 3 in 1, sistema da viaggio tutto in uno, colore grigio Flex.","breadcrumb":{"@id":"https:\/\/forbabyboss.com\/product\/baby-buggy-pram-car-seat-3-in-1-travel-system-pushchair-all-in-one-in-grey-flex\/#breadcrumb"},"inLanguage":"it-IT","potentialAction":[{"@type":"ReadAction","target":["https:\/\/forbabyboss.com\/product\/baby-buggy-pram-car-seat-3-in-1-travel-system-pushchair-all-in-one-in-grey-flex\/"]}]},{"@type":"ImageObject","inLanguage":"it-IT","@id":"https:\/\/forbabyboss.com\/product\/baby-buggy-pram-car-seat-3-in-1-travel-system-pushchair-all-in-one-in-grey-flex\/#primaryimage","url":"https:\/\/forbabyboss.com\/wp-content\/uploads\/2022\/09\/4-1.jpg","contentUrl":"https:\/\/forbabyboss.com\/wp-content\/uploads\/2022\/09\/4-1.jpg","width":933,"height":700},{"@type":"BreadcrumbList","@id":"https:\/\/forbabyboss.com\/product\/baby-buggy-pram-car-seat-3-in-1-travel-system-pushchair-all-in-one-in-grey-flex\/#breadcrumb","itemListElement":[{"@type":"ListItem","position":1,"name":"Home","item":"https:\/\/forbabyboss.com\/"},{"@type":"ListItem","position":2,"name":"Shop","item":"https:\/\/forbabyboss.com\/shop\/"},{"@type":"ListItem","position":3,"name":"Baby Buggy Pram Car Seat 3 in 1 Travel System Pushchair All In One in Grey Flex"}]},{"@type":"WebSite","@id":"https:\/\/powderblue-seahorse-496884.hostingersite.com\/#website","url":"https:\/\/powderblue-seahorse-496884.hostingersite.com\/","name":"Per Baby Boss","description":"Bellissimi regali e accessori per il vostro capo bambino","potentialAction":[{"@type":"SearchAction","target":{"@type":"EntryPoint","urlTemplate":"https:\/\/powderblue-seahorse-496884.hostingersite.com\/?s={search_term_string}"},"query-input":{"@type":"PropertyValueSpecification","valueRequired":true,"valueName":"search_term_string"}}],"inLanguage":"it-IT"}]}},"_links":{"self":[{"href":"https:\/\/forbabyboss.com\/it\/wp-json\/wp\/v2\/product\/4980","targetHints":{"allow":["GET"]}}],"collection":[{"href":"https:\/\/forbabyboss.com\/it\/wp-json\/wp\/v2\/product"}],"about":[{"href":"https:\/\/forbabyboss.com\/it\/wp-json\/wp\/v2\/types\/product"}],"wp:featuredmedia":[{"embeddable":true,"href":"https:\/\/forbabyboss.com\/it\/wp-json\/wp\/v2\/media\/4981"}],"wp:attachment":[{"href":"https:\/\/forbabyboss.com\/it\/wp-json\/wp\/v2\/media?parent=4980"}],"wp:term":[{"taxonomy":"product_brand","embeddable":true,"href":"https:\/\/forbabyboss.com\/it\/wp-json\/wp\/v2\/product_brand?post=4980"},{"taxonomy":"product_cat","embeddable":true,"href":"https:\/\/forbabyboss.com\/it\/wp-json\/wp\/v2\/product_cat?post=4980"},{"taxonomy":"product_tag","embeddable":true,"href":"https:\/\/forbabyboss.com\/it\/wp-json\/wp\/v2\/product_tag?post=4980"}],"curies":[{"name":"wp","href":"https:\/\/api.w.org\/{rel}","templated":true}]}}