{"id":5121,"date":"2022-09-11T11:48:10","date_gmt":"2022-09-11T11:48:10","guid":{"rendered":"http:\/\/forbabyboss.com\/?post_type=product&#038;p=5121"},"modified":"2026-02-21T12:49:55","modified_gmt":"2026-02-21T12:49:55","slug":"black-grey-baby-pram-travel-system-3-in-1-pushchair-car-seat-toddler","status":"publish","type":"product","link":"https:\/\/forbabyboss.com\/it\/product\/black-grey-baby-pram-travel-system-3-in-1-pushchair-car-seat-toddler\/","title":{"rendered":"Sistema di viaggio 3 in 1 per neonati e bambini, colore nero e grigio, passeggino, seggiolino auto e bambino piccolo."},"content":{"rendered":"<p style=\"text-align: justify;\"><span style=\"color: #282828;\">Abbiamo progettato il passeggino per accompagnare genitori e bambini dalla nascita fino ai 3 anni. Si adatta perfettamente alle esigenze del tuo bambino che cresce: si inizia con la navicella integrata nel telaio del passeggino. Quando il bambino \u00e8 abbastanza grande e pronto per stare seduto durante le passeggiate, si pu\u00f2 montare una comoda seduta, sia fronte strada che fronte mamma. Cosa si pu\u00f2 desiderare di pi\u00f9?<\/span><\/p>\n<p style=\"text-align: justify;\"><span style=\"color: #e14d43;\"><strong>Caratteristiche:<\/strong><\/span><\/p>\n<p style=\"text-align: justify;\"><span style=\"color: #282828;\">-modalit\u00e0 fronte strada e fronte mamma<br \/>\n-seggiolino auto agganciabile al telaio<br \/>\n-finestra di ventilazione sul retro del cofano<br \/>\n-La gondola ha un rivestimento morbido che pu\u00f2 essere rimosso per il lavaggio<br \/>\n-Il telo di copertura della gondola pu\u00f2 essere sollevato per creare un effetto vento.<br \/>\n-cappuccio estensibile e rimovibile<br \/>\n-Cintura di sicurezza a 5 punti<br \/>\n-poggiapiedi laminato<br \/>\n-maniglia regolabile multilivello<br \/>\n-sospensioni regolabili<br \/>\n-struttura robusta<br \/>\n-schienale e poggiagambe regolabili<br \/>\n-freno centrale EASY STOP<br \/>\n- grande cestino della spesa<br \/>\nAdatto al passeggino per bambini da 0 a 3 anni.<br \/>\nSeggiolino auto fino a 10 kg<\/span><\/p>\n<p style=\"text-align: justify;\"><span style=\"color: #e14d43;\"><strong>Caratteristiche del seggiolino auto:<\/strong><\/span><\/p>\n<p style=\"text-align: justify;\"><span style=\"color: #282828;\">-inserto aggiuntivo per neonati<br \/>\n-maniglia regolabile<br \/>\n-copripiedi<br \/>\n-cappuccio staccabile<br \/>\n-cinture di sicurezza a tre punti<\/span><\/p>\n<p style=\"text-align: justify;\"><span style=\"color: #e14d43;\"><strong>Il set contiene:<\/strong><\/span><\/p>\n<p><span style=\"color: #282828;\">-telaio con manico in ecopelle<br \/>\n- gondola con schienale regolabile<br \/>\n-unit\u00e0 sedile<br \/>\n-due coprigambe (per passeggino e navicella)<br \/>\n-Seggiolino auto multifunzionale con adattatori<br \/>\n-copertura antipioggia<br \/>\n-zanzariera<br \/>\n-borsa e fasciatoio<br \/>\n- Ruote morbide in gel antiforatura (per tutti i terreni)<br \/>\n-manico della bottiglia<br \/>\n- una grande tasca sul retro della borsa e due piccole sui lati<\/span><\/p>\n<p style=\"text-align: justify;\"><span style=\"color: #282828;\">Telaio pieghevole con ruote (lunghezza x larghezza x altezza): 85x60x40 cm<br \/>\nPasseggino assemblato (altezza x larghezza x lunghezza): 115x60x95 cm<br \/>\nGondola interna (larghezza x lunghezza x altezza): 36x80x20 cm<br \/>\nDimensioni interne del passeggino (larghezza x lunghezza schienale x lunghezza seduta x lunghezza poggiapiedi): 34x48x26x23 cm<br \/>\nTelaio con ruote: 10 kg<br \/>\nPasseggino: 15 kg<br \/>\nPasseggino profondo: 16 kg<br \/>\nIntervallo di regolazione della maniglia: da 70 cm a 115 cm<br \/>\nPasseggino: Omologato secondo la norma EN 1888:2019 per la sicurezza.<br \/>\nSeggiolino auto omologato ECE 44-04.<br \/>\nGaranzia di 12 mesi<\/span><\/p>\n<p style=\"text-align: justify;\"><span style=\"color: #282828;\">Il nostro passeggino include telaio, navicella, seduta sportiva, borsa fasciatoio, fasciatoio, portabicchieri, cappottina, braccioli, coprisedile, cestino portaoggetti, sottobicchieri, parapioggia, zanzariera, barra di sicurezza e materassino traspirante e ipoallergenico. Dai 6 mesi in su \u00e8 possibile utilizzarlo come passeggino. Il passeggino ha una seduta reversibile che pu\u00f2 essere utilizzata in entrambe le direzioni di marcia. La cappottina estensibile \u00e8 dotata di un sistema idrorepellente.<\/span><br \/>\n<span style=\"color: #282828;\">Questo passeggino \u00e8 perfetto per chi cerca bellezza e un primo passeggino eccezionale per i propri piccoli. Largo \u00e8 una collezione di passeggini funzionali, sicuri e colorati.<\/span><br \/>\n<span style=\"color: #282828;\">Per un tocco di lusso in pi\u00f9, il maniglione \u00e8 rivestito in ecopelle morbidissima al tatto. Un altro vantaggio di questo passeggino \u00e8 il telaio comodo e ben ammortizzato, che lo rende estremamente facile da usare.<\/span><\/p>\n<p style=\"text-align: justify;\"><span style=\"color: #282828;\">Il sistema di montaggio semplice sar\u00e0 apprezzato da ogni mamma e pap\u00e0. Il rivestimento del passeggino \u00e8 realizzato con tessuti impregnati di altissima qualit\u00e0, sicuri per i bambini.<\/span><br \/>\n<span style=\"color: #282828;\">L&#039;interno della gondola \u00e8 rivestito in tessuto di cotone ipoallergenico. Il rivestimento \u00e8 sfoderabile e lavabile. Inoltre, \u00e8 dotata di visiera parasole con protezione UVA 30+.<\/span><br \/>\n<span style=\"color: #282828;\">Abbiamo progettato il passeggino per accompagnare genitori e bambini dalla nascita fino ai 3 anni. Si adatta perfettamente alle esigenze del bambino che cresce: si inizia con una navicella e si utilizza il telaio del passeggino.<\/span><br \/>\n<span style=\"color: #282828;\">Quando ritieni che il bambino sia abbastanza grande e pronto per stare seduto durante le passeggiate, monti un seggiolino comodo, rivolto in avanti o all&#039;indietro.<\/span><br \/>\n<span style=\"color: #282828;\">Puoi desiderare qualcosa di pi\u00f9?<\/span><\/p>\n<p style=\"text-align: justify;\"><span style=\"color: #282828;\"><strong><img decoding=\"async\" src=\"https:\/\/bayobay.co.uk\/ebay\/zdjecia-aukcyjne\/rafpol\/largo\/zdjecia%20podwojne\/gif1.gif\" \/><\/strong><\/span><\/p>\n<p style=\"text-align: justify;\"><span style=\"color: #282828;\"><strong><img decoding=\"async\" src=\"https:\/\/bayobay.co.uk\/\/ebay\/zdjecia-aukcyjne\/rafpol\/largo\/zdjecia%20podwojne\/gif2.gif\" \/><\/strong><\/span><\/p>\n<p style=\"text-align: justify;\"><span style=\"color: #282828;\"><strong><img decoding=\"async\" src=\"https:\/\/bayobay.co.uk\/ebay\/zdjecia-aukcyjne\/rafpol\/largo\/zdjecia%20podwojne\/1.png\" \/><\/strong><\/span><\/p>\n<p style=\"text-align: justify;\"><span style=\"color: #282828;\"><strong>I nostri passeggini sono dotati di tutte le tecnologie pi\u00f9 innovative.<br \/>\nLa navicella, il seggiolino sportivo e il seggiolino auto possono essere installati sia in senso contrario di marcia che in senso di marcia. Il sistema di sospensioni garantisce un viaggio senza scossoni e un sonno tranquillo al bambino.<br \/>\nIl sistema Shock Stop utilizzato nei nostri passeggini riduce le vibrazioni indesiderate. Si compone di due elementi: sospensioni posteriori e sospensioni laterali aggiuntive. Il passeggino \u00e8 pronto all&#039;uso praticamente non appena estratto dalla confezione (basta aprire il telaio, montare le ruote e fissare la navicella) \u2013 non \u00e8 necessario avvitare nemmeno una vite.<\/strong><\/span><\/p>\n<p style=\"text-align: justify;\"><span style=\"color: #282828;\"><strong><img decoding=\"async\" src=\"https:\/\/bayobay.co.uk\/ebay\/zdjecia-aukcyjne\/rafpol\/largo\/zdjecia%20podwojne\/2.png\" \/><\/strong><\/span><\/p>\n<p style=\"text-align: justify;\"><span style=\"color: #282828;\"><strong>Il passeggino \u00e8 dotato di un ampio cestino portaoggetti, maniglione regolabile in ecopelle e parasole.<br \/>\nIl freno centrale \u00e8 facile da usare: si pu\u00f2 innestare o disinnestare con un solo movimento.<\/strong><\/span><\/p>\n<p style=\"text-align: justify;\"><span style=\"color: #282828;\"><strong><img decoding=\"async\" src=\"https:\/\/bayobay.co.uk\/ebay\/zdjecia-aukcyjne\/rafpol\/largo\/zdjecia%20podwojne\/3.png\" \/><\/strong><\/span><\/p>\n<p style=\"text-align: justify;\"><span style=\"color: #282828;\"><strong>Il seggiolino auto \u00e8 dotato di cappottina e coprigambe rimovibili e pu\u00f2 essere utilizzato anche come culla.<\/strong><\/span><\/p>\n<p style=\"text-align: justify;\"><span style=\"color: #282828;\"><strong><img decoding=\"async\" src=\"https:\/\/bayobay.co.uk\/ebay\/zdjecia-aukcyjne\/rafpol\/largo\/zdjecia%20podwojne\/4.png\" \/><\/strong><\/span><\/p>\n<p style=\"text-align: justify;\"><span style=\"color: #282828;\"><strong>Cappottina pieghevole e ventilata della navicella.<br \/>\nUna borsa capiente con cerniera: puoi agganciarla al telaio del passeggino o portarla con te.<\/strong><\/span><\/p>\n<p style=\"text-align: justify;\"><span style=\"color: #282828;\"><strong><img decoding=\"async\" src=\"https:\/\/bayobay.co.uk\/ebay\/zdjecia-aukcyjne\/rafpol\/largo\/zdjecia%20podwojne\/5.png\" \/><\/strong><\/span><\/p>\n<p style=\"text-align: justify;\"><span style=\"color: #282828;\"><strong>Poggiapiedi resistente e facile da pulire.<br \/>\nSchienale regolabile.<br \/>\nCapottina rimovibile del sedile sportivo.<\/strong><\/span><\/p>\n<p style=\"text-align: justify;\"><span style=\"color: #282828;\"><strong><img decoding=\"async\" src=\"https:\/\/bayobay.co.uk\/ebay\/zdjecia-aukcyjne\/rafpol\/largo\/zdjecia%20podwojne\/6.png\" \/><\/strong><\/span><\/p>\n<p style=\"text-align: justify;\"><span style=\"color: #282828;\"><strong>Il seggiolino sportivo pu\u00f2 essere installato sia in senso contrario di marcia che in senso di marcia. Il bambino pu\u00f2 sedere rivolto verso di voi (cos\u00ec potete parlargli e tenerlo d&#039;occhio) oppure rivolto all&#039;indietro, in modo che possa osservare l&#039;ambiente circostante frontalmente (man mano che cresce e si interessa al mondo che lo circonda).<br \/>\nLa tettoia \u00e8 dotata di una finestra di ventilazione.<br \/>\nVentilando adeguatamente il passeggino, proteggete il vostro bambino dal surriscaldamento nelle giornate calde e gli garantite un&#039;ottima ventilazione e un costante ricambio d&#039;aria.<\/strong><\/span><\/p>\n<p style=\"text-align: justify;\"><span style=\"color: #282828;\"><strong><img decoding=\"async\" src=\"https:\/\/bayobay.co.uk\/ebay\/zdjecia-aukcyjne\/rafpol\/largo\/zdjecia%20podwojne\/7.png\" \/><\/strong><\/span><\/p>\n<p style=\"text-align: justify;\"><span style=\"color: #282828;\"><strong>Un grembiule extra terr\u00e0 al caldo il tuo bambino nelle giornate pi\u00f9 fredde.<br \/>\nIl passeggino \u00e8 dotato di ruote in gel morbido antiforatura, quindi pu\u00f2 essere utilizzato su qualsiasi tipo di terreno.<br \/>\nLe ruote anteriori piroettanti bloccabili consentono di affrontare le curve con estrema facilit\u00e0.<\/strong><\/span><\/p>\n<p style=\"text-align: justify;\"><span style=\"color: #282828;\"><strong><img decoding=\"async\" src=\"https:\/\/bayobay.co.uk\/ebay\/zdjecia-aukcyjne\/rafpol\/largo\/zdjecia%20podwojne\/8.png\" \/><\/strong><\/span><\/p>\n<p style=\"text-align: justify;\"><span style=\"color: #282828;\"><strong>Telo di copertura antipioggia e telo antinsetti.<\/strong><\/span><\/p>\n<p style=\"text-align: justify;\"><span style=\"color: #282828;\"><strong><img decoding=\"async\" src=\"https:\/\/bayobay.co.uk\/ebay\/zdjecia-aukcyjne\/rafpol\/largo\/zdjecia%20podwojne\/9.png\" \/><\/strong><\/span><\/p>\n<p style=\"text-align: justify;\"><span style=\"color: #282828;\"><strong>La navicella \u00e8 dotata di un materassino morbido e confortevole, lavabile, e di uno schienale regolabile in quattro posizioni.<\/strong><\/span><\/p>\n<p style=\"text-align: justify;\"><span style=\"color: #282828;\"><strong><img decoding=\"async\" src=\"https:\/\/bayobay.co.uk\/ebay\/zdjecia-aukcyjne\/rafpol\/largo\/zdjecia%20podwojne\/10.png\" \/><\/strong><\/span><\/p>\n<p style=\"text-align: justify;\"><span style=\"color: #282828;\"><strong>Borsa fasciatoio, fasciatoio portatile, adattatori per seggiolino auto, portabicchiere, copertura antipioggia e anti-insetti.<\/strong><\/span><\/p>\n<p style=\"text-align: justify;\"><span style=\"color: #282828;\"><strong><img decoding=\"async\" src=\"https:\/\/bayobay.co.uk\/ebay\/zdjecia-aukcyjne\/rafpol\/largo\/zdjecia%20podwojne\/11.jpg\" \/><\/strong><\/span><\/p>\n<p style=\"text-align: justify;\"><span style=\"color: #282828;\"><strong><img decoding=\"async\" src=\"https:\/\/bayobay.co.uk\/ebay\/zdjecia-aukcyjne\/rafpol\/largo\/zdjecia%20podwojne\/12.png\" \/><\/strong><\/span><\/p>\n<p style=\"text-align: justify;\"><span style=\"color: #282828;\"><strong><img decoding=\"async\" src=\"https:\/\/bayobay.co.uk\/ebay\/zdjecia-aukcyjne\/rafpol\/largo\/zdjecia%20podwojne\/dimensions.png\" \/><\/strong><\/span><\/p>\n<p><span style=\"color: #282828;\"><a style=\"color: #282828;\" href=\"http:\/\/forbabyboss.com\/wp-content\/uploads\/2022\/09\/Easy-Fold.png\"><img loading=\"lazy\" decoding=\"async\" class=\"alignnone size-full wp-image-4925\" src=\"http:\/\/forbabyboss.com\/wp-content\/uploads\/2022\/09\/Easy-Fold.png\" alt=\"\" width=\"1141\" height=\"409\" srcset=\"https:\/\/forbabyboss.com\/wp-content\/uploads\/2022\/09\/Easy-Fold.png 1141w, https:\/\/forbabyboss.com\/wp-content\/uploads\/2022\/09\/Easy-Fold-800x287.png 800w, https:\/\/forbabyboss.com\/wp-content\/uploads\/2022\/09\/Easy-Fold-768x275.png 768w, https:\/\/forbabyboss.com\/wp-content\/uploads\/2022\/09\/Easy-Fold-600x215.png 600w\" sizes=\"auto, (max-width: 1141px) 100vw, 1141px\" \/><\/a><\/span><\/p>\n<p>&nbsp;<\/p>\n<p>&nbsp;<\/p>\n<p><a href=\"http:\/\/forbabyboss.com\/wp-content\/uploads\/2022\/09\/checkout.png\"><img loading=\"lazy\" decoding=\"async\" class=\"alignnone wp-image-5965\" src=\"http:\/\/forbabyboss.com\/wp-content\/uploads\/2022\/09\/checkout.png\" alt=\"\" width=\"989\" height=\"364\" srcset=\"https:\/\/forbabyboss.com\/wp-content\/uploads\/2022\/09\/checkout.png 750w, https:\/\/forbabyboss.com\/wp-content\/uploads\/2022\/09\/checkout-600x221.png 600w\" sizes=\"auto, (max-width: 989px) 100vw, 989px\" \/><\/a><\/p>\n<p style=\"text-align: justify;\">","protected":false},"excerpt":{"rendered":"<p><a href=\"http:\/\/forbabyboss.com\/wp-content\/uploads\/2022\/09\/Star-Rating-5.png\"><img loading=\"lazy\" decoding=\"async\" class=\"alignnone size-full wp-image-5973 aligncenter\" src=\"http:\/\/forbabyboss.com\/wp-content\/uploads\/2022\/09\/Star-Rating-5.png\" alt=\"\" width=\"275\" height=\"45\" \/><\/a><\/p>\n<p style=\"text-align: center;\"><span style=\"color: #ed1c24; font-size: 120%;\"><b>GARANZIA DI PARIT\u00c0 PREZZO<\/b><\/span><\/p>\n<p style=\"text-align: center;\"><span style=\"font-size: 115%;\"><span style=\"font-weight: 400; color: #4f4fa7;\">Consegna gratuita<\/span><span style=\"font-weight: 400;\"> \u2013 2 \u2013 7 giorni<\/span><\/span><\/p>\n<p style=\"text-align: center;\"><strong><span style=\"color: #29606b;\">Omaggio per acquisti superiori a 100 sterline<\/span><\/strong><\/p>","protected":false},"featured_media":5123,"template":"","meta":[],"product_brand":[370],"product_cat":[336,339,156,305,210,130,211],"product_tag":[202,199],"class_list":{"0":"post-5121","1":"product","2":"type-product","3":"status-publish","4":"has-post-thumbnail","6":"product_brand-babylux","7":"product_cat-400-to-500","8":"product_cat-700-to-800","9":"product_cat-3-in-1","10":"product_cat-colour","11":"product_cat-grey","12":"product_cat-prams","13":"product_cat-stroller","14":"product_tag-3-in-1-pram","15":"product_tag-prams","17":"first","18":"instock","19":"sale","20":"shipping-taxable","21":"purchasable","22":"product-type-simple"},"yoast_head":"<!-- This site is optimized with the Yoast SEO plugin v27.5 - https:\/\/yoast.com\/product\/yoast-seo-wordpress\/ -->\n<title>Black Grey Baby Pram Travel System 3 in 1 Pushchair Car Seat Toddler - For Baby Boss<\/title>\n<meta name=\"description\" content=\"Black Grey Baby Pram Travel System 3 in 1 Pushchair Car Seat Toddler\" \/>\n<meta name=\"robots\" content=\"index, follow, max-snippet:-1, max-image-preview:large, max-video-preview:-1\" \/>\n<link rel=\"canonical\" href=\"https:\/\/forbabyboss.com\/it\/product\/black-grey-baby-pram-travel-system-3-in-1-pushchair-car-seat-toddler\/\" \/>\n<meta property=\"og:locale\" content=\"it_IT\" \/>\n<meta property=\"og:type\" content=\"article\" \/>\n<meta property=\"og:title\" content=\"Black Grey Baby Pram Travel System 3 in 1 Pushchair Car Seat Toddler - For Baby Boss\" \/>\n<meta property=\"og:description\" content=\"Black Grey Baby Pram Travel System 3 in 1 Pushchair Car Seat Toddler\" \/>\n<meta property=\"og:url\" content=\"https:\/\/forbabyboss.com\/it\/product\/black-grey-baby-pram-travel-system-3-in-1-pushchair-car-seat-toddler\/\" \/>\n<meta property=\"og:site_name\" content=\"For Baby Boss\" \/>\n<meta property=\"article:modified_time\" content=\"2026-02-21T12:49:55+00:00\" \/>\n<meta property=\"og:image\" content=\"https:\/\/forbabyboss.com\/wp-content\/uploads\/2022\/09\/Baby-Pram-Travel-System-3-in-1-Buggy-Pushchair-Car-Seat-Toddler-Bassinet-FREEBIE-Black-Grey_main.png\" \/>\n\t<meta property=\"og:image:width\" content=\"1600\" \/>\n\t<meta property=\"og:image:height\" content=\"1600\" \/>\n\t<meta property=\"og:image:type\" content=\"image\/png\" \/>\n<meta name=\"twitter:card\" content=\"summary_large_image\" \/>\n<meta name=\"twitter:label1\" content=\"Tempo di lettura stimato\" \/>\n\t<meta name=\"twitter:data1\" content=\"8 minuti\" \/>\n<script type=\"application\/ld+json\" class=\"yoast-schema-graph\">{\"@context\":\"https:\\\/\\\/schema.org\",\"@graph\":[{\"@type\":\"WebPage\",\"@id\":\"https:\\\/\\\/forbabyboss.com\\\/product\\\/black-grey-baby-pram-travel-system-3-in-1-pushchair-car-seat-toddler\\\/\",\"url\":\"https:\\\/\\\/forbabyboss.com\\\/product\\\/black-grey-baby-pram-travel-system-3-in-1-pushchair-car-seat-toddler\\\/\",\"name\":\"Black Grey Baby Pram Travel System 3 in 1 Pushchair Car Seat Toddler - For Baby Boss\",\"isPartOf\":{\"@id\":\"https:\\\/\\\/powderblue-seahorse-496884.hostingersite.com\\\/#website\"},\"primaryImageOfPage\":{\"@id\":\"https:\\\/\\\/forbabyboss.com\\\/product\\\/black-grey-baby-pram-travel-system-3-in-1-pushchair-car-seat-toddler\\\/#primaryimage\"},\"image\":{\"@id\":\"https:\\\/\\\/forbabyboss.com\\\/product\\\/black-grey-baby-pram-travel-system-3-in-1-pushchair-car-seat-toddler\\\/#primaryimage\"},\"thumbnailUrl\":\"https:\\\/\\\/forbabyboss.com\\\/wp-content\\\/uploads\\\/2022\\\/09\\\/Baby-Pram-Travel-System-3-in-1-Buggy-Pushchair-Car-Seat-Toddler-Bassinet-FREEBIE-Black-Grey_main.png\",\"datePublished\":\"2022-09-11T11:48:10+00:00\",\"dateModified\":\"2026-02-21T12:49:55+00:00\",\"description\":\"Black Grey Baby Pram Travel System 3 in 1 Pushchair Car Seat Toddler\",\"breadcrumb\":{\"@id\":\"https:\\\/\\\/forbabyboss.com\\\/product\\\/black-grey-baby-pram-travel-system-3-in-1-pushchair-car-seat-toddler\\\/#breadcrumb\"},\"inLanguage\":\"it-IT\",\"potentialAction\":[{\"@type\":\"ReadAction\",\"target\":[\"https:\\\/\\\/forbabyboss.com\\\/product\\\/black-grey-baby-pram-travel-system-3-in-1-pushchair-car-seat-toddler\\\/\"]}]},{\"@type\":\"ImageObject\",\"inLanguage\":\"it-IT\",\"@id\":\"https:\\\/\\\/forbabyboss.com\\\/product\\\/black-grey-baby-pram-travel-system-3-in-1-pushchair-car-seat-toddler\\\/#primaryimage\",\"url\":\"https:\\\/\\\/forbabyboss.com\\\/wp-content\\\/uploads\\\/2022\\\/09\\\/Baby-Pram-Travel-System-3-in-1-Buggy-Pushchair-Car-Seat-Toddler-Bassinet-FREEBIE-Black-Grey_main.png\",\"contentUrl\":\"https:\\\/\\\/forbabyboss.com\\\/wp-content\\\/uploads\\\/2022\\\/09\\\/Baby-Pram-Travel-System-3-in-1-Buggy-Pushchair-Car-Seat-Toddler-Bassinet-FREEBIE-Black-Grey_main.png\",\"width\":1600,\"height\":1600},{\"@type\":\"BreadcrumbList\",\"@id\":\"https:\\\/\\\/forbabyboss.com\\\/product\\\/black-grey-baby-pram-travel-system-3-in-1-pushchair-car-seat-toddler\\\/#breadcrumb\",\"itemListElement\":[{\"@type\":\"ListItem\",\"position\":1,\"name\":\"Home\",\"item\":\"https:\\\/\\\/forbabyboss.com\\\/\"},{\"@type\":\"ListItem\",\"position\":2,\"name\":\"Shop\",\"item\":\"https:\\\/\\\/forbabyboss.com\\\/shop\\\/\"},{\"@type\":\"ListItem\",\"position\":3,\"name\":\"Black Grey Baby Pram Travel System 3 in 1 Pushchair Car Seat Toddler\"}]},{\"@type\":\"WebSite\",\"@id\":\"https:\\\/\\\/powderblue-seahorse-496884.hostingersite.com\\\/#website\",\"url\":\"https:\\\/\\\/powderblue-seahorse-496884.hostingersite.com\\\/\",\"name\":\"For Baby Boss\",\"description\":\"Beautiful gifts and accessories for your baby boss\",\"potentialAction\":[{\"@type\":\"SearchAction\",\"target\":{\"@type\":\"EntryPoint\",\"urlTemplate\":\"https:\\\/\\\/powderblue-seahorse-496884.hostingersite.com\\\/?s={search_term_string}\"},\"query-input\":{\"@type\":\"PropertyValueSpecification\",\"valueRequired\":true,\"valueName\":\"search_term_string\"}}],\"inLanguage\":\"it-IT\"}]}<\/script>\n<!-- \/ Yoast SEO plugin. -->","yoast_head_json":{"title":"Black Grey Baby Pram Travel System 3 in 1 Pushchair Car Seat Toddler - For Baby Boss","description":"Black Grey Baby Pram Travel System 3 in 1 Pushchair Car Seat Toddler","robots":{"index":"index","follow":"follow","max-snippet":"max-snippet:-1","max-image-preview":"max-image-preview:large","max-video-preview":"max-video-preview:-1"},"canonical":"https:\/\/forbabyboss.com\/it\/product\/black-grey-baby-pram-travel-system-3-in-1-pushchair-car-seat-toddler\/","og_locale":"it_IT","og_type":"article","og_title":"Black Grey Baby Pram Travel System 3 in 1 Pushchair Car Seat Toddler - For Baby Boss","og_description":"Black Grey Baby Pram Travel System 3 in 1 Pushchair Car Seat Toddler","og_url":"https:\/\/forbabyboss.com\/it\/product\/black-grey-baby-pram-travel-system-3-in-1-pushchair-car-seat-toddler\/","og_site_name":"For Baby Boss","article_modified_time":"2026-02-21T12:49:55+00:00","og_image":[{"width":1600,"height":1600,"url":"https:\/\/forbabyboss.com\/wp-content\/uploads\/2022\/09\/Baby-Pram-Travel-System-3-in-1-Buggy-Pushchair-Car-Seat-Toddler-Bassinet-FREEBIE-Black-Grey_main.png","type":"image\/png"}],"twitter_card":"summary_large_image","twitter_misc":{"Tempo di lettura stimato":"8 minuti"},"schema":{"@context":"https:\/\/schema.org","@graph":[{"@type":"WebPage","@id":"https:\/\/forbabyboss.com\/product\/black-grey-baby-pram-travel-system-3-in-1-pushchair-car-seat-toddler\/","url":"https:\/\/forbabyboss.com\/product\/black-grey-baby-pram-travel-system-3-in-1-pushchair-car-seat-toddler\/","name":"Black Grey Baby Pram Travel System 3 in 1 Pushchair Car Seat Toddler - For Baby Boss","isPartOf":{"@id":"https:\/\/powderblue-seahorse-496884.hostingersite.com\/#website"},"primaryImageOfPage":{"@id":"https:\/\/forbabyboss.com\/product\/black-grey-baby-pram-travel-system-3-in-1-pushchair-car-seat-toddler\/#primaryimage"},"image":{"@id":"https:\/\/forbabyboss.com\/product\/black-grey-baby-pram-travel-system-3-in-1-pushchair-car-seat-toddler\/#primaryimage"},"thumbnailUrl":"https:\/\/forbabyboss.com\/wp-content\/uploads\/2022\/09\/Baby-Pram-Travel-System-3-in-1-Buggy-Pushchair-Car-Seat-Toddler-Bassinet-FREEBIE-Black-Grey_main.png","datePublished":"2022-09-11T11:48:10+00:00","dateModified":"2026-02-21T12:49:55+00:00","description":"Black Grey Baby Pram Travel System 3 in 1 Pushchair Car Seat Toddler","breadcrumb":{"@id":"https:\/\/forbabyboss.com\/product\/black-grey-baby-pram-travel-system-3-in-1-pushchair-car-seat-toddler\/#breadcrumb"},"inLanguage":"it-IT","potentialAction":[{"@type":"ReadAction","target":["https:\/\/forbabyboss.com\/product\/black-grey-baby-pram-travel-system-3-in-1-pushchair-car-seat-toddler\/"]}]},{"@type":"ImageObject","inLanguage":"it-IT","@id":"https:\/\/forbabyboss.com\/product\/black-grey-baby-pram-travel-system-3-in-1-pushchair-car-seat-toddler\/#primaryimage","url":"https:\/\/forbabyboss.com\/wp-content\/uploads\/2022\/09\/Baby-Pram-Travel-System-3-in-1-Buggy-Pushchair-Car-Seat-Toddler-Bassinet-FREEBIE-Black-Grey_main.png","contentUrl":"https:\/\/forbabyboss.com\/wp-content\/uploads\/2022\/09\/Baby-Pram-Travel-System-3-in-1-Buggy-Pushchair-Car-Seat-Toddler-Bassinet-FREEBIE-Black-Grey_main.png","width":1600,"height":1600},{"@type":"BreadcrumbList","@id":"https:\/\/forbabyboss.com\/product\/black-grey-baby-pram-travel-system-3-in-1-pushchair-car-seat-toddler\/#breadcrumb","itemListElement":[{"@type":"ListItem","position":1,"name":"Home","item":"https:\/\/forbabyboss.com\/"},{"@type":"ListItem","position":2,"name":"Shop","item":"https:\/\/forbabyboss.com\/shop\/"},{"@type":"ListItem","position":3,"name":"Black Grey Baby Pram Travel System 3 in 1 Pushchair Car Seat Toddler"}]},{"@type":"WebSite","@id":"https:\/\/powderblue-seahorse-496884.hostingersite.com\/#website","url":"https:\/\/powderblue-seahorse-496884.hostingersite.com\/","name":"Per Baby Boss","description":"Bellissimi regali e accessori per il vostro capo bambino","potentialAction":[{"@type":"SearchAction","target":{"@type":"EntryPoint","urlTemplate":"https:\/\/powderblue-seahorse-496884.hostingersite.com\/?s={search_term_string}"},"query-input":{"@type":"PropertyValueSpecification","valueRequired":true,"valueName":"search_term_string"}}],"inLanguage":"it-IT"}]}},"_links":{"self":[{"href":"https:\/\/forbabyboss.com\/it\/wp-json\/wp\/v2\/product\/5121","targetHints":{"allow":["GET"]}}],"collection":[{"href":"https:\/\/forbabyboss.com\/it\/wp-json\/wp\/v2\/product"}],"about":[{"href":"https:\/\/forbabyboss.com\/it\/wp-json\/wp\/v2\/types\/product"}],"wp:featuredmedia":[{"embeddable":true,"href":"https:\/\/forbabyboss.com\/it\/wp-json\/wp\/v2\/media\/5123"}],"wp:attachment":[{"href":"https:\/\/forbabyboss.com\/it\/wp-json\/wp\/v2\/media?parent=5121"}],"wp:term":[{"taxonomy":"product_brand","embeddable":true,"href":"https:\/\/forbabyboss.com\/it\/wp-json\/wp\/v2\/product_brand?post=5121"},{"taxonomy":"product_cat","embeddable":true,"href":"https:\/\/forbabyboss.com\/it\/wp-json\/wp\/v2\/product_cat?post=5121"},{"taxonomy":"product_tag","embeddable":true,"href":"https:\/\/forbabyboss.com\/it\/wp-json\/wp\/v2\/product_tag?post=5121"}],"curies":[{"name":"wp","href":"https:\/\/api.w.org\/{rel}","templated":true}]}}