{"id":5255,"date":"2022-09-11T15:23:03","date_gmt":"2022-09-11T15:23:03","guid":{"rendered":"http:\/\/forbabyboss.com\/?post_type=product&#038;p=5255"},"modified":"2026-02-21T12:38:08","modified_gmt":"2026-02-21T12:38:08","slug":"passeggino-3-in-1-sistema-da-viaggio-leggero-base-isofix-con-telaio-argento","status":"publish","type":"product","link":"https:\/\/forbabyboss.com\/it\/product\/baby-pram-3in1-lightweight-travel-system-pushchair-isofix-base-in-silver-frame\/","title":{"rendered":"Passeggino 3 in 1, sistema da viaggio leggero, base Isofix con telaio argentato."},"content":{"rendered":"<div style=\"width: 1020px;\" class=\"wp-video\"><video class=\"wp-video-shortcode\" id=\"video-5255-1\" width=\"1020\" height=\"574\" preload=\"metadata\" controls=\"controls\"><source type=\"video\/mp4\" src=\"http:\/\/forbabyboss.com\/wp-content\/uploads\/2022\/09\/Baby-Buggy-Pram-Lightweight-Folding-3-in-1-Travel-System-Pushchair-Isofix-Base.mp4?_=1\" \/><a href=\"http:\/\/forbabyboss.com\/wp-content\/uploads\/2022\/09\/Baby-Buggy-Pram-Lightweight-Folding-3-in-1-Travel-System-Pushchair-Isofix-Base.mp4\">http:\/\/forbabyboss.com\/wp-content\/uploads\/2022\/09\/Baby-Buggy-Pram-Lightweight-Folding-3-in-1-Travel-System-Pushchair-Isofix-Base.mp4<\/a><\/video><\/div>\n<p>&nbsp;<\/p>\n<h1><\/h1>\n<p style=\"text-align: justify;\"><strong><span style=\"color: #282828;\"><span style=\"color: #e14d43;\">Lavado Premium<\/span> \u2013 Un passeggino moderno e funzionale, che rende pi\u00f9 piacevoli le passeggiate, e il cui design innovativo gli conferisce un senso di unicit\u00e0. Il passeggino \u00e8 adatto a bambini dai 6 ai 36 mesi. Il telaio leggero e la pratica soluzione di design rendono l&#039;utilizzo del passeggino ancora pi\u00f9 confortevole.<\/span><\/strong><\/p>\n<p style=\"text-align: justify;\"><strong><span style=\"color: #282828;\">\u2022Passeggino singolo per bambini da 1 a 15 kg<\/span><\/strong><br \/>\n<strong><span style=\"color: #282828;\">\u2022\u00c8 dotato di certificazione TUV NORD, che garantisce la massima qualit\u00e0 e sicurezza per il tuo bambino.<\/span><\/strong><br \/>\n<strong><span style=\"color: #282828;\">\u2022Il passeggino \u00e8 conforme alla pi\u00f9 recente e rigorosa norma di sicurezza EN 1888-1:2018.<\/span><\/strong><\/p>\n<h4 style=\"text-align: justify;\"><span style=\"color: #e14d43;\"><strong>Il set comprende:<br \/>\n<\/strong><\/span><strong><span style=\"color: #282828;\">\u2022telaio<\/span><\/strong><br \/>\n<strong><span style=\"color: #282828;\">\u2022navicella<\/span><\/strong><br \/>\n<strong><span style=\"color: #282828;\">\u2022sedile sportivo<\/span><\/strong><br \/>\n<strong><span style=\"color: #282828;\">\u2022borsa a tracolla<\/span><\/strong><br \/>\n<strong><span style=\"color: #282828;\">\u2022 ombrello<\/span><\/strong><br \/>\n<strong><span style=\"color: #282828;\">\u2022 fasciatoio<\/span><\/strong><br \/>\n<strong><span style=\"color: #282828;\">\u2022 portabicchieri<\/span><\/strong><br \/>\n<strong><span style=\"color: #282828;\">\u2022 materasso in cocco<\/span><\/strong><br \/>\n<strong><span style=\"color: #282828;\">\u2022 copertura antipioggia<\/span><\/strong><br \/>\n<strong><span style=\"color: #282828;\">\u2022 copertura anti-insetti<\/span><\/strong><br \/>\n<strong><span style=\"color: #282828;\">\u2022 carrello della spesa<\/span><\/strong><br \/>\n<strong><span style=\"color: #282828;\">\u2022 seggiolino auto (solo nel set 3 in 1)<\/span><\/strong><\/h4>\n<p style=\"text-align: justify;\"><span style=\"color: #e14d43;\"><strong>Telaio del passeggino:<br \/>\n<\/strong><\/span><strong><span style=\"color: #282828;\">\u2022 Telaio in alluminio: leggero e resistente<\/span><\/strong><br \/>\n<strong><span style=\"color: #282828;\">\u2022 Ruote in gel girevoli e senza problemi: sono antiforatura.<\/span><\/strong><br \/>\n<strong><span style=\"color: #282828;\">\u2022I cuscinetti nelle ruote facilitano la spinta del passeggino<\/span><\/strong><br \/>\n<strong><span style=\"color: #282828;\">\u2022 Altezza regolabile del manico rivestito in ecopelle<\/span><\/strong><br \/>\n<strong><span style=\"color: #282828;\">\u2022Sospensione posteriore ammortizzata: garantisce comfort durante ogni camminata<\/span><\/strong><br \/>\n<strong><span style=\"color: #282828;\">\u2022 Dimensioni compatte una volta piegato<\/span><\/strong><br \/>\n<strong><span style=\"color: #282828;\">\u2022Sistema semplice per agganciare e sganciare la navicella, il seggiolino sportivo e il seggiolino auto<\/span><\/strong><br \/>\n<strong><span style=\"color: #282828;\">\u2022Dotato di freno centrale per una maggiore stabilit\u00e0\u2022Le sospensioni laterali aggiuntive del telaio del passeggino consentono il bloccaggio, permettendo un assorbimento ancora migliore degli urti durante la spinta e un piacevole dondolio del bambino<\/span><\/strong><\/p>\n<h3 style=\"text-align: justify;\"><span style=\"color: #e14d43;\"><strong>Navicella:<br \/>\n<\/strong><\/span><strong style=\"color: #555555; font-size: 14.4px;\"><span style=\"color: #282828;\">\u2022ampia navicella utilizzabile anche come culla<br \/>\n<\/span><\/strong><strong style=\"color: #555555; font-size: 14.4px;\"><span style=\"color: #282828;\">\u2022Dotata di copripiedi aderente e rimovibile: protegge il bambino dalle intemperie.<br \/>\n<\/span><\/strong><strong style=\"color: #555555; font-size: 14.4px;\"><span style=\"color: #282828;\">\u2022Maniglia ergonomica rivestita in ecopelle \u2013 facilita il trasporto della navicella<br \/>\n<\/span><\/strong><strong style=\"color: #555555; font-size: 14.4px;\"><span style=\"color: #282828;\">\u2022Materasso elastico e morbida imbottitura della navicella<br \/>\n<\/span><\/strong><strong style=\"color: #555555; font-size: 14.4px;\"><span style=\"color: #282828;\">\u2022poggiatesta regolabile<br \/>\n<\/span><\/strong><strong style=\"color: #555555; font-size: 14.4px;\"><span style=\"color: #282828;\">\u2022La ventilazione nel vano della navicella fornisce aria fresca per evitare che il bambino si surriscaldi.<\/span><\/strong><\/h3>\n<h3 style=\"text-align: justify;\"><span style=\"color: #e14d43;\"><strong>Sedile sportivo:<br \/>\n<\/strong><\/span><strong style=\"color: #555555; font-size: 14.4px;\"><span style=\"color: #282828;\">\u2022\u00c8 possibile l&#039;installazione sia in posizione frontale che posteriore<br \/>\n<\/span><\/strong><strong style=\"color: #555555; font-size: 14.4px;\"><span style=\"color: #282828;\">\u2022cinture di sicurezza regolabili a cinque punti<br \/>\n<\/span><\/strong><strong style=\"color: #555555; font-size: 14.4px;\"><span style=\"color: #282828;\">\u2022barriera removibile rivestita in ecopelle<br \/>\n<\/span><\/strong><strong style=\"color: #555555; font-size: 14.4px;\"><span style=\"color: #282828;\">\u2022 Comodo poggiapiedi regolabile<br \/>\n<\/span><\/strong><strong style=\"color: #555555; font-size: 14.4px;\"><span style=\"color: #282828;\">\u2022finestra di ventilazione sul retro della copertura<br \/>\n<\/span><\/strong><strong style=\"color: #555555; font-size: 14.4px;\"><span style=\"color: #282828;\">\u2022 Dimensioni compatte una volta piegato<br \/>\n<\/span><\/strong><strong style=\"color: #555555; font-size: 14.4px;\"><span style=\"color: #282828;\">\u2022Regolazione dello schienale: fino alla posizione completamente orizzontale, la posizione pi\u00f9 salutare per il tuo bambino durante il sonno.<br \/>\n<\/span><\/strong><strong style=\"color: #555555; font-size: 14.4px;\"><span style=\"color: #282828;\">\u2022 tettuccio regolabile e rimovibile<br \/>\n<\/span><\/strong><strong style=\"color: #555555; font-size: 14.4px;\"><span style=\"color: #282828;\">\u2022 Copripiedi aderente e rimovibile: protegge il bambino dalle intemperie.<\/span><\/strong><\/h3>\n<h3 style=\"text-align: justify;\"><span style=\"color: #e14d43;\"><strong>Seggiolino auto:<\/strong><\/span><\/h3>\n<p style=\"text-align: justify;\"><strong><span style=\"color: #282828;\">\u2022Include adattatori facili da usare per un montaggio e smontaggio rapido sul telaio del passeggino<\/span><\/strong><br \/>\n<strong><span style=\"color: #282828;\">\u2022cinture di sicurezza a tre punti<\/span><\/strong><br \/>\n<strong><span style=\"color: #282828;\">\u2022Capottina rimovibile con coprigambe\u2022Inserto per neonati che consente di utilizzare il seggiolino auto del bambino fin dai primissimi momenti di vita.<\/span><\/strong><br \/>\n<strong><span style=\"color: #282828;\">\u2022funzione culla bloccabile<\/span><\/strong><br \/>\n<strong><span style=\"color: #282828;\">\u2022La maniglia regolabile facilita il trasporto del seggiolino auto, che pesa solo 3 kg.<\/span><\/strong><br \/>\n<strong><span style=\"color: #282828;\">\u2022Adatto al trasporto di bambini in auto, omologazione ECE R44\/04<\/span><\/strong><\/p>\n<h3 style=\"text-align: justify;\"><span style=\"color: #e14d43;\"><strong>Inoltre:<\/strong><\/span><\/h3>\n<p style=\"text-align: justify;\"><strong><span style=\"color: #282828;\">\u2022 Ampia borsa a tracolla con cerniera, che pu\u00f2 essere fissata al telaio del passeggino.<\/span><\/strong><br \/>\n<strong><span style=\"color: #282828;\">\u2022materasso anallergico in cocco<\/span><\/strong><\/p>\n<p style=\"text-align: justify;\"><strong><span style=\"color: #282828;\">Materasso anallergico in cocco<\/span><\/strong><br \/>\n<strong><span style=\"color: #282828;\">Il materasso \u00e8 realizzato in fibra di cocco, che offre un supporto stabile. Grazie a uno speciale processo di produzione, rimane flessibile ed elastico.<\/span><\/strong><\/p>\n<p style=\"text-align: justify;\"><span style=\"color: #e14d43;\"><strong>Inoltre:<\/strong><\/span><\/p>\n<p style=\"text-align: justify;\"><strong><span style=\"color: #282828;\">\u2022Garantisce una corretta circolazione dell&#039;aria<\/span><\/strong><br \/>\n<strong><span style=\"color: #282828;\">\u2022Contribuisce positivamente allo sviluppo di un microclima adeguato per proteggere la pelle del tuo bambino.<\/span><\/strong><br \/>\n<strong><span style=\"color: #282828;\">\u2022\u00c8 possibile rimuovere la fodera in morbido cotone e lavarla a 30-40 gradi.<\/span><\/strong><br \/>\n<strong><span style=\"color: #282828;\">\u2022Lo spessore di circa 2,5 cm offrir\u00e0 al tuo bambino un supporto stabile e comfort durante l&#039;utilizzo su qualsiasi terreno.<\/span><\/strong><br \/>\n<strong><span style=\"color: #282828;\">\u2022 Dimensioni: 73 x 35 x 2,5 cm<\/span><\/strong><\/p>\n<p style=\"text-align: justify;\"><strong><span style=\"color: #282828;\"><a style=\"color: #282828;\" href=\"http:\/\/forbabyboss.com\/wp-content\/uploads\/2022\/09\/Baby-Buggy-Pram-Lightweight-Folding-3-in-1-Travel-System-Pushchair-Isofix-Base-Black-Gold-frame_1.png\"><img loading=\"lazy\" decoding=\"async\" class=\"alignnone size-full wp-image-5240\" src=\"http:\/\/forbabyboss.com\/wp-content\/uploads\/2022\/09\/Baby-Buggy-Pram-Lightweight-Folding-3-in-1-Travel-System-Pushchair-Isofix-Base-Black-Gold-frame_1.png\" alt=\"\" width=\"1600\" height=\"1233\" srcset=\"https:\/\/forbabyboss.com\/wp-content\/uploads\/2022\/09\/Baby-Buggy-Pram-Lightweight-Folding-3-in-1-Travel-System-Pushchair-Isofix-Base-Black-Gold-frame_1.png 1600w, https:\/\/forbabyboss.com\/wp-content\/uploads\/2022\/09\/Baby-Buggy-Pram-Lightweight-Folding-3-in-1-Travel-System-Pushchair-Isofix-Base-Black-Gold-frame_1-519x400.png 519w, https:\/\/forbabyboss.com\/wp-content\/uploads\/2022\/09\/Baby-Buggy-Pram-Lightweight-Folding-3-in-1-Travel-System-Pushchair-Isofix-Base-Black-Gold-frame_1-1038x800.png 1038w, https:\/\/forbabyboss.com\/wp-content\/uploads\/2022\/09\/Baby-Buggy-Pram-Lightweight-Folding-3-in-1-Travel-System-Pushchair-Isofix-Base-Black-Gold-frame_1-768x592.png 768w, https:\/\/forbabyboss.com\/wp-content\/uploads\/2022\/09\/Baby-Buggy-Pram-Lightweight-Folding-3-in-1-Travel-System-Pushchair-Isofix-Base-Black-Gold-frame_1-1536x1184.png 1536w, https:\/\/forbabyboss.com\/wp-content\/uploads\/2022\/09\/Baby-Buggy-Pram-Lightweight-Folding-3-in-1-Travel-System-Pushchair-Isofix-Base-Black-Gold-frame_1-600x462.png 600w\" sizes=\"auto, (max-width: 1600px) 100vw, 1600px\" \/><\/a><\/span><\/strong><\/p>\n<p>&nbsp;<\/p>\n<p><strong><a href=\"http:\/\/forbabyboss.com\/wp-content\/uploads\/2022\/09\/checkout.png\"><img loading=\"lazy\" decoding=\"async\" class=\"alignnone wp-image-5965\" src=\"http:\/\/forbabyboss.com\/wp-content\/uploads\/2022\/09\/checkout.png\" alt=\"\" width=\"1038\" height=\"382\" srcset=\"https:\/\/forbabyboss.com\/wp-content\/uploads\/2022\/09\/checkout.png 750w, https:\/\/forbabyboss.com\/wp-content\/uploads\/2022\/09\/checkout-600x221.png 600w\" sizes=\"auto, (max-width: 1038px) 100vw, 1038px\" \/><\/a><\/strong><\/p>\n<p style=\"text-align: justify;\">","protected":false},"excerpt":{"rendered":"<p><a href=\"http:\/\/forbabyboss.com\/wp-content\/uploads\/2022\/09\/Star-Rating-5.png\"><img loading=\"lazy\" decoding=\"async\" class=\"alignnone size-full wp-image-5973 aligncenter\" src=\"http:\/\/forbabyboss.com\/wp-content\/uploads\/2022\/09\/Star-Rating-5.png\" alt=\"\" width=\"275\" height=\"45\" \/><\/a><\/p>\n<p style=\"text-align: center;\"><span style=\"color: #ed1c24; font-size: 120%;\"><b>GARANZIA DI PARIT\u00c0 PREZZO<\/b><\/span><\/p>\n<p style=\"text-align: center;\"><span style=\"font-size: 115%;\"><span style=\"font-weight: 400; color: #4f4fa7;\">Consegna gratuita<\/span><span style=\"font-weight: 400;\"> \u2013 2 \u2013 7 giorni<\/span><\/span><\/p>\n<p style=\"text-align: center;\"><strong><span style=\"color: #29606b;\">Omaggio per acquisti superiori a 100 sterline<\/span><\/strong><\/p>","protected":false},"featured_media":5257,"template":"","meta":[],"product_brand":[577],"product_cat":[339,156,305,303,130,221,211],"product_tag":[163,171],"class_list":{"0":"post-5255","1":"product","2":"type-product","3":"status-publish","4":"has-post-thumbnail","6":"product_brand-kunert","7":"product_cat-700-to-800","8":"product_cat-3-in-1","9":"product_cat-colour","10":"product_cat-pattern","11":"product_cat-prams","12":"product_cat-silver-colour","13":"product_cat-stroller","14":"product_tag-3-in-1-prams","15":"product_tag-pram","17":"first","18":"instock","19":"sale","20":"shipping-taxable","21":"purchasable","22":"product-type-simple"},"yoast_head":"<!-- This site is optimized with the Yoast SEO plugin v27.5 - https:\/\/yoast.com\/product\/yoast-seo-wordpress\/ -->\n<title>Baby Pram 3in1 Lightweight Travel System Pushchair Isofix base in silver frame - For Baby Boss<\/title>\n<meta name=\"description\" content=\"Baby Pram 3in1 Lightweight Travel System Pushchair Isofix base in silver frame\" \/>\n<meta name=\"robots\" content=\"index, follow, max-snippet:-1, max-image-preview:large, max-video-preview:-1\" \/>\n<link rel=\"canonical\" href=\"https:\/\/forbabyboss.com\/it\/product\/passeggino-3-in-1-sistema-da-viaggio-leggero-base-isofix-con-telaio-argento\/\" \/>\n<meta property=\"og:locale\" content=\"it_IT\" \/>\n<meta property=\"og:type\" content=\"article\" \/>\n<meta property=\"og:title\" content=\"Baby Pram 3in1 Lightweight Travel System Pushchair Isofix base in silver frame - For Baby Boss\" \/>\n<meta property=\"og:description\" content=\"Baby Pram 3in1 Lightweight Travel System Pushchair Isofix base in silver frame\" \/>\n<meta property=\"og:url\" content=\"https:\/\/forbabyboss.com\/it\/product\/passeggino-3-in-1-sistema-da-viaggio-leggero-base-isofix-con-telaio-argento\/\" \/>\n<meta property=\"og:site_name\" content=\"For Baby Boss\" \/>\n<meta property=\"article:modified_time\" content=\"2026-02-21T12:38:08+00:00\" \/>\n<meta property=\"og:image\" content=\"https:\/\/forbabyboss.com\/wp-content\/uploads\/2022\/09\/Baby-Buggy-Pram-Lightweight-Folding-3-in-1-Travel-System-Pushchair-Isofix-Base-Silver-SilverFrame.png\" \/>\n\t<meta property=\"og:image:width\" content=\"1309\" \/>\n\t<meta property=\"og:image:height\" content=\"900\" \/>\n\t<meta property=\"og:image:type\" content=\"image\/png\" \/>\n<meta name=\"twitter:card\" content=\"summary_large_image\" \/>\n<meta name=\"twitter:label1\" content=\"Tempo di lettura stimato\" \/>\n\t<meta name=\"twitter:data1\" content=\"3 minuti\" \/>\n<script type=\"application\/ld+json\" class=\"yoast-schema-graph\">{\"@context\":\"https:\\\/\\\/schema.org\",\"@graph\":[{\"@type\":\"WebPage\",\"@id\":\"https:\\\/\\\/forbabyboss.com\\\/product\\\/baby-pram-3in1-lightweight-travel-system-pushchair-isofix-base-in-silver-frame\\\/\",\"url\":\"https:\\\/\\\/forbabyboss.com\\\/product\\\/baby-pram-3in1-lightweight-travel-system-pushchair-isofix-base-in-silver-frame\\\/\",\"name\":\"Baby Pram 3in1 Lightweight Travel System Pushchair Isofix base in silver frame - For Baby Boss\",\"isPartOf\":{\"@id\":\"https:\\\/\\\/powderblue-seahorse-496884.hostingersite.com\\\/#website\"},\"primaryImageOfPage\":{\"@id\":\"https:\\\/\\\/forbabyboss.com\\\/product\\\/baby-pram-3in1-lightweight-travel-system-pushchair-isofix-base-in-silver-frame\\\/#primaryimage\"},\"image\":{\"@id\":\"https:\\\/\\\/forbabyboss.com\\\/product\\\/baby-pram-3in1-lightweight-travel-system-pushchair-isofix-base-in-silver-frame\\\/#primaryimage\"},\"thumbnailUrl\":\"https:\\\/\\\/forbabyboss.com\\\/wp-content\\\/uploads\\\/2022\\\/09\\\/Baby-Buggy-Pram-Lightweight-Folding-3-in-1-Travel-System-Pushchair-Isofix-Base-Silver-SilverFrame.png\",\"datePublished\":\"2022-09-11T15:23:03+00:00\",\"dateModified\":\"2026-02-21T12:38:08+00:00\",\"description\":\"Baby Pram 3in1 Lightweight Travel System Pushchair Isofix base in silver frame\",\"breadcrumb\":{\"@id\":\"https:\\\/\\\/forbabyboss.com\\\/product\\\/baby-pram-3in1-lightweight-travel-system-pushchair-isofix-base-in-silver-frame\\\/#breadcrumb\"},\"inLanguage\":\"it-IT\",\"potentialAction\":[{\"@type\":\"ReadAction\",\"target\":[\"https:\\\/\\\/forbabyboss.com\\\/product\\\/baby-pram-3in1-lightweight-travel-system-pushchair-isofix-base-in-silver-frame\\\/\"]}]},{\"@type\":\"ImageObject\",\"inLanguage\":\"it-IT\",\"@id\":\"https:\\\/\\\/forbabyboss.com\\\/product\\\/baby-pram-3in1-lightweight-travel-system-pushchair-isofix-base-in-silver-frame\\\/#primaryimage\",\"url\":\"https:\\\/\\\/forbabyboss.com\\\/wp-content\\\/uploads\\\/2022\\\/09\\\/Baby-Buggy-Pram-Lightweight-Folding-3-in-1-Travel-System-Pushchair-Isofix-Base-Silver-SilverFrame.png\",\"contentUrl\":\"https:\\\/\\\/forbabyboss.com\\\/wp-content\\\/uploads\\\/2022\\\/09\\\/Baby-Buggy-Pram-Lightweight-Folding-3-in-1-Travel-System-Pushchair-Isofix-Base-Silver-SilverFrame.png\",\"width\":1309,\"height\":900},{\"@type\":\"BreadcrumbList\",\"@id\":\"https:\\\/\\\/forbabyboss.com\\\/product\\\/baby-pram-3in1-lightweight-travel-system-pushchair-isofix-base-in-silver-frame\\\/#breadcrumb\",\"itemListElement\":[{\"@type\":\"ListItem\",\"position\":1,\"name\":\"Home\",\"item\":\"https:\\\/\\\/forbabyboss.com\\\/\"},{\"@type\":\"ListItem\",\"position\":2,\"name\":\"Shop\",\"item\":\"https:\\\/\\\/forbabyboss.com\\\/shop\\\/\"},{\"@type\":\"ListItem\",\"position\":3,\"name\":\"Baby Pram 3in1 Lightweight Travel System Pushchair Isofix base in silver frame\"}]},{\"@type\":\"WebSite\",\"@id\":\"https:\\\/\\\/powderblue-seahorse-496884.hostingersite.com\\\/#website\",\"url\":\"https:\\\/\\\/powderblue-seahorse-496884.hostingersite.com\\\/\",\"name\":\"For Baby Boss\",\"description\":\"Beautiful gifts and accessories for your baby boss\",\"potentialAction\":[{\"@type\":\"SearchAction\",\"target\":{\"@type\":\"EntryPoint\",\"urlTemplate\":\"https:\\\/\\\/powderblue-seahorse-496884.hostingersite.com\\\/?s={search_term_string}\"},\"query-input\":{\"@type\":\"PropertyValueSpecification\",\"valueRequired\":true,\"valueName\":\"search_term_string\"}}],\"inLanguage\":\"it-IT\"}]}<\/script>\n<!-- \/ Yoast SEO plugin. -->","yoast_head_json":{"title":"Passeggino 3 in 1, sistema da viaggio leggero, base Isofix con telaio argento - Per Baby Boss","description":"Passeggino 3 in 1, sistema da viaggio leggero, base Isofix con telaio argentato.","robots":{"index":"index","follow":"follow","max-snippet":"max-snippet:-1","max-image-preview":"max-image-preview:large","max-video-preview":"max-video-preview:-1"},"canonical":"https:\/\/forbabyboss.com\/it\/product\/passeggino-3-in-1-sistema-da-viaggio-leggero-base-isofix-con-telaio-argento\/","og_locale":"it_IT","og_type":"article","og_title":"Baby Pram 3in1 Lightweight Travel System Pushchair Isofix base in silver frame - For Baby Boss","og_description":"Baby Pram 3in1 Lightweight Travel System Pushchair Isofix base in silver frame","og_url":"https:\/\/forbabyboss.com\/it\/product\/passeggino-3-in-1-sistema-da-viaggio-leggero-base-isofix-con-telaio-argento\/","og_site_name":"For Baby Boss","article_modified_time":"2026-02-21T12:38:08+00:00","og_image":[{"width":1309,"height":900,"url":"https:\/\/forbabyboss.com\/wp-content\/uploads\/2022\/09\/Baby-Buggy-Pram-Lightweight-Folding-3-in-1-Travel-System-Pushchair-Isofix-Base-Silver-SilverFrame.png","type":"image\/png"}],"twitter_card":"summary_large_image","twitter_misc":{"Tempo di lettura stimato":"3 minuti"},"schema":{"@context":"https:\/\/schema.org","@graph":[{"@type":"WebPage","@id":"https:\/\/forbabyboss.com\/product\/baby-pram-3in1-lightweight-travel-system-pushchair-isofix-base-in-silver-frame\/","url":"https:\/\/forbabyboss.com\/product\/baby-pram-3in1-lightweight-travel-system-pushchair-isofix-base-in-silver-frame\/","name":"Passeggino 3 in 1, sistema da viaggio leggero, base Isofix con telaio argento - Per Baby Boss","isPartOf":{"@id":"https:\/\/powderblue-seahorse-496884.hostingersite.com\/#website"},"primaryImageOfPage":{"@id":"https:\/\/forbabyboss.com\/product\/baby-pram-3in1-lightweight-travel-system-pushchair-isofix-base-in-silver-frame\/#primaryimage"},"image":{"@id":"https:\/\/forbabyboss.com\/product\/baby-pram-3in1-lightweight-travel-system-pushchair-isofix-base-in-silver-frame\/#primaryimage"},"thumbnailUrl":"https:\/\/forbabyboss.com\/wp-content\/uploads\/2022\/09\/Baby-Buggy-Pram-Lightweight-Folding-3-in-1-Travel-System-Pushchair-Isofix-Base-Silver-SilverFrame.png","datePublished":"2022-09-11T15:23:03+00:00","dateModified":"2026-02-21T12:38:08+00:00","description":"Passeggino 3 in 1, sistema da viaggio leggero, base Isofix con telaio argentato.","breadcrumb":{"@id":"https:\/\/forbabyboss.com\/product\/baby-pram-3in1-lightweight-travel-system-pushchair-isofix-base-in-silver-frame\/#breadcrumb"},"inLanguage":"it-IT","potentialAction":[{"@type":"ReadAction","target":["https:\/\/forbabyboss.com\/product\/baby-pram-3in1-lightweight-travel-system-pushchair-isofix-base-in-silver-frame\/"]}]},{"@type":"ImageObject","inLanguage":"it-IT","@id":"https:\/\/forbabyboss.com\/product\/baby-pram-3in1-lightweight-travel-system-pushchair-isofix-base-in-silver-frame\/#primaryimage","url":"https:\/\/forbabyboss.com\/wp-content\/uploads\/2022\/09\/Baby-Buggy-Pram-Lightweight-Folding-3-in-1-Travel-System-Pushchair-Isofix-Base-Silver-SilverFrame.png","contentUrl":"https:\/\/forbabyboss.com\/wp-content\/uploads\/2022\/09\/Baby-Buggy-Pram-Lightweight-Folding-3-in-1-Travel-System-Pushchair-Isofix-Base-Silver-SilverFrame.png","width":1309,"height":900},{"@type":"BreadcrumbList","@id":"https:\/\/forbabyboss.com\/product\/baby-pram-3in1-lightweight-travel-system-pushchair-isofix-base-in-silver-frame\/#breadcrumb","itemListElement":[{"@type":"ListItem","position":1,"name":"Home","item":"https:\/\/forbabyboss.com\/"},{"@type":"ListItem","position":2,"name":"Shop","item":"https:\/\/forbabyboss.com\/shop\/"},{"@type":"ListItem","position":3,"name":"Baby Pram 3in1 Lightweight Travel System Pushchair Isofix base in silver frame"}]},{"@type":"WebSite","@id":"https:\/\/powderblue-seahorse-496884.hostingersite.com\/#website","url":"https:\/\/powderblue-seahorse-496884.hostingersite.com\/","name":"Per Baby Boss","description":"Bellissimi regali e accessori per il vostro capo bambino","potentialAction":[{"@type":"SearchAction","target":{"@type":"EntryPoint","urlTemplate":"https:\/\/powderblue-seahorse-496884.hostingersite.com\/?s={search_term_string}"},"query-input":{"@type":"PropertyValueSpecification","valueRequired":true,"valueName":"search_term_string"}}],"inLanguage":"it-IT"}]}},"_links":{"self":[{"href":"https:\/\/forbabyboss.com\/it\/wp-json\/wp\/v2\/product\/5255","targetHints":{"allow":["GET"]}}],"collection":[{"href":"https:\/\/forbabyboss.com\/it\/wp-json\/wp\/v2\/product"}],"about":[{"href":"https:\/\/forbabyboss.com\/it\/wp-json\/wp\/v2\/types\/product"}],"wp:featuredmedia":[{"embeddable":true,"href":"https:\/\/forbabyboss.com\/it\/wp-json\/wp\/v2\/media\/5257"}],"wp:attachment":[{"href":"https:\/\/forbabyboss.com\/it\/wp-json\/wp\/v2\/media?parent=5255"}],"wp:term":[{"taxonomy":"product_brand","embeddable":true,"href":"https:\/\/forbabyboss.com\/it\/wp-json\/wp\/v2\/product_brand?post=5255"},{"taxonomy":"product_cat","embeddable":true,"href":"https:\/\/forbabyboss.com\/it\/wp-json\/wp\/v2\/product_cat?post=5255"},{"taxonomy":"product_tag","embeddable":true,"href":"https:\/\/forbabyboss.com\/it\/wp-json\/wp\/v2\/product_tag?post=5255"}],"curies":[{"name":"wp","href":"https:\/\/api.w.org\/{rel}","templated":true}]}}