{"id":5643,"date":"2022-09-13T17:11:38","date_gmt":"2022-09-13T17:11:38","guid":{"rendered":"http:\/\/forbabyboss.com\/?post_type=product&#038;p=5643"},"modified":"2026-02-18T20:05:12","modified_gmt":"2026-02-18T20:05:12","slug":"passeggino-retro-classico-set-3-in-1-sistema-da-viaggio-in-ecopelle-grigio-con-telaio-argento","status":"publish","type":"product","link":"https:\/\/forbabyboss.com\/it\/product\/baby-pram-retro-classic-buggy-set-3in1travel-system-eco-leather-grey-silver-frame\/","title":{"rendered":"Set passeggino retr\u00f2 classico 3 in 1, sistema da viaggio in ecopelle - Grigio (telaio argento)"},"content":{"rendered":"<div style=\"width: 1020px;\" class=\"wp-video\"><video class=\"wp-video-shortcode\" id=\"video-5643-1\" width=\"1020\" height=\"574\" preload=\"metadata\" controls=\"controls\"><source type=\"video\/mp4\" src=\"http:\/\/forbabyboss.com\/wp-content\/uploads\/2022\/09\/romantic-vid.mp4?_=1\" \/><a href=\"http:\/\/forbabyboss.com\/wp-content\/uploads\/2022\/09\/romantic-vid.mp4\">http:\/\/forbabyboss.com\/wp-content\/uploads\/2022\/09\/romantic-vid.mp4<\/a><\/video><\/div>\n<h1><span style=\"font-size: 200%; color: #808080;\">Romantico Esclusivo<\/span><\/h1>\n<p style=\"text-align: justify;\"><span style=\"color: #808080;\">I passeggini della nostra azienda sono realizzati con materiali e tessuti di altissima qualit\u00e0, dotati delle necessarie certificazioni e approvazioni che garantiscono la conformit\u00e0 agli standard europei in materia di salute e sicurezza.<\/span><br \/>\n<span style=\"color: #808080;\">Il passeggino ROMANTIC coniuga perfettamente comfort e modernit\u00e0. Fin dai primi momenti di vita, fino a quando il bambino non inizia a sedersi autonomamente, viene utilizzata la comoda e leggera navicella con coprigambe. Il passeggino diventa poi un valido alleato quando il bambino \u00e8 in grado di sedersi da solo. Utile \u00e8 il poggiapiedi regolabile, che permette di adattare la posizione all&#039;et\u00e0 e alle esigenze del bambino. La barra di sicurezza, le cinture di sicurezza a cinque punti e la protezione inguinale contribuiscono ulteriormente al comfort e alla sicurezza.<\/span><\/p>\n<p style=\"text-align: justify;\"><span style=\"color: #808080;\">I passeggini che offriamo sono realizzati in conformit\u00e0 con gli standard europei PN-EN 1888:2018 e sono dotati di certificati rilasciati da enti rinomati che garantiscono la massima qualit\u00e0 e sicurezza del prodotto.<\/span><\/p>\n<p style=\"text-align: justify;\"><span style=\"color: #808080;\">Le carrozzine romantiche sono dotate di certificati di sicurezza e qualit\u00e0.<\/span><\/p>\n<h4 style=\"text-align: justify;\"><span style=\"color: #808080;\"><strong>Struttura del passeggino:<\/strong><\/span><\/h4>\n<p><span style=\"color: #808080;\">\u2022 Finitura in ecopelle di alta qualit\u00e0 \u2022 Possibilit\u00e0 di posizionare navicella, passeggino e seggiolino auto sia in posizione fronte strada che fronte mamma<\/span><\/p>\n<p><span style=\"color: #808080;\">\u2022 ogni ruota \u00e8 dotata di un cuscinetto, che migliora il comfort<\/span><\/p>\n<p><span style=\"color: #808080;\">\u2022 grande cesto appeso sotto il passeggino<\/span><\/p>\n<p><span style=\"color: #808080;\">\u2022 altezza del manico regolabile<\/span><\/p>\n<p><span style=\"color: #808080;\">\u2022 Facilit\u00e0 di piegatura del telaio e dimensioni ridotte una volta piegato<\/span><\/p>\n<p><span style=\"color: #808080;\">\u2022 Dimensioni del telaio piegato con ruote:<\/span><\/p>\n<p><span style=\"color: #808080;\">\u2022 lunghezza 85 cm<\/span><\/p>\n<p><span style=\"color: #808080;\">\u2022 larghezza 60 cm<\/span><\/p>\n<p><span style=\"color: #808080;\">\u2022 Altezza 41 cm<\/span><\/p>\n<p><span style=\"color: #808080;\">\u2022 Il telaio pesa 11 kg<\/span><\/p>\n<p><span style=\"color: #808080;\">\u2022 Peso del passeggino con navicella o carrozzina: 15 kg<\/span><\/p>\n<p><span style=\"color: #808080;\">\u2022 Dimensioni del passeggino con navicella:<\/span><\/p>\n<p><span style=\"color: #808080;\">\u2022 Larghezza 60 cm<\/span><\/p>\n<p><span style=\"color: #808080;\">\u2022 Altezza fino al cappuccio 128 cm<\/span><\/p>\n<p><span style=\"color: #808080;\">\u2022 Altezza maniglia 103 cm<\/span><\/p>\n<h4><span style=\"color: #808080;\"><strong>Navicella:<\/strong><\/span><\/h4>\n<p><span style=\"color: #808080;\">\u2022 navicella con funzione culla e relativo blocco<\/span><\/p>\n<p><span style=\"color: #808080;\">\u2022 Altezza dello schienale della navicella regolabile<\/span><\/p>\n<p><span style=\"color: #808080;\">\u2022 copertura regolabile per proteggere dalle condizioni meteorologiche avverse<\/span><\/p>\n<p><span style=\"color: #808080;\">\u2022 La maniglia nella cappottina permette di trasportare la navicella con il bambino<\/span><\/p>\n<p><span style=\"color: #808080;\">\u2022 copertura antipioggia<\/span><\/p>\n<p><span style=\"color: #808080;\">\u2022 materasso e rivestimento delicato per la navicella<\/span><\/p>\n<p><span style=\"color: #808080;\">\u2022 Dimensioni interne: 86L x 44W x 21H<\/span><\/p>\n<p><span style=\"color: #808080;\">\u2022 peso 4 kg<\/span><\/p>\n<h4><span style=\"color: #808080;\"><strong>Sella sportiva:<\/strong><\/span><\/h4>\n<p><span style=\"color: #808080;\">\u2022 coprigamba<\/span><\/p>\n<p><span style=\"color: #808080;\">\u2022 cappuccio regolabile e rimovibile<\/span><\/p>\n<p><span style=\"color: #808080;\">\u2022 barra di sicurezza rimovibile<\/span><\/p>\n<p><span style=\"color: #808080;\">\u2022 Regolazione dello schienale in 4 posizioni<\/span><\/p>\n<p><span style=\"color: #808080;\">\u2022 poggiapiedi regolabile<\/span><\/p>\n<p><span style=\"color: #808080;\">\u2022 posizione supina per il bambino<\/span><\/p>\n<p><span style=\"color: #808080;\">\u2022 Imbracatura regolabile a cinque punti<\/span><\/p>\n<p><span style=\"color: #808080;\">\u2022 tasca sul retro del cappuccio<\/span><\/p>\n<p><span style=\"color: #808080;\">\u2022 dimensioni interne:<\/span><\/p>\n<p><span style=\"color: #808080;\">\u2022 lunghezza 90 cm (schienale 47, seduta 23, poggiapiedi 21)<\/span><\/p>\n<p><span style=\"color: #808080;\">\u2022 larghezza 42 cm<\/span><\/p>\n<p><span style=\"color: #808080;\">\u2022 peso 3,7 kg kg<\/span><\/p>\n<p><span style=\"color: #808080;\"><strong>Seggiolino auto con adattatore:<\/strong><\/span><\/p>\n<p><span style=\"color: #808080;\">\u2022 Cintura di sicurezza regolabile a tre punti con protezioni<\/span><\/p>\n<p><span style=\"color: #808080;\">\u2022 cappuccio e copertura rimovibili<\/span><\/p>\n<p><span style=\"color: #808080;\">\u2022 inserto per neonati<\/span><\/p>\n<p><span style=\"color: #808080;\">\u2022 maniglia regolabile<\/span><\/p>\n<p><span style=\"color: #808080;\">\u2022 Funzione culla con blocco<\/span><\/p>\n<p><span style=\"color: #808080;\">\u2022 il seggiolino auto \u00e8 adatto al trasporto di bambini in auto<\/span><\/p>\n<p><span style=\"color: #808080;\">\u2022 omologazione ECE R44\/04<\/span><\/p>\n<p><span style=\"color: #808080;\"><strong>IL SET COMPRENDE:<\/strong><\/span><\/p>\n<p><span style=\"color: #808080;\">1. TELAIO CON RUOTE GONFIABILI<\/span><\/p>\n<p><span style=\"color: #808080;\">2. CULLA (CON CAPOTTINA E COPERTURA)<\/span><\/p>\n<p><span style=\"color: #808080;\">3. PASSEGGINO (CON CAPOTTINA E COPERTURA), ), PASSEGGINO CON CAPOTTINA E COPERTURA, HA SCHIENALE E POGGIAPIEDI REGOLABILI<\/span><\/p>\n<p><span style=\"color: #808080;\">4. SEGGIOLINO AUTO (OPZIONALE) CON CAPOTTINA E COPERTURA<\/span><\/p>\n<p><span style=\"color: #808080;\">5. CINTURE DI SICUREZZA A CINQUE PUNTI.<\/span><\/p>\n<p><span style=\"color: #808080;\">5. BORSA GRANDE<\/span><\/p>\n<p><span style=\"color: #808080;\">6. CARRELLO DELLA SPESA<\/span><\/p>\n<p><span style=\"color: #808080;\">7. COPERTURA ANTIPIOGGIA<\/span><\/p>\n<p><span style=\"color: #808080;\">8. FOGLIO IMPERMEABILE<\/span><\/p>\n<p><span style=\"color: #808080;\">9. ZANZARIERA<\/span><\/p>\n<p><span style=\"color: #808080;\">10. SEGGIOLINO AUTO PER BAMBINI CON CAPOTTINA E COPRI GAMBE, L&#039;AUTO<\/span><\/p>\n<p><span style=\"color: #808080;\">IL SEGGIOLINO \u00c8 ADATTO A BAMBINI FINO A 13 KG, HA<\/span><\/p>\n<p><span style=\"color: #808080;\">MANIGLIA REGOLABILE, INSERTO PER LA FUNZIONE NEONATO E CULLA<\/span><\/p>\n<p><a href=\"http:\/\/forbabyboss.com\/wp-content\/uploads\/2022\/09\/checkout.png\"><img loading=\"lazy\" decoding=\"async\" class=\"alignnone size-full wp-image-5965\" src=\"http:\/\/forbabyboss.com\/wp-content\/uploads\/2022\/09\/checkout.png\" alt=\"\" width=\"750\" height=\"276\" srcset=\"https:\/\/forbabyboss.com\/wp-content\/uploads\/2022\/09\/checkout.png 750w, https:\/\/forbabyboss.com\/wp-content\/uploads\/2022\/09\/checkout-600x221.png 600w\" sizes=\"auto, (max-width: 750px) 100vw, 750px\" \/><\/a><\/p>","protected":false},"excerpt":{"rendered":"<p><a href=\"http:\/\/forbabyboss.com\/wp-content\/uploads\/2022\/09\/Star-Rating-5.png\"><img loading=\"lazy\" decoding=\"async\" class=\"alignnone size-full wp-image-5973 aligncenter\" src=\"http:\/\/forbabyboss.com\/wp-content\/uploads\/2022\/09\/Star-Rating-5.png\" alt=\"\" width=\"275\" height=\"45\" \/><\/a><\/p>\n<p style=\"text-align: center;\"><span style=\"color: #ed1c24; font-size: 120%;\"><b>GARANZIA DI PARIT\u00c0 PREZZO<\/b><\/span><\/p>\n<p style=\"text-align: center;\"><span style=\"font-size: 115%;\"><span style=\"font-weight: 400; color: #4f4fa7;\">Consegna gratuita<\/span><span style=\"font-weight: 400;\"> \u2013 2 \u2013 7 giorni<\/span><\/span><\/p>\n<p style=\"text-align: center;\"><strong><span style=\"color: #29606b;\">Omaggio per acquisti superiori a 100 sterline<\/span><\/strong><\/p>","protected":false},"featured_media":5645,"template":"","meta":[],"product_brand":[577],"product_cat":[338,339,156,305,210,130,209,221,211],"product_tag":[],"class_list":{"0":"post-5643","1":"product","2":"type-product","3":"status-publish","4":"has-post-thumbnail","6":"product_brand-kunert","7":"product_cat-600-to-700","8":"product_cat-700-to-800","9":"product_cat-3-in-1","10":"product_cat-colour","11":"product_cat-grey","12":"product_cat-prams","13":"product_cat-push-chairs","14":"product_cat-silver-colour","15":"product_cat-stroller","17":"first","18":"instock","19":"sale","20":"shipping-taxable","21":"purchasable","22":"product-type-simple"},"yoast_head":"<!-- This site is optimized with the Yoast SEO plugin v27.5 - https:\/\/yoast.com\/product\/yoast-seo-wordpress\/ -->\n<title>Baby Pram Retro Classic Buggy Set 3in1Travel System Eco Leather -Grey (silver frame) - For Baby Boss<\/title>\n<meta name=\"description\" content=\"Baby Pram Retro Classic Buggy Set 3in1Travel System Eco Leather NEW 2022 -Grey (silver frame)\" \/>\n<meta name=\"robots\" content=\"index, follow, max-snippet:-1, max-image-preview:large, max-video-preview:-1\" \/>\n<link rel=\"canonical\" href=\"https:\/\/forbabyboss.com\/it\/product\/passeggino-retro-classico-set-3-in-1-sistema-da-viaggio-in-ecopelle-grigio-con-telaio-argento\/\" \/>\n<meta property=\"og:locale\" content=\"it_IT\" \/>\n<meta property=\"og:type\" content=\"article\" \/>\n<meta property=\"og:title\" content=\"Baby Pram Retro Classic Buggy Set 3in1Travel System Eco Leather -Grey (silver frame) - For Baby Boss\" \/>\n<meta property=\"og:description\" content=\"Baby Pram Retro Classic Buggy Set 3in1Travel System Eco Leather NEW 2022 -Grey (silver frame)\" \/>\n<meta property=\"og:url\" content=\"https:\/\/forbabyboss.com\/it\/product\/passeggino-retro-classico-set-3-in-1-sistema-da-viaggio-in-ecopelle-grigio-con-telaio-argento\/\" \/>\n<meta property=\"og:site_name\" content=\"For Baby Boss\" \/>\n<meta property=\"article:modified_time\" content=\"2026-02-18T20:05:12+00:00\" \/>\n<meta property=\"og:image\" content=\"https:\/\/forbabyboss.com\/wp-content\/uploads\/2022\/09\/Baby-Pram-Retro-Classic-Buggy-Set-3in1Travel-System-Eco-Leather-NEW-2022-Grey-silver-frame-main.png\" \/>\n\t<meta property=\"og:image:width\" content=\"1600\" \/>\n\t<meta property=\"og:image:height\" content=\"1600\" \/>\n\t<meta property=\"og:image:type\" content=\"image\/png\" \/>\n<meta name=\"twitter:card\" content=\"summary_large_image\" \/>\n<meta name=\"twitter:label1\" content=\"Tempo di lettura stimato\" \/>\n\t<meta name=\"twitter:data1\" content=\"3 minuti\" \/>\n<script type=\"application\/ld+json\" class=\"yoast-schema-graph\">{\"@context\":\"https:\\\/\\\/schema.org\",\"@graph\":[{\"@type\":\"WebPage\",\"@id\":\"https:\\\/\\\/forbabyboss.com\\\/product\\\/baby-pram-retro-classic-buggy-set-3in1travel-system-eco-leather-grey-silver-frame\\\/\",\"url\":\"https:\\\/\\\/forbabyboss.com\\\/product\\\/baby-pram-retro-classic-buggy-set-3in1travel-system-eco-leather-grey-silver-frame\\\/\",\"name\":\"Baby Pram Retro Classic Buggy Set 3in1Travel System Eco Leather -Grey (silver frame) - For Baby Boss\",\"isPartOf\":{\"@id\":\"https:\\\/\\\/powderblue-seahorse-496884.hostingersite.com\\\/#website\"},\"primaryImageOfPage\":{\"@id\":\"https:\\\/\\\/forbabyboss.com\\\/product\\\/baby-pram-retro-classic-buggy-set-3in1travel-system-eco-leather-grey-silver-frame\\\/#primaryimage\"},\"image\":{\"@id\":\"https:\\\/\\\/forbabyboss.com\\\/product\\\/baby-pram-retro-classic-buggy-set-3in1travel-system-eco-leather-grey-silver-frame\\\/#primaryimage\"},\"thumbnailUrl\":\"https:\\\/\\\/forbabyboss.com\\\/wp-content\\\/uploads\\\/2022\\\/09\\\/Baby-Pram-Retro-Classic-Buggy-Set-3in1Travel-System-Eco-Leather-NEW-2022-Grey-silver-frame-main.png\",\"datePublished\":\"2022-09-13T17:11:38+00:00\",\"dateModified\":\"2026-02-18T20:05:12+00:00\",\"description\":\"Baby Pram Retro Classic Buggy Set 3in1Travel System Eco Leather NEW 2022 -Grey (silver frame)\",\"breadcrumb\":{\"@id\":\"https:\\\/\\\/forbabyboss.com\\\/product\\\/baby-pram-retro-classic-buggy-set-3in1travel-system-eco-leather-grey-silver-frame\\\/#breadcrumb\"},\"inLanguage\":\"it-IT\",\"potentialAction\":[{\"@type\":\"ReadAction\",\"target\":[\"https:\\\/\\\/forbabyboss.com\\\/product\\\/baby-pram-retro-classic-buggy-set-3in1travel-system-eco-leather-grey-silver-frame\\\/\"]}]},{\"@type\":\"ImageObject\",\"inLanguage\":\"it-IT\",\"@id\":\"https:\\\/\\\/forbabyboss.com\\\/product\\\/baby-pram-retro-classic-buggy-set-3in1travel-system-eco-leather-grey-silver-frame\\\/#primaryimage\",\"url\":\"https:\\\/\\\/forbabyboss.com\\\/wp-content\\\/uploads\\\/2022\\\/09\\\/Baby-Pram-Retro-Classic-Buggy-Set-3in1Travel-System-Eco-Leather-NEW-2022-Grey-silver-frame-main.png\",\"contentUrl\":\"https:\\\/\\\/forbabyboss.com\\\/wp-content\\\/uploads\\\/2022\\\/09\\\/Baby-Pram-Retro-Classic-Buggy-Set-3in1Travel-System-Eco-Leather-NEW-2022-Grey-silver-frame-main.png\",\"width\":1600,\"height\":1600},{\"@type\":\"BreadcrumbList\",\"@id\":\"https:\\\/\\\/forbabyboss.com\\\/product\\\/baby-pram-retro-classic-buggy-set-3in1travel-system-eco-leather-grey-silver-frame\\\/#breadcrumb\",\"itemListElement\":[{\"@type\":\"ListItem\",\"position\":1,\"name\":\"Home\",\"item\":\"https:\\\/\\\/forbabyboss.com\\\/\"},{\"@type\":\"ListItem\",\"position\":2,\"name\":\"Shop\",\"item\":\"https:\\\/\\\/forbabyboss.com\\\/shop\\\/\"},{\"@type\":\"ListItem\",\"position\":3,\"name\":\"Baby Pram Retro Classic Buggy Set 3in1Travel System Eco Leather -Grey (silver frame)\"}]},{\"@type\":\"WebSite\",\"@id\":\"https:\\\/\\\/powderblue-seahorse-496884.hostingersite.com\\\/#website\",\"url\":\"https:\\\/\\\/powderblue-seahorse-496884.hostingersite.com\\\/\",\"name\":\"For Baby Boss\",\"description\":\"Beautiful gifts and accessories for your baby boss\",\"potentialAction\":[{\"@type\":\"SearchAction\",\"target\":{\"@type\":\"EntryPoint\",\"urlTemplate\":\"https:\\\/\\\/powderblue-seahorse-496884.hostingersite.com\\\/?s={search_term_string}\"},\"query-input\":{\"@type\":\"PropertyValueSpecification\",\"valueRequired\":true,\"valueName\":\"search_term_string\"}}],\"inLanguage\":\"it-IT\"}]}<\/script>\n<!-- \/ Yoast SEO plugin. -->","yoast_head_json":{"title":"Set passeggino retr\u00f2 classico 3 in 1, sistema da viaggio in ecopelle - Grigio (telaio argento) - Per Baby Boss","description":"Set passeggino retr\u00f2 classico 3 in 1, sistema da viaggio in ecopelle, NUOVO 2022 - Grigio (telaio argento)","robots":{"index":"index","follow":"follow","max-snippet":"max-snippet:-1","max-image-preview":"max-image-preview:large","max-video-preview":"max-video-preview:-1"},"canonical":"https:\/\/forbabyboss.com\/it\/product\/passeggino-retro-classico-set-3-in-1-sistema-da-viaggio-in-ecopelle-grigio-con-telaio-argento\/","og_locale":"it_IT","og_type":"article","og_title":"Baby Pram Retro Classic Buggy Set 3in1Travel System Eco Leather -Grey (silver frame) - For Baby Boss","og_description":"Baby Pram Retro Classic Buggy Set 3in1Travel System Eco Leather NEW 2022 -Grey (silver frame)","og_url":"https:\/\/forbabyboss.com\/it\/product\/passeggino-retro-classico-set-3-in-1-sistema-da-viaggio-in-ecopelle-grigio-con-telaio-argento\/","og_site_name":"For Baby Boss","article_modified_time":"2026-02-18T20:05:12+00:00","og_image":[{"width":1600,"height":1600,"url":"https:\/\/forbabyboss.com\/wp-content\/uploads\/2022\/09\/Baby-Pram-Retro-Classic-Buggy-Set-3in1Travel-System-Eco-Leather-NEW-2022-Grey-silver-frame-main.png","type":"image\/png"}],"twitter_card":"summary_large_image","twitter_misc":{"Tempo di lettura stimato":"3 minuti"},"schema":{"@context":"https:\/\/schema.org","@graph":[{"@type":"WebPage","@id":"https:\/\/forbabyboss.com\/product\/baby-pram-retro-classic-buggy-set-3in1travel-system-eco-leather-grey-silver-frame\/","url":"https:\/\/forbabyboss.com\/product\/baby-pram-retro-classic-buggy-set-3in1travel-system-eco-leather-grey-silver-frame\/","name":"Set passeggino retr\u00f2 classico 3 in 1, sistema da viaggio in ecopelle - Grigio (telaio argento) - Per Baby Boss","isPartOf":{"@id":"https:\/\/powderblue-seahorse-496884.hostingersite.com\/#website"},"primaryImageOfPage":{"@id":"https:\/\/forbabyboss.com\/product\/baby-pram-retro-classic-buggy-set-3in1travel-system-eco-leather-grey-silver-frame\/#primaryimage"},"image":{"@id":"https:\/\/forbabyboss.com\/product\/baby-pram-retro-classic-buggy-set-3in1travel-system-eco-leather-grey-silver-frame\/#primaryimage"},"thumbnailUrl":"https:\/\/forbabyboss.com\/wp-content\/uploads\/2022\/09\/Baby-Pram-Retro-Classic-Buggy-Set-3in1Travel-System-Eco-Leather-NEW-2022-Grey-silver-frame-main.png","datePublished":"2022-09-13T17:11:38+00:00","dateModified":"2026-02-18T20:05:12+00:00","description":"Set passeggino retr\u00f2 classico 3 in 1, sistema da viaggio in ecopelle, NUOVO 2022 - Grigio (telaio argento)","breadcrumb":{"@id":"https:\/\/forbabyboss.com\/product\/baby-pram-retro-classic-buggy-set-3in1travel-system-eco-leather-grey-silver-frame\/#breadcrumb"},"inLanguage":"it-IT","potentialAction":[{"@type":"ReadAction","target":["https:\/\/forbabyboss.com\/product\/baby-pram-retro-classic-buggy-set-3in1travel-system-eco-leather-grey-silver-frame\/"]}]},{"@type":"ImageObject","inLanguage":"it-IT","@id":"https:\/\/forbabyboss.com\/product\/baby-pram-retro-classic-buggy-set-3in1travel-system-eco-leather-grey-silver-frame\/#primaryimage","url":"https:\/\/forbabyboss.com\/wp-content\/uploads\/2022\/09\/Baby-Pram-Retro-Classic-Buggy-Set-3in1Travel-System-Eco-Leather-NEW-2022-Grey-silver-frame-main.png","contentUrl":"https:\/\/forbabyboss.com\/wp-content\/uploads\/2022\/09\/Baby-Pram-Retro-Classic-Buggy-Set-3in1Travel-System-Eco-Leather-NEW-2022-Grey-silver-frame-main.png","width":1600,"height":1600},{"@type":"BreadcrumbList","@id":"https:\/\/forbabyboss.com\/product\/baby-pram-retro-classic-buggy-set-3in1travel-system-eco-leather-grey-silver-frame\/#breadcrumb","itemListElement":[{"@type":"ListItem","position":1,"name":"Home","item":"https:\/\/forbabyboss.com\/"},{"@type":"ListItem","position":2,"name":"Shop","item":"https:\/\/forbabyboss.com\/shop\/"},{"@type":"ListItem","position":3,"name":"Baby Pram Retro Classic Buggy Set 3in1Travel System Eco Leather -Grey (silver frame)"}]},{"@type":"WebSite","@id":"https:\/\/powderblue-seahorse-496884.hostingersite.com\/#website","url":"https:\/\/powderblue-seahorse-496884.hostingersite.com\/","name":"Per Baby Boss","description":"Bellissimi regali e accessori per il vostro capo bambino","potentialAction":[{"@type":"SearchAction","target":{"@type":"EntryPoint","urlTemplate":"https:\/\/powderblue-seahorse-496884.hostingersite.com\/?s={search_term_string}"},"query-input":{"@type":"PropertyValueSpecification","valueRequired":true,"valueName":"search_term_string"}}],"inLanguage":"it-IT"}]}},"_links":{"self":[{"href":"https:\/\/forbabyboss.com\/it\/wp-json\/wp\/v2\/product\/5643","targetHints":{"allow":["GET"]}}],"collection":[{"href":"https:\/\/forbabyboss.com\/it\/wp-json\/wp\/v2\/product"}],"about":[{"href":"https:\/\/forbabyboss.com\/it\/wp-json\/wp\/v2\/types\/product"}],"wp:featuredmedia":[{"embeddable":true,"href":"https:\/\/forbabyboss.com\/it\/wp-json\/wp\/v2\/media\/5645"}],"wp:attachment":[{"href":"https:\/\/forbabyboss.com\/it\/wp-json\/wp\/v2\/media?parent=5643"}],"wp:term":[{"taxonomy":"product_brand","embeddable":true,"href":"https:\/\/forbabyboss.com\/it\/wp-json\/wp\/v2\/product_brand?post=5643"},{"taxonomy":"product_cat","embeddable":true,"href":"https:\/\/forbabyboss.com\/it\/wp-json\/wp\/v2\/product_cat?post=5643"},{"taxonomy":"product_tag","embeddable":true,"href":"https:\/\/forbabyboss.com\/it\/wp-json\/wp\/v2\/product_tag?post=5643"}],"curies":[{"name":"wp","href":"https:\/\/api.w.org\/{rel}","templated":true}]}}