{"id":5828,"date":"2022-09-15T10:03:49","date_gmt":"2022-09-15T10:03:49","guid":{"rendered":"http:\/\/forbabyboss.com\/?post_type=product&#038;p=5828"},"modified":"2026-02-18T17:58:01","modified_gmt":"2026-02-18T17:58:01","slug":"nuovo-set-passeggino-retro-classico-3-in-1-sistema-da-viaggio-con-telaio-verde-e-grigio","status":"publish","type":"product","link":"https:\/\/forbabyboss.com\/it\/product\/new-baby-pram-retro-set-classic-pushchair-3in1-travel-system-green-grey-frame\/","title":{"rendered":"Nuovo set passeggino retr\u00f2 per neonati, passeggino classico 3 in 1, sistema da viaggio con telaio verde e grigio"},"content":{"rendered":"<h1><\/h1>\n<div style=\"width: 1020px;\" class=\"wp-video\"><video class=\"wp-video-shortcode\" id=\"video-5828-1\" width=\"1020\" height=\"574\" preload=\"metadata\" controls=\"controls\"><source type=\"video\/mp4\" src=\"http:\/\/forbabyboss.com\/wp-content\/uploads\/2022\/09\/romantic-vid-1.mp4?_=1\" \/><a href=\"http:\/\/forbabyboss.com\/wp-content\/uploads\/2022\/09\/romantic-vid-1.mp4\">http:\/\/forbabyboss.com\/wp-content\/uploads\/2022\/09\/romantic-vid-1.mp4<\/a><\/video><\/div>\n<p style=\"text-align: justify;\"><strong><span style=\"color: #808080;\">I passeggini della nostra azienda sono realizzati con materiali e tessuti di altissima qualit\u00e0, dotati delle necessarie certificazioni e approvazioni che garantiscono la conformit\u00e0 agli standard europei in materia di salute e sicurezza. Il passeggino ROMANTIC coniuga perfettamente comfort e modernit\u00e0. Fin dai primi momenti di vita del bambino, fino a quando non inizia a sedersi autonomamente, viene utilizzata la comoda e leggera navicella con coprigambe. Il passeggino diventa poi un&#039;alternativa per il bambino quando \u00e8 in grado di stare seduto da solo. Utile \u00e8 il poggiapiedi regolabile, che permette di adattare la posizione all&#039;et\u00e0 e alle esigenze del bambino. La barra di sicurezza, le cinture di sicurezza a cinque punti e la protezione inguinale contribuiscono ulteriormente al comfort e alla sicurezza.<\/span><\/strong><\/p>\n<h4 style=\"text-align: justify;\"><span style=\"color: #e14d43;\"><strong>IL SET COMPRENDE:<\/strong><\/span><\/h4>\n<p style=\"text-align: justify;\"><strong><span style=\"color: #808080;\">1. TELAIO CON RUOTE GONFIABILI<\/span><\/strong><br \/>\n<strong><span style=\"color: #808080;\">2. CULLA (CON CAPOTTINA E COPERTURA)<\/span><\/strong><br \/>\n<strong><span style=\"color: #808080;\">3. PASSEGGINO (CON CAPOTTINA E COPERTURA), ), PASSEGGINO CON CAPOTTINA E COPERTURA, HA SCHIENALE E POGGIAPIEDI REGOLABILI\u00a0<\/span><\/strong><br \/>\n<strong><span style=\"color: #808080;\">4. SEGGIOLINO AUTO (CAPPUCCIO E COPRISEGNI)<\/span><\/strong><br \/>\n<strong><span style=\"color: #808080;\">5. CINTURE DI SICUREZZA A CINQUE PUNTI.<\/span><\/strong><br \/>\n<strong><span style=\"color: #808080;\">5. BORSA GRANDE<\/span><\/strong><br \/>\n<strong><span style=\"color: #808080;\">6. CARRELLO DELLA SPESA<\/span><\/strong><br \/>\n<strong><span style=\"color: #808080;\">7. COPERTURA ANTIPIOGGIA<\/span><\/strong><br \/>\n<strong><span style=\"color: #808080;\">8. FOGLIO IMPERMEABILE<\/span><\/strong><br \/>\n<strong><span style=\"color: #808080;\">9. ZANZARIERA<\/span><\/strong><br \/>\n<strong><span style=\"color: #808080;\">10. SEGGIOLINO AUTO PER NEONATI CON CAPOTTINA E COPRI GAMBE, IL SEGGIOLINO AUTO \u00c8 ADATTO A BAMBINI FINO A 13 KG, HA MANIGLIA REGOLABILE, INSERTO PER NEONATO E FUNZIONE CULLA<\/span><\/strong><\/p>\n<p style=\"text-align: justify;\"><strong><span style=\"color: #808080;\">I passeggini che offriamo sono realizzati in conformit\u00e0 con gli standard europei PN-EN 1888:2018 e sono dotati di certificati rilasciati da enti rinomati che garantiscono la massima qualit\u00e0 e sicurezza del prodotto.<\/span><\/strong><\/p>\n<p style=\"text-align: justify;\"><strong><span style=\"color: #808080;\">Le carrozzine romantiche sono dotate di certificati di sicurezza e qualit\u00e0.<\/span><\/strong><\/p>\n<p style=\"text-align: justify;\"><span style=\"color: #e14d43;\"><strong>Struttura del passeggino:<\/strong><\/span><\/p>\n<p style=\"text-align: justify;\"><strong><span style=\"color: #808080;\">\u2022 Posizionamento della navicella, del passeggino e del seggiolino auto sia in posizione fronte strada che in posizione contro il senso di marcia.<\/span><\/strong><br \/>\n<strong><span style=\"color: #808080;\">\u2022 ogni ruota \u00e8 dotata di un cuscinetto, che migliora il comfort<\/span><\/strong><br \/>\n<strong><span style=\"color: #808080;\">\u2022 grande cesto appeso sotto il passeggino<\/span><\/strong><br \/>\n<strong><span style=\"color: #808080;\">\u2022 altezza del manico regolabile<\/span><\/strong><br \/>\n<strong><span style=\"color: #808080;\">\u2022 Facilit\u00e0 di piegatura del telaio e dimensioni ridotte una volta piegato<\/span><\/strong><br \/>\n<strong><span style=\"color: #808080;\">\u2022 Dimensioni del telaio piegato con ruote:<\/span><\/strong><br \/>\n<strong><span style=\"color: #808080;\">\u2022 lunghezza 85 cm<\/span><\/strong><br \/>\n<strong><span style=\"color: #808080;\">\u2022 larghezza 60 cm<\/span><\/strong><br \/>\n<strong><span style=\"color: #808080;\">\u2022 Altezza 41 cm<\/span><\/strong><br \/>\n<strong><span style=\"color: #808080;\">\u2022 Il telaio pesa 11 kg<\/span><\/strong><br \/>\n<strong><span style=\"color: #808080;\">\u2022 Peso del passeggino con navicella o carrozzina: 15 kg\u00a0<\/span><\/strong><\/p>\n<p style=\"text-align: justify;\"><span style=\"color: #e14d43;\"><strong>Dimensioni del passeggino con navicella:<\/strong><\/span><\/p>\n<p style=\"text-align: justify;\"><strong><span style=\"color: #808080;\">\u2022 Larghezza 60 cm<\/span><\/strong><br \/>\n<strong><span style=\"color: #808080;\">\u2022 Altezza fino al cappuccio 128 cm<\/span><\/strong><br \/>\n<strong><span style=\"color: #808080;\">\u2022 Altezza maniglia 103 cm<\/span><\/strong><\/p>\n<p style=\"text-align: justify;\"><span style=\"color: #e14d43;\"><strong>Navicella:<\/strong><\/span><\/p>\n<p style=\"text-align: justify;\"><strong><span style=\"color: #808080;\">\u2022 navicella con funzione culla e relativo blocco<\/span><\/strong><br \/>\n<strong><span style=\"color: #808080;\">\u2022 Altezza dello schienale della navicella regolabile<\/span><\/strong><br \/>\n<strong><span style=\"color: #808080;\">\u2022 copertura regolabile per proteggere dalle condizioni meteorologiche avverse<\/span><\/strong><br \/>\n<strong><span style=\"color: #808080;\">\u2022 La maniglia nella cappottina permette di trasportare la navicella con il bambino<\/span><\/strong><br \/>\n<strong><span style=\"color: #808080;\">\u2022 copertura antipioggia<\/span><\/strong><br \/>\n<strong><span style=\"color: #808080;\">\u2022 materasso e rivestimento delicato per la navicella<\/span><\/strong><br \/>\n<strong><span style=\"color: #808080;\">\u2022 Dimensioni interne: 86L x 44W x 21H<\/span><\/strong><br \/>\n<strong><span style=\"color: #808080;\">\u2022 peso 4 kg<\/span><\/strong><\/p>\n<p style=\"text-align: justify;\"><span style=\"color: #e14d43;\"><strong>Sedile sportivo:<\/strong><\/span><\/p>\n<p style=\"text-align: justify;\"><strong><span style=\"color: #808080;\">\u2022 coprigamba<\/span><\/strong><br \/>\n<strong><span style=\"color: #808080;\">\u2022 cappuccio regolabile e rimovibile<\/span><\/strong><br \/>\n<strong><span style=\"color: #808080;\">\u2022 barra di sicurezza rimovibile<\/span><\/strong><br \/>\n<strong><span style=\"color: #808080;\">\u2022 Regolazione dello schienale in 4 posizioni<\/span><\/strong><br \/>\n<strong><span style=\"color: #808080;\">\u2022 poggiapiedi regolabile<\/span><\/strong><br \/>\n<strong><span style=\"color: #808080;\">\u2022 posizione supina per il bambino<\/span><\/strong><br \/>\n<strong><span style=\"color: #808080;\">\u2022 Imbracatura regolabile a cinque punti<\/span><\/strong><br \/>\n<strong><span style=\"color: #808080;\">\u2022 tasca sul retro del cappuccio<\/span><\/strong><br \/>\n<strong><span style=\"color: #808080;\">\u2022 dimensioni interne:<\/span><\/strong><br \/>\n<strong><span style=\"color: #808080;\">\u2022 lunghezza 90 cm (schienale 47, seduta 23, poggiapiedi 21)<\/span><\/strong><br \/>\n<strong><span style=\"color: #808080;\">\u2022 larghezza 42 cm<\/span><\/strong><br \/>\n<strong><span style=\"color: #808080;\">\u2022 peso 3,7 kg kg<\/span><\/strong><\/p>\n<p style=\"text-align: justify;\"><span style=\"color: #e14d43;\"><strong>Seggiolino auto con adattatore:<\/strong><\/span><\/p>\n<p style=\"text-align: justify;\"><strong><span style=\"color: #808080;\">\u2022 Cintura di sicurezza regolabile a tre punti con protezioni<\/span><\/strong><br \/>\n<strong><span style=\"color: #808080;\">\u2022 cappuccio e copertura rimovibili<\/span><\/strong><br \/>\n<strong><span style=\"color: #808080;\">\u2022 inserto per neonati<\/span><\/strong><br \/>\n<strong><span style=\"color: #808080;\">\u2022 maniglia regolabile<\/span><\/strong><br \/>\n<strong><span style=\"color: #808080;\">\u2022 Funzione culla con blocco<\/span><\/strong><br \/>\n<strong><span style=\"color: #808080;\">\u2022 il seggiolino auto \u00e8 adatto al trasporto di bambini in auto<\/span><\/strong><br \/>\n<strong><span style=\"color: #808080;\">\u2022 omologazione ECE R44\/04<\/span><\/strong><\/p>\n<p>&nbsp;<\/p>\n<p><a href=\"http:\/\/forbabyboss.com\/wp-content\/uploads\/2022\/09\/checkout.png\"><img loading=\"lazy\" decoding=\"async\" class=\"alignnone wp-image-5965\" src=\"http:\/\/forbabyboss.com\/wp-content\/uploads\/2022\/09\/checkout.png\" alt=\"\" width=\"992\" height=\"365\" srcset=\"https:\/\/forbabyboss.com\/wp-content\/uploads\/2022\/09\/checkout.png 750w, https:\/\/forbabyboss.com\/wp-content\/uploads\/2022\/09\/checkout-600x221.png 600w\" sizes=\"auto, (max-width: 992px) 100vw, 992px\" \/><\/a><\/p>","protected":false},"excerpt":{"rendered":"<p><a href=\"http:\/\/forbabyboss.com\/wp-content\/uploads\/2022\/09\/Star-Rating-5.png\"><img loading=\"lazy\" decoding=\"async\" class=\"alignnone size-full wp-image-5973 aligncenter\" src=\"http:\/\/forbabyboss.com\/wp-content\/uploads\/2022\/09\/Star-Rating-5.png\" alt=\"\" width=\"275\" height=\"45\" \/><\/a><\/p>\n<p style=\"text-align: center;\"><span style=\"color: #ed1c24; font-size: 120%;\"><b>GARANZIA DI PARIT\u00c0 PREZZO<\/b><\/span><\/p>\n<p style=\"text-align: center;\"><span style=\"font-size: 115%;\"><span style=\"font-weight: 400; color: #4f4fa7;\">Consegna gratuita<\/span><span style=\"font-weight: 400;\"> \u2013 2 \u2013 7 giorni<\/span><\/span><\/p>\n<p style=\"text-align: center;\"><strong><span style=\"color: #29606b;\">Omaggio per acquisti superiori a 100 sterline<\/span><\/strong><\/p>","protected":false},"featured_media":5829,"template":"","meta":[],"product_brand":[577],"product_cat":[338,339,156,305,244,210,130,209,211],"product_tag":[163,199],"class_list":{"0":"post-5828","1":"product","2":"type-product","3":"status-publish","4":"has-post-thumbnail","6":"product_brand-kunert","7":"product_cat-600-to-700","8":"product_cat-700-to-800","9":"product_cat-3-in-1","10":"product_cat-colour","11":"product_cat-green","12":"product_cat-grey","13":"product_cat-prams","14":"product_cat-push-chairs","15":"product_cat-stroller","16":"product_tag-3-in-1-prams","17":"product_tag-prams","19":"first","20":"instock","21":"sale","22":"shipping-taxable","23":"purchasable","24":"product-type-simple"},"yoast_head":"<!-- This site is optimized with the Yoast SEO plugin v27.5 - https:\/\/yoast.com\/product\/yoast-seo-wordpress\/ -->\n<title>New Baby Pram Retro Set Classic Pushchair 3in1 Travel System Green Grey Frame - For Baby Boss<\/title>\n<meta name=\"description\" content=\"New Baby Pram Retro Set Classic Pushchair 3in1 Travel System Green Grey Frame\" \/>\n<meta name=\"robots\" content=\"index, follow, max-snippet:-1, max-image-preview:large, max-video-preview:-1\" \/>\n<link rel=\"canonical\" href=\"https:\/\/forbabyboss.com\/it\/product\/nuovo-set-passeggino-retro-classico-3-in-1-sistema-da-viaggio-con-telaio-verde-e-grigio\/\" \/>\n<meta property=\"og:locale\" content=\"it_IT\" \/>\n<meta property=\"og:type\" content=\"article\" \/>\n<meta property=\"og:title\" content=\"New Baby Pram Retro Set Classic Pushchair 3in1 Travel System Green Grey Frame - For Baby Boss\" \/>\n<meta property=\"og:description\" content=\"New Baby Pram Retro Set Classic Pushchair 3in1 Travel System Green Grey Frame\" \/>\n<meta property=\"og:url\" content=\"https:\/\/forbabyboss.com\/it\/product\/nuovo-set-passeggino-retro-classico-3-in-1-sistema-da-viaggio-con-telaio-verde-e-grigio\/\" \/>\n<meta property=\"og:site_name\" content=\"For Baby Boss\" \/>\n<meta property=\"article:modified_time\" content=\"2026-02-18T17:58:01+00:00\" \/>\n<meta property=\"og:image\" content=\"https:\/\/forbabyboss.com\/wp-content\/uploads\/2022\/09\/Baby-Pram-Retro-Buggy-Set-Classic-Pushchair-3in1Travel-System-NEW-2022-FREEBIES-Green-grey-frame.png\" \/>\n\t<meta property=\"og:image:width\" content=\"1600\" \/>\n\t<meta property=\"og:image:height\" content=\"1600\" \/>\n\t<meta property=\"og:image:type\" content=\"image\/png\" \/>\n<meta name=\"twitter:card\" content=\"summary_large_image\" \/>\n<meta name=\"twitter:label1\" content=\"Tempo di lettura stimato\" \/>\n\t<meta name=\"twitter:data1\" content=\"3 minuti\" \/>\n<script type=\"application\/ld+json\" class=\"yoast-schema-graph\">{\"@context\":\"https:\\\/\\\/schema.org\",\"@graph\":[{\"@type\":\"WebPage\",\"@id\":\"https:\\\/\\\/forbabyboss.com\\\/product\\\/new-baby-pram-retro-set-classic-pushchair-3in1-travel-system-green-grey-frame\\\/\",\"url\":\"https:\\\/\\\/forbabyboss.com\\\/product\\\/new-baby-pram-retro-set-classic-pushchair-3in1-travel-system-green-grey-frame\\\/\",\"name\":\"New Baby Pram Retro Set Classic Pushchair 3in1 Travel System Green Grey Frame - For Baby Boss\",\"isPartOf\":{\"@id\":\"https:\\\/\\\/powderblue-seahorse-496884.hostingersite.com\\\/#website\"},\"primaryImageOfPage\":{\"@id\":\"https:\\\/\\\/forbabyboss.com\\\/product\\\/new-baby-pram-retro-set-classic-pushchair-3in1-travel-system-green-grey-frame\\\/#primaryimage\"},\"image\":{\"@id\":\"https:\\\/\\\/forbabyboss.com\\\/product\\\/new-baby-pram-retro-set-classic-pushchair-3in1-travel-system-green-grey-frame\\\/#primaryimage\"},\"thumbnailUrl\":\"https:\\\/\\\/forbabyboss.com\\\/wp-content\\\/uploads\\\/2022\\\/09\\\/Baby-Pram-Retro-Buggy-Set-Classic-Pushchair-3in1Travel-System-NEW-2022-FREEBIES-Green-grey-frame.png\",\"datePublished\":\"2022-09-15T10:03:49+00:00\",\"dateModified\":\"2026-02-18T17:58:01+00:00\",\"description\":\"New Baby Pram Retro Set Classic Pushchair 3in1 Travel System Green Grey Frame\",\"breadcrumb\":{\"@id\":\"https:\\\/\\\/forbabyboss.com\\\/product\\\/new-baby-pram-retro-set-classic-pushchair-3in1-travel-system-green-grey-frame\\\/#breadcrumb\"},\"inLanguage\":\"it-IT\",\"potentialAction\":[{\"@type\":\"ReadAction\",\"target\":[\"https:\\\/\\\/forbabyboss.com\\\/product\\\/new-baby-pram-retro-set-classic-pushchair-3in1-travel-system-green-grey-frame\\\/\"]}]},{\"@type\":\"ImageObject\",\"inLanguage\":\"it-IT\",\"@id\":\"https:\\\/\\\/forbabyboss.com\\\/product\\\/new-baby-pram-retro-set-classic-pushchair-3in1-travel-system-green-grey-frame\\\/#primaryimage\",\"url\":\"https:\\\/\\\/forbabyboss.com\\\/wp-content\\\/uploads\\\/2022\\\/09\\\/Baby-Pram-Retro-Buggy-Set-Classic-Pushchair-3in1Travel-System-NEW-2022-FREEBIES-Green-grey-frame.png\",\"contentUrl\":\"https:\\\/\\\/forbabyboss.com\\\/wp-content\\\/uploads\\\/2022\\\/09\\\/Baby-Pram-Retro-Buggy-Set-Classic-Pushchair-3in1Travel-System-NEW-2022-FREEBIES-Green-grey-frame.png\",\"width\":1600,\"height\":1600},{\"@type\":\"BreadcrumbList\",\"@id\":\"https:\\\/\\\/forbabyboss.com\\\/product\\\/new-baby-pram-retro-set-classic-pushchair-3in1-travel-system-green-grey-frame\\\/#breadcrumb\",\"itemListElement\":[{\"@type\":\"ListItem\",\"position\":1,\"name\":\"Home\",\"item\":\"https:\\\/\\\/forbabyboss.com\\\/\"},{\"@type\":\"ListItem\",\"position\":2,\"name\":\"Shop\",\"item\":\"https:\\\/\\\/forbabyboss.com\\\/shop\\\/\"},{\"@type\":\"ListItem\",\"position\":3,\"name\":\"New Baby Pram Retro Set Classic Pushchair 3in1 Travel System Green Grey Frame\"}]},{\"@type\":\"WebSite\",\"@id\":\"https:\\\/\\\/powderblue-seahorse-496884.hostingersite.com\\\/#website\",\"url\":\"https:\\\/\\\/powderblue-seahorse-496884.hostingersite.com\\\/\",\"name\":\"For Baby Boss\",\"description\":\"Beautiful gifts and accessories for your baby boss\",\"potentialAction\":[{\"@type\":\"SearchAction\",\"target\":{\"@type\":\"EntryPoint\",\"urlTemplate\":\"https:\\\/\\\/powderblue-seahorse-496884.hostingersite.com\\\/?s={search_term_string}\"},\"query-input\":{\"@type\":\"PropertyValueSpecification\",\"valueRequired\":true,\"valueName\":\"search_term_string\"}}],\"inLanguage\":\"it-IT\"}]}<\/script>\n<!-- \/ Yoast SEO plugin. -->","yoast_head_json":{"title":"Nuovo set passeggino retr\u00f2 per neonati, passeggino classico 3 in 1, sistema da viaggio con telaio verde e grigio - Per Baby Boss","description":"Nuovo set passeggino retr\u00f2 per neonati, passeggino classico 3 in 1, sistema da viaggio con telaio verde e grigio","robots":{"index":"index","follow":"follow","max-snippet":"max-snippet:-1","max-image-preview":"max-image-preview:large","max-video-preview":"max-video-preview:-1"},"canonical":"https:\/\/forbabyboss.com\/it\/product\/nuovo-set-passeggino-retro-classico-3-in-1-sistema-da-viaggio-con-telaio-verde-e-grigio\/","og_locale":"it_IT","og_type":"article","og_title":"New Baby Pram Retro Set Classic Pushchair 3in1 Travel System Green Grey Frame - For Baby Boss","og_description":"New Baby Pram Retro Set Classic Pushchair 3in1 Travel System Green Grey Frame","og_url":"https:\/\/forbabyboss.com\/it\/product\/nuovo-set-passeggino-retro-classico-3-in-1-sistema-da-viaggio-con-telaio-verde-e-grigio\/","og_site_name":"For Baby Boss","article_modified_time":"2026-02-18T17:58:01+00:00","og_image":[{"width":1600,"height":1600,"url":"https:\/\/forbabyboss.com\/wp-content\/uploads\/2022\/09\/Baby-Pram-Retro-Buggy-Set-Classic-Pushchair-3in1Travel-System-NEW-2022-FREEBIES-Green-grey-frame.png","type":"image\/png"}],"twitter_card":"summary_large_image","twitter_misc":{"Tempo di lettura stimato":"3 minuti"},"schema":{"@context":"https:\/\/schema.org","@graph":[{"@type":"WebPage","@id":"https:\/\/forbabyboss.com\/product\/new-baby-pram-retro-set-classic-pushchair-3in1-travel-system-green-grey-frame\/","url":"https:\/\/forbabyboss.com\/product\/new-baby-pram-retro-set-classic-pushchair-3in1-travel-system-green-grey-frame\/","name":"Nuovo set passeggino retr\u00f2 per neonati, passeggino classico 3 in 1, sistema da viaggio con telaio verde e grigio - Per Baby Boss","isPartOf":{"@id":"https:\/\/powderblue-seahorse-496884.hostingersite.com\/#website"},"primaryImageOfPage":{"@id":"https:\/\/forbabyboss.com\/product\/new-baby-pram-retro-set-classic-pushchair-3in1-travel-system-green-grey-frame\/#primaryimage"},"image":{"@id":"https:\/\/forbabyboss.com\/product\/new-baby-pram-retro-set-classic-pushchair-3in1-travel-system-green-grey-frame\/#primaryimage"},"thumbnailUrl":"https:\/\/forbabyboss.com\/wp-content\/uploads\/2022\/09\/Baby-Pram-Retro-Buggy-Set-Classic-Pushchair-3in1Travel-System-NEW-2022-FREEBIES-Green-grey-frame.png","datePublished":"2022-09-15T10:03:49+00:00","dateModified":"2026-02-18T17:58:01+00:00","description":"Nuovo set passeggino retr\u00f2 per neonati, passeggino classico 3 in 1, sistema da viaggio con telaio verde e grigio","breadcrumb":{"@id":"https:\/\/forbabyboss.com\/product\/new-baby-pram-retro-set-classic-pushchair-3in1-travel-system-green-grey-frame\/#breadcrumb"},"inLanguage":"it-IT","potentialAction":[{"@type":"ReadAction","target":["https:\/\/forbabyboss.com\/product\/new-baby-pram-retro-set-classic-pushchair-3in1-travel-system-green-grey-frame\/"]}]},{"@type":"ImageObject","inLanguage":"it-IT","@id":"https:\/\/forbabyboss.com\/product\/new-baby-pram-retro-set-classic-pushchair-3in1-travel-system-green-grey-frame\/#primaryimage","url":"https:\/\/forbabyboss.com\/wp-content\/uploads\/2022\/09\/Baby-Pram-Retro-Buggy-Set-Classic-Pushchair-3in1Travel-System-NEW-2022-FREEBIES-Green-grey-frame.png","contentUrl":"https:\/\/forbabyboss.com\/wp-content\/uploads\/2022\/09\/Baby-Pram-Retro-Buggy-Set-Classic-Pushchair-3in1Travel-System-NEW-2022-FREEBIES-Green-grey-frame.png","width":1600,"height":1600},{"@type":"BreadcrumbList","@id":"https:\/\/forbabyboss.com\/product\/new-baby-pram-retro-set-classic-pushchair-3in1-travel-system-green-grey-frame\/#breadcrumb","itemListElement":[{"@type":"ListItem","position":1,"name":"Home","item":"https:\/\/forbabyboss.com\/"},{"@type":"ListItem","position":2,"name":"Shop","item":"https:\/\/forbabyboss.com\/shop\/"},{"@type":"ListItem","position":3,"name":"New Baby Pram Retro Set Classic Pushchair 3in1 Travel System Green Grey Frame"}]},{"@type":"WebSite","@id":"https:\/\/powderblue-seahorse-496884.hostingersite.com\/#website","url":"https:\/\/powderblue-seahorse-496884.hostingersite.com\/","name":"Per Baby Boss","description":"Bellissimi regali e accessori per il vostro capo bambino","potentialAction":[{"@type":"SearchAction","target":{"@type":"EntryPoint","urlTemplate":"https:\/\/powderblue-seahorse-496884.hostingersite.com\/?s={search_term_string}"},"query-input":{"@type":"PropertyValueSpecification","valueRequired":true,"valueName":"search_term_string"}}],"inLanguage":"it-IT"}]}},"_links":{"self":[{"href":"https:\/\/forbabyboss.com\/it\/wp-json\/wp\/v2\/product\/5828","targetHints":{"allow":["GET"]}}],"collection":[{"href":"https:\/\/forbabyboss.com\/it\/wp-json\/wp\/v2\/product"}],"about":[{"href":"https:\/\/forbabyboss.com\/it\/wp-json\/wp\/v2\/types\/product"}],"wp:featuredmedia":[{"embeddable":true,"href":"https:\/\/forbabyboss.com\/it\/wp-json\/wp\/v2\/media\/5829"}],"wp:attachment":[{"href":"https:\/\/forbabyboss.com\/it\/wp-json\/wp\/v2\/media?parent=5828"}],"wp:term":[{"taxonomy":"product_brand","embeddable":true,"href":"https:\/\/forbabyboss.com\/it\/wp-json\/wp\/v2\/product_brand?post=5828"},{"taxonomy":"product_cat","embeddable":true,"href":"https:\/\/forbabyboss.com\/it\/wp-json\/wp\/v2\/product_cat?post=5828"},{"taxonomy":"product_tag","embeddable":true,"href":"https:\/\/forbabyboss.com\/it\/wp-json\/wp\/v2\/product_tag?post=5828"}],"curies":[{"name":"wp","href":"https:\/\/api.w.org\/{rel}","templated":true}]}}