{"id":4065,"date":"2022-09-07T10:09:43","date_gmt":"2022-09-07T10:09:43","guid":{"rendered":"http:\/\/forbabyboss.com\/?post_type=product&#038;p=4065"},"modified":"2026-02-21T15:00:58","modified_gmt":"2026-02-21T15:00:58","slug":"wozek-dzieciecy-2021-4w1-w-kolorze-bezowym","status":"publish","type":"product","link":"https:\/\/forbabyboss.com\/pl\/product\/baby-pram-2021-pushchair-4in1-in-beige\/","title":{"rendered":"W\u00f3zek dzieci\u0119cy 2021 4w1 w kolorze be\u017cowym"},"content":{"rendered":"<p style=\"text-align: justify;\"><strong><span style=\"color: #282828; font-size: 100%;\">W\u00f3zek Bexa Air zosta\u0142 zaprojektowany specjalnie z my\u015bl\u0105 o rodzicach poszukuj\u0105cych produktu, kt\u00f3ry pos\u0142u\u017cy im przez d\u0142ugi czas. W zale\u017cno\u015bci od potrzeb i wieku dziecka, Bexa Air mo\u017ce pe\u0142ni\u0107 funkcj\u0119 w\u00f3zka g\u0142\u0119bokiego lub spacerowego. Aluminiowa, lekka rama sprawia, \u017ce w\u00f3zek jest bardzo \u0142atwy w prowadzeniu. Zaprojektowano go z my\u015bl\u0105 o zapewnieniu najwy\u017cszego komfortu przewo\u017cenia dziecka. Wyko\u0144czenie w\u00f3zka wykonane jest z najwy\u017cszej jako\u015bci impregnowanych materia\u0142\u00f3w, przyjaznych dla dziecka.<\/span><\/strong><\/p>\n<p style=\"text-align: justify;\"><strong><span style=\"color: #282828; font-size: 100%;\">W\u00f3zki dzieci\u0119ce Bexa Air s\u0105 w ca\u0142o\u015bci projektowane i produkowane w Europie. Wykonane s\u0105 wy\u0142\u0105cznie z materia\u0142\u00f3w najwy\u017cszej jako\u015bci.<span style=\"font-family: 'Josefin Sans', Tahoma, sans-serif, Arial;\">W\u00f3zek Bexa Air zosta\u0142 zaprojektowany specjalnie z my\u015bl\u0105 o rodzicach poszukuj\u0105cych produktu, kt\u00f3ry pos\u0142u\u017cy im przez d\u0142ugi czas. W zale\u017cno\u015bci od potrzeb i wieku dziecka, Bexa Air mo\u017ce pe\u0142ni\u0107 funkcj\u0119 w\u00f3zka g\u0142\u0119bokiego lub spacerowego. Aluminiowa, lekka rama sprawia, \u017ce w\u00f3zek jest bardzo \u0142atwy w prowadzeniu. Zaprojektowano go z my\u015bl\u0105 o zapewnieniu najwy\u017cszego komfortu przewo\u017cenia dziecka. Wyko\u0144czenie w\u00f3zka wykonane jest z najwy\u017cszej jako\u015bci impregnowanych materia\u0142\u00f3w, przyjaznych dla dziecka.<\/span><\/span><\/strong><\/p>\n<p style=\"text-align: justify;\"><strong><span style=\"color: #282828; font-family: 'Josefin Sans', Tahoma, sans-serif, Arial; font-size: 100%;\">W\u00f3zki dzieci\u0119ce Bexa Air s\u0105 w ca\u0142o\u015bci projektowane i produkowane w Europie. Wykonane s\u0105 wy\u0142\u0105cznie z materia\u0142\u00f3w najwy\u017cszej jako\u015bci.<\/span><\/strong><\/p>\n<p style=\"text-align: justify;\"><strong><span style=\"font-size: 100%; color: #282828;\">Zaprojektowany, aby zapewni\u0107 komfortowy transport niemowl\u0119tom i ma\u0142ym dzieciom od urodzenia do 3 lat lub o wadze 0-15 kg.<\/span><\/strong><\/p>\n<p style=\"text-align: justify;\"><strong><span style=\"color: #282828; font-size: 100%;\">Wykonany w Europie z materia\u0142\u00f3w najwy\u017cszej jako\u015bci, z lekk\u0105 aluminiow\u0105 ram\u0105, zaprojektowany w nowoczesnym stylu.<br \/>\n<\/span><\/strong><\/p>\n<p style=\"text-align: justify;\" align=\"center\"><strong><span style=\"font-size: 100%; color: #282828;\">Europejska homologacja EN 1888:2012. Aluminiowa, lekka rama z regulowanym amortyzatorem zapewnia bardzo \u0142atwe prowadzenie. Wyko\u0144czenie w\u00f3zka wykonane z najwy\u017cszej jako\u015bci impregnowanych materia\u0142\u00f3w, przyjaznych dla dzieci. Materia\u0142y nie blakn\u0105, s\u0105 wodoodporne i zapewniaj\u0105 idealn\u0105 temperatur\u0119 powietrza w zale\u017cno\u015bci od warunk\u00f3w atmosferycznych. Zdejmowane wn\u0119trze i pokrowce wype\u0142nione s\u0105 hipoalergiczn\u0105 bawe\u0142n\u0105.<\/span><\/strong><\/p>\n<p style=\"text-align: justify;\" align=\"center\"><strong><span style=\"color: #282828;\"><span style=\"font-size: medium;\"><span style=\"color: #e14d43;\">Specyfikacja produktu<\/span>:<\/span><span style=\"font-size: medium;\">\u00a0<\/span><\/span><\/strong><\/p>\n<p style=\"text-align: justify;\"><strong><span style=\"color: #282828;\">\u2013 mo\u017cliwo\u015b\u0107 przenoszenia gondoli za r\u0105czk\u0119 w budce;<\/span><\/strong><\/p>\n<p style=\"text-align: justify;\"><strong><span style=\"color: #282828;\">\u2013 sp\u00f3d gondoli wykonany jest z tworzywa sztucznego;<\/span><\/strong><\/p>\n<p style=\"text-align: justify;\"><strong><span style=\"color: #282828;\">-gondola wyko\u0144czona sk\u00f3r\u0105 ekologiczn\u0105;<\/span><\/strong><\/p>\n<p style=\"text-align: justify;\"><strong><span style=\"color: #282828;\">\u2013 plecak dla mamy;<\/span><\/strong><\/p>\n<p style=\"text-align: justify;\"><strong><span style=\"color: #282828;\">-przestronna gondola z wentylacj\u0105;<\/span><\/strong><\/p>\n<p style=\"text-align: justify;\"><strong><span style=\"color: #282828;\">\u2013 rama roz\u0142o\u017cona 78x58x99-115 cm;<\/span><\/strong><\/p>\n<p style=\"text-align: justify;\"><strong><span style=\"color: #282828;\">\u2013 zewn\u0119trzna regulacja oparcia w gondoli i spacer\u00f3wce;<\/span><\/strong><\/p>\n<p style=\"text-align: justify;\"><strong><span style=\"color: #282828;\">\u2013 rama z\u0142o\u017cona 78x58x30 cm; bez k\u00f3\u0142ek 72x50x30 cm;<\/span><\/strong><\/p>\n<p style=\"text-align: justify;\"><strong><span style=\"color: #282828;\">\u2013 wyjmowana wy\u015bci\u00f3\u0142ka wn\u0119trza gondoli;<\/span><\/strong><\/p>\n<p style=\"text-align: justify;\"><strong><span style=\"color: #282828;\">- wn\u0119trze gondoli 76x35x22 cm;<\/span><\/strong><\/p>\n<p style=\"text-align: justify;\"><strong><span style=\"color: #282828;\">\u2013 materac z kokosem 75 cm x 35 cm;<\/span><\/strong><\/p>\n<p style=\"text-align: justify;\"><strong><span style=\"color: #282828;\">-waga ramy z ko\u0142ami ok. 9 kg;<\/span><\/strong><\/p>\n<p style=\"text-align: justify;\"><strong><span style=\"color: #282828;\">\u2013 wielostopniowa regulacja kabiny;<\/span><\/strong><\/p>\n<p style=\"text-align: justify;\"><strong><span style=\"color: #282828;\">\u2013 ko\u0142a \u017celowe 12\u201c z ty\u0142u i 10\u201d z przodu;<\/span><\/strong><\/p>\n<p style=\"text-align: justify;\"><strong><span style=\"color: #282828;\">\u2013 wysoko\u015b\u0107 dna gondoli od pod\u0142o\u017ca 61 cm;<\/span><\/strong><\/p>\n<p style=\"text-align: justify;\"><strong><span style=\"color: #282828;\">-waga gondoli wynosi oko\u0142o 5 kg;<\/span><\/strong><\/p>\n<p style=\"text-align: justify;\"><strong><span style=\"color: #282828;\">-siedzisko spacer\u00f3wki 34\u00d726 cm, podn\u00f3\u017cek 17 cm, oparcie 47 cm;<\/span><\/strong><\/p>\n<p style=\"text-align: justify;\"><strong><span style=\"color: #282828;\">\u2013 waga w\u00f3zka ok. 4 kg;<\/span><\/strong><\/p>\n<p><strong><span style=\"color: #282828;\"><span style=\"color: #e14d43;\">Wygodny fotelik samochodowy<\/span>:<\/span><\/strong><\/p>\n<p><strong><span style=\"font-size: medium; color: #282828;\">Grupa 0-13 kg:<\/span><\/strong><\/p>\n<p><strong><span style=\"font-size: medium; color: #282828;\">Europejska homologacja ECE R44 \/ 04<\/span><\/strong><\/p>\n<p><strong><span style=\"font-size: medium; color: #282828;\">Monta\u017c na podstawie ramy za pomoc\u0105 adapter\u00f3w<\/span><\/strong><\/p>\n<p><strong><span style=\"font-size: medium; color: #282828;\">3-punktowe pasy bezpiecze\u0144stwa<\/span><\/strong><\/p>\n<p><strong><span style=\"font-size: medium; color: #282828;\">Dodatkowa podk\u0142adka dla noworodka<\/span><\/strong><\/p>\n<p><strong><span style=\"font-size: medium; color: #282828;\">pokrowiec na fotel samochodowy<\/span><\/strong><\/p>\n<p><strong><span style=\"font-size: medium; color: #282828;\">Regulowany uchwyt do noszenia<\/span><\/strong><\/p>\n<p><strong><span style=\"font-size: medium; color: #282828;\">Zdejmowany pokrowiec na mask\u0119<\/span><\/strong><\/p>\n<p><strong><span style=\"font-size: medium; color: #282828;\">Regulowane na wysoko\u015b\u0107 pasy bezpiecze\u0144stwa<\/span><\/strong><\/p>\n<p><strong><span style=\"font-size: medium; color: #282828;\">Tryb skierowany do przodu lub do ty\u0142u<\/span><\/strong><\/p>\n<p><strong><span style=\"font-size: medium; color: #282828;\">Wyposa\u017cony w ISOFIX*<\/span><\/strong><\/p>\n<p><strong><span style=\"color: #282828;\"><span style=\"font-size: medium;\"><span style=\"color: #e14d43;\">Baza SOFIX<\/span>*<\/span><\/span><\/strong><\/p>\n<p><strong><span style=\"font-size: medium; color: #282828;\">Kolor: Czarny\/Szary<\/span><\/strong><\/p>\n<p><strong><span style=\"font-size: medium; color: #282828;\">Nadaje si\u0119 od urodzenia<\/span><\/strong><\/p>\n<p><strong><span style=\"font-size: medium; color: #282828;\">Mocowany bezpo\u015brednio do podwozia samochodu za pomoc\u0105 punkt\u00f3w mocowania ISOFIX pojazdu<\/span><\/strong><\/p>\n<p><strong><span style=\"font-size: medium; color: #282828;\">Mo\u017cna go r\u00f3wnie\u017c zabezpieczy\u0107 za pomoc\u0105 pasa bezpiecze\u0144stwa pojazdu<\/span><\/strong><\/p>\n<p><strong><span style=\"font-size: medium; color: #282828;\">Kompatybilny z fotelikami samochodowymi<\/span><\/strong><\/p>\n<p><strong><span style=\"font-size: medium; color: #282828;\">\u0141atwy w instalacji<\/span><\/strong><\/p>\n<p><strong><span style=\"font-size: medium; color: #282828;\">Bezpieczny i pewny<\/span><\/strong><\/p>\n<p><strong><span style=\"font-size: medium; color: #282828;\">Minimalizuje zamieszanie<\/span><\/strong><\/p>\n<p><strong><span style=\"font-size: medium; color: #282828;\">Zmniejsza prawdopodobie\u0144stwo obudzenia dziecka podczas przenoszenia z samochodu do domu<\/span><\/strong><\/p>\n<p><strong><span style=\"font-size: medium; color: #282828;\">Noga podporowa zapewnia doskona\u0142\u0105 stabilno\u015b\u0107 i bezpiecze\u0144stwo, a tak\u017ce \u0142atw\u0105 regulacj\u0119 w celu uzyskania najlepszego dopasowania<\/span><\/strong><\/p>\n<p><strong><span style=\"font-size: medium; color: #282828;\">Wska\u017aniki kolorowe potwierdzaj\u0105 poprawno\u015b\u0107 monta\u017cu bazy w poje\u017adzie<\/span><\/strong><\/p>\n<p style=\"text-align: left;\" align=\"center\"><strong><span style=\"font-size: medium; color: #282828;\"><span style=\"color: #e14d43;\">Cena wliczona<\/span>:<br \/>\n<\/span><\/strong><\/p>\n<p><strong><span style=\"color: #282828;\">Zestaw 2 w 1 zawiera: czarn\u0105 aluminiow\u0105 ram\u0119 z podw\u00f3jn\u0105 amortyzacj\u0105,\u00a0<\/span><\/strong><\/p>\n<p><strong><span style=\"color: #282828;\">ko\u0142a \u017celowe,<\/span><\/strong><\/p>\n<p><strong><span style=\"color: #282828;\">koszyk zamykany na suwak;\u00a0<\/span><\/strong><\/p>\n<p><strong><span style=\"color: #282828;\">gondola z przykryciem,\u00a0<\/span><\/strong><\/p>\n<p><strong><span style=\"color: #282828;\">w\u00f3zek z pokrowcem na n\u00f3\u017cki;<\/span><\/strong><\/p>\n<p><strong><span style=\"color: #282828;\">por\u0119czny plecak na akcesoria;\u00a0<\/span><\/strong><\/p>\n<p><strong><span style=\"color: #282828;\">os\u0142ona przeciwdeszczowa; moskitiera;<\/span><\/strong><\/p>\n<p style=\"text-align: left;\" align=\"center\"><strong><span style=\"font-size: medium; color: #282828;\">Baza Isofix (opcjonalnie)<\/span><\/strong><\/p>\n<p><strong><span style=\"font-size: medium; color: #282828;\">24 miesi\u0105ce gwarancji<\/span><\/strong><\/p>\n<p><a href=\"http:\/\/forbabyboss.com\/wp-content\/uploads\/2022\/09\/checkout.png\"><img loading=\"lazy\" decoding=\"async\" class=\"alignnone size-full wp-image-5965\" src=\"http:\/\/forbabyboss.com\/wp-content\/uploads\/2022\/09\/checkout.png\" alt=\"\" width=\"750\" height=\"276\" srcset=\"https:\/\/forbabyboss.com\/wp-content\/uploads\/2022\/09\/checkout.png 750w, https:\/\/forbabyboss.com\/wp-content\/uploads\/2022\/09\/checkout-600x221.png 600w\" sizes=\"auto, (max-width: 750px) 100vw, 750px\" \/><\/a><\/p>","protected":false},"excerpt":{"rendered":"<p>&nbsp;<\/p>\n<p><a href=\"http:\/\/forbabyboss.com\/wp-content\/uploads\/2022\/09\/Star-Rating-5.png\"><img loading=\"lazy\" decoding=\"async\" class=\"alignnone wp-image-5973 aligncenter\" src=\"http:\/\/forbabyboss.com\/wp-content\/uploads\/2022\/09\/Star-Rating-5.png\" alt=\"\" width=\"299\" height=\"49\" \/><\/a><\/p>\n<p style=\"text-align: center;\"><span style=\"color: #e14d43; font-size: 115%;\"><strong>GWARANCJA DOPASOWANIA CENY<\/strong><\/span><\/p>\n<p style=\"text-align: center;\"><span style=\"font-size: 115%;\"><span style=\"color: #003366;\">Darmowa dostawa\u00a0<\/span>\u2013 2 \u2013 7 dni<\/span><\/p>\n<p style=\"text-align: center;\"><span style=\"color: #008000; font-size: 115%;\"><strong>Darmowy prezent przy zakupach powy\u017cej 100 GBP<\/strong><\/span><\/p>","protected":false},"featured_media":4066,"template":"","meta":[],"product_brand":[587],"product_cat":[340,157,156,197,305,158,130,209,211],"product_tag":[200,199],"class_list":{"0":"post-4065","1":"product","2":"type-product","3":"status-publish","4":"has-post-thumbnail","6":"product_brand-bexa","7":"product_cat-800-to-900","8":"product_cat-2-in-1","9":"product_cat-3-in-1","10":"product_cat-4-in-1-pram","11":"product_cat-colour","12":"product_cat-new-collection","13":"product_cat-prams","14":"product_cat-push-chairs","15":"product_cat-stroller","16":"product_tag-4-in-1-pram","17":"product_tag-prams","19":"first","20":"instock","21":"sale","22":"shipping-taxable","23":"purchasable","24":"product-type-simple"},"yoast_head":"<!-- This site is optimized with the Yoast SEO plugin v27.5 - https:\/\/yoast.com\/product\/yoast-seo-wordpress\/ -->\n<title>Baby Pram 2021 Pushchair 4in1 in Beige - For Baby Boss<\/title>\n<meta name=\"description\" content=\"Baby Pram 2021 Pushchair 4in1 in Beige\" \/>\n<meta name=\"robots\" content=\"index, follow, max-snippet:-1, max-image-preview:large, max-video-preview:-1\" \/>\n<link rel=\"canonical\" href=\"https:\/\/forbabyboss.com\/pl\/product\/wozek-dzieciecy-2021-4w1-w-kolorze-bezowym\/\" \/>\n<meta property=\"og:locale\" content=\"pl_PL\" \/>\n<meta property=\"og:type\" content=\"article\" \/>\n<meta property=\"og:title\" content=\"Baby Pram 2021 Pushchair 4in1 in Beige - For Baby Boss\" \/>\n<meta property=\"og:description\" content=\"Baby Pram 2021 Pushchair 4in1 in Beige\" \/>\n<meta property=\"og:url\" content=\"https:\/\/forbabyboss.com\/pl\/product\/wozek-dzieciecy-2021-4w1-w-kolorze-bezowym\/\" \/>\n<meta property=\"og:site_name\" content=\"For Baby Boss\" \/>\n<meta property=\"article:modified_time\" content=\"2026-02-21T15:00:58+00:00\" \/>\n<meta property=\"og:image\" content=\"https:\/\/forbabyboss.com\/wp-content\/uploads\/2022\/09\/Baby-Pram-Bexa-AIR-2021-Pushchair-Buggy-Stroller-Car-Seat-Travel-System-4in1-Yellow-1.jpg\" \/>\n\t<meta property=\"og:image:width\" content=\"1020\" \/>\n\t<meta property=\"og:image:height\" content=\"1020\" \/>\n\t<meta property=\"og:image:type\" content=\"image\/jpeg\" \/>\n<meta name=\"twitter:card\" content=\"summary_large_image\" \/>\n<meta name=\"twitter:label1\" content=\"Szacowany czas czytania\" \/>\n\t<meta name=\"twitter:data1\" content=\"3 minuty\" \/>\n<script type=\"application\/ld+json\" class=\"yoast-schema-graph\">{\"@context\":\"https:\\\/\\\/schema.org\",\"@graph\":[{\"@type\":\"WebPage\",\"@id\":\"https:\\\/\\\/forbabyboss.com\\\/product\\\/baby-pram-2021-pushchair-4in1-in-beige\\\/\",\"url\":\"https:\\\/\\\/forbabyboss.com\\\/product\\\/baby-pram-2021-pushchair-4in1-in-beige\\\/\",\"name\":\"Baby Pram 2021 Pushchair 4in1 in Beige - For Baby Boss\",\"isPartOf\":{\"@id\":\"https:\\\/\\\/powderblue-seahorse-496884.hostingersite.com\\\/#website\"},\"primaryImageOfPage\":{\"@id\":\"https:\\\/\\\/forbabyboss.com\\\/product\\\/baby-pram-2021-pushchair-4in1-in-beige\\\/#primaryimage\"},\"image\":{\"@id\":\"https:\\\/\\\/forbabyboss.com\\\/product\\\/baby-pram-2021-pushchair-4in1-in-beige\\\/#primaryimage\"},\"thumbnailUrl\":\"https:\\\/\\\/forbabyboss.com\\\/wp-content\\\/uploads\\\/2022\\\/09\\\/Baby-Pram-Bexa-AIR-2021-Pushchair-Buggy-Stroller-Car-Seat-Travel-System-4in1-Yellow-1.jpg\",\"datePublished\":\"2022-09-07T10:09:43+00:00\",\"dateModified\":\"2026-02-21T15:00:58+00:00\",\"description\":\"Baby Pram 2021 Pushchair 4in1 in Beige\",\"breadcrumb\":{\"@id\":\"https:\\\/\\\/forbabyboss.com\\\/product\\\/baby-pram-2021-pushchair-4in1-in-beige\\\/#breadcrumb\"},\"inLanguage\":\"pl-PL\",\"potentialAction\":[{\"@type\":\"ReadAction\",\"target\":[\"https:\\\/\\\/forbabyboss.com\\\/product\\\/baby-pram-2021-pushchair-4in1-in-beige\\\/\"]}]},{\"@type\":\"ImageObject\",\"inLanguage\":\"pl-PL\",\"@id\":\"https:\\\/\\\/forbabyboss.com\\\/product\\\/baby-pram-2021-pushchair-4in1-in-beige\\\/#primaryimage\",\"url\":\"https:\\\/\\\/forbabyboss.com\\\/wp-content\\\/uploads\\\/2022\\\/09\\\/Baby-Pram-Bexa-AIR-2021-Pushchair-Buggy-Stroller-Car-Seat-Travel-System-4in1-Yellow-1.jpg\",\"contentUrl\":\"https:\\\/\\\/forbabyboss.com\\\/wp-content\\\/uploads\\\/2022\\\/09\\\/Baby-Pram-Bexa-AIR-2021-Pushchair-Buggy-Stroller-Car-Seat-Travel-System-4in1-Yellow-1.jpg\",\"width\":1020,\"height\":1020},{\"@type\":\"BreadcrumbList\",\"@id\":\"https:\\\/\\\/forbabyboss.com\\\/product\\\/baby-pram-2021-pushchair-4in1-in-beige\\\/#breadcrumb\",\"itemListElement\":[{\"@type\":\"ListItem\",\"position\":1,\"name\":\"Home\",\"item\":\"https:\\\/\\\/forbabyboss.com\\\/\"},{\"@type\":\"ListItem\",\"position\":2,\"name\":\"Shop\",\"item\":\"https:\\\/\\\/forbabyboss.com\\\/shop\\\/\"},{\"@type\":\"ListItem\",\"position\":3,\"name\":\"Baby Pram 2021 Pushchair 4in1 in Beige\"}]},{\"@type\":\"WebSite\",\"@id\":\"https:\\\/\\\/powderblue-seahorse-496884.hostingersite.com\\\/#website\",\"url\":\"https:\\\/\\\/powderblue-seahorse-496884.hostingersite.com\\\/\",\"name\":\"For Baby Boss\",\"description\":\"Beautiful gifts and accessories for your baby boss\",\"potentialAction\":[{\"@type\":\"SearchAction\",\"target\":{\"@type\":\"EntryPoint\",\"urlTemplate\":\"https:\\\/\\\/powderblue-seahorse-496884.hostingersite.com\\\/?s={search_term_string}\"},\"query-input\":{\"@type\":\"PropertyValueSpecification\",\"valueRequired\":true,\"valueName\":\"search_term_string\"}}],\"inLanguage\":\"pl-PL\"}]}<\/script>\n<!-- \/ Yoast SEO plugin. -->","yoast_head_json":{"title":"W\u00f3zek dzieci\u0119cy 2021 4w1 w kolorze be\u017cowym - dla szefa dziecka","description":"W\u00f3zek dzieci\u0119cy 2021 4w1 w kolorze be\u017cowym","robots":{"index":"index","follow":"follow","max-snippet":"max-snippet:-1","max-image-preview":"max-image-preview:large","max-video-preview":"max-video-preview:-1"},"canonical":"https:\/\/forbabyboss.com\/pl\/product\/wozek-dzieciecy-2021-4w1-w-kolorze-bezowym\/","og_locale":"pl_PL","og_type":"article","og_title":"Baby Pram 2021 Pushchair 4in1 in Beige - For Baby Boss","og_description":"Baby Pram 2021 Pushchair 4in1 in Beige","og_url":"https:\/\/forbabyboss.com\/pl\/product\/wozek-dzieciecy-2021-4w1-w-kolorze-bezowym\/","og_site_name":"For Baby Boss","article_modified_time":"2026-02-21T15:00:58+00:00","og_image":[{"width":1020,"height":1020,"url":"https:\/\/forbabyboss.com\/wp-content\/uploads\/2022\/09\/Baby-Pram-Bexa-AIR-2021-Pushchair-Buggy-Stroller-Car-Seat-Travel-System-4in1-Yellow-1.jpg","type":"image\/jpeg"}],"twitter_card":"summary_large_image","twitter_misc":{"Szacowany czas czytania":"3 minuty"},"schema":{"@context":"https:\/\/schema.org","@graph":[{"@type":"WebPage","@id":"https:\/\/forbabyboss.com\/product\/baby-pram-2021-pushchair-4in1-in-beige\/","url":"https:\/\/forbabyboss.com\/product\/baby-pram-2021-pushchair-4in1-in-beige\/","name":"W\u00f3zek dzieci\u0119cy 2021 4w1 w kolorze be\u017cowym - dla szefa dziecka","isPartOf":{"@id":"https:\/\/powderblue-seahorse-496884.hostingersite.com\/#website"},"primaryImageOfPage":{"@id":"https:\/\/forbabyboss.com\/product\/baby-pram-2021-pushchair-4in1-in-beige\/#primaryimage"},"image":{"@id":"https:\/\/forbabyboss.com\/product\/baby-pram-2021-pushchair-4in1-in-beige\/#primaryimage"},"thumbnailUrl":"https:\/\/forbabyboss.com\/wp-content\/uploads\/2022\/09\/Baby-Pram-Bexa-AIR-2021-Pushchair-Buggy-Stroller-Car-Seat-Travel-System-4in1-Yellow-1.jpg","datePublished":"2022-09-07T10:09:43+00:00","dateModified":"2026-02-21T15:00:58+00:00","description":"W\u00f3zek dzieci\u0119cy 2021 4w1 w kolorze be\u017cowym","breadcrumb":{"@id":"https:\/\/forbabyboss.com\/product\/baby-pram-2021-pushchair-4in1-in-beige\/#breadcrumb"},"inLanguage":"pl-PL","potentialAction":[{"@type":"ReadAction","target":["https:\/\/forbabyboss.com\/product\/baby-pram-2021-pushchair-4in1-in-beige\/"]}]},{"@type":"ImageObject","inLanguage":"pl-PL","@id":"https:\/\/forbabyboss.com\/product\/baby-pram-2021-pushchair-4in1-in-beige\/#primaryimage","url":"https:\/\/forbabyboss.com\/wp-content\/uploads\/2022\/09\/Baby-Pram-Bexa-AIR-2021-Pushchair-Buggy-Stroller-Car-Seat-Travel-System-4in1-Yellow-1.jpg","contentUrl":"https:\/\/forbabyboss.com\/wp-content\/uploads\/2022\/09\/Baby-Pram-Bexa-AIR-2021-Pushchair-Buggy-Stroller-Car-Seat-Travel-System-4in1-Yellow-1.jpg","width":1020,"height":1020},{"@type":"BreadcrumbList","@id":"https:\/\/forbabyboss.com\/product\/baby-pram-2021-pushchair-4in1-in-beige\/#breadcrumb","itemListElement":[{"@type":"ListItem","position":1,"name":"Home","item":"https:\/\/forbabyboss.com\/"},{"@type":"ListItem","position":2,"name":"Shop","item":"https:\/\/forbabyboss.com\/shop\/"},{"@type":"ListItem","position":3,"name":"Baby Pram 2021 Pushchair 4in1 in Beige"}]},{"@type":"WebSite","@id":"https:\/\/powderblue-seahorse-496884.hostingersite.com\/#website","url":"https:\/\/powderblue-seahorse-496884.hostingersite.com\/","name":"Dla Baby Boss","description":"Pi\u0119kne prezenty i akcesoria dla ma\u0142ego szefa","potentialAction":[{"@type":"SearchAction","target":{"@type":"EntryPoint","urlTemplate":"https:\/\/powderblue-seahorse-496884.hostingersite.com\/?s={search_term_string}"},"query-input":{"@type":"PropertyValueSpecification","valueRequired":true,"valueName":"search_term_string"}}],"inLanguage":"pl-PL"}]}},"_links":{"self":[{"href":"https:\/\/forbabyboss.com\/pl\/wp-json\/wp\/v2\/product\/4065","targetHints":{"allow":["GET"]}}],"collection":[{"href":"https:\/\/forbabyboss.com\/pl\/wp-json\/wp\/v2\/product"}],"about":[{"href":"https:\/\/forbabyboss.com\/pl\/wp-json\/wp\/v2\/types\/product"}],"wp:featuredmedia":[{"embeddable":true,"href":"https:\/\/forbabyboss.com\/pl\/wp-json\/wp\/v2\/media\/4066"}],"wp:attachment":[{"href":"https:\/\/forbabyboss.com\/pl\/wp-json\/wp\/v2\/media?parent=4065"}],"wp:term":[{"taxonomy":"product_brand","embeddable":true,"href":"https:\/\/forbabyboss.com\/pl\/wp-json\/wp\/v2\/product_brand?post=4065"},{"taxonomy":"product_cat","embeddable":true,"href":"https:\/\/forbabyboss.com\/pl\/wp-json\/wp\/v2\/product_cat?post=4065"},{"taxonomy":"product_tag","embeddable":true,"href":"https:\/\/forbabyboss.com\/pl\/wp-json\/wp\/v2\/product_tag?post=4065"}],"curies":[{"name":"wp","href":"https:\/\/api.w.org\/{rel}","templated":true}]}}