{"id":4103,"date":"2022-09-07T11:23:02","date_gmt":"2022-09-07T11:23:02","guid":{"rendered":"http:\/\/forbabyboss.com\/?post_type=product&#038;p=4103"},"modified":"2026-02-21T15:08:30","modified_gmt":"2026-02-21T15:08:30","slug":"wozek-dzieciecy-system-podrozny-3w1-w-kolorze-czarnym","status":"publish","type":"product","link":"https:\/\/forbabyboss.com\/pl\/product\/pushchair-baby-pram-travel-system-3in1-in-black\/","title":{"rendered":"W\u00f3zek dzieci\u0119cy 3w1 w kolorze czarnym"},"content":{"rendered":"<h1 style=\"text-align: justify;\" align=\"center\"><strong><span style=\"color: #e14d43;\"><span style=\"font-family: Arial;\">HOLLAND \u2013 W\u00d3ZEK, KT\u00d3REGO SZUKASZ<\/span><\/span><\/strong><\/h1>\n<p style=\"text-align: justify;\" align=\"center\"><strong><span style=\"font-family: Arial;\">Szukasz w\u00f3zka, kt\u00f3ry spe\u0142ni Twoje i Twojego dziecka potrzeby? Chcesz, aby Tw\u00f3j w\u00f3zek by\u0142 lekki i praktyczny \u2013 a jednocze\u015bnie \u015bwietnie si\u0119 prezentowa\u0142? Najnowsza wersja w\u00f3zka Holland to idealna propozycja dla Ciebie! Stela\u017c jest jeszcze l\u017cejszy. Nowe funkcjonalno\u015bci zosta\u0142y stworzone z my\u015bl\u0105 o maksymalnym komforcie u\u017cytkowania. Pojemna, nowoczesna torba \u2013 a tak\u017ce wiele atrakcyjnych detali \u2013 dodaj\u0105 charakteru projektowi w\u00f3zka Holland.<\/span><\/strong><\/p>\n<p style=\"text-align: justify;\" align=\"center\"><strong><span style=\"font-size: medium;\">Wykonany w Europie z materia\u0142\u00f3w najwy\u017cszej jako\u015bci, z lekk\u0105 aluminiow\u0105 ram\u0105, zaprojektowany w nowoczesnym stylu.<\/span><span style=\"font-size: medium;\"><br \/>\n<\/span><\/strong><\/p>\n<div style=\"text-align: justify;\" align=\"center\"><strong>Europejska homologacja EN 1888:2012<\/strong><\/div>\n<p style=\"text-align: justify;\"><strong>NOWOCZESNA GONDOLA \u2013 WYGODNE U\u017bYTKOWANIE<\/strong><\/p>\n<p style=\"text-align: justify;\"><strong>Uniwersalny w\u00f3zek Holland sprawia, \u017ce ka\u017cdy spacer jest komfortowy \u2013 od pierwszych dni \u017cycia dziecka. Przestronna gondola pozwala z \u0142atwo\u015bci\u0105 umie\u015bci\u0107 w niej ma\u0142ego pasa\u017cera, zapewniaj\u0105c jednocze\u015bnie komfortowe warunki \u2013 zar\u00f3wno w ciep\u0142e letnie popo\u0142udnia, jak i w ch\u0142odne zimowe dni. Budk\u0119 gondoli mo\u017cna regulowa\u0107 za pomoc\u0105 wygodnych przycisk\u00f3w wewn\u0105trz. Mo\u017cna j\u0105 roz\u0142o\u017cy\u0107 lub z\u0142o\u017cy\u0107 w zale\u017cno\u015bci od warunk\u00f3w atmosferycznych. Sk\u0142adany daszek przeciws\u0142oneczny zapewnia dziecku os\u0142on\u0119 przed s\u0142o\u0144cem. W\u00d3ZEK \u2013 NAWET DLA WI\u0118KSZYCH DZIECI Holland 2w1 by Bebetto to r\u00f3wnie\u017c wygodny w\u00f3zek, z kt\u00f3rego mo\u017cna korzysta\u0107 od pierwszych dni \u017cycia dziecka do oko\u0142o 3 roku \u017cycia. Siedzisko spacerowe zosta\u0142o wyprofilowane tak, aby ma\u0142y pasa\u017cer zawsze m\u00f3g\u0142 przyj\u0105\u0107 najwygodniejsz\u0105 i najbezpieczniejsz\u0105 pozycj\u0119. Jest mi\u0119kkie i wygodne, bez konieczno\u015bci dodawania dodatkowego materacyka. Oparcie i podn\u00f3\u017cek s\u0105 regulowane, dzi\u0119ki czemu mo\u017cna u\u0142o\u017cy\u0107 dziecko w wielu pozycjach \u2013 od siedz\u0105cej do le\u017c\u0105cej. Budk\u0119 w\u00f3zka Holland mo\u017cna r\u00f3wnie\u017c roz\u0142o\u017cy\u0107 lub z\u0142o\u017cy\u0107 szeroko, a sk\u0142adany daszek przeciws\u0142oneczny pozwala szybko os\u0142oni\u0107 dziecko przed s\u0142o\u0144cem. Barierka stanowi wygodne podparcie dla r\u0105czek dziecka, a dzi\u0119ki wygodnemu przyciskowi mo\u017cna j\u0105 wyj\u0105tkowo \u0142atwo odpi\u0105\u0107.<\/strong><\/p>\n<p style=\"text-align: justify;\" align=\"center\"><strong><span style=\"font-size: medium;\"><span style=\"color: #e14d43;\">Cechy produktu<\/span>:<br \/>\n<\/span><\/strong><\/p>\n<ul>\n<li style=\"text-align: justify;\"><strong><span style=\"font-size: medium;\">System podr\u00f3\u017cny 2 w 1 lub 3 w 1<br \/>\n<\/span><\/strong><\/li>\n<li style=\"text-align: justify;\"><strong><span style=\"font-size: medium;\">Solidna, lekka rama aluminiowa<\/span><\/strong><\/li>\n<li style=\"text-align: justify;\"><strong><span style=\"font-size: medium;\">\u0141atwe do roz\u0142o\u017cenia, ma\u0142e po z\u0142o\u017ceniu<\/span><\/strong><\/li>\n<\/ul>\n<p><strong><span style=\"font-family: Arial;\">\u2013 Rama aluminiowa<\/span><\/strong><\/p>\n<p><strong><span style=\"font-family: Arial;\">\u2013 4 ko\u0142a<\/span><\/strong><\/p>\n<p><strong><span style=\"font-family: Arial;\">\u2013 Gondola<\/span><\/strong><\/p>\n<p><strong><span style=\"font-family: Arial;\">\u2013 Pokrowiec na w\u00f3zek i materac<\/span><\/strong><\/p>\n<p><strong><span style=\"font-family: Arial;\">\u2013 Pokrowiec przeciwdeszczowy<\/span><\/strong><\/p>\n<p><strong><span style=\"font-family: Arial;\">\u2013 Moskitiera<\/span><\/strong><\/p>\n<p><strong><span style=\"font-family: Arial;\">\u2013 Torba nowoczesna<\/span><\/strong><\/p>\n<p><strong><span style=\"font-family: Arial;\">\u2013 Koszyk zakupowy<\/span><\/strong><\/p>\n<p><strong><span style=\"font-family: Arial;\">\u2013 Uchwyt na kubek<\/span><\/strong><\/p>\n<p><strong><span style=\"font-family: Arial;\">\u2013 24 miesi\u0105ce gwarancji<\/span><\/strong><\/p>\n<p><strong><span style=\"font-family: Arial;\">\u2013 W\u00f3zek dzieci\u0119cy<\/span><\/strong><\/p>\n<p><strong><span style=\"font-family: Arial;\">\u2013 *Fotelik samochodowy (opcjonalnie)<\/span><\/strong><\/p>\n<p><a href=\"http:\/\/forbabyboss.com\/wp-content\/uploads\/2022\/09\/checkout.png\"><img loading=\"lazy\" decoding=\"async\" class=\"alignnone size-full wp-image-5965\" src=\"http:\/\/forbabyboss.com\/wp-content\/uploads\/2022\/09\/checkout.png\" alt=\"\" width=\"750\" height=\"276\" srcset=\"https:\/\/forbabyboss.com\/wp-content\/uploads\/2022\/09\/checkout.png 750w, https:\/\/forbabyboss.com\/wp-content\/uploads\/2022\/09\/checkout-600x221.png 600w\" sizes=\"auto, (max-width: 750px) 100vw, 750px\" \/><\/a><\/p>","protected":false},"excerpt":{"rendered":"<p><a href=\"http:\/\/forbabyboss.com\/wp-content\/uploads\/2022\/09\/Star-Rating-5.png\"><img loading=\"lazy\" decoding=\"async\" class=\"alignnone wp-image-5973 aligncenter\" src=\"http:\/\/forbabyboss.com\/wp-content\/uploads\/2022\/09\/Star-Rating-5.png\" alt=\"\" width=\"299\" height=\"49\" \/><\/a><\/p>\n<p style=\"text-align: center;\"><span style=\"color: #e14d43; font-size: 115%;\"><strong>GWARANCJA DOPASOWANIA CENY<\/strong><\/span><\/p>\n<p style=\"text-align: center;\"><span style=\"font-size: 115%;\"><span style=\"color: #003366;\">Darmowa dostawa\u00a0<\/span>\u2013 2 \u2013 7 dni<\/span><\/p>\n<p style=\"text-align: center;\"><span style=\"color: #008000; font-size: 115%;\"><strong>Darmowy prezent przy zakupach powy\u017cej 100 GBP<\/strong><\/span><\/p>","protected":false},"featured_media":4104,"template":"","meta":[],"product_brand":[583],"product_cat":[338,156,207,305,130,209,211],"product_tag":[163,199],"class_list":{"0":"post-4103","1":"product","2":"type-product","3":"status-publish","4":"has-post-thumbnail","6":"product_brand-bebetto","7":"product_cat-600-to-700","8":"product_cat-3-in-1","9":"product_cat-black","10":"product_cat-colour","11":"product_cat-prams","12":"product_cat-push-chairs","13":"product_cat-stroller","14":"product_tag-3-in-1-prams","15":"product_tag-prams","17":"first","18":"instock","19":"sale","20":"shipping-taxable","21":"purchasable","22":"product-type-simple"},"yoast_head":"<!-- This site is optimized with the Yoast SEO plugin v27.5 - https:\/\/yoast.com\/product\/yoast-seo-wordpress\/ -->\n<title>Pushchair Baby Pram Travel System 3in1 in Black - For Baby Boss<\/title>\n<meta name=\"description\" content=\"Pushchair Baby Pram Travel System 3in1 in Black\" \/>\n<meta name=\"robots\" content=\"index, follow, max-snippet:-1, max-image-preview:large, max-video-preview:-1\" \/>\n<link rel=\"canonical\" href=\"https:\/\/forbabyboss.com\/pl\/product\/wozek-dzieciecy-system-podrozny-3w1-w-kolorze-czarnym\/\" \/>\n<meta property=\"og:locale\" content=\"pl_PL\" \/>\n<meta property=\"og:type\" content=\"article\" \/>\n<meta property=\"og:title\" content=\"Pushchair Baby Pram Travel System 3in1 in Black - For Baby Boss\" \/>\n<meta property=\"og:description\" content=\"Pushchair Baby Pram Travel System 3in1 in Black\" \/>\n<meta property=\"og:url\" content=\"https:\/\/forbabyboss.com\/pl\/product\/wozek-dzieciecy-system-podrozny-3w1-w-kolorze-czarnym\/\" \/>\n<meta property=\"og:site_name\" content=\"For Baby Boss\" \/>\n<meta property=\"article:modified_time\" content=\"2026-02-21T15:08:30+00:00\" \/>\n<meta property=\"og:image\" content=\"https:\/\/forbabyboss.com\/wp-content\/uploads\/2022\/09\/Bebetto-New-Holland-Pushchair-Buggy-Stroller-Car-Seat-Travel-System-3in1-Black-Frame-03_main.jpg\" \/>\n\t<meta property=\"og:image:width\" content=\"1000\" \/>\n\t<meta property=\"og:image:height\" content=\"1000\" \/>\n\t<meta property=\"og:image:type\" content=\"image\/jpeg\" \/>\n<meta name=\"twitter:card\" content=\"summary_large_image\" \/>\n<meta name=\"twitter:label1\" content=\"Szacowany czas czytania\" \/>\n\t<meta name=\"twitter:data1\" content=\"2 minuty\" \/>\n<script type=\"application\/ld+json\" class=\"yoast-schema-graph\">{\"@context\":\"https:\\\/\\\/schema.org\",\"@graph\":[{\"@type\":\"WebPage\",\"@id\":\"https:\\\/\\\/forbabyboss.com\\\/product\\\/pushchair-baby-pram-travel-system-3in1-in-black\\\/\",\"url\":\"https:\\\/\\\/forbabyboss.com\\\/product\\\/pushchair-baby-pram-travel-system-3in1-in-black\\\/\",\"name\":\"Pushchair Baby Pram Travel System 3in1 in Black - For Baby Boss\",\"isPartOf\":{\"@id\":\"https:\\\/\\\/powderblue-seahorse-496884.hostingersite.com\\\/#website\"},\"primaryImageOfPage\":{\"@id\":\"https:\\\/\\\/forbabyboss.com\\\/product\\\/pushchair-baby-pram-travel-system-3in1-in-black\\\/#primaryimage\"},\"image\":{\"@id\":\"https:\\\/\\\/forbabyboss.com\\\/product\\\/pushchair-baby-pram-travel-system-3in1-in-black\\\/#primaryimage\"},\"thumbnailUrl\":\"https:\\\/\\\/forbabyboss.com\\\/wp-content\\\/uploads\\\/2022\\\/09\\\/Bebetto-New-Holland-Pushchair-Buggy-Stroller-Car-Seat-Travel-System-3in1-Black-Frame-03_main.jpg\",\"datePublished\":\"2022-09-07T11:23:02+00:00\",\"dateModified\":\"2026-02-21T15:08:30+00:00\",\"description\":\"Pushchair Baby Pram Travel System 3in1 in Black\",\"breadcrumb\":{\"@id\":\"https:\\\/\\\/forbabyboss.com\\\/product\\\/pushchair-baby-pram-travel-system-3in1-in-black\\\/#breadcrumb\"},\"inLanguage\":\"pl-PL\",\"potentialAction\":[{\"@type\":\"ReadAction\",\"target\":[\"https:\\\/\\\/forbabyboss.com\\\/product\\\/pushchair-baby-pram-travel-system-3in1-in-black\\\/\"]}]},{\"@type\":\"ImageObject\",\"inLanguage\":\"pl-PL\",\"@id\":\"https:\\\/\\\/forbabyboss.com\\\/product\\\/pushchair-baby-pram-travel-system-3in1-in-black\\\/#primaryimage\",\"url\":\"https:\\\/\\\/forbabyboss.com\\\/wp-content\\\/uploads\\\/2022\\\/09\\\/Bebetto-New-Holland-Pushchair-Buggy-Stroller-Car-Seat-Travel-System-3in1-Black-Frame-03_main.jpg\",\"contentUrl\":\"https:\\\/\\\/forbabyboss.com\\\/wp-content\\\/uploads\\\/2022\\\/09\\\/Bebetto-New-Holland-Pushchair-Buggy-Stroller-Car-Seat-Travel-System-3in1-Black-Frame-03_main.jpg\",\"width\":1000,\"height\":1000},{\"@type\":\"BreadcrumbList\",\"@id\":\"https:\\\/\\\/forbabyboss.com\\\/product\\\/pushchair-baby-pram-travel-system-3in1-in-black\\\/#breadcrumb\",\"itemListElement\":[{\"@type\":\"ListItem\",\"position\":1,\"name\":\"Home\",\"item\":\"https:\\\/\\\/forbabyboss.com\\\/\"},{\"@type\":\"ListItem\",\"position\":2,\"name\":\"Shop\",\"item\":\"https:\\\/\\\/forbabyboss.com\\\/shop\\\/\"},{\"@type\":\"ListItem\",\"position\":3,\"name\":\"Pushchair Baby Pram Travel System 3in1 in Black\"}]},{\"@type\":\"WebSite\",\"@id\":\"https:\\\/\\\/powderblue-seahorse-496884.hostingersite.com\\\/#website\",\"url\":\"https:\\\/\\\/powderblue-seahorse-496884.hostingersite.com\\\/\",\"name\":\"For Baby Boss\",\"description\":\"Beautiful gifts and accessories for your baby boss\",\"potentialAction\":[{\"@type\":\"SearchAction\",\"target\":{\"@type\":\"EntryPoint\",\"urlTemplate\":\"https:\\\/\\\/powderblue-seahorse-496884.hostingersite.com\\\/?s={search_term_string}\"},\"query-input\":{\"@type\":\"PropertyValueSpecification\",\"valueRequired\":true,\"valueName\":\"search_term_string\"}}],\"inLanguage\":\"pl-PL\"}]}<\/script>\n<!-- \/ Yoast SEO plugin. -->","yoast_head_json":{"title":"W\u00f3zek dzieci\u0119cy 3w1 w kolorze czarnym - dla Baby Boss","description":"W\u00f3zek dzieci\u0119cy 3w1 w kolorze czarnym","robots":{"index":"index","follow":"follow","max-snippet":"max-snippet:-1","max-image-preview":"max-image-preview:large","max-video-preview":"max-video-preview:-1"},"canonical":"https:\/\/forbabyboss.com\/pl\/product\/wozek-dzieciecy-system-podrozny-3w1-w-kolorze-czarnym\/","og_locale":"pl_PL","og_type":"article","og_title":"Pushchair Baby Pram Travel System 3in1 in Black - For Baby Boss","og_description":"Pushchair Baby Pram Travel System 3in1 in Black","og_url":"https:\/\/forbabyboss.com\/pl\/product\/wozek-dzieciecy-system-podrozny-3w1-w-kolorze-czarnym\/","og_site_name":"For Baby Boss","article_modified_time":"2026-02-21T15:08:30+00:00","og_image":[{"width":1000,"height":1000,"url":"https:\/\/forbabyboss.com\/wp-content\/uploads\/2022\/09\/Bebetto-New-Holland-Pushchair-Buggy-Stroller-Car-Seat-Travel-System-3in1-Black-Frame-03_main.jpg","type":"image\/jpeg"}],"twitter_card":"summary_large_image","twitter_misc":{"Szacowany czas czytania":"2 minuty"},"schema":{"@context":"https:\/\/schema.org","@graph":[{"@type":"WebPage","@id":"https:\/\/forbabyboss.com\/product\/pushchair-baby-pram-travel-system-3in1-in-black\/","url":"https:\/\/forbabyboss.com\/product\/pushchair-baby-pram-travel-system-3in1-in-black\/","name":"W\u00f3zek dzieci\u0119cy 3w1 w kolorze czarnym - dla Baby Boss","isPartOf":{"@id":"https:\/\/powderblue-seahorse-496884.hostingersite.com\/#website"},"primaryImageOfPage":{"@id":"https:\/\/forbabyboss.com\/product\/pushchair-baby-pram-travel-system-3in1-in-black\/#primaryimage"},"image":{"@id":"https:\/\/forbabyboss.com\/product\/pushchair-baby-pram-travel-system-3in1-in-black\/#primaryimage"},"thumbnailUrl":"https:\/\/forbabyboss.com\/wp-content\/uploads\/2022\/09\/Bebetto-New-Holland-Pushchair-Buggy-Stroller-Car-Seat-Travel-System-3in1-Black-Frame-03_main.jpg","datePublished":"2022-09-07T11:23:02+00:00","dateModified":"2026-02-21T15:08:30+00:00","description":"W\u00f3zek dzieci\u0119cy 3w1 w kolorze czarnym","breadcrumb":{"@id":"https:\/\/forbabyboss.com\/product\/pushchair-baby-pram-travel-system-3in1-in-black\/#breadcrumb"},"inLanguage":"pl-PL","potentialAction":[{"@type":"ReadAction","target":["https:\/\/forbabyboss.com\/product\/pushchair-baby-pram-travel-system-3in1-in-black\/"]}]},{"@type":"ImageObject","inLanguage":"pl-PL","@id":"https:\/\/forbabyboss.com\/product\/pushchair-baby-pram-travel-system-3in1-in-black\/#primaryimage","url":"https:\/\/forbabyboss.com\/wp-content\/uploads\/2022\/09\/Bebetto-New-Holland-Pushchair-Buggy-Stroller-Car-Seat-Travel-System-3in1-Black-Frame-03_main.jpg","contentUrl":"https:\/\/forbabyboss.com\/wp-content\/uploads\/2022\/09\/Bebetto-New-Holland-Pushchair-Buggy-Stroller-Car-Seat-Travel-System-3in1-Black-Frame-03_main.jpg","width":1000,"height":1000},{"@type":"BreadcrumbList","@id":"https:\/\/forbabyboss.com\/product\/pushchair-baby-pram-travel-system-3in1-in-black\/#breadcrumb","itemListElement":[{"@type":"ListItem","position":1,"name":"Home","item":"https:\/\/forbabyboss.com\/"},{"@type":"ListItem","position":2,"name":"Shop","item":"https:\/\/forbabyboss.com\/shop\/"},{"@type":"ListItem","position":3,"name":"Pushchair Baby Pram Travel System 3in1 in Black"}]},{"@type":"WebSite","@id":"https:\/\/powderblue-seahorse-496884.hostingersite.com\/#website","url":"https:\/\/powderblue-seahorse-496884.hostingersite.com\/","name":"Dla Baby Boss","description":"Pi\u0119kne prezenty i akcesoria dla ma\u0142ego szefa","potentialAction":[{"@type":"SearchAction","target":{"@type":"EntryPoint","urlTemplate":"https:\/\/powderblue-seahorse-496884.hostingersite.com\/?s={search_term_string}"},"query-input":{"@type":"PropertyValueSpecification","valueRequired":true,"valueName":"search_term_string"}}],"inLanguage":"pl-PL"}]}},"_links":{"self":[{"href":"https:\/\/forbabyboss.com\/pl\/wp-json\/wp\/v2\/product\/4103","targetHints":{"allow":["GET"]}}],"collection":[{"href":"https:\/\/forbabyboss.com\/pl\/wp-json\/wp\/v2\/product"}],"about":[{"href":"https:\/\/forbabyboss.com\/pl\/wp-json\/wp\/v2\/types\/product"}],"wp:featuredmedia":[{"embeddable":true,"href":"https:\/\/forbabyboss.com\/pl\/wp-json\/wp\/v2\/media\/4104"}],"wp:attachment":[{"href":"https:\/\/forbabyboss.com\/pl\/wp-json\/wp\/v2\/media?parent=4103"}],"wp:term":[{"taxonomy":"product_brand","embeddable":true,"href":"https:\/\/forbabyboss.com\/pl\/wp-json\/wp\/v2\/product_brand?post=4103"},{"taxonomy":"product_cat","embeddable":true,"href":"https:\/\/forbabyboss.com\/pl\/wp-json\/wp\/v2\/product_cat?post=4103"},{"taxonomy":"product_tag","embeddable":true,"href":"https:\/\/forbabyboss.com\/pl\/wp-json\/wp\/v2\/product_tag?post=4103"}],"curies":[{"name":"wp","href":"https:\/\/api.w.org\/{rel}","templated":true}]}}