{"id":4193,"date":"2022-09-21T14:11:29","date_gmt":"2022-09-21T14:11:29","guid":{"rendered":"http:\/\/forbabyboss.com\/?post_type=product&#038;p=4193"},"modified":"2023-10-03T11:14:52","modified_gmt":"2023-10-03T11:14:52","slug":"baby-pram-pushchair-stroller-4in1-travel-system-lo2","status":"publish","type":"product","link":"https:\/\/forbabyboss.com\/pl\/product\/baby-pram-pushchair-stroller-4in1-travel-system-lo2\/","title":{"rendered":"Baby Pram Pushchair Stroller 4in1 Travel System &#8211; LO2"},"content":{"rendered":"<p style=\"text-align: justify;\" align=\"center\"><strong><span style=\"font-size: medium; color: #282828;\">Line 2.0 is a modern multi-function Pram Travel System designed for parents who search for a product that will be used through a long time span. Depending on the child&#8217;s needs and age, Line 2.0\u00a0 functions as a pram or a pushchair. Designed to transport your baby or toddler in comfort from birth to 3 years or 0-15 kg.<\/span><\/strong><\/p>\n<p style=\"text-align: justify;\" align=\"center\"><strong><span style=\"color: #282828;\"><span style=\"font-size: medium;\">Wykonany w Europie z materia\u0142\u00f3w najwy\u017cszej jako\u015bci, z lekk\u0105 aluminiow\u0105 ram\u0105, zaprojektowany w nowoczesnym stylu.<\/span><span style=\"font-size: medium;\"><br \/>\n<\/span><\/span><\/strong><\/p>\n<div style=\"text-align: justify;\" align=\"center\">\n<p><strong><span style=\"font-size: medium; color: #282828;\">Europejska homologacja EN 1888:2012<\/span><\/strong><\/p>\n<p><strong><span style=\"font-size: medium; color: #282828;\">Aluminiowa, lekka rama z regulowanym amortyzatorem sprawia, \u017ce jazda jest bardzo \u0142atwa.<\/span><\/strong><\/p>\n<p><strong><span style=\"font-size: medium; color: #282828;\">Wyko\u0144czenie w\u00f3zka wykonane z najwy\u017cszej jako\u015bci impregnowanych materia\u0142\u00f3w, przyjaznych dla dzieci. Materia\u0142y nie blakn\u0105, s\u0105 wodoodporne i zapewniaj\u0105 idealn\u0105 temperatur\u0119 powietrza w zale\u017cno\u015bci od warunk\u00f3w atmosferycznych. Zdejmowane wn\u0119trze i pokrowce wype\u0142nione s\u0105 hipoalergiczn\u0105 bawe\u0142n\u0105.<\/span><\/strong><\/p>\n<p>&nbsp;<\/p>\n<\/div>\n<h3 style=\"text-align: justify;\"><strong><span style=\"color: #282828;\"><span style=\"color: #e14d43;\">Cechy produktu<\/span>:<\/span><\/strong><\/h3>\n<ul>\n<li style=\"text-align: justify;\"><strong><span style=\"font-size: medium; color: #282828;\">System podr\u00f3\u017cny 2 w 1 lub 3 w 1<br \/>\n<\/span><\/strong><\/li>\n<li style=\"text-align: justify;\"><strong><span style=\"font-size: medium; color: #282828;\">Solidna, lekka rama aluminiowa<\/span><\/strong><\/li>\n<li style=\"text-align: justify;\"><strong><span style=\"font-size: medium; color: #282828;\">\u0141atwe do roz\u0142o\u017cenia, ma\u0142e po z\u0142o\u017ceniu<\/span><\/strong><\/li>\n<\/ul>\n<h3><strong><span style=\"font-size: 100%; color: #282828;\"><span style=\"color: #e14d43;\">Pram<\/span>:<\/span><\/strong><\/h3>\n<p><strong><span style=\"font-size: medium; color: #282828;\">Regulowany kaptur \/ Luksusowa podszewka ze sk\u00f3ry ekologicznej \/ Regulowany uchwyt do przenoszenia<\/span><\/strong><\/p>\n<p><strong><span style=\"color: #282828;\">Wn\u0119trze wykonane z wysokiej jako\u015bci bawe\u0142ny i zamszu przyjaznego dzieciom, oddychaj\u0105cego<\/span><\/strong><\/p>\n<p><strong><span style=\"color: #282828;\">Blokowane, obrotowe 360\u00b0, ko\u0142a piankowo-\u017celowe, przednie \u0142o\u017cyskowane,<\/span><\/strong><\/p>\n<p><strong><span style=\"color: #282828;\">centralny hamulec \u201cstop &amp; go\u201d;<\/span><\/strong><\/p>\n<p><strong><span style=\"color: #282828;\">Jednorazowy kaptur zapewniaj\u0105cy lepsz\u0105 ochron\u0119 przed zacienieniem w siedzisku;<\/span><\/strong><\/p>\n<p><strong><span style=\"color: #282828;\">gondola wyposa\u017cona w 3-punktow\u0105 regulacj\u0119 oparcia<\/span><\/strong><\/p>\n<p><strong><span style=\"color: #282828;\">wentylowana budka gondoli i siedziska;<\/span><\/strong><\/p>\n<p><strong><span style=\"color: #282828;\">Uchwyt regulowany w 3 punktach, pokryty sk\u00f3r\u0105 ekologiczn\u0105;<\/span><\/strong><\/p>\n<p><strong><span style=\"color: #282828;\">system skierowany do przodu i do ty\u0142u,<\/span><\/strong><\/p>\n<p><strong><span style=\"color: #282828;\">Panel widokowy dla rodzic\u00f3w z moskitier\u0105 dooko\u0142a<\/span><\/strong><\/p>\n<h4><strong><span style=\"font-size: medium; color: #282828;\"><span style=\"color: #e14d43;\">W\u00f3zek dzieci\u0119cy<\/span>:<\/span><\/strong><\/h4>\n<p><strong><span style=\"color: #282828;\">Wyposa\u017cony w regulowany podn\u00f3\u017cek i oparcie;<\/span><\/strong><\/p>\n<p><strong><span style=\"color: #282828;\">Mo\u017cliwo\u015b\u0107 regulacji do pozycji ca\u0142kowicie le\u017c\u0105cej,<\/span><\/strong><\/p>\n<p><strong><span style=\"color: #282828;\">Wiele pozycji odchylenia<\/span><\/strong><\/p>\n<p><strong><span style=\"color: #282828;\">Odwracalny modu\u0142 siedziska dla trybu widoku rodzica<\/span><\/strong><\/p>\n<p><strong><span style=\"color: #282828;\">Pi\u0119ciopunktowe pasy bezpiecze\u0144stwa<\/span><\/strong><\/p>\n<p><strong><span style=\"color: #282828;\">Zdejmowany zderzak<\/span><\/strong><\/p>\n<p><strong><span style=\"color: #282828;\">W zestawie \u015bpiworek<\/span><\/strong><\/p>\n<p style=\"text-align: justify;\" align=\"center\"><strong><span style=\"font-size: medium; color: #282828;\"><span style=\"color: #e14d43;\">Wygodny fotelik samochodowy<\/span>:<br \/>\n<\/span><\/strong><\/p>\n<div style=\"text-align: justify;\" align=\"center\">\n<p><strong><span style=\"font-size: medium; color: #282828;\">Only black or grey Kite car seats are available.\u00a0Let us know what color you like, please.<br \/>\nGrupa 0-13 kg:<\/span><\/strong><\/p>\n<p><strong><span style=\"font-size: medium; color: #282828;\">Europejska homologacja ECE R44 \/ 04<\/span><\/strong><\/p>\n<p><strong><span style=\"font-size: medium; color: #282828;\">Monta\u017c na podstawie ramy za pomoc\u0105 adapter\u00f3w<\/span><\/strong><\/p>\n<p><strong><span style=\"font-size: medium; color: #282828;\">3-punktowe pasy bezpiecze\u0144stwa<\/span><\/strong><\/p>\n<p><strong><span style=\"font-size: medium; color: #282828;\">Dodatkowa podk\u0142adka dla noworodka<\/span><\/strong><\/p>\n<p><strong><span style=\"font-size: medium; color: #282828;\">pokrowiec na fotel samochodowy<\/span><\/strong><\/p>\n<p><strong><span style=\"font-size: medium; color: #282828;\">Regulowany uchwyt do noszenia<\/span><\/strong><\/p>\n<p><strong><span style=\"font-size: medium; color: #282828;\">Zdejmowany pokrowiec na mask\u0119<\/span><\/strong><\/p>\n<p><strong><span style=\"font-size: medium; color: #282828;\">Regulowane na wysoko\u015b\u0107 pasy bezpiecze\u0144stwa<\/span><\/strong><\/p>\n<p><strong><span style=\"font-size: medium; color: #282828;\">Tryb skierowany do przodu lub do ty\u0142u<\/span><\/strong><\/p>\n<p><strong><span style=\"font-size: medium; color: #282828;\">Wyposa\u017cony w ISOFIX*<\/span><\/strong><\/p>\n<p><strong><span style=\"font-size: medium; color: #282828;\">*BAZA ISOFIX \u2013 opcjonalnie<\/span><\/strong><\/p>\n<h3><strong><span style=\"color: #282828;\"><span style=\"font-size: medium;\">ISOFIX BASE*<\/span><\/span><\/strong><\/h3>\n<p><strong><span style=\"font-size: medium; color: #282828;\">Kolor: Czarny\/Szary<\/span><\/strong><\/p>\n<p><strong><span style=\"font-size: medium; color: #282828;\">Nadaje si\u0119 od urodzenia<\/span><\/strong><\/p>\n<p><strong><span style=\"font-size: medium; color: #282828;\">Mocowany bezpo\u015brednio do podwozia samochodu za pomoc\u0105 punkt\u00f3w mocowania ISOFIX pojazdu<\/span><\/strong><\/p>\n<p><strong><span style=\"font-size: medium; color: #282828;\">Mo\u017cna go r\u00f3wnie\u017c zabezpieczy\u0107 za pomoc\u0105 pasa bezpiecze\u0144stwa pojazdu<\/span><\/strong><\/p>\n<p><strong><span style=\"font-size: medium; color: #282828;\">Kompatybilny z fotelikami samochodowymi<\/span><\/strong><\/p>\n<p><strong><span style=\"font-size: medium; color: #282828;\">\u0141atwy w instalacji<\/span><\/strong><\/p>\n<p><strong><span style=\"font-size: medium; color: #282828;\">Bezpieczny i pewny<\/span><\/strong><\/p>\n<p><strong><span style=\"font-size: medium; color: #282828;\">Minimalizuje zamieszanie<\/span><\/strong><\/p>\n<p><strong><span style=\"font-size: medium; color: #282828;\">Zmniejsza prawdopodobie\u0144stwo obudzenia dziecka podczas przenoszenia z samochodu do domu<\/span><\/strong><\/p>\n<p><strong><span style=\"font-size: medium; color: #282828;\">Noga podporowa zapewnia doskona\u0142\u0105 stabilno\u015b\u0107 i bezpiecze\u0144stwo, a tak\u017ce \u0142atw\u0105 regulacj\u0119 w celu uzyskania najlepszego dopasowania<\/span><\/strong><\/p>\n<p><strong><span style=\"font-size: medium; color: #282828;\">Wska\u017aniki kolorowe potwierdzaj\u0105 poprawno\u015b\u0107 monta\u017cu bazy w poje\u017adzie<\/span><\/strong><\/p>\n<\/div>\n<h3 style=\"text-align: justify;\" align=\"center\"><strong><span style=\"color: #e14d43;\">Cena wliczona<\/span>:<\/strong><\/h3>\n<div style=\"text-align: justify;\" align=\"center\">\n<p><strong><span style=\"font-size: medium; color: #282828;\">Solidna rama + 4 piankowe\/\u017celowe ko\u0142a (rdze\u0144 gumowy)<\/span><\/strong><\/p>\n<p><strong><span style=\"color: #282828;\">Gondola<\/span><\/strong><\/p>\n<p><strong><span style=\"color: #282828;\">W\u00f3zek dzieci\u0119cy<\/span><\/strong><\/p>\n<p><strong><span style=\"color: #282828;\">Pokrowiec i materac<\/span><\/strong><\/p>\n<p><strong><span style=\"color: #282828;\">Os\u0142ona na stopy \u2013 Footmuff<\/span><\/strong><\/p>\n<p><strong><span style=\"color: #282828;\">Fotelik samochodowy (opcja 3w1)<\/span><\/strong><\/p>\n<p><strong><span style=\"color: #282828;\">\u00a0Zdejmowany daszek i pokrowiec na fotelik samochodowy (opcja 3w1)<\/span><\/strong><\/p>\n<p><strong><span style=\"color: #282828;\">Zdejmowany zderzak<\/span><\/strong><\/p>\n<p><strong><span style=\"color: #282828;\">Pokrowiec przeciwdeszczowy<\/span><\/strong><\/p>\n<p><strong><span style=\"color: #282828;\">Moskitiera<\/span><\/strong><\/p>\n<p><strong><span style=\"color: #282828;\">Torba na akcesoria z mat\u0105 do przewijania i paskiem na rami\u0119<\/span><\/strong><\/p>\n<p><strong><span style=\"color: #282828;\">Koszyk zakupowy<\/span><\/strong><\/p>\n<p><strong><span style=\"color: #282828;\">Baza Isofix (opcjonalnie)<\/span><\/strong><\/p>\n<p><strong><span style=\"color: #282828;\">24-miesi\u0119czna gwarancja<\/span><\/strong><\/p>\n<\/div>\n<h3 style=\"text-align: justify;\" align=\"center\"><strong><span style=\"font-size: medium; color: #282828;\"><span style=\"font-size: large;\"><span style=\"color: #e14d43;\">Technical Specifications<\/span>:<\/span><\/span><\/strong><\/h3>\n<div style=\"text-align: justify;\" align=\"center\">\n<p><strong><span style=\"color: #282828;\">-possibility to carry the\u00a0carrycot by the handle in the booth;<\/span><\/strong><\/p>\n<p><strong><span style=\"color: #282828;\">&#8211;\u00a0carrycot bottom made of wood<\/span><\/strong><\/p>\n<p><strong><span style=\"color: #282828;\">&#8211; spacious\u00a0carrycot with ventilation in the kennel;<\/span><\/strong><\/p>\n<p><strong><span style=\"color: #282828;\">&#8211; a window in the carrycot cover;<\/span><\/strong><\/p>\n<p><strong><span style=\"color: #282828;\">&#8211; mosquito net integrated with the booth in the\u00a0carrycot and the stroller;<\/span><\/strong><\/p>\n<p><strong><span style=\"color: #282828;\">&#8211; unfolded frame 78x58x99-115 cm;<\/span><\/strong><\/p>\n<p><strong><span style=\"color: #282828;\">-internal backrest;<\/span><\/strong><\/p>\n<p><strong><span style=\"color: #282828;\">&#8211; folded frame 78x58x30 cm; without wheels 72x50x30 cm;<\/span><\/strong><\/p>\n<p><strong><span style=\"color: #282828;\">&#8211; removable lining inside the carrycot;<\/span><\/strong><\/p>\n<p><strong><span style=\"color: #282828;\">&#8211; carrycot interior 76x34x21 cm;<\/span><\/strong><\/p>\n<p><strong><span style=\"color: #282828;\">&#8211; mattress;<\/span><\/strong><\/p>\n<p><strong><span style=\"color: #282828;\">&#8211; weight of the frame with wheels about 9 kg;\u00a0<\/span><\/strong><\/p>\n<p><strong><span style=\"color: #282828;\">&#8211; multi-stage booth regulation;<\/span><\/strong><\/p>\n<p><strong><span style=\"color: #282828;\">&#8211; 12 &#8220;rear, 10&#8221; front gel wheels;<\/span><\/strong><\/p>\n<p><strong><span style=\"color: #282828;\">&#8211; height of the bottom of the\u00a0carrycot is 66 cm long;<\/span><\/strong><\/p>\n<p><strong><span style=\"color: #282828;\">&#8211; weight of the\u00a0carrycot is about 4.8 kg; stroller seat 34&#215;26 cm, footrest 17 cm, backrest 47 cm; stroller weight about 4.8 kg;<\/span><\/strong><\/p>\n<p><strong><a href=\"http:\/\/forbabyboss.com\/wp-content\/uploads\/2022\/09\/checkout.png\"><img loading=\"lazy\" decoding=\"async\" class=\"alignnone size-full wp-image-5965\" src=\"http:\/\/forbabyboss.com\/wp-content\/uploads\/2022\/09\/checkout.png\" alt=\"\" width=\"750\" height=\"276\" srcset=\"https:\/\/forbabyboss.com\/wp-content\/uploads\/2022\/09\/checkout.png 750w, https:\/\/forbabyboss.com\/wp-content\/uploads\/2022\/09\/checkout-600x221.png 600w\" sizes=\"auto, (max-width: 750px) 100vw, 750px\" \/><\/a><\/strong><\/p>\n<\/div>\n<div style=\"text-align: justify;\" align=\"center\"><\/div>\n<p>&nbsp;<\/p>","protected":false},"excerpt":{"rendered":"<p><a href=\"http:\/\/forbabyboss.com\/wp-content\/uploads\/2022\/09\/Star-Rating-5.png\"><img loading=\"lazy\" decoding=\"async\" class=\"alignnone wp-image-5973 aligncenter\" src=\"http:\/\/forbabyboss.com\/wp-content\/uploads\/2022\/09\/Star-Rating-5.png\" alt=\"\" width=\"299\" height=\"49\" \/><\/a><\/p>\n<p style=\"text-align: center;\"><span style=\"color: #e14d43; font-size: 115%;\"><strong>GWARANCJA DOPASOWANIA CENY<\/strong><\/span><\/p>\n<p style=\"text-align: center;\"><span style=\"font-size: 115%;\"><span style=\"color: #003366;\">Darmowa dostawa\u00a0<\/span>\u2013 2 \u2013 7 dni<\/span><\/p>\n<p style=\"text-align: center;\"><span style=\"color: #008000; font-size: 115%;\"><strong>Darmowy prezent przy zakupach powy\u017cej 100 GBP<\/strong><\/span><\/p>","protected":false},"featured_media":4194,"template":"","meta":[],"product_brand":[],"product_cat":[339,156,197,277,305,130,209,211],"product_tag":[163,200,171],"class_list":{"0":"post-4193","1":"product","2":"type-product","3":"status-publish","4":"has-post-thumbnail","6":"product_cat-700-to-800","7":"product_cat-3-in-1","8":"product_cat-4-in-1-pram","9":"product_cat-brown","10":"product_cat-colour","11":"product_cat-prams","12":"product_cat-push-chairs","13":"product_cat-stroller","14":"product_tag-3-in-1-prams","15":"product_tag-4-in-1-pram","16":"product_tag-pram","18":"first","19":"instock","20":"sale","21":"shipping-taxable","22":"purchasable","23":"product-type-simple"},"yoast_head":"<!-- This site is optimized with the Yoast SEO plugin v27.5 - https:\/\/yoast.com\/product\/yoast-seo-wordpress\/ -->\n<title>Baby Pram Pushchair Stroller 4in1 Travel System - LO2 - For Baby Boss<\/title>\n<meta name=\"description\" content=\"Baby Pram Pushchair Stroller 4in1 Travel System - LO2\" \/>\n<meta name=\"robots\" content=\"index, follow, max-snippet:-1, max-image-preview:large, max-video-preview:-1\" \/>\n<link rel=\"canonical\" href=\"https:\/\/forbabyboss.com\/pl\/product\/baby-pram-pushchair-stroller-4in1-travel-system-lo2\/\" \/>\n<meta property=\"og:locale\" content=\"pl_PL\" \/>\n<meta property=\"og:type\" content=\"article\" \/>\n<meta property=\"og:title\" content=\"Baby Pram Pushchair Stroller 4in1 Travel System - LO2 - For Baby Boss\" \/>\n<meta property=\"og:description\" content=\"Baby Pram Pushchair Stroller 4in1 Travel System - LO2\" \/>\n<meta property=\"og:url\" content=\"https:\/\/forbabyboss.com\/pl\/product\/baby-pram-pushchair-stroller-4in1-travel-system-lo2\/\" \/>\n<meta property=\"og:site_name\" content=\"For Baby Boss\" \/>\n<meta property=\"article:modified_time\" content=\"2023-10-03T11:14:52+00:00\" \/>\n<meta property=\"og:image\" content=\"https:\/\/forbabyboss.com\/wp-content\/uploads\/2022\/09\/Baby-Pram-Line-2.0-bexa-Pushchair-Buggy-Stroller-Car-Seat-4in1-Travel-System-LO2.jpg\" \/>\n\t<meta property=\"og:image:width\" content=\"1020\" \/>\n\t<meta property=\"og:image:height\" content=\"1020\" \/>\n\t<meta property=\"og:image:type\" content=\"image\/jpeg\" \/>\n<meta name=\"twitter:card\" content=\"summary_large_image\" \/>\n<meta name=\"twitter:label1\" content=\"Szacowany czas czytania\" \/>\n\t<meta name=\"twitter:data1\" content=\"3 minuty\" \/>\n<script type=\"application\/ld+json\" class=\"yoast-schema-graph\">{\"@context\":\"https:\\\/\\\/schema.org\",\"@graph\":[{\"@type\":\"WebPage\",\"@id\":\"https:\\\/\\\/forbabyboss.com\\\/product\\\/baby-pram-pushchair-stroller-4in1-travel-system-lo2\\\/\",\"url\":\"https:\\\/\\\/forbabyboss.com\\\/product\\\/baby-pram-pushchair-stroller-4in1-travel-system-lo2\\\/\",\"name\":\"Baby Pram Pushchair Stroller 4in1 Travel System - LO2 - For Baby Boss\",\"isPartOf\":{\"@id\":\"https:\\\/\\\/powderblue-seahorse-496884.hostingersite.com\\\/#website\"},\"primaryImageOfPage\":{\"@id\":\"https:\\\/\\\/forbabyboss.com\\\/product\\\/baby-pram-pushchair-stroller-4in1-travel-system-lo2\\\/#primaryimage\"},\"image\":{\"@id\":\"https:\\\/\\\/forbabyboss.com\\\/product\\\/baby-pram-pushchair-stroller-4in1-travel-system-lo2\\\/#primaryimage\"},\"thumbnailUrl\":\"https:\\\/\\\/forbabyboss.com\\\/wp-content\\\/uploads\\\/2022\\\/09\\\/Baby-Pram-Line-2.0-bexa-Pushchair-Buggy-Stroller-Car-Seat-4in1-Travel-System-LO2.jpg\",\"datePublished\":\"2022-09-21T14:11:29+00:00\",\"dateModified\":\"2023-10-03T11:14:52+00:00\",\"description\":\"Baby Pram Pushchair Stroller 4in1 Travel System - LO2\",\"breadcrumb\":{\"@id\":\"https:\\\/\\\/forbabyboss.com\\\/product\\\/baby-pram-pushchair-stroller-4in1-travel-system-lo2\\\/#breadcrumb\"},\"inLanguage\":\"pl-PL\",\"potentialAction\":[{\"@type\":\"ReadAction\",\"target\":[\"https:\\\/\\\/forbabyboss.com\\\/product\\\/baby-pram-pushchair-stroller-4in1-travel-system-lo2\\\/\"]}]},{\"@type\":\"ImageObject\",\"inLanguage\":\"pl-PL\",\"@id\":\"https:\\\/\\\/forbabyboss.com\\\/product\\\/baby-pram-pushchair-stroller-4in1-travel-system-lo2\\\/#primaryimage\",\"url\":\"https:\\\/\\\/forbabyboss.com\\\/wp-content\\\/uploads\\\/2022\\\/09\\\/Baby-Pram-Line-2.0-bexa-Pushchair-Buggy-Stroller-Car-Seat-4in1-Travel-System-LO2.jpg\",\"contentUrl\":\"https:\\\/\\\/forbabyboss.com\\\/wp-content\\\/uploads\\\/2022\\\/09\\\/Baby-Pram-Line-2.0-bexa-Pushchair-Buggy-Stroller-Car-Seat-4in1-Travel-System-LO2.jpg\",\"width\":1020,\"height\":1020},{\"@type\":\"BreadcrumbList\",\"@id\":\"https:\\\/\\\/forbabyboss.com\\\/product\\\/baby-pram-pushchair-stroller-4in1-travel-system-lo2\\\/#breadcrumb\",\"itemListElement\":[{\"@type\":\"ListItem\",\"position\":1,\"name\":\"Home\",\"item\":\"https:\\\/\\\/forbabyboss.com\\\/\"},{\"@type\":\"ListItem\",\"position\":2,\"name\":\"Shop\",\"item\":\"https:\\\/\\\/forbabyboss.com\\\/shop\\\/\"},{\"@type\":\"ListItem\",\"position\":3,\"name\":\"Baby Pram Pushchair Stroller 4in1 Travel System &#8211; LO2\"}]},{\"@type\":\"WebSite\",\"@id\":\"https:\\\/\\\/powderblue-seahorse-496884.hostingersite.com\\\/#website\",\"url\":\"https:\\\/\\\/powderblue-seahorse-496884.hostingersite.com\\\/\",\"name\":\"For Baby Boss\",\"description\":\"Beautiful gifts and accessories for your baby boss\",\"potentialAction\":[{\"@type\":\"SearchAction\",\"target\":{\"@type\":\"EntryPoint\",\"urlTemplate\":\"https:\\\/\\\/powderblue-seahorse-496884.hostingersite.com\\\/?s={search_term_string}\"},\"query-input\":{\"@type\":\"PropertyValueSpecification\",\"valueRequired\":true,\"valueName\":\"search_term_string\"}}],\"inLanguage\":\"pl-PL\"}]}<\/script>\n<!-- \/ Yoast SEO plugin. -->","yoast_head_json":{"title":"Baby Pram Pushchair Stroller 4in1 Travel System - LO2 - For Baby Boss","description":"Baby Pram Pushchair Stroller 4in1 Travel System - LO2","robots":{"index":"index","follow":"follow","max-snippet":"max-snippet:-1","max-image-preview":"max-image-preview:large","max-video-preview":"max-video-preview:-1"},"canonical":"https:\/\/forbabyboss.com\/pl\/product\/baby-pram-pushchair-stroller-4in1-travel-system-lo2\/","og_locale":"pl_PL","og_type":"article","og_title":"Baby Pram Pushchair Stroller 4in1 Travel System - LO2 - For Baby Boss","og_description":"Baby Pram Pushchair Stroller 4in1 Travel System - LO2","og_url":"https:\/\/forbabyboss.com\/pl\/product\/baby-pram-pushchair-stroller-4in1-travel-system-lo2\/","og_site_name":"For Baby Boss","article_modified_time":"2023-10-03T11:14:52+00:00","og_image":[{"width":1020,"height":1020,"url":"https:\/\/forbabyboss.com\/wp-content\/uploads\/2022\/09\/Baby-Pram-Line-2.0-bexa-Pushchair-Buggy-Stroller-Car-Seat-4in1-Travel-System-LO2.jpg","type":"image\/jpeg"}],"twitter_card":"summary_large_image","twitter_misc":{"Szacowany czas czytania":"3 minuty"},"schema":{"@context":"https:\/\/schema.org","@graph":[{"@type":"WebPage","@id":"https:\/\/forbabyboss.com\/product\/baby-pram-pushchair-stroller-4in1-travel-system-lo2\/","url":"https:\/\/forbabyboss.com\/product\/baby-pram-pushchair-stroller-4in1-travel-system-lo2\/","name":"Baby Pram Pushchair Stroller 4in1 Travel System - LO2 - For Baby Boss","isPartOf":{"@id":"https:\/\/powderblue-seahorse-496884.hostingersite.com\/#website"},"primaryImageOfPage":{"@id":"https:\/\/forbabyboss.com\/product\/baby-pram-pushchair-stroller-4in1-travel-system-lo2\/#primaryimage"},"image":{"@id":"https:\/\/forbabyboss.com\/product\/baby-pram-pushchair-stroller-4in1-travel-system-lo2\/#primaryimage"},"thumbnailUrl":"https:\/\/forbabyboss.com\/wp-content\/uploads\/2022\/09\/Baby-Pram-Line-2.0-bexa-Pushchair-Buggy-Stroller-Car-Seat-4in1-Travel-System-LO2.jpg","datePublished":"2022-09-21T14:11:29+00:00","dateModified":"2023-10-03T11:14:52+00:00","description":"Baby Pram Pushchair Stroller 4in1 Travel System - LO2","breadcrumb":{"@id":"https:\/\/forbabyboss.com\/product\/baby-pram-pushchair-stroller-4in1-travel-system-lo2\/#breadcrumb"},"inLanguage":"pl-PL","potentialAction":[{"@type":"ReadAction","target":["https:\/\/forbabyboss.com\/product\/baby-pram-pushchair-stroller-4in1-travel-system-lo2\/"]}]},{"@type":"ImageObject","inLanguage":"pl-PL","@id":"https:\/\/forbabyboss.com\/product\/baby-pram-pushchair-stroller-4in1-travel-system-lo2\/#primaryimage","url":"https:\/\/forbabyboss.com\/wp-content\/uploads\/2022\/09\/Baby-Pram-Line-2.0-bexa-Pushchair-Buggy-Stroller-Car-Seat-4in1-Travel-System-LO2.jpg","contentUrl":"https:\/\/forbabyboss.com\/wp-content\/uploads\/2022\/09\/Baby-Pram-Line-2.0-bexa-Pushchair-Buggy-Stroller-Car-Seat-4in1-Travel-System-LO2.jpg","width":1020,"height":1020},{"@type":"BreadcrumbList","@id":"https:\/\/forbabyboss.com\/product\/baby-pram-pushchair-stroller-4in1-travel-system-lo2\/#breadcrumb","itemListElement":[{"@type":"ListItem","position":1,"name":"Home","item":"https:\/\/forbabyboss.com\/"},{"@type":"ListItem","position":2,"name":"Shop","item":"https:\/\/forbabyboss.com\/shop\/"},{"@type":"ListItem","position":3,"name":"Baby Pram Pushchair Stroller 4in1 Travel System &#8211; LO2"}]},{"@type":"WebSite","@id":"https:\/\/powderblue-seahorse-496884.hostingersite.com\/#website","url":"https:\/\/powderblue-seahorse-496884.hostingersite.com\/","name":"Dla Baby Boss","description":"Pi\u0119kne prezenty i akcesoria dla ma\u0142ego szefa","potentialAction":[{"@type":"SearchAction","target":{"@type":"EntryPoint","urlTemplate":"https:\/\/powderblue-seahorse-496884.hostingersite.com\/?s={search_term_string}"},"query-input":{"@type":"PropertyValueSpecification","valueRequired":true,"valueName":"search_term_string"}}],"inLanguage":"pl-PL"}]}},"_links":{"self":[{"href":"https:\/\/forbabyboss.com\/pl\/wp-json\/wp\/v2\/product\/4193","targetHints":{"allow":["GET"]}}],"collection":[{"href":"https:\/\/forbabyboss.com\/pl\/wp-json\/wp\/v2\/product"}],"about":[{"href":"https:\/\/forbabyboss.com\/pl\/wp-json\/wp\/v2\/types\/product"}],"wp:featuredmedia":[{"embeddable":true,"href":"https:\/\/forbabyboss.com\/pl\/wp-json\/wp\/v2\/media\/4194"}],"wp:attachment":[{"href":"https:\/\/forbabyboss.com\/pl\/wp-json\/wp\/v2\/media?parent=4193"}],"wp:term":[{"taxonomy":"product_brand","embeddable":true,"href":"https:\/\/forbabyboss.com\/pl\/wp-json\/wp\/v2\/product_brand?post=4193"},{"taxonomy":"product_cat","embeddable":true,"href":"https:\/\/forbabyboss.com\/pl\/wp-json\/wp\/v2\/product_cat?post=4193"},{"taxonomy":"product_tag","embeddable":true,"href":"https:\/\/forbabyboss.com\/pl\/wp-json\/wp\/v2\/product_tag?post=4193"}],"curies":[{"name":"wp","href":"https:\/\/api.w.org\/{rel}","templated":true}]}}