{"id":4263,"date":"2022-09-08T09:35:19","date_gmt":"2022-09-08T09:35:19","guid":{"rendered":"http:\/\/forbabyboss.com\/?post_type=product&#038;p=4263"},"modified":"2026-02-21T15:35:45","modified_gmt":"2026-02-21T15:35:45","slug":"wozek-dzieciecy-wozek-dzieciecy-system-podrozny-premium-4w1-fotelik-samochodowy-07","status":"publish","type":"product","link":"https:\/\/forbabyboss.com\/pl\/product\/pushchair-baby-pram-premium-travel-system-4in1-car-seat-07\/","title":{"rendered":"W\u00f3zek dzieci\u0119cy Premium Travel System 4w1 Fotelik samochodowy \u2013 07"},"content":{"rendered":"<p style=\"text-align: justify;\"><strong><span style=\"color: #282828;\">Gondola o modnej konstrukcji dost\u0119pna w 3 wariantach kolorystycznych: z\u0142otym, srebrnym i czarnym. Jest lekka i \u0142atwa w obs\u0142udze Design, trwa\u0142a konstrukcja wykonana z aluminium z wyjmowanymi ko\u0142ami, dzi\u0119ki czemu mo\u017cna ca\u0142kowicie zdemontowa\u0107 w\u00f3zek do ma\u0142ych wymiar\u00f3w Stela\u017c z bocznymi obcinakami, dost\u0119pny w 2 kolorach \u2013 srebrno-czarnym i z\u0142oto-czarnym. \u0141atwy i praktyczny system sk\u0142adania stela\u017ca do ma\u0142ych rozmiar\u00f3w \u2013 do pozycji \u201c0\u201d. 3 pary amortyzator\u00f3w z regulowan\u0105 twardo\u015bci\u0105 zawieszenia, kt\u00f3re zwi\u0119kszaj\u0105 komfort jazdy dziecka. Tapicerka budki gondoli i siedziska spacerowego posiada du\u017c\u0105, praktyczn\u0105 wentylacj\u0119 oraz rozk\u0142adany daszek przeciws\u0142oneczny. Niezwykle przestronna i wygodna gondola (d\u0142ugo\u015b\u0107 85 cm) z intuicyjnym i komfortowym systemem podnoszenia zag\u0142\u00f3wka oraz systemem wentylacji na spodzie.<\/span><\/strong><\/p>\n<p style=\"text-align: justify;\"><strong><span style=\"color: #282828;\"><span style=\"color: #e14d43;\">Istniej\u0105 cztery opcje, spo\u015br\u00f3d kt\u00f3rych mo\u017cesz wybiera\u0107<\/span>:\u00a0<\/span><\/strong><\/p>\n<p style=\"text-align: justify;\" align=\"center\"><strong><span style=\"font-family: Arial; color: #282828;\">\u2013 stylowy stela\u017c z gondol\u0105 (zobacz inne aukcje)<\/span><\/strong><\/p>\n<p style=\"text-align: justify;\" align=\"center\"><strong><span style=\"font-family: Arial; color: #282828;\">\u2013 opcja 2w1 zawieraj\u0105ca ram\u0119, gondol\u0119 i w\u00f3zek spacerowy<\/span><\/strong><\/p>\n<p style=\"text-align: justify;\" align=\"center\"><strong><span style=\"font-family: Arial; color: #282828;\">\u2013 opcja 3w1, kt\u00f3ra obejmuje ram\u0119, gondol\u0119, w\u00f3zek spacerowy i fotelik samochodowy<\/span><\/strong><\/p>\n<p style=\"text-align: justify;\" align=\"center\"><strong><span style=\"color: #282828;\"><span style=\"font-family: Arial;\">\u2013\u00a0\u00a0<\/span><span style=\"font-family: Arial;\">Opcja 4 w 1, kt\u00f3ra obejmuje wszystkie powy\u017csze elementy, a tak\u017ce baz\u0119 ISOFIX zapewniaj\u0105c\u0105 stabilno\u015b\u0107 i bezpiecze\u0144stwo dziecka podczas podr\u00f3\u017cy samochodem<\/span><\/span><\/strong><\/p>\n<h3 style=\"text-align: justify;\" align=\"center\"><strong><span style=\"font-family: Arial; color: #282828;\"><span style=\"color: #e14d43;\">Cechy produktu<\/span>:<\/span><\/strong><\/h3>\n<p style=\"text-align: justify;\" align=\"center\"><strong><span style=\"font-family: Arial; color: #282828;\">\u2013 Elegancka, lekka i trwa\u0142a konstrukcja wykonana z aluminium z wysuwanymi \u201cosiami\u201d, dzi\u0119ki czemu mo\u017cna ca\u0142kowicie zdemontowa\u0107 wszystkie ko\u0142a<\/span><\/strong><\/p>\n<p style=\"text-align: justify;\" align=\"center\"><strong><span style=\"font-family: Arial; color: #282828;\">\u2013 Stylowa czarna ramka<\/span><\/strong><\/p>\n<p style=\"text-align: justify;\" align=\"center\"><strong><span style=\"font-family: Arial; color: #282828;\">\u2013 \u0141atwy i praktyczny system sk\u0142adania do ma\u0142ych rozmiar\u00f3w \u2013 do pozycji \u201c0\u201d<\/span><\/strong><\/p>\n<p style=\"text-align: justify;\" align=\"center\"><strong><span style=\"font-family: Arial; color: #282828;\">\u2013 Ko\u0142a piankowe (\u017celowe), kt\u00f3re s\u0105 tak samo mi\u0119kkie jak pompowane (nie da si\u0119 ich przebi\u0107), zapewniaj\u0105c Twojemu dziecku bardzo wysoki komfort jazdy<\/span><\/strong><\/p>\n<p style=\"text-align: justify;\" align=\"center\"><strong><span style=\"font-family: Arial; color: #282828;\">\u2013 Ko\u0142a obrotowe o zakresie 360 stopni<\/span><\/strong><\/p>\n<p style=\"text-align: justify;\" align=\"center\"><strong><span style=\"font-family: Arial; color: #282828;\">\u2013 System antywstrz\u0105sowy<\/span><\/strong><\/p>\n<p style=\"text-align: justify;\" align=\"center\"><strong><span style=\"font-family: Arial; color: #282828;\">\u2013 Regulowana r\u0105czka, kt\u00f3ra umo\u017cliwia dopasowanie jej wysoko\u015bci do wzrostu rodzica<\/span><\/strong><\/p>\n<p style=\"text-align: justify;\" align=\"center\"><strong><span style=\"font-family: Arial; color: #282828;\">\u2013 24 miesi\u0105ce gwarancji<\/span><\/strong><\/p>\n<p style=\"text-align: justify;\" align=\"center\"><strong><span style=\"font-family: Arial; color: #282828;\">\u2013 Tylne okno do wentylacji<\/span><\/strong><\/p>\n<p style=\"text-align: justify;\" align=\"center\"><strong><span style=\"font-family: Arial; color: #282828;\">\u2013 Niezwykle przestronna i wygodna gondola (d\u0142ugo\u015b\u0107 85 cm) z intuicyjnym i komfortowym systemem podnoszenia zag\u0142\u00f3wka, z funkcj\u0105 wentylacji u do\u0142u<\/span><\/strong><\/p>\n<p style=\"text-align: justify;\" align=\"center\"><strong><span style=\"font-family: Arial; color: #282828;\">\u2013 Dodatkowa guma na spodzie gondoli, kt\u00f3ra zapewnia antypo\u015blizgowo\u015b\u0107 i chroni przed zarysowaniami<\/span><\/strong><\/p>\n<p style=\"text-align: justify;\" align=\"center\"><strong><span style=\"font-family: Arial; color: #282828;\">\u2013 5-punktowe pasy bezpiecze\u0144stwa<\/span><\/strong><\/p>\n<p style=\"text-align: justify;\" align=\"center\"><strong><span style=\"font-family: Arial; color: #282828;\">\u2013 System skierowany przodem i ty\u0142em do kierunku jazdy<\/span><\/strong><\/p>\n<h3 style=\"text-align: left;\" align=\"center\"><span style=\"color: #e14d43;\"><b>Cena zawiera:<\/b><\/span><\/h3>\n<p style=\"text-align: justify;\" align=\"center\"><strong><span style=\"font-family: Arial; color: #282828;\">\u2013 Pokrowiec przeciwdeszczowy<\/span><\/strong><\/p>\n<p style=\"text-align: justify;\" align=\"center\"><strong><span style=\"font-family: Arial; color: #282828;\">\u2013 Moskitiera<\/span><\/strong><\/p>\n<p style=\"text-align: justify;\" align=\"center\"><strong><span style=\"font-family: Arial; color: #282828;\">- kubek<\/span><\/strong><\/p>\n<p style=\"text-align: justify;\" align=\"center\"><strong><span style=\"font-family: Arial; color: #282828;\">\u2013 Koszyk zakupowy<\/span><\/strong><\/p>\n<p style=\"text-align: justify;\" align=\"center\"><strong><span style=\"font-family: Arial; color: #282828;\">- Torba<\/span><\/strong><\/p>\n<p style=\"text-align: justify;\" align=\"center\"><strong><span style=\"font-family: Arial; color: #282828;\">\u2013 Os\u0142ona st\u00f3p<\/span><\/strong><\/p>\n<p style=\"text-align: justify;\" align=\"center\"><strong><span style=\"font-family: Arial; color: #282828;\">\u2013 \u015apiworek<\/span><\/strong><\/p>\n<p style=\"text-align: justify;\" align=\"center\"><strong><span style=\"font-family: Arial; color: #282828;\">\u2013 Mufka<\/span><\/strong><\/p>\n<p style=\"text-align: justify;\" align=\"center\"><strong><span style=\"font-family: Arial; color: #282828;\">\u2013 Wyjmowane wn\u0119trze<\/span><\/strong><\/p>\n<p style=\"text-align: justify;\" align=\"center\"><strong><span style=\"font-family: Arial; color: #282828;\">\u2013 Regulowane oparcie<\/span><\/strong><\/p>\n<p style=\"text-align: justify;\" align=\"center\"><strong><span style=\"font-family: Arial; color: #282828;\">\u2013 4 ko\u0142a \u017celowe<\/span><\/strong><\/p>\n<p style=\"text-align: justify;\" align=\"center\"><strong><span style=\"color: #282828;\"><span style=\"font-family: Arial;\">\u2013 Fotelik samochodowy 0-13 kg (opcjonalnie)<\/span>\u00a0<\/span><\/strong><\/p>\n<h3 style=\"text-align: justify;\" align=\"center\"><span style=\"color: #e14d43;\"><strong>BAZA ISOFIX:<\/strong><\/span><\/h3>\n<p style=\"text-align: justify;\" align=\"center\"><strong><span style=\"font-family: Arial; color: #282828;\">\u2022 Kolor: czarny<\/span><\/strong><\/p>\n<p style=\"text-align: justify;\" align=\"center\"><strong><span style=\"font-family: Arial; color: #282828;\">\u2022 Odpowiednie od urodzenia<\/span><\/strong><\/p>\n<p style=\"text-align: justify;\" align=\"center\"><strong><span style=\"font-family: Arial; color: #282828;\">\u2022 Mocowany bezpo\u015brednio do podwozia samochodu za pomoc\u0105 punkt\u00f3w mocowania ISOFIX pojazdu<\/span><\/strong><\/p>\n<p style=\"text-align: justify;\" align=\"center\"><strong><span style=\"font-family: Arial; color: #282828;\">\u2022 Mo\u017cna go r\u00f3wnie\u017c zabezpieczy\u0107 za pomoc\u0105 pasa bezpiecze\u0144stwa pojazdu<\/span><\/strong><\/p>\n<p style=\"text-align: justify;\" align=\"center\"><strong><span style=\"font-family: Arial; color: #282828;\">\u2022 \u0141atwy w monta\u017cu<\/span><\/strong><\/p>\n<p style=\"text-align: justify;\" align=\"center\"><strong><span style=\"font-family: Arial; color: #282828;\">\u2022 Bezpieczne i pewne<\/span><\/strong><\/p>\n<p style=\"text-align: justify;\" align=\"center\"><strong><span style=\"font-family: Arial; color: #282828;\">\u2022 Minimalizuje zamieszanie<\/span><\/strong><\/p>\n<p style=\"text-align: justify;\" align=\"center\"><strong><span style=\"font-family: Arial; color: #282828;\">\u2022 Zmniejsza prawdopodobie\u0144stwo obudzenia dziecka podczas przenoszenia z samochodu do domu<\/span><\/strong><\/p>\n<p style=\"text-align: justify;\" align=\"center\"><strong><span style=\"font-family: Arial; color: #282828;\">\u2022 Noga podporowa zapewnia doskona\u0142\u0105 stabilno\u015b\u0107 i bezpiecze\u0144stwo, a tak\u017ce \u0142atw\u0105 regulacj\u0119 w celu uzyskania najlepszego dopasowania<\/span><\/strong><\/p>\n<p style=\"text-align: justify;\" align=\"center\"><strong><span style=\"font-family: Arial; color: #282828;\">\u2022 Wska\u017aniki kolorowe potwierdzaj\u0105 poprawno\u015b\u0107 monta\u017cu bazy w poje\u017adzie<\/span><\/strong><\/p>\n<h3 style=\"text-align: justify;\" align=\"center\"><span style=\"color: #e14d43;\"><strong><span style=\"font-size: 120%;\"><span style=\"font-family: Arial;\">WYMIARY<span style=\"color: #000000;\">:<\/span><\/span><\/span><\/strong><\/span><\/h3>\n<h4 style=\"text-align: justify;\" align=\"center\"><strong><span style=\"font-family: Arial; color: #282828;\"><span style=\"color: #e14d43;\">Gondola<span style=\"color: #000000;\">:<\/span><\/span><br \/>\n\u2022 waga \u2013 3,5 kg<br \/>\n\u2022 waga ca\u0142kowita w\u00f3zka \u2013 15 kg<br \/>\n\u2022 rama z gondol\u0105: wys. 125,5 cm x szer. 60 cm x d\u0142. 98 cm<\/span><\/strong><\/h4>\n<p><strong><span style=\"color: #282828;\"><span style=\"color: #e14d43;\">W\u00f3zek dzieci\u0119cy<\/span>:<\/span><\/strong><br \/>\n<strong><span style=\"color: #282828;\">\u2022 waga \u2013 5,5 kg<\/span><\/strong><br \/>\n<strong><span style=\"color: #282828;\">\u2022 Siedzisko: szer. 36 cm x d\u0142. 84 cm<\/span><\/strong><\/p>\n<p><span style=\"color: #e14d43;\"><strong>Fotelik samochodowy<span style=\"color: #000000;\">:<\/span><\/strong><\/span><br \/>\n<strong><span style=\"color: #282828;\">\u2022 Waga: 3,3 kg<\/span><\/strong><br \/>\n<strong><span style=\"color: #282828;\">\u2022 dla dzieci o wadze 0-13 kg<\/span><\/strong><\/p>\n<p><span style=\"color: #e14d43;\"><strong>Rama<span style=\"color: #000000;\">:<\/span><\/strong><\/span><br \/>\n<strong><span style=\"color: #282828;\">\u2022 waga \u2013 6 kg<\/span><\/strong><br \/>\n<strong><span style=\"color: #282828;\">\u2022 otwarte 98 x 60 x 125,5 cm<\/span><\/strong><br \/>\n<strong><span style=\"color: #282828;\">\u2022 zamkni\u0119te 82,5 x 40,5 cm<\/span><\/strong><\/p>\n<p><a href=\"http:\/\/forbabyboss.com\/wp-content\/uploads\/2022\/09\/checkout.png\"><img loading=\"lazy\" decoding=\"async\" class=\"alignnone size-full wp-image-5965\" src=\"http:\/\/forbabyboss.com\/wp-content\/uploads\/2022\/09\/checkout.png\" alt=\"\" width=\"750\" height=\"276\" srcset=\"https:\/\/forbabyboss.com\/wp-content\/uploads\/2022\/09\/checkout.png 750w, https:\/\/forbabyboss.com\/wp-content\/uploads\/2022\/09\/checkout-600x221.png 600w\" sizes=\"auto, (max-width: 750px) 100vw, 750px\" \/><\/a><\/p>","protected":false},"excerpt":{"rendered":"<p><a href=\"http:\/\/forbabyboss.com\/wp-content\/uploads\/2022\/09\/Star-Rating-5.png\"><img loading=\"lazy\" decoding=\"async\" class=\"alignnone wp-image-5973 aligncenter\" src=\"http:\/\/forbabyboss.com\/wp-content\/uploads\/2022\/09\/Star-Rating-5.png\" alt=\"\" width=\"299\" height=\"49\" \/><\/a><\/p>\n<p style=\"text-align: center;\"><span style=\"color: #e14d43; font-size: 115%;\"><strong>GWARANCJA DOPASOWANIA CENY<\/strong><\/span><\/p>\n<p style=\"text-align: center;\"><span style=\"font-size: 115%;\"><span style=\"color: #003366;\">Darmowa dostawa\u00a0<\/span>\u2013 2 \u2013 7 dni<\/span><\/p>\n<p style=\"text-align: center;\"><span style=\"color: #008000; font-size: 115%;\"><strong>Darmowy prezent przy zakupach powy\u017cej 100 GBP<\/strong><\/span><\/p>","protected":false},"featured_media":4266,"template":"","meta":[],"product_brand":[577],"product_cat":[340,156,197,305,244,130,209,211],"product_tag":[163,200,199],"class_list":{"0":"post-4263","1":"product","2":"type-product","3":"status-publish","4":"has-post-thumbnail","6":"product_brand-kunert","7":"product_cat-800-to-900","8":"product_cat-3-in-1","9":"product_cat-4-in-1-pram","10":"product_cat-colour","11":"product_cat-green","12":"product_cat-prams","13":"product_cat-push-chairs","14":"product_cat-stroller","15":"product_tag-3-in-1-prams","16":"product_tag-4-in-1-pram","17":"product_tag-prams","19":"first","20":"instock","21":"sale","22":"shipping-taxable","23":"purchasable","24":"product-type-simple"},"yoast_head":"<!-- This site is optimized with the Yoast SEO plugin v27.5 - https:\/\/yoast.com\/product\/yoast-seo-wordpress\/ -->\n<title>Pushchair Baby Pram Premium Travel System 4in1 Car Seat - 07 - For Baby Boss<\/title>\n<meta name=\"description\" content=\"Pushchair Baby Pram Premium Travel System 4in1 Car Seat - 07\" \/>\n<meta name=\"robots\" content=\"index, follow, max-snippet:-1, max-image-preview:large, max-video-preview:-1\" \/>\n<link rel=\"canonical\" href=\"https:\/\/forbabyboss.com\/pl\/product\/wozek-dzieciecy-wozek-dzieciecy-system-podrozny-premium-4w1-fotelik-samochodowy-07\/\" \/>\n<meta property=\"og:locale\" content=\"pl_PL\" \/>\n<meta property=\"og:type\" content=\"article\" \/>\n<meta property=\"og:title\" content=\"Pushchair Baby Pram Premium Travel System 4in1 Car Seat - 07 - For Baby Boss\" \/>\n<meta property=\"og:description\" content=\"Pushchair Baby Pram Premium Travel System 4in1 Car Seat - 07\" \/>\n<meta property=\"og:url\" content=\"https:\/\/forbabyboss.com\/pl\/product\/wozek-dzieciecy-wozek-dzieciecy-system-podrozny-premium-4w1-fotelik-samochodowy-07\/\" \/>\n<meta property=\"og:site_name\" content=\"For Baby Boss\" \/>\n<meta property=\"article:modified_time\" content=\"2026-02-21T15:35:45+00:00\" \/>\n<meta property=\"og:image\" content=\"https:\/\/forbabyboss.com\/wp-content\/uploads\/2022\/09\/Baby-Pram-Pushchair-Paradise-Euforia-Premium-Travel-System-4in1-Car-Seat-07_MAIN.jpg\" \/>\n\t<meta property=\"og:image:width\" content=\"1020\" \/>\n\t<meta property=\"og:image:height\" content=\"1132\" \/>\n\t<meta property=\"og:image:type\" content=\"image\/jpeg\" \/>\n<meta name=\"twitter:card\" content=\"summary_large_image\" \/>\n<meta name=\"twitter:label1\" content=\"Szacowany czas czytania\" \/>\n\t<meta name=\"twitter:data1\" content=\"3 minuty\" \/>\n<script type=\"application\/ld+json\" class=\"yoast-schema-graph\">{\"@context\":\"https:\\\/\\\/schema.org\",\"@graph\":[{\"@type\":\"WebPage\",\"@id\":\"https:\\\/\\\/forbabyboss.com\\\/product\\\/pushchair-baby-pram-premium-travel-system-4in1-car-seat-07\\\/\",\"url\":\"https:\\\/\\\/forbabyboss.com\\\/product\\\/pushchair-baby-pram-premium-travel-system-4in1-car-seat-07\\\/\",\"name\":\"Pushchair Baby Pram Premium Travel System 4in1 Car Seat - 07 - For Baby Boss\",\"isPartOf\":{\"@id\":\"https:\\\/\\\/powderblue-seahorse-496884.hostingersite.com\\\/#website\"},\"primaryImageOfPage\":{\"@id\":\"https:\\\/\\\/forbabyboss.com\\\/product\\\/pushchair-baby-pram-premium-travel-system-4in1-car-seat-07\\\/#primaryimage\"},\"image\":{\"@id\":\"https:\\\/\\\/forbabyboss.com\\\/product\\\/pushchair-baby-pram-premium-travel-system-4in1-car-seat-07\\\/#primaryimage\"},\"thumbnailUrl\":\"https:\\\/\\\/forbabyboss.com\\\/wp-content\\\/uploads\\\/2022\\\/09\\\/Baby-Pram-Pushchair-Paradise-Euforia-Premium-Travel-System-4in1-Car-Seat-07_MAIN.jpg\",\"datePublished\":\"2022-09-08T09:35:19+00:00\",\"dateModified\":\"2026-02-21T15:35:45+00:00\",\"description\":\"Pushchair Baby Pram Premium Travel System 4in1 Car Seat - 07\",\"breadcrumb\":{\"@id\":\"https:\\\/\\\/forbabyboss.com\\\/product\\\/pushchair-baby-pram-premium-travel-system-4in1-car-seat-07\\\/#breadcrumb\"},\"inLanguage\":\"pl-PL\",\"potentialAction\":[{\"@type\":\"ReadAction\",\"target\":[\"https:\\\/\\\/forbabyboss.com\\\/product\\\/pushchair-baby-pram-premium-travel-system-4in1-car-seat-07\\\/\"]}]},{\"@type\":\"ImageObject\",\"inLanguage\":\"pl-PL\",\"@id\":\"https:\\\/\\\/forbabyboss.com\\\/product\\\/pushchair-baby-pram-premium-travel-system-4in1-car-seat-07\\\/#primaryimage\",\"url\":\"https:\\\/\\\/forbabyboss.com\\\/wp-content\\\/uploads\\\/2022\\\/09\\\/Baby-Pram-Pushchair-Paradise-Euforia-Premium-Travel-System-4in1-Car-Seat-07_MAIN.jpg\",\"contentUrl\":\"https:\\\/\\\/forbabyboss.com\\\/wp-content\\\/uploads\\\/2022\\\/09\\\/Baby-Pram-Pushchair-Paradise-Euforia-Premium-Travel-System-4in1-Car-Seat-07_MAIN.jpg\",\"width\":1020,\"height\":1132},{\"@type\":\"BreadcrumbList\",\"@id\":\"https:\\\/\\\/forbabyboss.com\\\/product\\\/pushchair-baby-pram-premium-travel-system-4in1-car-seat-07\\\/#breadcrumb\",\"itemListElement\":[{\"@type\":\"ListItem\",\"position\":1,\"name\":\"Home\",\"item\":\"https:\\\/\\\/forbabyboss.com\\\/\"},{\"@type\":\"ListItem\",\"position\":2,\"name\":\"Shop\",\"item\":\"https:\\\/\\\/forbabyboss.com\\\/shop\\\/\"},{\"@type\":\"ListItem\",\"position\":3,\"name\":\"Pushchair Baby Pram Premium Travel System 4in1 Car Seat &#8211; 07\"}]},{\"@type\":\"WebSite\",\"@id\":\"https:\\\/\\\/powderblue-seahorse-496884.hostingersite.com\\\/#website\",\"url\":\"https:\\\/\\\/powderblue-seahorse-496884.hostingersite.com\\\/\",\"name\":\"For Baby Boss\",\"description\":\"Beautiful gifts and accessories for your baby boss\",\"potentialAction\":[{\"@type\":\"SearchAction\",\"target\":{\"@type\":\"EntryPoint\",\"urlTemplate\":\"https:\\\/\\\/powderblue-seahorse-496884.hostingersite.com\\\/?s={search_term_string}\"},\"query-input\":{\"@type\":\"PropertyValueSpecification\",\"valueRequired\":true,\"valueName\":\"search_term_string\"}}],\"inLanguage\":\"pl-PL\"}]}<\/script>\n<!-- \/ Yoast SEO plugin. -->","yoast_head_json":{"title":"W\u00f3zek dzieci\u0119cy Premium Travel System 4w1 Fotelik samochodowy - 07 - Dla Baby Boss","description":"W\u00f3zek dzieci\u0119cy Premium Travel System 4w1 Fotelik samochodowy - 07","robots":{"index":"index","follow":"follow","max-snippet":"max-snippet:-1","max-image-preview":"max-image-preview:large","max-video-preview":"max-video-preview:-1"},"canonical":"https:\/\/forbabyboss.com\/pl\/product\/wozek-dzieciecy-wozek-dzieciecy-system-podrozny-premium-4w1-fotelik-samochodowy-07\/","og_locale":"pl_PL","og_type":"article","og_title":"Pushchair Baby Pram Premium Travel System 4in1 Car Seat - 07 - For Baby Boss","og_description":"Pushchair Baby Pram Premium Travel System 4in1 Car Seat - 07","og_url":"https:\/\/forbabyboss.com\/pl\/product\/wozek-dzieciecy-wozek-dzieciecy-system-podrozny-premium-4w1-fotelik-samochodowy-07\/","og_site_name":"For Baby Boss","article_modified_time":"2026-02-21T15:35:45+00:00","og_image":[{"width":1020,"height":1132,"url":"https:\/\/forbabyboss.com\/wp-content\/uploads\/2022\/09\/Baby-Pram-Pushchair-Paradise-Euforia-Premium-Travel-System-4in1-Car-Seat-07_MAIN.jpg","type":"image\/jpeg"}],"twitter_card":"summary_large_image","twitter_misc":{"Szacowany czas czytania":"3 minuty"},"schema":{"@context":"https:\/\/schema.org","@graph":[{"@type":"WebPage","@id":"https:\/\/forbabyboss.com\/product\/pushchair-baby-pram-premium-travel-system-4in1-car-seat-07\/","url":"https:\/\/forbabyboss.com\/product\/pushchair-baby-pram-premium-travel-system-4in1-car-seat-07\/","name":"W\u00f3zek dzieci\u0119cy Premium Travel System 4w1 Fotelik samochodowy - 07 - Dla Baby Boss","isPartOf":{"@id":"https:\/\/powderblue-seahorse-496884.hostingersite.com\/#website"},"primaryImageOfPage":{"@id":"https:\/\/forbabyboss.com\/product\/pushchair-baby-pram-premium-travel-system-4in1-car-seat-07\/#primaryimage"},"image":{"@id":"https:\/\/forbabyboss.com\/product\/pushchair-baby-pram-premium-travel-system-4in1-car-seat-07\/#primaryimage"},"thumbnailUrl":"https:\/\/forbabyboss.com\/wp-content\/uploads\/2022\/09\/Baby-Pram-Pushchair-Paradise-Euforia-Premium-Travel-System-4in1-Car-Seat-07_MAIN.jpg","datePublished":"2022-09-08T09:35:19+00:00","dateModified":"2026-02-21T15:35:45+00:00","description":"W\u00f3zek dzieci\u0119cy Premium Travel System 4w1 Fotelik samochodowy - 07","breadcrumb":{"@id":"https:\/\/forbabyboss.com\/product\/pushchair-baby-pram-premium-travel-system-4in1-car-seat-07\/#breadcrumb"},"inLanguage":"pl-PL","potentialAction":[{"@type":"ReadAction","target":["https:\/\/forbabyboss.com\/product\/pushchair-baby-pram-premium-travel-system-4in1-car-seat-07\/"]}]},{"@type":"ImageObject","inLanguage":"pl-PL","@id":"https:\/\/forbabyboss.com\/product\/pushchair-baby-pram-premium-travel-system-4in1-car-seat-07\/#primaryimage","url":"https:\/\/forbabyboss.com\/wp-content\/uploads\/2022\/09\/Baby-Pram-Pushchair-Paradise-Euforia-Premium-Travel-System-4in1-Car-Seat-07_MAIN.jpg","contentUrl":"https:\/\/forbabyboss.com\/wp-content\/uploads\/2022\/09\/Baby-Pram-Pushchair-Paradise-Euforia-Premium-Travel-System-4in1-Car-Seat-07_MAIN.jpg","width":1020,"height":1132},{"@type":"BreadcrumbList","@id":"https:\/\/forbabyboss.com\/product\/pushchair-baby-pram-premium-travel-system-4in1-car-seat-07\/#breadcrumb","itemListElement":[{"@type":"ListItem","position":1,"name":"Home","item":"https:\/\/forbabyboss.com\/"},{"@type":"ListItem","position":2,"name":"Shop","item":"https:\/\/forbabyboss.com\/shop\/"},{"@type":"ListItem","position":3,"name":"Pushchair Baby Pram Premium Travel System 4in1 Car Seat &#8211; 07"}]},{"@type":"WebSite","@id":"https:\/\/powderblue-seahorse-496884.hostingersite.com\/#website","url":"https:\/\/powderblue-seahorse-496884.hostingersite.com\/","name":"Dla Baby Boss","description":"Pi\u0119kne prezenty i akcesoria dla ma\u0142ego szefa","potentialAction":[{"@type":"SearchAction","target":{"@type":"EntryPoint","urlTemplate":"https:\/\/powderblue-seahorse-496884.hostingersite.com\/?s={search_term_string}"},"query-input":{"@type":"PropertyValueSpecification","valueRequired":true,"valueName":"search_term_string"}}],"inLanguage":"pl-PL"}]}},"_links":{"self":[{"href":"https:\/\/forbabyboss.com\/pl\/wp-json\/wp\/v2\/product\/4263","targetHints":{"allow":["GET"]}}],"collection":[{"href":"https:\/\/forbabyboss.com\/pl\/wp-json\/wp\/v2\/product"}],"about":[{"href":"https:\/\/forbabyboss.com\/pl\/wp-json\/wp\/v2\/types\/product"}],"wp:featuredmedia":[{"embeddable":true,"href":"https:\/\/forbabyboss.com\/pl\/wp-json\/wp\/v2\/media\/4266"}],"wp:attachment":[{"href":"https:\/\/forbabyboss.com\/pl\/wp-json\/wp\/v2\/media?parent=4263"}],"wp:term":[{"taxonomy":"product_brand","embeddable":true,"href":"https:\/\/forbabyboss.com\/pl\/wp-json\/wp\/v2\/product_brand?post=4263"},{"taxonomy":"product_cat","embeddable":true,"href":"https:\/\/forbabyboss.com\/pl\/wp-json\/wp\/v2\/product_cat?post=4263"},{"taxonomy":"product_tag","embeddable":true,"href":"https:\/\/forbabyboss.com\/pl\/wp-json\/wp\/v2\/product_tag?post=4263"}],"curies":[{"name":"wp","href":"https:\/\/api.w.org\/{rel}","templated":true}]}}