{"id":4307,"date":"2022-09-08T10:23:08","date_gmt":"2022-09-08T10:23:08","guid":{"rendered":"http:\/\/forbabyboss.com\/?post_type=product&#038;p=4307"},"modified":"2026-02-21T15:47:58","modified_gmt":"2026-02-21T15:47:58","slug":"wozek-spacerowy-ze-skory-ekologicznej-system-podrozny-fotelik-samochodowy-4-w-1-iso-fx-16","status":"publish","type":"product","link":"https:\/\/forbabyboss.com\/pl\/product\/eco-leather-pram-stroller-travel-system-4-in1-car-seat-iso-fx-16\/","title":{"rendered":"W\u00f3zek spacerowy ze sk\u00f3ry ekologicznej, system podr\u00f3\u017cny 4 w 1, fotelik samochodowy ISO \u2013 FX 16"},"content":{"rendered":"<p style=\"text-align: justify;\" align=\"center\"><strong><span style=\"font-size: medium; color: #000000;\">Wykonany w Europie z materia\u0142\u00f3w najwy\u017cszej jako\u015bci, z lekk\u0105 aluminiow\u0105 ram\u0105, zaprojektowany w nowoczesnym stylu.<br \/>\n<\/span><\/strong><\/p>\n<p style=\"text-align: justify;\" align=\"center\"><strong><span style=\"font-family: Arial; color: #000000;\">FX to wielofunkcyjny system podr\u00f3\u017cny dla dzieci 2w1 \/ 3w1 \/ 4w1. To doskona\u0142e po\u0142\u0105czenie minimalizmu i uniwersalnej funkcjonalno\u015bci w XXI wieku.<\/span><\/strong><\/p>\n<p style=\"text-align: justify;\" align=\"center\"><strong><span style=\"font-family: Arial; color: #000000;\">Ten system podr\u00f3\u017cny prezentuje si\u0119 niezwykle stylowo, a jego ma\u0142e, ale stabilne ko\u0142a w pe\u0142ni odpowiadaj\u0105 najnowszym trendom europejskiego wzornictwa. Zosta\u0142 zaprojektowany z my\u015bl\u0105 o rodzicach poszukuj\u0105cych produktu, kt\u00f3ry pos\u0142u\u017cy im przez d\u0142ugi czas. Lekka aluminiowa rama z regulowanym amortyzatorem sprawia, \u017ce prowadzenie jest niezwykle \u0142atwe.<\/span><\/strong><\/p>\n<h3 style=\"text-align: justify;\" align=\"center\"><strong><span style=\"color: #000000; font-size: 115%;\"><span style=\"font-family: Arial;\"><span style=\"color: #e14d43;\">Zestaw zawiera<\/span>:\u00a0<\/span><\/span><\/strong><\/h3>\n<p style=\"text-align: justify;\" align=\"center\"><strong><span style=\"color: #000000; font-family: Arial;\">Mufki, pokrowce na nogi, uchwyty na kubki i wiele innych. Zajrzyj!<\/span><\/strong><\/p>\n<p style=\"text-align: justify;\" align=\"center\"><strong><span style=\"font-family: Arial; color: #000000;\">Istniej\u0105 opcje, spo\u015br\u00f3d kt\u00f3rych mo\u017cesz wybiera\u0107:\u00a0<\/span><\/strong><\/p>\n<p style=\"text-align: justify;\" align=\"center\"><strong><span style=\"font-family: Arial; color: #000000;\">\u2013 opcja 2w1, kt\u00f3ra obejmuje ram\u0119, gondol\u0119 i w\u00f3zek spacerowy (zobacz nasze inne oferty)<\/span><\/strong><\/p>\n<p style=\"text-align: justify;\" align=\"center\"><strong><span style=\"font-family: Arial; color: #000000;\">\u2013 opcja 3w1, kt\u00f3ra obejmuje ram\u0119, gondol\u0119, w\u00f3zek spacerowy i fotelik samochodowy (zobacz nasze inne oferty)<\/span><\/strong><\/p>\n<p style=\"text-align: justify;\" align=\"center\"><strong><span style=\"color: #000000;\"><span style=\"font-family: Arial;\">\u2013\u00a0 \u00a0<\/span><span style=\"font-family: Arial;\">Opcja 4 w 1, kt\u00f3ra obejmuje wszystkie powy\u017csze elementy, a tak\u017ce baz\u0119 ISOFIX zapewniaj\u0105c\u0105 stabilno\u015b\u0107 i bezpiecze\u0144stwo dziecka podczas podr\u00f3\u017cy samochodem<\/span><\/span><\/strong><\/p>\n<h3 style=\"text-align: justify;\" align=\"center\"><strong><span style=\"font-family: Arial; color: #000000;\"><span style=\"color: #e14d43;\">Cechy produktu<\/span>:<\/span><\/strong><\/h3>\n<p style=\"text-align: justify;\" align=\"center\"><strong><span style=\"font-family: Arial; color: #000000;\">\u2013 Elegancka, lekka i trwa\u0142a konstrukcja wykonana z aluminium<\/span><\/strong><\/p>\n<p style=\"text-align: justify;\" align=\"center\"><strong><span style=\"font-family: Arial; color: #000000;\">\u2013 Stylowa rama<\/span><\/strong><\/p>\n<p style=\"text-align: justify;\" align=\"center\"><strong><span style=\"font-family: Arial; color: #000000;\">\u2013 \u0141atwy i praktyczny system sk\u0142adania \u2013 do pozycji \u201c0\u201d<\/span><\/strong><\/p>\n<p style=\"text-align: justify;\" align=\"center\"><strong><span style=\"font-family: Arial; color: #000000;\">\u2013 Regulowane oparcie<\/span><\/strong><\/p>\n<p style=\"text-align: justify;\" align=\"center\"><strong><span style=\"font-family: Arial; color: #000000;\">\u2013 Ko\u0142a piankowe (\u017celowe), kt\u00f3re s\u0105 tak samo mi\u0119kkie jak te wype\u0142nione powietrzem (ale nie mo\u017cna ich przebi\u0107), zapewniaj\u0105c Twojemu dziecku bardzo wysoki komfort jazdy<\/span><\/strong><\/p>\n<p style=\"text-align: justify;\" align=\"center\"><strong><span style=\"font-family: Arial; color: #000000;\">\u2013 Ko\u0142a obrotowe o zakresie 360 stopni<\/span><\/strong><\/p>\n<p style=\"text-align: justify;\" align=\"center\"><strong><span style=\"font-family: Arial; color: #000000;\">\u2013 System antywstrz\u0105sowy<\/span><\/strong><\/p>\n<p style=\"text-align: justify;\" align=\"center\"><strong><span style=\"font-family: Arial; color: #000000;\">\u2013 Regulowana r\u0105czka, dzi\u0119ki kt\u00f3rej mo\u017cna dopasowa\u0107 jej wysoko\u015b\u0107 do wzrostu rodzica<\/span><\/strong><\/p>\n<h3 style=\"text-align: justify;\" align=\"center\"><strong><span style=\"font-size: large; color: #000000;\"><span style=\"color: #e14d43;\">Cena wliczona<\/span>:<\/span><\/strong><\/h3>\n<p style=\"text-align: justify;\" align=\"center\"><strong><span style=\"font-family: Arial; color: #000000;\">- Aluminiowa rama<\/span><\/strong><\/p>\n<p style=\"text-align: justify;\" align=\"center\"><strong><span style=\"font-family: Arial; color: #000000;\">\u2013 4 ko\u0142a piankowe\/\u017celowe<\/span><\/strong><\/p>\n<p style=\"text-align: justify;\" align=\"center\"><strong><span style=\"font-family: Arial; color: #000000;\">\u2013 Gondola<\/span><\/strong><\/p>\n<p style=\"text-align: justify;\" align=\"center\"><strong><span style=\"font-family: Arial; color: #000000;\">\u2013 W\u00f3zek dzieci\u0119cy<\/span><\/strong><\/p>\n<p style=\"text-align: justify;\" align=\"center\"><strong><span style=\"font-family: Arial; color: #000000;\">\u2013 Pokrowiec przeciwdeszczowy<\/span><\/strong><\/p>\n<p style=\"text-align: justify;\" align=\"center\"><strong><span style=\"font-family: Arial; color: #000000;\">\u2013 Moskitiera<\/span><\/strong><\/p>\n<p style=\"text-align: justify;\" align=\"center\"><strong><span style=\"font-family: Arial; color: #000000;\">- Torba<\/span><\/strong><\/p>\n<p style=\"text-align: justify;\" align=\"center\"><strong><span style=\"font-family: Arial; color: #000000;\">\u2013 Koszyk zakupowy<\/span><\/strong><\/p>\n<p style=\"text-align: justify;\" align=\"center\"><strong><span style=\"font-family: Arial; color: #000000;\">\u2013 \u015apiworek<\/span><\/strong><\/p>\n<p style=\"text-align: justify;\" align=\"center\"><strong><span style=\"font-family: Arial; color: #000000;\">\u2013 Mufka<\/span><\/strong><\/p>\n<p style=\"text-align: justify;\" align=\"center\"><strong><span style=\"font-family: Arial; color: #000000;\">- Kubek<\/span><\/strong><\/p>\n<p style=\"text-align: justify;\" align=\"center\"><strong><span style=\"font-family: Arial; color: #000000;\">\u2013 24 miesi\u0105ce gwarancji<\/span><\/strong><\/p>\n<p style=\"text-align: justify;\" align=\"center\"><strong><span style=\"font-family: Arial; color: #000000;\">\u2013 *Fotelik samochodowy KITE (opcjonalnie)<\/span><\/strong><\/p>\n<p style=\"text-align: justify;\" align=\"center\"><strong><span style=\"font-family: Arial; color: #000000;\">\u2013 *Baza ISOFIX (opcjonalna)<\/span><\/strong><\/p>\n<h3 style=\"text-align: justify;\" align=\"center\"><strong><span style=\"font-family: Arial; font-size: large; color: #000000;\"><span style=\"color: #e14d43;\">Fotelik samochodowy KITE<\/span>*<\/span><\/strong><\/h3>\n<p style=\"text-align: justify;\" align=\"center\"><strong><span style=\"font-family: Arial; color: #000000;\">Grupa 0-13 kg<\/span><\/strong><\/p>\n<p style=\"text-align: justify;\" align=\"center\"><strong><span style=\"font-family: Arial; color: #000000;\">Europejska homologacja ECE R44 \/ 04<\/span><\/strong><\/p>\n<p style=\"text-align: justify;\" align=\"center\"><strong><span style=\"font-family: Arial; color: #000000;\">Montowany na ramie w\u00f3zka za pomoc\u0105 adapter\u00f3w<\/span><\/strong><\/p>\n<p style=\"text-align: justify;\" align=\"center\"><strong><span style=\"font-family: Arial; color: #000000;\">3-punktowe pasy bezpiecze\u0144stwa<\/span><\/strong><\/p>\n<p style=\"text-align: justify;\" align=\"center\"><strong><span style=\"font-family: Arial; color: #000000;\">Dodatkowa podk\u0142adka dla noworodka<\/span><\/strong><\/p>\n<p style=\"text-align: justify;\" align=\"center\"><strong><span style=\"font-family: Arial; color: #000000;\">Os\u0142ona st\u00f3p<\/span><\/strong><\/p>\n<p style=\"text-align: justify;\" align=\"center\"><strong><span style=\"font-family: Arial; color: #000000;\">Regulowany uchwyt do noszenia<\/span><\/strong><\/p>\n<p style=\"text-align: justify;\" align=\"center\"><strong><span style=\"font-family: Arial; color: #000000;\">Zdejmowany pokrowiec na mask\u0119<\/span><\/strong><\/p>\n<p style=\"text-align: justify;\" align=\"center\"><strong><span style=\"font-family: Arial; color: #000000;\">Regulowane na wysoko\u015b\u0107 pasy bezpiecze\u0144stwa<\/span><\/strong><\/p>\n<p style=\"text-align: justify;\" align=\"center\"><strong><span style=\"font-family: Arial; color: #000000;\">Tryb skierowany do przodu lub do ty\u0142u<\/span><\/strong><\/p>\n<h3 style=\"font-weight: 400;\"><strong><span style=\"color: #000000;\"><span style=\"font-size: 115%;\"><span style=\"color: #e14d43;\">WYMIARY<\/span>:<\/span><\/span><\/strong><\/h3>\n<h4 style=\"font-weight: 400;\"><strong><span style=\"font-size: 115%; color: #e14d43;\">Gondola<\/span><\/strong><\/h4>\n<p style=\"font-weight: 400;\"><strong><span style=\"color: #000000;\">d\u0142ugo\u015b\u0107 84 cm<\/span><\/strong><\/p>\n<p style=\"font-weight: 400;\"><strong><span style=\"color: #000000;\">wysoko\u015b\u0107 58 cm<\/span><\/strong><\/p>\n<p style=\"font-weight: 400;\"><strong><span style=\"color: #000000;\">szeroko\u015b\u0107 36 cm<\/span><\/strong><\/p>\n<h4 style=\"font-weight: 400;\"><strong><span style=\"font-size: 115%; color: #e14d43;\">Fotelik samochodowy<\/span><\/strong><\/h4>\n<ul>\n<li style=\"font-weight: 400;\"><strong><span style=\"color: #000000;\">Waga: 3,3 kg<\/span><\/strong><\/li>\n<li style=\"font-weight: 400;\"><strong><span style=\"color: #000000;\">dla dzieci o wadze 0-13 kg<\/span><\/strong><\/li>\n<\/ul>\n<h4 style=\"font-weight: 400;\"><strong><span style=\"font-size: 115%; color: #e14d43;\">Rama<\/span><\/strong><\/h4>\n<ul>\n<li style=\"font-weight: 400;\"><strong><span style=\"color: #000000;\">waga \u2013 6 kg<\/span><\/strong><\/li>\n<li style=\"font-weight: 400;\"><strong><span style=\"color: #000000;\">otwarte 98 x 60 x 125,5 cm<\/span><\/strong><\/li>\n<li style=\"font-weight: 400;\"><strong><span style=\"color: #000000;\">zamkni\u0119ty 82,5 x 40,5 cm<\/span><\/strong><\/li>\n<\/ul>\n<p align=\"center\"><a href=\"http:\/\/forbabyboss.com\/wp-content\/uploads\/2022\/09\/checkout.png\"><img loading=\"lazy\" decoding=\"async\" class=\"size-full wp-image-5965 alignleft\" src=\"http:\/\/forbabyboss.com\/wp-content\/uploads\/2022\/09\/checkout.png\" alt=\"\" width=\"750\" height=\"276\" srcset=\"https:\/\/forbabyboss.com\/wp-content\/uploads\/2022\/09\/checkout.png 750w, https:\/\/forbabyboss.com\/wp-content\/uploads\/2022\/09\/checkout-600x221.png 600w\" sizes=\"auto, (max-width: 750px) 100vw, 750px\" \/><\/a><\/p>","protected":false},"excerpt":{"rendered":"<p><a href=\"http:\/\/forbabyboss.com\/wp-content\/uploads\/2022\/09\/Star-Rating-5.png\"><img loading=\"lazy\" decoding=\"async\" class=\"alignnone wp-image-5973 aligncenter\" src=\"http:\/\/forbabyboss.com\/wp-content\/uploads\/2022\/09\/Star-Rating-5.png\" alt=\"\" width=\"299\" height=\"49\" \/><\/a><\/p>\n<p style=\"text-align: center;\"><span style=\"color: #e14d43; font-size: 115%;\"><strong>GWARANCJA DOPASOWANIA CENY<\/strong><\/span><\/p>\n<p style=\"text-align: center;\"><span style=\"font-size: 115%;\"><span style=\"color: #003366;\">Darmowa dostawa\u00a0<\/span>\u2013 2 \u2013 7 dni<\/span><\/p>\n<p style=\"text-align: center;\"><span style=\"color: #008000; font-size: 115%;\"><strong>Darmowy prezent przy zakupach powy\u017cej 100 GBP<\/strong><\/span><\/p>","protected":false},"featured_media":4308,"template":"","meta":[],"product_brand":[582],"product_cat":[340,157,156,197,305,130,209,221,211],"product_tag":[163,200,171],"class_list":{"0":"post-4307","1":"product","2":"type-product","3":"status-publish","4":"has-post-thumbnail","6":"product_brand-paradise-b","7":"product_cat-800-to-900","8":"product_cat-2-in-1","9":"product_cat-3-in-1","10":"product_cat-4-in-1-pram","11":"product_cat-colour","12":"product_cat-prams","13":"product_cat-push-chairs","14":"product_cat-silver-colour","15":"product_cat-stroller","16":"product_tag-3-in-1-prams","17":"product_tag-4-in-1-pram","18":"product_tag-pram","20":"first","21":"instock","22":"sale","23":"shipping-taxable","24":"purchasable","25":"product-type-simple"},"yoast_head":"<!-- This site is optimized with the Yoast SEO plugin v27.5 - https:\/\/yoast.com\/product\/yoast-seo-wordpress\/ -->\n<title>Eco-Leather Pram Stroller Travel system 4 in1 Car Seat ISO - FX 16 - For Baby Boss<\/title>\n<meta name=\"description\" content=\"Eco-Leather Pram Stroller Travel system 4 in1 Car Seat ISO - FX 16\" \/>\n<meta name=\"robots\" content=\"index, follow, max-snippet:-1, max-image-preview:large, max-video-preview:-1\" \/>\n<link rel=\"canonical\" href=\"https:\/\/forbabyboss.com\/pl\/product\/wozek-spacerowy-ze-skory-ekologicznej-system-podrozny-fotelik-samochodowy-4-w-1-iso-fx-16\/\" \/>\n<meta property=\"og:locale\" content=\"pl_PL\" \/>\n<meta property=\"og:type\" content=\"article\" \/>\n<meta property=\"og:title\" content=\"Eco-Leather Pram Stroller Travel system 4 in1 Car Seat ISO - FX 16 - For Baby Boss\" \/>\n<meta property=\"og:description\" content=\"Eco-Leather Pram Stroller Travel system 4 in1 Car Seat ISO - FX 16\" \/>\n<meta property=\"og:url\" content=\"https:\/\/forbabyboss.com\/pl\/product\/wozek-spacerowy-ze-skory-ekologicznej-system-podrozny-fotelik-samochodowy-4-w-1-iso-fx-16\/\" \/>\n<meta property=\"og:site_name\" content=\"For Baby Boss\" \/>\n<meta property=\"article:modified_time\" content=\"2026-02-21T15:47:58+00:00\" \/>\n<meta property=\"og:image\" content=\"https:\/\/forbabyboss.com\/wp-content\/uploads\/2022\/09\/Paradise-Baby-FX-eco-leather-Pram-Stroller-Travel-system-4-in1-Car-Seat-ISO-FX-16-eco-leather_1.jpg\" \/>\n\t<meta property=\"og:image:width\" content=\"1200\" \/>\n\t<meta property=\"og:image:height\" content=\"1372\" \/>\n\t<meta property=\"og:image:type\" content=\"image\/jpeg\" \/>\n<meta name=\"twitter:card\" content=\"summary_large_image\" \/>\n<meta name=\"twitter:label1\" content=\"Szacowany czas czytania\" \/>\n\t<meta name=\"twitter:data1\" content=\"2 minuty\" \/>\n<script type=\"application\/ld+json\" class=\"yoast-schema-graph\">{\"@context\":\"https:\\\/\\\/schema.org\",\"@graph\":[{\"@type\":\"WebPage\",\"@id\":\"https:\\\/\\\/forbabyboss.com\\\/product\\\/eco-leather-pram-stroller-travel-system-4-in1-car-seat-iso-fx-16\\\/\",\"url\":\"https:\\\/\\\/forbabyboss.com\\\/product\\\/eco-leather-pram-stroller-travel-system-4-in1-car-seat-iso-fx-16\\\/\",\"name\":\"Eco-Leather Pram Stroller Travel system 4 in1 Car Seat ISO - FX 16 - For Baby Boss\",\"isPartOf\":{\"@id\":\"https:\\\/\\\/powderblue-seahorse-496884.hostingersite.com\\\/#website\"},\"primaryImageOfPage\":{\"@id\":\"https:\\\/\\\/forbabyboss.com\\\/product\\\/eco-leather-pram-stroller-travel-system-4-in1-car-seat-iso-fx-16\\\/#primaryimage\"},\"image\":{\"@id\":\"https:\\\/\\\/forbabyboss.com\\\/product\\\/eco-leather-pram-stroller-travel-system-4-in1-car-seat-iso-fx-16\\\/#primaryimage\"},\"thumbnailUrl\":\"https:\\\/\\\/forbabyboss.com\\\/wp-content\\\/uploads\\\/2022\\\/09\\\/Paradise-Baby-FX-eco-leather-Pram-Stroller-Travel-system-4-in1-Car-Seat-ISO-FX-16-eco-leather_1.jpg\",\"datePublished\":\"2022-09-08T10:23:08+00:00\",\"dateModified\":\"2026-02-21T15:47:58+00:00\",\"description\":\"Eco-Leather Pram Stroller Travel system 4 in1 Car Seat ISO - FX 16\",\"breadcrumb\":{\"@id\":\"https:\\\/\\\/forbabyboss.com\\\/product\\\/eco-leather-pram-stroller-travel-system-4-in1-car-seat-iso-fx-16\\\/#breadcrumb\"},\"inLanguage\":\"pl-PL\",\"potentialAction\":[{\"@type\":\"ReadAction\",\"target\":[\"https:\\\/\\\/forbabyboss.com\\\/product\\\/eco-leather-pram-stroller-travel-system-4-in1-car-seat-iso-fx-16\\\/\"]}]},{\"@type\":\"ImageObject\",\"inLanguage\":\"pl-PL\",\"@id\":\"https:\\\/\\\/forbabyboss.com\\\/product\\\/eco-leather-pram-stroller-travel-system-4-in1-car-seat-iso-fx-16\\\/#primaryimage\",\"url\":\"https:\\\/\\\/forbabyboss.com\\\/wp-content\\\/uploads\\\/2022\\\/09\\\/Paradise-Baby-FX-eco-leather-Pram-Stroller-Travel-system-4-in1-Car-Seat-ISO-FX-16-eco-leather_1.jpg\",\"contentUrl\":\"https:\\\/\\\/forbabyboss.com\\\/wp-content\\\/uploads\\\/2022\\\/09\\\/Paradise-Baby-FX-eco-leather-Pram-Stroller-Travel-system-4-in1-Car-Seat-ISO-FX-16-eco-leather_1.jpg\",\"width\":1200,\"height\":1372},{\"@type\":\"BreadcrumbList\",\"@id\":\"https:\\\/\\\/forbabyboss.com\\\/product\\\/eco-leather-pram-stroller-travel-system-4-in1-car-seat-iso-fx-16\\\/#breadcrumb\",\"itemListElement\":[{\"@type\":\"ListItem\",\"position\":1,\"name\":\"Home\",\"item\":\"https:\\\/\\\/forbabyboss.com\\\/\"},{\"@type\":\"ListItem\",\"position\":2,\"name\":\"Shop\",\"item\":\"https:\\\/\\\/forbabyboss.com\\\/shop\\\/\"},{\"@type\":\"ListItem\",\"position\":3,\"name\":\"Eco-Leather Pram Stroller Travel system 4 in1 Car Seat ISO &#8211; FX 16\"}]},{\"@type\":\"WebSite\",\"@id\":\"https:\\\/\\\/powderblue-seahorse-496884.hostingersite.com\\\/#website\",\"url\":\"https:\\\/\\\/powderblue-seahorse-496884.hostingersite.com\\\/\",\"name\":\"For Baby Boss\",\"description\":\"Beautiful gifts and accessories for your baby boss\",\"potentialAction\":[{\"@type\":\"SearchAction\",\"target\":{\"@type\":\"EntryPoint\",\"urlTemplate\":\"https:\\\/\\\/powderblue-seahorse-496884.hostingersite.com\\\/?s={search_term_string}\"},\"query-input\":{\"@type\":\"PropertyValueSpecification\",\"valueRequired\":true,\"valueName\":\"search_term_string\"}}],\"inLanguage\":\"pl-PL\"}]}<\/script>\n<!-- \/ Yoast SEO plugin. -->","yoast_head_json":{"title":"W\u00f3zek spacerowy ze sk\u00f3ry ekologicznej, system podr\u00f3\u017cny 4 w 1, fotelik samochodowy ISO - FX 16 - dla Baby Boss","description":"W\u00f3zek spacerowy ze sk\u00f3ry ekologicznej, system podr\u00f3\u017cny 4 w 1, fotelik samochodowy ISO - FX 16","robots":{"index":"index","follow":"follow","max-snippet":"max-snippet:-1","max-image-preview":"max-image-preview:large","max-video-preview":"max-video-preview:-1"},"canonical":"https:\/\/forbabyboss.com\/pl\/product\/wozek-spacerowy-ze-skory-ekologicznej-system-podrozny-fotelik-samochodowy-4-w-1-iso-fx-16\/","og_locale":"pl_PL","og_type":"article","og_title":"Eco-Leather Pram Stroller Travel system 4 in1 Car Seat ISO - FX 16 - For Baby Boss","og_description":"Eco-Leather Pram Stroller Travel system 4 in1 Car Seat ISO - FX 16","og_url":"https:\/\/forbabyboss.com\/pl\/product\/wozek-spacerowy-ze-skory-ekologicznej-system-podrozny-fotelik-samochodowy-4-w-1-iso-fx-16\/","og_site_name":"For Baby Boss","article_modified_time":"2026-02-21T15:47:58+00:00","og_image":[{"width":1200,"height":1372,"url":"https:\/\/forbabyboss.com\/wp-content\/uploads\/2022\/09\/Paradise-Baby-FX-eco-leather-Pram-Stroller-Travel-system-4-in1-Car-Seat-ISO-FX-16-eco-leather_1.jpg","type":"image\/jpeg"}],"twitter_card":"summary_large_image","twitter_misc":{"Szacowany czas czytania":"2 minuty"},"schema":{"@context":"https:\/\/schema.org","@graph":[{"@type":"WebPage","@id":"https:\/\/forbabyboss.com\/product\/eco-leather-pram-stroller-travel-system-4-in1-car-seat-iso-fx-16\/","url":"https:\/\/forbabyboss.com\/product\/eco-leather-pram-stroller-travel-system-4-in1-car-seat-iso-fx-16\/","name":"W\u00f3zek spacerowy ze sk\u00f3ry ekologicznej, system podr\u00f3\u017cny 4 w 1, fotelik samochodowy ISO - FX 16 - dla Baby Boss","isPartOf":{"@id":"https:\/\/powderblue-seahorse-496884.hostingersite.com\/#website"},"primaryImageOfPage":{"@id":"https:\/\/forbabyboss.com\/product\/eco-leather-pram-stroller-travel-system-4-in1-car-seat-iso-fx-16\/#primaryimage"},"image":{"@id":"https:\/\/forbabyboss.com\/product\/eco-leather-pram-stroller-travel-system-4-in1-car-seat-iso-fx-16\/#primaryimage"},"thumbnailUrl":"https:\/\/forbabyboss.com\/wp-content\/uploads\/2022\/09\/Paradise-Baby-FX-eco-leather-Pram-Stroller-Travel-system-4-in1-Car-Seat-ISO-FX-16-eco-leather_1.jpg","datePublished":"2022-09-08T10:23:08+00:00","dateModified":"2026-02-21T15:47:58+00:00","description":"W\u00f3zek spacerowy ze sk\u00f3ry ekologicznej, system podr\u00f3\u017cny 4 w 1, fotelik samochodowy ISO - FX 16","breadcrumb":{"@id":"https:\/\/forbabyboss.com\/product\/eco-leather-pram-stroller-travel-system-4-in1-car-seat-iso-fx-16\/#breadcrumb"},"inLanguage":"pl-PL","potentialAction":[{"@type":"ReadAction","target":["https:\/\/forbabyboss.com\/product\/eco-leather-pram-stroller-travel-system-4-in1-car-seat-iso-fx-16\/"]}]},{"@type":"ImageObject","inLanguage":"pl-PL","@id":"https:\/\/forbabyboss.com\/product\/eco-leather-pram-stroller-travel-system-4-in1-car-seat-iso-fx-16\/#primaryimage","url":"https:\/\/forbabyboss.com\/wp-content\/uploads\/2022\/09\/Paradise-Baby-FX-eco-leather-Pram-Stroller-Travel-system-4-in1-Car-Seat-ISO-FX-16-eco-leather_1.jpg","contentUrl":"https:\/\/forbabyboss.com\/wp-content\/uploads\/2022\/09\/Paradise-Baby-FX-eco-leather-Pram-Stroller-Travel-system-4-in1-Car-Seat-ISO-FX-16-eco-leather_1.jpg","width":1200,"height":1372},{"@type":"BreadcrumbList","@id":"https:\/\/forbabyboss.com\/product\/eco-leather-pram-stroller-travel-system-4-in1-car-seat-iso-fx-16\/#breadcrumb","itemListElement":[{"@type":"ListItem","position":1,"name":"Home","item":"https:\/\/forbabyboss.com\/"},{"@type":"ListItem","position":2,"name":"Shop","item":"https:\/\/forbabyboss.com\/shop\/"},{"@type":"ListItem","position":3,"name":"Eco-Leather Pram Stroller Travel system 4 in1 Car Seat ISO &#8211; FX 16"}]},{"@type":"WebSite","@id":"https:\/\/powderblue-seahorse-496884.hostingersite.com\/#website","url":"https:\/\/powderblue-seahorse-496884.hostingersite.com\/","name":"Dla Baby Boss","description":"Pi\u0119kne prezenty i akcesoria dla ma\u0142ego szefa","potentialAction":[{"@type":"SearchAction","target":{"@type":"EntryPoint","urlTemplate":"https:\/\/powderblue-seahorse-496884.hostingersite.com\/?s={search_term_string}"},"query-input":{"@type":"PropertyValueSpecification","valueRequired":true,"valueName":"search_term_string"}}],"inLanguage":"pl-PL"}]}},"_links":{"self":[{"href":"https:\/\/forbabyboss.com\/pl\/wp-json\/wp\/v2\/product\/4307","targetHints":{"allow":["GET"]}}],"collection":[{"href":"https:\/\/forbabyboss.com\/pl\/wp-json\/wp\/v2\/product"}],"about":[{"href":"https:\/\/forbabyboss.com\/pl\/wp-json\/wp\/v2\/types\/product"}],"wp:featuredmedia":[{"embeddable":true,"href":"https:\/\/forbabyboss.com\/pl\/wp-json\/wp\/v2\/media\/4308"}],"wp:attachment":[{"href":"https:\/\/forbabyboss.com\/pl\/wp-json\/wp\/v2\/media?parent=4307"}],"wp:term":[{"taxonomy":"product_brand","embeddable":true,"href":"https:\/\/forbabyboss.com\/pl\/wp-json\/wp\/v2\/product_brand?post=4307"},{"taxonomy":"product_cat","embeddable":true,"href":"https:\/\/forbabyboss.com\/pl\/wp-json\/wp\/v2\/product_cat?post=4307"},{"taxonomy":"product_tag","embeddable":true,"href":"https:\/\/forbabyboss.com\/pl\/wp-json\/wp\/v2\/product_tag?post=4307"}],"curies":[{"name":"wp","href":"https:\/\/api.w.org\/{rel}","templated":true}]}}