{"id":4317,"date":"2022-09-21T16:07:54","date_gmt":"2022-09-21T16:07:54","guid":{"rendered":"http:\/\/forbabyboss.com\/?post_type=product&#038;p=4317"},"modified":"2023-10-02T22:16:18","modified_gmt":"2023-10-02T22:16:18","slug":"idealny-system-podrozny-do-wozka-4w1-ido1-z-2020-roku","status":"publish","type":"product","link":"https:\/\/forbabyboss.com\/pl\/product\/ideal-2020-pushchair-travel-system-4in1-ido1\/","title":{"rendered":"IDEAL 2020 W\u00f3zek podr\u00f3\u017cny 4w1 - IDO1"},"content":{"rendered":"<p style=\"text-align: justify;\" align=\"center\"><span style=\"color: #282828;\"><strong><span style=\"font-size: medium;\">IDEAL 2020 to nowoczesny, wielofunkcyjny w\u00f3zek spacerowy zaprojektowany z my\u015bl\u0105 o rodzicach poszukuj\u0105cych produktu, kt\u00f3ry b\u0119dzie s\u0142u\u017cy\u0142 przez d\u0142ugi czas. W zale\u017cno\u015bci od potrzeb i wieku dziecka, IDEAL 2020 mo\u017ce pe\u0142ni\u0107 funkcj\u0119 w\u00f3zka g\u0142\u0119bokiego lub spacer\u00f3wki. Zaprojektowany, aby zapewni\u0107 komfortowy transport niemowl\u0119cia lub ma\u0142ego dziecka od urodzenia do 3 lat lub o wadze 0-15 kg.<\/span><\/strong><\/span><\/p>\n<p style=\"text-align: justify;\" align=\"center\"><span style=\"color: #282828;\"><strong><span style=\"font-size: medium;\">Wykonany w Europie z materia\u0142\u00f3w najwy\u017cszej jako\u015bci, z lekk\u0105 aluminiow\u0105 ram\u0105, zaprojektowany w nowoczesnym stylu.<\/span><span style=\"font-size: medium;\"><br \/>\n<\/span><\/strong><\/span><\/p>\n<div style=\"text-align: justify;\" align=\"center\">\n<p><span style=\"color: #282828;\"><strong><span style=\"font-size: medium;\">Europejska homologacja EN 1888:2012<\/span><\/strong><\/span><\/p>\n<p><span style=\"color: #282828;\"><strong><span style=\"font-size: medium;\">Aluminiowa, lekka rama z regulowanym amortyzatorem sprawia, \u017ce jazda jest bardzo \u0142atwa.<\/span><\/strong><\/span><\/p>\n<p><span style=\"color: #282828;\"><strong><span style=\"font-size: medium;\">Wyko\u0144czenie w\u00f3zka wykonane z najwy\u017cszej jako\u015bci impregnowanych materia\u0142\u00f3w, przyjaznych dla dzieci. Materia\u0142y nie blakn\u0105, s\u0105 wodoodporne i zapewniaj\u0105 idealn\u0105 temperatur\u0119 powietrza w zale\u017cno\u015bci od warunk\u00f3w atmosferycznych. Zdejmowane wn\u0119trze i pokrowce wype\u0142nione s\u0105 hipoalergiczn\u0105 bawe\u0142n\u0105.<\/span><\/strong><\/span><\/p>\n<\/div>\n<p style=\"text-align: justify;\" align=\"center\"><span style=\"color: #282828;\"><strong><span style=\"font-size: medium;\"><span style=\"color: #e14d43;\">Cechy produktu<\/span>:<br \/>\n<\/span><\/strong><\/span><\/p>\n<ul>\n<li style=\"text-align: justify;\"><span style=\"color: #282828;\"><strong><span style=\"font-size: medium;\">System podr\u00f3\u017cny 2 w 1 lub 3 w 1<br \/>\n<\/span><\/strong><\/span><\/li>\n<li style=\"text-align: justify;\"><span style=\"color: #282828;\"><strong><span style=\"font-size: medium;\">Solidna, lekka, BIA\u0141A rama aluminiowa<\/span><\/strong><\/span><\/li>\n<li style=\"text-align: justify;\"><span style=\"color: #282828;\"><strong><span style=\"font-size: medium;\">\u0141atwe do roz\u0142o\u017cenia, ma\u0142e po z\u0142o\u017ceniu<\/span><\/strong><\/span><\/li>\n<\/ul>\n<p style=\"text-align: justify;\" align=\"center\"><span style=\"color: #282828;\"><strong><span style=\"font-size: medium;\"><span style=\"color: #e14d43;\">Pram<\/span>:<br \/>\n<\/span><\/strong><\/span><\/p>\n<div style=\"text-align: justify;\" align=\"center\">\n<p><span style=\"color: #282828;\"><strong><span style=\"font-size: medium;\">Regulowany kaptur \/ Luksusowa podszewka ze sk\u00f3ry ekologicznej \/ Regulowany uchwyt do przenoszenia<\/span><\/strong><\/span><\/p>\n<p><span style=\"color: #282828;\"><strong><span style=\"font-size: medium;\">Wn\u0119trze wykonane z wysokiej jako\u015bci bawe\u0142ny i zamszu przyjaznego dzieciom, oddychaj\u0105cego<\/span><\/strong><\/span><\/p>\n<p><span style=\"color: #282828;\"><strong><span style=\"font-size: medium;\">Blokowane, obrotowe 360\u00b0, ko\u0142a piankowo-\u017celowe, przednie \u0142o\u017cyskowane,<\/span><\/strong><\/span><\/p>\n<p><span style=\"color: #282828;\"><strong><span style=\"font-size: medium;\">centralny hamulec \u201cstop &amp; go\u201d;<\/span><\/strong><\/span><\/p>\n<p><span style=\"color: #282828;\"><strong><span style=\"font-size: medium;\">Jednorazowy kaptur zapewniaj\u0105cy lepsz\u0105 ochron\u0119 przed zacienieniem w siedzisku;<\/span><\/strong><\/span><\/p>\n<p><span style=\"color: #282828;\"><strong><span style=\"font-size: medium;\">gondola wyposa\u017cona w 3-punktow\u0105 regulacj\u0119 oparcia<\/span><\/strong><\/span><\/p>\n<p><span style=\"color: #282828;\"><strong><span style=\"font-size: medium;\">wentylowana budka gondoli i siedziska;<\/span><\/strong><\/span><\/p>\n<p><span style=\"color: #282828;\"><strong><span style=\"font-size: medium;\">Uchwyt regulowany w 3 punktach, pokryty sk\u00f3r\u0105 ekologiczn\u0105;<\/span><\/strong><\/span><\/p>\n<p><span style=\"color: #282828;\"><strong><span style=\"font-size: medium;\">system skierowany do przodu i do ty\u0142u,<\/span><\/strong><\/span><\/p>\n<p><span style=\"color: #282828;\"><strong><span style=\"font-size: medium;\">Panel widokowy dla rodzic\u00f3w z moskitier\u0105 dooko\u0142a<\/span><\/strong><\/span><\/p>\n<\/div>\n<div style=\"text-align: justify;\" align=\"center\">\n<p><span style=\"color: #282828;\"><strong><span style=\"font-size: medium;\"><span style=\"color: #e14d43;\">W\u00f3zek dzieci\u0119cy<\/span>:<\/span><\/strong><\/span><\/p>\n<p><span style=\"color: #282828;\"><strong>Wyposa\u017cony w regulowany podn\u00f3\u017cek i oparcie;<\/strong><\/span><\/p>\n<p><span style=\"color: #282828;\"><strong>Mo\u017cliwo\u015b\u0107 regulacji do pozycji ca\u0142kowicie le\u017c\u0105cej,<\/strong><\/span><\/p>\n<p><span style=\"color: #282828;\"><strong>Wiele pozycji odchylenia<\/strong><\/span><\/p>\n<p><span style=\"color: #282828;\"><strong>Odwracalny modu\u0142 siedziska dla trybu widoku rodzica<\/strong><\/span><\/p>\n<p><span style=\"color: #282828;\"><strong>Pi\u0119ciopunktowe pasy bezpiecze\u0144stwa<\/strong><\/span><\/p>\n<p><span style=\"color: #282828;\"><strong>Zdejmowany zderzak<\/strong><\/span><\/p>\n<p><span style=\"color: #282828;\"><strong>W zestawie \u015bpiworek<\/strong><\/span><\/p>\n<\/div>\n<div style=\"text-align: justify;\" align=\"center\"><span style=\"color: #282828;\"><strong><span style=\"font-size: medium;\"><span style=\"color: #e14d43;\">Wygodny fotelik samochodowy<\/span>:<\/span><\/strong><\/span><\/div>\n<div style=\"text-align: justify;\" align=\"center\">\n<p><span style=\"color: #282828;\"><strong><span style=\"font-size: medium;\">Grupa 0-13 kg:<\/span><\/strong><\/span><\/p>\n<p><span style=\"color: #282828;\"><strong>Europejska homologacja ECE R44 \/ 04<\/strong><\/span><\/p>\n<p><span style=\"color: #282828;\"><strong>Monta\u017c na podstawie ramy za pomoc\u0105 adapter\u00f3w<\/strong><\/span><\/p>\n<p><span style=\"color: #282828;\"><strong>3-punktowe pasy bezpiecze\u0144stwa<\/strong><\/span><\/p>\n<p><span style=\"color: #282828;\"><strong>Dodatkowa podk\u0142adka dla noworodka<\/strong><\/span><\/p>\n<p><span style=\"color: #282828;\"><strong>pokrowiec na fotel samochodowy<\/strong><\/span><\/p>\n<p><span style=\"color: #282828;\"><strong>Regulowany uchwyt do noszenia<\/strong><\/span><\/p>\n<p><span style=\"color: #282828;\"><strong>Zdejmowany pokrowiec na mask\u0119<\/strong><\/span><\/p>\n<p><span style=\"color: #282828;\"><strong>Regulowane na wysoko\u015b\u0107 pasy bezpiecze\u0144stwa<\/strong><\/span><\/p>\n<p><span style=\"color: #282828;\"><strong>Tryb skierowany do przodu lub do ty\u0142u<\/strong><\/span><\/p>\n<p><span style=\"color: #282828;\"><strong>Wyposa\u017cony w ISOFIX*<\/strong><\/span><\/p>\n<p><span style=\"color: #282828;\"><strong>*BAZA ISOFIX \u2013 opcjonalnie<\/strong><\/span><\/p>\n<p><span style=\"color: #282828;\"><strong><span style=\"color: #e14d43;\">Baza ISOFIX<\/span>*<\/strong><\/span><\/p>\n<p><span style=\"color: #282828;\"><strong>Kolor: Czarny\/Szary<\/strong><\/span><\/p>\n<p><span style=\"color: #282828;\"><strong>Nadaje si\u0119 od urodzenia<\/strong><\/span><\/p>\n<p><span style=\"color: #282828;\"><strong>Mocowany bezpo\u015brednio do podwozia samochodu za pomoc\u0105 punkt\u00f3w mocowania ISOFIX pojazdu<\/strong><\/span><\/p>\n<p><span style=\"color: #282828;\"><strong>Mo\u017cna go r\u00f3wnie\u017c zabezpieczy\u0107 za pomoc\u0105 pasa bezpiecze\u0144stwa pojazdu<\/strong><\/span><\/p>\n<p><span style=\"color: #282828;\"><strong>Kompatybilny z fotelikami samochodowymi<\/strong><\/span><\/p>\n<p><span style=\"color: #282828;\"><strong>\u0141atwy w instalacji<\/strong><\/span><\/p>\n<p><span style=\"color: #282828;\"><strong>Bezpieczny i pewny<\/strong><\/span><\/p>\n<p><span style=\"color: #282828;\"><strong>Minimalizuje zamieszanie<\/strong><\/span><\/p>\n<p><span style=\"color: #282828;\"><strong>Zmniejsza prawdopodobie\u0144stwo obudzenia dziecka podczas przenoszenia z samochodu do domu<\/strong><\/span><\/p>\n<p><span style=\"color: #282828;\"><strong>Noga podporowa zapewnia doskona\u0142\u0105 stabilno\u015b\u0107 i bezpiecze\u0144stwo, a tak\u017ce \u0142atw\u0105 regulacj\u0119 w celu uzyskania najlepszego dopasowania<\/strong><\/span><\/p>\n<p><span style=\"color: #282828;\"><strong>Wska\u017aniki kolorowe potwierdzaj\u0105 poprawno\u015b\u0107 monta\u017cu bazy w poje\u017adzie<\/strong><\/span><\/p>\n<\/div>\n<div style=\"text-align: justify;\" align=\"center\">\n<p style=\"text-align: left;\" align=\"center\"><span style=\"color: #282828;\"><strong><span style=\"font-size: medium;\"><span style=\"font-size: large;\"><span style=\"color: #e14d43;\">Cena wliczona<\/span>:<\/span><br \/>\n<\/span><\/strong><\/span><\/p>\n<div style=\"text-align: left;\" align=\"center\">\n<p><span style=\"color: #282828; font-size: 100%;\"><strong>Solidna rama + 4 piankowe\/\u017celowe ko\u0142a (rdze\u0144 gumowy)<\/strong><\/span><\/p>\n<p><span style=\"color: #282828; font-size: 100%;\"><strong>Gondola<\/strong><\/span><\/p>\n<p><span style=\"color: #282828; font-size: 100%;\"><strong>W\u00f3zek dzieci\u0119cy<\/strong><\/span><\/p>\n<p><span style=\"color: #282828; font-size: 100%;\"><strong>Pokrowiec i materac<\/strong><\/span><\/p>\n<p><span style=\"color: #282828; font-size: 100%;\"><strong>Os\u0142ona na stopy \u2013 Footmuff<\/strong><\/span><\/p>\n<p><span style=\"color: #282828; font-size: 100%;\"><strong>Fotelik samochodowy (opcja 3w1)<\/strong><\/span><\/p>\n<p><span style=\"color: #282828; font-size: 100%;\"><strong>\u00a0Zdejmowany daszek i pokrowiec na fotelik samochodowy (opcja 3w1)<\/strong><\/span><\/p>\n<p><span style=\"color: #282828; font-size: 100%;\"><strong>Zdejmowany zderzak<\/strong><\/span><\/p>\n<p><span style=\"color: #282828; font-size: 100%;\"><strong>Pokrowiec przeciwdeszczowy<\/strong><\/span><\/p>\n<p><span style=\"color: #282828; font-size: 100%;\"><strong>Moskitiera<\/strong><\/span><\/p>\n<p><span style=\"color: #282828; font-size: 100%;\"><strong>Torba na akcesoria z mat\u0105 do przewijania i paskiem na rami\u0119<\/strong><\/span><\/p>\n<p><span style=\"color: #282828; font-size: 100%;\"><strong>Koszyk zakupowy<\/strong><\/span><\/p>\n<p><span style=\"color: #282828; font-size: 100%;\"><strong>Baza Isofix (opcjonalnie)<\/strong><\/span><\/p>\n<p><span style=\"color: #282828; font-size: 100%;\"><strong>24-miesi\u0119czna gwarancja<\/strong><\/span><\/p>\n<\/div>\n<h3 style=\"text-align: left;\" align=\"center\"><span style=\"color: #e14d43;\"><strong>Wymiary<\/strong><\/span><\/h3>\n<div style=\"text-align: left;\" align=\"center\">\n<p><span style=\"color: #282828;\"><strong><span style=\"font-size: medium;\"><span style=\"color: #e14d43;\">Gondola<\/span><br \/>\n\u2013 waga \u2013 3,5 kg<br \/>\n\u2013 ca\u0142kowita waga w\u00f3zka \u2013 12kg<br \/>\n\u2013 podstawa stela\u017ca z gondol\u0105: wys. 126 cm x szer. 59,5 cm x d\u0142. 100 cm<br \/>\n\u2013 Wymiary wewn\u0119trzne: szer. 35 cm x d\u0142. 85 cm x g\u0142. 24 cm<br \/>\n<\/span><\/strong><\/span><\/p>\n<p><span style=\"color: #282828;\"><strong><span style=\"font-size: medium;\"><span style=\"color: #e14d43;\">W\u00f3zek dzieci\u0119cy:<\/span><br \/>\n\u2013 rama z ko\u0142ami: 13,0 kg<br \/>\n\u2013 Jednostka do przypiekania: szer. 34 cm x d\u0142. 50 cm x g\u0142. 25 cm<br \/>\n<\/span><\/strong><\/span><\/p>\n<p><span style=\"color: #282828;\"><strong><span style=\"font-size: medium;\"><span style=\"color: #e14d43;\">Fotelik samochodowy<\/span><br \/>\nWaga: 2,5 kg<br \/>\n\u2013 fotelik samochodowy z ram\u0105 i ko\u0142ami: 11,0 kg<br \/>\n\u2013 rama z fotelikiem samochodowym: wys. 108 cm x szer. 63 cm x d\u0142. 84 cm<br \/>\n<\/span><\/strong><\/span><\/p>\n<p><span style=\"color: #282828;\"><strong><span style=\"font-size: medium;\"><span style=\"color: #e14d43;\">Rama<\/span><br \/>\n\u2013 rama z ko\u0142ami: 8,5 kg<br \/>\n\u2013 \u015arednica k\u00f3\u0142: prz\u00f3d 25 cm, ty\u0142 30 cm<\/span><\/strong><\/span><\/p>\n<\/div>\n<\/div>\n<p>&nbsp;<\/p>\n<p><a href=\"http:\/\/forbabyboss.com\/wp-content\/uploads\/2022\/09\/checkout.png\"><img loading=\"lazy\" decoding=\"async\" class=\"alignnone size-full wp-image-5965\" src=\"http:\/\/forbabyboss.com\/wp-content\/uploads\/2022\/09\/checkout.png\" alt=\"\" width=\"750\" height=\"276\" srcset=\"https:\/\/forbabyboss.com\/wp-content\/uploads\/2022\/09\/checkout.png 750w, https:\/\/forbabyboss.com\/wp-content\/uploads\/2022\/09\/checkout-600x221.png 600w\" sizes=\"auto, (max-width: 750px) 100vw, 750px\" \/><\/a><\/p>","protected":false},"excerpt":{"rendered":"<p><a href=\"http:\/\/forbabyboss.com\/wp-content\/uploads\/2022\/09\/Star-Rating-5.png\"><img loading=\"lazy\" decoding=\"async\" class=\"alignnone wp-image-5973 aligncenter\" src=\"http:\/\/forbabyboss.com\/wp-content\/uploads\/2022\/09\/Star-Rating-5.png\" alt=\"\" width=\"299\" height=\"49\" \/><\/a><\/p>\n<p style=\"text-align: center;\"><span style=\"color: #e14d43; font-size: 115%;\"><strong>GWARANCJA DOPASOWANIA CENY<\/strong><\/span><\/p>\n<p style=\"text-align: center;\"><span style=\"font-size: 115%;\"><span style=\"color: #003366;\">Darmowa dostawa\u00a0<\/span>\u2013 2 \u2013 7 dni<\/span><\/p>\n<p style=\"text-align: center;\"><span style=\"color: #008000; font-size: 115%;\"><strong>Darmowy prezent przy zakupach powy\u017cej 100 GBP<\/strong><\/span><\/p>","protected":false},"featured_media":4323,"template":"","meta":[],"product_brand":[],"product_cat":[340,157,156,197,207,305,303,130,209,211],"product_tag":[200,171],"class_list":{"0":"post-4317","1":"product","2":"type-product","3":"status-publish","4":"has-post-thumbnail","6":"product_cat-800-to-900","7":"product_cat-2-in-1","8":"product_cat-3-in-1","9":"product_cat-4-in-1-pram","10":"product_cat-black","11":"product_cat-colour","12":"product_cat-pattern","13":"product_cat-prams","14":"product_cat-push-chairs","15":"product_cat-stroller","16":"product_tag-4-in-1-pram","17":"product_tag-pram","19":"first","20":"instock","21":"sale","22":"shipping-taxable","23":"purchasable","24":"product-type-simple"},"yoast_head":"<!-- This site is optimized with the Yoast SEO plugin v27.5 - https:\/\/yoast.com\/product\/yoast-seo-wordpress\/ -->\n<title>IDEAL 2020 Pushchair Travel System 4in1- IDO1 - For Baby Boss<\/title>\n<meta name=\"description\" content=\"IDEAL 2020 Pushchair Travel System 4in1- IDO1\" \/>\n<meta name=\"robots\" content=\"index, follow, max-snippet:-1, max-image-preview:large, max-video-preview:-1\" \/>\n<link rel=\"canonical\" href=\"https:\/\/forbabyboss.com\/pl\/product\/idealny-system-podrozny-do-wozka-4w1-ido1-z-2020-roku\/\" \/>\n<meta property=\"og:locale\" content=\"pl_PL\" \/>\n<meta property=\"og:type\" content=\"article\" \/>\n<meta property=\"og:title\" content=\"IDEAL 2020 Pushchair Travel System 4in1- IDO1 - For Baby Boss\" \/>\n<meta property=\"og:description\" content=\"IDEAL 2020 Pushchair Travel System 4in1- IDO1\" \/>\n<meta property=\"og:url\" content=\"https:\/\/forbabyboss.com\/pl\/product\/idealny-system-podrozny-do-wozka-4w1-ido1-z-2020-roku\/\" \/>\n<meta property=\"og:site_name\" content=\"For Baby Boss\" \/>\n<meta property=\"article:modified_time\" content=\"2023-10-02T22:16:18+00:00\" \/>\n<meta property=\"og:image\" content=\"https:\/\/forbabyboss.com\/wp-content\/uploads\/2022\/09\/Baby-Pram-Bexa-IDEAL-2020-Pushchair-Buggy-Stroller-Car-Seat-Travel-System-4in1-IDO1_MAIN.jpg\" \/>\n\t<meta property=\"og:image:width\" content=\"1020\" \/>\n\t<meta property=\"og:image:height\" content=\"1020\" \/>\n\t<meta property=\"og:image:type\" content=\"image\/jpeg\" \/>\n<meta name=\"twitter:card\" content=\"summary_large_image\" \/>\n<meta name=\"twitter:label1\" content=\"Szacowany czas czytania\" \/>\n\t<meta name=\"twitter:data1\" content=\"3 minuty\" \/>\n<script type=\"application\/ld+json\" class=\"yoast-schema-graph\">{\"@context\":\"https:\\\/\\\/schema.org\",\"@graph\":[{\"@type\":\"WebPage\",\"@id\":\"https:\\\/\\\/forbabyboss.com\\\/product\\\/ideal-2020-pushchair-travel-system-4in1-ido1\\\/\",\"url\":\"https:\\\/\\\/forbabyboss.com\\\/product\\\/ideal-2020-pushchair-travel-system-4in1-ido1\\\/\",\"name\":\"IDEAL 2020 Pushchair Travel System 4in1- IDO1 - For Baby Boss\",\"isPartOf\":{\"@id\":\"https:\\\/\\\/powderblue-seahorse-496884.hostingersite.com\\\/#website\"},\"primaryImageOfPage\":{\"@id\":\"https:\\\/\\\/forbabyboss.com\\\/product\\\/ideal-2020-pushchair-travel-system-4in1-ido1\\\/#primaryimage\"},\"image\":{\"@id\":\"https:\\\/\\\/forbabyboss.com\\\/product\\\/ideal-2020-pushchair-travel-system-4in1-ido1\\\/#primaryimage\"},\"thumbnailUrl\":\"https:\\\/\\\/forbabyboss.com\\\/wp-content\\\/uploads\\\/2022\\\/09\\\/Baby-Pram-Bexa-IDEAL-2020-Pushchair-Buggy-Stroller-Car-Seat-Travel-System-4in1-IDO1_MAIN.jpg\",\"datePublished\":\"2022-09-21T16:07:54+00:00\",\"dateModified\":\"2023-10-02T22:16:18+00:00\",\"description\":\"IDEAL 2020 Pushchair Travel System 4in1- IDO1\",\"breadcrumb\":{\"@id\":\"https:\\\/\\\/forbabyboss.com\\\/product\\\/ideal-2020-pushchair-travel-system-4in1-ido1\\\/#breadcrumb\"},\"inLanguage\":\"pl-PL\",\"potentialAction\":[{\"@type\":\"ReadAction\",\"target\":[\"https:\\\/\\\/forbabyboss.com\\\/product\\\/ideal-2020-pushchair-travel-system-4in1-ido1\\\/\"]}]},{\"@type\":\"ImageObject\",\"inLanguage\":\"pl-PL\",\"@id\":\"https:\\\/\\\/forbabyboss.com\\\/product\\\/ideal-2020-pushchair-travel-system-4in1-ido1\\\/#primaryimage\",\"url\":\"https:\\\/\\\/forbabyboss.com\\\/wp-content\\\/uploads\\\/2022\\\/09\\\/Baby-Pram-Bexa-IDEAL-2020-Pushchair-Buggy-Stroller-Car-Seat-Travel-System-4in1-IDO1_MAIN.jpg\",\"contentUrl\":\"https:\\\/\\\/forbabyboss.com\\\/wp-content\\\/uploads\\\/2022\\\/09\\\/Baby-Pram-Bexa-IDEAL-2020-Pushchair-Buggy-Stroller-Car-Seat-Travel-System-4in1-IDO1_MAIN.jpg\",\"width\":1020,\"height\":1020},{\"@type\":\"BreadcrumbList\",\"@id\":\"https:\\\/\\\/forbabyboss.com\\\/product\\\/ideal-2020-pushchair-travel-system-4in1-ido1\\\/#breadcrumb\",\"itemListElement\":[{\"@type\":\"ListItem\",\"position\":1,\"name\":\"Home\",\"item\":\"https:\\\/\\\/forbabyboss.com\\\/\"},{\"@type\":\"ListItem\",\"position\":2,\"name\":\"Shop\",\"item\":\"https:\\\/\\\/forbabyboss.com\\\/shop\\\/\"},{\"@type\":\"ListItem\",\"position\":3,\"name\":\"IDEAL 2020 Pushchair Travel System 4in1- IDO1\"}]},{\"@type\":\"WebSite\",\"@id\":\"https:\\\/\\\/powderblue-seahorse-496884.hostingersite.com\\\/#website\",\"url\":\"https:\\\/\\\/powderblue-seahorse-496884.hostingersite.com\\\/\",\"name\":\"For Baby Boss\",\"description\":\"Beautiful gifts and accessories for your baby boss\",\"potentialAction\":[{\"@type\":\"SearchAction\",\"target\":{\"@type\":\"EntryPoint\",\"urlTemplate\":\"https:\\\/\\\/powderblue-seahorse-496884.hostingersite.com\\\/?s={search_term_string}\"},\"query-input\":{\"@type\":\"PropertyValueSpecification\",\"valueRequired\":true,\"valueName\":\"search_term_string\"}}],\"inLanguage\":\"pl-PL\"}]}<\/script>\n<!-- \/ Yoast SEO plugin. -->","yoast_head_json":{"title":"IDEAL 2020 W\u00f3zek podr\u00f3\u017cny 4 w 1 - IDO1 - Dla Baby Boss","description":"IDEAL 2020 W\u00f3zek podr\u00f3\u017cny 4w1 - IDO1","robots":{"index":"index","follow":"follow","max-snippet":"max-snippet:-1","max-image-preview":"max-image-preview:large","max-video-preview":"max-video-preview:-1"},"canonical":"https:\/\/forbabyboss.com\/pl\/product\/idealny-system-podrozny-do-wozka-4w1-ido1-z-2020-roku\/","og_locale":"pl_PL","og_type":"article","og_title":"IDEAL 2020 Pushchair Travel System 4in1- IDO1 - For Baby Boss","og_description":"IDEAL 2020 Pushchair Travel System 4in1- IDO1","og_url":"https:\/\/forbabyboss.com\/pl\/product\/idealny-system-podrozny-do-wozka-4w1-ido1-z-2020-roku\/","og_site_name":"For Baby Boss","article_modified_time":"2023-10-02T22:16:18+00:00","og_image":[{"width":1020,"height":1020,"url":"https:\/\/forbabyboss.com\/wp-content\/uploads\/2022\/09\/Baby-Pram-Bexa-IDEAL-2020-Pushchair-Buggy-Stroller-Car-Seat-Travel-System-4in1-IDO1_MAIN.jpg","type":"image\/jpeg"}],"twitter_card":"summary_large_image","twitter_misc":{"Szacowany czas czytania":"3 minuty"},"schema":{"@context":"https:\/\/schema.org","@graph":[{"@type":"WebPage","@id":"https:\/\/forbabyboss.com\/product\/ideal-2020-pushchair-travel-system-4in1-ido1\/","url":"https:\/\/forbabyboss.com\/product\/ideal-2020-pushchair-travel-system-4in1-ido1\/","name":"IDEAL 2020 W\u00f3zek podr\u00f3\u017cny 4 w 1 - IDO1 - Dla Baby Boss","isPartOf":{"@id":"https:\/\/powderblue-seahorse-496884.hostingersite.com\/#website"},"primaryImageOfPage":{"@id":"https:\/\/forbabyboss.com\/product\/ideal-2020-pushchair-travel-system-4in1-ido1\/#primaryimage"},"image":{"@id":"https:\/\/forbabyboss.com\/product\/ideal-2020-pushchair-travel-system-4in1-ido1\/#primaryimage"},"thumbnailUrl":"https:\/\/forbabyboss.com\/wp-content\/uploads\/2022\/09\/Baby-Pram-Bexa-IDEAL-2020-Pushchair-Buggy-Stroller-Car-Seat-Travel-System-4in1-IDO1_MAIN.jpg","datePublished":"2022-09-21T16:07:54+00:00","dateModified":"2023-10-02T22:16:18+00:00","description":"IDEAL 2020 W\u00f3zek podr\u00f3\u017cny 4w1 - IDO1","breadcrumb":{"@id":"https:\/\/forbabyboss.com\/product\/ideal-2020-pushchair-travel-system-4in1-ido1\/#breadcrumb"},"inLanguage":"pl-PL","potentialAction":[{"@type":"ReadAction","target":["https:\/\/forbabyboss.com\/product\/ideal-2020-pushchair-travel-system-4in1-ido1\/"]}]},{"@type":"ImageObject","inLanguage":"pl-PL","@id":"https:\/\/forbabyboss.com\/product\/ideal-2020-pushchair-travel-system-4in1-ido1\/#primaryimage","url":"https:\/\/forbabyboss.com\/wp-content\/uploads\/2022\/09\/Baby-Pram-Bexa-IDEAL-2020-Pushchair-Buggy-Stroller-Car-Seat-Travel-System-4in1-IDO1_MAIN.jpg","contentUrl":"https:\/\/forbabyboss.com\/wp-content\/uploads\/2022\/09\/Baby-Pram-Bexa-IDEAL-2020-Pushchair-Buggy-Stroller-Car-Seat-Travel-System-4in1-IDO1_MAIN.jpg","width":1020,"height":1020},{"@type":"BreadcrumbList","@id":"https:\/\/forbabyboss.com\/product\/ideal-2020-pushchair-travel-system-4in1-ido1\/#breadcrumb","itemListElement":[{"@type":"ListItem","position":1,"name":"Home","item":"https:\/\/forbabyboss.com\/"},{"@type":"ListItem","position":2,"name":"Shop","item":"https:\/\/forbabyboss.com\/shop\/"},{"@type":"ListItem","position":3,"name":"IDEAL 2020 Pushchair Travel System 4in1- IDO1"}]},{"@type":"WebSite","@id":"https:\/\/powderblue-seahorse-496884.hostingersite.com\/#website","url":"https:\/\/powderblue-seahorse-496884.hostingersite.com\/","name":"Dla Baby Boss","description":"Pi\u0119kne prezenty i akcesoria dla ma\u0142ego szefa","potentialAction":[{"@type":"SearchAction","target":{"@type":"EntryPoint","urlTemplate":"https:\/\/powderblue-seahorse-496884.hostingersite.com\/?s={search_term_string}"},"query-input":{"@type":"PropertyValueSpecification","valueRequired":true,"valueName":"search_term_string"}}],"inLanguage":"pl-PL"}]}},"_links":{"self":[{"href":"https:\/\/forbabyboss.com\/pl\/wp-json\/wp\/v2\/product\/4317","targetHints":{"allow":["GET"]}}],"collection":[{"href":"https:\/\/forbabyboss.com\/pl\/wp-json\/wp\/v2\/product"}],"about":[{"href":"https:\/\/forbabyboss.com\/pl\/wp-json\/wp\/v2\/types\/product"}],"wp:featuredmedia":[{"embeddable":true,"href":"https:\/\/forbabyboss.com\/pl\/wp-json\/wp\/v2\/media\/4323"}],"wp:attachment":[{"href":"https:\/\/forbabyboss.com\/pl\/wp-json\/wp\/v2\/media?parent=4317"}],"wp:term":[{"taxonomy":"product_brand","embeddable":true,"href":"https:\/\/forbabyboss.com\/pl\/wp-json\/wp\/v2\/product_brand?post=4317"},{"taxonomy":"product_cat","embeddable":true,"href":"https:\/\/forbabyboss.com\/pl\/wp-json\/wp\/v2\/product_cat?post=4317"},{"taxonomy":"product_tag","embeddable":true,"href":"https:\/\/forbabyboss.com\/pl\/wp-json\/wp\/v2\/product_tag?post=4317"}],"curies":[{"name":"wp","href":"https:\/\/api.w.org\/{rel}","templated":true}]}}