{"id":4485,"date":"2022-09-22T11:34:57","date_gmt":"2022-09-22T11:34:57","guid":{"rendered":"http:\/\/forbabyboss.com\/?post_type=product&#038;p=4485"},"modified":"2022-10-12T09:02:54","modified_gmt":"2022-10-12T09:02:54","slug":"173-moon-baby-parm-life-galaxy-travel-system-4w1","status":"publish","type":"product","link":"https:\/\/forbabyboss.com\/pl\/product\/173-moon-baby-parm-life-galaxy-travel-system-4in1\/","title":{"rendered":"173 Moon Baby Parm Life Galaxy Travel System 4w1"},"content":{"rendered":"<h1 style=\"text-align: justify;\"><strong><span style=\"font-size: 95%; color: #e14d43;\">Ekskluzywny towarzysz zapewniaj\u0105cy komfortowe doznania<\/span><\/strong><\/h1>\n<p style=\"font-weight: 400; text-align: justify;\"><strong>Poznaj wyj\u0105tkowy w\u00f3zek, kt\u00f3ry stworzy bezpieczne, ekskluzywne i komfortowe \u015brodowisko dla ka\u017cdego dziecka. Zainspirowany nowoczesnym stylem \u017cycia, nowy w\u00f3zek VIVA Life stawia na najwy\u017cszy komfort i gwarantuje nieko\u0144cz\u0105c\u0105 si\u0119 przygod\u0119 w wielkim stylu.<\/strong><\/p>\n<p style=\"font-weight: 400; text-align: justify;\"><strong>Wyj\u0105tkowo lekka, termiczna gondola i zwrotny podwozie trzeciej generacji sprawiaj\u0105, \u017ce w\u00f3zek VIVA Life jest idealnym wyborem dla aktywnych rodzin, kt\u00f3re lubi\u0105 sp\u0119dza\u0107 czas na \u015bwie\u017cym powietrzu \u2013 zar\u00f3wno w mie\u015bcie, jak i w lesie.<\/strong><\/p>\n<p style=\"font-weight: 400; text-align: justify;\"><strong>Wykonany w Europie z materia\u0142\u00f3w najwy\u017cszej jako\u015bci, lekki w\u00f3zek zaprojektowany w nowoczesnym stylu.<\/strong><\/p>\n<h3 style=\"font-weight: 400; text-align: justify;\"><strong><span style=\"color: #e14d43;\">Cechy produktu<\/span>:<\/strong><\/h3>\n<ul>\n<li style=\"font-weight: 400; text-align: justify;\"><strong>Cztery amortyzatory podwozia<\/strong><\/li>\n<li style=\"font-weight: 400; text-align: justify;\"><strong>Ko\u0142a Real Gel\u2122<\/strong><\/li>\n<li style=\"font-weight: 400; text-align: justify;\"><strong>Sk\u00f3ra ekologiczna<\/strong><\/li>\n<li style=\"font-weight: 400; text-align: justify;\"><strong>Hamulce One Click\u2122<\/strong><\/li>\n<li style=\"font-weight: 400; text-align: justify;\"><strong>Tkaniny wodoodporne<\/strong><\/li>\n<li style=\"font-weight: 400; text-align: justify;\"><strong>Absorpcja uderze\u0144<\/strong><\/li>\n<li style=\"font-weight: 400; text-align: justify;\"><strong>Rama aluminiowa<\/strong><\/li>\n<li style=\"font-weight: 400; text-align: justify;\"><strong>Tkaniny wewn\u0119trzne bawe\u0142niane<\/strong><\/li>\n<li style=\"font-weight: 400; text-align: justify;\"><strong>Zamkni\u0119ta torba na zakupy<\/strong><\/li>\n<li style=\"font-weight: 400; text-align: justify;\"><strong>24 miesi\u0105ce gwarancji<\/strong><\/li>\n<\/ul>\n<h3 style=\"font-weight: 400; text-align: justify;\"><strong><span style=\"color: #e14d43;\">\u00a0W\u00f3zek dzieci\u0119cy<\/span><\/strong><\/h3>\n<ul>\n<li style=\"font-weight: 400; text-align: justify;\"><strong>\u015apiworek<\/strong><\/li>\n<li style=\"font-weight: 400; text-align: justify;\"><strong>5-punktowe pasy bezpiecze\u0144stwa<\/strong><\/li>\n<li style=\"font-weight: 400; text-align: justify;\"><strong>Cz\u0119\u015b\u0107 sportowa, zwr\u00f3cona do ty\u0142u<\/strong><\/li>\n<li style=\"font-weight: 400; text-align: justify;\"><strong>Cz\u0119\u015b\u0107 sportowa skierowana do przodu<\/strong><\/li>\n<\/ul>\n<h3 style=\"text-align: justify;\"><strong><span style=\"color: #e14d43;\">Gondola<\/span><\/strong><\/h3>\n<ul>\n<li style=\"text-align: justify;\"><strong><span style=\"font-style: inherit;\">Ultralekka ko\u0142yska<\/span><span style=\"font-style: inherit;\">\u00a0<\/span><\/strong><\/li>\n<li style=\"text-align: justify;\"><strong><span style=\"font-style: inherit;\">Os\u0142ona przeciwwiatrowa z okienkiem<\/span><span style=\"font-style: inherit;\">\u00a0<\/span><\/strong><\/li>\n<li style=\"text-align: justify;\"><strong><span style=\"font-style: inherit;\">Okno w masce<\/span><span style=\"font-style: inherit;\">\u00a0<\/span><\/strong><\/li>\n<li style=\"text-align: justify;\"><strong><span style=\"font-style: inherit;\">Kiesze\u0144 na telefon<\/span><\/strong><\/li>\n<\/ul>\n<h3 style=\"font-weight: 400; text-align: justify;\"><strong>Cena zawiera:<\/strong><\/h3>\n<ol style=\"text-align: justify;\">\n<li style=\"font-weight: 400;\"><strong>Gondola<\/strong><\/li>\n<li style=\"font-weight: 400;\"><strong>Siedzisko<\/strong><\/li>\n<li style=\"font-weight: 400;\"><strong>Podwozie sportowe<\/strong><\/li>\n<li style=\"font-weight: 400;\"><strong>Uchwyt na kubek<\/strong><\/li>\n<li style=\"font-weight: 400;\"><strong>Uchwyt ochronny siedziska<\/strong><\/li>\n<li style=\"font-weight: 400;\"><strong>Torba dla mamy<\/strong><\/li>\n<li style=\"font-weight: 400;\"><strong>Pokrowiec na gondol\u0119<\/strong><\/li>\n<li style=\"font-weight: 400;\"><strong>Pokrowiec na siedzisko<\/strong><\/li>\n<li style=\"font-weight: 400;\"><strong>Materac<\/strong><\/li>\n<li style=\"font-weight: 400;\"><strong>Ochrona przed deszczem<\/strong><\/li>\n<li style=\"font-weight: 400;\"><strong>Moskitiera<\/strong><\/li>\n<\/ol>\n<h3 style=\"text-align: justify;\"><strong><span style=\"color: #e14d43;\">Wymiary<\/span><\/strong><\/h3>\n<ul>\n<li style=\"text-align: justify;\"><strong>Wymiary wewn\u0119trzne korpusu w\u00f3zka \/ waga: 86\u00d737 cm \/ 3,7 kg<\/strong><\/li>\n<li style=\"text-align: justify;\"><strong>Wymiary wewn\u0119trzne siedziska \/ waga: 95\u00d739 cm \/ 5,3 kg<\/strong><\/li>\n<li style=\"text-align: justify;\"><strong>Wymiary wewn\u0119trzne fotelika samochodowego \/ waga: 71\u00d731,5 cm \/ 3,2 kg<\/strong><\/li>\n<li style=\"text-align: justify;\"><strong>Podwozie + ko\u0142a: 7,9 kg<\/strong><\/li>\n<li style=\"text-align: justify;\"><strong>Po z\u0142o\u017ceniu mie\u015bci si\u0119 w przestrzeni: 75x59x36cm<\/strong><\/li>\n<\/ul>\n<p><a href=\"http:\/\/forbabyboss.com\/wp-content\/uploads\/2022\/09\/checkout.png\"><img loading=\"lazy\" decoding=\"async\" class=\"alignnone size-full wp-image-5965\" src=\"http:\/\/forbabyboss.com\/wp-content\/uploads\/2022\/09\/checkout.png\" alt=\"\" width=\"750\" height=\"276\" srcset=\"https:\/\/forbabyboss.com\/wp-content\/uploads\/2022\/09\/checkout.png 750w, https:\/\/forbabyboss.com\/wp-content\/uploads\/2022\/09\/checkout-600x221.png 600w\" sizes=\"auto, (max-width: 750px) 100vw, 750px\" \/><\/a><\/p>","protected":false},"excerpt":{"rendered":"<p><a href=\"http:\/\/forbabyboss.com\/wp-content\/uploads\/2022\/09\/Star-Rating-5.png\"><img loading=\"lazy\" decoding=\"async\" class=\"alignnone size-full wp-image-5973 aligncenter\" src=\"http:\/\/forbabyboss.com\/wp-content\/uploads\/2022\/09\/Star-Rating-5.png\" alt=\"\" width=\"275\" height=\"45\" \/><\/a><\/p>\n<p style=\"text-align: center;\"><span style=\"color: #ed1c24; font-size: 120%;\"><b>GWARANCJA DOPASOWANIA CENY<\/b><\/span><\/p>\n<p style=\"text-align: center;\"><span style=\"font-size: 115%;\"><span style=\"font-weight: 400; color: #4f4fa7;\">Darmowa dostawa<\/span><span style=\"font-weight: 400;\"> \u2013 2 \u2013 7 dni<\/span><\/span><\/p>\n<p style=\"text-align: center;\"><strong><span style=\"color: #29606b;\">Darmowy prezent przy zakupach powy\u017cej 100 GBP<\/span><\/strong><\/p>","protected":false},"featured_media":4488,"template":"","meta":[],"product_brand":[],"product_cat":[157,156,197,130,209,221,211],"product_tag":[200,171],"class_list":{"0":"post-4485","1":"product","2":"type-product","3":"status-publish","4":"has-post-thumbnail","6":"product_cat-2-in-1","7":"product_cat-3-in-1","8":"product_cat-4-in-1-pram","9":"product_cat-prams","10":"product_cat-push-chairs","11":"product_cat-silver-colour","12":"product_cat-stroller","13":"product_tag-4-in-1-pram","14":"product_tag-pram","16":"first","17":"instock","18":"sale","19":"shipping-taxable","20":"purchasable","21":"product-type-simple"},"yoast_head":"<!-- This site is optimized with the Yoast SEO plugin v27.5 - https:\/\/yoast.com\/product\/yoast-seo-wordpress\/ -->\n<title>173 Moon Baby Parm Life Galaxy Travel System 4in1 - For Baby Boss<\/title>\n<meta name=\"description\" content=\"173 Moon Baby Parm Life Galaxy Travel System 4in1\" \/>\n<meta name=\"robots\" content=\"index, follow, max-snippet:-1, max-image-preview:large, max-video-preview:-1\" \/>\n<link rel=\"canonical\" href=\"https:\/\/forbabyboss.com\/pl\/product\/173-moon-baby-parm-life-galaxy-travel-system-4w1\/\" \/>\n<meta property=\"og:locale\" content=\"pl_PL\" \/>\n<meta property=\"og:type\" content=\"article\" \/>\n<meta property=\"og:title\" content=\"173 Moon Baby Parm Life Galaxy Travel System 4in1 - For Baby Boss\" \/>\n<meta property=\"og:description\" content=\"173 Moon Baby Parm Life Galaxy Travel System 4in1\" \/>\n<meta property=\"og:url\" content=\"https:\/\/forbabyboss.com\/pl\/product\/173-moon-baby-parm-life-galaxy-travel-system-4w1\/\" \/>\n<meta property=\"og:site_name\" content=\"For Baby Boss\" \/>\n<meta property=\"article:modified_time\" content=\"2022-10-12T09:02:54+00:00\" \/>\n<meta property=\"og:image\" content=\"https:\/\/forbabyboss.com\/wp-content\/uploads\/2022\/09\/Baby-Pram-Pushchair-TUTIS-Viva-Life-Galaxy-Travel-System-2in1-3in1-4in1-Car-Seat_Main.jpg\" \/>\n\t<meta property=\"og:image:width\" content=\"1020\" \/>\n\t<meta property=\"og:image:height\" content=\"1020\" \/>\n\t<meta property=\"og:image:type\" content=\"image\/jpeg\" \/>\n<meta name=\"twitter:card\" content=\"summary_large_image\" \/>\n<meta name=\"twitter:label1\" content=\"Szacowany czas czytania\" \/>\n\t<meta name=\"twitter:data1\" content=\"2 minuty\" \/>\n<script type=\"application\/ld+json\" class=\"yoast-schema-graph\">{\"@context\":\"https:\\\/\\\/schema.org\",\"@graph\":[{\"@type\":\"WebPage\",\"@id\":\"https:\\\/\\\/forbabyboss.com\\\/product\\\/173-moon-baby-parm-life-galaxy-travel-system-4in1\\\/\",\"url\":\"https:\\\/\\\/forbabyboss.com\\\/product\\\/173-moon-baby-parm-life-galaxy-travel-system-4in1\\\/\",\"name\":\"173 Moon Baby Parm Life Galaxy Travel System 4in1 - For Baby Boss\",\"isPartOf\":{\"@id\":\"https:\\\/\\\/powderblue-seahorse-496884.hostingersite.com\\\/#website\"},\"primaryImageOfPage\":{\"@id\":\"https:\\\/\\\/forbabyboss.com\\\/product\\\/173-moon-baby-parm-life-galaxy-travel-system-4in1\\\/#primaryimage\"},\"image\":{\"@id\":\"https:\\\/\\\/forbabyboss.com\\\/product\\\/173-moon-baby-parm-life-galaxy-travel-system-4in1\\\/#primaryimage\"},\"thumbnailUrl\":\"https:\\\/\\\/forbabyboss.com\\\/wp-content\\\/uploads\\\/2022\\\/09\\\/Baby-Pram-Pushchair-TUTIS-Viva-Life-Galaxy-Travel-System-2in1-3in1-4in1-Car-Seat_Main.jpg\",\"datePublished\":\"2022-09-22T11:34:57+00:00\",\"dateModified\":\"2022-10-12T09:02:54+00:00\",\"description\":\"173 Moon Baby Parm Life Galaxy Travel System 4in1\",\"breadcrumb\":{\"@id\":\"https:\\\/\\\/forbabyboss.com\\\/product\\\/173-moon-baby-parm-life-galaxy-travel-system-4in1\\\/#breadcrumb\"},\"inLanguage\":\"pl-PL\",\"potentialAction\":[{\"@type\":\"ReadAction\",\"target\":[\"https:\\\/\\\/forbabyboss.com\\\/product\\\/173-moon-baby-parm-life-galaxy-travel-system-4in1\\\/\"]}]},{\"@type\":\"ImageObject\",\"inLanguage\":\"pl-PL\",\"@id\":\"https:\\\/\\\/forbabyboss.com\\\/product\\\/173-moon-baby-parm-life-galaxy-travel-system-4in1\\\/#primaryimage\",\"url\":\"https:\\\/\\\/forbabyboss.com\\\/wp-content\\\/uploads\\\/2022\\\/09\\\/Baby-Pram-Pushchair-TUTIS-Viva-Life-Galaxy-Travel-System-2in1-3in1-4in1-Car-Seat_Main.jpg\",\"contentUrl\":\"https:\\\/\\\/forbabyboss.com\\\/wp-content\\\/uploads\\\/2022\\\/09\\\/Baby-Pram-Pushchair-TUTIS-Viva-Life-Galaxy-Travel-System-2in1-3in1-4in1-Car-Seat_Main.jpg\",\"width\":1020,\"height\":1020},{\"@type\":\"BreadcrumbList\",\"@id\":\"https:\\\/\\\/forbabyboss.com\\\/product\\\/173-moon-baby-parm-life-galaxy-travel-system-4in1\\\/#breadcrumb\",\"itemListElement\":[{\"@type\":\"ListItem\",\"position\":1,\"name\":\"Home\",\"item\":\"https:\\\/\\\/forbabyboss.com\\\/\"},{\"@type\":\"ListItem\",\"position\":2,\"name\":\"Shop\",\"item\":\"https:\\\/\\\/forbabyboss.com\\\/shop\\\/\"},{\"@type\":\"ListItem\",\"position\":3,\"name\":\"173 Moon Baby Parm Life Galaxy Travel System 4in1\"}]},{\"@type\":\"WebSite\",\"@id\":\"https:\\\/\\\/powderblue-seahorse-496884.hostingersite.com\\\/#website\",\"url\":\"https:\\\/\\\/powderblue-seahorse-496884.hostingersite.com\\\/\",\"name\":\"For Baby Boss\",\"description\":\"Beautiful gifts and accessories for your baby boss\",\"potentialAction\":[{\"@type\":\"SearchAction\",\"target\":{\"@type\":\"EntryPoint\",\"urlTemplate\":\"https:\\\/\\\/powderblue-seahorse-496884.hostingersite.com\\\/?s={search_term_string}\"},\"query-input\":{\"@type\":\"PropertyValueSpecification\",\"valueRequired\":true,\"valueName\":\"search_term_string\"}}],\"inLanguage\":\"pl-PL\"}]}<\/script>\n<!-- \/ Yoast SEO plugin. -->","yoast_head_json":{"title":"173 Moon Baby Parm Life Galaxy Travel System 4w1 \u2013 dla szefa dziecka","description":"173 Moon Baby Parm Life Galaxy Travel System 4w1","robots":{"index":"index","follow":"follow","max-snippet":"max-snippet:-1","max-image-preview":"max-image-preview:large","max-video-preview":"max-video-preview:-1"},"canonical":"https:\/\/forbabyboss.com\/pl\/product\/173-moon-baby-parm-life-galaxy-travel-system-4w1\/","og_locale":"pl_PL","og_type":"article","og_title":"173 Moon Baby Parm Life Galaxy Travel System 4in1 - For Baby Boss","og_description":"173 Moon Baby Parm Life Galaxy Travel System 4in1","og_url":"https:\/\/forbabyboss.com\/pl\/product\/173-moon-baby-parm-life-galaxy-travel-system-4w1\/","og_site_name":"For Baby Boss","article_modified_time":"2022-10-12T09:02:54+00:00","og_image":[{"width":1020,"height":1020,"url":"https:\/\/forbabyboss.com\/wp-content\/uploads\/2022\/09\/Baby-Pram-Pushchair-TUTIS-Viva-Life-Galaxy-Travel-System-2in1-3in1-4in1-Car-Seat_Main.jpg","type":"image\/jpeg"}],"twitter_card":"summary_large_image","twitter_misc":{"Szacowany czas czytania":"2 minuty"},"schema":{"@context":"https:\/\/schema.org","@graph":[{"@type":"WebPage","@id":"https:\/\/forbabyboss.com\/product\/173-moon-baby-parm-life-galaxy-travel-system-4in1\/","url":"https:\/\/forbabyboss.com\/product\/173-moon-baby-parm-life-galaxy-travel-system-4in1\/","name":"173 Moon Baby Parm Life Galaxy Travel System 4w1 \u2013 dla szefa dziecka","isPartOf":{"@id":"https:\/\/powderblue-seahorse-496884.hostingersite.com\/#website"},"primaryImageOfPage":{"@id":"https:\/\/forbabyboss.com\/product\/173-moon-baby-parm-life-galaxy-travel-system-4in1\/#primaryimage"},"image":{"@id":"https:\/\/forbabyboss.com\/product\/173-moon-baby-parm-life-galaxy-travel-system-4in1\/#primaryimage"},"thumbnailUrl":"https:\/\/forbabyboss.com\/wp-content\/uploads\/2022\/09\/Baby-Pram-Pushchair-TUTIS-Viva-Life-Galaxy-Travel-System-2in1-3in1-4in1-Car-Seat_Main.jpg","datePublished":"2022-09-22T11:34:57+00:00","dateModified":"2022-10-12T09:02:54+00:00","description":"173 Moon Baby Parm Life Galaxy Travel System 4w1","breadcrumb":{"@id":"https:\/\/forbabyboss.com\/product\/173-moon-baby-parm-life-galaxy-travel-system-4in1\/#breadcrumb"},"inLanguage":"pl-PL","potentialAction":[{"@type":"ReadAction","target":["https:\/\/forbabyboss.com\/product\/173-moon-baby-parm-life-galaxy-travel-system-4in1\/"]}]},{"@type":"ImageObject","inLanguage":"pl-PL","@id":"https:\/\/forbabyboss.com\/product\/173-moon-baby-parm-life-galaxy-travel-system-4in1\/#primaryimage","url":"https:\/\/forbabyboss.com\/wp-content\/uploads\/2022\/09\/Baby-Pram-Pushchair-TUTIS-Viva-Life-Galaxy-Travel-System-2in1-3in1-4in1-Car-Seat_Main.jpg","contentUrl":"https:\/\/forbabyboss.com\/wp-content\/uploads\/2022\/09\/Baby-Pram-Pushchair-TUTIS-Viva-Life-Galaxy-Travel-System-2in1-3in1-4in1-Car-Seat_Main.jpg","width":1020,"height":1020},{"@type":"BreadcrumbList","@id":"https:\/\/forbabyboss.com\/product\/173-moon-baby-parm-life-galaxy-travel-system-4in1\/#breadcrumb","itemListElement":[{"@type":"ListItem","position":1,"name":"Home","item":"https:\/\/forbabyboss.com\/"},{"@type":"ListItem","position":2,"name":"Shop","item":"https:\/\/forbabyboss.com\/shop\/"},{"@type":"ListItem","position":3,"name":"173 Moon Baby Parm Life Galaxy Travel System 4in1"}]},{"@type":"WebSite","@id":"https:\/\/powderblue-seahorse-496884.hostingersite.com\/#website","url":"https:\/\/powderblue-seahorse-496884.hostingersite.com\/","name":"Dla Baby Boss","description":"Pi\u0119kne prezenty i akcesoria dla ma\u0142ego szefa","potentialAction":[{"@type":"SearchAction","target":{"@type":"EntryPoint","urlTemplate":"https:\/\/powderblue-seahorse-496884.hostingersite.com\/?s={search_term_string}"},"query-input":{"@type":"PropertyValueSpecification","valueRequired":true,"valueName":"search_term_string"}}],"inLanguage":"pl-PL"}]}},"_links":{"self":[{"href":"https:\/\/forbabyboss.com\/pl\/wp-json\/wp\/v2\/product\/4485","targetHints":{"allow":["GET"]}}],"collection":[{"href":"https:\/\/forbabyboss.com\/pl\/wp-json\/wp\/v2\/product"}],"about":[{"href":"https:\/\/forbabyboss.com\/pl\/wp-json\/wp\/v2\/types\/product"}],"wp:featuredmedia":[{"embeddable":true,"href":"https:\/\/forbabyboss.com\/pl\/wp-json\/wp\/v2\/media\/4488"}],"wp:attachment":[{"href":"https:\/\/forbabyboss.com\/pl\/wp-json\/wp\/v2\/media?parent=4485"}],"wp:term":[{"taxonomy":"product_brand","embeddable":true,"href":"https:\/\/forbabyboss.com\/pl\/wp-json\/wp\/v2\/product_brand?post=4485"},{"taxonomy":"product_cat","embeddable":true,"href":"https:\/\/forbabyboss.com\/pl\/wp-json\/wp\/v2\/product_cat?post=4485"},{"taxonomy":"product_tag","embeddable":true,"href":"https:\/\/forbabyboss.com\/pl\/wp-json\/wp\/v2\/product_tag?post=4485"}],"curies":[{"name":"wp","href":"https:\/\/api.w.org\/{rel}","templated":true}]}}