{"id":4499,"date":"2022-09-09T07:02:41","date_gmt":"2022-09-09T07:02:41","guid":{"rendered":"http:\/\/forbabyboss.com\/?post_type=product&#038;p=4499"},"modified":"2026-02-21T16:10:20","modified_gmt":"2026-02-21T16:10:20","slug":"196-jasnomietowy-wozek-dzieciecy-niezbedny-system-podrozny-4w1","status":"publish","type":"product","link":"https:\/\/forbabyboss.com\/pl\/product\/196-light-mint-baby-pram-esential-travel-system-4in1\/","title":{"rendered":"196 Jasny mi\u0119towy w\u00f3zek dzieci\u0119cy Essential Travel System 4 w 1"},"content":{"rendered":"<h2><strong><span style=\"color: #e14d43;\"><span style=\"font-style: inherit;\">Tw\u00f3j towarzysz rodzinny<\/span><\/span><\/strong><\/h2>\n<p style=\"font-weight: 400; text-align: justify;\"><strong>Doceniany i kochany przez tysi\u0105ce rodzin \u2013 Tutis Uno prezentuje drug\u0105 generacj\u0119 kolekcji z jeszcze wi\u0119ksz\u0105 liczb\u0105 funkcji! Zesp\u00f3\u0142 in\u017cynier\u00f3w Tutis zebra\u0142 opinie klient\u00f3w, przeanalizowa\u0142 je i udoskonali\u0142 w\u00f3zek Uno. Przedstawiamy Tutis Uno+ \u2013 w\u00f3zek Twoich marze\u0144: bezpieczny, trwa\u0142y i delikatny dla rodzic\u00f3w i dzieci.<\/strong><\/p>\n<p style=\"font-weight: 400; text-align: justify;\"><strong>Niezwykle zwrotny i kompaktowy stela\u017c Uno jest wygodny i praktyczny podczas codziennych wypraw w miasto i na \u0142onie natury. Gondola Tutis Uno+ wyr\u00f3\u017cnia si\u0119 bezpiecze\u0144stwem i lekko\u015bci\u0105.<\/strong><\/p>\n<h3 style=\"font-weight: 400; text-align: justify;\"><strong><span style=\"color: #e14d43;\">Ultralekka i termiczna gondola<\/span><\/strong><\/h3>\n<p style=\"font-weight: 400; text-align: justify;\"><strong>ARCELTM \u2013 specjalna kombinacja materia\u0142\u00f3w polietylenowych opracowana specjalnie na potrzeby gondoli TUTIS gwarantuje wyj\u0105tkow\u0105 lekko\u015b\u0107 i wytrzyma\u0142o\u015b\u0107.<\/strong><\/p>\n<p style=\"font-weight: 400; text-align: justify;\"><strong>KOMPAKTOWA SK\u0141ADANA RAMA<\/strong><\/p>\n<p style=\"font-weight: 400; text-align: justify;\"><strong>Dzi\u0119ki zaawansowanej konstrukcji, podwozie w\u00f3zka sk\u0142ada si\u0119 szybko i \u0142atwo do kompaktowych rozmiar\u00f3w. Z\u0142o\u017cony w\u00f3zek z \u0142atwo\u015bci\u0105 zmie\u015bci si\u0119 w baga\u017cniku lub w domu.<\/strong><\/p>\n<h3 style=\"font-weight: 400; text-align: justify;\"><strong><span style=\"font-size: 120%; color: #e14d43;\">Przestronne siedzisko<\/span><\/strong><\/h3>\n<p style=\"font-weight: 400; text-align: justify;\"><strong>Siedzisko i niezawodne szycie zosta\u0142y dopracowane w najdrobniejszych szczeg\u00f3\u0142ach, a d\u017awi\u0119koszczelny kaptur mo\u017cna ca\u0142kowicie opu\u015bci\u0107, tworz\u0105c oaz\u0119 zapewniaj\u0105c\u0105 wyj\u0105tkowo komfortow\u0105 podr\u00f3\u017c.<\/strong><\/p>\n<h3 style=\"font-weight: 400; text-align: justify;\"><strong><span style=\"color: #e14d43;\">Cena wliczona<\/span>:<\/strong><\/h3>\n<ul>\n<li><strong>Gondola<\/strong><\/li>\n<li><strong>Siedzisko<\/strong><\/li>\n<li><strong>Podwozie sportowe<\/strong><\/li>\n<li><strong>Ochrona przed deszczem<\/strong><\/li>\n<li><strong>Torba dla mamy z po\u015bciel\u0105<\/strong><\/li>\n<li><strong>6. Uchwyt na kubek<\/strong><\/li>\n<li><strong>Koszyk zakupowy<\/strong><\/li>\n<li><strong>Pokrowiec na gondol\u0119<\/strong><\/li>\n<li><strong>Pokrowiec na siedzisko<\/strong><\/li>\n<li><strong>Uchwyt ochronny siedziska<\/strong><\/li>\n<li><strong>Moskitiera<\/strong><\/li>\n<li><strong>Materac<\/strong><\/li>\n<\/ul>\n<p style=\"font-weight: 400; text-align: justify;\"><strong>Wygodny fotelik samochodowy<\/strong><\/p>\n<ul>\n<li style=\"font-weight: 400; text-align: justify;\"><strong>Grupa 0-13 kg:<\/strong><\/li>\n<li style=\"font-weight: 400; text-align: justify;\"><strong>Europejska homologacja ECE R44 \/ 04<\/strong><\/li>\n<li style=\"font-weight: 400; text-align: justify;\"><strong>Montowany do w\u00f3zka za pomoc\u0105 adaptera<\/strong><\/li>\n<li style=\"font-weight: 400; text-align: justify;\"><strong>3-punktowe pasy bezpiecze\u0144stwa<\/strong><\/li>\n<li style=\"font-weight: 400; text-align: justify;\"><strong>Dodatkowa podk\u0142adka dla noworodka<\/strong><\/li>\n<li style=\"font-weight: 400; text-align: justify;\"><strong>Regulowany uchwyt do noszenia<\/strong><\/li>\n<li style=\"font-weight: 400; text-align: justify;\"><strong>Zdejmowany pokrowiec na mask\u0119<\/strong><\/li>\n<li style=\"font-weight: 400; text-align: justify;\"><strong>Regulowane na wysoko\u015b\u0107 pasy bezpiecze\u0144stwa<\/strong><\/li>\n<li style=\"font-weight: 400; text-align: justify;\"><strong>Tryb skierowany do przodu lub do ty\u0142u<\/strong><\/li>\n<li style=\"font-weight: 400; text-align: justify;\"><strong>Wyposa\u017cony w system ISOFIX (opcjonalnie)<\/strong><\/li>\n<\/ul>\n<h3 style=\"font-weight: 400; text-align: justify;\"><strong><span style=\"color: #e14d43;\">Baza Isofix<\/span>:<\/strong><\/h3>\n<ul style=\"text-align: justify;\">\n<li style=\"font-weight: 400;\"><strong>Kolor: czarny<\/strong><\/li>\n<li style=\"font-weight: 400;\"><strong>Nadaje si\u0119 od urodzenia<\/strong><\/li>\n<li style=\"font-weight: 400;\"><strong>Mocowany bezpo\u015brednio do podwozia samochodu za pomoc\u0105 punkt\u00f3w mocowania ISOFIX pojazdu<\/strong><\/li>\n<li style=\"font-weight: 400;\"><strong>Mo\u017cna go r\u00f3wnie\u017c zabezpieczy\u0107 za pomoc\u0105 pasa bezpiecze\u0144stwa pojazdu<\/strong><\/li>\n<li style=\"font-weight: 400;\"><strong>Kompatybilny z fotelikami samochodowymi Tutis<\/strong><\/li>\n<li style=\"font-weight: 400;\"><strong>\u0141atwy w instalacji<\/strong><\/li>\n<li style=\"font-weight: 400;\"><strong>Bezpieczny i pewny<\/strong><\/li>\n<li style=\"font-weight: 400;\"><strong>Minimalizuje zamieszanie<\/strong><\/li>\n<li style=\"font-weight: 400;\"><strong>Zmniejsza prawdopodobie\u0144stwo obudzenia dziecka podczas przenoszenia z samochodu do domu<\/strong><\/li>\n<li style=\"font-weight: 400;\"><strong>Noga podporowa zapewnia doskona\u0142\u0105 stabilno\u015b\u0107 i bezpiecze\u0144stwo, a tak\u017ce \u0142atwo j\u0105 dopasowa\u0107 do idealnego rozmiaru<\/strong><\/li>\n<li style=\"font-weight: 400;\"><strong>Wska\u017aniki kolorowe potwierdzaj\u0105 poprawno\u015b\u0107 monta\u017cu bazy w poje\u017adzie<\/strong><\/li>\n<\/ul>\n<h3 style=\"text-align: justify;\" align=\"center\"><strong><span style=\"font-family: Arial; color: #e14d43;\">Wymiary, waga<\/span><\/strong><\/h3>\n<ul>\n<li style=\"text-align: justify;\"><strong>Wymiary wewn\u0119trzne korpusu w\u00f3zka \/ waga: 84\u00d738 cm \/ 3,75 kg<\/strong><\/li>\n<li style=\"text-align: justify;\"><strong>Wymiary wewn\u0119trzne siedziska \/ waga: 95\u00d738 cm \/ 4,8 kg<\/strong><\/li>\n<li style=\"text-align: justify;\"><strong>Wymiary wewn\u0119trzne fotelika samochodowego \/ waga: 71\u00d731,5 cm \/ 3,2 kg<\/strong><\/li>\n<li style=\"text-align: justify;\"><strong>Podwozie + ko\u0142a: 7,8 kg<\/strong><\/li>\n<li style=\"text-align: justify;\"><strong>Po z\u0142o\u017ceniu mie\u015bci si\u0119 w przestrzeni: 80x61x34 cm<\/strong><\/li>\n<\/ul>\n<p><strong><a href=\"http:\/\/forbabyboss.com\/wp-content\/uploads\/2022\/09\/checkout.png\"><img loading=\"lazy\" decoding=\"async\" class=\"alignnone size-full wp-image-5965\" src=\"http:\/\/forbabyboss.com\/wp-content\/uploads\/2022\/09\/checkout.png\" alt=\"\" width=\"750\" height=\"276\" srcset=\"https:\/\/forbabyboss.com\/wp-content\/uploads\/2022\/09\/checkout.png 750w, https:\/\/forbabyboss.com\/wp-content\/uploads\/2022\/09\/checkout-600x221.png 600w\" sizes=\"auto, (max-width: 750px) 100vw, 750px\" \/><\/a><\/strong><\/p>","protected":false},"excerpt":{"rendered":"<p><a href=\"http:\/\/forbabyboss.com\/wp-content\/uploads\/2022\/09\/Star-Rating-5.png\"><img loading=\"lazy\" decoding=\"async\" class=\"alignnone size-full wp-image-5973 aligncenter\" src=\"http:\/\/forbabyboss.com\/wp-content\/uploads\/2022\/09\/Star-Rating-5.png\" alt=\"\" width=\"275\" height=\"45\" \/><\/a><\/p>\n<p style=\"text-align: center;\"><span style=\"color: #ed1c24; font-size: 120%;\"><b>GWARANCJA DOPASOWANIA CENY<\/b><\/span><\/p>\n<p style=\"text-align: center;\"><span style=\"font-size: 115%;\"><span style=\"font-weight: 400; color: #4f4fa7;\">Darmowa dostawa<\/span><span style=\"font-weight: 400;\"> \u2013 2 \u2013 7 dni<\/span><\/span><\/p>\n<p style=\"text-align: center;\"><strong><span style=\"color: #29606b;\">Darmowy prezent przy zakupach powy\u017cej 100 GBP<\/span><\/strong><\/p>","protected":false},"featured_media":4508,"template":"","meta":[],"product_brand":[581],"product_cat":[157,156,197,305,310,130,211],"product_tag":[200,171],"class_list":{"0":"post-4499","1":"product","2":"type-product","3":"status-publish","4":"has-post-thumbnail","6":"product_brand-tutis","7":"product_cat-2-in-1","8":"product_cat-3-in-1","9":"product_cat-4-in-1-pram","10":"product_cat-colour","11":"product_cat-mint","12":"product_cat-prams","13":"product_cat-stroller","14":"product_tag-4-in-1-pram","15":"product_tag-pram","17":"first","18":"instock","19":"sale","20":"shipping-taxable","21":"purchasable","22":"product-type-simple"},"yoast_head":"<!-- This site is optimized with the Yoast SEO plugin v27.5 - https:\/\/yoast.com\/product\/yoast-seo-wordpress\/ -->\n<title>196 Light Mint Baby Pram Esential Travel System 4in1 - For Baby Boss<\/title>\n<meta name=\"description\" content=\"196 Light Mint Baby Pram Esential Travel System 4in1\" \/>\n<meta name=\"robots\" content=\"index, follow, max-snippet:-1, max-image-preview:large, max-video-preview:-1\" \/>\n<link rel=\"canonical\" href=\"https:\/\/forbabyboss.com\/pl\/product\/196-jasnomietowy-wozek-dzieciecy-niezbedny-system-podrozny-4w1\/\" \/>\n<meta property=\"og:locale\" content=\"pl_PL\" \/>\n<meta property=\"og:type\" content=\"article\" \/>\n<meta property=\"og:title\" content=\"196 Light Mint Baby Pram Esential Travel System 4in1 - For Baby Boss\" \/>\n<meta property=\"og:description\" content=\"196 Light Mint Baby Pram Esential Travel System 4in1\" \/>\n<meta property=\"og:url\" content=\"https:\/\/forbabyboss.com\/pl\/product\/196-jasnomietowy-wozek-dzieciecy-niezbedny-system-podrozny-4w1\/\" \/>\n<meta property=\"og:site_name\" content=\"For Baby Boss\" \/>\n<meta property=\"article:modified_time\" content=\"2026-02-21T16:10:20+00:00\" \/>\n<meta property=\"og:image\" content=\"https:\/\/forbabyboss.com\/wp-content\/uploads\/2022\/09\/Baby-Pram-Pushchair-Tutis-UNO3-Esential-Travel-System2in1-3in1-4in1-Car-seat-196-Light-Mint-4in1-3n1isofix-base_Main.jpg\" \/>\n\t<meta property=\"og:image:width\" content=\"1020\" \/>\n\t<meta property=\"og:image:height\" content=\"1020\" \/>\n\t<meta property=\"og:image:type\" content=\"image\/jpeg\" \/>\n<meta name=\"twitter:card\" content=\"summary_large_image\" \/>\n<meta name=\"twitter:label1\" content=\"Szacowany czas czytania\" \/>\n\t<meta name=\"twitter:data1\" content=\"2 minuty\" \/>\n<script type=\"application\/ld+json\" class=\"yoast-schema-graph\">{\"@context\":\"https:\\\/\\\/schema.org\",\"@graph\":[{\"@type\":\"WebPage\",\"@id\":\"https:\\\/\\\/forbabyboss.com\\\/product\\\/196-light-mint-baby-pram-esential-travel-system-4in1\\\/\",\"url\":\"https:\\\/\\\/forbabyboss.com\\\/product\\\/196-light-mint-baby-pram-esential-travel-system-4in1\\\/\",\"name\":\"196 Light Mint Baby Pram Esential Travel System 4in1 - For Baby Boss\",\"isPartOf\":{\"@id\":\"https:\\\/\\\/powderblue-seahorse-496884.hostingersite.com\\\/#website\"},\"primaryImageOfPage\":{\"@id\":\"https:\\\/\\\/forbabyboss.com\\\/product\\\/196-light-mint-baby-pram-esential-travel-system-4in1\\\/#primaryimage\"},\"image\":{\"@id\":\"https:\\\/\\\/forbabyboss.com\\\/product\\\/196-light-mint-baby-pram-esential-travel-system-4in1\\\/#primaryimage\"},\"thumbnailUrl\":\"https:\\\/\\\/forbabyboss.com\\\/wp-content\\\/uploads\\\/2022\\\/09\\\/Baby-Pram-Pushchair-Tutis-UNO3-Esential-Travel-System2in1-3in1-4in1-Car-seat-196-Light-Mint-4in1-3n1isofix-base_Main.jpg\",\"datePublished\":\"2022-09-09T07:02:41+00:00\",\"dateModified\":\"2026-02-21T16:10:20+00:00\",\"description\":\"196 Light Mint Baby Pram Esential Travel System 4in1\",\"breadcrumb\":{\"@id\":\"https:\\\/\\\/forbabyboss.com\\\/product\\\/196-light-mint-baby-pram-esential-travel-system-4in1\\\/#breadcrumb\"},\"inLanguage\":\"pl-PL\",\"potentialAction\":[{\"@type\":\"ReadAction\",\"target\":[\"https:\\\/\\\/forbabyboss.com\\\/product\\\/196-light-mint-baby-pram-esential-travel-system-4in1\\\/\"]}]},{\"@type\":\"ImageObject\",\"inLanguage\":\"pl-PL\",\"@id\":\"https:\\\/\\\/forbabyboss.com\\\/product\\\/196-light-mint-baby-pram-esential-travel-system-4in1\\\/#primaryimage\",\"url\":\"https:\\\/\\\/forbabyboss.com\\\/wp-content\\\/uploads\\\/2022\\\/09\\\/Baby-Pram-Pushchair-Tutis-UNO3-Esential-Travel-System2in1-3in1-4in1-Car-seat-196-Light-Mint-4in1-3n1isofix-base_Main.jpg\",\"contentUrl\":\"https:\\\/\\\/forbabyboss.com\\\/wp-content\\\/uploads\\\/2022\\\/09\\\/Baby-Pram-Pushchair-Tutis-UNO3-Esential-Travel-System2in1-3in1-4in1-Car-seat-196-Light-Mint-4in1-3n1isofix-base_Main.jpg\",\"width\":1020,\"height\":1020},{\"@type\":\"BreadcrumbList\",\"@id\":\"https:\\\/\\\/forbabyboss.com\\\/product\\\/196-light-mint-baby-pram-esential-travel-system-4in1\\\/#breadcrumb\",\"itemListElement\":[{\"@type\":\"ListItem\",\"position\":1,\"name\":\"Home\",\"item\":\"https:\\\/\\\/forbabyboss.com\\\/\"},{\"@type\":\"ListItem\",\"position\":2,\"name\":\"Shop\",\"item\":\"https:\\\/\\\/forbabyboss.com\\\/shop\\\/\"},{\"@type\":\"ListItem\",\"position\":3,\"name\":\"196 Light Mint Baby Pram Esential Travel System 4in1\"}]},{\"@type\":\"WebSite\",\"@id\":\"https:\\\/\\\/powderblue-seahorse-496884.hostingersite.com\\\/#website\",\"url\":\"https:\\\/\\\/powderblue-seahorse-496884.hostingersite.com\\\/\",\"name\":\"For Baby Boss\",\"description\":\"Beautiful gifts and accessories for your baby boss\",\"potentialAction\":[{\"@type\":\"SearchAction\",\"target\":{\"@type\":\"EntryPoint\",\"urlTemplate\":\"https:\\\/\\\/powderblue-seahorse-496884.hostingersite.com\\\/?s={search_term_string}\"},\"query-input\":{\"@type\":\"PropertyValueSpecification\",\"valueRequired\":true,\"valueName\":\"search_term_string\"}}],\"inLanguage\":\"pl-PL\"}]}<\/script>\n<!-- \/ Yoast SEO plugin. -->","yoast_head_json":{"title":"196 Jasny mi\u0119towy w\u00f3zek dzieci\u0119cy, niezb\u0119dny system podr\u00f3\u017cny 4 w 1 \u2013 dla szefa dziecka","description":"196 Jasny mi\u0119towy w\u00f3zek dzieci\u0119cy Essential Travel System 4 w 1","robots":{"index":"index","follow":"follow","max-snippet":"max-snippet:-1","max-image-preview":"max-image-preview:large","max-video-preview":"max-video-preview:-1"},"canonical":"https:\/\/forbabyboss.com\/pl\/product\/196-jasnomietowy-wozek-dzieciecy-niezbedny-system-podrozny-4w1\/","og_locale":"pl_PL","og_type":"article","og_title":"196 Light Mint Baby Pram Esential Travel System 4in1 - For Baby Boss","og_description":"196 Light Mint Baby Pram Esential Travel System 4in1","og_url":"https:\/\/forbabyboss.com\/pl\/product\/196-jasnomietowy-wozek-dzieciecy-niezbedny-system-podrozny-4w1\/","og_site_name":"For Baby Boss","article_modified_time":"2026-02-21T16:10:20+00:00","og_image":[{"width":1020,"height":1020,"url":"https:\/\/forbabyboss.com\/wp-content\/uploads\/2022\/09\/Baby-Pram-Pushchair-Tutis-UNO3-Esential-Travel-System2in1-3in1-4in1-Car-seat-196-Light-Mint-4in1-3n1isofix-base_Main.jpg","type":"image\/jpeg"}],"twitter_card":"summary_large_image","twitter_misc":{"Szacowany czas czytania":"2 minuty"},"schema":{"@context":"https:\/\/schema.org","@graph":[{"@type":"WebPage","@id":"https:\/\/forbabyboss.com\/product\/196-light-mint-baby-pram-esential-travel-system-4in1\/","url":"https:\/\/forbabyboss.com\/product\/196-light-mint-baby-pram-esential-travel-system-4in1\/","name":"196 Jasny mi\u0119towy w\u00f3zek dzieci\u0119cy, niezb\u0119dny system podr\u00f3\u017cny 4 w 1 \u2013 dla szefa dziecka","isPartOf":{"@id":"https:\/\/powderblue-seahorse-496884.hostingersite.com\/#website"},"primaryImageOfPage":{"@id":"https:\/\/forbabyboss.com\/product\/196-light-mint-baby-pram-esential-travel-system-4in1\/#primaryimage"},"image":{"@id":"https:\/\/forbabyboss.com\/product\/196-light-mint-baby-pram-esential-travel-system-4in1\/#primaryimage"},"thumbnailUrl":"https:\/\/forbabyboss.com\/wp-content\/uploads\/2022\/09\/Baby-Pram-Pushchair-Tutis-UNO3-Esential-Travel-System2in1-3in1-4in1-Car-seat-196-Light-Mint-4in1-3n1isofix-base_Main.jpg","datePublished":"2022-09-09T07:02:41+00:00","dateModified":"2026-02-21T16:10:20+00:00","description":"196 Jasny mi\u0119towy w\u00f3zek dzieci\u0119cy Essential Travel System 4 w 1","breadcrumb":{"@id":"https:\/\/forbabyboss.com\/product\/196-light-mint-baby-pram-esential-travel-system-4in1\/#breadcrumb"},"inLanguage":"pl-PL","potentialAction":[{"@type":"ReadAction","target":["https:\/\/forbabyboss.com\/product\/196-light-mint-baby-pram-esential-travel-system-4in1\/"]}]},{"@type":"ImageObject","inLanguage":"pl-PL","@id":"https:\/\/forbabyboss.com\/product\/196-light-mint-baby-pram-esential-travel-system-4in1\/#primaryimage","url":"https:\/\/forbabyboss.com\/wp-content\/uploads\/2022\/09\/Baby-Pram-Pushchair-Tutis-UNO3-Esential-Travel-System2in1-3in1-4in1-Car-seat-196-Light-Mint-4in1-3n1isofix-base_Main.jpg","contentUrl":"https:\/\/forbabyboss.com\/wp-content\/uploads\/2022\/09\/Baby-Pram-Pushchair-Tutis-UNO3-Esential-Travel-System2in1-3in1-4in1-Car-seat-196-Light-Mint-4in1-3n1isofix-base_Main.jpg","width":1020,"height":1020},{"@type":"BreadcrumbList","@id":"https:\/\/forbabyboss.com\/product\/196-light-mint-baby-pram-esential-travel-system-4in1\/#breadcrumb","itemListElement":[{"@type":"ListItem","position":1,"name":"Home","item":"https:\/\/forbabyboss.com\/"},{"@type":"ListItem","position":2,"name":"Shop","item":"https:\/\/forbabyboss.com\/shop\/"},{"@type":"ListItem","position":3,"name":"196 Light Mint Baby Pram Esential Travel System 4in1"}]},{"@type":"WebSite","@id":"https:\/\/powderblue-seahorse-496884.hostingersite.com\/#website","url":"https:\/\/powderblue-seahorse-496884.hostingersite.com\/","name":"Dla Baby Boss","description":"Pi\u0119kne prezenty i akcesoria dla ma\u0142ego szefa","potentialAction":[{"@type":"SearchAction","target":{"@type":"EntryPoint","urlTemplate":"https:\/\/powderblue-seahorse-496884.hostingersite.com\/?s={search_term_string}"},"query-input":{"@type":"PropertyValueSpecification","valueRequired":true,"valueName":"search_term_string"}}],"inLanguage":"pl-PL"}]}},"_links":{"self":[{"href":"https:\/\/forbabyboss.com\/pl\/wp-json\/wp\/v2\/product\/4499","targetHints":{"allow":["GET"]}}],"collection":[{"href":"https:\/\/forbabyboss.com\/pl\/wp-json\/wp\/v2\/product"}],"about":[{"href":"https:\/\/forbabyboss.com\/pl\/wp-json\/wp\/v2\/types\/product"}],"wp:featuredmedia":[{"embeddable":true,"href":"https:\/\/forbabyboss.com\/pl\/wp-json\/wp\/v2\/media\/4508"}],"wp:attachment":[{"href":"https:\/\/forbabyboss.com\/pl\/wp-json\/wp\/v2\/media?parent=4499"}],"wp:term":[{"taxonomy":"product_brand","embeddable":true,"href":"https:\/\/forbabyboss.com\/pl\/wp-json\/wp\/v2\/product_brand?post=4499"},{"taxonomy":"product_cat","embeddable":true,"href":"https:\/\/forbabyboss.com\/pl\/wp-json\/wp\/v2\/product_cat?post=4499"},{"taxonomy":"product_tag","embeddable":true,"href":"https:\/\/forbabyboss.com\/pl\/wp-json\/wp\/v2\/product_tag?post=4499"}],"curies":[{"name":"wp","href":"https:\/\/api.w.org\/{rel}","templated":true}]}}