{"id":4661,"date":"2022-09-09T13:20:41","date_gmt":"2022-09-09T13:20:41","guid":{"rendered":"http:\/\/forbabyboss.com\/?post_type=product&#038;p=4661"},"modified":"2026-02-21T16:22:16","modified_gmt":"2026-02-21T16:22:16","slug":"wozek-spacerowy-baby-parm-mirror-satin-4w1-w-kolorze-bialym-i-zlotym","status":"publish","type":"product","link":"https:\/\/forbabyboss.com\/pl\/product\/baby-parm-mirror-satin-stroller-4in1-travel-system-in-white-and-gold\/","title":{"rendered":"W\u00f3zek spacerowy Baby Parm Mirror Satin 4w1 w kolorze bia\u0142ym i z\u0142otym"},"content":{"rendered":"<p style=\"text-align: justify;\"><strong>Delikatna i elegancka satyna wraca do \u0142ask. Kolekcja Mirror Satin to wielowymiarowa i sp\u00f3jna satynowa, lekko mieni\u0105ca si\u0119 gondola, tworz\u0105ca ca\u0142\u0105 kolekcj\u0119 wyrafinowanych stylizacji.<\/strong><\/p>\n<p style=\"text-align: justify;\"><strong><span style=\"color: #ff0000;\">Cechy produktu:<\/span><\/strong><\/p>\n<p style=\"text-align: left;\" align=\"center\"><strong><span style=\"font-family: Arial;\">\u00a0System zatyczek MAX-CLICK<\/span><\/strong><\/p>\n<p style=\"text-align: left;\" align=\"center\"><strong><span style=\"font-family: Arial;\">\u2013 System amortyzacji wstrz\u0105s\u00f3w \u201cAnti-shock\u201d<\/span><\/strong><\/p>\n<p style=\"text-align: left;\" align=\"center\"><strong><span style=\"font-family: Arial;\">\u2013 Hamulec centralny<\/span><\/strong><\/p>\n<p style=\"text-align: left;\" align=\"center\"><strong><span style=\"font-family: Arial;\">\u2013 Ko\u0142a \u017celowe<\/span><\/strong><\/p>\n<p style=\"text-align: left;\" align=\"center\"><strong><span style=\"font-family: Arial;\">\u2013 6-punktowa amortyzacja budowlana<\/span><\/strong><\/p>\n<p style=\"text-align: left;\" align=\"center\"><strong><span style=\"font-family: Arial;\">\u2013 Regulacja uchwytu ze sk\u00f3ry ekologicznej<\/span><\/strong><\/p>\n<p style=\"text-align: left;\" align=\"center\"><strong><span style=\"font-family: Arial;\">\u2013 Gondola wykonana w technologii 3D<\/span><\/strong><\/p>\n<p style=\"text-align: left;\" align=\"center\"><strong><span style=\"font-family: Arial;\">\u2013 Regulacja gondoli<\/span><\/strong><\/p>\n<p style=\"text-align: left;\" align=\"center\"><strong><span style=\"font-family: Arial;\">\u2013 Wygodny, mi\u0119kki materac<\/span><\/strong><\/p>\n<p style=\"text-align: left;\" align=\"center\"><strong><span style=\"font-family: Arial;\">\u2013 Wy\u015bci\u00f3\u0142ka i materac wykonane z bawe\u0142ny 100%<\/span><\/strong><\/p>\n<p style=\"text-align: left;\" align=\"center\"><strong><span style=\"font-family: Arial;\">\u2013 Odpinana barierka w w\u00f3zku wykonana ze sk\u00f3ry ekologicznej<\/span><\/strong><\/p>\n<p style=\"text-align: left;\" align=\"center\"><strong><span style=\"font-family: Arial;\">\u2013 Innowacyjny system wentylacji w w\u00f3zku g\u0142\u0119bokim i spacerowym<\/span><\/strong><\/p>\n<p style=\"text-align: left;\" align=\"center\"><strong><span style=\"font-family: Arial;\">\u2013 Tkanina wodoodporna i odporna na promieniowanie UV<\/span><\/strong><\/p>\n<p style=\"text-align: left;\" align=\"center\"><strong><span style=\"color: #ff0000;\"><span style=\"font-family: Arial;\">Cena zawiera:<\/span><\/span><\/strong><\/p>\n<p style=\"text-align: left;\" align=\"center\"><strong><span style=\"font-family: Arial; color: #ff0000;\">2 w 1 zawiera:<\/span><\/strong><\/p>\n<p style=\"text-align: left;\" align=\"center\"><strong><span style=\"font-family: Arial;\">\u2013 Rama aluminiowa i ko\u0142a \u017celowe<\/span><\/strong><\/p>\n<p style=\"text-align: left;\" align=\"center\"><strong>\u2013 Gondola<\/strong><\/p>\n<p style=\"text-align: left;\" align=\"center\"><strong><span style=\"font-family: Arial;\">\u2013 Materac<\/span><\/strong><\/p>\n<p style=\"text-align: left;\" align=\"center\"><strong>\u2013 Pokrowiec na gondol\u0119<\/strong><\/p>\n<p style=\"text-align: left;\" align=\"center\"><strong><span style=\"font-family: Arial;\">\u2013 Siedzisko (w\u00f3zek spacerowy)<\/span><\/strong><\/p>\n<p style=\"text-align: left;\" align=\"center\"><strong><span style=\"font-family: Arial;\">\u2013 \u015apiworek<\/span><\/strong><\/p>\n<p style=\"text-align: left;\" align=\"center\"><strong><span style=\"font-family: Arial;\">\u2013 Torba z mat\u0105 do przewijania<\/span><\/strong><\/p>\n<p style=\"text-align: left;\" align=\"center\"><strong><span style=\"font-family: Arial;\">\u2013 Pojemny kosz na zakupy<\/span><\/strong><\/p>\n<p style=\"text-align: left;\" align=\"center\"><strong><span style=\"font-family: Arial;\">\u2013 Pokrowiec przeciwdeszczowy<\/span><\/strong><\/p>\n<p style=\"text-align: left;\" align=\"center\"><strong><span style=\"font-family: Arial;\">\u2013 Moskitiera<\/span><\/strong><\/p>\n<p style=\"text-align: left;\" align=\"center\"><strong><span style=\"font-family: Arial;\">\u2013 Uchwyt na kubek<\/span><\/strong><\/p>\n<p style=\"text-align: left;\" align=\"center\"><strong><span style=\"font-family: Arial;\">Opcje dodatkowe:<\/span><\/strong><\/p>\n<p style=\"text-align: left;\" align=\"center\"><strong><span style=\"font-family: Arial;\">\u2013 Adaptery\u00a0<\/span><\/strong><\/p>\n<p style=\"text-align: left;\" align=\"center\"><strong><span style=\"font-family: Arial;\">\u2013 \u015apiw\u00f3r\u00a0<\/span><\/strong><\/p>\n<p style=\"text-align: left;\" align=\"center\"><strong><span style=\"font-family: Arial;\">\u2013 Parasol<\/span><\/strong><\/p>\n<p style=\"text-align: left;\" align=\"center\"><strong><span style=\"font-family: Arial;\">- R\u0119kawice<\/span><\/strong><\/p>\n<p style=\"text-align: left;\" align=\"center\"><strong><span style=\"font-family: Arial;\">*Fotelik samochodowy (opcjonalnie)<\/span><\/strong><\/p>\n<p style=\"text-align: left;\" align=\"center\"><strong>*Baza ISOFIX (opcjonalna)<\/strong><\/p>\n<p><strong><span style=\"color: #ff0000;\">Wymiary\u00a0<\/span><\/strong><\/p>\n<p style=\"text-align: left;\" align=\"center\"><strong><span style=\"color: #000000;\"><span style=\"font-family: Arial;\"><img decoding=\"async\" src=\"https:\/\/ppg4kids.com\/img\/cms\/wymiary.PNG\" \/><\/span><\/span><\/strong><\/p>\n<p style=\"text-align: left;\" align=\"center\"><a href=\"http:\/\/forbabyboss.com\/wp-content\/uploads\/2022\/09\/checkout.png\"><img loading=\"lazy\" decoding=\"async\" class=\"alignnone size-full wp-image-5965\" src=\"http:\/\/forbabyboss.com\/wp-content\/uploads\/2022\/09\/checkout.png\" alt=\"\" width=\"750\" height=\"276\" srcset=\"https:\/\/forbabyboss.com\/wp-content\/uploads\/2022\/09\/checkout.png 750w, https:\/\/forbabyboss.com\/wp-content\/uploads\/2022\/09\/checkout-600x221.png 600w\" sizes=\"auto, (max-width: 750px) 100vw, 750px\" \/><\/a><\/p>","protected":false},"excerpt":{"rendered":"<p><a href=\"http:\/\/forbabyboss.com\/wp-content\/uploads\/2022\/09\/Star-Rating-5.png\"><img loading=\"lazy\" decoding=\"async\" class=\"alignnone size-full wp-image-5973 aligncenter\" src=\"http:\/\/forbabyboss.com\/wp-content\/uploads\/2022\/09\/Star-Rating-5.png\" alt=\"\" width=\"275\" height=\"45\" \/><\/a><\/p>\n<p style=\"text-align: center;\"><span style=\"color: #ed1c24; font-size: 120%;\"><b>GWARANCJA DOPASOWANIA CENY<\/b><\/span><\/p>\n<p style=\"text-align: center;\"><span style=\"font-size: 115%;\"><span style=\"font-weight: 400; color: #4f4fa7;\">Darmowa dostawa<\/span><span style=\"font-weight: 400;\"> \u2013 2 \u2013 7 dni<\/span><\/span><\/p>\n<p style=\"text-align: center;\"><strong><span style=\"color: #29606b;\">Darmowy prezent przy zakupach powy\u017cej 100 GBP<\/span><\/strong><\/p>","protected":false},"featured_media":4667,"template":"","meta":[],"product_brand":[584],"product_cat":[156,197,305,208,130,209,211,229],"product_tag":[163,200,199],"class_list":{"0":"post-4661","1":"product","2":"type-product","3":"status-publish","4":"has-post-thumbnail","6":"product_brand-junama","7":"product_cat-3-in-1","8":"product_cat-4-in-1-pram","9":"product_cat-colour","10":"product_cat-gold","11":"product_cat-prams","12":"product_cat-push-chairs","13":"product_cat-stroller","14":"product_cat-white","15":"product_tag-3-in-1-prams","16":"product_tag-4-in-1-pram","17":"product_tag-prams","19":"first","20":"instock","21":"sale","22":"shipping-taxable","23":"purchasable","24":"product-type-simple"},"yoast_head":"<!-- This site is optimized with the Yoast SEO plugin v27.5 - https:\/\/yoast.com\/product\/yoast-seo-wordpress\/ -->\n<title>Baby Parm Mirror Satin Stroller 4in1 Travel System In White and Gold - For Baby Boss<\/title>\n<meta name=\"description\" content=\"Baby Parm Mirror Satin Stroller 4in1 Travel System In White and Gold\" \/>\n<meta name=\"robots\" content=\"index, follow, max-snippet:-1, max-image-preview:large, max-video-preview:-1\" \/>\n<link rel=\"canonical\" href=\"https:\/\/forbabyboss.com\/pl\/product\/wozek-spacerowy-baby-parm-mirror-satin-4w1-w-kolorze-bialym-i-zlotym\/\" \/>\n<meta property=\"og:locale\" content=\"pl_PL\" \/>\n<meta property=\"og:type\" content=\"article\" \/>\n<meta property=\"og:title\" content=\"Baby Parm Mirror Satin Stroller 4in1 Travel System In White and Gold - For Baby Boss\" \/>\n<meta property=\"og:description\" content=\"Baby Parm Mirror Satin Stroller 4in1 Travel System In White and Gold\" \/>\n<meta property=\"og:url\" content=\"https:\/\/forbabyboss.com\/pl\/product\/wozek-spacerowy-baby-parm-mirror-satin-4w1-w-kolorze-bialym-i-zlotym\/\" \/>\n<meta property=\"og:site_name\" content=\"For Baby Boss\" \/>\n<meta property=\"article:modified_time\" content=\"2026-02-21T16:22:16+00:00\" \/>\n<meta property=\"og:image\" content=\"https:\/\/forbabyboss.com\/wp-content\/uploads\/2022\/09\/Baby-Pram-Pushchair-Junama-Mirror-Satin-Travel-System-2in1-3in1-4in1-Car-Seat-4in13in1isofix-base-06_MAIN.jpg\" \/>\n\t<meta property=\"og:image:width\" content=\"1020\" \/>\n\t<meta property=\"og:image:height\" content=\"1020\" \/>\n\t<meta property=\"og:image:type\" content=\"image\/jpeg\" \/>\n<meta name=\"twitter:card\" content=\"summary_large_image\" \/>\n<meta name=\"twitter:label1\" content=\"Szacowany czas czytania\" \/>\n\t<meta name=\"twitter:data1\" content=\"1 minuta\" \/>\n<script type=\"application\/ld+json\" class=\"yoast-schema-graph\">{\"@context\":\"https:\\\/\\\/schema.org\",\"@graph\":[{\"@type\":\"WebPage\",\"@id\":\"https:\\\/\\\/forbabyboss.com\\\/product\\\/baby-parm-mirror-satin-stroller-4in1-travel-system-in-white-and-gold\\\/\",\"url\":\"https:\\\/\\\/forbabyboss.com\\\/product\\\/baby-parm-mirror-satin-stroller-4in1-travel-system-in-white-and-gold\\\/\",\"name\":\"Baby Parm Mirror Satin Stroller 4in1 Travel System In White and Gold - For Baby Boss\",\"isPartOf\":{\"@id\":\"https:\\\/\\\/powderblue-seahorse-496884.hostingersite.com\\\/#website\"},\"primaryImageOfPage\":{\"@id\":\"https:\\\/\\\/forbabyboss.com\\\/product\\\/baby-parm-mirror-satin-stroller-4in1-travel-system-in-white-and-gold\\\/#primaryimage\"},\"image\":{\"@id\":\"https:\\\/\\\/forbabyboss.com\\\/product\\\/baby-parm-mirror-satin-stroller-4in1-travel-system-in-white-and-gold\\\/#primaryimage\"},\"thumbnailUrl\":\"https:\\\/\\\/forbabyboss.com\\\/wp-content\\\/uploads\\\/2022\\\/09\\\/Baby-Pram-Pushchair-Junama-Mirror-Satin-Travel-System-2in1-3in1-4in1-Car-Seat-4in13in1isofix-base-06_MAIN.jpg\",\"datePublished\":\"2022-09-09T13:20:41+00:00\",\"dateModified\":\"2026-02-21T16:22:16+00:00\",\"description\":\"Baby Parm Mirror Satin Stroller 4in1 Travel System In White and Gold\",\"breadcrumb\":{\"@id\":\"https:\\\/\\\/forbabyboss.com\\\/product\\\/baby-parm-mirror-satin-stroller-4in1-travel-system-in-white-and-gold\\\/#breadcrumb\"},\"inLanguage\":\"pl-PL\",\"potentialAction\":[{\"@type\":\"ReadAction\",\"target\":[\"https:\\\/\\\/forbabyboss.com\\\/product\\\/baby-parm-mirror-satin-stroller-4in1-travel-system-in-white-and-gold\\\/\"]}]},{\"@type\":\"ImageObject\",\"inLanguage\":\"pl-PL\",\"@id\":\"https:\\\/\\\/forbabyboss.com\\\/product\\\/baby-parm-mirror-satin-stroller-4in1-travel-system-in-white-and-gold\\\/#primaryimage\",\"url\":\"https:\\\/\\\/forbabyboss.com\\\/wp-content\\\/uploads\\\/2022\\\/09\\\/Baby-Pram-Pushchair-Junama-Mirror-Satin-Travel-System-2in1-3in1-4in1-Car-Seat-4in13in1isofix-base-06_MAIN.jpg\",\"contentUrl\":\"https:\\\/\\\/forbabyboss.com\\\/wp-content\\\/uploads\\\/2022\\\/09\\\/Baby-Pram-Pushchair-Junama-Mirror-Satin-Travel-System-2in1-3in1-4in1-Car-Seat-4in13in1isofix-base-06_MAIN.jpg\",\"width\":1020,\"height\":1020},{\"@type\":\"BreadcrumbList\",\"@id\":\"https:\\\/\\\/forbabyboss.com\\\/product\\\/baby-parm-mirror-satin-stroller-4in1-travel-system-in-white-and-gold\\\/#breadcrumb\",\"itemListElement\":[{\"@type\":\"ListItem\",\"position\":1,\"name\":\"Home\",\"item\":\"https:\\\/\\\/forbabyboss.com\\\/\"},{\"@type\":\"ListItem\",\"position\":2,\"name\":\"Shop\",\"item\":\"https:\\\/\\\/forbabyboss.com\\\/shop\\\/\"},{\"@type\":\"ListItem\",\"position\":3,\"name\":\"Baby Parm Mirror Satin Stroller 4in1 Travel System In White and Gold\"}]},{\"@type\":\"WebSite\",\"@id\":\"https:\\\/\\\/powderblue-seahorse-496884.hostingersite.com\\\/#website\",\"url\":\"https:\\\/\\\/powderblue-seahorse-496884.hostingersite.com\\\/\",\"name\":\"For Baby Boss\",\"description\":\"Beautiful gifts and accessories for your baby boss\",\"potentialAction\":[{\"@type\":\"SearchAction\",\"target\":{\"@type\":\"EntryPoint\",\"urlTemplate\":\"https:\\\/\\\/powderblue-seahorse-496884.hostingersite.com\\\/?s={search_term_string}\"},\"query-input\":{\"@type\":\"PropertyValueSpecification\",\"valueRequired\":true,\"valueName\":\"search_term_string\"}}],\"inLanguage\":\"pl-PL\"}]}<\/script>\n<!-- \/ Yoast SEO plugin. -->","yoast_head_json":{"title":"W\u00f3zek spacerowy Baby Parm Mirror Satin 4w1 w kolorze bia\u0142ym i z\u0142otym \u2013 dla Baby Boss","description":"W\u00f3zek spacerowy Baby Parm Mirror Satin 4w1 w kolorze bia\u0142ym i z\u0142otym","robots":{"index":"index","follow":"follow","max-snippet":"max-snippet:-1","max-image-preview":"max-image-preview:large","max-video-preview":"max-video-preview:-1"},"canonical":"https:\/\/forbabyboss.com\/pl\/product\/wozek-spacerowy-baby-parm-mirror-satin-4w1-w-kolorze-bialym-i-zlotym\/","og_locale":"pl_PL","og_type":"article","og_title":"Baby Parm Mirror Satin Stroller 4in1 Travel System In White and Gold - For Baby Boss","og_description":"Baby Parm Mirror Satin Stroller 4in1 Travel System In White and Gold","og_url":"https:\/\/forbabyboss.com\/pl\/product\/wozek-spacerowy-baby-parm-mirror-satin-4w1-w-kolorze-bialym-i-zlotym\/","og_site_name":"For Baby Boss","article_modified_time":"2026-02-21T16:22:16+00:00","og_image":[{"width":1020,"height":1020,"url":"https:\/\/forbabyboss.com\/wp-content\/uploads\/2022\/09\/Baby-Pram-Pushchair-Junama-Mirror-Satin-Travel-System-2in1-3in1-4in1-Car-Seat-4in13in1isofix-base-06_MAIN.jpg","type":"image\/jpeg"}],"twitter_card":"summary_large_image","twitter_misc":{"Szacowany czas czytania":"1 minuta"},"schema":{"@context":"https:\/\/schema.org","@graph":[{"@type":"WebPage","@id":"https:\/\/forbabyboss.com\/product\/baby-parm-mirror-satin-stroller-4in1-travel-system-in-white-and-gold\/","url":"https:\/\/forbabyboss.com\/product\/baby-parm-mirror-satin-stroller-4in1-travel-system-in-white-and-gold\/","name":"W\u00f3zek spacerowy Baby Parm Mirror Satin 4w1 w kolorze bia\u0142ym i z\u0142otym \u2013 dla Baby Boss","isPartOf":{"@id":"https:\/\/powderblue-seahorse-496884.hostingersite.com\/#website"},"primaryImageOfPage":{"@id":"https:\/\/forbabyboss.com\/product\/baby-parm-mirror-satin-stroller-4in1-travel-system-in-white-and-gold\/#primaryimage"},"image":{"@id":"https:\/\/forbabyboss.com\/product\/baby-parm-mirror-satin-stroller-4in1-travel-system-in-white-and-gold\/#primaryimage"},"thumbnailUrl":"https:\/\/forbabyboss.com\/wp-content\/uploads\/2022\/09\/Baby-Pram-Pushchair-Junama-Mirror-Satin-Travel-System-2in1-3in1-4in1-Car-Seat-4in13in1isofix-base-06_MAIN.jpg","datePublished":"2022-09-09T13:20:41+00:00","dateModified":"2026-02-21T16:22:16+00:00","description":"W\u00f3zek spacerowy Baby Parm Mirror Satin 4w1 w kolorze bia\u0142ym i z\u0142otym","breadcrumb":{"@id":"https:\/\/forbabyboss.com\/product\/baby-parm-mirror-satin-stroller-4in1-travel-system-in-white-and-gold\/#breadcrumb"},"inLanguage":"pl-PL","potentialAction":[{"@type":"ReadAction","target":["https:\/\/forbabyboss.com\/product\/baby-parm-mirror-satin-stroller-4in1-travel-system-in-white-and-gold\/"]}]},{"@type":"ImageObject","inLanguage":"pl-PL","@id":"https:\/\/forbabyboss.com\/product\/baby-parm-mirror-satin-stroller-4in1-travel-system-in-white-and-gold\/#primaryimage","url":"https:\/\/forbabyboss.com\/wp-content\/uploads\/2022\/09\/Baby-Pram-Pushchair-Junama-Mirror-Satin-Travel-System-2in1-3in1-4in1-Car-Seat-4in13in1isofix-base-06_MAIN.jpg","contentUrl":"https:\/\/forbabyboss.com\/wp-content\/uploads\/2022\/09\/Baby-Pram-Pushchair-Junama-Mirror-Satin-Travel-System-2in1-3in1-4in1-Car-Seat-4in13in1isofix-base-06_MAIN.jpg","width":1020,"height":1020},{"@type":"BreadcrumbList","@id":"https:\/\/forbabyboss.com\/product\/baby-parm-mirror-satin-stroller-4in1-travel-system-in-white-and-gold\/#breadcrumb","itemListElement":[{"@type":"ListItem","position":1,"name":"Home","item":"https:\/\/forbabyboss.com\/"},{"@type":"ListItem","position":2,"name":"Shop","item":"https:\/\/forbabyboss.com\/shop\/"},{"@type":"ListItem","position":3,"name":"Baby Parm Mirror Satin Stroller 4in1 Travel System In White and Gold"}]},{"@type":"WebSite","@id":"https:\/\/powderblue-seahorse-496884.hostingersite.com\/#website","url":"https:\/\/powderblue-seahorse-496884.hostingersite.com\/","name":"Dla Baby Boss","description":"Pi\u0119kne prezenty i akcesoria dla ma\u0142ego szefa","potentialAction":[{"@type":"SearchAction","target":{"@type":"EntryPoint","urlTemplate":"https:\/\/powderblue-seahorse-496884.hostingersite.com\/?s={search_term_string}"},"query-input":{"@type":"PropertyValueSpecification","valueRequired":true,"valueName":"search_term_string"}}],"inLanguage":"pl-PL"}]}},"_links":{"self":[{"href":"https:\/\/forbabyboss.com\/pl\/wp-json\/wp\/v2\/product\/4661","targetHints":{"allow":["GET"]}}],"collection":[{"href":"https:\/\/forbabyboss.com\/pl\/wp-json\/wp\/v2\/product"}],"about":[{"href":"https:\/\/forbabyboss.com\/pl\/wp-json\/wp\/v2\/types\/product"}],"wp:featuredmedia":[{"embeddable":true,"href":"https:\/\/forbabyboss.com\/pl\/wp-json\/wp\/v2\/media\/4667"}],"wp:attachment":[{"href":"https:\/\/forbabyboss.com\/pl\/wp-json\/wp\/v2\/media?parent=4661"}],"wp:term":[{"taxonomy":"product_brand","embeddable":true,"href":"https:\/\/forbabyboss.com\/pl\/wp-json\/wp\/v2\/product_brand?post=4661"},{"taxonomy":"product_cat","embeddable":true,"href":"https:\/\/forbabyboss.com\/pl\/wp-json\/wp\/v2\/product_cat?post=4661"},{"taxonomy":"product_tag","embeddable":true,"href":"https:\/\/forbabyboss.com\/pl\/wp-json\/wp\/v2\/product_tag?post=4661"}],"curies":[{"name":"wp","href":"https:\/\/api.w.org\/{rel}","templated":true}]}}