{"id":4694,"date":"2022-09-09T14:28:41","date_gmt":"2022-09-09T14:28:41","guid":{"rendered":"http:\/\/forbabyboss.com\/?post_type=product&#038;p=4694"},"modified":"2026-02-21T16:25:10","modified_gmt":"2026-02-21T16:25:10","slug":"wozek-dzieciecy-4w1-pro-17-ze-skory-ekologicznej-w-kolorze-jasnoszarym","status":"publish","type":"product","link":"https:\/\/forbabyboss.com\/pl\/product\/baby-pram-pushchair-4in1-pro-17-eco-leather-stroller-in-light-grey\/","title":{"rendered":"W\u00f3zek dzieci\u0119cy 4w1 Pro 17 ze sk\u00f3ry ekologicznej w kolorze jasnoszarym"},"content":{"rendered":"<p><strong><span style=\"font-size: 120%;\"><span style=\"color: #e14d43;\">Ekskluzywny towarzysz zapewniaj\u0105cy komfortowe doznania<\/span><\/span><\/strong><\/p>\n<p><strong><span style=\"color: #e14d43;\">NOWY LUCA!<\/span><\/strong><\/p>\n<p style=\"text-align: justify;\"><strong><span style=\"color: #808080;\">Chcesz zobaczy\u0107 co nowego w naszej kolekcji?<\/span><\/strong><\/p>\n<p style=\"text-align: justify;\"><strong><span style=\"color: #808080;\">Przyjrzyj si\u0119 bli\u017cej Luca PRO. Gondola wykonana z ekosk\u00f3ry i stylowy haft czyni\u0105 j\u0105 naprawd\u0119 wyj\u0105tkowym rozwi\u0105zaniem. W kolekcji Luca VERO znajdziesz unikalne po\u0142\u0105czenia materia\u0142owej tapicerki z r\u00f3\u017cnymi ekosk\u00f3rami.<\/span><\/strong><\/p>\n<h4 style=\"text-align: justify;\"><strong><span style=\"color: #808080;\"><span style=\"color: #e14d43;\">CENA WLICZONA W CEN\u0118<\/span>:<\/span><\/strong><\/h4>\n<p style=\"text-align: justify;\" align=\"center\"><strong><span style=\"font-family: Arial; color: #808080;\">\u2013 Rama aluminiowa<\/span><\/strong><\/p>\n<p style=\"text-align: justify;\" align=\"center\"><strong><span style=\"font-family: Arial; color: #808080;\">\u2013 4 ko\u0142a<\/span><\/strong><\/p>\n<p style=\"text-align: justify;\" align=\"center\"><strong><span style=\"font-family: Arial; color: #808080;\">\u2013 Gondola<\/span><\/strong><\/p>\n<p style=\"text-align: justify;\" align=\"center\"><strong><span style=\"font-family: Arial; color: #808080;\">\u2013 Pokrowiec na w\u00f3zek i materac<\/span><\/strong><\/p>\n<p style=\"text-align: justify;\" align=\"center\"><strong><span style=\"font-family: Arial; color: #808080;\">\u2013 Pokrowiec przeciwdeszczowy<\/span><\/strong><\/p>\n<p style=\"text-align: justify;\" align=\"center\"><strong><span style=\"font-family: Arial; color: #808080;\">\u2013 Moskitiera<\/span><\/strong><\/p>\n<p style=\"text-align: justify;\" align=\"center\"><strong><span style=\"font-family: Arial; color: #808080;\">\u2013 Torba nowoczesna<\/span><\/strong><\/p>\n<p style=\"text-align: justify;\" align=\"center\"><strong><span style=\"font-family: Arial; color: #808080;\">\u2013 Koszyk zakupowy<\/span><\/strong><\/p>\n<p style=\"text-align: justify;\" align=\"center\"><strong><span style=\"font-family: Arial; color: #808080;\">\u2013 Uchwyt na kubek<\/span><\/strong><\/p>\n<p style=\"text-align: justify;\" align=\"center\"><strong><span style=\"font-family: Arial; color: #808080;\">\u2013 24 miesi\u0105ce gwarancji<\/span><\/strong><\/p>\n<p style=\"text-align: justify;\" align=\"center\"><strong><span style=\"font-family: Arial; color: #808080;\">\u2013 W\u00f3zek dzieci\u0119cy<\/span><\/strong><\/p>\n<p style=\"text-align: justify;\" align=\"center\"><strong><span style=\"font-family: Arial; color: #808080;\">\u2013 *Fotelik samochodowy (opcjonalnie)<\/span><\/strong><\/p>\n<p style=\"text-align: justify;\" align=\"center\"><strong><span style=\"font-family: Arial; color: #808080;\">\u2013 *Baza Isofix (opcjonalnie_<\/span><\/strong><\/p>\n<div>\n<div><strong><span style=\"color: #808080;\">Po z\u0142o\u017ceniu mie\u015bci si\u0119 w przestrzeni: 75x59x36cm<\/span><\/strong><\/div>\n<div><\/div>\n<div><strong><span style=\"color: #808080;\">*Wymiary: d\u0142ugo\u015b\u0107, szeroko\u015b\u0107, wysoko\u015b\u0107, waga.<\/span><\/strong><\/div>\n<div><\/div>\n<div><strong><span style=\"color: #808080;\"><img loading=\"lazy\" decoding=\"async\" class=\"aligncenter\" src=\"https:\/\/i.ebayimg.com\/images\/g\/7vAAAOSwpmximeQ5\/s-l1600.png\" alt=\"Zdj\u0119cie 81 - W\u00f3zek dzieci\u0119cy Bebetto Luca PRO eco Travel System 2w1 3w1 4w1 fotelik samochodowy\" width=\"972\" height=\"99\" \/><\/span><\/strong><\/div>\n<div><\/div>\n<div><\/div>\n<div><\/div>\n<div><strong><span style=\"color: #808080;\"><img loading=\"lazy\" decoding=\"async\" class=\"\" src=\"https:\/\/i.ebayimg.com\/images\/g\/dAIAAOSwBeBilzyx\/s-l1600.jpg\" alt=\"Zdj\u0119cie 3 \u2013 W\u00f3zek dzieci\u0119cy Bebetto Luca PRO eco Travel System 2w1 3w1 4w1 fotelik samochodowy\" width=\"954\" height=\"288\" \/><img loading=\"lazy\" decoding=\"async\" class=\"\" src=\"https:\/\/i.ebayimg.com\/images\/g\/gXsAAOSwWvlilzyy\/s-l1600.jpg\" alt=\"Zdj\u0119cie 4 \u2013 W\u00f3zek dzieci\u0119cy Bebetto Luca PRO eco Travel System 2w1 3w1 4w1 fotelik samochodowy\" width=\"941\" height=\"258\" \/><\/span><\/strong><\/div>\n<\/div>\n<div><\/div>\n<div><a href=\"http:\/\/forbabyboss.com\/wp-content\/uploads\/2022\/09\/checkout.png\"><img loading=\"lazy\" decoding=\"async\" class=\"alignnone size-full wp-image-5965\" src=\"http:\/\/forbabyboss.com\/wp-content\/uploads\/2022\/09\/checkout.png\" alt=\"\" width=\"750\" height=\"276\" srcset=\"https:\/\/forbabyboss.com\/wp-content\/uploads\/2022\/09\/checkout.png 750w, https:\/\/forbabyboss.com\/wp-content\/uploads\/2022\/09\/checkout-600x221.png 600w\" sizes=\"auto, (max-width: 750px) 100vw, 750px\" \/><\/a><\/div>","protected":false},"excerpt":{"rendered":"<p><a href=\"http:\/\/forbabyboss.com\/wp-content\/uploads\/2022\/09\/Star-Rating-5.png\"><img loading=\"lazy\" decoding=\"async\" class=\"alignnone size-full wp-image-5973 aligncenter\" src=\"http:\/\/forbabyboss.com\/wp-content\/uploads\/2022\/09\/Star-Rating-5.png\" alt=\"\" width=\"275\" height=\"45\" \/><\/a><\/p>\n<p style=\"text-align: center;\"><span style=\"color: #ed1c24; font-size: 120%;\"><b>GWARANCJA DOPASOWANIA CENY<\/b><\/span><\/p>\n<p style=\"text-align: center;\"><span style=\"font-size: 115%;\"><span style=\"font-weight: 400; color: #4f4fa7;\">Darmowa dostawa<\/span><span style=\"font-weight: 400;\"> \u2013 2 \u2013 7 dni<\/span><\/span><\/p>\n<p style=\"text-align: center;\"><strong><span style=\"color: #29606b;\">Darmowy prezent przy zakupach powy\u017cej 100 GBP<\/span><\/strong><\/p>","protected":false},"featured_media":4698,"template":"","meta":[],"product_brand":[583],"product_cat":[339,156,197,305,308,130,211],"product_tag":[202,200,199],"class_list":{"0":"post-4694","1":"product","2":"type-product","3":"status-publish","4":"has-post-thumbnail","6":"product_brand-bebetto","7":"product_cat-700-to-800","8":"product_cat-3-in-1","9":"product_cat-4-in-1-pram","10":"product_cat-colour","11":"product_cat-light-grey","12":"product_cat-prams","13":"product_cat-stroller","14":"product_tag-3-in-1-pram","15":"product_tag-4-in-1-pram","16":"product_tag-prams","18":"first","19":"instock","20":"sale","21":"shipping-taxable","22":"purchasable","23":"product-type-simple"},"yoast_head":"<!-- This site is optimized with the Yoast SEO plugin v27.5 - https:\/\/yoast.com\/product\/yoast-seo-wordpress\/ -->\n<title>Baby Pram Pushchair 4in1 Pro 17 Eco-leather Stroller in Light Grey - For Baby Boss<\/title>\n<meta name=\"description\" content=\"Baby Pram Pushchair 4in1 Pro 17 Eco-leather Stroller in Light Grey\" \/>\n<meta name=\"robots\" content=\"index, follow, max-snippet:-1, max-image-preview:large, max-video-preview:-1\" \/>\n<link rel=\"canonical\" href=\"https:\/\/forbabyboss.com\/pl\/product\/wozek-dzieciecy-4w1-pro-17-ze-skory-ekologicznej-w-kolorze-jasnoszarym\/\" \/>\n<meta property=\"og:locale\" content=\"pl_PL\" \/>\n<meta property=\"og:type\" content=\"article\" \/>\n<meta property=\"og:title\" content=\"Baby Pram Pushchair 4in1 Pro 17 Eco-leather Stroller in Light Grey - For Baby Boss\" \/>\n<meta property=\"og:description\" content=\"Baby Pram Pushchair 4in1 Pro 17 Eco-leather Stroller in Light Grey\" \/>\n<meta property=\"og:url\" content=\"https:\/\/forbabyboss.com\/pl\/product\/wozek-dzieciecy-4w1-pro-17-ze-skory-ekologicznej-w-kolorze-jasnoszarym\/\" \/>\n<meta property=\"og:site_name\" content=\"For Baby Boss\" \/>\n<meta property=\"article:modified_time\" content=\"2026-02-21T16:25:10+00:00\" \/>\n<meta property=\"og:image\" content=\"https:\/\/forbabyboss.com\/wp-content\/uploads\/2022\/09\/Baby-Pram-Pushchair-Bebetto-Luca-PRO-eco-Travel-System-2in1-3in1-4in1-Car-Seat-PRO-18-4in13in1isofix-base_main.png\" \/>\n\t<meta property=\"og:image:width\" content=\"1000\" \/>\n\t<meta property=\"og:image:height\" content=\"1000\" \/>\n\t<meta property=\"og:image:type\" content=\"image\/png\" \/>\n<meta name=\"twitter:card\" content=\"summary_large_image\" \/>\n<meta name=\"twitter:label1\" content=\"Szacowany czas czytania\" \/>\n\t<meta name=\"twitter:data1\" content=\"2 minuty\" \/>\n<script type=\"application\/ld+json\" class=\"yoast-schema-graph\">{\"@context\":\"https:\\\/\\\/schema.org\",\"@graph\":[{\"@type\":\"WebPage\",\"@id\":\"https:\\\/\\\/forbabyboss.com\\\/product\\\/baby-pram-pushchair-4in1-pro-17-eco-leather-stroller-in-light-grey\\\/\",\"url\":\"https:\\\/\\\/forbabyboss.com\\\/product\\\/baby-pram-pushchair-4in1-pro-17-eco-leather-stroller-in-light-grey\\\/\",\"name\":\"Baby Pram Pushchair 4in1 Pro 17 Eco-leather Stroller in Light Grey - For Baby Boss\",\"isPartOf\":{\"@id\":\"https:\\\/\\\/powderblue-seahorse-496884.hostingersite.com\\\/#website\"},\"primaryImageOfPage\":{\"@id\":\"https:\\\/\\\/forbabyboss.com\\\/product\\\/baby-pram-pushchair-4in1-pro-17-eco-leather-stroller-in-light-grey\\\/#primaryimage\"},\"image\":{\"@id\":\"https:\\\/\\\/forbabyboss.com\\\/product\\\/baby-pram-pushchair-4in1-pro-17-eco-leather-stroller-in-light-grey\\\/#primaryimage\"},\"thumbnailUrl\":\"https:\\\/\\\/forbabyboss.com\\\/wp-content\\\/uploads\\\/2022\\\/09\\\/Baby-Pram-Pushchair-Bebetto-Luca-PRO-eco-Travel-System-2in1-3in1-4in1-Car-Seat-PRO-18-4in13in1isofix-base_main.png\",\"datePublished\":\"2022-09-09T14:28:41+00:00\",\"dateModified\":\"2026-02-21T16:25:10+00:00\",\"description\":\"Baby Pram Pushchair 4in1 Pro 17 Eco-leather Stroller in Light Grey\",\"breadcrumb\":{\"@id\":\"https:\\\/\\\/forbabyboss.com\\\/product\\\/baby-pram-pushchair-4in1-pro-17-eco-leather-stroller-in-light-grey\\\/#breadcrumb\"},\"inLanguage\":\"pl-PL\",\"potentialAction\":[{\"@type\":\"ReadAction\",\"target\":[\"https:\\\/\\\/forbabyboss.com\\\/product\\\/baby-pram-pushchair-4in1-pro-17-eco-leather-stroller-in-light-grey\\\/\"]}]},{\"@type\":\"ImageObject\",\"inLanguage\":\"pl-PL\",\"@id\":\"https:\\\/\\\/forbabyboss.com\\\/product\\\/baby-pram-pushchair-4in1-pro-17-eco-leather-stroller-in-light-grey\\\/#primaryimage\",\"url\":\"https:\\\/\\\/forbabyboss.com\\\/wp-content\\\/uploads\\\/2022\\\/09\\\/Baby-Pram-Pushchair-Bebetto-Luca-PRO-eco-Travel-System-2in1-3in1-4in1-Car-Seat-PRO-18-4in13in1isofix-base_main.png\",\"contentUrl\":\"https:\\\/\\\/forbabyboss.com\\\/wp-content\\\/uploads\\\/2022\\\/09\\\/Baby-Pram-Pushchair-Bebetto-Luca-PRO-eco-Travel-System-2in1-3in1-4in1-Car-Seat-PRO-18-4in13in1isofix-base_main.png\",\"width\":1000,\"height\":1000},{\"@type\":\"BreadcrumbList\",\"@id\":\"https:\\\/\\\/forbabyboss.com\\\/product\\\/baby-pram-pushchair-4in1-pro-17-eco-leather-stroller-in-light-grey\\\/#breadcrumb\",\"itemListElement\":[{\"@type\":\"ListItem\",\"position\":1,\"name\":\"Home\",\"item\":\"https:\\\/\\\/forbabyboss.com\\\/\"},{\"@type\":\"ListItem\",\"position\":2,\"name\":\"Shop\",\"item\":\"https:\\\/\\\/forbabyboss.com\\\/shop\\\/\"},{\"@type\":\"ListItem\",\"position\":3,\"name\":\"Baby Pram Pushchair 4in1 Pro 17 Eco-leather Stroller in Light Grey\"}]},{\"@type\":\"WebSite\",\"@id\":\"https:\\\/\\\/powderblue-seahorse-496884.hostingersite.com\\\/#website\",\"url\":\"https:\\\/\\\/powderblue-seahorse-496884.hostingersite.com\\\/\",\"name\":\"For Baby Boss\",\"description\":\"Beautiful gifts and accessories for your baby boss\",\"potentialAction\":[{\"@type\":\"SearchAction\",\"target\":{\"@type\":\"EntryPoint\",\"urlTemplate\":\"https:\\\/\\\/powderblue-seahorse-496884.hostingersite.com\\\/?s={search_term_string}\"},\"query-input\":{\"@type\":\"PropertyValueSpecification\",\"valueRequired\":true,\"valueName\":\"search_term_string\"}}],\"inLanguage\":\"pl-PL\"}]}<\/script>\n<!-- \/ Yoast SEO plugin. -->","yoast_head_json":{"title":"W\u00f3zek dzieci\u0119cy 4w1 Pro 17 ze sk\u00f3ry ekologicznej w kolorze jasnoszarym - dla Baby Boss","description":"W\u00f3zek dzieci\u0119cy 4w1 Pro 17 ze sk\u00f3ry ekologicznej w kolorze jasnoszarym","robots":{"index":"index","follow":"follow","max-snippet":"max-snippet:-1","max-image-preview":"max-image-preview:large","max-video-preview":"max-video-preview:-1"},"canonical":"https:\/\/forbabyboss.com\/pl\/product\/wozek-dzieciecy-4w1-pro-17-ze-skory-ekologicznej-w-kolorze-jasnoszarym\/","og_locale":"pl_PL","og_type":"article","og_title":"Baby Pram Pushchair 4in1 Pro 17 Eco-leather Stroller in Light Grey - For Baby Boss","og_description":"Baby Pram Pushchair 4in1 Pro 17 Eco-leather Stroller in Light Grey","og_url":"https:\/\/forbabyboss.com\/pl\/product\/wozek-dzieciecy-4w1-pro-17-ze-skory-ekologicznej-w-kolorze-jasnoszarym\/","og_site_name":"For Baby Boss","article_modified_time":"2026-02-21T16:25:10+00:00","og_image":[{"width":1000,"height":1000,"url":"https:\/\/forbabyboss.com\/wp-content\/uploads\/2022\/09\/Baby-Pram-Pushchair-Bebetto-Luca-PRO-eco-Travel-System-2in1-3in1-4in1-Car-Seat-PRO-18-4in13in1isofix-base_main.png","type":"image\/png"}],"twitter_card":"summary_large_image","twitter_misc":{"Szacowany czas czytania":"2 minuty"},"schema":{"@context":"https:\/\/schema.org","@graph":[{"@type":"WebPage","@id":"https:\/\/forbabyboss.com\/product\/baby-pram-pushchair-4in1-pro-17-eco-leather-stroller-in-light-grey\/","url":"https:\/\/forbabyboss.com\/product\/baby-pram-pushchair-4in1-pro-17-eco-leather-stroller-in-light-grey\/","name":"W\u00f3zek dzieci\u0119cy 4w1 Pro 17 ze sk\u00f3ry ekologicznej w kolorze jasnoszarym - dla Baby Boss","isPartOf":{"@id":"https:\/\/powderblue-seahorse-496884.hostingersite.com\/#website"},"primaryImageOfPage":{"@id":"https:\/\/forbabyboss.com\/product\/baby-pram-pushchair-4in1-pro-17-eco-leather-stroller-in-light-grey\/#primaryimage"},"image":{"@id":"https:\/\/forbabyboss.com\/product\/baby-pram-pushchair-4in1-pro-17-eco-leather-stroller-in-light-grey\/#primaryimage"},"thumbnailUrl":"https:\/\/forbabyboss.com\/wp-content\/uploads\/2022\/09\/Baby-Pram-Pushchair-Bebetto-Luca-PRO-eco-Travel-System-2in1-3in1-4in1-Car-Seat-PRO-18-4in13in1isofix-base_main.png","datePublished":"2022-09-09T14:28:41+00:00","dateModified":"2026-02-21T16:25:10+00:00","description":"W\u00f3zek dzieci\u0119cy 4w1 Pro 17 ze sk\u00f3ry ekologicznej w kolorze jasnoszarym","breadcrumb":{"@id":"https:\/\/forbabyboss.com\/product\/baby-pram-pushchair-4in1-pro-17-eco-leather-stroller-in-light-grey\/#breadcrumb"},"inLanguage":"pl-PL","potentialAction":[{"@type":"ReadAction","target":["https:\/\/forbabyboss.com\/product\/baby-pram-pushchair-4in1-pro-17-eco-leather-stroller-in-light-grey\/"]}]},{"@type":"ImageObject","inLanguage":"pl-PL","@id":"https:\/\/forbabyboss.com\/product\/baby-pram-pushchair-4in1-pro-17-eco-leather-stroller-in-light-grey\/#primaryimage","url":"https:\/\/forbabyboss.com\/wp-content\/uploads\/2022\/09\/Baby-Pram-Pushchair-Bebetto-Luca-PRO-eco-Travel-System-2in1-3in1-4in1-Car-Seat-PRO-18-4in13in1isofix-base_main.png","contentUrl":"https:\/\/forbabyboss.com\/wp-content\/uploads\/2022\/09\/Baby-Pram-Pushchair-Bebetto-Luca-PRO-eco-Travel-System-2in1-3in1-4in1-Car-Seat-PRO-18-4in13in1isofix-base_main.png","width":1000,"height":1000},{"@type":"BreadcrumbList","@id":"https:\/\/forbabyboss.com\/product\/baby-pram-pushchair-4in1-pro-17-eco-leather-stroller-in-light-grey\/#breadcrumb","itemListElement":[{"@type":"ListItem","position":1,"name":"Home","item":"https:\/\/forbabyboss.com\/"},{"@type":"ListItem","position":2,"name":"Shop","item":"https:\/\/forbabyboss.com\/shop\/"},{"@type":"ListItem","position":3,"name":"Baby Pram Pushchair 4in1 Pro 17 Eco-leather Stroller in Light Grey"}]},{"@type":"WebSite","@id":"https:\/\/powderblue-seahorse-496884.hostingersite.com\/#website","url":"https:\/\/powderblue-seahorse-496884.hostingersite.com\/","name":"Dla Baby Boss","description":"Pi\u0119kne prezenty i akcesoria dla ma\u0142ego szefa","potentialAction":[{"@type":"SearchAction","target":{"@type":"EntryPoint","urlTemplate":"https:\/\/powderblue-seahorse-496884.hostingersite.com\/?s={search_term_string}"},"query-input":{"@type":"PropertyValueSpecification","valueRequired":true,"valueName":"search_term_string"}}],"inLanguage":"pl-PL"}]}},"_links":{"self":[{"href":"https:\/\/forbabyboss.com\/pl\/wp-json\/wp\/v2\/product\/4694","targetHints":{"allow":["GET"]}}],"collection":[{"href":"https:\/\/forbabyboss.com\/pl\/wp-json\/wp\/v2\/product"}],"about":[{"href":"https:\/\/forbabyboss.com\/pl\/wp-json\/wp\/v2\/types\/product"}],"wp:featuredmedia":[{"embeddable":true,"href":"https:\/\/forbabyboss.com\/pl\/wp-json\/wp\/v2\/media\/4698"}],"wp:attachment":[{"href":"https:\/\/forbabyboss.com\/pl\/wp-json\/wp\/v2\/media?parent=4694"}],"wp:term":[{"taxonomy":"product_brand","embeddable":true,"href":"https:\/\/forbabyboss.com\/pl\/wp-json\/wp\/v2\/product_brand?post=4694"},{"taxonomy":"product_cat","embeddable":true,"href":"https:\/\/forbabyboss.com\/pl\/wp-json\/wp\/v2\/product_cat?post=4694"},{"taxonomy":"product_tag","embeddable":true,"href":"https:\/\/forbabyboss.com\/pl\/wp-json\/wp\/v2\/product_tag?post=4694"}],"curies":[{"name":"wp","href":"https:\/\/api.w.org\/{rel}","templated":true}]}}