{"id":5000,"date":"2022-09-10T16:15:30","date_gmt":"2022-09-10T16:15:30","guid":{"rendered":"http:\/\/forbabyboss.com\/?post_type=product&#038;p=5000"},"modified":"2026-02-21T13:09:04","modified_gmt":"2026-02-21T13:09:04","slug":"wozek-dzieciecy-fotelik-samochodowy-system-podrozny-3-w-1-wozek-wielofunkcyjny-w-zlotych-skrzydlach","status":"publish","type":"product","link":"https:\/\/forbabyboss.com\/pl\/product\/baby-buggy-pram-car-seat-3-in-1-travel-system-pushchair-all-in-one-in-gold-wings\/","title":{"rendered":"W\u00f3zek dzieci\u0119cy, fotelik samochodowy, system podr\u00f3\u017cny 3 w 1, w\u00f3zek All In One, Gold Wings"},"content":{"rendered":"<h1 style=\"text-align: justify;\"><span style=\"color: #e14d43;\"><strong>Nasz w\u00f3zek 3 w 1 to dobrze zaprojektowany system podr\u00f3\u017cny<\/strong><\/span><\/h1>\n<p style=\"text-align: justify;\"><span style=\"color: #282828;\"><strong>Zaprojektowali\u015bmy w\u00f3zek, aby wspiera\u0107 rodzic\u00f3w i dzieci od urodzenia do 3. roku \u017cycia. Jest on doskonale dostosowany do potrzeb rosn\u0105cego dziecka \u2013 zaczynasz od gondoli z ram\u0105 w\u00f3zka. Gdy uznasz, \u017ce dziecko jest ju\u017c wystarczaj\u0105co du\u017ce i gotowe do samodzielnego siedzenia podczas spacer\u00f3w, montujesz wygodne siedzisko ty\u0142em lub przodem do kierunku jazdy. Czy mo\u017cna chcie\u0107 czego\u015b wi\u0119cej?<\/strong><\/span><\/p>\n<p style=\"text-align: justify;\"><span style=\"color: #e14d43;\"><strong>Cechy:<\/strong><\/span><\/p>\n<p style=\"text-align: justify;\"><span style=\"color: #282828;\"><strong>-tryb skierowany do przodu i do ty\u0142u<br \/>\n-fotelik samochodowy mocowany do podwozia<br \/>\n-okno wentylacyjne z ty\u0142u maski<br \/>\n-gondola posiada mi\u0119kk\u0105 wy\u015bci\u00f3\u0142k\u0119, kt\u00f3r\u0105 mo\u017cna zdj\u0105\u0107 do prania<br \/>\n-pokryw\u0119 gondoli mo\u017cna podnie\u015b\u0107, aby uzyska\u0107 os\u0142on\u0119 przed wiatrem<br \/>\n-przed\u0142u\u017cony, odpinany kaptur<br \/>\n-5-punktowe pasy bezpiecze\u0144stwa<br \/>\n-laminowany podn\u00f3\u017cek<br \/>\n-wielostopniowo regulowany uchwyt<br \/>\n-regulowane zawieszenie<br \/>\n-solidna rama<br \/>\n-regulowane nogi i oparcie<br \/>\n- centralny hamulec EASY STOP<br \/>\n-du\u017cy kosz na zakupy<br \/>\nPrzydatno\u015b\u0107 w\u00f3zka dzieci\u0119cego 0-3 lata<br \/>\nFotelik samochodowy do 10 kg<\/strong><\/span><\/p>\n<p style=\"text-align: justify;\"><span style=\"color: #e14d43;\"><strong>Cechy fotelika samochodowego:<\/strong><\/span><\/p>\n<p style=\"text-align: justify;\"><span style=\"color: #282828;\"><strong>-dodatkowa wk\u0142adka dla niemowl\u0105t<br \/>\n-regulowany uchwyt<br \/>\n-pokrycie st\u00f3p<br \/>\n-odpinany kaptur<br \/>\n-trzypunktowe pasy bezpiecze\u0144stwa<\/strong><\/span><\/p>\n<p style=\"text-align: justify;\"><span style=\"color: #e14d43;\"><strong>Zestaw zawiera:<\/strong><\/span><\/p>\n<p><span style=\"color: #282828;\"><strong>-rama z uchwytem ze sk\u00f3ry ekologicznej<br \/>\n-gondola z regulowanym oparciem<br \/>\n-jednostka siedziska<br \/>\n-dwa pokrowce na n\u00f3\u017cki (do w\u00f3zka i gondoli)<br \/>\n- wielofunkcyjny fotelik samochodowy z adapterami<br \/>\n-pokrowiec przeciwdeszczowy<br \/>\n-moskitiera<br \/>\n-torba i mata do przewijania<br \/>\n-mi\u0119kkie, \u017celowe, odporne na przebicie ko\u0142a (terenowe)<br \/>\n-uchwyt do butelki<br \/>\n-du\u017ca kiesze\u0144 z ty\u0142u torby i dwie ma\u0142e po bokach<\/strong><\/span><\/p>\n<p style=\"text-align: justify;\"><span style=\"color: #282828;\"><strong>Z\u0142o\u017cona rama z ko\u0142ami (d\u0142ugo\u015b\u0107 x szeroko\u015b\u0107 x wysoko\u015b\u0107): 85x60x40cm<br \/>\nZmontowany w\u00f3zek (wysoko\u015b\u0107 x szeroko\u015b\u0107 x d\u0142ugo\u015b\u0107): 115x60x95cm<br \/>\nWn\u0119trze gondoli (szer. x d\u0142. x wys.): 36x80x20cm<br \/>\nWn\u0119trze w\u00f3zka (szeroko\u015b\u0107 x d\u0142ugo\u015b\u0107 oparcia x d\u0142ugo\u015b\u0107 siedziska x d\u0142ugo\u015b\u0107 podn\u00f3\u017cka): 34x48x26x23cm<br \/>\nRama z ko\u0142ami: 10 kg<br \/>\nW\u00f3zek dzieci\u0119cy: 15 kg<br \/>\nW\u00f3zek g\u0142\u0119boki: 16 kg<br \/>\nZakres regulacji uchwytu: 70cm do 115cm<br \/>\nW\u00f3zek dzieci\u0119cy: EN 1888:2019 Zatwierdzony pod k\u0105tem bezpiecze\u0144stwa<br \/>\nFotelik samochodowy z homologacj\u0105 bezpiecze\u0144stwa ECE 44-04<br \/>\n12-miesi\u0119czna gwarancja<\/strong><\/span><\/p>\n<p style=\"text-align: justify;\"><span style=\"color: #282828;\"><strong>Nasz w\u00f3zek dzieci\u0119cy zawiera stela\u017c, gondol\u0119, siedzisko sportowe, torb\u0119 na pieluchy, mat\u0119 do przewijania, uchwyt na kubek, budk\u0119, pod\u0142okietniki, pokrowce na siedzisko, kosz na zakupy, podstawki, foli\u0119 przeciwdeszczow\u0105, moskitier\u0119, pa\u0142\u0105k zabezpieczaj\u0105cy oraz oddychaj\u0105cy i hipoalergiczny materac. Od 6. miesi\u0105ca \u017cycia mo\u017cna go u\u017cywa\u0107 jako spacer\u00f3wki. W\u00f3zek posiada odwracalne siedzisko, kt\u00f3re mo\u017cna u\u017cywa\u0107 na oba sposoby. Rozk\u0142adana budka posiada system zapobiegaj\u0105cy przedostawaniu si\u0119 p\u0142yn\u00f3w.<\/strong><\/span><br \/>\n<span style=\"color: #282828;\"><strong>Ten w\u00f3zek jest idealny dla os\u00f3b poszukuj\u0105cych pi\u0119kna i wyj\u0105tkowego pierwszego w\u00f3zka dla swoich maluch\u00f3w. Largo to kolekcja funkcjonalnych, bezpiecznych i kolorowych w\u00f3zk\u00f3w.<\/strong><\/span><br \/>\n<span style=\"color: #282828;\"><strong>Dla dodatkowego luksusu, r\u0105czka pokryta jest mi\u0119kk\u0105 w dotyku ekosk\u00f3r\u0105. Kolejn\u0105 zalet\u0105 tego w\u00f3zka jest wygodna, dobrze amortyzowana rama, kt\u00f3ra jest niezwykle \u0142atwa w obs\u0142udze.<\/strong><\/span><\/p>\n<p style=\"text-align: justify;\"><span style=\"color: #282828;\"><strong>\u0141atwy system monta\u017cu doceni ka\u017cda mama i tata. Tapicerka w\u00f3zka wykonana jest z najwy\u017cszej jako\u015bci impregnowanych tkanin, przyjaznych dzieciom.<\/strong><\/span><br \/>\n<span style=\"color: #282828;\"><strong>Wn\u0119trze gondoli wype\u0142nione jest hipoalergiczn\u0105 tkanin\u0105 bawe\u0142nian\u0105. Tapicerka jest zdejmowana do prania. Dodatkowo posiada daszek przeciws\u0142oneczny z filtrem UVA 30+.<\/strong><\/span><br \/>\n<span style=\"color: #282828;\"><strong>Zaprojektowali\u015bmy w\u00f3zek, aby wspiera\u0107 rodzic\u00f3w i dzieci od urodzenia do 3 lat. Jest on doskonale dostosowany do potrzeb rosn\u0105cego dziecka \u2013 zaczynasz od gondoli z ram\u0105 w\u00f3zka.<\/strong><\/span><br \/>\n<span style=\"color: #282828;\"><strong>Gdy uznasz, \u017ce dziecko jest ju\u017c wystarczaj\u0105co du\u017ce i gotowe do siedzenia podczas spacer\u00f3w, montujesz wygodny fotelik skierowany ty\u0142em lub przodem do kierunku jazdy.<\/strong><\/span><br \/>\n<span style=\"color: #282828;\"><strong>Czy mo\u017cna chcie\u0107 czego\u015b wi\u0119cej?<\/strong><\/span><\/p>\n<p style=\"text-align: justify;\"><span style=\"color: #282828;\"><strong><img decoding=\"async\" src=\"https:\/\/bayobay.co.uk\/ebay\/zdjecia-aukcyjne\/rafpol\/largo\/zdjecia%20podwojne\/gif1.gif\" \/><\/strong><\/span><\/p>\n<p style=\"text-align: justify;\"><span style=\"color: #282828;\"><strong><img loading=\"lazy\" decoding=\"async\" class=\"\" src=\"https:\/\/bayobay.co.uk\/\/ebay\/zdjecia-aukcyjne\/rafpol\/largo\/zdjecia%20podwojne\/gif2.gif\" width=\"611\" height=\"611\" \/><\/strong><\/span><\/p>\n<p style=\"text-align: justify;\"><span style=\"color: #282828;\"><strong><img decoding=\"async\" src=\"https:\/\/bayobay.co.uk\/ebay\/zdjecia-aukcyjne\/rafpol\/largo\/zdjecia%20podwojne\/1.png\" \/><\/strong><\/span><\/p>\n<p style=\"text-align: justify;\"><span style=\"color: #282828;\"><strong>W naszych w\u00f3zkach dzieci\u0119cych zastosowano wszystkie innowacyjne technologie.<br \/>\nGondol\u0119, fotelik sportowy i fotelik samochodowy mo\u017cna zamontowa\u0107 ty\u0142em i przodem do kierunku jazdy. Za amortyzacj\u0119 odpowiada zawieszenie, kt\u00f3re zapewni Twojemu dziecku spokojny sen.<br \/>\nZastosowany w naszych w\u00f3zkach system Shock Stop redukuje nieprzyjemne drgania. Sk\u0142ada si\u0119 on z dw\u00f3ch element\u00f3w: zawieszenia k\u00f3\u0142 tylnych oraz dodatkowego zawieszenia bocznego. W\u00f3zek jest gotowy do u\u017cycia praktycznie od razu po rozpakowaniu (wystarczy roz\u0142o\u017cy\u0107 stela\u017c, zamontowa\u0107 ko\u0142a i zamontowa\u0107 gondol\u0119) \u2013 nie trzeba przykr\u0119ca\u0107 ani jednej \u015bruby.<\/strong><\/span><\/p>\n<p style=\"text-align: justify;\"><span style=\"color: #282828;\"><strong><img decoding=\"async\" src=\"https:\/\/bayobay.co.uk\/ebay\/zdjecia-aukcyjne\/rafpol\/largo\/zdjecia%20podwojne\/2.png\" \/><\/strong><\/span><\/p>\n<p style=\"text-align: justify;\"><span style=\"color: #282828;\"><strong>W\u00f3zek wyposa\u017cony jest w du\u017cy kosz na zakupy, regulowan\u0105 r\u0105czk\u0119 z eko-sk\u00f3ry, os\u0142on\u0119 przeciws\u0142oneczn\u0105.<br \/>\nCentralny hamulec jest \u0142atwy w u\u017cyciu \u2013 mo\u017cna go w\u0142\u0105czy\u0107 lub wy\u0142\u0105czy\u0107 jednym ruchem.<\/strong><\/span><\/p>\n<p style=\"text-align: justify;\"><span style=\"color: #282828;\"><strong><img decoding=\"async\" src=\"https:\/\/bayobay.co.uk\/ebay\/zdjecia-aukcyjne\/rafpol\/largo\/zdjecia%20podwojne\/3.png\" \/><\/strong><\/span><\/p>\n<p style=\"text-align: justify;\"><span style=\"color: #282828;\"><strong>Fotelik samochodowy ma zdejmowany daszek i pokrowiec na n\u00f3\u017cki i mo\u017ce by\u0107 u\u017cywany jako ko\u0142yska.<\/strong><\/span><\/p>\n<p style=\"text-align: justify;\"><span style=\"color: #282828;\"><strong><img decoding=\"async\" src=\"https:\/\/bayobay.co.uk\/ebay\/zdjecia-aukcyjne\/rafpol\/largo\/zdjecia%20podwojne\/4.png\" \/><\/strong><\/span><\/p>\n<p style=\"text-align: justify;\"><span style=\"color: #282828;\"><strong>Sk\u0142adana i wentylowana budka gondoli.<br \/>\nPojemna torba zapinana na suwak \u2013 mo\u017cesz przymocowa\u0107 j\u0105 do ramy w\u00f3zka lub zabra\u0107 ze sob\u0105.<\/strong><\/span><\/p>\n<p style=\"text-align: justify;\"><span style=\"color: #282828;\"><strong><img decoding=\"async\" src=\"https:\/\/bayobay.co.uk\/ebay\/zdjecia-aukcyjne\/rafpol\/largo\/zdjecia%20podwojne\/5.png\" \/><\/strong><\/span><\/p>\n<p style=\"text-align: justify;\"><span style=\"color: #282828;\"><strong>Wytrzyma\u0142y i \u0142atwy do czyszczenia podn\u00f3\u017cek.<br \/>\nRegulowane oparcie.<br \/>\nZdejmowany daszek fotela sportowego.<\/strong><\/span><\/p>\n<p style=\"text-align: justify;\"><span style=\"color: #282828;\"><strong><img decoding=\"async\" src=\"https:\/\/bayobay.co.uk\/ebay\/zdjecia-aukcyjne\/rafpol\/largo\/zdjecia%20podwojne\/6.png\" \/><\/strong><\/span><\/p>\n<p style=\"text-align: justify;\"><span style=\"color: #282828;\"><strong>Fotelik sportowy mo\u017cna zamontowa\u0107 ty\u0142em i przodem do kierunku jazdy. Twoje dziecko mo\u017ce siedzie\u0107 naprzeciwko Ciebie (dzi\u0119ki czemu mo\u017cesz do niego m\u00f3wi\u0107 i mie\u0107 je na oku) lub ty\u0142em do Ciebie i patrze\u0107 na otoczenie z przodu (gdy dziecko jest starsze i zaczyna interesowa\u0107 si\u0119 \u015bwiatem wok\u00f3\u0142 siebie).<br \/>\nBaldachim posiada okno wentylacyjne.<br \/>\nDzi\u0119ki odpowiedniej wentylacji w\u00f3zka chronisz swoje dziecko przed przegrzaniem w upalne dni, zapewniaj\u0105c mu jednocze\u015bnie du\u017co wentylacji i \u015bwie\u017cego powietrza.<\/strong><\/span><\/p>\n<p style=\"text-align: justify;\"><span style=\"color: #282828;\"><strong><img decoding=\"async\" src=\"https:\/\/bayobay.co.uk\/ebay\/zdjecia-aukcyjne\/rafpol\/largo\/zdjecia%20podwojne\/7.png\" \/><\/strong><\/span><\/p>\n<p style=\"text-align: justify;\"><span style=\"color: #282828;\"><strong>Dodatkowy fartuch zapewni Twojemu dziecku ciep\u0142o w ch\u0142odniejsze dni.<br \/>\nW\u00f3zek ma mi\u0119kkie, \u017celowe, odporne na przebicie ko\u0142a, dzi\u0119ki czemu mo\u017cna go u\u017cywa\u0107 w ka\u017cdym terenie.<br \/>\nPrzednie ko\u0142a obrotowe z mo\u017cliwo\u015bci\u0105 blokowania pozwalaj\u0105 na \u0142atwe pokonywanie zakr\u0119t\u00f3w.<\/strong><\/span><\/p>\n<p style=\"text-align: justify;\"><span style=\"color: #282828;\"><strong><img decoding=\"async\" src=\"https:\/\/bayobay.co.uk\/ebay\/zdjecia-aukcyjne\/rafpol\/largo\/zdjecia%20podwojne\/8.png\" \/><\/strong><\/span><\/p>\n<p style=\"text-align: justify;\"><span style=\"color: #282828;\"><strong>Pokrowiec przeciwdeszczowy i os\u0142ona przed owadami.<\/strong><\/span><\/p>\n<p style=\"text-align: justify;\"><span style=\"color: #282828;\"><strong><img decoding=\"async\" src=\"https:\/\/bayobay.co.uk\/ebay\/zdjecia-aukcyjne\/rafpol\/largo\/zdjecia%20podwojne\/9.png\" \/><\/strong><\/span><\/p>\n<p style=\"text-align: justify;\"><span style=\"color: #282828;\"><strong>Gondola wyposa\u017cona jest w mi\u0119kki i wygodny, zmywalny materac oraz czterostopniow\u0105 regulacj\u0119 oparcia.<\/strong><\/span><\/p>\n<p style=\"text-align: justify;\"><span style=\"color: #282828;\"><strong><img decoding=\"async\" src=\"https:\/\/bayobay.co.uk\/ebay\/zdjecia-aukcyjne\/rafpol\/largo\/zdjecia%20podwojne\/10.png\" \/><\/strong><\/span><\/p>\n<p style=\"text-align: justify;\"><span style=\"color: #282828;\"><strong>Torba na pieluchy, mata do przewijania, adaptery do fotelika samochodowego, uchwyt na kubek. Os\u0142ona przeciwdeszczowa i przeciw owadom.<\/strong><\/span><\/p>\n<p style=\"text-align: justify;\"><span style=\"color: #282828;\"><strong><img decoding=\"async\" src=\"https:\/\/bayobay.co.uk\/ebay\/zdjecia-aukcyjne\/rafpol\/largo\/zdjecia%20podwojne\/11.jpg\" \/><\/strong><\/span><\/p>\n<p style=\"text-align: justify;\"><span style=\"color: #282828;\"><strong><img decoding=\"async\" src=\"https:\/\/bayobay.co.uk\/ebay\/zdjecia-aukcyjne\/rafpol\/largo\/zdjecia%20podwojne\/12.png\" \/><\/strong><\/span><\/p>\n<p style=\"text-align: justify;\"><span style=\"color: #282828;\"><strong><img decoding=\"async\" src=\"https:\/\/bayobay.co.uk\/ebay\/zdjecia-aukcyjne\/rafpol\/largo\/zdjecia%20podwojne\/dimensions.png\" \/><\/strong><\/span><\/p>\n<p><span style=\"color: #282828;\"><strong><a style=\"color: #282828;\" href=\"http:\/\/forbabyboss.com\/wp-content\/uploads\/2022\/09\/Easy-Fold.png\"><img loading=\"lazy\" decoding=\"async\" class=\"alignnone size-full wp-image-4925\" src=\"http:\/\/forbabyboss.com\/wp-content\/uploads\/2022\/09\/Easy-Fold.png\" alt=\"\" width=\"1141\" height=\"409\" srcset=\"https:\/\/forbabyboss.com\/wp-content\/uploads\/2022\/09\/Easy-Fold.png 1141w, https:\/\/forbabyboss.com\/wp-content\/uploads\/2022\/09\/Easy-Fold-800x287.png 800w, https:\/\/forbabyboss.com\/wp-content\/uploads\/2022\/09\/Easy-Fold-768x275.png 768w, https:\/\/forbabyboss.com\/wp-content\/uploads\/2022\/09\/Easy-Fold-600x215.png 600w\" sizes=\"auto, (max-width: 1141px) 100vw, 1141px\" \/><\/a><\/strong><\/span><\/p>\n<p style=\"text-align: justify;\"><span style=\"color: #282828;\"><a style=\"color: #282828;\" href=\"http:\/\/forbabyboss.com\/wp-content\/uploads\/2022\/09\/checkout.png\"><img loading=\"lazy\" decoding=\"async\" class=\"alignnone wp-image-5965\" src=\"http:\/\/forbabyboss.com\/wp-content\/uploads\/2022\/09\/checkout.png\" alt=\"\" width=\"970\" height=\"357\" srcset=\"https:\/\/forbabyboss.com\/wp-content\/uploads\/2022\/09\/checkout.png 750w, https:\/\/forbabyboss.com\/wp-content\/uploads\/2022\/09\/checkout-600x221.png 600w\" sizes=\"auto, (max-width: 970px) 100vw, 970px\" \/><\/a><\/span><\/p>","protected":false},"excerpt":{"rendered":"<p><a href=\"http:\/\/forbabyboss.com\/wp-content\/uploads\/2022\/09\/Star-Rating-5.png\"><img loading=\"lazy\" decoding=\"async\" class=\"alignnone size-full wp-image-5973 aligncenter\" src=\"http:\/\/forbabyboss.com\/wp-content\/uploads\/2022\/09\/Star-Rating-5.png\" alt=\"\" width=\"275\" height=\"45\" \/><\/a><\/p>\n<p style=\"text-align: center;\"><span style=\"color: #ed1c24; font-size: 120%;\"><b>GWARANCJA DOPASOWANIA CENY<\/b><\/span><\/p>\n<p style=\"text-align: center;\"><span style=\"font-size: 115%;\"><span style=\"font-weight: 400; color: #4f4fa7;\">Darmowa dostawa<\/span><span style=\"font-weight: 400;\"> \u2013 2 \u2013 7 dni<\/span><\/span><\/p>\n<p style=\"text-align: center;\"><strong><span style=\"color: #29606b;\">Darmowy prezent przy zakupach powy\u017cej 100 GBP<\/span><\/strong><\/p>","protected":false},"featured_media":5003,"template":"","meta":[],"product_brand":[370],"product_cat":[336,339,156,305,208,303,130,209,211],"product_tag":[],"class_list":{"0":"post-5000","1":"product","2":"type-product","3":"status-publish","4":"has-post-thumbnail","6":"product_brand-babylux","7":"product_cat-400-to-500","8":"product_cat-700-to-800","9":"product_cat-3-in-1","10":"product_cat-colour","11":"product_cat-gold","12":"product_cat-pattern","13":"product_cat-prams","14":"product_cat-push-chairs","15":"product_cat-stroller","17":"first","18":"instock","19":"sale","20":"shipping-taxable","21":"purchasable","22":"product-type-simple"},"yoast_head":"<!-- This site is optimized with the Yoast SEO plugin v27.5 - https:\/\/yoast.com\/product\/yoast-seo-wordpress\/ -->\n<title>Baby Buggy Pram Car Seat 3 in 1 Travel System Pushchair All In One in Gold Wings - For Baby Boss<\/title>\n<meta name=\"description\" content=\"Baby Buggy Pram Car Seat 3 in 1 Travel System Pushchair All In One in Gold Wings\" \/>\n<meta name=\"robots\" content=\"index, follow, max-snippet:-1, max-image-preview:large, max-video-preview:-1\" \/>\n<link rel=\"canonical\" href=\"https:\/\/forbabyboss.com\/pl\/product\/wozek-dzieciecy-fotelik-samochodowy-system-podrozny-3-w-1-wozek-wielofunkcyjny-w-zlotych-skrzydlach\/\" \/>\n<meta property=\"og:locale\" content=\"pl_PL\" \/>\n<meta property=\"og:type\" content=\"article\" \/>\n<meta property=\"og:title\" content=\"Baby Buggy Pram Car Seat 3 in 1 Travel System Pushchair All In One in Gold Wings - For Baby Boss\" \/>\n<meta property=\"og:description\" content=\"Baby Buggy Pram Car Seat 3 in 1 Travel System Pushchair All In One in Gold Wings\" \/>\n<meta property=\"og:url\" content=\"https:\/\/forbabyboss.com\/pl\/product\/wozek-dzieciecy-fotelik-samochodowy-system-podrozny-3-w-1-wozek-wielofunkcyjny-w-zlotych-skrzydlach\/\" \/>\n<meta property=\"og:site_name\" content=\"For Baby Boss\" \/>\n<meta property=\"article:modified_time\" content=\"2026-02-21T13:09:04+00:00\" \/>\n<meta property=\"og:image\" content=\"https:\/\/forbabyboss.com\/wp-content\/uploads\/2022\/09\/24-1.jpg\" \/>\n\t<meta property=\"og:image:width\" content=\"933\" \/>\n\t<meta property=\"og:image:height\" content=\"700\" \/>\n\t<meta property=\"og:image:type\" content=\"image\/jpeg\" \/>\n<meta name=\"twitter:card\" content=\"summary_large_image\" \/>\n<meta name=\"twitter:label1\" content=\"Szacowany czas czytania\" \/>\n\t<meta name=\"twitter:data1\" content=\"8 minut\" \/>\n<script type=\"application\/ld+json\" class=\"yoast-schema-graph\">{\"@context\":\"https:\\\/\\\/schema.org\",\"@graph\":[{\"@type\":\"WebPage\",\"@id\":\"https:\\\/\\\/forbabyboss.com\\\/product\\\/baby-buggy-pram-car-seat-3-in-1-travel-system-pushchair-all-in-one-in-gold-wings\\\/\",\"url\":\"https:\\\/\\\/forbabyboss.com\\\/product\\\/baby-buggy-pram-car-seat-3-in-1-travel-system-pushchair-all-in-one-in-gold-wings\\\/\",\"name\":\"Baby Buggy Pram Car Seat 3 in 1 Travel System Pushchair All In One in Gold Wings - For Baby Boss\",\"isPartOf\":{\"@id\":\"https:\\\/\\\/powderblue-seahorse-496884.hostingersite.com\\\/#website\"},\"primaryImageOfPage\":{\"@id\":\"https:\\\/\\\/forbabyboss.com\\\/product\\\/baby-buggy-pram-car-seat-3-in-1-travel-system-pushchair-all-in-one-in-gold-wings\\\/#primaryimage\"},\"image\":{\"@id\":\"https:\\\/\\\/forbabyboss.com\\\/product\\\/baby-buggy-pram-car-seat-3-in-1-travel-system-pushchair-all-in-one-in-gold-wings\\\/#primaryimage\"},\"thumbnailUrl\":\"https:\\\/\\\/forbabyboss.com\\\/wp-content\\\/uploads\\\/2022\\\/09\\\/24-1.jpg\",\"datePublished\":\"2022-09-10T16:15:30+00:00\",\"dateModified\":\"2026-02-21T13:09:04+00:00\",\"description\":\"Baby Buggy Pram Car Seat 3 in 1 Travel System Pushchair All In One in Gold Wings\",\"breadcrumb\":{\"@id\":\"https:\\\/\\\/forbabyboss.com\\\/product\\\/baby-buggy-pram-car-seat-3-in-1-travel-system-pushchair-all-in-one-in-gold-wings\\\/#breadcrumb\"},\"inLanguage\":\"pl-PL\",\"potentialAction\":[{\"@type\":\"ReadAction\",\"target\":[\"https:\\\/\\\/forbabyboss.com\\\/product\\\/baby-buggy-pram-car-seat-3-in-1-travel-system-pushchair-all-in-one-in-gold-wings\\\/\"]}]},{\"@type\":\"ImageObject\",\"inLanguage\":\"pl-PL\",\"@id\":\"https:\\\/\\\/forbabyboss.com\\\/product\\\/baby-buggy-pram-car-seat-3-in-1-travel-system-pushchair-all-in-one-in-gold-wings\\\/#primaryimage\",\"url\":\"https:\\\/\\\/forbabyboss.com\\\/wp-content\\\/uploads\\\/2022\\\/09\\\/24-1.jpg\",\"contentUrl\":\"https:\\\/\\\/forbabyboss.com\\\/wp-content\\\/uploads\\\/2022\\\/09\\\/24-1.jpg\",\"width\":933,\"height\":700},{\"@type\":\"BreadcrumbList\",\"@id\":\"https:\\\/\\\/forbabyboss.com\\\/product\\\/baby-buggy-pram-car-seat-3-in-1-travel-system-pushchair-all-in-one-in-gold-wings\\\/#breadcrumb\",\"itemListElement\":[{\"@type\":\"ListItem\",\"position\":1,\"name\":\"Home\",\"item\":\"https:\\\/\\\/forbabyboss.com\\\/\"},{\"@type\":\"ListItem\",\"position\":2,\"name\":\"Shop\",\"item\":\"https:\\\/\\\/forbabyboss.com\\\/shop\\\/\"},{\"@type\":\"ListItem\",\"position\":3,\"name\":\"Baby Buggy Pram Car Seat 3 in 1 Travel System Pushchair All In One in Gold Wings\"}]},{\"@type\":\"WebSite\",\"@id\":\"https:\\\/\\\/powderblue-seahorse-496884.hostingersite.com\\\/#website\",\"url\":\"https:\\\/\\\/powderblue-seahorse-496884.hostingersite.com\\\/\",\"name\":\"For Baby Boss\",\"description\":\"Beautiful gifts and accessories for your baby boss\",\"potentialAction\":[{\"@type\":\"SearchAction\",\"target\":{\"@type\":\"EntryPoint\",\"urlTemplate\":\"https:\\\/\\\/powderblue-seahorse-496884.hostingersite.com\\\/?s={search_term_string}\"},\"query-input\":{\"@type\":\"PropertyValueSpecification\",\"valueRequired\":true,\"valueName\":\"search_term_string\"}}],\"inLanguage\":\"pl-PL\"}]}<\/script>\n<!-- \/ Yoast SEO plugin. -->","yoast_head_json":{"title":"W\u00f3zek dzieci\u0119cy, fotelik samochodowy, system podr\u00f3\u017cny 3 w 1, w\u00f3zek All-in-One, Gold Wings - dla szefa dziecka","description":"W\u00f3zek dzieci\u0119cy, fotelik samochodowy, system podr\u00f3\u017cny 3 w 1, w\u00f3zek All In One, Gold Wings","robots":{"index":"index","follow":"follow","max-snippet":"max-snippet:-1","max-image-preview":"max-image-preview:large","max-video-preview":"max-video-preview:-1"},"canonical":"https:\/\/forbabyboss.com\/pl\/product\/wozek-dzieciecy-fotelik-samochodowy-system-podrozny-3-w-1-wozek-wielofunkcyjny-w-zlotych-skrzydlach\/","og_locale":"pl_PL","og_type":"article","og_title":"Baby Buggy Pram Car Seat 3 in 1 Travel System Pushchair All In One in Gold Wings - For Baby Boss","og_description":"Baby Buggy Pram Car Seat 3 in 1 Travel System Pushchair All In One in Gold Wings","og_url":"https:\/\/forbabyboss.com\/pl\/product\/wozek-dzieciecy-fotelik-samochodowy-system-podrozny-3-w-1-wozek-wielofunkcyjny-w-zlotych-skrzydlach\/","og_site_name":"For Baby Boss","article_modified_time":"2026-02-21T13:09:04+00:00","og_image":[{"width":933,"height":700,"url":"https:\/\/forbabyboss.com\/wp-content\/uploads\/2022\/09\/24-1.jpg","type":"image\/jpeg"}],"twitter_card":"summary_large_image","twitter_misc":{"Szacowany czas czytania":"8 minut"},"schema":{"@context":"https:\/\/schema.org","@graph":[{"@type":"WebPage","@id":"https:\/\/forbabyboss.com\/product\/baby-buggy-pram-car-seat-3-in-1-travel-system-pushchair-all-in-one-in-gold-wings\/","url":"https:\/\/forbabyboss.com\/product\/baby-buggy-pram-car-seat-3-in-1-travel-system-pushchair-all-in-one-in-gold-wings\/","name":"W\u00f3zek dzieci\u0119cy, fotelik samochodowy, system podr\u00f3\u017cny 3 w 1, w\u00f3zek All-in-One, Gold Wings - dla szefa dziecka","isPartOf":{"@id":"https:\/\/powderblue-seahorse-496884.hostingersite.com\/#website"},"primaryImageOfPage":{"@id":"https:\/\/forbabyboss.com\/product\/baby-buggy-pram-car-seat-3-in-1-travel-system-pushchair-all-in-one-in-gold-wings\/#primaryimage"},"image":{"@id":"https:\/\/forbabyboss.com\/product\/baby-buggy-pram-car-seat-3-in-1-travel-system-pushchair-all-in-one-in-gold-wings\/#primaryimage"},"thumbnailUrl":"https:\/\/forbabyboss.com\/wp-content\/uploads\/2022\/09\/24-1.jpg","datePublished":"2022-09-10T16:15:30+00:00","dateModified":"2026-02-21T13:09:04+00:00","description":"W\u00f3zek dzieci\u0119cy, fotelik samochodowy, system podr\u00f3\u017cny 3 w 1, w\u00f3zek All In One, Gold Wings","breadcrumb":{"@id":"https:\/\/forbabyboss.com\/product\/baby-buggy-pram-car-seat-3-in-1-travel-system-pushchair-all-in-one-in-gold-wings\/#breadcrumb"},"inLanguage":"pl-PL","potentialAction":[{"@type":"ReadAction","target":["https:\/\/forbabyboss.com\/product\/baby-buggy-pram-car-seat-3-in-1-travel-system-pushchair-all-in-one-in-gold-wings\/"]}]},{"@type":"ImageObject","inLanguage":"pl-PL","@id":"https:\/\/forbabyboss.com\/product\/baby-buggy-pram-car-seat-3-in-1-travel-system-pushchair-all-in-one-in-gold-wings\/#primaryimage","url":"https:\/\/forbabyboss.com\/wp-content\/uploads\/2022\/09\/24-1.jpg","contentUrl":"https:\/\/forbabyboss.com\/wp-content\/uploads\/2022\/09\/24-1.jpg","width":933,"height":700},{"@type":"BreadcrumbList","@id":"https:\/\/forbabyboss.com\/product\/baby-buggy-pram-car-seat-3-in-1-travel-system-pushchair-all-in-one-in-gold-wings\/#breadcrumb","itemListElement":[{"@type":"ListItem","position":1,"name":"Home","item":"https:\/\/forbabyboss.com\/"},{"@type":"ListItem","position":2,"name":"Shop","item":"https:\/\/forbabyboss.com\/shop\/"},{"@type":"ListItem","position":3,"name":"Baby Buggy Pram Car Seat 3 in 1 Travel System Pushchair All In One in Gold Wings"}]},{"@type":"WebSite","@id":"https:\/\/powderblue-seahorse-496884.hostingersite.com\/#website","url":"https:\/\/powderblue-seahorse-496884.hostingersite.com\/","name":"Dla Baby Boss","description":"Pi\u0119kne prezenty i akcesoria dla ma\u0142ego szefa","potentialAction":[{"@type":"SearchAction","target":{"@type":"EntryPoint","urlTemplate":"https:\/\/powderblue-seahorse-496884.hostingersite.com\/?s={search_term_string}"},"query-input":{"@type":"PropertyValueSpecification","valueRequired":true,"valueName":"search_term_string"}}],"inLanguage":"pl-PL"}]}},"_links":{"self":[{"href":"https:\/\/forbabyboss.com\/pl\/wp-json\/wp\/v2\/product\/5000","targetHints":{"allow":["GET"]}}],"collection":[{"href":"https:\/\/forbabyboss.com\/pl\/wp-json\/wp\/v2\/product"}],"about":[{"href":"https:\/\/forbabyboss.com\/pl\/wp-json\/wp\/v2\/types\/product"}],"wp:featuredmedia":[{"embeddable":true,"href":"https:\/\/forbabyboss.com\/pl\/wp-json\/wp\/v2\/media\/5003"}],"wp:attachment":[{"href":"https:\/\/forbabyboss.com\/pl\/wp-json\/wp\/v2\/media?parent=5000"}],"wp:term":[{"taxonomy":"product_brand","embeddable":true,"href":"https:\/\/forbabyboss.com\/pl\/wp-json\/wp\/v2\/product_brand?post=5000"},{"taxonomy":"product_cat","embeddable":true,"href":"https:\/\/forbabyboss.com\/pl\/wp-json\/wp\/v2\/product_cat?post=5000"},{"taxonomy":"product_tag","embeddable":true,"href":"https:\/\/forbabyboss.com\/pl\/wp-json\/wp\/v2\/product_tag?post=5000"}],"curies":[{"name":"wp","href":"https:\/\/api.w.org\/{rel}","templated":true}]}}