{"id":5272,"date":"2022-09-11T15:55:45","date_gmt":"2022-09-11T15:55:45","guid":{"rendered":"http:\/\/forbabyboss.com\/?post_type=product&#038;p=5272"},"modified":"2026-02-21T12:35:37","modified_gmt":"2026-02-21T12:35:37","slug":"wozek-dzieciecy-3w1-lekki-system-podrozny-baza-isofix-rama-zielono-zlota","status":"publish","type":"product","link":"https:\/\/forbabyboss.com\/pl\/product\/baby-pram-3in1-lightweight-travel-system-pushchair-isofix-base-in-green-gold-frame\/","title":{"rendered":"W\u00f3zek dzieci\u0119cy 3w1, lekki system podr\u00f3\u017cny, baza Isofix, rama zielono-z\u0142ota"},"content":{"rendered":"<div style=\"width: 1020px;\" class=\"wp-video\"><video class=\"wp-video-shortcode\" id=\"video-5272-1\" width=\"1020\" height=\"574\" preload=\"metadata\" controls=\"controls\"><source type=\"video\/mp4\" src=\"http:\/\/forbabyboss.com\/wp-content\/uploads\/2022\/09\/Baby-Buggy-Pram-Lightweight-Folding-3-in-1-Travel-System-Pushchair-Isofix-Base.mp4?_=1\" \/><a href=\"http:\/\/forbabyboss.com\/wp-content\/uploads\/2022\/09\/Baby-Buggy-Pram-Lightweight-Folding-3-in-1-Travel-System-Pushchair-Isofix-Base.mp4\">http:\/\/forbabyboss.com\/wp-content\/uploads\/2022\/09\/Baby-Buggy-Pram-Lightweight-Folding-3-in-1-Travel-System-Pushchair-Isofix-Base.mp4<\/a><\/video><\/div>\n<p style=\"text-align: justify;\"><strong><span style=\"color: #282828;\"><span style=\"color: #e14d43;\">Lavado Premium<\/span> \u2013 nowoczesny i funkcjonalny w\u00f3zek dzieci\u0119cy, kt\u00f3ry zapewnia jeszcze wi\u0119cej przyjemno\u015bci podczas spacer\u00f3w, a innowacyjny design dodaje mu wyj\u0105tkowo\u015bci. W\u00f3zek jest odpowiedni dla dzieci w wieku od 6 do 36 miesi\u0119cy. Lekka rama i wygodne rozwi\u0105zania konstrukcyjne sprawiaj\u0105, \u017ce korzystanie z w\u00f3zka jest jeszcze bardziej komfortowe.<\/span><\/strong><\/p>\n<p style=\"text-align: justify;\"><strong><span style=\"color: #282828;\">\u2022 Pojedynczy w\u00f3zek dla dzieci o wadze od 1 do 15 kg<\/span><\/strong><br \/>\n<strong><span style=\"color: #282828;\">\u2022Posiada certyfikat TUV NORD, kt\u00f3ry gwarantuje najwy\u017csz\u0105 jako\u015b\u0107 i bezpiecze\u0144stwo dla Twojego dziecka.<\/span><\/strong><br \/>\n<strong><span style=\"color: #282828;\">\u2022 W\u00f3zek dzieci\u0119cy spe\u0142nia najnowsze, rygorystyczne normy bezpiecze\u0144stwa EN 1888-1:2018<\/span><\/strong><\/p>\n<h4 style=\"text-align: justify;\"><span style=\"color: #e14d43;\"><strong>Zestaw zawiera:<br \/>\n<\/strong><\/span><strong><span style=\"color: #282828;\">\u2022 rama w\u00f3zka<\/span><\/strong><br \/>\n<strong><span style=\"color: #282828;\">\u2022gondol\u0119<\/span><\/strong><br \/>\n<strong><span style=\"color: #282828;\">\u2022fotel sportowy<\/span><\/strong><br \/>\n<strong><span style=\"color: #282828;\">\u2022 torba na rami\u0119<\/span><\/strong><br \/>\n<strong><span style=\"color: #282828;\">\u2022 parasol<\/span><\/strong><br \/>\n<strong><span style=\"color: #282828;\">\u2022 mata do przewijania<\/span><\/strong><br \/>\n<strong><span style=\"color: #282828;\">\u2022 uchwyt na kubek<\/span><\/strong><br \/>\n<strong><span style=\"color: #282828;\">\u2022 materac kokosowy<\/span><\/strong><br \/>\n<strong><span style=\"color: #282828;\">\u2022 pokrowiec przeciwdeszczowy<\/span><\/strong><br \/>\n<strong><span style=\"color: #282828;\">\u2022 os\u0142ona przeciw owadom<\/span><\/strong><br \/>\n<strong><span style=\"color: #282828;\">\u2022 koszyk na zakupy<\/span><\/strong><br \/>\n<strong><span style=\"color: #282828;\">\u2022fotelik samochodowy (tylko w zestawie 3w1)<\/span><\/strong><\/h4>\n<p style=\"text-align: justify;\"><span style=\"color: #e14d43;\"><strong>Rama Prame:<br \/>\n<\/strong><\/span><strong><span style=\"color: #282828;\">\u2022 rama aluminiowa \u2013 lekka i wytrzyma\u0142a<\/span><\/strong><br \/>\n<strong><span style=\"color: #282828;\">\u2022obrotowe, bezawaryjne ko\u0142a \u017celowe \u2013 nie przebijaj\u0105 si\u0119<\/span><\/strong><br \/>\n<strong><span style=\"color: #282828;\">\u2022\u0142o\u017cyska w ko\u0142ach u\u0142atwiaj\u0105 pchanie w\u00f3zka<\/span><\/strong><br \/>\n<strong><span style=\"color: #282828;\">\u2022regulowana wysoko\u015b\u0107 r\u0105czki obszytej eko-sk\u00f3r\u0105<\/span><\/strong><br \/>\n<strong><span style=\"color: #282828;\">\u2022 amortyzowane zawieszenie tylne \u2013 zapewnia komfort podczas ka\u017cdego spaceru<\/span><\/strong><br \/>\n<strong><span style=\"color: #282828;\">\u2022kompaktowy rozmiar po z\u0142o\u017ceniu<\/span><\/strong><br \/>\n<strong><span style=\"color: #282828;\">\u2022 prosty system monta\u017cu i demonta\u017cu gondoli, fotelika sportowego i fotelika samochodowego<\/span><\/strong><br \/>\n<strong><span style=\"color: #282828;\">\u2022 wyposa\u017cony w centralny hamulec zapewniaj\u0105cy stabilno\u015b\u0107 \u2022 dodatkowe zawieszenie boczne ramy w\u00f3zka umo\u017cliwia blokad\u0119, co pozwala na jeszcze lepsz\u0105 amortyzacj\u0119 wstrz\u0105s\u00f3w powstaj\u0105cych podczas pchania, a tak\u017ce przyjemne ko\u0142ysanie dziecka<\/span><\/strong><\/p>\n<h3 style=\"text-align: justify;\"><span style=\"color: #e14d43;\"><strong>Gondola:<br \/>\n<\/strong><\/span><strong style=\"color: #555555; font-size: 14.4px;\"><span style=\"color: #282828;\">\u2022du\u017ca gondola, kt\u00f3r\u0105 mo\u017cna u\u017cywa\u0107 jako ko\u0142yski<br \/>\n<\/span><\/strong><strong style=\"color: #555555; font-size: 14.4px;\"><span style=\"color: #282828;\">\u2022 wyposa\u017cony w dopasowany, odpinany pokrowiec na n\u00f3\u017cki \u2013 chroni Twoje dziecko przed niepogod\u0105<br \/>\n<\/span><\/strong><strong style=\"color: #555555; font-size: 14.4px;\"><span style=\"color: #282828;\">\u2022ergonomiczna r\u0105czka pokryta eko-sk\u00f3r\u0105 \u2013 u\u0142atwia przenoszenie gondoli<br \/>\n<\/span><\/strong><strong style=\"color: #555555; font-size: 14.4px;\"><span style=\"color: #282828;\">\u2022elastyczny materacyk i mi\u0119kkie wype\u0142nienie gondoli<br \/>\n<\/span><\/strong><strong style=\"color: #555555; font-size: 14.4px;\"><span style=\"color: #282828;\">\u2022regulowany zag\u0142\u00f3wek<br \/>\n<\/span><\/strong><strong style=\"color: #555555; font-size: 14.4px;\"><span style=\"color: #282828;\">\u2022 wentylacja w schowku gondoli zapewnia \u015bwie\u017ce powietrze, zapobiegaj\u0105c przegrzaniu dziecka<\/span><\/strong><\/h3>\n<h3 style=\"text-align: justify;\"><span style=\"color: #e14d43;\"><strong>Fotel sportowy:<br \/>\n<\/strong><\/span><strong style=\"color: #555555; font-size: 14.4px;\"><span style=\"color: #282828;\">\u2022mo\u017cliwo\u015b\u0107 monta\u017cu przodem lub ty\u0142em do kierunku jazdy<br \/>\n<\/span><\/strong><strong style=\"color: #555555; font-size: 14.4px;\"><span style=\"color: #282828;\">\u2022pi\u0119ciopunktowe regulowane pasy bezpiecze\u0144stwa<br \/>\n<\/span><\/strong><strong style=\"color: #555555; font-size: 14.4px;\"><span style=\"color: #282828;\">\u2022 odpinana bariera pokryta eko-sk\u00f3r\u0105<br \/>\n<\/span><\/strong><strong style=\"color: #555555; font-size: 14.4px;\"><span style=\"color: #282828;\">\u2022 wygodny regulowany podn\u00f3\u017cek<br \/>\n<\/span><\/strong><strong style=\"color: #555555; font-size: 14.4px;\"><span style=\"color: #282828;\">\u2022 okno wentylacyjne z ty\u0142u budki<br \/>\n<\/span><\/strong><strong style=\"color: #555555; font-size: 14.4px;\"><span style=\"color: #282828;\">\u2022kompaktowy rozmiar po z\u0142o\u017ceniu<br \/>\n<\/span><\/strong><strong style=\"color: #555555; font-size: 14.4px;\"><span style=\"color: #282828;\">\u2022regulacja oparcia \u2013 do pozycji p\u0142askiej, najzdrowszej pozycji dla Twojego dziecka podczas snu<br \/>\n<\/span><\/strong><strong style=\"color: #555555; font-size: 14.4px;\"><span style=\"color: #282828;\">\u2022 regulowany daszek, kt\u00f3ry mo\u017cna odpi\u0105\u0107<br \/>\n<\/span><\/strong><strong style=\"color: #555555; font-size: 14.4px;\"><span style=\"color: #282828;\">\u2022 dopasowany, odpinany pokrowiec na n\u00f3\u017cki \u2013 chroni Twoje dziecko przed kapry\u015bn\u0105 pogod\u0105<\/span><\/strong><\/h3>\n<h3 style=\"text-align: justify;\"><span style=\"color: #e14d43;\"><strong>Fotelik samochodowy:<\/strong><\/span><\/h3>\n<p style=\"text-align: justify;\"><strong><span style=\"color: #282828;\">\u2022 zawiera \u0142atwe w u\u017cyciu adaptery do szybkiego monta\u017cu i demonta\u017cu na ramie w\u00f3zka<\/span><\/strong><br \/>\n<strong><span style=\"color: #282828;\">\u2022 trzypunktowe pasy bezpiecze\u0144stwa<\/span><\/strong><br \/>\n<strong><span style=\"color: #282828;\">\u2022 odpinany daszek z pokrowcem na n\u00f3\u017cki \u2022 wk\u0142adka dla niemowl\u0105t, kt\u00f3ra pozwala na korzystanie z fotelika samochodowego dziecka ju\u017c od pierwszych chwil \u017cycia<\/span><\/strong><br \/>\n<strong><span style=\"color: #282828;\">\u2022 funkcja ko\u0142yski z blokad\u0105<\/span><\/strong><br \/>\n<strong><span style=\"color: #282828;\">\u2022Regulowana r\u0105czka u\u0142atwia przenoszenie fotelika samochodowego, kt\u00f3ry wa\u017cy zaledwie 3 kg<\/span><\/strong><br \/>\n<strong><span style=\"color: #282828;\">\u2022przystosowany do przewo\u017cenia dzieci w samochodach, homologacja ECE R44\/04<\/span><\/strong><\/p>\n<h3 style=\"text-align: justify;\"><span style=\"color: #e14d43;\"><strong>Dodatkowo:<\/strong><\/span><\/h3>\n<p style=\"text-align: justify;\"><strong><span style=\"color: #282828;\">\u2022du\u017ca torba na rami\u0119 zapinana na zamek, kt\u00f3r\u0105 mo\u017cna przymocowa\u0107 do ramy w\u00f3zka<\/span><\/strong><br \/>\n<strong><span style=\"color: #282828;\">\u2022 materac kokosowy antyalergiczny<\/span><\/strong><\/p>\n<p style=\"text-align: justify;\"><strong><span style=\"color: #282828;\">Materac kokosowy antyalergiczny<\/span><\/strong><br \/>\n<strong><span style=\"color: #282828;\">Materac wykonany jest z w\u0142\u00f3kna kokosowego, kt\u00f3re zapewnia stabilne podparcie. Dzi\u0119ki specjalnemu procesowi produkcji zachowuje elastyczno\u015b\u0107 i spr\u0119\u017cysto\u015b\u0107.<\/span><\/strong><\/p>\n<p style=\"text-align: justify;\"><span style=\"color: #e14d43;\"><strong>Dodatkowo:<\/strong><\/span><\/p>\n<p style=\"text-align: justify;\"><strong><span style=\"color: #282828;\">\u2022 Zapewnia prawid\u0142ow\u0105 cyrkulacj\u0119 powietrza<\/span><\/strong><br \/>\n<strong><span style=\"color: #282828;\">\u2022Wp\u0142ywa pozytywnie na rozw\u00f3j odpowiedniego mikroklimatu, chroni\u0105c sk\u00f3r\u0119 Twojego dziecka<\/span><\/strong><br \/>\n<strong><span style=\"color: #282828;\">\u2022Mo\u017cesz zdj\u0105\u0107 mi\u0119kk\u0105 bawe\u0142nian\u0105 os\u0142on\u0119 i wypra\u0107 j\u0105 w temperaturze 30\u201340 stopni.<\/span><\/strong><br \/>\n<strong><span style=\"color: #282828;\">\u2022Grubo\u015b\u0107 ok. 2,5 cm zapewni Twojemu dziecku stabilne wsparcie i wygod\u0119 podczas u\u017cytkowania na ka\u017cdym terenie<\/span><\/strong><br \/>\n<strong><span style=\"color: #282828;\">\u2022Wymiary: 73 x 35 x 2,5 cm<\/span><\/strong><\/p>\n<p style=\"text-align: justify;\"><strong><span style=\"color: #282828;\"><a style=\"color: #282828;\" href=\"http:\/\/forbabyboss.com\/wp-content\/uploads\/2022\/09\/Baby-Buggy-Pram-Lightweight-Folding-3-in-1-Travel-System-Pushchair-Isofix-Base-Black-Gold-frame_1.png\"><img loading=\"lazy\" decoding=\"async\" class=\"alignnone size-full wp-image-5240\" src=\"http:\/\/forbabyboss.com\/wp-content\/uploads\/2022\/09\/Baby-Buggy-Pram-Lightweight-Folding-3-in-1-Travel-System-Pushchair-Isofix-Base-Black-Gold-frame_1.png\" alt=\"\" width=\"1600\" height=\"1233\" srcset=\"https:\/\/forbabyboss.com\/wp-content\/uploads\/2022\/09\/Baby-Buggy-Pram-Lightweight-Folding-3-in-1-Travel-System-Pushchair-Isofix-Base-Black-Gold-frame_1.png 1600w, https:\/\/forbabyboss.com\/wp-content\/uploads\/2022\/09\/Baby-Buggy-Pram-Lightweight-Folding-3-in-1-Travel-System-Pushchair-Isofix-Base-Black-Gold-frame_1-519x400.png 519w, https:\/\/forbabyboss.com\/wp-content\/uploads\/2022\/09\/Baby-Buggy-Pram-Lightweight-Folding-3-in-1-Travel-System-Pushchair-Isofix-Base-Black-Gold-frame_1-1038x800.png 1038w, https:\/\/forbabyboss.com\/wp-content\/uploads\/2022\/09\/Baby-Buggy-Pram-Lightweight-Folding-3-in-1-Travel-System-Pushchair-Isofix-Base-Black-Gold-frame_1-768x592.png 768w, https:\/\/forbabyboss.com\/wp-content\/uploads\/2022\/09\/Baby-Buggy-Pram-Lightweight-Folding-3-in-1-Travel-System-Pushchair-Isofix-Base-Black-Gold-frame_1-1536x1184.png 1536w, https:\/\/forbabyboss.com\/wp-content\/uploads\/2022\/09\/Baby-Buggy-Pram-Lightweight-Folding-3-in-1-Travel-System-Pushchair-Isofix-Base-Black-Gold-frame_1-600x462.png 600w\" sizes=\"auto, (max-width: 1600px) 100vw, 1600px\" \/><\/a><\/span><\/strong><\/p>\n<p>&nbsp;<\/p>\n<p><strong><a href=\"http:\/\/forbabyboss.com\/wp-content\/uploads\/2022\/09\/checkout.png\"><img loading=\"lazy\" decoding=\"async\" class=\"alignnone wp-image-5965\" src=\"http:\/\/forbabyboss.com\/wp-content\/uploads\/2022\/09\/checkout.png\" alt=\"\" width=\"1038\" height=\"382\" srcset=\"https:\/\/forbabyboss.com\/wp-content\/uploads\/2022\/09\/checkout.png 750w, https:\/\/forbabyboss.com\/wp-content\/uploads\/2022\/09\/checkout-600x221.png 600w\" sizes=\"auto, (max-width: 1038px) 100vw, 1038px\" \/><\/a><\/strong><\/p>\n<p style=\"text-align: justify;\">","protected":false},"excerpt":{"rendered":"<p><a href=\"http:\/\/forbabyboss.com\/wp-content\/uploads\/2022\/09\/Star-Rating-5.png\"><img loading=\"lazy\" decoding=\"async\" class=\"alignnone size-full wp-image-5973 aligncenter\" src=\"http:\/\/forbabyboss.com\/wp-content\/uploads\/2022\/09\/Star-Rating-5.png\" alt=\"\" width=\"275\" height=\"45\" \/><\/a><\/p>\n<p style=\"text-align: center;\"><span style=\"color: #ed1c24; font-size: 120%;\"><b>GWARANCJA DOPASOWANIA CENY<\/b><\/span><\/p>\n<p style=\"text-align: center;\"><span style=\"font-size: 115%;\"><span style=\"font-weight: 400; color: #4f4fa7;\">Darmowa dostawa<\/span><span style=\"font-weight: 400;\"> \u2013 2 \u2013 7 dni<\/span><\/span><\/p>\n<p style=\"text-align: center;\"><strong><span style=\"color: #29606b;\">Darmowy prezent przy zakupach powy\u017cej 100 GBP<\/span><\/strong><\/p>","protected":false},"featured_media":5273,"template":"","meta":[],"product_brand":[577],"product_cat":[339,156,305,208,244,303,130,211],"product_tag":[163,171],"class_list":{"0":"post-5272","1":"product","2":"type-product","3":"status-publish","4":"has-post-thumbnail","6":"product_brand-kunert","7":"product_cat-700-to-800","8":"product_cat-3-in-1","9":"product_cat-colour","10":"product_cat-gold","11":"product_cat-green","12":"product_cat-pattern","13":"product_cat-prams","14":"product_cat-stroller","15":"product_tag-3-in-1-prams","16":"product_tag-pram","18":"first","19":"instock","20":"sale","21":"shipping-taxable","22":"purchasable","23":"product-type-simple"},"yoast_head":"<!-- This site is optimized with the Yoast SEO plugin v27.6 - https:\/\/yoast.com\/product\/yoast-seo-wordpress\/ -->\n<title>Baby Pram 3in1 Lightweight Travel System Pushchair Isofix base in green gold frame - For Baby Boss<\/title>\n<meta name=\"description\" content=\"Baby Pram 3in1 Lightweight Travel System Pushchair Isofix base in green gold frame\" \/>\n<meta name=\"robots\" content=\"index, follow, max-snippet:-1, max-image-preview:large, max-video-preview:-1\" \/>\n<link rel=\"canonical\" href=\"https:\/\/forbabyboss.com\/pl\/product\/wozek-dzieciecy-3w1-lekki-system-podrozny-baza-isofix-rama-zielono-zlota\/\" \/>\n<meta property=\"og:locale\" content=\"pl_PL\" \/>\n<meta property=\"og:type\" content=\"article\" \/>\n<meta property=\"og:title\" content=\"Baby Pram 3in1 Lightweight Travel System Pushchair Isofix base in green gold frame - For Baby Boss\" \/>\n<meta property=\"og:description\" content=\"Baby Pram 3in1 Lightweight Travel System Pushchair Isofix base in green gold frame\" \/>\n<meta property=\"og:url\" content=\"https:\/\/forbabyboss.com\/pl\/product\/wozek-dzieciecy-3w1-lekki-system-podrozny-baza-isofix-rama-zielono-zlota\/\" \/>\n<meta property=\"og:site_name\" content=\"For Baby Boss\" \/>\n<meta property=\"article:modified_time\" content=\"2026-02-21T12:35:37+00:00\" \/>\n<meta property=\"og:image\" content=\"https:\/\/forbabyboss.com\/wp-content\/uploads\/2022\/09\/Baby-Buggy-Pram-Lightweight-Folding-3-in-1-Travel-System-Pushchair-Isofix-Base-Green-Gold-Frame.png\" \/>\n\t<meta property=\"og:image:width\" content=\"1309\" \/>\n\t<meta property=\"og:image:height\" content=\"900\" \/>\n\t<meta property=\"og:image:type\" content=\"image\/png\" \/>\n<meta name=\"twitter:card\" content=\"summary_large_image\" \/>\n<meta name=\"twitter:label1\" content=\"Szacowany czas czytania\" \/>\n\t<meta name=\"twitter:data1\" content=\"3 minuty\" \/>\n<script type=\"application\/ld+json\" class=\"yoast-schema-graph\">{\"@context\":\"https:\\\/\\\/schema.org\",\"@graph\":[{\"@type\":\"WebPage\",\"@id\":\"https:\\\/\\\/forbabyboss.com\\\/product\\\/baby-pram-3in1-lightweight-travel-system-pushchair-isofix-base-in-green-gold-frame\\\/\",\"url\":\"https:\\\/\\\/forbabyboss.com\\\/product\\\/baby-pram-3in1-lightweight-travel-system-pushchair-isofix-base-in-green-gold-frame\\\/\",\"name\":\"Baby Pram 3in1 Lightweight Travel System Pushchair Isofix base in green gold frame - For Baby Boss\",\"isPartOf\":{\"@id\":\"https:\\\/\\\/powderblue-seahorse-496884.hostingersite.com\\\/#website\"},\"primaryImageOfPage\":{\"@id\":\"https:\\\/\\\/forbabyboss.com\\\/product\\\/baby-pram-3in1-lightweight-travel-system-pushchair-isofix-base-in-green-gold-frame\\\/#primaryimage\"},\"image\":{\"@id\":\"https:\\\/\\\/forbabyboss.com\\\/product\\\/baby-pram-3in1-lightweight-travel-system-pushchair-isofix-base-in-green-gold-frame\\\/#primaryimage\"},\"thumbnailUrl\":\"https:\\\/\\\/forbabyboss.com\\\/wp-content\\\/uploads\\\/2022\\\/09\\\/Baby-Buggy-Pram-Lightweight-Folding-3-in-1-Travel-System-Pushchair-Isofix-Base-Green-Gold-Frame.png\",\"datePublished\":\"2022-09-11T15:55:45+00:00\",\"dateModified\":\"2026-02-21T12:35:37+00:00\",\"description\":\"Baby Pram 3in1 Lightweight Travel System Pushchair Isofix base in green gold frame\",\"breadcrumb\":{\"@id\":\"https:\\\/\\\/forbabyboss.com\\\/product\\\/baby-pram-3in1-lightweight-travel-system-pushchair-isofix-base-in-green-gold-frame\\\/#breadcrumb\"},\"inLanguage\":\"pl-PL\",\"potentialAction\":[{\"@type\":\"ReadAction\",\"target\":[\"https:\\\/\\\/forbabyboss.com\\\/product\\\/baby-pram-3in1-lightweight-travel-system-pushchair-isofix-base-in-green-gold-frame\\\/\"]}]},{\"@type\":\"ImageObject\",\"inLanguage\":\"pl-PL\",\"@id\":\"https:\\\/\\\/forbabyboss.com\\\/product\\\/baby-pram-3in1-lightweight-travel-system-pushchair-isofix-base-in-green-gold-frame\\\/#primaryimage\",\"url\":\"https:\\\/\\\/forbabyboss.com\\\/wp-content\\\/uploads\\\/2022\\\/09\\\/Baby-Buggy-Pram-Lightweight-Folding-3-in-1-Travel-System-Pushchair-Isofix-Base-Green-Gold-Frame.png\",\"contentUrl\":\"https:\\\/\\\/forbabyboss.com\\\/wp-content\\\/uploads\\\/2022\\\/09\\\/Baby-Buggy-Pram-Lightweight-Folding-3-in-1-Travel-System-Pushchair-Isofix-Base-Green-Gold-Frame.png\",\"width\":1309,\"height\":900},{\"@type\":\"BreadcrumbList\",\"@id\":\"https:\\\/\\\/forbabyboss.com\\\/product\\\/baby-pram-3in1-lightweight-travel-system-pushchair-isofix-base-in-green-gold-frame\\\/#breadcrumb\",\"itemListElement\":[{\"@type\":\"ListItem\",\"position\":1,\"name\":\"Home\",\"item\":\"https:\\\/\\\/forbabyboss.com\\\/\"},{\"@type\":\"ListItem\",\"position\":2,\"name\":\"Shop\",\"item\":\"https:\\\/\\\/forbabyboss.com\\\/shop\\\/\"},{\"@type\":\"ListItem\",\"position\":3,\"name\":\"Baby Pram 3in1 Lightweight Travel System Pushchair Isofix base in green gold frame\"}]},{\"@type\":\"WebSite\",\"@id\":\"https:\\\/\\\/powderblue-seahorse-496884.hostingersite.com\\\/#website\",\"url\":\"https:\\\/\\\/powderblue-seahorse-496884.hostingersite.com\\\/\",\"name\":\"For Baby Boss\",\"description\":\"Beautiful gifts and accessories for your baby boss\",\"potentialAction\":[{\"@type\":\"SearchAction\",\"target\":{\"@type\":\"EntryPoint\",\"urlTemplate\":\"https:\\\/\\\/powderblue-seahorse-496884.hostingersite.com\\\/?s={search_term_string}\"},\"query-input\":{\"@type\":\"PropertyValueSpecification\",\"valueRequired\":true,\"valueName\":\"search_term_string\"}}],\"inLanguage\":\"pl-PL\"}]}<\/script>\n<!-- \/ Yoast SEO plugin. -->","yoast_head_json":{"title":"W\u00f3zek dzieci\u0119cy 3w1, lekki system podr\u00f3\u017cny, baza Isofix, rama zielono-z\u0142ota - dla Baby Boss","description":"W\u00f3zek dzieci\u0119cy 3w1, lekki system podr\u00f3\u017cny, baza Isofix, rama zielono-z\u0142ota","robots":{"index":"index","follow":"follow","max-snippet":"max-snippet:-1","max-image-preview":"max-image-preview:large","max-video-preview":"max-video-preview:-1"},"canonical":"https:\/\/forbabyboss.com\/pl\/product\/wozek-dzieciecy-3w1-lekki-system-podrozny-baza-isofix-rama-zielono-zlota\/","og_locale":"pl_PL","og_type":"article","og_title":"Baby Pram 3in1 Lightweight Travel System Pushchair Isofix base in green gold frame - For Baby Boss","og_description":"Baby Pram 3in1 Lightweight Travel System Pushchair Isofix base in green gold frame","og_url":"https:\/\/forbabyboss.com\/pl\/product\/wozek-dzieciecy-3w1-lekki-system-podrozny-baza-isofix-rama-zielono-zlota\/","og_site_name":"For Baby Boss","article_modified_time":"2026-02-21T12:35:37+00:00","og_image":[{"width":1309,"height":900,"url":"https:\/\/forbabyboss.com\/wp-content\/uploads\/2022\/09\/Baby-Buggy-Pram-Lightweight-Folding-3-in-1-Travel-System-Pushchair-Isofix-Base-Green-Gold-Frame.png","type":"image\/png"}],"twitter_card":"summary_large_image","twitter_misc":{"Szacowany czas czytania":"3 minuty"},"schema":{"@context":"https:\/\/schema.org","@graph":[{"@type":"WebPage","@id":"https:\/\/forbabyboss.com\/product\/baby-pram-3in1-lightweight-travel-system-pushchair-isofix-base-in-green-gold-frame\/","url":"https:\/\/forbabyboss.com\/product\/baby-pram-3in1-lightweight-travel-system-pushchair-isofix-base-in-green-gold-frame\/","name":"W\u00f3zek dzieci\u0119cy 3w1, lekki system podr\u00f3\u017cny, baza Isofix, rama zielono-z\u0142ota - dla Baby Boss","isPartOf":{"@id":"https:\/\/powderblue-seahorse-496884.hostingersite.com\/#website"},"primaryImageOfPage":{"@id":"https:\/\/forbabyboss.com\/product\/baby-pram-3in1-lightweight-travel-system-pushchair-isofix-base-in-green-gold-frame\/#primaryimage"},"image":{"@id":"https:\/\/forbabyboss.com\/product\/baby-pram-3in1-lightweight-travel-system-pushchair-isofix-base-in-green-gold-frame\/#primaryimage"},"thumbnailUrl":"https:\/\/forbabyboss.com\/wp-content\/uploads\/2022\/09\/Baby-Buggy-Pram-Lightweight-Folding-3-in-1-Travel-System-Pushchair-Isofix-Base-Green-Gold-Frame.png","datePublished":"2022-09-11T15:55:45+00:00","dateModified":"2026-02-21T12:35:37+00:00","description":"W\u00f3zek dzieci\u0119cy 3w1, lekki system podr\u00f3\u017cny, baza Isofix, rama zielono-z\u0142ota","breadcrumb":{"@id":"https:\/\/forbabyboss.com\/product\/baby-pram-3in1-lightweight-travel-system-pushchair-isofix-base-in-green-gold-frame\/#breadcrumb"},"inLanguage":"pl-PL","potentialAction":[{"@type":"ReadAction","target":["https:\/\/forbabyboss.com\/product\/baby-pram-3in1-lightweight-travel-system-pushchair-isofix-base-in-green-gold-frame\/"]}]},{"@type":"ImageObject","inLanguage":"pl-PL","@id":"https:\/\/forbabyboss.com\/product\/baby-pram-3in1-lightweight-travel-system-pushchair-isofix-base-in-green-gold-frame\/#primaryimage","url":"https:\/\/forbabyboss.com\/wp-content\/uploads\/2022\/09\/Baby-Buggy-Pram-Lightweight-Folding-3-in-1-Travel-System-Pushchair-Isofix-Base-Green-Gold-Frame.png","contentUrl":"https:\/\/forbabyboss.com\/wp-content\/uploads\/2022\/09\/Baby-Buggy-Pram-Lightweight-Folding-3-in-1-Travel-System-Pushchair-Isofix-Base-Green-Gold-Frame.png","width":1309,"height":900},{"@type":"BreadcrumbList","@id":"https:\/\/forbabyboss.com\/product\/baby-pram-3in1-lightweight-travel-system-pushchair-isofix-base-in-green-gold-frame\/#breadcrumb","itemListElement":[{"@type":"ListItem","position":1,"name":"Home","item":"https:\/\/forbabyboss.com\/"},{"@type":"ListItem","position":2,"name":"Shop","item":"https:\/\/forbabyboss.com\/shop\/"},{"@type":"ListItem","position":3,"name":"Baby Pram 3in1 Lightweight Travel System Pushchair Isofix base in green gold frame"}]},{"@type":"WebSite","@id":"https:\/\/powderblue-seahorse-496884.hostingersite.com\/#website","url":"https:\/\/powderblue-seahorse-496884.hostingersite.com\/","name":"Dla Baby Boss","description":"Pi\u0119kne prezenty i akcesoria dla ma\u0142ego szefa","potentialAction":[{"@type":"SearchAction","target":{"@type":"EntryPoint","urlTemplate":"https:\/\/powderblue-seahorse-496884.hostingersite.com\/?s={search_term_string}"},"query-input":{"@type":"PropertyValueSpecification","valueRequired":true,"valueName":"search_term_string"}}],"inLanguage":"pl-PL"}]}},"_links":{"self":[{"href":"https:\/\/forbabyboss.com\/pl\/wp-json\/wp\/v2\/product\/5272","targetHints":{"allow":["GET"]}}],"collection":[{"href":"https:\/\/forbabyboss.com\/pl\/wp-json\/wp\/v2\/product"}],"about":[{"href":"https:\/\/forbabyboss.com\/pl\/wp-json\/wp\/v2\/types\/product"}],"wp:featuredmedia":[{"embeddable":true,"href":"https:\/\/forbabyboss.com\/pl\/wp-json\/wp\/v2\/media\/5273"}],"wp:attachment":[{"href":"https:\/\/forbabyboss.com\/pl\/wp-json\/wp\/v2\/media?parent=5272"}],"wp:term":[{"taxonomy":"product_brand","embeddable":true,"href":"https:\/\/forbabyboss.com\/pl\/wp-json\/wp\/v2\/product_brand?post=5272"},{"taxonomy":"product_cat","embeddable":true,"href":"https:\/\/forbabyboss.com\/pl\/wp-json\/wp\/v2\/product_cat?post=5272"},{"taxonomy":"product_tag","embeddable":true,"href":"https:\/\/forbabyboss.com\/pl\/wp-json\/wp\/v2\/product_tag?post=5272"}],"curies":[{"name":"wp","href":"https:\/\/api.w.org\/{rel}","templated":true}]}}