{"id":5374,"date":"2022-09-13T09:33:35","date_gmt":"2022-09-13T09:33:35","guid":{"rendered":"http:\/\/forbabyboss.com\/?post_type=product&#038;p=5374"},"modified":"2026-02-21T12:18:52","modified_gmt":"2026-02-21T12:18:52","slug":"wozek-dzieciecy-od-urodzenia-spacerowka-system-podrozny-3w1-baza-isofix-dla-chlopcow-i-dziewczat-srebrny-czarny-bialy-rama","status":"publish","type":"product","link":"https:\/\/forbabyboss.com\/pl\/product\/baby-pram-from-birth-pushchair-buggy-3-in1-travel-system-boys-girls-isofix-base-silver-black-white-frame\/","title":{"rendered":"W\u00f3zek dzieci\u0119cy od urodzenia, spacer\u00f3wka, system podr\u00f3\u017cny 3 w 1, baza ISOFIX dla ch\u0142opc\u00f3w i dziewcz\u0105t, srebrno-czarna \u2013 bia\u0142a rama"},"content":{"rendered":"<p style=\"text-align: justify;\">Ten w\u00f3zek jest idealny dla tych, kt\u00f3rzy szukaj\u0105 pi\u0119knego i wyj\u0105tkowego pierwszego w\u00f3zka dla swojej pociechy.<br \/>\nOptimal to kolekcja funkcjonalnych, bezpiecznych i kolorowych w\u00f3zk\u00f3w dzieci\u0119cych.<br \/>\nUchwyt pokryty jest eko-sk\u00f3r\u0105, kt\u00f3ra jest bardzo mi\u0119kka w dotyku.<br \/>\nKolejn\u0105 zalet\u0105 tego w\u00f3zka jest wygodna, dobrze amortyzowana rama, kt\u00f3ra jest wyj\u0105tkowo \u0142atwa w obs\u0142udze.<br \/>\nW\u00f3zek sam w sobie jest bardzo lekki, prowadzi si\u0119 go znakomicie.<br \/>\n\u0141atwy system monta\u017cu doceni ka\u017cda mama i tata.<br \/>\nW\u00f3zek jest kompaktowy, wi\u0119c nie b\u0119dziesz mie\u0107 problem\u00f3w z poruszaniem si\u0119 w w\u0105skich przej\u015bciach.<br \/>\nChcieliby\u015bmy zwr\u00f3ci\u0107 Pa\u0144stwa uwag\u0119 na mo\u017cliwo\u015b\u0107 regulacji gondoli z zewn\u0105trz oraz system amortyzacji w ko\u0142ach.<br \/>\nTapicerka w\u00f3zka wykonana jest z najwy\u017cszej jako\u015bci impregnowanych tkanin przyjaznych dzieciom.<br \/>\nWn\u0119trze gondoli wype\u0142nione jest hipoalergiczn\u0105 tkanin\u0105 bawe\u0142nian\u0105.<br \/>\nTapicerk\u0119 mo\u017cna zdj\u0105\u0107 do prania.<\/p>\n<p style=\"text-align: justify;\">rama z uchwytem sk\u00f3rzanym,<br \/>\ngondola z r\u0105czk\u0105 z ekosk\u00f3ry<br \/>\nsystem spacerowy<br \/>\nadaptery do fotelik\u00f3w samochodowych do monta\u017cu na ramie<br \/>\ndu\u017ca torba<br \/>\nko\u0142a \u017celowe odporne na przebicie<br \/>\nbudka i ocieplany pokrowiec na n\u00f3\u017cki do w\u00f3zka spacerowego<br \/>\nKabina i pokrycie gondoli<br \/>\nbudka i pokrowiec na n\u00f3\u017cki do fotelika samochodowego<br \/>\nmaterac do w\u00f3zka dzieci\u0119cego<\/p>\n<h3><strong>W\u00f3zeczek:<\/strong><\/h3>\n<ul>\n<li>Regulowany kaptur \/ Luksusowa podszewka \/ Uchwyt do noszenia \/ Zdejmowany zderzak<\/li>\n<li>Bar<\/li>\n<li>Wn\u0119trze wykonane z przyjaznej dla dzieci bawe\u0142ny hipoalergicznej, oddychaj\u0105cej<\/li>\n<li>Blokowane, obrotowe o 360\u00b0, pompowane ko\u0142a przednie z \u0142o\u017cyskami,<br \/>\ncentralny hamulec \u201cstop &amp; go\u201d;<\/li>\n<li>Jednorazowy kaptur zapewniaj\u0105cy lepsz\u0105 ochron\u0119 przed zacienieniem w siedzisku;<br \/>\ngondola wyposa\u017cona w 4-punktow\u0105 regulacj\u0119 oparcia<br \/>\nwentylowana budka gondoli i siedziska;<\/li>\n<li>Uchwyt regulowany w 4 punktach, pokryty eko-sk\u00f3r\u0105;<br \/>\nsystem skierowany do przodu i do ty\u0142u,<\/li>\n<\/ul>\n<h2><strong>Wymiary:<\/strong><\/h2>\n<ul>\n<li style=\"text-align: justify;\">Gondola<\/li>\n<li style=\"text-align: justify;\">waga \u2013 4,2 kg<\/li>\n<li style=\"text-align: justify;\">ca\u0142kowita waga w\u00f3zka \u2013 14 kg<\/li>\n<li style=\"text-align: justify;\">rama z gondol\u0105: wys. 126 cm x szer. 59,5 cm x d\u0142. 100 cm<\/li>\n<li style=\"text-align: justify;\">Wymiary wewn\u0119trzne: szer. 36 cm x d\u0142. 91 cm x g\u0142. 21 cm<\/li>\n<\/ul>\n<h3 style=\"text-align: justify;\"><strong>W\u00f3zek dzieci\u0119cy:<\/strong><\/h3>\n<ul>\n<li style=\"text-align: justify;\">rama z ko\u0142ami: 13,7 kg<\/li>\n<li style=\"text-align: justify;\">Wymiary w\u00f3zka: wys. 114 cm x szer. 59,5 cm x d\u0142. 90 cm<\/li>\n<\/ul>\n<h3 style=\"text-align: justify;\"><strong>Fotelik samochodowy:<\/strong><\/h3>\n<ul>\n<li style=\"text-align: justify;\">Waga: 4,8 kg<\/li>\n<li style=\"text-align: justify;\">fotelik samochodowy z ram\u0105 i ko\u0142ami: 14,8 kg<\/li>\n<li style=\"text-align: justify;\">rama z fotelikiem samochodowym: wys. 108 cm x szer. 63 cm x d\u0142. 84 cm<\/li>\n<\/ul>\n<h4 style=\"text-align: justify;\"><strong>Rama:<\/strong><\/h4>\n<ul>\n<li style=\"text-align: justify;\">rama z ko\u0142ami: 9,8 kg<\/li>\n<li style=\"text-align: justify;\">\u015arednica k\u00f3\u0142: prz\u00f3d 25 cm, ty\u0142 31 cm<\/li>\n<\/ul>\n<h4 style=\"text-align: justify;\"><strong>Wygodny fotelik samochodowy:<\/strong><\/h4>\n<ul>\n<li style=\"text-align: justify;\">Grupa 0-10 kg:<\/li>\n<li style=\"text-align: justify;\">Montowany do w\u00f3zka za pomoc\u0105 adaptera<\/li>\n<li style=\"text-align: justify;\">3-punktowe pasy bezpiecze\u0144stwa<\/li>\n<li style=\"text-align: justify;\">Regulowany uchwyt do noszenia<\/li>\n<li style=\"text-align: justify;\">Zdejmowana os\u0142ona<\/li>\n<li style=\"text-align: justify;\">Regulowane na wysoko\u015b\u0107 pasy bezpiecze\u0144stwa<\/li>\n<li style=\"text-align: justify;\">Tryb skierowany do przodu lub do ty\u0142u<\/li>\n<\/ul>\n<p style=\"text-align: justify;\"><a href=\"http:\/\/forbabyboss.com\/wp-content\/uploads\/2022\/09\/checkout.png\"><img loading=\"lazy\" decoding=\"async\" class=\"alignnone size-full wp-image-5965\" src=\"http:\/\/forbabyboss.com\/wp-content\/uploads\/2022\/09\/checkout.png\" alt=\"\" width=\"750\" height=\"276\" srcset=\"https:\/\/forbabyboss.com\/wp-content\/uploads\/2022\/09\/checkout.png 750w, https:\/\/forbabyboss.com\/wp-content\/uploads\/2022\/09\/checkout-600x221.png 600w\" sizes=\"auto, (max-width: 750px) 100vw, 750px\" \/><\/a><\/p>","protected":false},"excerpt":{"rendered":"<p><a href=\"http:\/\/forbabyboss.com\/wp-content\/uploads\/2022\/09\/Star-Rating-5.png\"><img loading=\"lazy\" decoding=\"async\" class=\"alignnone size-full wp-image-5973 aligncenter\" src=\"http:\/\/forbabyboss.com\/wp-content\/uploads\/2022\/09\/Star-Rating-5.png\" alt=\"\" width=\"275\" height=\"45\" \/><\/a><\/p>\n<p style=\"text-align: center;\"><span style=\"color: #ed1c24; font-size: 120%;\"><b>GWARANCJA DOPASOWANIA CENY<\/b><\/span><\/p>\n<p style=\"text-align: center;\"><span style=\"font-size: 115%;\"><span style=\"font-weight: 400; color: #4f4fa7;\">Darmowa dostawa<\/span><span style=\"font-weight: 400;\"> \u2013 2 \u2013 7 dni<\/span><\/span><\/p>\n<p style=\"text-align: center;\"><strong><span style=\"color: #29606b;\">Darmowy prezent przy zakupach powy\u017cej 100 GBP<\/span><\/strong><\/p>","protected":false},"featured_media":5375,"template":"","meta":[],"product_brand":[370],"product_cat":[337,339,156,207,130,221,229],"product_tag":[163,199],"class_list":{"0":"post-5374","1":"product","2":"type-product","3":"status-publish","4":"has-post-thumbnail","6":"product_brand-babylux","7":"product_cat-500-to-600","8":"product_cat-700-to-800","9":"product_cat-3-in-1","10":"product_cat-black","11":"product_cat-prams","12":"product_cat-silver-colour","13":"product_cat-white","14":"product_tag-3-in-1-prams","15":"product_tag-prams","17":"first","18":"instock","19":"sale","20":"shipping-taxable","21":"purchasable","22":"product-type-simple"},"yoast_head":"<!-- This site is optimized with the Yoast SEO plugin v27.5 - https:\/\/yoast.com\/product\/yoast-seo-wordpress\/ -->\n<title>Baby Pram From Birth Pushchair Buggy 3 in1 Travel System Boys Girls ISOFIX BASE -Silver Black - white frame - For Baby Boss<\/title>\n<meta name=\"description\" content=\"Baby Pram From Birth Pushchair Buggy 3 in1 Travel System Boys Girls ISOFIX BASE -Silver Black - white frame\" \/>\n<meta name=\"robots\" content=\"index, follow, max-snippet:-1, max-image-preview:large, max-video-preview:-1\" \/>\n<link rel=\"canonical\" href=\"https:\/\/forbabyboss.com\/pl\/product\/wozek-dzieciecy-od-urodzenia-spacerowka-system-podrozny-3w1-baza-isofix-dla-chlopcow-i-dziewczat-srebrny-czarny-bialy-rama\/\" \/>\n<meta property=\"og:locale\" content=\"pl_PL\" \/>\n<meta property=\"og:type\" content=\"article\" \/>\n<meta property=\"og:title\" content=\"Baby Pram From Birth Pushchair Buggy 3 in1 Travel System Boys Girls ISOFIX BASE -Silver Black - white frame - For Baby Boss\" \/>\n<meta property=\"og:description\" content=\"Baby Pram From Birth Pushchair Buggy 3 in1 Travel System Boys Girls ISOFIX BASE -Silver Black - white frame\" \/>\n<meta property=\"og:url\" content=\"https:\/\/forbabyboss.com\/pl\/product\/wozek-dzieciecy-od-urodzenia-spacerowka-system-podrozny-3w1-baza-isofix-dla-chlopcow-i-dziewczat-srebrny-czarny-bialy-rama\/\" \/>\n<meta property=\"og:site_name\" content=\"For Baby Boss\" \/>\n<meta property=\"article:modified_time\" content=\"2026-02-21T12:18:52+00:00\" \/>\n<meta property=\"og:image\" content=\"https:\/\/forbabyboss.com\/wp-content\/uploads\/2022\/09\/Baby-Pram-From-Birth-Pushchair-Buggy-3-in1-Travel-System-Boys-Girls-ISOFIX-BASE-Silver-Black-white-frame_main.png\" \/>\n\t<meta property=\"og:image:width\" content=\"1600\" \/>\n\t<meta property=\"og:image:height\" content=\"1156\" \/>\n\t<meta property=\"og:image:type\" content=\"image\/png\" \/>\n<meta name=\"twitter:card\" content=\"summary_large_image\" \/>\n<meta name=\"twitter:label1\" content=\"Szacowany czas czytania\" \/>\n\t<meta name=\"twitter:data1\" content=\"2 minuty\" \/>\n<script type=\"application\/ld+json\" class=\"yoast-schema-graph\">{\"@context\":\"https:\\\/\\\/schema.org\",\"@graph\":[{\"@type\":\"WebPage\",\"@id\":\"https:\\\/\\\/forbabyboss.com\\\/product\\\/baby-pram-from-birth-pushchair-buggy-3-in1-travel-system-boys-girls-isofix-base-silver-black-white-frame\\\/\",\"url\":\"https:\\\/\\\/forbabyboss.com\\\/product\\\/baby-pram-from-birth-pushchair-buggy-3-in1-travel-system-boys-girls-isofix-base-silver-black-white-frame\\\/\",\"name\":\"Baby Pram From Birth Pushchair Buggy 3 in1 Travel System Boys Girls ISOFIX BASE -Silver Black - white frame - For Baby Boss\",\"isPartOf\":{\"@id\":\"https:\\\/\\\/powderblue-seahorse-496884.hostingersite.com\\\/#website\"},\"primaryImageOfPage\":{\"@id\":\"https:\\\/\\\/forbabyboss.com\\\/product\\\/baby-pram-from-birth-pushchair-buggy-3-in1-travel-system-boys-girls-isofix-base-silver-black-white-frame\\\/#primaryimage\"},\"image\":{\"@id\":\"https:\\\/\\\/forbabyboss.com\\\/product\\\/baby-pram-from-birth-pushchair-buggy-3-in1-travel-system-boys-girls-isofix-base-silver-black-white-frame\\\/#primaryimage\"},\"thumbnailUrl\":\"https:\\\/\\\/forbabyboss.com\\\/wp-content\\\/uploads\\\/2022\\\/09\\\/Baby-Pram-From-Birth-Pushchair-Buggy-3-in1-Travel-System-Boys-Girls-ISOFIX-BASE-Silver-Black-white-frame_main.png\",\"datePublished\":\"2022-09-13T09:33:35+00:00\",\"dateModified\":\"2026-02-21T12:18:52+00:00\",\"description\":\"Baby Pram From Birth Pushchair Buggy 3 in1 Travel System Boys Girls ISOFIX BASE -Silver Black - white frame\",\"breadcrumb\":{\"@id\":\"https:\\\/\\\/forbabyboss.com\\\/product\\\/baby-pram-from-birth-pushchair-buggy-3-in1-travel-system-boys-girls-isofix-base-silver-black-white-frame\\\/#breadcrumb\"},\"inLanguage\":\"pl-PL\",\"potentialAction\":[{\"@type\":\"ReadAction\",\"target\":[\"https:\\\/\\\/forbabyboss.com\\\/product\\\/baby-pram-from-birth-pushchair-buggy-3-in1-travel-system-boys-girls-isofix-base-silver-black-white-frame\\\/\"]}]},{\"@type\":\"ImageObject\",\"inLanguage\":\"pl-PL\",\"@id\":\"https:\\\/\\\/forbabyboss.com\\\/product\\\/baby-pram-from-birth-pushchair-buggy-3-in1-travel-system-boys-girls-isofix-base-silver-black-white-frame\\\/#primaryimage\",\"url\":\"https:\\\/\\\/forbabyboss.com\\\/wp-content\\\/uploads\\\/2022\\\/09\\\/Baby-Pram-From-Birth-Pushchair-Buggy-3-in1-Travel-System-Boys-Girls-ISOFIX-BASE-Silver-Black-white-frame_main.png\",\"contentUrl\":\"https:\\\/\\\/forbabyboss.com\\\/wp-content\\\/uploads\\\/2022\\\/09\\\/Baby-Pram-From-Birth-Pushchair-Buggy-3-in1-Travel-System-Boys-Girls-ISOFIX-BASE-Silver-Black-white-frame_main.png\",\"width\":1600,\"height\":1156},{\"@type\":\"BreadcrumbList\",\"@id\":\"https:\\\/\\\/forbabyboss.com\\\/product\\\/baby-pram-from-birth-pushchair-buggy-3-in1-travel-system-boys-girls-isofix-base-silver-black-white-frame\\\/#breadcrumb\",\"itemListElement\":[{\"@type\":\"ListItem\",\"position\":1,\"name\":\"Home\",\"item\":\"https:\\\/\\\/forbabyboss.com\\\/\"},{\"@type\":\"ListItem\",\"position\":2,\"name\":\"Shop\",\"item\":\"https:\\\/\\\/forbabyboss.com\\\/shop\\\/\"},{\"@type\":\"ListItem\",\"position\":3,\"name\":\"Baby Pram From Birth Pushchair Buggy 3 in1 Travel System Boys Girls ISOFIX BASE -Silver Black &#8211; white frame\"}]},{\"@type\":\"WebSite\",\"@id\":\"https:\\\/\\\/powderblue-seahorse-496884.hostingersite.com\\\/#website\",\"url\":\"https:\\\/\\\/powderblue-seahorse-496884.hostingersite.com\\\/\",\"name\":\"For Baby Boss\",\"description\":\"Beautiful gifts and accessories for your baby boss\",\"potentialAction\":[{\"@type\":\"SearchAction\",\"target\":{\"@type\":\"EntryPoint\",\"urlTemplate\":\"https:\\\/\\\/powderblue-seahorse-496884.hostingersite.com\\\/?s={search_term_string}\"},\"query-input\":{\"@type\":\"PropertyValueSpecification\",\"valueRequired\":true,\"valueName\":\"search_term_string\"}}],\"inLanguage\":\"pl-PL\"}]}<\/script>\n<!-- \/ Yoast SEO plugin. -->","yoast_head_json":{"title":"W\u00f3zek dzieci\u0119cy od urodzenia, spacer\u00f3wka, system podr\u00f3\u017cny 3 w 1, baza ISOFIX dla ch\u0142opc\u00f3w i dziewcz\u0105t, srebrno-czarny, bia\u0142a rama, dla Baby Boss","description":"W\u00f3zek dzieci\u0119cy od urodzenia, spacer\u00f3wka, system podr\u00f3\u017cny 3 w 1, baza ISOFIX dla ch\u0142opc\u00f3w i dziewcz\u0105t - srebrno-czarna - bia\u0142a rama","robots":{"index":"index","follow":"follow","max-snippet":"max-snippet:-1","max-image-preview":"max-image-preview:large","max-video-preview":"max-video-preview:-1"},"canonical":"https:\/\/forbabyboss.com\/pl\/product\/wozek-dzieciecy-od-urodzenia-spacerowka-system-podrozny-3w1-baza-isofix-dla-chlopcow-i-dziewczat-srebrny-czarny-bialy-rama\/","og_locale":"pl_PL","og_type":"article","og_title":"Baby Pram From Birth Pushchair Buggy 3 in1 Travel System Boys Girls ISOFIX BASE -Silver Black - white frame - For Baby Boss","og_description":"Baby Pram From Birth Pushchair Buggy 3 in1 Travel System Boys Girls ISOFIX BASE -Silver Black - white frame","og_url":"https:\/\/forbabyboss.com\/pl\/product\/wozek-dzieciecy-od-urodzenia-spacerowka-system-podrozny-3w1-baza-isofix-dla-chlopcow-i-dziewczat-srebrny-czarny-bialy-rama\/","og_site_name":"For Baby Boss","article_modified_time":"2026-02-21T12:18:52+00:00","og_image":[{"width":1600,"height":1156,"url":"https:\/\/forbabyboss.com\/wp-content\/uploads\/2022\/09\/Baby-Pram-From-Birth-Pushchair-Buggy-3-in1-Travel-System-Boys-Girls-ISOFIX-BASE-Silver-Black-white-frame_main.png","type":"image\/png"}],"twitter_card":"summary_large_image","twitter_misc":{"Szacowany czas czytania":"2 minuty"},"schema":{"@context":"https:\/\/schema.org","@graph":[{"@type":"WebPage","@id":"https:\/\/forbabyboss.com\/product\/baby-pram-from-birth-pushchair-buggy-3-in1-travel-system-boys-girls-isofix-base-silver-black-white-frame\/","url":"https:\/\/forbabyboss.com\/product\/baby-pram-from-birth-pushchair-buggy-3-in1-travel-system-boys-girls-isofix-base-silver-black-white-frame\/","name":"W\u00f3zek dzieci\u0119cy od urodzenia, spacer\u00f3wka, system podr\u00f3\u017cny 3 w 1, baza ISOFIX dla ch\u0142opc\u00f3w i dziewcz\u0105t, srebrno-czarny, bia\u0142a rama, dla Baby Boss","isPartOf":{"@id":"https:\/\/powderblue-seahorse-496884.hostingersite.com\/#website"},"primaryImageOfPage":{"@id":"https:\/\/forbabyboss.com\/product\/baby-pram-from-birth-pushchair-buggy-3-in1-travel-system-boys-girls-isofix-base-silver-black-white-frame\/#primaryimage"},"image":{"@id":"https:\/\/forbabyboss.com\/product\/baby-pram-from-birth-pushchair-buggy-3-in1-travel-system-boys-girls-isofix-base-silver-black-white-frame\/#primaryimage"},"thumbnailUrl":"https:\/\/forbabyboss.com\/wp-content\/uploads\/2022\/09\/Baby-Pram-From-Birth-Pushchair-Buggy-3-in1-Travel-System-Boys-Girls-ISOFIX-BASE-Silver-Black-white-frame_main.png","datePublished":"2022-09-13T09:33:35+00:00","dateModified":"2026-02-21T12:18:52+00:00","description":"W\u00f3zek dzieci\u0119cy od urodzenia, spacer\u00f3wka, system podr\u00f3\u017cny 3 w 1, baza ISOFIX dla ch\u0142opc\u00f3w i dziewcz\u0105t - srebrno-czarna - bia\u0142a rama","breadcrumb":{"@id":"https:\/\/forbabyboss.com\/product\/baby-pram-from-birth-pushchair-buggy-3-in1-travel-system-boys-girls-isofix-base-silver-black-white-frame\/#breadcrumb"},"inLanguage":"pl-PL","potentialAction":[{"@type":"ReadAction","target":["https:\/\/forbabyboss.com\/product\/baby-pram-from-birth-pushchair-buggy-3-in1-travel-system-boys-girls-isofix-base-silver-black-white-frame\/"]}]},{"@type":"ImageObject","inLanguage":"pl-PL","@id":"https:\/\/forbabyboss.com\/product\/baby-pram-from-birth-pushchair-buggy-3-in1-travel-system-boys-girls-isofix-base-silver-black-white-frame\/#primaryimage","url":"https:\/\/forbabyboss.com\/wp-content\/uploads\/2022\/09\/Baby-Pram-From-Birth-Pushchair-Buggy-3-in1-Travel-System-Boys-Girls-ISOFIX-BASE-Silver-Black-white-frame_main.png","contentUrl":"https:\/\/forbabyboss.com\/wp-content\/uploads\/2022\/09\/Baby-Pram-From-Birth-Pushchair-Buggy-3-in1-Travel-System-Boys-Girls-ISOFIX-BASE-Silver-Black-white-frame_main.png","width":1600,"height":1156},{"@type":"BreadcrumbList","@id":"https:\/\/forbabyboss.com\/product\/baby-pram-from-birth-pushchair-buggy-3-in1-travel-system-boys-girls-isofix-base-silver-black-white-frame\/#breadcrumb","itemListElement":[{"@type":"ListItem","position":1,"name":"Home","item":"https:\/\/forbabyboss.com\/"},{"@type":"ListItem","position":2,"name":"Shop","item":"https:\/\/forbabyboss.com\/shop\/"},{"@type":"ListItem","position":3,"name":"Baby Pram From Birth Pushchair Buggy 3 in1 Travel System Boys Girls ISOFIX BASE -Silver Black &#8211; white frame"}]},{"@type":"WebSite","@id":"https:\/\/powderblue-seahorse-496884.hostingersite.com\/#website","url":"https:\/\/powderblue-seahorse-496884.hostingersite.com\/","name":"Dla Baby Boss","description":"Pi\u0119kne prezenty i akcesoria dla ma\u0142ego szefa","potentialAction":[{"@type":"SearchAction","target":{"@type":"EntryPoint","urlTemplate":"https:\/\/powderblue-seahorse-496884.hostingersite.com\/?s={search_term_string}"},"query-input":{"@type":"PropertyValueSpecification","valueRequired":true,"valueName":"search_term_string"}}],"inLanguage":"pl-PL"}]}},"_links":{"self":[{"href":"https:\/\/forbabyboss.com\/pl\/wp-json\/wp\/v2\/product\/5374","targetHints":{"allow":["GET"]}}],"collection":[{"href":"https:\/\/forbabyboss.com\/pl\/wp-json\/wp\/v2\/product"}],"about":[{"href":"https:\/\/forbabyboss.com\/pl\/wp-json\/wp\/v2\/types\/product"}],"wp:featuredmedia":[{"embeddable":true,"href":"https:\/\/forbabyboss.com\/pl\/wp-json\/wp\/v2\/media\/5375"}],"wp:attachment":[{"href":"https:\/\/forbabyboss.com\/pl\/wp-json\/wp\/v2\/media?parent=5374"}],"wp:term":[{"taxonomy":"product_brand","embeddable":true,"href":"https:\/\/forbabyboss.com\/pl\/wp-json\/wp\/v2\/product_brand?post=5374"},{"taxonomy":"product_cat","embeddable":true,"href":"https:\/\/forbabyboss.com\/pl\/wp-json\/wp\/v2\/product_cat?post=5374"},{"taxonomy":"product_tag","embeddable":true,"href":"https:\/\/forbabyboss.com\/pl\/wp-json\/wp\/v2\/product_tag?post=5374"}],"curies":[{"name":"wp","href":"https:\/\/api.w.org\/{rel}","templated":true}]}}