{"id":5471,"date":"2022-09-13T12:02:49","date_gmt":"2022-09-13T12:02:49","guid":{"rendered":"http:\/\/forbabyboss.com\/?post_type=product&#038;p=5471"},"modified":"2026-02-21T11:56:53","modified_gmt":"2026-02-21T11:56:53","slug":"czerwony-wozek-dla-dziecka-fotelik-samochodowy-gondola-system-podrozny-3-w-1-od-urodzenia","status":"publish","type":"product","link":"https:\/\/forbabyboss.com\/pl\/product\/red-baby-pram-set-pushchair-car-seat-carrycot-3-in-1-travel-system-from-birth\/","title":{"rendered":"Czerwony w\u00f3zek dla dziecka, fotelik samochodowy, gondola, system podr\u00f3\u017cny 3 w 1 od urodzenia"},"content":{"rendered":"<h1><span style=\"color: #e14d43;\"><strong><span style=\"font-size: 115%;\">Odkryj idealny system podr\u00f3\u017cny dostosowany do potrzeb Twojej rodziny.<\/span><\/strong><\/span><\/h1>\n<p style=\"text-align: justify;\"><span style=\"color: #282828;\"><strong>System podr\u00f3\u017cny dla niemowl\u0105t to w\u00f3zek g\u0142\u0119boki lub spacerowy, kt\u00f3ry zawiera r\u00f3wnie\u017c odpowiedni fotelik samochodowy od urodzenia. Fotelik samochodowy mocuje si\u0119 do ramy w\u00f3zka, dzi\u0119ki czemu, je\u015bli masz \u015bpi\u0105ce dziecko, nie musisz go budzi\u0107, wyjmuj\u0105c je \u2013 noside\u0142ko dla niemowl\u0105t po prostu mocuje si\u0119 do w\u00f3zka. Eksperci zalecaj\u0105, aby niemowl\u0119ta przebywa\u0142y w foteliku samochodowym nie d\u0142u\u017cej ni\u017c 90 minut, ale na kr\u00f3tkie podr\u00f3\u017ce jest to idealne rozwi\u0105zanie.<\/strong><\/span><\/p>\n<h3 style=\"text-align: justify;\"><span style=\"color: #e14d43;\"><strong><span style=\"font-size: 95%;\">Cechy:<\/span><\/strong><\/span><\/h3>\n<p style=\"text-align: justify;\"><span style=\"color: #282828;\"><strong>-tryb skierowany do przodu i do ty\u0142u<\/strong><\/span><\/p>\n<p style=\"text-align: justify;\"><span style=\"color: #282828;\"><strong>-fotelik samochodowy mocowany do podwozia<\/strong><\/span><\/p>\n<p style=\"text-align: justify;\"><span style=\"color: #282828;\"><strong>-okno wentylacyjne z ty\u0142u maski<\/strong><\/span><\/p>\n<p style=\"text-align: justify;\"><span style=\"color: #282828;\"><strong>-gondola posiada mi\u0119kk\u0105 wy\u015bci\u00f3\u0142k\u0119, kt\u00f3r\u0105 mo\u017cna zdj\u0105\u0107 do prania<\/strong><\/span><\/p>\n<p style=\"text-align: justify;\"><span style=\"color: #282828;\"><strong>-pokryw\u0119 gondoli mo\u017cna podnie\u015b\u0107, aby uzyska\u0107 os\u0142on\u0119 przed wiatrem<\/strong><\/span><\/p>\n<p style=\"text-align: justify;\"><span style=\"color: #282828;\"><strong>-przed\u0142u\u017cony, odpinany kaptur<\/strong><\/span><\/p>\n<p style=\"text-align: justify;\"><span style=\"color: #282828;\"><strong>-5-punktowe pasy bezpiecze\u0144stwa<\/strong><\/span><\/p>\n<p style=\"text-align: justify;\"><span style=\"color: #282828;\"><strong>-laminowany podn\u00f3\u017cek<\/strong><\/span><\/p>\n<p style=\"text-align: justify;\"><span style=\"color: #282828;\"><strong>-wielostopniowo regulowany uchwyt<\/strong><\/span><\/p>\n<p style=\"text-align: justify;\"><span style=\"color: #282828;\"><strong>-regulowane zawieszenie<\/strong><\/span><\/p>\n<p style=\"text-align: justify;\"><span style=\"color: #282828;\"><strong>-solidna rama<\/strong><\/span><\/p>\n<p style=\"text-align: justify;\"><span style=\"color: #282828;\"><strong>-regulowane nogi i oparcie<\/strong><\/span><\/p>\n<p style=\"text-align: justify;\"><span style=\"color: #282828;\"><strong>- centralny hamulec EASY STOP<\/strong><\/span><\/p>\n<p style=\"text-align: justify;\"><span style=\"color: #282828;\"><strong>-du\u017cy kosz na zakupy<\/strong><\/span><\/p>\n<p style=\"text-align: justify;\"><span style=\"color: #282828;\"><strong>- Nadaje si\u0119 do w\u00f3zka dzieci\u0119cego w wieku 0-3 lat<\/strong><\/span><\/p>\n<p style=\"text-align: justify;\"><span style=\"color: #282828;\"><strong>-Fotelik samochodowy do 10 kg<\/strong><\/span><\/p>\n<h3 style=\"text-align: justify;\"><span style=\"color: #e14d43;\"><strong><span style=\"font-size: 95%;\">Cechy fotelika samochodowego:<\/span><\/strong><\/span><\/h3>\n<div><span style=\"color: #282828;\"><strong>-dodatkowa wk\u0142adka dla niemowl\u0105t<\/strong><\/span><\/div>\n<div><\/div>\n<div><span style=\"color: #282828;\"><strong>-regulowany uchwyt<\/strong><\/span><\/div>\n<div><\/div>\n<div><span style=\"color: #282828;\"><strong>-pokrycie st\u00f3p<\/strong><\/span><\/div>\n<div><\/div>\n<div><span style=\"color: #282828;\"><strong>-odpinany kaptur<\/strong><\/span><\/div>\n<div><\/div>\n<div><span style=\"color: #282828;\"><strong>-3-punktowe pasy bezpiecze\u0144stwa<\/strong><\/span><\/div>\n<div><\/div>\n<h3><span style=\"color: #e14d43;\"><strong><span style=\"font-size: 95%;\">Zestaw zawiera:<\/span><\/strong><\/span><\/h3>\n<div><\/div>\n<div><span style=\"color: #282828;\"><strong>-rama z uchwytem ze sk\u00f3ry ekologicznej<\/strong><\/span><\/div>\n<div><\/div>\n<div>\n<div><span style=\"color: #282828;\"><strong>-gondola z regulowanym oparciem<\/strong><\/span><\/div>\n<div><\/div>\n<div><span style=\"color: #282828;\"><strong>-jednostka siedziska<\/strong><\/span><\/div>\n<div><\/div>\n<div><span style=\"color: #282828;\"><strong>-dwa pokrowce na n\u00f3\u017cki (do w\u00f3zka i gondoli)<\/strong><\/span><\/div>\n<div><\/div>\n<div><span style=\"color: #282828;\"><strong>- wielofunkcyjny fotelik samochodowy z adapterami<\/strong><\/span><\/div>\n<div><\/div>\n<div><span style=\"color: #282828;\"><strong>-pokrowiec przeciwdeszczowy<\/strong><\/span><\/div>\n<div><\/div>\n<div><span style=\"color: #282828;\"><strong>-moskitiera<\/strong><\/span><\/div>\n<div><\/div>\n<div><span style=\"color: #282828;\"><strong>-torba i mata do przewijania<\/strong><\/span><\/div>\n<div><\/div>\n<div><span style=\"color: #282828;\"><strong>- ko\u0142a obrotowe wype\u0142nione powietrzem lub piank\u0105<\/strong><\/span><\/div>\n<div><\/div>\n<div><span style=\"color: #282828;\"><strong>-uchwyt do butelki<\/strong><\/span><\/div>\n<div><\/div>\n<\/div>\n<div><span style=\"color: #282828;\"><strong>-du\u017ca kiesze\u0144 z ty\u0142u torby i dwie ma\u0142e po bokach<\/strong><\/span><\/div>\n<div><\/div>\n<div><span style=\"color: #282828;\"><strong>Z\u0142o\u017cona rama z ko\u0142ami (d\u0142ugo\u015b\u0107 x szeroko\u015b\u0107 x wysoko\u015b\u0107): 85x60x40cm<\/strong><\/span><\/div>\n<div><\/div>\n<div><span style=\"color: #282828;\"><strong>Zmontowany w\u00f3zek (wysoko\u015b\u0107 x szeroko\u015b\u0107 x d\u0142ugo\u015b\u0107): 115x60x95cm<\/strong><\/span><\/div>\n<div><\/div>\n<div><span style=\"color: #282828;\"><strong>Wn\u0119trze gondoli (szer. x d\u0142. x wys.): 36x80x20cm<\/strong><\/span><\/div>\n<div><\/div>\n<div><span style=\"color: #282828;\"><strong>Wn\u0119trze w\u00f3zka (szeroko\u015b\u0107 x d\u0142ugo\u015b\u0107 oparcia x d\u0142ugo\u015b\u0107 siedziska x podn\u00f3\u017cek)<\/strong><\/span><\/div>\n<div><\/div>\n<div><span style=\"color: #282828;\"><strong>d\u0142ugo\u015b\u0107): 34x48x26x23cm<\/strong><\/span><\/div>\n<div><\/div>\n<div><span style=\"color: #282828;\"><strong>Rama z ko\u0142ami: 10 kg<\/strong><\/span><\/div>\n<div><\/div>\n<div><span style=\"color: #282828;\"><strong>W\u00f3zek dzieci\u0119cy: 15 kg<\/strong><\/span><\/div>\n<div><\/div>\n<div><span style=\"color: #282828;\"><strong>W\u00f3zek g\u0142\u0119boki: 16 kg<\/strong><\/span><\/div>\n<div><\/div>\n<div><span style=\"color: #282828;\"><strong>Zakres regulacji uchwytu: 70cm do 115cm<\/strong><\/span><\/div>\n<div><\/div>\n<div>\n<div><span style=\"color: #282828;\"><strong>-w\u00f3zek dzieci\u0119cy: EN 1888:2012 Zatwierdzone bezpiecze\u0144stwo<\/strong><\/span><\/div>\n<div><\/div>\n<div><span style=\"color: #282828;\"><strong>-fotelik samochodowy z homologacj\u0105 bezpiecze\u0144stwa ECE 44-04\u00a0<\/strong><\/span><\/div>\n<div><\/div>\n<div><span style=\"color: #282828;\"><strong>-12 miesi\u0119cy gwarancji<\/strong><\/span><\/div>\n<\/div>\n<div><\/div>\n<div><span style=\"color: #e14d43;\"><a href=\"http:\/\/forbabyboss.com\/wp-content\/uploads\/2022\/09\/checkout.png\"><img loading=\"lazy\" decoding=\"async\" class=\"alignnone wp-image-5965\" src=\"http:\/\/forbabyboss.com\/wp-content\/uploads\/2022\/09\/checkout.png\" alt=\"\" width=\"981\" height=\"361\" srcset=\"https:\/\/forbabyboss.com\/wp-content\/uploads\/2022\/09\/checkout.png 750w, https:\/\/forbabyboss.com\/wp-content\/uploads\/2022\/09\/checkout-600x221.png 600w\" sizes=\"auto, (max-width: 981px) 100vw, 981px\" \/><\/a><\/span><\/div>\n<p style=\"text-align: justify;\">","protected":false},"excerpt":{"rendered":"<p><a href=\"http:\/\/forbabyboss.com\/wp-content\/uploads\/2022\/09\/Star-Rating-5.png\"><img loading=\"lazy\" decoding=\"async\" class=\"alignnone size-full wp-image-5973 aligncenter\" src=\"http:\/\/forbabyboss.com\/wp-content\/uploads\/2022\/09\/Star-Rating-5.png\" alt=\"\" width=\"275\" height=\"45\" \/><\/a><\/p>\n<p style=\"text-align: center;\"><span style=\"color: #ed1c24; font-size: 120%;\"><b>GWARANCJA DOPASOWANIA CENY<\/b><\/span><\/p>\n<p style=\"text-align: center;\"><span style=\"font-size: 115%;\"><span style=\"font-weight: 400; color: #4f4fa7;\">Darmowa dostawa<\/span><span style=\"font-weight: 400;\"> \u2013 2 \u2013 7 dni<\/span><\/span><\/p>\n<p style=\"text-align: center;\"><strong><span style=\"color: #29606b;\">Darmowy prezent przy zakupach powy\u017cej 100 GBP<\/span><\/strong><\/p>","protected":false},"featured_media":5472,"template":"","meta":[],"product_brand":[370],"product_cat":[336,339,156,305,130,209,314,211],"product_tag":[163,199],"class_list":{"0":"post-5471","1":"product","2":"type-product","3":"status-publish","4":"has-post-thumbnail","6":"product_brand-babylux","7":"product_cat-400-to-500","8":"product_cat-700-to-800","9":"product_cat-3-in-1","10":"product_cat-colour","11":"product_cat-prams","12":"product_cat-push-chairs","13":"product_cat-red","14":"product_cat-stroller","15":"product_tag-3-in-1-prams","16":"product_tag-prams","18":"first","19":"instock","20":"sale","21":"shipping-taxable","22":"purchasable","23":"product-type-simple"},"yoast_head":"<!-- This site is optimized with the Yoast SEO plugin v27.6 - https:\/\/yoast.com\/product\/yoast-seo-wordpress\/ -->\n<title>Red Baby Pram Set Pushchair Car Seat Carrycot 3 in 1 Travel System From Birth - For Baby Boss<\/title>\n<meta name=\"description\" content=\"Red Baby Pram Set Pushchair Car Seat Carrycot 3 in 1 Travel System From Birth\" \/>\n<meta name=\"robots\" content=\"index, follow, max-snippet:-1, max-image-preview:large, max-video-preview:-1\" \/>\n<link rel=\"canonical\" href=\"https:\/\/forbabyboss.com\/pl\/product\/czerwony-wozek-dla-dziecka-fotelik-samochodowy-gondola-system-podrozny-3-w-1-od-urodzenia\/\" \/>\n<meta property=\"og:locale\" content=\"pl_PL\" \/>\n<meta property=\"og:type\" content=\"article\" \/>\n<meta property=\"og:title\" content=\"Red Baby Pram Set Pushchair Car Seat Carrycot 3 in 1 Travel System From Birth - For Baby Boss\" \/>\n<meta property=\"og:description\" content=\"Red Baby Pram Set Pushchair Car Seat Carrycot 3 in 1 Travel System From Birth\" \/>\n<meta property=\"og:url\" content=\"https:\/\/forbabyboss.com\/pl\/product\/czerwony-wozek-dla-dziecka-fotelik-samochodowy-gondola-system-podrozny-3-w-1-od-urodzenia\/\" \/>\n<meta property=\"og:site_name\" content=\"For Baby Boss\" \/>\n<meta property=\"article:modified_time\" content=\"2026-02-21T11:56:53+00:00\" \/>\n<meta property=\"og:image\" content=\"https:\/\/forbabyboss.com\/wp-content\/uploads\/2022\/09\/Baby-Buggy-Pram-Set-Pushchair-Car-Seat-Carrycot-3-in-1-Travel-System-From-Birth-Red-main.png\" \/>\n\t<meta property=\"og:image:width\" content=\"1600\" \/>\n\t<meta property=\"og:image:height\" content=\"1600\" \/>\n\t<meta property=\"og:image:type\" content=\"image\/png\" \/>\n<meta name=\"twitter:card\" content=\"summary_large_image\" \/>\n<meta name=\"twitter:label1\" content=\"Szacowany czas czytania\" \/>\n\t<meta name=\"twitter:data1\" content=\"2 minuty\" \/>\n<script type=\"application\/ld+json\" class=\"yoast-schema-graph\">{\"@context\":\"https:\\\/\\\/schema.org\",\"@graph\":[{\"@type\":\"WebPage\",\"@id\":\"https:\\\/\\\/forbabyboss.com\\\/product\\\/red-baby-pram-set-pushchair-car-seat-carrycot-3-in-1-travel-system-from-birth\\\/\",\"url\":\"https:\\\/\\\/forbabyboss.com\\\/product\\\/red-baby-pram-set-pushchair-car-seat-carrycot-3-in-1-travel-system-from-birth\\\/\",\"name\":\"Red Baby Pram Set Pushchair Car Seat Carrycot 3 in 1 Travel System From Birth - For Baby Boss\",\"isPartOf\":{\"@id\":\"https:\\\/\\\/powderblue-seahorse-496884.hostingersite.com\\\/#website\"},\"primaryImageOfPage\":{\"@id\":\"https:\\\/\\\/forbabyboss.com\\\/product\\\/red-baby-pram-set-pushchair-car-seat-carrycot-3-in-1-travel-system-from-birth\\\/#primaryimage\"},\"image\":{\"@id\":\"https:\\\/\\\/forbabyboss.com\\\/product\\\/red-baby-pram-set-pushchair-car-seat-carrycot-3-in-1-travel-system-from-birth\\\/#primaryimage\"},\"thumbnailUrl\":\"https:\\\/\\\/forbabyboss.com\\\/wp-content\\\/uploads\\\/2022\\\/09\\\/Baby-Buggy-Pram-Set-Pushchair-Car-Seat-Carrycot-3-in-1-Travel-System-From-Birth-Red-main.png\",\"datePublished\":\"2022-09-13T12:02:49+00:00\",\"dateModified\":\"2026-02-21T11:56:53+00:00\",\"description\":\"Red Baby Pram Set Pushchair Car Seat Carrycot 3 in 1 Travel System From Birth\",\"breadcrumb\":{\"@id\":\"https:\\\/\\\/forbabyboss.com\\\/product\\\/red-baby-pram-set-pushchair-car-seat-carrycot-3-in-1-travel-system-from-birth\\\/#breadcrumb\"},\"inLanguage\":\"pl-PL\",\"potentialAction\":[{\"@type\":\"ReadAction\",\"target\":[\"https:\\\/\\\/forbabyboss.com\\\/product\\\/red-baby-pram-set-pushchair-car-seat-carrycot-3-in-1-travel-system-from-birth\\\/\"]}]},{\"@type\":\"ImageObject\",\"inLanguage\":\"pl-PL\",\"@id\":\"https:\\\/\\\/forbabyboss.com\\\/product\\\/red-baby-pram-set-pushchair-car-seat-carrycot-3-in-1-travel-system-from-birth\\\/#primaryimage\",\"url\":\"https:\\\/\\\/forbabyboss.com\\\/wp-content\\\/uploads\\\/2022\\\/09\\\/Baby-Buggy-Pram-Set-Pushchair-Car-Seat-Carrycot-3-in-1-Travel-System-From-Birth-Red-main.png\",\"contentUrl\":\"https:\\\/\\\/forbabyboss.com\\\/wp-content\\\/uploads\\\/2022\\\/09\\\/Baby-Buggy-Pram-Set-Pushchair-Car-Seat-Carrycot-3-in-1-Travel-System-From-Birth-Red-main.png\",\"width\":1600,\"height\":1600},{\"@type\":\"BreadcrumbList\",\"@id\":\"https:\\\/\\\/forbabyboss.com\\\/product\\\/red-baby-pram-set-pushchair-car-seat-carrycot-3-in-1-travel-system-from-birth\\\/#breadcrumb\",\"itemListElement\":[{\"@type\":\"ListItem\",\"position\":1,\"name\":\"Home\",\"item\":\"https:\\\/\\\/forbabyboss.com\\\/\"},{\"@type\":\"ListItem\",\"position\":2,\"name\":\"Shop\",\"item\":\"https:\\\/\\\/forbabyboss.com\\\/shop\\\/\"},{\"@type\":\"ListItem\",\"position\":3,\"name\":\"Red Baby Pram Set Pushchair Car Seat Carrycot 3 in 1 Travel System From Birth\"}]},{\"@type\":\"WebSite\",\"@id\":\"https:\\\/\\\/powderblue-seahorse-496884.hostingersite.com\\\/#website\",\"url\":\"https:\\\/\\\/powderblue-seahorse-496884.hostingersite.com\\\/\",\"name\":\"For Baby Boss\",\"description\":\"Beautiful gifts and accessories for your baby boss\",\"potentialAction\":[{\"@type\":\"SearchAction\",\"target\":{\"@type\":\"EntryPoint\",\"urlTemplate\":\"https:\\\/\\\/powderblue-seahorse-496884.hostingersite.com\\\/?s={search_term_string}\"},\"query-input\":{\"@type\":\"PropertyValueSpecification\",\"valueRequired\":true,\"valueName\":\"search_term_string\"}}],\"inLanguage\":\"pl-PL\"}]}<\/script>\n<!-- \/ Yoast SEO plugin. -->","yoast_head_json":{"title":"Czerwony zestaw do w\u00f3zka dzieci\u0119cego, fotelika samochodowego, gondoli, systemu podr\u00f3\u017cnego 3 w 1 od urodzenia \u2013 dla Baby Boss","description":"Czerwony w\u00f3zek dla dziecka, fotelik samochodowy, gondola, system podr\u00f3\u017cny 3 w 1 od urodzenia","robots":{"index":"index","follow":"follow","max-snippet":"max-snippet:-1","max-image-preview":"max-image-preview:large","max-video-preview":"max-video-preview:-1"},"canonical":"https:\/\/forbabyboss.com\/pl\/product\/czerwony-wozek-dla-dziecka-fotelik-samochodowy-gondola-system-podrozny-3-w-1-od-urodzenia\/","og_locale":"pl_PL","og_type":"article","og_title":"Red Baby Pram Set Pushchair Car Seat Carrycot 3 in 1 Travel System From Birth - For Baby Boss","og_description":"Red Baby Pram Set Pushchair Car Seat Carrycot 3 in 1 Travel System From Birth","og_url":"https:\/\/forbabyboss.com\/pl\/product\/czerwony-wozek-dla-dziecka-fotelik-samochodowy-gondola-system-podrozny-3-w-1-od-urodzenia\/","og_site_name":"For Baby Boss","article_modified_time":"2026-02-21T11:56:53+00:00","og_image":[{"width":1600,"height":1600,"url":"https:\/\/forbabyboss.com\/wp-content\/uploads\/2022\/09\/Baby-Buggy-Pram-Set-Pushchair-Car-Seat-Carrycot-3-in-1-Travel-System-From-Birth-Red-main.png","type":"image\/png"}],"twitter_card":"summary_large_image","twitter_misc":{"Szacowany czas czytania":"2 minuty"},"schema":{"@context":"https:\/\/schema.org","@graph":[{"@type":"WebPage","@id":"https:\/\/forbabyboss.com\/product\/red-baby-pram-set-pushchair-car-seat-carrycot-3-in-1-travel-system-from-birth\/","url":"https:\/\/forbabyboss.com\/product\/red-baby-pram-set-pushchair-car-seat-carrycot-3-in-1-travel-system-from-birth\/","name":"Czerwony zestaw do w\u00f3zka dzieci\u0119cego, fotelika samochodowego, gondoli, systemu podr\u00f3\u017cnego 3 w 1 od urodzenia \u2013 dla Baby Boss","isPartOf":{"@id":"https:\/\/powderblue-seahorse-496884.hostingersite.com\/#website"},"primaryImageOfPage":{"@id":"https:\/\/forbabyboss.com\/product\/red-baby-pram-set-pushchair-car-seat-carrycot-3-in-1-travel-system-from-birth\/#primaryimage"},"image":{"@id":"https:\/\/forbabyboss.com\/product\/red-baby-pram-set-pushchair-car-seat-carrycot-3-in-1-travel-system-from-birth\/#primaryimage"},"thumbnailUrl":"https:\/\/forbabyboss.com\/wp-content\/uploads\/2022\/09\/Baby-Buggy-Pram-Set-Pushchair-Car-Seat-Carrycot-3-in-1-Travel-System-From-Birth-Red-main.png","datePublished":"2022-09-13T12:02:49+00:00","dateModified":"2026-02-21T11:56:53+00:00","description":"Czerwony w\u00f3zek dla dziecka, fotelik samochodowy, gondola, system podr\u00f3\u017cny 3 w 1 od urodzenia","breadcrumb":{"@id":"https:\/\/forbabyboss.com\/product\/red-baby-pram-set-pushchair-car-seat-carrycot-3-in-1-travel-system-from-birth\/#breadcrumb"},"inLanguage":"pl-PL","potentialAction":[{"@type":"ReadAction","target":["https:\/\/forbabyboss.com\/product\/red-baby-pram-set-pushchair-car-seat-carrycot-3-in-1-travel-system-from-birth\/"]}]},{"@type":"ImageObject","inLanguage":"pl-PL","@id":"https:\/\/forbabyboss.com\/product\/red-baby-pram-set-pushchair-car-seat-carrycot-3-in-1-travel-system-from-birth\/#primaryimage","url":"https:\/\/forbabyboss.com\/wp-content\/uploads\/2022\/09\/Baby-Buggy-Pram-Set-Pushchair-Car-Seat-Carrycot-3-in-1-Travel-System-From-Birth-Red-main.png","contentUrl":"https:\/\/forbabyboss.com\/wp-content\/uploads\/2022\/09\/Baby-Buggy-Pram-Set-Pushchair-Car-Seat-Carrycot-3-in-1-Travel-System-From-Birth-Red-main.png","width":1600,"height":1600},{"@type":"BreadcrumbList","@id":"https:\/\/forbabyboss.com\/product\/red-baby-pram-set-pushchair-car-seat-carrycot-3-in-1-travel-system-from-birth\/#breadcrumb","itemListElement":[{"@type":"ListItem","position":1,"name":"Home","item":"https:\/\/forbabyboss.com\/"},{"@type":"ListItem","position":2,"name":"Shop","item":"https:\/\/forbabyboss.com\/shop\/"},{"@type":"ListItem","position":3,"name":"Red Baby Pram Set Pushchair Car Seat Carrycot 3 in 1 Travel System From Birth"}]},{"@type":"WebSite","@id":"https:\/\/powderblue-seahorse-496884.hostingersite.com\/#website","url":"https:\/\/powderblue-seahorse-496884.hostingersite.com\/","name":"Dla Baby Boss","description":"Pi\u0119kne prezenty i akcesoria dla ma\u0142ego szefa","potentialAction":[{"@type":"SearchAction","target":{"@type":"EntryPoint","urlTemplate":"https:\/\/powderblue-seahorse-496884.hostingersite.com\/?s={search_term_string}"},"query-input":{"@type":"PropertyValueSpecification","valueRequired":true,"valueName":"search_term_string"}}],"inLanguage":"pl-PL"}]}},"_links":{"self":[{"href":"https:\/\/forbabyboss.com\/pl\/wp-json\/wp\/v2\/product\/5471","targetHints":{"allow":["GET"]}}],"collection":[{"href":"https:\/\/forbabyboss.com\/pl\/wp-json\/wp\/v2\/product"}],"about":[{"href":"https:\/\/forbabyboss.com\/pl\/wp-json\/wp\/v2\/types\/product"}],"wp:featuredmedia":[{"embeddable":true,"href":"https:\/\/forbabyboss.com\/pl\/wp-json\/wp\/v2\/media\/5472"}],"wp:attachment":[{"href":"https:\/\/forbabyboss.com\/pl\/wp-json\/wp\/v2\/media?parent=5471"}],"wp:term":[{"taxonomy":"product_brand","embeddable":true,"href":"https:\/\/forbabyboss.com\/pl\/wp-json\/wp\/v2\/product_brand?post=5471"},{"taxonomy":"product_cat","embeddable":true,"href":"https:\/\/forbabyboss.com\/pl\/wp-json\/wp\/v2\/product_cat?post=5471"},{"taxonomy":"product_tag","embeddable":true,"href":"https:\/\/forbabyboss.com\/pl\/wp-json\/wp\/v2\/product_tag?post=5471"}],"curies":[{"name":"wp","href":"https:\/\/api.w.org\/{rel}","templated":true}]}}