{"id":5489,"date":"2022-09-13T12:28:38","date_gmt":"2022-09-13T12:28:38","guid":{"rendered":"http:\/\/forbabyboss.com\/?post_type=product&#038;p=5489"},"modified":"2026-02-21T11:53:10","modified_gmt":"2026-02-21T11:53:10","slug":"wozek-3w1-zestaw-podrozny-fotelik-samochodowy-wozek-zielone-kwiaty","status":"publish","type":"product","link":"https:\/\/forbabyboss.com\/pl\/product\/stroller-3in1-travel-system-set-car-seat-stroller-green-flowers\/","title":{"rendered":"W\u00f3zek 3w1, zestaw podr\u00f3\u017cny, fotelik samochodowy, w\u00f3zek \u2013 zielone kwiaty"},"content":{"rendered":"<h2><span style=\"color: #e14d43;\"><strong>Cechy:<\/strong><\/span><\/h2>\n<ul>\n<li style=\"font-weight: 400;\"><span style=\"color: #282828;\"><strong>Tryb skierowany do przodu i do ty\u0142u<\/strong><\/span><\/li>\n<li style=\"font-weight: 400;\"><span style=\"color: #282828;\"><strong>okienko z siatki z ty\u0142u maski<\/strong><\/span><\/li>\n<li style=\"font-weight: 400;\"><span style=\"color: #282828;\"><strong>gondola posiada mi\u0119kk\u0105 wy\u015bci\u00f3\u0142k\u0119, kt\u00f3r\u0105 mo\u017cna zdj\u0105\u0107 do prania<\/strong><\/span><\/li>\n<li style=\"font-weight: 400;\"><span style=\"color: #282828;\"><strong>pokryw\u0119 gondoli mo\u017cna podnie\u015b\u0107, aby uzyska\u0107 os\u0142on\u0119 przed wiatrem<\/strong><\/span><\/li>\n<li style=\"font-weight: 400;\"><span style=\"color: #282828;\"><strong>przed\u0142u\u017cony kaptur<\/strong><\/span><\/li>\n<li style=\"font-weight: 400;\"><span style=\"color: #282828;\"><strong>w\u00f3zek wyposa\u017cony jest w 5-punktowe pasy bezpiecze\u0144stwa<\/strong><\/span><\/li>\n<li style=\"font-weight: 400;\"><span style=\"color: #282828;\"><strong>podn\u00f3\u017cek i pa\u0142\u0105k bezpiecze\u0144stwa pokryte eko-sk\u00f3r\u0105<\/strong><\/span><\/li>\n<li style=\"font-weight: 400;\"><span style=\"color: #282828;\"><strong>Uchwyt regulowany wielopoziomowo<\/strong><\/span><\/li>\n<li style=\"font-weight: 400;\"><span style=\"color: #282828;\"><strong>Regulowane zawieszenie<\/strong><\/span><\/li>\n<li style=\"font-weight: 400;\"><span style=\"color: #282828;\"><strong>Regulowany podn\u00f3\u017cek i oparcie<\/strong><\/span><\/li>\n<li style=\"font-weight: 400;\"><span style=\"color: #282828;\"><strong>Solidna rama<\/strong><\/span><\/li>\n<li style=\"font-weight: 400;\"><span style=\"color: #282828;\"><strong>Hamulec centralny EASY STOP<\/strong><\/span><\/li>\n<li style=\"font-weight: 400;\"><span style=\"color: #282828;\"><strong>Du\u017cy kosz na zakupy<\/strong><\/span><\/li>\n<\/ul>\n<h2><span style=\"color: #e14d43;\"><strong>Cechy fotelika samochodowego:<\/strong><\/span><\/h2>\n<ul>\n<li style=\"font-weight: 400;\"><span style=\"color: #282828;\"><strong>dodatkowa wk\u0142adka dla niemowl\u0105t<\/strong><\/span><\/li>\n<li style=\"font-weight: 400;\"><span style=\"color: #282828;\"><strong>regulowany uchwyt<\/strong><\/span><\/li>\n<li style=\"font-weight: 400;\"><span style=\"color: #282828;\"><strong>ok\u0142adka<\/strong><\/span><\/li>\n<li style=\"font-weight: 400;\"><span style=\"color: #282828;\"><strong>odpinany kaptur<\/strong><\/span><\/li>\n<li style=\"font-weight: 400;\"><span style=\"color: #282828;\"><strong>3-punktowe pasy bezpiecze\u0144stwa<\/strong><\/span><\/li>\n<\/ul>\n<h2><span style=\"color: #e14d43;\"><strong>Sprz\u0119t:<\/strong><\/span><\/h2>\n<ul>\n<li style=\"font-weight: 400;\"><span style=\"color: #282828;\"><strong>rama z uchwytem ze sk\u00f3ry ekologicznej<\/strong><\/span><\/li>\n<li style=\"font-weight: 400;\"><span style=\"color: #282828;\"><strong>gondola z regulowanym oparciem<\/strong><\/span><\/li>\n<li style=\"font-weight: 400;\"><span style=\"color: #282828;\"><strong>w\u00f3zek<\/strong><\/span><\/li>\n<li style=\"font-weight: 400;\"><span style=\"color: #282828;\"><strong>dwa pokrowce (na w\u00f3zek i gondol\u0119)<\/strong><\/span><\/li>\n<li style=\"font-weight: 400;\"><span style=\"color: #282828;\"><strong>wielofunkcyjny fotelik samochodowy z adapterami<\/strong><\/span><\/li>\n<li style=\"font-weight: 400;\"><span style=\"color: #282828;\"><strong>os\u0142ona przeciwdeszczowa<\/strong><\/span><\/li>\n<li style=\"font-weight: 400;\"><span style=\"color: #282828;\"><strong>moskitiera<\/strong><\/span><\/li>\n<li style=\"font-weight: 400;\"><span style=\"color: #282828;\"><strong>ko\u0142a obrotowe wype\u0142nione powietrzem<\/strong><\/span><\/li>\n<li style=\"font-weight: 400;\"><span style=\"color: #282828;\"><strong>du\u017ca kiesze\u0144 z ty\u0142u torby i dwie ma\u0142e po bokach<\/strong><\/span><\/li>\n<li style=\"font-weight: 400;\"><span style=\"color: #282828;\"><strong>Z\u0142o\u017cona rama z ko\u0142ami (d\u0142ugo\u015b\u0107 x szeroko\u015b\u0107 x wysoko\u015b\u0107): 85x60x40cm<\/strong><\/span><\/li>\n<li style=\"font-weight: 400;\"><span style=\"color: #282828;\"><strong>Zmontowany w\u00f3zek (wysoko\u015b\u0107 x szeroko\u015b\u0107 x d\u0142ugo\u015b\u0107): 115x60x95cm<\/strong><\/span><\/li>\n<li style=\"font-weight: 400;\"><span style=\"color: #282828;\"><strong>Wn\u0119trze gondoli (szer. x d\u0142. x wys.): 36x80x20cm<\/strong><\/span><\/li>\n<li style=\"font-weight: 400;\"><span style=\"color: #282828;\"><strong>Wn\u0119trze w\u00f3zka (szeroko\u015b\u0107 x d\u0142ugo\u015b\u0107 oparcia x d\u0142ugo\u015b\u0107 siedziska x d\u0142ugo\u015b\u0107 podn\u00f3\u017cka): 34x48x26x23cm<\/strong><\/span><\/li>\n<li style=\"font-weight: 400;\"><span style=\"color: #282828;\"><strong>Rama z ko\u0142ami: 10 kg<\/strong><\/span><\/li>\n<li style=\"font-weight: 400;\"><span style=\"color: #282828;\"><strong>W\u00f3zek dzieci\u0119cy: 15 kg<\/strong><\/span><\/li>\n<li style=\"font-weight: 400;\"><span style=\"color: #282828;\"><strong>W\u00f3zek g\u0142\u0119boki: 16 kg<\/strong><\/span><\/li>\n<li style=\"font-weight: 400;\"><span style=\"color: #282828;\"><strong>Zakres regulacji uchwytu: 70cm do 115cm<\/strong><\/span><\/li>\n<li style=\"font-weight: 400;\"><span style=\"color: #282828;\"><strong>12 miesi\u0119cy gwarancji<\/strong><\/span><\/li>\n<\/ul>\n<p><span style=\"color: #282828;\"><strong><a style=\"color: #282828;\" href=\"http:\/\/forbabyboss.com\/wp-content\/uploads\/2022\/09\/checkout.png\"><img loading=\"lazy\" decoding=\"async\" class=\"alignnone wp-image-5965\" src=\"http:\/\/forbabyboss.com\/wp-content\/uploads\/2022\/09\/checkout.png\" alt=\"\" width=\"1030\" height=\"379\" srcset=\"https:\/\/forbabyboss.com\/wp-content\/uploads\/2022\/09\/checkout.png 750w, https:\/\/forbabyboss.com\/wp-content\/uploads\/2022\/09\/checkout-600x221.png 600w\" sizes=\"auto, (max-width: 1030px) 100vw, 1030px\" \/><\/a><\/strong><\/span><\/p>","protected":false},"excerpt":{"rendered":"<p><a href=\"http:\/\/forbabyboss.com\/wp-content\/uploads\/2022\/09\/Star-Rating-5.png\"><img loading=\"lazy\" decoding=\"async\" class=\"alignnone size-full wp-image-5973 aligncenter\" src=\"http:\/\/forbabyboss.com\/wp-content\/uploads\/2022\/09\/Star-Rating-5.png\" alt=\"\" width=\"275\" height=\"45\" \/><\/a><\/p>\n<p style=\"text-align: center;\"><span style=\"color: #ed1c24; font-size: 120%;\"><b>GWARANCJA DOPASOWANIA CENY<\/b><\/span><\/p>\n<p style=\"text-align: center;\"><span style=\"font-size: 115%;\"><span style=\"font-weight: 400; color: #4f4fa7;\">Darmowa dostawa<\/span><span style=\"font-weight: 400;\"> \u2013 2 \u2013 7 dni<\/span><\/span><\/p>\n<p style=\"text-align: center;\"><strong><span style=\"color: #29606b;\">Darmowy prezent przy zakupach powy\u017cej 100 GBP<\/span><\/strong><\/p>","protected":false},"featured_media":5490,"template":"","meta":[],"product_brand":[370],"product_cat":[337,339,156,305,244,303,130,209,211],"product_tag":[163,199],"class_list":{"0":"post-5489","1":"product","2":"type-product","3":"status-publish","4":"has-post-thumbnail","6":"product_brand-babylux","7":"product_cat-500-to-600","8":"product_cat-700-to-800","9":"product_cat-3-in-1","10":"product_cat-colour","11":"product_cat-green","12":"product_cat-pattern","13":"product_cat-prams","14":"product_cat-push-chairs","15":"product_cat-stroller","16":"product_tag-3-in-1-prams","17":"product_tag-prams","19":"first","20":"instock","21":"sale","22":"shipping-taxable","23":"purchasable","24":"product-type-simple"},"yoast_head":"<!-- This site is optimized with the Yoast SEO plugin v27.5 - https:\/\/yoast.com\/product\/yoast-seo-wordpress\/ -->\n<title>Stroller 3in1 Travel System Set Car Seat Stroller - Green Flowers - For Baby Boss<\/title>\n<meta name=\"description\" content=\"Stroller 3in1 Travel System Set Car Seat Stroller - Green Flowers\" \/>\n<meta name=\"robots\" content=\"index, follow, max-snippet:-1, max-image-preview:large, max-video-preview:-1\" \/>\n<link rel=\"canonical\" href=\"https:\/\/forbabyboss.com\/pl\/product\/wozek-3w1-zestaw-podrozny-fotelik-samochodowy-wozek-zielone-kwiaty\/\" \/>\n<meta property=\"og:locale\" content=\"pl_PL\" \/>\n<meta property=\"og:type\" content=\"article\" \/>\n<meta property=\"og:title\" content=\"Stroller 3in1 Travel System Set Car Seat Stroller - Green Flowers - For Baby Boss\" \/>\n<meta property=\"og:description\" content=\"Stroller 3in1 Travel System Set Car Seat Stroller - Green Flowers\" \/>\n<meta property=\"og:url\" content=\"https:\/\/forbabyboss.com\/pl\/product\/wozek-3w1-zestaw-podrozny-fotelik-samochodowy-wozek-zielone-kwiaty\/\" \/>\n<meta property=\"og:site_name\" content=\"For Baby Boss\" \/>\n<meta property=\"article:modified_time\" content=\"2026-02-21T11:53:10+00:00\" \/>\n<meta property=\"og:image\" content=\"https:\/\/forbabyboss.com\/wp-content\/uploads\/2022\/09\/Baby-Pushchair-Buggy-Pram-Set-3-in-1-Travel-System-Car-Seat-Stroller-From-Birth-Green-Flowers-main.jpg\" \/>\n\t<meta property=\"og:image:width\" content=\"1600\" \/>\n\t<meta property=\"og:image:height\" content=\"1600\" \/>\n\t<meta property=\"og:image:type\" content=\"image\/jpeg\" \/>\n<meta name=\"twitter:card\" content=\"summary_large_image\" \/>\n<meta name=\"twitter:label1\" content=\"Szacowany czas czytania\" \/>\n\t<meta name=\"twitter:data1\" content=\"2 minuty\" \/>\n<script type=\"application\/ld+json\" class=\"yoast-schema-graph\">{\"@context\":\"https:\\\/\\\/schema.org\",\"@graph\":[{\"@type\":\"WebPage\",\"@id\":\"https:\\\/\\\/forbabyboss.com\\\/product\\\/stroller-3in1-travel-system-set-car-seat-stroller-green-flowers\\\/\",\"url\":\"https:\\\/\\\/forbabyboss.com\\\/product\\\/stroller-3in1-travel-system-set-car-seat-stroller-green-flowers\\\/\",\"name\":\"Stroller 3in1 Travel System Set Car Seat Stroller - Green Flowers - For Baby Boss\",\"isPartOf\":{\"@id\":\"https:\\\/\\\/powderblue-seahorse-496884.hostingersite.com\\\/#website\"},\"primaryImageOfPage\":{\"@id\":\"https:\\\/\\\/forbabyboss.com\\\/product\\\/stroller-3in1-travel-system-set-car-seat-stroller-green-flowers\\\/#primaryimage\"},\"image\":{\"@id\":\"https:\\\/\\\/forbabyboss.com\\\/product\\\/stroller-3in1-travel-system-set-car-seat-stroller-green-flowers\\\/#primaryimage\"},\"thumbnailUrl\":\"https:\\\/\\\/forbabyboss.com\\\/wp-content\\\/uploads\\\/2022\\\/09\\\/Baby-Pushchair-Buggy-Pram-Set-3-in-1-Travel-System-Car-Seat-Stroller-From-Birth-Green-Flowers-main.jpg\",\"datePublished\":\"2022-09-13T12:28:38+00:00\",\"dateModified\":\"2026-02-21T11:53:10+00:00\",\"description\":\"Stroller 3in1 Travel System Set Car Seat Stroller - Green Flowers\",\"breadcrumb\":{\"@id\":\"https:\\\/\\\/forbabyboss.com\\\/product\\\/stroller-3in1-travel-system-set-car-seat-stroller-green-flowers\\\/#breadcrumb\"},\"inLanguage\":\"pl-PL\",\"potentialAction\":[{\"@type\":\"ReadAction\",\"target\":[\"https:\\\/\\\/forbabyboss.com\\\/product\\\/stroller-3in1-travel-system-set-car-seat-stroller-green-flowers\\\/\"]}]},{\"@type\":\"ImageObject\",\"inLanguage\":\"pl-PL\",\"@id\":\"https:\\\/\\\/forbabyboss.com\\\/product\\\/stroller-3in1-travel-system-set-car-seat-stroller-green-flowers\\\/#primaryimage\",\"url\":\"https:\\\/\\\/forbabyboss.com\\\/wp-content\\\/uploads\\\/2022\\\/09\\\/Baby-Pushchair-Buggy-Pram-Set-3-in-1-Travel-System-Car-Seat-Stroller-From-Birth-Green-Flowers-main.jpg\",\"contentUrl\":\"https:\\\/\\\/forbabyboss.com\\\/wp-content\\\/uploads\\\/2022\\\/09\\\/Baby-Pushchair-Buggy-Pram-Set-3-in-1-Travel-System-Car-Seat-Stroller-From-Birth-Green-Flowers-main.jpg\",\"width\":1600,\"height\":1600},{\"@type\":\"BreadcrumbList\",\"@id\":\"https:\\\/\\\/forbabyboss.com\\\/product\\\/stroller-3in1-travel-system-set-car-seat-stroller-green-flowers\\\/#breadcrumb\",\"itemListElement\":[{\"@type\":\"ListItem\",\"position\":1,\"name\":\"Home\",\"item\":\"https:\\\/\\\/forbabyboss.com\\\/\"},{\"@type\":\"ListItem\",\"position\":2,\"name\":\"Shop\",\"item\":\"https:\\\/\\\/forbabyboss.com\\\/shop\\\/\"},{\"@type\":\"ListItem\",\"position\":3,\"name\":\"Stroller 3in1 Travel System Set Car Seat Stroller &#8211; Green Flowers\"}]},{\"@type\":\"WebSite\",\"@id\":\"https:\\\/\\\/powderblue-seahorse-496884.hostingersite.com\\\/#website\",\"url\":\"https:\\\/\\\/powderblue-seahorse-496884.hostingersite.com\\\/\",\"name\":\"For Baby Boss\",\"description\":\"Beautiful gifts and accessories for your baby boss\",\"potentialAction\":[{\"@type\":\"SearchAction\",\"target\":{\"@type\":\"EntryPoint\",\"urlTemplate\":\"https:\\\/\\\/powderblue-seahorse-496884.hostingersite.com\\\/?s={search_term_string}\"},\"query-input\":{\"@type\":\"PropertyValueSpecification\",\"valueRequired\":true,\"valueName\":\"search_term_string\"}}],\"inLanguage\":\"pl-PL\"}]}<\/script>\n<!-- \/ Yoast SEO plugin. -->","yoast_head_json":{"title":"W\u00f3zek 3w1, zestaw podr\u00f3\u017cny, fotelik samochodowy, zielone kwiaty, dla Baby Boss","description":"W\u00f3zek 3w1, zestaw podr\u00f3\u017cny, fotelik samochodowy, zielone kwiaty","robots":{"index":"index","follow":"follow","max-snippet":"max-snippet:-1","max-image-preview":"max-image-preview:large","max-video-preview":"max-video-preview:-1"},"canonical":"https:\/\/forbabyboss.com\/pl\/product\/wozek-3w1-zestaw-podrozny-fotelik-samochodowy-wozek-zielone-kwiaty\/","og_locale":"pl_PL","og_type":"article","og_title":"Stroller 3in1 Travel System Set Car Seat Stroller - Green Flowers - For Baby Boss","og_description":"Stroller 3in1 Travel System Set Car Seat Stroller - Green Flowers","og_url":"https:\/\/forbabyboss.com\/pl\/product\/wozek-3w1-zestaw-podrozny-fotelik-samochodowy-wozek-zielone-kwiaty\/","og_site_name":"For Baby Boss","article_modified_time":"2026-02-21T11:53:10+00:00","og_image":[{"width":1600,"height":1600,"url":"https:\/\/forbabyboss.com\/wp-content\/uploads\/2022\/09\/Baby-Pushchair-Buggy-Pram-Set-3-in-1-Travel-System-Car-Seat-Stroller-From-Birth-Green-Flowers-main.jpg","type":"image\/jpeg"}],"twitter_card":"summary_large_image","twitter_misc":{"Szacowany czas czytania":"2 minuty"},"schema":{"@context":"https:\/\/schema.org","@graph":[{"@type":"WebPage","@id":"https:\/\/forbabyboss.com\/product\/stroller-3in1-travel-system-set-car-seat-stroller-green-flowers\/","url":"https:\/\/forbabyboss.com\/product\/stroller-3in1-travel-system-set-car-seat-stroller-green-flowers\/","name":"W\u00f3zek 3w1, zestaw podr\u00f3\u017cny, fotelik samochodowy, zielone kwiaty, dla Baby Boss","isPartOf":{"@id":"https:\/\/powderblue-seahorse-496884.hostingersite.com\/#website"},"primaryImageOfPage":{"@id":"https:\/\/forbabyboss.com\/product\/stroller-3in1-travel-system-set-car-seat-stroller-green-flowers\/#primaryimage"},"image":{"@id":"https:\/\/forbabyboss.com\/product\/stroller-3in1-travel-system-set-car-seat-stroller-green-flowers\/#primaryimage"},"thumbnailUrl":"https:\/\/forbabyboss.com\/wp-content\/uploads\/2022\/09\/Baby-Pushchair-Buggy-Pram-Set-3-in-1-Travel-System-Car-Seat-Stroller-From-Birth-Green-Flowers-main.jpg","datePublished":"2022-09-13T12:28:38+00:00","dateModified":"2026-02-21T11:53:10+00:00","description":"W\u00f3zek 3w1, zestaw podr\u00f3\u017cny, fotelik samochodowy, zielone kwiaty","breadcrumb":{"@id":"https:\/\/forbabyboss.com\/product\/stroller-3in1-travel-system-set-car-seat-stroller-green-flowers\/#breadcrumb"},"inLanguage":"pl-PL","potentialAction":[{"@type":"ReadAction","target":["https:\/\/forbabyboss.com\/product\/stroller-3in1-travel-system-set-car-seat-stroller-green-flowers\/"]}]},{"@type":"ImageObject","inLanguage":"pl-PL","@id":"https:\/\/forbabyboss.com\/product\/stroller-3in1-travel-system-set-car-seat-stroller-green-flowers\/#primaryimage","url":"https:\/\/forbabyboss.com\/wp-content\/uploads\/2022\/09\/Baby-Pushchair-Buggy-Pram-Set-3-in-1-Travel-System-Car-Seat-Stroller-From-Birth-Green-Flowers-main.jpg","contentUrl":"https:\/\/forbabyboss.com\/wp-content\/uploads\/2022\/09\/Baby-Pushchair-Buggy-Pram-Set-3-in-1-Travel-System-Car-Seat-Stroller-From-Birth-Green-Flowers-main.jpg","width":1600,"height":1600},{"@type":"BreadcrumbList","@id":"https:\/\/forbabyboss.com\/product\/stroller-3in1-travel-system-set-car-seat-stroller-green-flowers\/#breadcrumb","itemListElement":[{"@type":"ListItem","position":1,"name":"Home","item":"https:\/\/forbabyboss.com\/"},{"@type":"ListItem","position":2,"name":"Shop","item":"https:\/\/forbabyboss.com\/shop\/"},{"@type":"ListItem","position":3,"name":"Stroller 3in1 Travel System Set Car Seat Stroller &#8211; Green Flowers"}]},{"@type":"WebSite","@id":"https:\/\/powderblue-seahorse-496884.hostingersite.com\/#website","url":"https:\/\/powderblue-seahorse-496884.hostingersite.com\/","name":"Dla Baby Boss","description":"Pi\u0119kne prezenty i akcesoria dla ma\u0142ego szefa","potentialAction":[{"@type":"SearchAction","target":{"@type":"EntryPoint","urlTemplate":"https:\/\/powderblue-seahorse-496884.hostingersite.com\/?s={search_term_string}"},"query-input":{"@type":"PropertyValueSpecification","valueRequired":true,"valueName":"search_term_string"}}],"inLanguage":"pl-PL"}]}},"_links":{"self":[{"href":"https:\/\/forbabyboss.com\/pl\/wp-json\/wp\/v2\/product\/5489","targetHints":{"allow":["GET"]}}],"collection":[{"href":"https:\/\/forbabyboss.com\/pl\/wp-json\/wp\/v2\/product"}],"about":[{"href":"https:\/\/forbabyboss.com\/pl\/wp-json\/wp\/v2\/types\/product"}],"wp:featuredmedia":[{"embeddable":true,"href":"https:\/\/forbabyboss.com\/pl\/wp-json\/wp\/v2\/media\/5490"}],"wp:attachment":[{"href":"https:\/\/forbabyboss.com\/pl\/wp-json\/wp\/v2\/media?parent=5489"}],"wp:term":[{"taxonomy":"product_brand","embeddable":true,"href":"https:\/\/forbabyboss.com\/pl\/wp-json\/wp\/v2\/product_brand?post=5489"},{"taxonomy":"product_cat","embeddable":true,"href":"https:\/\/forbabyboss.com\/pl\/wp-json\/wp\/v2\/product_cat?post=5489"},{"taxonomy":"product_tag","embeddable":true,"href":"https:\/\/forbabyboss.com\/pl\/wp-json\/wp\/v2\/product_tag?post=5489"}],"curies":[{"name":"wp","href":"https:\/\/api.w.org\/{rel}","templated":true}]}}