{"id":5573,"date":"2022-09-13T15:19:25","date_gmt":"2022-09-13T15:19:25","guid":{"rendered":"http:\/\/forbabyboss.com\/?post_type=product&#038;p=5573"},"modified":"2026-02-21T11:17:39","modified_gmt":"2026-02-21T11:17:39","slug":"wozek-spacerowy-3-w-1-z-fotelikiem-samochodowym-skladany-od-urodzenia-czarno-bialy-rama","status":"publish","type":"product","link":"https:\/\/forbabyboss.com\/pl\/product\/baby-travel-system-pushchair-3-in-1-car-seat-foldable-pram-buggy-from-birth-blackwhite-frame\/","title":{"rendered":"W\u00f3zek dzieci\u0119cy 3 w 1, fotelik samochodowy, sk\u0142adany, od urodzenia \u2013 czarny (bia\u0142a rama)"},"content":{"rendered":"<div style=\"width: 1020px;\" class=\"wp-video\"><video class=\"wp-video-shortcode\" id=\"video-5573-1\" width=\"1020\" height=\"574\" preload=\"metadata\" controls=\"controls\"><source type=\"video\/mp4\" src=\"http:\/\/forbabyboss.com\/wp-content\/uploads\/2022\/09\/Baby-Travel-System-Pushchair-3-in-1-Car-seat-Foldable-Pram-Buggy-From-Birth.mp4?_=1\" \/><a href=\"http:\/\/forbabyboss.com\/wp-content\/uploads\/2022\/09\/Baby-Travel-System-Pushchair-3-in-1-Car-seat-Foldable-Pram-Buggy-From-Birth.mp4\">http:\/\/forbabyboss.com\/wp-content\/uploads\/2022\/09\/Baby-Travel-System-Pushchair-3-in-1-Car-seat-Foldable-Pram-Buggy-From-Birth.mp4<\/a><\/video><\/div>\n<h1><span style=\"font-size: 250%; color: #808080;\"><strong>W\u00f3zek dzieci\u0119cy Mila<\/strong><\/span><\/h1>\n<p style=\"text-align: justify;\"><span style=\"color: #808080;\">MILA \u2013 nowoczesny i funkcjonalny w\u00f3zek dzieci\u0119cy, kt\u00f3ry daje jeszcze wi\u0119cej przyjemno\u015bci podczas spacer\u00f3w, a innowacyjny design nadaje mu poczucie wyj\u0105tkowo\u015bci.<\/span><br \/>\n<span style=\"color: #808080;\">W\u00f3zek jest odpowiedni dla dzieci w wieku od 6 do 36 miesi\u0119cy. Lekka rama i wygodna konstrukcja sprawiaj\u0105, \u017ce korzystanie z w\u00f3zka jest jeszcze wygodniejsze.<\/span><\/p>\n<p style=\"text-align: justify;\"><span style=\"color: #808080;\">W\u00f3zek pojedynczy dla dzieci o wadze od 1 do 15 kg<\/span><br \/>\n<span style=\"color: #808080;\">Posiada certyfikat TUV NORD, kt\u00f3ry gwarantuje najwy\u017csz\u0105 jako\u015b\u0107 i bezpiecze\u0144stwo dla Twojego dziecka.<\/span><br \/>\n<span style=\"color: #808080;\">W\u00f3zek spe\u0142nia najnowsz\u0105, rygorystyczn\u0105 norm\u0119 bezpiecze\u0144stwa EN 1888-1:2018<\/span><\/p>\n<h3 style=\"text-align: justify;\"><span style=\"color: #808080;\"><strong>Zestaw zawiera:<\/strong><\/span><\/h3>\n<p style=\"text-align: justify;\"><span style=\"color: #808080;\">\u2022 rama w\u00f3zka<\/span><\/p>\n<p style=\"text-align: justify;\"><span style=\"color: #808080;\">\u2022gondol\u0119<\/span><\/p>\n<p style=\"text-align: justify;\"><span style=\"color: #808080;\">\u2022fotel sportowy<\/span><\/p>\n<p style=\"text-align: justify;\"><span style=\"color: #808080;\">\u2022 torba na rami\u0119<\/span><\/p>\n<p style=\"text-align: justify;\"><span style=\"color: #808080;\">\u2022fotelik samochodowy (tylko w zestawie 3w1)<\/span><\/p>\n<p style=\"text-align: justify;\"><span style=\"color: #808080;\">\u2022 dodatkowo: folia przeciwdeszczowa, moskitiera, kosz na zakupy<strong><br \/>\n<\/strong><\/span><\/p>\n<h3 style=\"text-align: justify;\"><span style=\"color: #808080;\"><strong>Rama Prame:<\/strong><\/span><\/h3>\n<p style=\"text-align: justify;\"><span style=\"color: #808080;\">\u2022 rama aluminiowa \u2013 lekka i wytrzyma\u0142a<\/span><\/p>\n<p style=\"text-align: justify;\"><span style=\"color: #808080;\">\u2022obrotowe, bezawaryjne ko\u0142a \u017celowe \u2013 nie przebijaj\u0105 si\u0119<\/span><\/p>\n<p style=\"text-align: justify;\"><span style=\"color: #808080;\">\u2022\u0142o\u017cyska w ko\u0142ach u\u0142atwiaj\u0105 pchanie w\u00f3zka<\/span><\/p>\n<p style=\"text-align: justify;\"><span style=\"color: #808080;\">\u2022regulowana wysoko\u015b\u0107 r\u0105czki obszytej eko-sk\u00f3r\u0105<\/span><\/p>\n<p style=\"text-align: justify;\"><span style=\"color: #808080;\">\u2022 amortyzowane zawieszenie tylne \u2013 zapewnia komfort podczas ka\u017cdego spaceru<\/span><\/p>\n<p style=\"text-align: justify;\"><span style=\"color: #808080;\">\u2022kompaktowy rozmiar po z\u0142o\u017ceniu<\/span><\/p>\n<p style=\"text-align: justify;\"><span style=\"color: #808080;\">\u2022 prosty system monta\u017cu i demonta\u017cu gondoli, fotelika sportowego i fotelika samochodowego<\/span><br \/>\n<span style=\"color: #808080;\">\u2022 wyposa\u017cony w centralny hamulec zapewniaj\u0105cy stabilno\u015b\u0107<\/span><\/p>\n<p style=\"text-align: justify;\"><span style=\"color: #808080;\">\u2022dodatkowe zawieszenie boczne stela\u017ca w\u00f3zka umo\u017cliwia blokad\u0119, co pozwala na jeszcze lepsz\u0105 amortyzacj\u0119 wstrz\u0105s\u00f3w powstaj\u0105cych podczas pchania oraz przyjemne ko\u0142ysanie dziecka<\/span><\/p>\n<h3 style=\"text-align: justify;\"><span style=\"color: #808080;\"><strong>Gondola:<\/strong><\/span><\/h3>\n<p style=\"text-align: justify;\"><span style=\"color: #808080;\">\u2022du\u017ca gondola, kt\u00f3r\u0105 mo\u017cna u\u017cywa\u0107 jako ko\u0142yski<\/span><\/p>\n<p style=\"text-align: justify;\"><span style=\"color: #808080;\">\u2022 wyposa\u017cony w dopasowany, odpinany pokrowiec na n\u00f3\u017cki \u2013 chroni Twoje dziecko przed niepogod\u0105<\/span><\/p>\n<p style=\"text-align: justify;\"><span style=\"color: #808080;\">\u2022ergonomiczna r\u0105czka pokryta eko-sk\u00f3r\u0105 \u2013 u\u0142atwia przenoszenie gondoli<\/span><\/p>\n<p style=\"text-align: justify;\"><span style=\"color: #808080;\">\u2022elastyczny materacyk i mi\u0119kkie wype\u0142nienie gondoli<\/span><\/p>\n<p style=\"text-align: justify;\"><span style=\"color: #808080;\">\u2022regulowany zag\u0142\u00f3wek<\/span><\/p>\n<p style=\"text-align: justify;\"><span style=\"color: #808080;\">\u2022 wentylacja w schowku gondoli zapewnia \u015bwie\u017ce powietrze, zapobiegaj\u0105c przegrzaniu dziecka<\/span><\/p>\n<h3 style=\"text-align: justify;\"><span style=\"color: #808080;\"><strong>Fotel sportowy:<\/strong><\/span><\/h3>\n<p style=\"text-align: justify;\"><span style=\"color: #808080;\">\u2022mo\u017cliwo\u015b\u0107 monta\u017cu przodem lub ty\u0142em do kierunku jazdy<\/span><\/p>\n<p style=\"text-align: justify;\"><span style=\"color: #808080;\">\u2022pi\u0119ciopunktowe regulowane pasy bezpiecze\u0144stwa<\/span><\/p>\n<p style=\"text-align: justify;\"><span style=\"color: #808080;\">\u2022 odpinana bariera pokryta eko-sk\u00f3r\u0105<\/span><\/p>\n<p style=\"text-align: justify;\"><span style=\"color: #808080;\">\u2022 wygodny regulowany podn\u00f3\u017cek<\/span><\/p>\n<p style=\"text-align: justify;\"><span style=\"color: #808080;\">\u2022 okno wentylacyjne z ty\u0142u budki<\/span><\/p>\n<p style=\"text-align: justify;\"><span style=\"color: #808080;\">\u2022kompaktowy rozmiar po z\u0142o\u017ceniu<\/span><\/p>\n<p style=\"text-align: justify;\"><span style=\"color: #808080;\">\u2022regulacja oparcia \u2013 do pozycji p\u0142askiej, najzdrowszej pozycji dla Twojego dziecka podczas snu<\/span><\/p>\n<p style=\"text-align: justify;\"><span style=\"color: #808080;\">\u2022 regulowany daszek, kt\u00f3ry mo\u017cna odpi\u0105\u0107<\/span><\/p>\n<p style=\"text-align: justify;\"><span style=\"color: #808080;\">\u2022 dopasowany, odpinany pokrowiec na n\u00f3\u017cki \u2013 chroni Twoje dziecko przed kapry\u015bn\u0105 pogod\u0105<\/span><\/p>\n<p style=\"text-align: justify;\"><a href=\"http:\/\/forbabyboss.com\/wp-content\/uploads\/2022\/09\/checkout.png\"><img loading=\"lazy\" decoding=\"async\" class=\"alignnone size-full wp-image-5965\" src=\"http:\/\/forbabyboss.com\/wp-content\/uploads\/2022\/09\/checkout.png\" alt=\"\" width=\"750\" height=\"276\" srcset=\"https:\/\/forbabyboss.com\/wp-content\/uploads\/2022\/09\/checkout.png 750w, https:\/\/forbabyboss.com\/wp-content\/uploads\/2022\/09\/checkout-600x221.png 600w\" sizes=\"auto, (max-width: 750px) 100vw, 750px\" \/><\/a><\/p>","protected":false},"excerpt":{"rendered":"<p><a href=\"http:\/\/forbabyboss.com\/wp-content\/uploads\/2022\/09\/Star-Rating-5.png\"><img loading=\"lazy\" decoding=\"async\" class=\"alignnone size-full wp-image-5973 aligncenter\" src=\"http:\/\/forbabyboss.com\/wp-content\/uploads\/2022\/09\/Star-Rating-5.png\" alt=\"\" width=\"275\" height=\"45\" \/><\/a><\/p>\n<p style=\"text-align: center;\"><span style=\"color: #ed1c24; font-size: 120%;\"><b>GWARANCJA DOPASOWANIA CENY<\/b><\/span><\/p>\n<p style=\"text-align: center;\"><span style=\"font-size: 115%;\"><span style=\"font-weight: 400; color: #4f4fa7;\">Darmowa dostawa<\/span><span style=\"font-weight: 400;\"> \u2013 2 \u2013 7 dni<\/span><\/span><\/p>\n<p style=\"text-align: center;\"><strong><span style=\"color: #29606b;\">Darmowy prezent przy zakupach powy\u017cej 100 GBP<\/span><\/strong><\/p>","protected":false},"featured_media":5574,"template":"","meta":[],"product_brand":[577],"product_cat":[339,156,207,305,130,209,211,229],"product_tag":[163,199],"class_list":{"0":"post-5573","1":"product","2":"type-product","3":"status-publish","4":"has-post-thumbnail","6":"product_brand-kunert","7":"product_cat-700-to-800","8":"product_cat-3-in-1","9":"product_cat-black","10":"product_cat-colour","11":"product_cat-prams","12":"product_cat-push-chairs","13":"product_cat-stroller","14":"product_cat-white","15":"product_tag-3-in-1-prams","16":"product_tag-prams","18":"first","19":"instock","20":"sale","21":"shipping-taxable","22":"purchasable","23":"product-type-simple"},"yoast_head":"<!-- This site is optimized with the Yoast SEO plugin v27.5 - https:\/\/yoast.com\/product\/yoast-seo-wordpress\/ -->\n<title>Baby Travel System Pushchair 3 in 1 Car seat Foldable Pram Buggy From Birth - Black(white frame) - For Baby Boss<\/title>\n<meta name=\"description\" content=\"Baby Travel System Pushchair 3 in 1 Car seat Foldable Pram Buggy From Birth - Black(white frame)\" \/>\n<meta name=\"robots\" content=\"index, follow, max-snippet:-1, max-image-preview:large, max-video-preview:-1\" \/>\n<link rel=\"canonical\" href=\"https:\/\/forbabyboss.com\/pl\/product\/wozek-spacerowy-3-w-1-z-fotelikiem-samochodowym-skladany-od-urodzenia-czarno-bialy-rama\/\" \/>\n<meta property=\"og:locale\" content=\"pl_PL\" \/>\n<meta property=\"og:type\" content=\"article\" \/>\n<meta property=\"og:title\" content=\"Baby Travel System Pushchair 3 in 1 Car seat Foldable Pram Buggy From Birth - Black(white frame) - For Baby Boss\" \/>\n<meta property=\"og:description\" content=\"Baby Travel System Pushchair 3 in 1 Car seat Foldable Pram Buggy From Birth - Black(white frame)\" \/>\n<meta property=\"og:url\" content=\"https:\/\/forbabyboss.com\/pl\/product\/wozek-spacerowy-3-w-1-z-fotelikiem-samochodowym-skladany-od-urodzenia-czarno-bialy-rama\/\" \/>\n<meta property=\"og:site_name\" content=\"For Baby Boss\" \/>\n<meta property=\"article:modified_time\" content=\"2026-02-21T11:17:39+00:00\" \/>\n<meta property=\"og:image\" content=\"https:\/\/forbabyboss.com\/wp-content\/uploads\/2022\/09\/Baby-Travel-System-Pushchair-3-in-1-Car-seat-Foldable-Pram-Buggy-From-Birth-Blackwhite-frame-main.png\" \/>\n\t<meta property=\"og:image:width\" content=\"1309\" \/>\n\t<meta property=\"og:image:height\" content=\"900\" \/>\n\t<meta property=\"og:image:type\" content=\"image\/png\" \/>\n<meta name=\"twitter:card\" content=\"summary_large_image\" \/>\n<meta name=\"twitter:label1\" content=\"Szacowany czas czytania\" \/>\n\t<meta name=\"twitter:data1\" content=\"2 minuty\" \/>\n<script type=\"application\/ld+json\" class=\"yoast-schema-graph\">{\"@context\":\"https:\\\/\\\/schema.org\",\"@graph\":[{\"@type\":\"WebPage\",\"@id\":\"https:\\\/\\\/forbabyboss.com\\\/product\\\/baby-travel-system-pushchair-3-in-1-car-seat-foldable-pram-buggy-from-birth-blackwhite-frame\\\/\",\"url\":\"https:\\\/\\\/forbabyboss.com\\\/product\\\/baby-travel-system-pushchair-3-in-1-car-seat-foldable-pram-buggy-from-birth-blackwhite-frame\\\/\",\"name\":\"Baby Travel System Pushchair 3 in 1 Car seat Foldable Pram Buggy From Birth - Black(white frame) - For Baby Boss\",\"isPartOf\":{\"@id\":\"https:\\\/\\\/powderblue-seahorse-496884.hostingersite.com\\\/#website\"},\"primaryImageOfPage\":{\"@id\":\"https:\\\/\\\/forbabyboss.com\\\/product\\\/baby-travel-system-pushchair-3-in-1-car-seat-foldable-pram-buggy-from-birth-blackwhite-frame\\\/#primaryimage\"},\"image\":{\"@id\":\"https:\\\/\\\/forbabyboss.com\\\/product\\\/baby-travel-system-pushchair-3-in-1-car-seat-foldable-pram-buggy-from-birth-blackwhite-frame\\\/#primaryimage\"},\"thumbnailUrl\":\"https:\\\/\\\/forbabyboss.com\\\/wp-content\\\/uploads\\\/2022\\\/09\\\/Baby-Travel-System-Pushchair-3-in-1-Car-seat-Foldable-Pram-Buggy-From-Birth-Blackwhite-frame-main.png\",\"datePublished\":\"2022-09-13T15:19:25+00:00\",\"dateModified\":\"2026-02-21T11:17:39+00:00\",\"description\":\"Baby Travel System Pushchair 3 in 1 Car seat Foldable Pram Buggy From Birth - Black(white frame)\",\"breadcrumb\":{\"@id\":\"https:\\\/\\\/forbabyboss.com\\\/product\\\/baby-travel-system-pushchair-3-in-1-car-seat-foldable-pram-buggy-from-birth-blackwhite-frame\\\/#breadcrumb\"},\"inLanguage\":\"pl-PL\",\"potentialAction\":[{\"@type\":\"ReadAction\",\"target\":[\"https:\\\/\\\/forbabyboss.com\\\/product\\\/baby-travel-system-pushchair-3-in-1-car-seat-foldable-pram-buggy-from-birth-blackwhite-frame\\\/\"]}]},{\"@type\":\"ImageObject\",\"inLanguage\":\"pl-PL\",\"@id\":\"https:\\\/\\\/forbabyboss.com\\\/product\\\/baby-travel-system-pushchair-3-in-1-car-seat-foldable-pram-buggy-from-birth-blackwhite-frame\\\/#primaryimage\",\"url\":\"https:\\\/\\\/forbabyboss.com\\\/wp-content\\\/uploads\\\/2022\\\/09\\\/Baby-Travel-System-Pushchair-3-in-1-Car-seat-Foldable-Pram-Buggy-From-Birth-Blackwhite-frame-main.png\",\"contentUrl\":\"https:\\\/\\\/forbabyboss.com\\\/wp-content\\\/uploads\\\/2022\\\/09\\\/Baby-Travel-System-Pushchair-3-in-1-Car-seat-Foldable-Pram-Buggy-From-Birth-Blackwhite-frame-main.png\",\"width\":1309,\"height\":900},{\"@type\":\"BreadcrumbList\",\"@id\":\"https:\\\/\\\/forbabyboss.com\\\/product\\\/baby-travel-system-pushchair-3-in-1-car-seat-foldable-pram-buggy-from-birth-blackwhite-frame\\\/#breadcrumb\",\"itemListElement\":[{\"@type\":\"ListItem\",\"position\":1,\"name\":\"Home\",\"item\":\"https:\\\/\\\/forbabyboss.com\\\/\"},{\"@type\":\"ListItem\",\"position\":2,\"name\":\"Shop\",\"item\":\"https:\\\/\\\/forbabyboss.com\\\/shop\\\/\"},{\"@type\":\"ListItem\",\"position\":3,\"name\":\"Baby Travel System Pushchair 3 in 1 Car seat Foldable Pram Buggy From Birth &#8211; Black(white frame)\"}]},{\"@type\":\"WebSite\",\"@id\":\"https:\\\/\\\/powderblue-seahorse-496884.hostingersite.com\\\/#website\",\"url\":\"https:\\\/\\\/powderblue-seahorse-496884.hostingersite.com\\\/\",\"name\":\"For Baby Boss\",\"description\":\"Beautiful gifts and accessories for your baby boss\",\"potentialAction\":[{\"@type\":\"SearchAction\",\"target\":{\"@type\":\"EntryPoint\",\"urlTemplate\":\"https:\\\/\\\/powderblue-seahorse-496884.hostingersite.com\\\/?s={search_term_string}\"},\"query-input\":{\"@type\":\"PropertyValueSpecification\",\"valueRequired\":true,\"valueName\":\"search_term_string\"}}],\"inLanguage\":\"pl-PL\"}]}<\/script>\n<!-- \/ Yoast SEO plugin. -->","yoast_head_json":{"title":"W\u00f3zek dzieci\u0119cy 3 w 1, fotelik samochodowy, sk\u0142adany, od urodzenia - czarny (bia\u0142a rama) - dla Baby Boss","description":"W\u00f3zek dzieci\u0119cy 3 w 1, fotelik samochodowy, sk\u0142adany, od urodzenia - czarny (bia\u0142a rama)","robots":{"index":"index","follow":"follow","max-snippet":"max-snippet:-1","max-image-preview":"max-image-preview:large","max-video-preview":"max-video-preview:-1"},"canonical":"https:\/\/forbabyboss.com\/pl\/product\/wozek-spacerowy-3-w-1-z-fotelikiem-samochodowym-skladany-od-urodzenia-czarno-bialy-rama\/","og_locale":"pl_PL","og_type":"article","og_title":"Baby Travel System Pushchair 3 in 1 Car seat Foldable Pram Buggy From Birth - Black(white frame) - For Baby Boss","og_description":"Baby Travel System Pushchair 3 in 1 Car seat Foldable Pram Buggy From Birth - Black(white frame)","og_url":"https:\/\/forbabyboss.com\/pl\/product\/wozek-spacerowy-3-w-1-z-fotelikiem-samochodowym-skladany-od-urodzenia-czarno-bialy-rama\/","og_site_name":"For Baby Boss","article_modified_time":"2026-02-21T11:17:39+00:00","og_image":[{"width":1309,"height":900,"url":"https:\/\/forbabyboss.com\/wp-content\/uploads\/2022\/09\/Baby-Travel-System-Pushchair-3-in-1-Car-seat-Foldable-Pram-Buggy-From-Birth-Blackwhite-frame-main.png","type":"image\/png"}],"twitter_card":"summary_large_image","twitter_misc":{"Szacowany czas czytania":"2 minuty"},"schema":{"@context":"https:\/\/schema.org","@graph":[{"@type":"WebPage","@id":"https:\/\/forbabyboss.com\/product\/baby-travel-system-pushchair-3-in-1-car-seat-foldable-pram-buggy-from-birth-blackwhite-frame\/","url":"https:\/\/forbabyboss.com\/product\/baby-travel-system-pushchair-3-in-1-car-seat-foldable-pram-buggy-from-birth-blackwhite-frame\/","name":"W\u00f3zek dzieci\u0119cy 3 w 1, fotelik samochodowy, sk\u0142adany, od urodzenia - czarny (bia\u0142a rama) - dla Baby Boss","isPartOf":{"@id":"https:\/\/powderblue-seahorse-496884.hostingersite.com\/#website"},"primaryImageOfPage":{"@id":"https:\/\/forbabyboss.com\/product\/baby-travel-system-pushchair-3-in-1-car-seat-foldable-pram-buggy-from-birth-blackwhite-frame\/#primaryimage"},"image":{"@id":"https:\/\/forbabyboss.com\/product\/baby-travel-system-pushchair-3-in-1-car-seat-foldable-pram-buggy-from-birth-blackwhite-frame\/#primaryimage"},"thumbnailUrl":"https:\/\/forbabyboss.com\/wp-content\/uploads\/2022\/09\/Baby-Travel-System-Pushchair-3-in-1-Car-seat-Foldable-Pram-Buggy-From-Birth-Blackwhite-frame-main.png","datePublished":"2022-09-13T15:19:25+00:00","dateModified":"2026-02-21T11:17:39+00:00","description":"W\u00f3zek dzieci\u0119cy 3 w 1, fotelik samochodowy, sk\u0142adany, od urodzenia - czarny (bia\u0142a rama)","breadcrumb":{"@id":"https:\/\/forbabyboss.com\/product\/baby-travel-system-pushchair-3-in-1-car-seat-foldable-pram-buggy-from-birth-blackwhite-frame\/#breadcrumb"},"inLanguage":"pl-PL","potentialAction":[{"@type":"ReadAction","target":["https:\/\/forbabyboss.com\/product\/baby-travel-system-pushchair-3-in-1-car-seat-foldable-pram-buggy-from-birth-blackwhite-frame\/"]}]},{"@type":"ImageObject","inLanguage":"pl-PL","@id":"https:\/\/forbabyboss.com\/product\/baby-travel-system-pushchair-3-in-1-car-seat-foldable-pram-buggy-from-birth-blackwhite-frame\/#primaryimage","url":"https:\/\/forbabyboss.com\/wp-content\/uploads\/2022\/09\/Baby-Travel-System-Pushchair-3-in-1-Car-seat-Foldable-Pram-Buggy-From-Birth-Blackwhite-frame-main.png","contentUrl":"https:\/\/forbabyboss.com\/wp-content\/uploads\/2022\/09\/Baby-Travel-System-Pushchair-3-in-1-Car-seat-Foldable-Pram-Buggy-From-Birth-Blackwhite-frame-main.png","width":1309,"height":900},{"@type":"BreadcrumbList","@id":"https:\/\/forbabyboss.com\/product\/baby-travel-system-pushchair-3-in-1-car-seat-foldable-pram-buggy-from-birth-blackwhite-frame\/#breadcrumb","itemListElement":[{"@type":"ListItem","position":1,"name":"Home","item":"https:\/\/forbabyboss.com\/"},{"@type":"ListItem","position":2,"name":"Shop","item":"https:\/\/forbabyboss.com\/shop\/"},{"@type":"ListItem","position":3,"name":"Baby Travel System Pushchair 3 in 1 Car seat Foldable Pram Buggy From Birth &#8211; Black(white frame)"}]},{"@type":"WebSite","@id":"https:\/\/powderblue-seahorse-496884.hostingersite.com\/#website","url":"https:\/\/powderblue-seahorse-496884.hostingersite.com\/","name":"Dla Baby Boss","description":"Pi\u0119kne prezenty i akcesoria dla ma\u0142ego szefa","potentialAction":[{"@type":"SearchAction","target":{"@type":"EntryPoint","urlTemplate":"https:\/\/powderblue-seahorse-496884.hostingersite.com\/?s={search_term_string}"},"query-input":{"@type":"PropertyValueSpecification","valueRequired":true,"valueName":"search_term_string"}}],"inLanguage":"pl-PL"}]}},"_links":{"self":[{"href":"https:\/\/forbabyboss.com\/pl\/wp-json\/wp\/v2\/product\/5573","targetHints":{"allow":["GET"]}}],"collection":[{"href":"https:\/\/forbabyboss.com\/pl\/wp-json\/wp\/v2\/product"}],"about":[{"href":"https:\/\/forbabyboss.com\/pl\/wp-json\/wp\/v2\/types\/product"}],"wp:featuredmedia":[{"embeddable":true,"href":"https:\/\/forbabyboss.com\/pl\/wp-json\/wp\/v2\/media\/5574"}],"wp:attachment":[{"href":"https:\/\/forbabyboss.com\/pl\/wp-json\/wp\/v2\/media?parent=5573"}],"wp:term":[{"taxonomy":"product_brand","embeddable":true,"href":"https:\/\/forbabyboss.com\/pl\/wp-json\/wp\/v2\/product_brand?post=5573"},{"taxonomy":"product_cat","embeddable":true,"href":"https:\/\/forbabyboss.com\/pl\/wp-json\/wp\/v2\/product_cat?post=5573"},{"taxonomy":"product_tag","embeddable":true,"href":"https:\/\/forbabyboss.com\/pl\/wp-json\/wp\/v2\/product_tag?post=5573"}],"curies":[{"name":"wp","href":"https:\/\/api.w.org\/{rel}","templated":true}]}}