{"id":5707,"date":"2022-09-15T07:50:43","date_gmt":"2022-09-15T07:50:43","guid":{"rendered":"http:\/\/forbabyboss.com\/?post_type=product&#038;p=5707"},"modified":"2026-02-21T11:10:28","modified_gmt":"2026-02-21T11:10:28","slug":"3w1-luksusowy-wozek-dzieciecy-fotelik-samochodowy-dla-noworodka-czarny","status":"publish","type":"product","link":"https:\/\/forbabyboss.com\/pl\/product\/3in1-luxury-baby-pram-newborn-car-seat-black\/","title":{"rendered":"Fotelik samochodowy dla noworodka 3w1 luksusowy \u2013 czarny"},"content":{"rendered":"<h2 style=\"text-align: justify;\"><span style=\"color: #e14d43;\"><strong>G\u0142\u0119boki w\u00f3zek<\/strong><\/span><\/h2>\n<p style=\"text-align: justify;\"><span style=\"color: #282828;\"><strong>jest to lekki, aluminiowy stela\u017c z gondol\u0105, przeznaczony przede wszystkim do bezpiecznego transportu noworodk\u00f3w i niemowl\u0105t o wadze do 9 kg.<\/strong><\/span><br \/>\n<span style=\"color: #282828;\"><strong>Gondola Axel ma rozk\u0142adan\u0105 budk\u0119 i mi\u0119kk\u0105 bawe\u0142nian\u0105 podszewk\u0119, kt\u00f3r\u0105 mo\u017cna \u0142atwo zdj\u0105\u0107 do prania.<\/strong><\/span><br \/>\n<span style=\"color: #282828;\"><strong>Kabina wyposa\u017cona jest w otwierane okno wentylacyjne.<\/strong><\/span><br \/>\n<span style=\"color: #282828;\"><strong>Dodatkowo pokrowiec na gondol\u0119 pe\u0142ni funkcj\u0119 os\u0142ony przed wiatrem.<\/strong><\/span><br \/>\n<span style=\"color: #282828;\"><strong>Gondola posiada r\u00f3wnie\u017c oparcie z p\u0142ynn\u0105 regulacj\u0105 wysoko\u015bci.<\/strong><\/span><\/p>\n<h2 style=\"text-align: justify;\"><span style=\"color: #e14d43;\"><strong>Cechy gondoli:<\/strong><\/span><\/h2>\n<p style=\"text-align: justify;\"><span style=\"color: #282828;\"><strong>\u2713 sk\u0142adany daszek \u2013 chroni dziecko przed s\u0142o\u0144cem i deszczem<\/strong><\/span><br \/>\n<span style=\"color: #282828;\"><strong>\u2713bawe\u0142niana podszewka \u2013 zapewnia maksymalny komfort podr\u00f3\u017cowania (mo\u017cna j\u0105 \u0142atwo zdj\u0105\u0107 do prania)<\/strong><\/span><br \/>\n<span style=\"color: #282828;\"><strong>\u2713 okno wentylacyjne \u2013 zapewnia dop\u0142yw \u015bwie\u017cego powietrza do wn\u0119trza w\u00f3zka<\/strong><\/span><br \/>\n<span style=\"color: #282828;\"><strong>\u2713 pokrowiec \u2013 chroni dziecko przed wiatrem i zimnem<\/strong><\/span><br \/>\n<span style=\"color: #282828;\"><strong>\u2713gondola z funkcj\u0105 ko\u0142yski \u2013 umo\u017cliwia bujanie dziecka (mo\u017cliwo\u015b\u0107 blokady poprzez roz\u0142o\u017cenie bocznych n\u00f3\u017cek)<\/strong><\/span><br \/>\n<span style=\"color: #282828;\"><strong>\u2713gondola z r\u0105czk\u0105 wyko\u0144czon\u0105 eko-sk\u00f3r\u0105 \u2013 umo\u017cliwiaj\u0105ca wygodne przenoszenie.<\/strong><\/span><\/p>\n<h2 style=\"text-align: justify;\"><span style=\"color: #e14d43;\"><strong>Fotelik samochodowy<\/strong><\/span><\/h2>\n<p style=\"text-align: justify;\"><span style=\"color: #282828;\"><strong>Przeznaczony jest dla dzieci o wadze do 10 kg. Posiada homologacj\u0119 ECE R44\/04, kt\u00f3ra potwierdza, \u017ce produkt spe\u0142nia surowe normy bezpiecze\u0144stwa i mo\u017ce by\u0107 u\u017cywany do bezpiecznego przewo\u017cenia dziecka w samochodzie. Dodatkowo, fotelik samochodowy mo\u017cna zamontowa\u0107 na ramie w\u00f3zka przodem lub ty\u0142em do kierunku jazdy za pomoc\u0105 do\u0142\u0105czonych adapter\u00f3w.<\/strong><\/span><\/p>\n<p style=\"text-align: justify;\"><span style=\"color: #282828;\"><strong>\u2713dodatkowa wk\u0142adka dla niemowl\u0105t \u2013 umo\u017cliwia bezpieczny transport noworodk\u00f3w<\/strong><\/span><br \/>\n<span style=\"color: #282828;\"><strong>\u2713regulowana r\u0105czka \u2013 charakteryzuje si\u0119 najwy\u017csz\u0105 ergonomi\u0105 (mo\u017cliwo\u015b\u0107 ustawienia w pozycji podparcia)<\/strong><\/span><br \/>\n<span style=\"color: #282828;\"><strong>\u2713funkcja ko\u0142yski \u2013 dzi\u0119ki specjalnie wyprofilowanemu spodowi<\/strong><\/span><br \/>\n<span style=\"color: #282828;\"><strong>\u2713pokrowiec na nogi z elementami odblaskowymi \u2013 chroni przed zimnem (mo\u017cna go zdemontowa\u0107)<\/strong><\/span><br \/>\n<span style=\"color: #282828;\"><strong>\u2713 odpinany daszek przeciwdeszczowy i przeciws\u0142oneczny \u2013 chroni dziecko przed niekorzystnymi warunkami atmosferycznymi<\/strong><\/span><br \/>\n<span style=\"color: #282828;\"><strong>\u2713 Trzypunktowe pasy bezpiecze\u0144stwa z centraln\u0105 regulacj\u0105 d\u0142ugo\u015bci \u2013 zapewniaj\u0105 bezpiecze\u0144stwo podczas podr\u00f3\u017cy<\/strong><\/span><br \/>\n<span style=\"color: #282828;\"><strong>\u2713 dodatkowe pokrowce na paski na rami\u0119 \u2013 dla wi\u0119kszego komfortu podczas podr\u00f3\u017cy<\/strong><\/span><br \/>\n<span style=\"color: #282828;\"><strong>\u2713 adaptery \u2013 umo\u017cliwiaj\u0105ce monta\u017c fotelika na ramie w\u00f3zka<\/strong><\/span><\/p>\n<h2 style=\"text-align: justify;\"><span style=\"color: #e14d43;\"><strong>W\u00f3zek<\/strong><\/span><\/h2>\n<p style=\"text-align: justify;\"><span style=\"color: #282828;\"><strong>W\u00f3zek idealnie nadaje si\u0119 dla nieco starszego dziecka o wadze do 15 kg. Axel umo\u017cliwia monta\u017c na dwa sposoby: przodem lub ty\u0142em do kierunku jazdy \u2013 w zale\u017cno\u015bci od preferencji.<\/strong><\/span><br \/>\n<span style=\"color: #282828;\"><strong>Rozk\u0142adana os\u0142ona przeciws\u0142oneczna i pokrowiec z funkcj\u0105 ochrony przed wiatrem ochroni\u0105 Twoje dziecko przed niekorzystnymi warunkami atmosferycznymi.<\/strong><\/span><\/p>\n<p style=\"text-align: justify;\"><span style=\"color: #282828;\"><strong>\u2713pi\u0119ciopunktowe pasy bezpiecze\u0144stwa z mi\u0119kkimi nak\u0142adkami \u2013 chroni\u0105 i zapewniaj\u0105 komfort podczas podr\u00f3\u017cy<\/strong><\/span><br \/>\n<span style=\"color: #282828;\"><strong>\u2713Barierka i podn\u00f3\u017cek z ekosk\u00f3ry \u2013 odporne na uszkodzenia i \u0142atwe w czyszczeniu<\/strong><\/span><br \/>\n<span style=\"color: #282828;\"><strong>\u2713regulowany podn\u00f3\u017cek \u2013 dla optymalnego ustawienia<\/strong><\/span><br \/>\n<span style=\"color: #282828;\"><strong>\u2713 regulowane oparcie w czterech pozycjach \u2013 zapewnia optymaln\u0105 pozycj\u0119 i zwi\u0119ksza komfort dziecka<\/strong><\/span><br \/>\n<span style=\"color: #282828;\"><strong>\u2713 rama z mi\u0119kkim zawieszeniem \u2013 chroni dziecko przed nieprzyjemnymi wstrz\u0105sami podczas jazdy po nier\u00f3wnych nawierzchniach<\/strong><\/span><\/p>\n<h2 style=\"text-align: justify;\"><span style=\"color: #e14d43;\"><strong>Rama w\u00f3zka dzieci\u0119cego<\/strong><\/span><\/h2>\n<p style=\"text-align: justify;\"><span style=\"color: #282828;\"><strong>Konstrukcja w\u00f3zka wykonana jest z lekkiego aluminium, a innowacyjne, obrotowe, \u0142o\u017cyskowane ko\u0142a z opon\u0105 poliuretanow\u0105 odpowiadaj\u0105 za p\u0142ynne poruszanie si\u0119 w\u00f3zka. Ko\u0142a tego typu posiadaj\u0105 wszystkie w\u0142a\u015bciwo\u015bci k\u00f3\u0142 pompowanych, a dodatkowo nie ulegaj\u0105 przebiciu. Dzi\u0119ki temu s\u0105 bezawaryjne, bezobs\u0142ugowe i bardzo trwa\u0142e. Dodatkowo posiadaj\u0105 blokad\u0119 do jazdy na wprost.<\/strong><\/span><\/p>\n<h2 style=\"text-align: justify;\"><span style=\"color: #e14d43;\"><strong>Cechy ramy:<\/strong><\/span><\/h2>\n<p style=\"text-align: justify;\"><span style=\"color: #282828;\"><strong>\u2713solidna i lekka konstrukcja aluminiowa<\/strong><\/span><br \/>\n<span style=\"color: #282828;\"><strong>\u2713Regulowana r\u0105czka pokryta eko-sk\u00f3r\u0105 \u2013 pozwala na \u0142atwe dopasowanie w\u00f3zka do wzrostu u\u017cytkownika.<\/strong><\/span><br \/>\n<span style=\"color: #282828;\"><strong>\u2713Mi\u0119kkie zawieszenie \u2013 innowacyjny system amortyzacji zapewnia maksymalny komfort podr\u00f3\u017cowania<\/strong><\/span><br \/>\n<span style=\"color: #282828;\"><strong>\u2713hamulec centralny (Easy Stop) \u2013 umo\u017cliwia szybkie zablokowanie k\u00f3\u0142 w\u00f3zka<\/strong><\/span><br \/>\n<span style=\"color: #282828;\"><strong>\u2713mo\u017cliwo\u015b\u0107 monta\u017cu Buggy Board \u2013 funkcja ta sprawdzi si\u0119, gdy dziecko ma starszego brata lub siostr\u0119 \u2713sk\u0142adany stela\u017c \u2013 po z\u0142o\u017ceniu zajmuje ma\u0142o miejsca i zmie\u015bci si\u0119 w baga\u017cniku samochodu<\/strong><\/span><\/p>\n<p>&nbsp;<\/p>\n<p><a href=\"http:\/\/forbabyboss.com\/wp-content\/uploads\/2022\/09\/checkout.png\"><img loading=\"lazy\" decoding=\"async\" class=\"alignnone wp-image-5965\" src=\"http:\/\/forbabyboss.com\/wp-content\/uploads\/2022\/09\/checkout.png\" alt=\"\" width=\"1005\" height=\"370\" srcset=\"https:\/\/forbabyboss.com\/wp-content\/uploads\/2022\/09\/checkout.png 750w, https:\/\/forbabyboss.com\/wp-content\/uploads\/2022\/09\/checkout-600x221.png 600w\" sizes=\"auto, (max-width: 1005px) 100vw, 1005px\" \/><\/a><\/p>\n<p style=\"text-align: justify;\">","protected":false},"excerpt":{"rendered":"<p><a href=\"http:\/\/forbabyboss.com\/wp-content\/uploads\/2022\/09\/Star-Rating-5.png\"><img loading=\"lazy\" decoding=\"async\" class=\"alignnone size-full wp-image-5973 aligncenter\" src=\"http:\/\/forbabyboss.com\/wp-content\/uploads\/2022\/09\/Star-Rating-5.png\" alt=\"\" width=\"275\" height=\"45\" \/><\/a><\/p>\n<p style=\"text-align: center;\"><span style=\"color: #ed1c24; font-size: 120%;\"><b>GWARANCJA DOPASOWANIA CENY<\/b><\/span><\/p>\n<p style=\"text-align: center;\"><span style=\"font-size: 115%;\"><span style=\"font-weight: 400; color: #4f4fa7;\">Darmowa dostawa<\/span><span style=\"font-weight: 400;\"> \u2013 2 \u2013 7 dni<\/span><\/span><\/p>\n<p style=\"text-align: center;\"><strong><span style=\"color: #29606b;\">Darmowy prezent przy zakupach powy\u017cej 100 GBP<\/span><\/strong><\/p>","protected":false},"featured_media":5708,"template":"","meta":[],"product_brand":[370],"product_cat":[337,339,156,207,305,130,209,211],"product_tag":[202,199],"class_list":{"0":"post-5707","1":"product","2":"type-product","3":"status-publish","4":"has-post-thumbnail","6":"product_brand-babylux","7":"product_cat-500-to-600","8":"product_cat-700-to-800","9":"product_cat-3-in-1","10":"product_cat-black","11":"product_cat-colour","12":"product_cat-prams","13":"product_cat-push-chairs","14":"product_cat-stroller","15":"product_tag-3-in-1-pram","16":"product_tag-prams","18":"first","19":"instock","20":"sale","21":"shipping-taxable","22":"purchasable","23":"product-type-simple"},"yoast_head":"<!-- This site is optimized with the Yoast SEO plugin v27.5 - https:\/\/yoast.com\/product\/yoast-seo-wordpress\/ -->\n<title>3in1 Luxury Baby Pram Newborn Car Seat - Black - For Baby Boss<\/title>\n<meta name=\"description\" content=\"3in1 Luxury Baby Pram Newborn Car Seat - Black\" \/>\n<meta name=\"robots\" content=\"index, follow, max-snippet:-1, max-image-preview:large, max-video-preview:-1\" \/>\n<link rel=\"canonical\" href=\"https:\/\/forbabyboss.com\/pl\/product\/3w1-luksusowy-wozek-dzieciecy-fotelik-samochodowy-dla-noworodka-czarny\/\" \/>\n<meta property=\"og:locale\" content=\"pl_PL\" \/>\n<meta property=\"og:type\" content=\"article\" \/>\n<meta property=\"og:title\" content=\"3in1 Luxury Baby Pram Newborn Car Seat - Black - For Baby Boss\" \/>\n<meta property=\"og:description\" content=\"3in1 Luxury Baby Pram Newborn Car Seat - Black\" \/>\n<meta property=\"og:url\" content=\"https:\/\/forbabyboss.com\/pl\/product\/3w1-luksusowy-wozek-dzieciecy-fotelik-samochodowy-dla-noworodka-czarny\/\" \/>\n<meta property=\"og:site_name\" content=\"For Baby Boss\" \/>\n<meta property=\"article:modified_time\" content=\"2026-02-21T11:10:28+00:00\" \/>\n<meta property=\"og:image\" content=\"https:\/\/forbabyboss.com\/wp-content\/uploads\/2022\/09\/Luxury-Baby-Pram-Newborn-Buggy-3-in1-Car-Seat-Pushchair-3-in-1-Travel-System-Gold1-1.png\" \/>\n\t<meta property=\"og:image:width\" content=\"1600\" \/>\n\t<meta property=\"og:image:height\" content=\"1600\" \/>\n\t<meta property=\"og:image:type\" content=\"image\/png\" \/>\n<meta name=\"twitter:card\" content=\"summary_large_image\" \/>\n<meta name=\"twitter:label1\" content=\"Szacowany czas czytania\" \/>\n\t<meta name=\"twitter:data1\" content=\"3 minuty\" \/>\n<script type=\"application\/ld+json\" class=\"yoast-schema-graph\">{\"@context\":\"https:\\\/\\\/schema.org\",\"@graph\":[{\"@type\":\"WebPage\",\"@id\":\"https:\\\/\\\/forbabyboss.com\\\/product\\\/3in1-luxury-baby-pram-newborn-car-seat-black\\\/\",\"url\":\"https:\\\/\\\/forbabyboss.com\\\/product\\\/3in1-luxury-baby-pram-newborn-car-seat-black\\\/\",\"name\":\"3in1 Luxury Baby Pram Newborn Car Seat - Black - For Baby Boss\",\"isPartOf\":{\"@id\":\"https:\\\/\\\/powderblue-seahorse-496884.hostingersite.com\\\/#website\"},\"primaryImageOfPage\":{\"@id\":\"https:\\\/\\\/forbabyboss.com\\\/product\\\/3in1-luxury-baby-pram-newborn-car-seat-black\\\/#primaryimage\"},\"image\":{\"@id\":\"https:\\\/\\\/forbabyboss.com\\\/product\\\/3in1-luxury-baby-pram-newborn-car-seat-black\\\/#primaryimage\"},\"thumbnailUrl\":\"https:\\\/\\\/forbabyboss.com\\\/wp-content\\\/uploads\\\/2022\\\/09\\\/Luxury-Baby-Pram-Newborn-Buggy-3-in1-Car-Seat-Pushchair-3-in-1-Travel-System-Gold1-1.png\",\"datePublished\":\"2022-09-15T07:50:43+00:00\",\"dateModified\":\"2026-02-21T11:10:28+00:00\",\"description\":\"3in1 Luxury Baby Pram Newborn Car Seat - Black\",\"breadcrumb\":{\"@id\":\"https:\\\/\\\/forbabyboss.com\\\/product\\\/3in1-luxury-baby-pram-newborn-car-seat-black\\\/#breadcrumb\"},\"inLanguage\":\"pl-PL\",\"potentialAction\":[{\"@type\":\"ReadAction\",\"target\":[\"https:\\\/\\\/forbabyboss.com\\\/product\\\/3in1-luxury-baby-pram-newborn-car-seat-black\\\/\"]}]},{\"@type\":\"ImageObject\",\"inLanguage\":\"pl-PL\",\"@id\":\"https:\\\/\\\/forbabyboss.com\\\/product\\\/3in1-luxury-baby-pram-newborn-car-seat-black\\\/#primaryimage\",\"url\":\"https:\\\/\\\/forbabyboss.com\\\/wp-content\\\/uploads\\\/2022\\\/09\\\/Luxury-Baby-Pram-Newborn-Buggy-3-in1-Car-Seat-Pushchair-3-in-1-Travel-System-Gold1-1.png\",\"contentUrl\":\"https:\\\/\\\/forbabyboss.com\\\/wp-content\\\/uploads\\\/2022\\\/09\\\/Luxury-Baby-Pram-Newborn-Buggy-3-in1-Car-Seat-Pushchair-3-in-1-Travel-System-Gold1-1.png\",\"width\":1600,\"height\":1600},{\"@type\":\"BreadcrumbList\",\"@id\":\"https:\\\/\\\/forbabyboss.com\\\/product\\\/3in1-luxury-baby-pram-newborn-car-seat-black\\\/#breadcrumb\",\"itemListElement\":[{\"@type\":\"ListItem\",\"position\":1,\"name\":\"Home\",\"item\":\"https:\\\/\\\/forbabyboss.com\\\/\"},{\"@type\":\"ListItem\",\"position\":2,\"name\":\"Shop\",\"item\":\"https:\\\/\\\/forbabyboss.com\\\/shop\\\/\"},{\"@type\":\"ListItem\",\"position\":3,\"name\":\"3in1 Luxury Baby Pram Newborn Car Seat &#8211; Black\"}]},{\"@type\":\"WebSite\",\"@id\":\"https:\\\/\\\/powderblue-seahorse-496884.hostingersite.com\\\/#website\",\"url\":\"https:\\\/\\\/powderblue-seahorse-496884.hostingersite.com\\\/\",\"name\":\"For Baby Boss\",\"description\":\"Beautiful gifts and accessories for your baby boss\",\"potentialAction\":[{\"@type\":\"SearchAction\",\"target\":{\"@type\":\"EntryPoint\",\"urlTemplate\":\"https:\\\/\\\/powderblue-seahorse-496884.hostingersite.com\\\/?s={search_term_string}\"},\"query-input\":{\"@type\":\"PropertyValueSpecification\",\"valueRequired\":true,\"valueName\":\"search_term_string\"}}],\"inLanguage\":\"pl-PL\"}]}<\/script>\n<!-- \/ Yoast SEO plugin. -->","yoast_head_json":{"title":"3w1 luksusowy fotelik samochodowy dla noworodka do w\u00f3zka dzieci\u0119cego \u2013 czarny \u2013 dla Baby Boss","description":"Fotelik samochodowy dla noworodka 3w1 luksusowy \u2013 czarny","robots":{"index":"index","follow":"follow","max-snippet":"max-snippet:-1","max-image-preview":"max-image-preview:large","max-video-preview":"max-video-preview:-1"},"canonical":"https:\/\/forbabyboss.com\/pl\/product\/3w1-luksusowy-wozek-dzieciecy-fotelik-samochodowy-dla-noworodka-czarny\/","og_locale":"pl_PL","og_type":"article","og_title":"3in1 Luxury Baby Pram Newborn Car Seat - Black - For Baby Boss","og_description":"3in1 Luxury Baby Pram Newborn Car Seat - Black","og_url":"https:\/\/forbabyboss.com\/pl\/product\/3w1-luksusowy-wozek-dzieciecy-fotelik-samochodowy-dla-noworodka-czarny\/","og_site_name":"For Baby Boss","article_modified_time":"2026-02-21T11:10:28+00:00","og_image":[{"width":1600,"height":1600,"url":"https:\/\/forbabyboss.com\/wp-content\/uploads\/2022\/09\/Luxury-Baby-Pram-Newborn-Buggy-3-in1-Car-Seat-Pushchair-3-in-1-Travel-System-Gold1-1.png","type":"image\/png"}],"twitter_card":"summary_large_image","twitter_misc":{"Szacowany czas czytania":"3 minuty"},"schema":{"@context":"https:\/\/schema.org","@graph":[{"@type":"WebPage","@id":"https:\/\/forbabyboss.com\/product\/3in1-luxury-baby-pram-newborn-car-seat-black\/","url":"https:\/\/forbabyboss.com\/product\/3in1-luxury-baby-pram-newborn-car-seat-black\/","name":"3w1 luksusowy fotelik samochodowy dla noworodka do w\u00f3zka dzieci\u0119cego \u2013 czarny \u2013 dla Baby Boss","isPartOf":{"@id":"https:\/\/powderblue-seahorse-496884.hostingersite.com\/#website"},"primaryImageOfPage":{"@id":"https:\/\/forbabyboss.com\/product\/3in1-luxury-baby-pram-newborn-car-seat-black\/#primaryimage"},"image":{"@id":"https:\/\/forbabyboss.com\/product\/3in1-luxury-baby-pram-newborn-car-seat-black\/#primaryimage"},"thumbnailUrl":"https:\/\/forbabyboss.com\/wp-content\/uploads\/2022\/09\/Luxury-Baby-Pram-Newborn-Buggy-3-in1-Car-Seat-Pushchair-3-in-1-Travel-System-Gold1-1.png","datePublished":"2022-09-15T07:50:43+00:00","dateModified":"2026-02-21T11:10:28+00:00","description":"Fotelik samochodowy dla noworodka 3w1 luksusowy \u2013 czarny","breadcrumb":{"@id":"https:\/\/forbabyboss.com\/product\/3in1-luxury-baby-pram-newborn-car-seat-black\/#breadcrumb"},"inLanguage":"pl-PL","potentialAction":[{"@type":"ReadAction","target":["https:\/\/forbabyboss.com\/product\/3in1-luxury-baby-pram-newborn-car-seat-black\/"]}]},{"@type":"ImageObject","inLanguage":"pl-PL","@id":"https:\/\/forbabyboss.com\/product\/3in1-luxury-baby-pram-newborn-car-seat-black\/#primaryimage","url":"https:\/\/forbabyboss.com\/wp-content\/uploads\/2022\/09\/Luxury-Baby-Pram-Newborn-Buggy-3-in1-Car-Seat-Pushchair-3-in-1-Travel-System-Gold1-1.png","contentUrl":"https:\/\/forbabyboss.com\/wp-content\/uploads\/2022\/09\/Luxury-Baby-Pram-Newborn-Buggy-3-in1-Car-Seat-Pushchair-3-in-1-Travel-System-Gold1-1.png","width":1600,"height":1600},{"@type":"BreadcrumbList","@id":"https:\/\/forbabyboss.com\/product\/3in1-luxury-baby-pram-newborn-car-seat-black\/#breadcrumb","itemListElement":[{"@type":"ListItem","position":1,"name":"Home","item":"https:\/\/forbabyboss.com\/"},{"@type":"ListItem","position":2,"name":"Shop","item":"https:\/\/forbabyboss.com\/shop\/"},{"@type":"ListItem","position":3,"name":"3in1 Luxury Baby Pram Newborn Car Seat &#8211; Black"}]},{"@type":"WebSite","@id":"https:\/\/powderblue-seahorse-496884.hostingersite.com\/#website","url":"https:\/\/powderblue-seahorse-496884.hostingersite.com\/","name":"Dla Baby Boss","description":"Pi\u0119kne prezenty i akcesoria dla ma\u0142ego szefa","potentialAction":[{"@type":"SearchAction","target":{"@type":"EntryPoint","urlTemplate":"https:\/\/powderblue-seahorse-496884.hostingersite.com\/?s={search_term_string}"},"query-input":{"@type":"PropertyValueSpecification","valueRequired":true,"valueName":"search_term_string"}}],"inLanguage":"pl-PL"}]}},"_links":{"self":[{"href":"https:\/\/forbabyboss.com\/pl\/wp-json\/wp\/v2\/product\/5707","targetHints":{"allow":["GET"]}}],"collection":[{"href":"https:\/\/forbabyboss.com\/pl\/wp-json\/wp\/v2\/product"}],"about":[{"href":"https:\/\/forbabyboss.com\/pl\/wp-json\/wp\/v2\/types\/product"}],"wp:featuredmedia":[{"embeddable":true,"href":"https:\/\/forbabyboss.com\/pl\/wp-json\/wp\/v2\/media\/5708"}],"wp:attachment":[{"href":"https:\/\/forbabyboss.com\/pl\/wp-json\/wp\/v2\/media?parent=5707"}],"wp:term":[{"taxonomy":"product_brand","embeddable":true,"href":"https:\/\/forbabyboss.com\/pl\/wp-json\/wp\/v2\/product_brand?post=5707"},{"taxonomy":"product_cat","embeddable":true,"href":"https:\/\/forbabyboss.com\/pl\/wp-json\/wp\/v2\/product_cat?post=5707"},{"taxonomy":"product_tag","embeddable":true,"href":"https:\/\/forbabyboss.com\/pl\/wp-json\/wp\/v2\/product_tag?post=5707"}],"curies":[{"name":"wp","href":"https:\/\/api.w.org\/{rel}","templated":true}]}}