{"id":5822,"date":"2022-09-15T09:58:23","date_gmt":"2022-09-15T09:58:23","guid":{"rendered":"http:\/\/forbabyboss.com\/?post_type=product&#038;p=5822"},"modified":"2026-02-18T17:58:48","modified_gmt":"2026-02-18T17:58:48","slug":"nowy-wozek-dzieciecy-zestaw-retro-klasyczny-wozek-3w1-system-podrozny-rama-karbonowo-szara","status":"publish","type":"product","link":"https:\/\/forbabyboss.com\/pl\/product\/new-baby-pram-retro-set-classic-pushchair-3in1-travel-system-carbon-grey-frame\/","title":{"rendered":"Nowy w\u00f3zek dzieci\u0119cy Retro, klasyczny w\u00f3zek 3 w 1, rama w kolorze karbonowo-szarym"},"content":{"rendered":"<h1><\/h1>\n<div style=\"width: 1020px;\" class=\"wp-video\"><video class=\"wp-video-shortcode\" id=\"video-5822-1\" width=\"1020\" height=\"574\" preload=\"metadata\" controls=\"controls\"><source type=\"video\/mp4\" src=\"http:\/\/forbabyboss.com\/wp-content\/uploads\/2022\/09\/romantic-vid-1.mp4?_=1\" \/><a href=\"http:\/\/forbabyboss.com\/wp-content\/uploads\/2022\/09\/romantic-vid-1.mp4\">http:\/\/forbabyboss.com\/wp-content\/uploads\/2022\/09\/romantic-vid-1.mp4<\/a><\/video><\/div>\n<p style=\"text-align: justify;\"><strong><span style=\"color: #808080;\">W\u00f3zki dzieci\u0119ce w naszej firmie produkowane s\u0105 z najwy\u017cszej jako\u015bci materia\u0142\u00f3w i tkanin, posiadaj\u0105cych niezb\u0119dne atesty i certyfikaty, gwarantuj\u0105ce zgodno\u015b\u0107 z europejskimi normami bezpiecze\u0144stwa i higieny. W\u00f3zek ROMANTIC doskonale \u0142\u0105czy wygod\u0119 z nowoczesno\u015bci\u0105. Od pierwszych chwil \u017cycia dziecka, a\u017c do momentu, gdy zacznie ono samodzielnie siada\u0107, korzysta z wygodnej i lekkiej gondoli z pokrowcem na n\u00f3\u017cki. W\u00f3zek s\u0142u\u017cy dziecku r\u00f3wnie\u017c p\u00f3\u017aniej, gdy potrafi samodzielnie siada\u0107. Pomocny jest w\u00f3wczas regulowany podn\u00f3\u017cek, kt\u00f3ry pozwala na dostosowanie pozycji do wieku i potrzeb dziecka. Barierka bezpiecze\u0144stwa, pi\u0119ciopunktowe pasy bezpiecze\u0144stwa oraz krok dodatkowo poprawiaj\u0105 komfort i bezpiecze\u0144stwo.<\/span><\/strong><\/p>\n<h4 style=\"text-align: justify;\"><span style=\"color: #e14d43;\"><strong>ZESTAW ZAWIERA:<\/strong><\/span><\/h4>\n<p style=\"text-align: justify;\"><strong><span style=\"color: #808080;\">1. RAMA Z POMPOWANYMI KO\u0141AMI<\/span><\/strong><br \/>\n<strong><span style=\"color: #808080;\">2. GONDOLA (BUDKA I POKROWIEC)<\/span><\/strong><br \/>\n<strong><span style=\"color: #808080;\">3. W\u00d3ZEK (BUDKA I POKROWIEC), W\u00d3ZEK Z BUDK\u0104 I POKROWIECEM, POSIADA REGULOWANE OPARCIE I PODN\u00d3\u017bEK\u00a0<\/span><\/strong><br \/>\n<strong><span style=\"color: #808080;\">4. FOTELIK SAMOCHODOWY (BUDKA I POKROWIEC)<\/span><\/strong><br \/>\n<strong><span style=\"color: #808080;\">5. PI\u0118CIOPUNKTOWE PASY BEZPIECZE\u0143STWA.<\/span><\/strong><br \/>\n<strong><span style=\"color: #808080;\">5. DU\u017bA TORBA<\/span><\/strong><br \/>\n<strong><span style=\"color: #808080;\">6. KOSZYK ZAKUPOWY<\/span><\/strong><br \/>\n<strong><span style=\"color: #808080;\">7. OS\u0141ONA PRZECIWDESZCZOWA<\/span><\/strong><br \/>\n<strong><span style=\"color: #808080;\">8. FOLIA WODOODPORNA<\/span><\/strong><br \/>\n<strong><span style=\"color: #808080;\">9. MOSKITIERA<\/span><\/strong><br \/>\n<strong><span style=\"color: #808080;\">10. FOTELIK SAMOCHODOWY DLA DZIECI Z BUDK\u0104 I POKRYCIEM NA N\u00d3\u017bKI. FOTELIK JEST ODPOWIEDNI DLA DZIECI DO 13 KG. POSIADA REGULOWAN\u0104 R\u0104CZK\u0118, WK\u0141ADK\u0118 DLA DZIECKA ORAZ FUNKCJ\u0118 KO\u0141YSKI.<\/span><\/strong><\/p>\n<p style=\"text-align: justify;\"><strong><span style=\"color: #808080;\">Oferowane przez nas w\u00f3zki dzieci\u0119ce wykonane s\u0105 zgodnie z normami europejskimi PN-EN 1888:2018 i posiadaj\u0105 certyfikaty renomowanych instytucji, gwarantuj\u0105ce najwy\u017csz\u0105 jako\u015b\u0107 produktu i bezpiecze\u0144stwo.<\/span><\/strong><\/p>\n<p style=\"text-align: justify;\"><strong><span style=\"color: #808080;\">W\u00f3zki dzieci\u0119ce Romantic posiadaj\u0105 certyfikaty bezpiecze\u0144stwa i jako\u015bci<\/span><\/strong><\/p>\n<p style=\"text-align: justify;\"><span style=\"color: #e14d43;\"><strong>Struktura w\u00f3zka:<\/strong><\/span><\/p>\n<p style=\"text-align: justify;\"><strong><span style=\"color: #808080;\">\u2022 ustawienie gondoli, w\u00f3zka spacerowego i fotelika samochodowego przodem i ty\u0142em do kierunku jazdy<\/span><\/strong><br \/>\n<strong><span style=\"color: #808080;\">\u2022 ka\u017cde ko\u0142o posiada \u0142o\u017cysko, co poprawia komfort<\/span><\/strong><br \/>\n<strong><span style=\"color: #808080;\">\u2022 du\u017cy kosz wisz\u0105cy pod w\u00f3zkiem<\/span><\/strong><br \/>\n<strong><span style=\"color: #808080;\">\u2022 regulowana wysoko\u015b\u0107 uchwytu<\/span><\/strong><br \/>\n<strong><span style=\"color: #808080;\">\u2022 \u0142atwo\u015b\u0107 sk\u0142adania ramy i niewielkie rozmiary po z\u0142o\u017ceniu<\/span><\/strong><br \/>\n<strong><span style=\"color: #808080;\">\u2022 Wymiary z\u0142o\u017conej ramy z ko\u0142ami:<\/span><\/strong><br \/>\n<strong><span style=\"color: #808080;\">\u2022 d\u0142ugo\u015b\u0107 85 cm<\/span><\/strong><br \/>\n<strong><span style=\"color: #808080;\">\u2022 szeroko\u015b\u0107 60 cm<\/span><\/strong><br \/>\n<strong><span style=\"color: #808080;\">\u2022 Wysoko\u015b\u0107 41 cm<\/span><\/strong><br \/>\n<strong><span style=\"color: #808080;\">\u2022 Waga ramy 11 kg<\/span><\/strong><br \/>\n<strong><span style=\"color: #808080;\">\u2022 Waga w\u00f3zka z gondol\u0105 lub spacer\u00f3wk\u0105 15 kg\u00a0<\/span><\/strong><\/p>\n<p style=\"text-align: justify;\"><span style=\"color: #e14d43;\"><strong>Wymiary w\u00f3zka z gondol\u0105:<\/strong><\/span><\/p>\n<p style=\"text-align: justify;\"><strong><span style=\"color: #808080;\">\u2022 Szeroko\u015b\u0107 60 cm<\/span><\/strong><br \/>\n<strong><span style=\"color: #808080;\">\u2022 Wysoko\u015b\u0107 do kaptura 128 cm<\/span><\/strong><br \/>\n<strong><span style=\"color: #808080;\">\u2022 Wysoko\u015b\u0107 do r\u0105czki 103 cm<\/span><\/strong><\/p>\n<p style=\"text-align: justify;\"><span style=\"color: #e14d43;\"><strong>Gondola:<\/strong><\/span><\/p>\n<p style=\"text-align: justify;\"><strong><span style=\"color: #808080;\">\u2022 gondola z funkcj\u0105 ko\u0142yski i jej blokad\u0105<\/span><\/strong><br \/>\n<strong><span style=\"color: #808080;\">\u2022 regulowana wysoko\u015b\u0107 oparcia gondoli<\/span><\/strong><br \/>\n<strong><span style=\"color: #808080;\">\u2022 dopasowana os\u0142ona chroni\u0105ca przed niekorzystnymi warunkami atmosferycznymi<\/span><\/strong><br \/>\n<strong><span style=\"color: #808080;\">\u2022 r\u0105czka w budce umo\u017cliwia noszenie gondoli razem z dzieckiem<\/span><\/strong><br \/>\n<strong><span style=\"color: #808080;\">\u2022 pokrowiec przeciwdeszczowy<\/span><\/strong><br \/>\n<strong><span style=\"color: #808080;\">\u2022 materac i delikatna wy\u015bci\u00f3\u0142ka gondoli<\/span><\/strong><br \/>\n<strong><span style=\"color: #808080;\">\u2022 wymiary od wewn\u0105trz: 86D\u0142. x 44Sz. x 21Wys.<\/span><\/strong><br \/>\n<strong><span style=\"color: #808080;\">\u2022 waga 4 kg<\/span><\/strong><\/p>\n<p style=\"text-align: justify;\"><span style=\"color: #e14d43;\"><strong>Fotel sportowy:<\/strong><\/span><\/p>\n<p style=\"text-align: justify;\"><strong><span style=\"color: #808080;\">\u2022 os\u0142ona na nogi<\/span><\/strong><br \/>\n<strong><span style=\"color: #808080;\">\u2022 odpinany regulowany kaptur<\/span><\/strong><br \/>\n<strong><span style=\"color: #808080;\">\u2022 odpinany pa\u0142\u0105k bezpiecze\u0144stwa<\/span><\/strong><br \/>\n<strong><span style=\"color: #808080;\">\u2022 4-stopniowa regulacja oparcia<\/span><\/strong><br \/>\n<strong><span style=\"color: #808080;\">\u2022 regulowany podn\u00f3\u017cek<\/span><\/strong><br \/>\n<strong><span style=\"color: #808080;\">\u2022 pozycja le\u017c\u0105ca dla dziecka<\/span><\/strong><br \/>\n<strong><span style=\"color: #808080;\">\u2022 pi\u0119ciopunktowe, regulowane pasy bezpiecze\u0144stwa<\/span><\/strong><br \/>\n<strong><span style=\"color: #808080;\">\u2022 kiesze\u0144 z ty\u0142u kaptura<\/span><\/strong><br \/>\n<strong><span style=\"color: #808080;\">\u2022 wymiary od wewn\u0105trz:<\/span><\/strong><br \/>\n<strong><span style=\"color: #808080;\">\u2022 d\u0142ugo\u015b\u0107 90 cm (oparcie 47, siedzisko 23, podn\u00f3\u017cek 21)<\/span><\/strong><br \/>\n<strong><span style=\"color: #808080;\">\u2022 szeroko\u015b\u0107 42 cm<\/span><\/strong><br \/>\n<strong><span style=\"color: #808080;\">\u2022 waga 3,7 kg<\/span><\/strong><\/p>\n<p style=\"text-align: justify;\"><span style=\"color: #e14d43;\"><strong>Fotelik samochodowy z adapterem:<\/strong><\/span><\/p>\n<p style=\"text-align: justify;\"><strong><span style=\"color: #808080;\">\u2022 trzypunktowe, regulowane pasy bezpiecze\u0144stwa z ochraniaczami<\/span><\/strong><br \/>\n<strong><span style=\"color: #808080;\">\u2022 odpinany kaptur i pokrowiec<\/span><\/strong><br \/>\n<strong><span style=\"color: #808080;\">\u2022 wk\u0142adka dla niemowl\u0105t<\/span><\/strong><br \/>\n<strong><span style=\"color: #808080;\">\u2022 regulowany uchwyt<\/span><\/strong><br \/>\n<strong><span style=\"color: #808080;\">\u2022 funkcja ko\u0142yski z blokad\u0105<\/span><\/strong><br \/>\n<strong><span style=\"color: #808080;\">\u2022 fotelik samochodowy nadaje si\u0119 do przewo\u017cenia dzieci samochodem<\/span><\/strong><br \/>\n<strong><span style=\"color: #808080;\">\u2022 homologacja ECE R44\/04<\/span><\/strong><\/p>\n<p>&nbsp;<\/p>\n<p><a href=\"http:\/\/forbabyboss.com\/wp-content\/uploads\/2022\/09\/checkout.png\"><img loading=\"lazy\" decoding=\"async\" class=\"alignnone wp-image-5965\" src=\"http:\/\/forbabyboss.com\/wp-content\/uploads\/2022\/09\/checkout.png\" alt=\"\" width=\"992\" height=\"365\" srcset=\"https:\/\/forbabyboss.com\/wp-content\/uploads\/2022\/09\/checkout.png 750w, https:\/\/forbabyboss.com\/wp-content\/uploads\/2022\/09\/checkout-600x221.png 600w\" sizes=\"auto, (max-width: 992px) 100vw, 992px\" \/><\/a><\/p>","protected":false},"excerpt":{"rendered":"<p><a href=\"http:\/\/forbabyboss.com\/wp-content\/uploads\/2022\/09\/Star-Rating-5.png\"><img loading=\"lazy\" decoding=\"async\" class=\"alignnone size-full wp-image-5973 aligncenter\" src=\"http:\/\/forbabyboss.com\/wp-content\/uploads\/2022\/09\/Star-Rating-5.png\" alt=\"\" width=\"275\" height=\"45\" \/><\/a><\/p>\n<p style=\"text-align: center;\"><span style=\"color: #ed1c24; font-size: 120%;\"><b>GWARANCJA DOPASOWANIA CENY<\/b><\/span><\/p>\n<p style=\"text-align: center;\"><span style=\"font-size: 115%;\"><span style=\"font-weight: 400; color: #4f4fa7;\">Darmowa dostawa<\/span><span style=\"font-weight: 400;\"> \u2013 2 \u2013 7 dni<\/span><\/span><\/p>\n<p style=\"text-align: center;\"><strong><span style=\"color: #29606b;\">Darmowy prezent przy zakupach powy\u017cej 100 GBP<\/span><\/strong><\/p>","protected":false},"featured_media":5823,"template":"","meta":[],"product_brand":[577],"product_cat":[338,339,156,207,305,158,130,209,211],"product_tag":[163,199],"class_list":{"0":"post-5822","1":"product","2":"type-product","3":"status-publish","4":"has-post-thumbnail","6":"product_brand-kunert","7":"product_cat-600-to-700","8":"product_cat-700-to-800","9":"product_cat-3-in-1","10":"product_cat-black","11":"product_cat-colour","12":"product_cat-new-collection","13":"product_cat-prams","14":"product_cat-push-chairs","15":"product_cat-stroller","16":"product_tag-3-in-1-prams","17":"product_tag-prams","19":"first","20":"instock","21":"sale","22":"shipping-taxable","23":"purchasable","24":"product-type-simple"},"yoast_head":"<!-- This site is optimized with the Yoast SEO plugin v27.5 - https:\/\/yoast.com\/product\/yoast-seo-wordpress\/ -->\n<title>New Baby Pram Retro Set Classic Pushchair 3in1 Travel System Carbon Grey Frame - For Baby Boss<\/title>\n<meta name=\"description\" content=\"New Baby Pram Retro Set Classic Pushchair 3in1 Travel System Carbon Grey Frame\" \/>\n<meta name=\"robots\" content=\"index, follow, max-snippet:-1, max-image-preview:large, max-video-preview:-1\" \/>\n<link rel=\"canonical\" href=\"https:\/\/forbabyboss.com\/pl\/product\/nowy-wozek-dzieciecy-zestaw-retro-klasyczny-wozek-3w1-system-podrozny-rama-karbonowo-szara\/\" \/>\n<meta property=\"og:locale\" content=\"pl_PL\" \/>\n<meta property=\"og:type\" content=\"article\" \/>\n<meta property=\"og:title\" content=\"New Baby Pram Retro Set Classic Pushchair 3in1 Travel System Carbon Grey Frame - For Baby Boss\" \/>\n<meta property=\"og:description\" content=\"New Baby Pram Retro Set Classic Pushchair 3in1 Travel System Carbon Grey Frame\" \/>\n<meta property=\"og:url\" content=\"https:\/\/forbabyboss.com\/pl\/product\/nowy-wozek-dzieciecy-zestaw-retro-klasyczny-wozek-3w1-system-podrozny-rama-karbonowo-szara\/\" \/>\n<meta property=\"og:site_name\" content=\"For Baby Boss\" \/>\n<meta property=\"article:modified_time\" content=\"2026-02-18T17:58:48+00:00\" \/>\n<meta property=\"og:image\" content=\"https:\/\/forbabyboss.com\/wp-content\/uploads\/2022\/09\/Baby-Pram-Retro-Buggy-Set-Classic-Pushchair-3in1Travel-System-NEW-2022-FREEBIES-Carbon-grey-frame.png\" \/>\n\t<meta property=\"og:image:width\" content=\"1600\" \/>\n\t<meta property=\"og:image:height\" content=\"1600\" \/>\n\t<meta property=\"og:image:type\" content=\"image\/png\" \/>\n<meta name=\"twitter:card\" content=\"summary_large_image\" \/>\n<meta name=\"twitter:label1\" content=\"Szacowany czas czytania\" \/>\n\t<meta name=\"twitter:data1\" content=\"3 minuty\" \/>\n<script type=\"application\/ld+json\" class=\"yoast-schema-graph\">{\"@context\":\"https:\\\/\\\/schema.org\",\"@graph\":[{\"@type\":\"WebPage\",\"@id\":\"https:\\\/\\\/forbabyboss.com\\\/product\\\/new-baby-pram-retro-set-classic-pushchair-3in1-travel-system-carbon-grey-frame\\\/\",\"url\":\"https:\\\/\\\/forbabyboss.com\\\/product\\\/new-baby-pram-retro-set-classic-pushchair-3in1-travel-system-carbon-grey-frame\\\/\",\"name\":\"New Baby Pram Retro Set Classic Pushchair 3in1 Travel System Carbon Grey Frame - For Baby Boss\",\"isPartOf\":{\"@id\":\"https:\\\/\\\/powderblue-seahorse-496884.hostingersite.com\\\/#website\"},\"primaryImageOfPage\":{\"@id\":\"https:\\\/\\\/forbabyboss.com\\\/product\\\/new-baby-pram-retro-set-classic-pushchair-3in1-travel-system-carbon-grey-frame\\\/#primaryimage\"},\"image\":{\"@id\":\"https:\\\/\\\/forbabyboss.com\\\/product\\\/new-baby-pram-retro-set-classic-pushchair-3in1-travel-system-carbon-grey-frame\\\/#primaryimage\"},\"thumbnailUrl\":\"https:\\\/\\\/forbabyboss.com\\\/wp-content\\\/uploads\\\/2022\\\/09\\\/Baby-Pram-Retro-Buggy-Set-Classic-Pushchair-3in1Travel-System-NEW-2022-FREEBIES-Carbon-grey-frame.png\",\"datePublished\":\"2022-09-15T09:58:23+00:00\",\"dateModified\":\"2026-02-18T17:58:48+00:00\",\"description\":\"New Baby Pram Retro Set Classic Pushchair 3in1 Travel System Carbon Grey Frame\",\"breadcrumb\":{\"@id\":\"https:\\\/\\\/forbabyboss.com\\\/product\\\/new-baby-pram-retro-set-classic-pushchair-3in1-travel-system-carbon-grey-frame\\\/#breadcrumb\"},\"inLanguage\":\"pl-PL\",\"potentialAction\":[{\"@type\":\"ReadAction\",\"target\":[\"https:\\\/\\\/forbabyboss.com\\\/product\\\/new-baby-pram-retro-set-classic-pushchair-3in1-travel-system-carbon-grey-frame\\\/\"]}]},{\"@type\":\"ImageObject\",\"inLanguage\":\"pl-PL\",\"@id\":\"https:\\\/\\\/forbabyboss.com\\\/product\\\/new-baby-pram-retro-set-classic-pushchair-3in1-travel-system-carbon-grey-frame\\\/#primaryimage\",\"url\":\"https:\\\/\\\/forbabyboss.com\\\/wp-content\\\/uploads\\\/2022\\\/09\\\/Baby-Pram-Retro-Buggy-Set-Classic-Pushchair-3in1Travel-System-NEW-2022-FREEBIES-Carbon-grey-frame.png\",\"contentUrl\":\"https:\\\/\\\/forbabyboss.com\\\/wp-content\\\/uploads\\\/2022\\\/09\\\/Baby-Pram-Retro-Buggy-Set-Classic-Pushchair-3in1Travel-System-NEW-2022-FREEBIES-Carbon-grey-frame.png\",\"width\":1600,\"height\":1600},{\"@type\":\"BreadcrumbList\",\"@id\":\"https:\\\/\\\/forbabyboss.com\\\/product\\\/new-baby-pram-retro-set-classic-pushchair-3in1-travel-system-carbon-grey-frame\\\/#breadcrumb\",\"itemListElement\":[{\"@type\":\"ListItem\",\"position\":1,\"name\":\"Home\",\"item\":\"https:\\\/\\\/forbabyboss.com\\\/\"},{\"@type\":\"ListItem\",\"position\":2,\"name\":\"Shop\",\"item\":\"https:\\\/\\\/forbabyboss.com\\\/shop\\\/\"},{\"@type\":\"ListItem\",\"position\":3,\"name\":\"New Baby Pram Retro Set Classic Pushchair 3in1 Travel System Carbon Grey Frame\"}]},{\"@type\":\"WebSite\",\"@id\":\"https:\\\/\\\/powderblue-seahorse-496884.hostingersite.com\\\/#website\",\"url\":\"https:\\\/\\\/powderblue-seahorse-496884.hostingersite.com\\\/\",\"name\":\"For Baby Boss\",\"description\":\"Beautiful gifts and accessories for your baby boss\",\"potentialAction\":[{\"@type\":\"SearchAction\",\"target\":{\"@type\":\"EntryPoint\",\"urlTemplate\":\"https:\\\/\\\/powderblue-seahorse-496884.hostingersite.com\\\/?s={search_term_string}\"},\"query-input\":{\"@type\":\"PropertyValueSpecification\",\"valueRequired\":true,\"valueName\":\"search_term_string\"}}],\"inLanguage\":\"pl-PL\"}]}<\/script>\n<!-- \/ Yoast SEO plugin. -->","yoast_head_json":{"title":"Nowy w\u00f3zek dzieci\u0119cy Retro, klasyczny w\u00f3zek 3 w 1, rama w kolorze szarym, karbonowym, dla Baby Boss","description":"Nowy w\u00f3zek dzieci\u0119cy Retro, klasyczny w\u00f3zek 3 w 1, rama w kolorze karbonowo-szarym","robots":{"index":"index","follow":"follow","max-snippet":"max-snippet:-1","max-image-preview":"max-image-preview:large","max-video-preview":"max-video-preview:-1"},"canonical":"https:\/\/forbabyboss.com\/pl\/product\/nowy-wozek-dzieciecy-zestaw-retro-klasyczny-wozek-3w1-system-podrozny-rama-karbonowo-szara\/","og_locale":"pl_PL","og_type":"article","og_title":"New Baby Pram Retro Set Classic Pushchair 3in1 Travel System Carbon Grey Frame - For Baby Boss","og_description":"New Baby Pram Retro Set Classic Pushchair 3in1 Travel System Carbon Grey Frame","og_url":"https:\/\/forbabyboss.com\/pl\/product\/nowy-wozek-dzieciecy-zestaw-retro-klasyczny-wozek-3w1-system-podrozny-rama-karbonowo-szara\/","og_site_name":"For Baby Boss","article_modified_time":"2026-02-18T17:58:48+00:00","og_image":[{"width":1600,"height":1600,"url":"https:\/\/forbabyboss.com\/wp-content\/uploads\/2022\/09\/Baby-Pram-Retro-Buggy-Set-Classic-Pushchair-3in1Travel-System-NEW-2022-FREEBIES-Carbon-grey-frame.png","type":"image\/png"}],"twitter_card":"summary_large_image","twitter_misc":{"Szacowany czas czytania":"3 minuty"},"schema":{"@context":"https:\/\/schema.org","@graph":[{"@type":"WebPage","@id":"https:\/\/forbabyboss.com\/product\/new-baby-pram-retro-set-classic-pushchair-3in1-travel-system-carbon-grey-frame\/","url":"https:\/\/forbabyboss.com\/product\/new-baby-pram-retro-set-classic-pushchair-3in1-travel-system-carbon-grey-frame\/","name":"Nowy w\u00f3zek dzieci\u0119cy Retro, klasyczny w\u00f3zek 3 w 1, rama w kolorze szarym, karbonowym, dla Baby Boss","isPartOf":{"@id":"https:\/\/powderblue-seahorse-496884.hostingersite.com\/#website"},"primaryImageOfPage":{"@id":"https:\/\/forbabyboss.com\/product\/new-baby-pram-retro-set-classic-pushchair-3in1-travel-system-carbon-grey-frame\/#primaryimage"},"image":{"@id":"https:\/\/forbabyboss.com\/product\/new-baby-pram-retro-set-classic-pushchair-3in1-travel-system-carbon-grey-frame\/#primaryimage"},"thumbnailUrl":"https:\/\/forbabyboss.com\/wp-content\/uploads\/2022\/09\/Baby-Pram-Retro-Buggy-Set-Classic-Pushchair-3in1Travel-System-NEW-2022-FREEBIES-Carbon-grey-frame.png","datePublished":"2022-09-15T09:58:23+00:00","dateModified":"2026-02-18T17:58:48+00:00","description":"Nowy w\u00f3zek dzieci\u0119cy Retro, klasyczny w\u00f3zek 3 w 1, rama w kolorze karbonowo-szarym","breadcrumb":{"@id":"https:\/\/forbabyboss.com\/product\/new-baby-pram-retro-set-classic-pushchair-3in1-travel-system-carbon-grey-frame\/#breadcrumb"},"inLanguage":"pl-PL","potentialAction":[{"@type":"ReadAction","target":["https:\/\/forbabyboss.com\/product\/new-baby-pram-retro-set-classic-pushchair-3in1-travel-system-carbon-grey-frame\/"]}]},{"@type":"ImageObject","inLanguage":"pl-PL","@id":"https:\/\/forbabyboss.com\/product\/new-baby-pram-retro-set-classic-pushchair-3in1-travel-system-carbon-grey-frame\/#primaryimage","url":"https:\/\/forbabyboss.com\/wp-content\/uploads\/2022\/09\/Baby-Pram-Retro-Buggy-Set-Classic-Pushchair-3in1Travel-System-NEW-2022-FREEBIES-Carbon-grey-frame.png","contentUrl":"https:\/\/forbabyboss.com\/wp-content\/uploads\/2022\/09\/Baby-Pram-Retro-Buggy-Set-Classic-Pushchair-3in1Travel-System-NEW-2022-FREEBIES-Carbon-grey-frame.png","width":1600,"height":1600},{"@type":"BreadcrumbList","@id":"https:\/\/forbabyboss.com\/product\/new-baby-pram-retro-set-classic-pushchair-3in1-travel-system-carbon-grey-frame\/#breadcrumb","itemListElement":[{"@type":"ListItem","position":1,"name":"Home","item":"https:\/\/forbabyboss.com\/"},{"@type":"ListItem","position":2,"name":"Shop","item":"https:\/\/forbabyboss.com\/shop\/"},{"@type":"ListItem","position":3,"name":"New Baby Pram Retro Set Classic Pushchair 3in1 Travel System Carbon Grey Frame"}]},{"@type":"WebSite","@id":"https:\/\/powderblue-seahorse-496884.hostingersite.com\/#website","url":"https:\/\/powderblue-seahorse-496884.hostingersite.com\/","name":"Dla Baby Boss","description":"Pi\u0119kne prezenty i akcesoria dla ma\u0142ego szefa","potentialAction":[{"@type":"SearchAction","target":{"@type":"EntryPoint","urlTemplate":"https:\/\/powderblue-seahorse-496884.hostingersite.com\/?s={search_term_string}"},"query-input":{"@type":"PropertyValueSpecification","valueRequired":true,"valueName":"search_term_string"}}],"inLanguage":"pl-PL"}]}},"_links":{"self":[{"href":"https:\/\/forbabyboss.com\/pl\/wp-json\/wp\/v2\/product\/5822","targetHints":{"allow":["GET"]}}],"collection":[{"href":"https:\/\/forbabyboss.com\/pl\/wp-json\/wp\/v2\/product"}],"about":[{"href":"https:\/\/forbabyboss.com\/pl\/wp-json\/wp\/v2\/types\/product"}],"wp:featuredmedia":[{"embeddable":true,"href":"https:\/\/forbabyboss.com\/pl\/wp-json\/wp\/v2\/media\/5823"}],"wp:attachment":[{"href":"https:\/\/forbabyboss.com\/pl\/wp-json\/wp\/v2\/media?parent=5822"}],"wp:term":[{"taxonomy":"product_brand","embeddable":true,"href":"https:\/\/forbabyboss.com\/pl\/wp-json\/wp\/v2\/product_brand?post=5822"},{"taxonomy":"product_cat","embeddable":true,"href":"https:\/\/forbabyboss.com\/pl\/wp-json\/wp\/v2\/product_cat?post=5822"},{"taxonomy":"product_tag","embeddable":true,"href":"https:\/\/forbabyboss.com\/pl\/wp-json\/wp\/v2\/product_tag?post=5822"}],"curies":[{"name":"wp","href":"https:\/\/api.w.org\/{rel}","templated":true}]}}