{"id":5882,"date":"2022-09-15T10:54:54","date_gmt":"2022-09-15T10:54:54","guid":{"rendered":"http:\/\/forbabyboss.com\/?post_type=product&#038;p=5882"},"modified":"2026-02-21T10:54:33","modified_gmt":"2026-02-21T10:54:33","slug":"zestaw-podrozny-3-w-1-skladany-klasyczny-wozek-dzieciecy-w-kolorze-jasnozielonym","status":"publish","type":"product","link":"https:\/\/forbabyboss.com\/pl\/product\/3-in1-travel-set-folding-classic-baby-pram-in-light-green\/","title":{"rendered":"Zestaw podr\u00f3\u017cny 3 w 1, sk\u0142adany, klasyczny w\u00f3zek dzieci\u0119cy w kolorze jasnozielonym"},"content":{"rendered":"<h2 style=\"text-align: justify;\"><span style=\"color: #e14d43;\"><strong>G\u0142\u0119boki w\u00f3zek<\/strong><\/span><\/h2>\n<p style=\"text-align: justify;\"><strong><span style=\"color: #000000;\">Jest to lekki, aluminiowy stela\u017c z gondol\u0105, przeznaczony przede wszystkim do bezpiecznego przewozu noworodk\u00f3w i niemowl\u0105t o wadze do 9 kg.<\/span><\/strong><br \/>\n<strong><span style=\"color: #000000;\">Gondola Axel ma rozk\u0142adan\u0105 budk\u0119 i mi\u0119kk\u0105 bawe\u0142nian\u0105 podszewk\u0119, kt\u00f3r\u0105 mo\u017cna \u0142atwo zdj\u0105\u0107 do prania.<\/span><\/strong><br \/>\n<strong><span style=\"color: #000000;\">Kabina wyposa\u017cona jest w otwierane okno wentylacyjne.<\/span><\/strong><br \/>\n<strong><span style=\"color: #000000;\">Dodatkowo pokrowiec na gondol\u0119 pe\u0142ni funkcj\u0119 os\u0142ony przed wiatrem.<\/span><\/strong><br \/>\n<strong><span style=\"color: #000000;\">Gondola posiada r\u00f3wnie\u017c oparcie z p\u0142ynn\u0105 regulacj\u0105 wysoko\u015bci.<\/span><\/strong><\/p>\n<h2 style=\"text-align: justify;\"><span style=\"color: #e14d43;\"><strong>Cechy gondoli:<\/strong><\/span><\/h2>\n<p style=\"text-align: justify;\"><strong><span style=\"color: #000000;\">\u2713 sk\u0142adany daszek \u2013 chroni dziecko przed s\u0142o\u0144cem i deszczem<\/span><\/strong><br \/>\n<strong><span style=\"color: #000000;\">\u2713 bawe\u0142niana podszewka \u2013 zapewnia maksymalny komfort podr\u00f3\u017cowania (\u0142atwo j\u0105 zdj\u0105\u0107 do prania)<\/span><\/strong><br \/>\n<strong><span style=\"color: #000000;\">\u2713 okno wentylacyjne \u2013 zapewnia dop\u0142yw \u015bwie\u017cego powietrza do wn\u0119trza w\u00f3zka<\/span><\/strong><br \/>\n<strong><span style=\"color: #000000;\">\u2713 pokrowiec \u2013 chroni dziecko przed wiatrem i zimnem<\/span><\/strong><br \/>\n<strong><span style=\"color: #000000;\">\u2713 Gondola z funkcj\u0105 ko\u0142yski \u2013 umo\u017cliwia bujanie dziecka (mo\u017cliwo\u015b\u0107 blokady poprzez roz\u0142o\u017cenie bocznych n\u00f3\u017cek)<\/span><\/strong><br \/>\n<strong><span style=\"color: #000000;\">\u2713 Gondola z r\u0105czk\u0105 wyko\u0144czon\u0105 eko-sk\u00f3r\u0105 \u2013 umo\u017cliwiaj\u0105ca wygodne przenoszenie.<\/span><\/strong><\/p>\n<h2 style=\"text-align: justify;\"><span style=\"color: #e14d43;\"><strong>Fotelik samochodowy<\/strong><\/span><\/h2>\n<p style=\"text-align: justify;\"><strong><span style=\"color: #000000;\">Przeznaczony jest dla dzieci o wadze do 10 kg. Posiada homologacj\u0119 ECE R44\/04, kt\u00f3ra potwierdza, \u017ce produkt spe\u0142nia surowe normy bezpiecze\u0144stwa i mo\u017ce by\u0107 u\u017cywany do bezpiecznego przewo\u017cenia dziecka w samochodzie. Dodatkowo, fotelik samochodowy mo\u017cna zamontowa\u0107 na ramie w\u00f3zka przodem lub ty\u0142em do kierunku jazdy za pomoc\u0105 do\u0142\u0105czonych adapter\u00f3w.<\/span><\/strong><\/p>\n<p><strong><span style=\"color: #000000;\">\u2713 dodatkowa wk\u0142adka dla niemowl\u0105t \u2013 umo\u017cliwia bezpieczny transport noworodk\u00f3w<\/span><\/strong><br \/>\n<strong><span style=\"color: #000000;\">\u2713 Regulowana r\u0105czka \u2013 charakteryzuje si\u0119 najwy\u017csz\u0105 ergonomi\u0105 (mo\u017cliwo\u015b\u0107 ustawienia w pozycji podparcia)<\/span><\/strong><br \/>\n<strong><span style=\"color: #000000;\">\u2713 Funkcja ko\u0142yski \u2013 dzi\u0119ki specjalnie wyprofilowanemu spodowi<\/span><\/strong><br \/>\n<strong><span style=\"color: #000000;\">\u2713 pokrowiec na nogi z elementami odblaskowymi \u2013 chroni przed zimnem (mo\u017cna go zdemontowa\u0107)<\/span><\/strong><br \/>\n<strong><span style=\"color: #000000;\">\u2713 odpinany daszek przeciwdeszczowy i przeciws\u0142oneczny \u2013 chroni dziecko przed niekorzystnymi warunkami atmosferycznymi<\/span><\/strong><br \/>\n<strong><span style=\"color: #000000;\">\u2713 Trzypunktowe pasy bezpiecze\u0144stwa z centraln\u0105 regulacj\u0105 d\u0142ugo\u015bci \u2013 zapewniaj\u0105 bezpiecze\u0144stwo podczas podr\u00f3\u017cy<\/span><\/strong><br \/>\n<strong><span style=\"color: #000000;\">\u2713 dodatkowe pokrowce na paski na rami\u0119 \u2013 dla wi\u0119kszego komfortu podczas podr\u00f3\u017cy<\/span><\/strong><br \/>\n<strong><span style=\"color: #000000;\">\u2713 adaptery \u2013 umo\u017cliwiaj\u0105ce monta\u017c fotelika na ramie w\u00f3zka<\/span><\/strong><\/p>\n<h2 style=\"text-align: justify;\"><span style=\"color: #e14d43;\"><strong>W\u00f3zek<\/strong><\/span><\/h2>\n<p style=\"text-align: justify;\"><strong><span style=\"color: #000000;\">W\u00f3zek idealnie nadaje si\u0119 dla nieco starszego dziecka o wadze do 15 kg. Axel umo\u017cliwia monta\u017c na dwa sposoby: przodem lub ty\u0142em do kierunku jazdy \u2013 w zale\u017cno\u015bci od preferencji.<\/span><\/strong><br \/>\n<strong><span style=\"color: #000000;\">Rozk\u0142adana os\u0142ona przeciws\u0142oneczna i pokrowiec z funkcj\u0105 ochrony przed wiatrem ochroni\u0105 Twoje dziecko przed niekorzystnymi warunkami atmosferycznymi.<\/span><\/strong><\/p>\n<p><strong><span style=\"color: #000000;\">\u2713 Pi\u0119ciopunktowe pasy bezpiecze\u0144stwa z mi\u0119kkimi nak\u0142adkami \u2013 chroni\u0105 i zapewniaj\u0105 komfort podczas podr\u00f3\u017cy<\/span><\/strong><br \/>\n<strong><span style=\"color: #000000;\">\u2713 barierka i podn\u00f3\u017cek ze sk\u00f3ry ekologicznej \u2013 odporne na uszkodzenia i \u0142atwe w czyszczeniu<\/span><\/strong><br \/>\n<strong><span style=\"color: #000000;\">\u2713 regulowany podn\u00f3\u017cek \u2013 dla optymalnego ustawienia<\/span><\/strong><br \/>\n<strong><span style=\"color: #000000;\">\u2713 regulowane oparcie w czterech pozycjach \u2013 zapewnia optymaln\u0105 pozycj\u0119 i zwi\u0119ksza komfort dziecka<\/span><\/strong><br \/>\n<strong><span style=\"color: #000000;\">\u2713 rama z mi\u0119kkim zawieszeniem \u2013 chroni dziecko przed nieprzyjemnymi wstrz\u0105sami podczas jazdy po nier\u00f3wnych nawierzchniach<\/span><\/strong><\/p>\n<h2 style=\"text-align: justify;\"><span style=\"color: #e14d43;\"><strong>Rama w\u00f3zka dzieci\u0119cego<\/strong><\/span><\/h2>\n<p style=\"text-align: justify;\"><strong><span style=\"color: #000000;\">Konstrukcja w\u00f3zka wykonana jest z lekkiego aluminium, a innowacyjny obrotowy mechanizm,<\/span><\/strong><br \/>\n<strong><span style=\"color: #000000;\">Za p\u0142ynny ruch w\u00f3zka odpowiadaj\u0105 ko\u0142a \u0142o\u017cyskowane kulkowo z opon\u0105 poliuretanow\u0105. Ko\u0142a tego typu posiadaj\u0105 wszystkie w\u0142a\u015bciwo\u015bci k\u00f3\u0142 pompowanych, a dodatkowo\u2026 ,<\/span><\/strong><br \/>\n<strong><span style=\"color: #000000;\">Nie ulegaj\u0105 przebiciu. Dzi\u0119ki temu s\u0105 bezawaryjne, bezobs\u0142ugowe i bardzo trwa\u0142e. Dodatkowo posiadaj\u0105 blokad\u0119 do jazdy na wprost.<\/span><\/strong><\/p>\n<p><span style=\"color: #e14d43;\"><strong>Cechy ramy:<\/strong><\/span><\/p>\n<p><strong><span style=\"color: #000000;\">\u2713solidna i lekka konstrukcja aluminiowa<\/span><\/strong><br \/>\n<strong><span style=\"color: #000000;\">\u2713Regulowana r\u0105czka pokryta eko-sk\u00f3r\u0105 \u2013 pozwala na \u0142atwe dopasowanie w\u00f3zka do wzrostu u\u017cytkownika.<\/span><\/strong><br \/>\n<strong><span style=\"color: #000000;\">\u2713Mi\u0119kkie zawieszenie \u2013 innowacyjny system amortyzacji zapewnia maksymalny komfort podr\u00f3\u017cowania<\/span><\/strong><br \/>\n<strong><span style=\"color: #000000;\">\u2713hamulec centralny (Easy Stop) \u2013 umo\u017cliwia szybkie zablokowanie k\u00f3\u0142 w\u00f3zka<\/span><\/strong><br \/>\n<strong><span style=\"color: #000000;\">\u2713mo\u017cliwo\u015b\u0107 zamontowania Buggy Board \u2013 funkcja ta sprawdzi si\u0119, gdy dziecko ma starszego brata lub siostr\u0119<\/span><\/strong><br \/>\n<strong><span style=\"color: #000000;\">\u2713sk\u0142adana rama \u2013 po z\u0142o\u017ceniu zajmuje ma\u0142o miejsca i mie\u015bci si\u0119 w baga\u017cniku samochodowym<\/span><\/strong><\/p>\n<p>&nbsp;<\/p>\n<p><a href=\"http:\/\/forbabyboss.com\/wp-content\/uploads\/2022\/09\/checkout.png\"><img loading=\"lazy\" decoding=\"async\" class=\"alignnone wp-image-5965\" src=\"http:\/\/forbabyboss.com\/wp-content\/uploads\/2022\/09\/checkout.png\" alt=\"\" width=\"970\" height=\"357\" srcset=\"https:\/\/forbabyboss.com\/wp-content\/uploads\/2022\/09\/checkout.png 750w, https:\/\/forbabyboss.com\/wp-content\/uploads\/2022\/09\/checkout-600x221.png 600w\" sizes=\"auto, (max-width: 970px) 100vw, 970px\" \/><\/a><\/p>\n<p style=\"text-align: justify;\">","protected":false},"excerpt":{"rendered":"<p><a href=\"http:\/\/forbabyboss.com\/wp-content\/uploads\/2022\/09\/Star-Rating-5.png\"><img loading=\"lazy\" decoding=\"async\" class=\"alignnone size-full wp-image-5973 aligncenter\" src=\"http:\/\/forbabyboss.com\/wp-content\/uploads\/2022\/09\/Star-Rating-5.png\" alt=\"\" width=\"275\" height=\"45\" \/><\/a><\/p>\n<p style=\"text-align: center;\"><span style=\"color: #ed1c24; font-size: 120%;\"><b>GWARANCJA DOPASOWANIA CENY<\/b><\/span><\/p>\n<p style=\"text-align: center;\"><span style=\"font-size: 115%;\"><span style=\"font-weight: 400; color: #4f4fa7;\">Darmowa dostawa<\/span><span style=\"font-weight: 400;\"> \u2013 2 \u2013 7 dni<\/span><\/span><\/p>\n<p style=\"text-align: center;\"><strong><span style=\"color: #29606b;\">Darmowy prezent przy zakupach powy\u017cej 100 GBP<\/span><\/strong><\/p>","protected":false},"featured_media":5884,"template":"","meta":[],"product_brand":[370],"product_cat":[337,339,156,305,210,306,130,209,211],"product_tag":[163,199],"class_list":{"0":"post-5882","1":"product","2":"type-product","3":"status-publish","4":"has-post-thumbnail","6":"product_brand-babylux","7":"product_cat-500-to-600","8":"product_cat-700-to-800","9":"product_cat-3-in-1","10":"product_cat-colour","11":"product_cat-grey","12":"product_cat-light-green","13":"product_cat-prams","14":"product_cat-push-chairs","15":"product_cat-stroller","16":"product_tag-3-in-1-prams","17":"product_tag-prams","19":"first","20":"instock","21":"sale","22":"shipping-taxable","23":"purchasable","24":"product-type-simple"},"yoast_head":"<!-- This site is optimized with the Yoast SEO plugin v27.6 - https:\/\/yoast.com\/product\/yoast-seo-wordpress\/ -->\n<title>3 in1 Travel Set Folding Classic Baby Pram in Light Green - For Baby Boss<\/title>\n<meta name=\"description\" content=\"3 in1 Travel Set Folding Classic Baby Pram in Light Green\" \/>\n<meta name=\"robots\" content=\"index, follow, max-snippet:-1, max-image-preview:large, max-video-preview:-1\" \/>\n<link rel=\"canonical\" href=\"https:\/\/forbabyboss.com\/pl\/product\/zestaw-podrozny-3-w-1-skladany-klasyczny-wozek-dzieciecy-w-kolorze-jasnozielonym\/\" \/>\n<meta property=\"og:locale\" content=\"pl_PL\" \/>\n<meta property=\"og:type\" content=\"article\" \/>\n<meta property=\"og:title\" content=\"3 in1 Travel Set Folding Classic Baby Pram in Light Green - For Baby Boss\" \/>\n<meta property=\"og:description\" content=\"3 in1 Travel Set Folding Classic Baby Pram in Light Green\" \/>\n<meta property=\"og:url\" content=\"https:\/\/forbabyboss.com\/pl\/product\/zestaw-podrozny-3-w-1-skladany-klasyczny-wozek-dzieciecy-w-kolorze-jasnozielonym\/\" \/>\n<meta property=\"og:site_name\" content=\"For Baby Boss\" \/>\n<meta property=\"article:modified_time\" content=\"2026-02-21T10:54:33+00:00\" \/>\n<meta property=\"og:image\" content=\"https:\/\/forbabyboss.com\/wp-content\/uploads\/2022\/09\/Baby-Pram-Classic-Buggy-Retro-Pushchair-3-in1-Travel-Set-Folding-Newborns-Light-Green.png\" \/>\n\t<meta property=\"og:image:width\" content=\"1600\" \/>\n\t<meta property=\"og:image:height\" content=\"1600\" \/>\n\t<meta property=\"og:image:type\" content=\"image\/png\" \/>\n<meta name=\"twitter:card\" content=\"summary_large_image\" \/>\n<meta name=\"twitter:label1\" content=\"Szacowany czas czytania\" \/>\n\t<meta name=\"twitter:data1\" content=\"3 minuty\" \/>\n<script type=\"application\/ld+json\" class=\"yoast-schema-graph\">{\"@context\":\"https:\\\/\\\/schema.org\",\"@graph\":[{\"@type\":\"WebPage\",\"@id\":\"https:\\\/\\\/forbabyboss.com\\\/product\\\/3-in1-travel-set-folding-classic-baby-pram-in-light-green\\\/\",\"url\":\"https:\\\/\\\/forbabyboss.com\\\/product\\\/3-in1-travel-set-folding-classic-baby-pram-in-light-green\\\/\",\"name\":\"3 in1 Travel Set Folding Classic Baby Pram in Light Green - For Baby Boss\",\"isPartOf\":{\"@id\":\"https:\\\/\\\/powderblue-seahorse-496884.hostingersite.com\\\/#website\"},\"primaryImageOfPage\":{\"@id\":\"https:\\\/\\\/forbabyboss.com\\\/product\\\/3-in1-travel-set-folding-classic-baby-pram-in-light-green\\\/#primaryimage\"},\"image\":{\"@id\":\"https:\\\/\\\/forbabyboss.com\\\/product\\\/3-in1-travel-set-folding-classic-baby-pram-in-light-green\\\/#primaryimage\"},\"thumbnailUrl\":\"https:\\\/\\\/forbabyboss.com\\\/wp-content\\\/uploads\\\/2022\\\/09\\\/Baby-Pram-Classic-Buggy-Retro-Pushchair-3-in1-Travel-Set-Folding-Newborns-Light-Green.png\",\"datePublished\":\"2022-09-15T10:54:54+00:00\",\"dateModified\":\"2026-02-21T10:54:33+00:00\",\"description\":\"3 in1 Travel Set Folding Classic Baby Pram in Light Green\",\"breadcrumb\":{\"@id\":\"https:\\\/\\\/forbabyboss.com\\\/product\\\/3-in1-travel-set-folding-classic-baby-pram-in-light-green\\\/#breadcrumb\"},\"inLanguage\":\"pl-PL\",\"potentialAction\":[{\"@type\":\"ReadAction\",\"target\":[\"https:\\\/\\\/forbabyboss.com\\\/product\\\/3-in1-travel-set-folding-classic-baby-pram-in-light-green\\\/\"]}]},{\"@type\":\"ImageObject\",\"inLanguage\":\"pl-PL\",\"@id\":\"https:\\\/\\\/forbabyboss.com\\\/product\\\/3-in1-travel-set-folding-classic-baby-pram-in-light-green\\\/#primaryimage\",\"url\":\"https:\\\/\\\/forbabyboss.com\\\/wp-content\\\/uploads\\\/2022\\\/09\\\/Baby-Pram-Classic-Buggy-Retro-Pushchair-3-in1-Travel-Set-Folding-Newborns-Light-Green.png\",\"contentUrl\":\"https:\\\/\\\/forbabyboss.com\\\/wp-content\\\/uploads\\\/2022\\\/09\\\/Baby-Pram-Classic-Buggy-Retro-Pushchair-3-in1-Travel-Set-Folding-Newborns-Light-Green.png\",\"width\":1600,\"height\":1600},{\"@type\":\"BreadcrumbList\",\"@id\":\"https:\\\/\\\/forbabyboss.com\\\/product\\\/3-in1-travel-set-folding-classic-baby-pram-in-light-green\\\/#breadcrumb\",\"itemListElement\":[{\"@type\":\"ListItem\",\"position\":1,\"name\":\"Home\",\"item\":\"https:\\\/\\\/forbabyboss.com\\\/\"},{\"@type\":\"ListItem\",\"position\":2,\"name\":\"Shop\",\"item\":\"https:\\\/\\\/forbabyboss.com\\\/shop\\\/\"},{\"@type\":\"ListItem\",\"position\":3,\"name\":\"3 in1 Travel Set Folding Classic Baby Pram in Light Green\"}]},{\"@type\":\"WebSite\",\"@id\":\"https:\\\/\\\/powderblue-seahorse-496884.hostingersite.com\\\/#website\",\"url\":\"https:\\\/\\\/powderblue-seahorse-496884.hostingersite.com\\\/\",\"name\":\"For Baby Boss\",\"description\":\"Beautiful gifts and accessories for your baby boss\",\"potentialAction\":[{\"@type\":\"SearchAction\",\"target\":{\"@type\":\"EntryPoint\",\"urlTemplate\":\"https:\\\/\\\/powderblue-seahorse-496884.hostingersite.com\\\/?s={search_term_string}\"},\"query-input\":{\"@type\":\"PropertyValueSpecification\",\"valueRequired\":true,\"valueName\":\"search_term_string\"}}],\"inLanguage\":\"pl-PL\"}]}<\/script>\n<!-- \/ Yoast SEO plugin. -->","yoast_head_json":{"title":"Zestaw podr\u00f3\u017cny 3 w 1, sk\u0142adany, klasyczny w\u00f3zek dzieci\u0119cy w kolorze jasnozielonym \u2013 dla Baby Boss","description":"Zestaw podr\u00f3\u017cny 3 w 1, sk\u0142adany, klasyczny w\u00f3zek dzieci\u0119cy w kolorze jasnozielonym","robots":{"index":"index","follow":"follow","max-snippet":"max-snippet:-1","max-image-preview":"max-image-preview:large","max-video-preview":"max-video-preview:-1"},"canonical":"https:\/\/forbabyboss.com\/pl\/product\/zestaw-podrozny-3-w-1-skladany-klasyczny-wozek-dzieciecy-w-kolorze-jasnozielonym\/","og_locale":"pl_PL","og_type":"article","og_title":"3 in1 Travel Set Folding Classic Baby Pram in Light Green - For Baby Boss","og_description":"3 in1 Travel Set Folding Classic Baby Pram in Light Green","og_url":"https:\/\/forbabyboss.com\/pl\/product\/zestaw-podrozny-3-w-1-skladany-klasyczny-wozek-dzieciecy-w-kolorze-jasnozielonym\/","og_site_name":"For Baby Boss","article_modified_time":"2026-02-21T10:54:33+00:00","og_image":[{"width":1600,"height":1600,"url":"https:\/\/forbabyboss.com\/wp-content\/uploads\/2022\/09\/Baby-Pram-Classic-Buggy-Retro-Pushchair-3-in1-Travel-Set-Folding-Newborns-Light-Green.png","type":"image\/png"}],"twitter_card":"summary_large_image","twitter_misc":{"Szacowany czas czytania":"3 minuty"},"schema":{"@context":"https:\/\/schema.org","@graph":[{"@type":"WebPage","@id":"https:\/\/forbabyboss.com\/product\/3-in1-travel-set-folding-classic-baby-pram-in-light-green\/","url":"https:\/\/forbabyboss.com\/product\/3-in1-travel-set-folding-classic-baby-pram-in-light-green\/","name":"Zestaw podr\u00f3\u017cny 3 w 1, sk\u0142adany, klasyczny w\u00f3zek dzieci\u0119cy w kolorze jasnozielonym \u2013 dla Baby Boss","isPartOf":{"@id":"https:\/\/powderblue-seahorse-496884.hostingersite.com\/#website"},"primaryImageOfPage":{"@id":"https:\/\/forbabyboss.com\/product\/3-in1-travel-set-folding-classic-baby-pram-in-light-green\/#primaryimage"},"image":{"@id":"https:\/\/forbabyboss.com\/product\/3-in1-travel-set-folding-classic-baby-pram-in-light-green\/#primaryimage"},"thumbnailUrl":"https:\/\/forbabyboss.com\/wp-content\/uploads\/2022\/09\/Baby-Pram-Classic-Buggy-Retro-Pushchair-3-in1-Travel-Set-Folding-Newborns-Light-Green.png","datePublished":"2022-09-15T10:54:54+00:00","dateModified":"2026-02-21T10:54:33+00:00","description":"Zestaw podr\u00f3\u017cny 3 w 1, sk\u0142adany, klasyczny w\u00f3zek dzieci\u0119cy w kolorze jasnozielonym","breadcrumb":{"@id":"https:\/\/forbabyboss.com\/product\/3-in1-travel-set-folding-classic-baby-pram-in-light-green\/#breadcrumb"},"inLanguage":"pl-PL","potentialAction":[{"@type":"ReadAction","target":["https:\/\/forbabyboss.com\/product\/3-in1-travel-set-folding-classic-baby-pram-in-light-green\/"]}]},{"@type":"ImageObject","inLanguage":"pl-PL","@id":"https:\/\/forbabyboss.com\/product\/3-in1-travel-set-folding-classic-baby-pram-in-light-green\/#primaryimage","url":"https:\/\/forbabyboss.com\/wp-content\/uploads\/2022\/09\/Baby-Pram-Classic-Buggy-Retro-Pushchair-3-in1-Travel-Set-Folding-Newborns-Light-Green.png","contentUrl":"https:\/\/forbabyboss.com\/wp-content\/uploads\/2022\/09\/Baby-Pram-Classic-Buggy-Retro-Pushchair-3-in1-Travel-Set-Folding-Newborns-Light-Green.png","width":1600,"height":1600},{"@type":"BreadcrumbList","@id":"https:\/\/forbabyboss.com\/product\/3-in1-travel-set-folding-classic-baby-pram-in-light-green\/#breadcrumb","itemListElement":[{"@type":"ListItem","position":1,"name":"Home","item":"https:\/\/forbabyboss.com\/"},{"@type":"ListItem","position":2,"name":"Shop","item":"https:\/\/forbabyboss.com\/shop\/"},{"@type":"ListItem","position":3,"name":"3 in1 Travel Set Folding Classic Baby Pram in Light Green"}]},{"@type":"WebSite","@id":"https:\/\/powderblue-seahorse-496884.hostingersite.com\/#website","url":"https:\/\/powderblue-seahorse-496884.hostingersite.com\/","name":"Dla Baby Boss","description":"Pi\u0119kne prezenty i akcesoria dla ma\u0142ego szefa","potentialAction":[{"@type":"SearchAction","target":{"@type":"EntryPoint","urlTemplate":"https:\/\/powderblue-seahorse-496884.hostingersite.com\/?s={search_term_string}"},"query-input":{"@type":"PropertyValueSpecification","valueRequired":true,"valueName":"search_term_string"}}],"inLanguage":"pl-PL"}]}},"_links":{"self":[{"href":"https:\/\/forbabyboss.com\/pl\/wp-json\/wp\/v2\/product\/5882","targetHints":{"allow":["GET"]}}],"collection":[{"href":"https:\/\/forbabyboss.com\/pl\/wp-json\/wp\/v2\/product"}],"about":[{"href":"https:\/\/forbabyboss.com\/pl\/wp-json\/wp\/v2\/types\/product"}],"wp:featuredmedia":[{"embeddable":true,"href":"https:\/\/forbabyboss.com\/pl\/wp-json\/wp\/v2\/media\/5884"}],"wp:attachment":[{"href":"https:\/\/forbabyboss.com\/pl\/wp-json\/wp\/v2\/media?parent=5882"}],"wp:term":[{"taxonomy":"product_brand","embeddable":true,"href":"https:\/\/forbabyboss.com\/pl\/wp-json\/wp\/v2\/product_brand?post=5882"},{"taxonomy":"product_cat","embeddable":true,"href":"https:\/\/forbabyboss.com\/pl\/wp-json\/wp\/v2\/product_cat?post=5882"},{"taxonomy":"product_tag","embeddable":true,"href":"https:\/\/forbabyboss.com\/pl\/wp-json\/wp\/v2\/product_tag?post=5882"}],"curies":[{"name":"wp","href":"https:\/\/api.w.org\/{rel}","templated":true}]}}