{"id":293,"date":"2020-09-08T11:29:54","date_gmt":"2020-09-08T11:29:54","guid":{"rendered":"http:\/\/forbabyboss.com\/?page_id=293"},"modified":"2020-09-08T11:29:59","modified_gmt":"2020-09-08T11:29:59","slug":"reembolsos-de-cancelamento","status":"publish","type":"page","link":"https:\/\/forbabyboss.com\/pt\/cancellation-refunds\/","title":{"rendered":"Cancelamentos e reembolsos"},"content":{"rendered":"<p>Devolu\u00e7\u00f5es&nbsp;<\/p>\n\n\n\n<p>Nossa pol\u00edtica de devolu\u00e7\u00e3o \u00e9 v\u00e1lida por 30 dias ap\u00f3s o recebimento do seu pedido. Se j\u00e1 se passaram 30 dias desde o recebimento do seu pedido, infelizmente n\u00e3o podemos oferecer reembolso ou troca.&nbsp;<\/p>\n\n\n\n<p>Para ser eleg\u00edvel para uma devolu\u00e7\u00e3o, o produto deve estar sem uso e nas mesmas condi\u00e7\u00f5es em que foi recebido. Tamb\u00e9m deve estar na embalagem original.&nbsp;<\/p>\n\n\n\n<p>Diversos tipos de produtos n\u00e3o podem ser devolvidos. Produtos perec\u00edveis, como alimentos, flores, jornais ou revistas, n\u00e3o podem ser devolvidos. Tamb\u00e9m n\u00e3o aceitamos produtos \u00edntimos ou de higiene pessoal, materiais perigosos ou l\u00edquidos ou gases inflam\u00e1veis.&nbsp;<\/p>\n\n\n\n<p>Para concluir sua devolu\u00e7\u00e3o, precisamos do recibo ou comprovante de compra.&nbsp;<\/p>\n\n\n\n<p>Por favor, n\u00e3o envie sua compra de volta ao fabricante.&nbsp;<\/p>\n\n\n\n<p>Existem situa\u00e7\u00f5es espec\u00edficas em que apenas reembolsos parciais s\u00e3o concedidos (se aplic\u00e1vel).&nbsp;<\/p>\n\n\n\n<p>Qualquer item que n\u00e3o esteja em sua condi\u00e7\u00e3o original, esteja danificado ou com pe\u00e7as faltando por motivos que n\u00e3o sejam de nossa responsabilidade.&nbsp;<\/p>\n\n\n\n<p>\u2013&nbsp;<\/p>\n\n\n\n<p>Qualquer item devolvido ap\u00f3s 30 dias da entrega que apresente sinais \u00f3bvios de uso.&nbsp;<\/p>\n\n\n\n<p>Reembolsos (se aplic\u00e1vel)&nbsp;<\/p>\n\n\n\n<p>Assim que recebermos e inspecionarmos sua devolu\u00e7\u00e3o, enviaremos um e-mail para notific\u00e1-lo(a) de que recebemos o item devolvido. Tamb\u00e9m o(a) notificaremos sobre a aprova\u00e7\u00e3o ou rejei\u00e7\u00e3o do seu reembolso.&nbsp;<\/p>\n\n\n\n<p>Se sua solicita\u00e7\u00e3o for aprovada, seu reembolso ser\u00e1 processado e o cr\u00e9dito ser\u00e1 automaticamente aplicado ao seu cart\u00e3o de cr\u00e9dito ou m\u00e9todo de pagamento original dentro de alguns dias.&nbsp;<\/p>\n\n\n\n<p>Reembolsos atrasados ou n\u00e3o recebidos (se aplic\u00e1vel)&nbsp;<\/p>\n\n\n\n<p>Se voc\u00ea ainda n\u00e3o recebeu o reembolso, verifique novamente sua conta banc\u00e1ria.&nbsp;<\/p>\n\n\n\n<p>Em seguida, entre em contato com a sua operadora de cart\u00e3o de cr\u00e9dito. Pode levar algum tempo at\u00e9 que o reembolso seja processado.&nbsp;<\/p>\n\n\n\n<p>Em seguida, entre em contato com seu banco. Geralmente, h\u00e1 um per\u00edodo de processamento antes que o reembolso seja creditado.&nbsp;<\/p>\n\n\n\n<p>Se voc\u00ea j\u00e1 fez tudo isso e ainda n\u00e3o recebeu seu reembolso, entre em contato conosco pelo e-mail support@forbabyboss.com.&nbsp;&nbsp;<\/p>\n\n\n\n<p>Itens em promo\u00e7\u00e3o (se aplic\u00e1vel)&nbsp;<\/p>\n\n\n\n<p>Apenas itens com pre\u00e7o normal podem ser reembolsados; infelizmente, itens em promo\u00e7\u00e3o n\u00e3o podem ser reembolsados.&nbsp;<\/p>\n\n\n\n<p>Trocas (se aplic\u00e1vel)&nbsp;<\/p>\n\n\n\n<p>S\u00f3 substitu\u00edmos artigos se estiverem defeituosos ou danificados. Se precisar de trocar o artigo pelo mesmo produto, envie-nos um e-mail para support@forbabyboss.com.<\/p>\n\n\n\n<p>Presentes&nbsp;<\/p>\n\n\n\n<p>Se o item foi marcado como presente no momento da compra e enviado diretamente para voc\u00ea, voc\u00ea receber\u00e1 um cr\u00e9dito no valor da sua devolu\u00e7\u00e3o. Assim que o item devolvido for recebido, um vale-presente ser\u00e1 enviado para o seu endere\u00e7o.&nbsp;<\/p>\n\n\n\n<p>Se o item n\u00e3o foi marcado como presente no momento da compra, ou se quem deu o presente pediu que o pedido fosse enviado para si mesmo para entregar a voc\u00ea posteriormente, enviaremos o reembolso para quem deu o presente e essa pessoa ficar\u00e1 sabendo da sua devolu\u00e7\u00e3o.&nbsp;<\/p>\n\n\n\n<p>Envio&nbsp;<\/p>\n\n\n\n<p>Para devolver o seu produto, envie-o de volta para n\u00f3s pelo correio. Para mais informa\u00e7\u00f5es, entre em contato conosco pelo e-mail support@forbabyboss.com.<\/p>\n\n\n\n<p>Voc\u00ea ser\u00e1 respons\u00e1vel pelo pagamento dos custos de envio para a devolu\u00e7\u00e3o do seu produto. Os custos de envio n\u00e3o s\u00e3o reembols\u00e1veis. Caso receba um reembolso, o custo do frete de devolu\u00e7\u00e3o ser\u00e1 deduzido do valor reembolsado.&nbsp;<\/p>\n\n\n\n<p>Dependendo de onde voc\u00ea mora, o tempo que seu produto trocado levar\u00e1 para chegar at\u00e9 voc\u00ea pode variar.&nbsp;<\/p>","protected":false},"excerpt":{"rendered":"<p>Returns&nbsp; Our policy lasts 30 days after you receive your order. If 30 days have gone by since receiving your order, unfortunately we can\u2019t offer you a refund or exchange.&nbsp; To be eligible for a return, your item must be unused and in the same condition that you received it. It must also be in [&#8230;]\n","protected":false},"author":1,"featured_media":0,"parent":0,"menu_order":0,"comment_status":"closed","ping_status":"closed","template":"","meta":{"footnotes":""},"class_list":["post-293","page","type-page","status-publish","hentry"],"yoast_head":"<!-- This site is optimized with the Yoast SEO plugin v27.5 - https:\/\/yoast.com\/product\/yoast-seo-wordpress\/ -->\n<title>Cancellation &amp; Refunds - For Baby Boss<\/title>\n<meta name=\"robots\" content=\"index, follow, max-snippet:-1, max-image-preview:large, max-video-preview:-1\" \/>\n<link rel=\"canonical\" href=\"https:\/\/forbabyboss.com\/pt\/reembolsos-de-cancelamento\/\" \/>\n<meta property=\"og:locale\" content=\"pt_PT\" \/>\n<meta property=\"og:type\" content=\"article\" \/>\n<meta property=\"og:title\" content=\"Cancellation &amp; Refunds - For Baby Boss\" \/>\n<meta property=\"og:description\" content=\"Returns&nbsp; Our policy lasts 30 days after you receive your order. If 30 days have gone by since receiving your order, unfortunately we can\u2019t offer you a refund or exchange.&nbsp; To be eligible for a return, your item must be unused and in the same condition that you received it. It must also be in [...]\" \/>\n<meta property=\"og:url\" content=\"https:\/\/forbabyboss.com\/pt\/reembolsos-de-cancelamento\/\" \/>\n<meta property=\"og:site_name\" content=\"For Baby Boss\" \/>\n<meta property=\"article:modified_time\" content=\"2020-09-08T11:29:59+00:00\" \/>\n<meta name=\"twitter:card\" content=\"summary_large_image\" \/>\n<meta name=\"twitter:label1\" content=\"Tempo estimado de leitura\" \/>\n\t<meta name=\"twitter:data1\" content=\"3 minutos\" \/>\n<script type=\"application\/ld+json\" class=\"yoast-schema-graph\">{\"@context\":\"https:\\\/\\\/schema.org\",\"@graph\":[{\"@type\":\"WebPage\",\"@id\":\"https:\\\/\\\/forbabyboss.com\\\/cancellation-refunds\\\/\",\"url\":\"https:\\\/\\\/forbabyboss.com\\\/cancellation-refunds\\\/\",\"name\":\"Cancellation & Refunds - For Baby Boss\",\"isPartOf\":{\"@id\":\"https:\\\/\\\/powderblue-seahorse-496884.hostingersite.com\\\/#website\"},\"datePublished\":\"2020-09-08T11:29:54+00:00\",\"dateModified\":\"2020-09-08T11:29:59+00:00\",\"breadcrumb\":{\"@id\":\"https:\\\/\\\/forbabyboss.com\\\/cancellation-refunds\\\/#breadcrumb\"},\"inLanguage\":\"pt-PT\",\"potentialAction\":[{\"@type\":\"ReadAction\",\"target\":[\"https:\\\/\\\/forbabyboss.com\\\/cancellation-refunds\\\/\"]}]},{\"@type\":\"BreadcrumbList\",\"@id\":\"https:\\\/\\\/forbabyboss.com\\\/cancellation-refunds\\\/#breadcrumb\",\"itemListElement\":[{\"@type\":\"ListItem\",\"position\":1,\"name\":\"Home\",\"item\":\"https:\\\/\\\/forbabyboss.com\\\/\"},{\"@type\":\"ListItem\",\"position\":2,\"name\":\"Cancellation &#038; Refunds\"}]},{\"@type\":\"WebSite\",\"@id\":\"https:\\\/\\\/powderblue-seahorse-496884.hostingersite.com\\\/#website\",\"url\":\"https:\\\/\\\/powderblue-seahorse-496884.hostingersite.com\\\/\",\"name\":\"For Baby Boss\",\"description\":\"Beautiful gifts and accessories for your baby boss\",\"potentialAction\":[{\"@type\":\"SearchAction\",\"target\":{\"@type\":\"EntryPoint\",\"urlTemplate\":\"https:\\\/\\\/powderblue-seahorse-496884.hostingersite.com\\\/?s={search_term_string}\"},\"query-input\":{\"@type\":\"PropertyValueSpecification\",\"valueRequired\":true,\"valueName\":\"search_term_string\"}}],\"inLanguage\":\"pt-PT\"}]}<\/script>\n<!-- \/ Yoast SEO plugin. -->","yoast_head_json":{"title":"Cancelamentos e reembolsos - Para Baby Boss","robots":{"index":"index","follow":"follow","max-snippet":"max-snippet:-1","max-image-preview":"max-image-preview:large","max-video-preview":"max-video-preview:-1"},"canonical":"https:\/\/forbabyboss.com\/pt\/reembolsos-de-cancelamento\/","og_locale":"pt_PT","og_type":"article","og_title":"Cancellation & Refunds - For Baby Boss","og_description":"Returns&nbsp; Our policy lasts 30 days after you receive your order. If 30 days have gone by since receiving your order, unfortunately we can\u2019t offer you a refund or exchange.&nbsp; To be eligible for a return, your item must be unused and in the same condition that you received it. It must also be in [...]","og_url":"https:\/\/forbabyboss.com\/pt\/reembolsos-de-cancelamento\/","og_site_name":"For Baby Boss","article_modified_time":"2020-09-08T11:29:59+00:00","twitter_card":"summary_large_image","twitter_misc":{"Tempo estimado de leitura":"3 minutos"},"schema":{"@context":"https:\/\/schema.org","@graph":[{"@type":"WebPage","@id":"https:\/\/forbabyboss.com\/cancellation-refunds\/","url":"https:\/\/forbabyboss.com\/cancellation-refunds\/","name":"Cancelamentos e reembolsos - Para Baby Boss","isPartOf":{"@id":"https:\/\/powderblue-seahorse-496884.hostingersite.com\/#website"},"datePublished":"2020-09-08T11:29:54+00:00","dateModified":"2020-09-08T11:29:59+00:00","breadcrumb":{"@id":"https:\/\/forbabyboss.com\/cancellation-refunds\/#breadcrumb"},"inLanguage":"pt-PT","potentialAction":[{"@type":"ReadAction","target":["https:\/\/forbabyboss.com\/cancellation-refunds\/"]}]},{"@type":"BreadcrumbList","@id":"https:\/\/forbabyboss.com\/cancellation-refunds\/#breadcrumb","itemListElement":[{"@type":"ListItem","position":1,"name":"Home","item":"https:\/\/forbabyboss.com\/"},{"@type":"ListItem","position":2,"name":"Cancellation &#038; Refunds"}]},{"@type":"WebSite","@id":"https:\/\/powderblue-seahorse-496884.hostingersite.com\/#website","url":"https:\/\/powderblue-seahorse-496884.hostingersite.com\/","name":"Para o Baby Boss","description":"Bonitos presentes e acess\u00f3rios para o seu chefe beb\u00e9","potentialAction":[{"@type":"SearchAction","target":{"@type":"EntryPoint","urlTemplate":"https:\/\/powderblue-seahorse-496884.hostingersite.com\/?s={search_term_string}"},"query-input":{"@type":"PropertyValueSpecification","valueRequired":true,"valueName":"search_term_string"}}],"inLanguage":"pt-PT"}]}},"_links":{"self":[{"href":"https:\/\/forbabyboss.com\/pt\/wp-json\/wp\/v2\/pages\/293","targetHints":{"allow":["GET"]}}],"collection":[{"href":"https:\/\/forbabyboss.com\/pt\/wp-json\/wp\/v2\/pages"}],"about":[{"href":"https:\/\/forbabyboss.com\/pt\/wp-json\/wp\/v2\/types\/page"}],"author":[{"embeddable":true,"href":"https:\/\/forbabyboss.com\/pt\/wp-json\/wp\/v2\/users\/1"}],"replies":[{"embeddable":true,"href":"https:\/\/forbabyboss.com\/pt\/wp-json\/wp\/v2\/comments?post=293"}],"version-history":[{"count":0,"href":"https:\/\/forbabyboss.com\/pt\/wp-json\/wp\/v2\/pages\/293\/revisions"}],"wp:attachment":[{"href":"https:\/\/forbabyboss.com\/pt\/wp-json\/wp\/v2\/media?parent=293"}],"curies":[{"name":"wp","href":"https:\/\/api.w.org\/{rel}","templated":true}]}}