{"id":3971,"date":"2022-09-20T14:19:27","date_gmt":"2022-09-20T14:19:27","guid":{"rendered":"http:\/\/forbabyboss.com\/?post_type=product&#038;p=3971"},"modified":"2023-10-03T11:15:14","modified_gmt":"2023-10-03T11:15:14","slug":"carrinho-de-bebe-sistema-de-viagem-4-em-1-bw1-bege","status":"publish","type":"product","link":"https:\/\/forbabyboss.com\/pt\/product\/baby-pram-pushchair-travel-system-4in1-bw1-beige\/","title":{"rendered":"Carrinho de Beb\u00ea Sistema de Viagem 4 em 1 \u2013 BW1 Bege"},"content":{"rendered":"<h1 style=\"text-align: left;\"><span style=\"color: #e14d43;\"><strong><span style=\"font-size: 120%;\">Carrinho de Beb\u00ea de Luxo Bavario 3 em 1 + Cadeirinha de Auto + Capas de Chuva<\/span><\/strong><\/span><\/h1>\n<p style=\"text-align: justify;\"><strong><span style=\"color: #000000;\">O BAVARIO \u00e9 um carrinho de beb\u00ea multifuncional moderno, projetado para pais que buscam um produto para uso prolongado. Dependendo das necessidades e da idade da crian\u00e7a, o Bavario funciona como carrinho de beb\u00ea ou carrinho de passeio. Projetado para transportar seu beb\u00ea ou crian\u00e7a pequena com conforto desde o nascimento at\u00e9 os 3 anos de idade ou de 0 a 15 kg.<\/span><\/strong><\/p>\n<p style=\"text-align: justify;\" align=\"center\"><strong><span style=\"font-size: medium; color: #000000;\">Fabricado na Europa com materiais de alta qualidade, estrutura leve em alum\u00ednio\/a\u00e7o, com design moderno.<\/span><\/strong><\/p>\n<p style=\"text-align: justify;\" align=\"center\"><strong><span style=\"font-size: medium; color: #000000;\">Norma europeia de seguran\u00e7a EN 1888: 2004.<\/span><\/strong><\/p>\n<p style=\"text-align: justify;\" align=\"center\"><strong><span style=\"font-size: medium; color: #000000;\">A estrutura leve em alum\u00ednio e a\u00e7o, com amortecedor ajust\u00e1vel, torna a condu\u00e7\u00e3o muito f\u00e1cil.<br \/>\n<\/span><\/strong><\/p>\n<p style=\"text-align: justify;\" align=\"center\"><strong><span style=\"font-size: medium; color: #000000;\">O revestimento do carrinho \u00e9 feito com materiais impregnados da mais alta qualidade, seguros para crian\u00e7as. Os materiais n\u00e3o desbotam, s\u00e3o imperme\u00e1veis e proporcionam uma temperatura ideal, adaptando-se \u00e0s condi\u00e7\u00f5es clim\u00e1ticas. Os interiores e capas remov\u00edveis s\u00e3o preenchidos com algod\u00e3o hipoalerg\u00eanico.\u00a0<\/span><\/strong><\/p>\n<h1 style=\"text-align: justify;\" align=\"center\"><span style=\"color: #e14d43;\"><strong><span style=\"font-size: medium;\">Caracter\u00edsticas do produto<span style=\"color: #000000;\">:<\/span><\/span><\/strong><\/span><\/h1>\n<ul>\n<li style=\"text-align: left;\"><strong><span style=\"font-size: medium; color: #000000;\">Sistema de viagem 3 em 1<br \/>\n<\/span><\/strong><\/li>\n<li style=\"text-align: left;\"><strong><span style=\"font-size: medium; color: #000000;\">Estrutura s\u00f3lida e leve em alum\u00ednio e a\u00e7o;<br \/>\n<\/span><\/strong><\/li>\n<li style=\"text-align: left;\"><strong><span style=\"font-size: medium; color: #000000;\">Amortecedores ajust\u00e1veis<\/span><\/strong><\/li>\n<li style=\"text-align: left;\"><strong><span style=\"font-size: medium; color: #000000;\">Sistema de dobragem f\u00e1cil da estrutura<\/span><\/strong><\/li>\n<\/ul>\n<h1><strong><span style=\"font-size: medium; color: #000000;\"><span style=\"color: #e14d43; font-size: 100%;\">Pram<\/span>:<\/span><\/strong><\/h1>\n<ul>\n<li style=\"text-align: justify;\"><strong><span style=\"font-size: medium; color: #000000;\">Capota ajust\u00e1vel \/ Forro de luxo \/ Capa \/ Barra de prote\u00e7\u00e3o remov\u00edvel<br \/>\n<\/span><\/strong><\/li>\n<li style=\"text-align: justify;\"><strong><span style=\"font-size: medium; color: #000000;\">O interior \u00e9 feito de algod\u00e3o hipoalerg\u00eanico, pr\u00f3prio para crian\u00e7as e respir\u00e1vel.<br \/>\n<\/span><\/strong><\/li>\n<li style=\"text-align: justify;\"><strong><span style=\"font-size: medium; color: #000000;\">Rodas dianteiras infl\u00e1veis com rolamentos, com trava e giro de 360\u00b0,<br \/>\n<\/span><\/strong><\/li>\n<li style=\"text-align: justify;\"><strong><span style=\"font-size: medium; color: #000000;\">freio central \u201cparar e andar\u201d;<br \/>\n<\/span><\/strong><\/li>\n<li style=\"text-align: justify;\"><strong><span style=\"font-size: medium; color: #000000;\">Capota extens\u00edvel para melhor prote\u00e7\u00e3o contra o sol na unidade do assento;<br \/>\n<\/span><\/strong><\/li>\n<li style=\"text-align: justify;\"><strong><span style=\"font-size: medium; color: #000000;\">Alcofa forrada com colch\u00e3o grosso e macio,<br \/>\n<\/span><\/strong><\/li>\n<li style=\"text-align: justify;\"><strong><span style=\"font-size: medium; color: #000000;\">Alcofa e capota do assento ventiladas;<br \/>\n<\/span><\/strong><\/li>\n<li style=\"text-align: justify;\"><strong><span style=\"font-size: medium; color: #000000;\">Al\u00e7a ajust\u00e1vel em 4 pontos revestida em couro ecol\u00f3gico;<br \/>\n<\/span><\/strong><\/li>\n<li style=\"text-align: justify;\"><strong><span style=\"font-size: medium; color: #000000;\">Sistema voltado para a frente e para tr\u00e1s,<\/span><\/strong><\/li>\n<\/ul>\n<h1><strong><span style=\"font-size: medium; color: #000000;\"><span style=\"color: #e14d43; font-size: 100%;\">Carrinho de beb\u00e9<\/span>:<\/span><\/strong><\/h1>\n<ul>\n<li style=\"text-align: justify;\"><strong><span style=\"font-size: medium; color: #000000;\">Equipado com apoio para os p\u00e9s e encosto ajust\u00e1veis;<br \/>\n<\/span><\/strong><\/li>\n<li style=\"text-align: justify;\"><strong><span style=\"font-size: medium; color: #000000;\">Barra de prote\u00e7\u00e3o remov\u00edvel<u><\/u><br \/>\n<\/span><\/strong><\/li>\n<li style=\"text-align: justify;\"><strong><span style=\"font-size: medium; color: #000000;\">Painel de visualiza\u00e7\u00e3o para os pais com tela mosquiteira ao redor.,<br \/>\n<\/span><\/strong><\/li>\n<li style=\"text-align: justify;\"><strong><span style=\"font-size: medium; color: #000000;\">M\u00faltiplas posi\u00e7\u00f5es de reclina\u00e7\u00e3o<\/span><\/strong><\/li>\n<li style=\"text-align: justify;\"><strong><span style=\"font-size: medium; color: #000000;\">Capa remov\u00edvel<u><\/u><br \/>\n<\/span><\/strong><\/li>\n<li style=\"text-align: justify;\"><strong><span style=\"font-size: medium; color: #000000;\">Assento revers\u00edvel com modo de vis\u00e3o dos pais<br \/>\n<\/span><\/strong><\/li>\n<li style=\"text-align: justify;\"><strong><span style=\"font-size: medium; color: #000000;\">Cinto de seguran\u00e7a de cinco pontos;<\/span><\/strong><\/li>\n<\/ul>\n<h1><strong><span style=\"font-size: medium; color: #000000;\"><span style=\"font-size: 100%; color: #e14d43;\">Cadeirinha de carro confort\u00e1vel<\/span>:<\/span><\/strong><\/h1>\n<ul>\n<li style=\"text-align: justify;\"><strong><span style=\"font-size: medium; color: #000000;\">Grupo 0-10 kg:<br \/>\n<\/span><\/strong><\/li>\n<li style=\"text-align: justify;\"><strong><span style=\"font-size: medium; color: #000000;\">Aprova\u00e7\u00e3o europeia ECE R44\/04<br \/>\n<\/span><\/strong><\/li>\n<li style=\"text-align: justify;\"><strong><span style=\"font-size: medium; color: #000000;\">Montado na estrutura do carrinho de beb\u00ea<br \/>\n<\/span><\/strong><\/li>\n<li style=\"text-align: justify;\"><strong><span style=\"font-size: medium; color: #000000;\">cinto de seguran\u00e7a de 3 pontos<br \/>\n<\/span><\/strong><\/li>\n<li style=\"text-align: justify;\"><strong><span style=\"font-size: medium; color: #000000;\">Al\u00e7a ajust\u00e1vel para transporte<br \/>\n<\/span><\/strong><\/li>\n<li style=\"text-align: justify;\"><strong><span style=\"font-size: medium; color: #000000;\">Capa remov\u00edvel<br \/>\n<\/span><\/strong><\/li>\n<li style=\"text-align: justify;\"><strong><span style=\"font-size: medium; color: #000000;\">Cintos de seguran\u00e7a com altura ajust\u00e1vel<br \/>\n<\/span><\/strong><\/li>\n<li style=\"text-align: justify;\"><strong><span style=\"font-size: medium; color: #000000;\">Modo voltado para a frente ou para tr\u00e1s<\/span><\/strong><\/li>\n<li style=\"text-align: justify;\"><strong><span style=\"font-size: medium; color: #000000;\">A op\u00e7\u00e3o de usar a cadeirinha do carro como ber\u00e7o.<\/span><\/strong><\/li>\n<\/ul>\n<h1 style=\"text-align: left;\" align=\"center\"><strong><span style=\"color: #000000; font-size: large;\"><span style=\"font-size: 100%; color: #e14d43;\">Pre\u00e7o inclu\u00eddo<\/span>:<\/span><\/strong><\/h1>\n<p style=\"text-align: left;\" align=\"center\"><strong><span style=\"font-size: medium; color: #000000;\">Estrutura de alum\u00ednio e a\u00e7o<br \/>\n<\/span><\/strong><\/p>\n<p style=\"text-align: left;\" align=\"center\"><strong><span style=\"font-size: medium; color: #000000;\">Carrinho de beb\u00ea<br \/>\n<\/span><\/strong><\/p>\n<p style=\"text-align: left;\" align=\"center\"><strong><span style=\"font-size: medium; color: #000000;\">Carrinho de beb\u00ea<br \/>\n<\/span><\/strong><\/p>\n<p style=\"text-align: left;\" align=\"center\"><strong><span style=\"font-size: medium; color: #000000;\">Capa e colch\u00e3o<br \/>\n<\/span><\/strong><\/p>\n<p style=\"text-align: left;\" align=\"center\"><strong><span style=\"font-size: medium; color: #000000;\">Cobertura para os p\u00e9s<br \/>\n<\/span><\/strong><\/p>\n<p style=\"text-align: left;\" align=\"center\"><strong><span style=\"font-size: medium; color: #000000;\">Assento de autom\u00f3vel<br \/>\n<\/span><\/strong><\/p>\n<p style=\"text-align: left;\" align=\"center\"><strong><span style=\"font-size: medium; color: #000000;\">Capota e capa para a cadeirinha do carro<br \/>\n<\/span><\/strong><\/p>\n<p style=\"text-align: left;\" align=\"center\"><strong><span style=\"font-size: medium; color: #000000;\">Barra de prote\u00e7\u00e3o remov\u00edvel<br \/>\n<\/span><\/strong><\/p>\n<p style=\"text-align: left;\" align=\"center\"><strong><span style=\"font-size: medium; color: #000000;\">2 capas de chuva<br \/>\n<\/span><\/strong><\/p>\n<p style=\"text-align: left;\" align=\"center\"><strong><span style=\"font-size: medium; color: #000000;\">Bolsa para acess\u00f3rios com al\u00e7a de ombro<br \/>\n<\/span><\/strong><\/p>\n<p style=\"text-align: left;\" align=\"center\"><strong><span style=\"font-size: medium; color: #000000;\">Cesta de compras<br \/>\n<\/span><\/strong><\/p>\n<p style=\"text-align: left;\" align=\"center\"><strong><span style=\"font-size: medium; color: #000000;\">BASE ISOFIX \u2013 opcional<\/span><\/strong><\/p>\n<p><strong><span style=\"color: #000000;\"><span style=\"font-size: medium;\"><span style=\"color: #e14d43;\">Dados t\u00e9cnicos<\/span>:<\/span><\/span><\/strong><\/p>\n<div style=\"text-align: justify;\"><strong><span style=\"font-size: medium; color: #000000;\"><span style=\"color: #e14d43;\">Carrinho de beb\u00ea<\/span><br \/>\n\u2013 Peso \u2013 4,5 kg<br \/>\n\u2013 Peso total do carrinho de beb\u00ea: 14,5 kg<br \/>\n\u2013 Estrutura com alcofa: A.115 cm x L. 60 cm x C. 110 cm<br \/>\n\u2013 Dimens\u00f5es internas: L. 38 cm x C. 80 cm x P. 20 cm<br \/>\n<\/span><\/strong><\/div>\n<div><\/div>\n<div style=\"text-align: justify;\"><strong><span style=\"font-size: medium; color: #000000;\"><span style=\"color: #e14d43;\">Carrinho de beb\u00ea<\/span>:<br \/>\n<\/span><\/strong><\/div>\n<div style=\"text-align: justify;\"><strong><span style=\"font-size: medium; color: #000000;\">\u2013 Quadro com rodas: 15,5 kg<\/span><\/strong><\/div>\n<div style=\"text-align: justify;\"><strong><span style=\"color: #000000;\"><span style=\"font-size: medium;\">\u2013 Assento: A 38 cm L 34 cm P 30 cm<br \/>\n\u2013 Dimens\u00f5es do carrinho: A. 114 cm x L. 60 cm x C. 90 cm<br \/>\n<\/span><\/span><\/strong><\/div>\n<div><\/div>\n<div style=\"text-align: justify;\"><strong><span style=\"color: #000000;\"><span style=\"font-size: medium;\"><span style=\"color: #e14d43;\">Assento de autom\u00f3vel<\/span><\/span><\/span><\/strong><\/div>\n<div style=\"text-align: justify;\"><strong><span style=\"color: #000000;\"><span style=\"font-size: medium;\">Peso: 4,8 kg<br \/>\n<\/span><\/span><\/strong><\/div>\n<div style=\"text-align: justify;\"><strong><span style=\"color: #000000;\"><span style=\"font-size: medium;\">\u2013 Cadeirinha de carro com estrutura e rodas: 14,8 kg<\/span><span style=\"font-size: medium;\"><br \/>\n\u2013 Estrutura com assento de carro: A. 108 cm x L. 63 cm x C. 84 cm<br \/>\n<\/span><\/span><\/strong><\/div>\n<div><\/div>\n<div style=\"text-align: justify;\"><strong><span style=\"color: #000000;\"><span style=\"font-size: medium;\"><span style=\"color: #e14d43;\">Quadro<\/span><\/span><\/span><\/strong><\/div>\n<div style=\"text-align: justify;\"><strong><span style=\"color: #000000;\"><span style=\"font-size: medium;\">\u2013 estrutura com rodas: 10 kg<br \/>\n\u2013 O di\u00e2metro das rodas: dianteira 25 cm, traseira 31 cm<\/span><\/span><\/strong><\/div>\n<div style=\"text-align: justify;\"><strong><span style=\"font-size: medium; color: #000000;\">\u2013 F\u00e1cil de dobrar: A 30 cm x L 60 cm x C 90 cm<\/span><\/strong><\/div>\n<div><a href=\"http:\/\/forbabyboss.com\/wp-content\/uploads\/2022\/09\/checkout.png\"><img loading=\"lazy\" decoding=\"async\" class=\"alignnone size-full wp-image-5965\" src=\"http:\/\/forbabyboss.com\/wp-content\/uploads\/2022\/09\/checkout.png\" alt=\"\" width=\"750\" height=\"276\" srcset=\"https:\/\/forbabyboss.com\/wp-content\/uploads\/2022\/09\/checkout.png 750w, https:\/\/forbabyboss.com\/wp-content\/uploads\/2022\/09\/checkout-600x221.png 600w\" sizes=\"auto, (max-width: 750px) 100vw, 750px\" \/><\/a><\/div>","protected":false},"excerpt":{"rendered":"<p><a href=\"http:\/\/forbabyboss.com\/wp-content\/uploads\/2022\/09\/Star-Rating-5.png\"><img loading=\"lazy\" decoding=\"async\" class=\"alignnone size-full wp-image-5973 aligncenter\" src=\"http:\/\/forbabyboss.com\/wp-content\/uploads\/2022\/09\/Star-Rating-5.png\" alt=\"\" width=\"275\" height=\"45\" \/><\/a><\/p>\n<p style=\"text-align: center;\"><span style=\"color: #e14d43;\"><strong>GARANTIA DE MELHORA DE PRE\u00c7O<\/strong><\/span><\/p>\n<p style=\"text-align: center;\"><span style=\"font-weight: 400; color: #003366;\">Entrega gr\u00e1tis<\/span><span style=\"font-weight: 400;\"> \u2013 2 a 7 dias<\/span><\/p>\n<p style=\"text-align: center;\"><span style=\"color: #008000;\"><strong>Brinde gr\u00e1tis em compras acima de \u00a3100<\/strong><\/span><\/p>","protected":false},"featured_media":3972,"template":"","meta":[],"product_brand":[],"product_cat":[337,156,197,305,130,209,211],"product_tag":[163,200,171],"class_list":{"0":"post-3971","1":"product","2":"type-product","3":"status-publish","4":"has-post-thumbnail","6":"product_cat-500-to-600","7":"product_cat-3-in-1","8":"product_cat-4-in-1-pram","9":"product_cat-colour","10":"product_cat-prams","11":"product_cat-push-chairs","12":"product_cat-stroller","13":"product_tag-3-in-1-prams","14":"product_tag-4-in-1-pram","15":"product_tag-pram","17":"first","18":"instock","19":"sale","20":"shipping-taxable","21":"purchasable","22":"product-type-simple"},"yoast_head":"<!-- This site is optimized with the Yoast SEO plugin v27.5 - https:\/\/yoast.com\/product\/yoast-seo-wordpress\/ -->\n<title>Baby Pram Pushchair Travel System 4in1 - BW1 Beige - For Baby Boss<\/title>\n<meta name=\"description\" content=\"Baby Pram Pushchair Travel System 4in1 - BW1 Beige\" \/>\n<meta name=\"robots\" content=\"index, follow, max-snippet:-1, max-image-preview:large, max-video-preview:-1\" \/>\n<link rel=\"canonical\" href=\"https:\/\/forbabyboss.com\/pt\/produto\/carrinho-de-bebe-sistema-de-viagem-4-em-1-bw1-bege\/\" \/>\n<meta property=\"og:locale\" content=\"pt_PT\" \/>\n<meta property=\"og:type\" content=\"article\" \/>\n<meta property=\"og:title\" content=\"Baby Pram Pushchair Travel System 4in1 - BW1 Beige - For Baby Boss\" \/>\n<meta property=\"og:description\" content=\"Baby Pram Pushchair Travel System 4in1 - BW1 Beige\" \/>\n<meta property=\"og:url\" content=\"https:\/\/forbabyboss.com\/pt\/produto\/carrinho-de-bebe-sistema-de-viagem-4-em-1-bw1-bege\/\" \/>\n<meta property=\"og:site_name\" content=\"For Baby Boss\" \/>\n<meta property=\"article:modified_time\" content=\"2023-10-03T11:15:14+00:00\" \/>\n<meta property=\"og:image\" content=\"https:\/\/forbabyboss.com\/wp-content\/uploads\/2022\/09\/Baby-Pram-Pushchair-Buggy-Stroller-Car-Seat-ISOFIX-Travel-System-3in1-4in1-BW1-Beige.jpg\" \/>\n\t<meta property=\"og:image:width\" content=\"1200\" \/>\n\t<meta property=\"og:image:height\" content=\"900\" \/>\n\t<meta property=\"og:image:type\" content=\"image\/jpeg\" \/>\n<meta name=\"twitter:card\" content=\"summary_large_image\" \/>\n<meta name=\"twitter:label1\" content=\"Tempo estimado de leitura\" \/>\n\t<meta name=\"twitter:data1\" content=\"3 minutos\" \/>\n<script type=\"application\/ld+json\" class=\"yoast-schema-graph\">{\"@context\":\"https:\\\/\\\/schema.org\",\"@graph\":[{\"@type\":\"WebPage\",\"@id\":\"https:\\\/\\\/forbabyboss.com\\\/product\\\/baby-pram-pushchair-travel-system-4in1-bw1-beige\\\/\",\"url\":\"https:\\\/\\\/forbabyboss.com\\\/product\\\/baby-pram-pushchair-travel-system-4in1-bw1-beige\\\/\",\"name\":\"Baby Pram Pushchair Travel System 4in1 - BW1 Beige - For Baby Boss\",\"isPartOf\":{\"@id\":\"https:\\\/\\\/powderblue-seahorse-496884.hostingersite.com\\\/#website\"},\"primaryImageOfPage\":{\"@id\":\"https:\\\/\\\/forbabyboss.com\\\/product\\\/baby-pram-pushchair-travel-system-4in1-bw1-beige\\\/#primaryimage\"},\"image\":{\"@id\":\"https:\\\/\\\/forbabyboss.com\\\/product\\\/baby-pram-pushchair-travel-system-4in1-bw1-beige\\\/#primaryimage\"},\"thumbnailUrl\":\"https:\\\/\\\/forbabyboss.com\\\/wp-content\\\/uploads\\\/2022\\\/09\\\/Baby-Pram-Pushchair-Buggy-Stroller-Car-Seat-ISOFIX-Travel-System-3in1-4in1-BW1-Beige.jpg\",\"datePublished\":\"2022-09-20T14:19:27+00:00\",\"dateModified\":\"2023-10-03T11:15:14+00:00\",\"description\":\"Baby Pram Pushchair Travel System 4in1 - BW1 Beige\",\"breadcrumb\":{\"@id\":\"https:\\\/\\\/forbabyboss.com\\\/product\\\/baby-pram-pushchair-travel-system-4in1-bw1-beige\\\/#breadcrumb\"},\"inLanguage\":\"pt-PT\",\"potentialAction\":[{\"@type\":\"ReadAction\",\"target\":[\"https:\\\/\\\/forbabyboss.com\\\/product\\\/baby-pram-pushchair-travel-system-4in1-bw1-beige\\\/\"]}]},{\"@type\":\"ImageObject\",\"inLanguage\":\"pt-PT\",\"@id\":\"https:\\\/\\\/forbabyboss.com\\\/product\\\/baby-pram-pushchair-travel-system-4in1-bw1-beige\\\/#primaryimage\",\"url\":\"https:\\\/\\\/forbabyboss.com\\\/wp-content\\\/uploads\\\/2022\\\/09\\\/Baby-Pram-Pushchair-Buggy-Stroller-Car-Seat-ISOFIX-Travel-System-3in1-4in1-BW1-Beige.jpg\",\"contentUrl\":\"https:\\\/\\\/forbabyboss.com\\\/wp-content\\\/uploads\\\/2022\\\/09\\\/Baby-Pram-Pushchair-Buggy-Stroller-Car-Seat-ISOFIX-Travel-System-3in1-4in1-BW1-Beige.jpg\",\"width\":1200,\"height\":900},{\"@type\":\"BreadcrumbList\",\"@id\":\"https:\\\/\\\/forbabyboss.com\\\/product\\\/baby-pram-pushchair-travel-system-4in1-bw1-beige\\\/#breadcrumb\",\"itemListElement\":[{\"@type\":\"ListItem\",\"position\":1,\"name\":\"Home\",\"item\":\"https:\\\/\\\/forbabyboss.com\\\/\"},{\"@type\":\"ListItem\",\"position\":2,\"name\":\"Shop\",\"item\":\"https:\\\/\\\/forbabyboss.com\\\/shop\\\/\"},{\"@type\":\"ListItem\",\"position\":3,\"name\":\"Baby Pram Pushchair Travel System 4in1 &#8211; BW1 Beige\"}]},{\"@type\":\"WebSite\",\"@id\":\"https:\\\/\\\/powderblue-seahorse-496884.hostingersite.com\\\/#website\",\"url\":\"https:\\\/\\\/powderblue-seahorse-496884.hostingersite.com\\\/\",\"name\":\"For Baby Boss\",\"description\":\"Beautiful gifts and accessories for your baby boss\",\"potentialAction\":[{\"@type\":\"SearchAction\",\"target\":{\"@type\":\"EntryPoint\",\"urlTemplate\":\"https:\\\/\\\/powderblue-seahorse-496884.hostingersite.com\\\/?s={search_term_string}\"},\"query-input\":{\"@type\":\"PropertyValueSpecification\",\"valueRequired\":true,\"valueName\":\"search_term_string\"}}],\"inLanguage\":\"pt-PT\"}]}<\/script>\n<!-- \/ Yoast SEO plugin. -->","yoast_head_json":{"title":"Carrinho de Beb\u00ea Sistema de Viagem 4 em 1 - BW1 Bege - Para Baby Boss","description":"Carrinho de Beb\u00ea Sistema de Viagem 4 em 1 - BW1 Bege","robots":{"index":"index","follow":"follow","max-snippet":"max-snippet:-1","max-image-preview":"max-image-preview:large","max-video-preview":"max-video-preview:-1"},"canonical":"https:\/\/forbabyboss.com\/pt\/produto\/carrinho-de-bebe-sistema-de-viagem-4-em-1-bw1-bege\/","og_locale":"pt_PT","og_type":"article","og_title":"Baby Pram Pushchair Travel System 4in1 - BW1 Beige - For Baby Boss","og_description":"Baby Pram Pushchair Travel System 4in1 - BW1 Beige","og_url":"https:\/\/forbabyboss.com\/pt\/produto\/carrinho-de-bebe-sistema-de-viagem-4-em-1-bw1-bege\/","og_site_name":"For Baby Boss","article_modified_time":"2023-10-03T11:15:14+00:00","og_image":[{"width":1200,"height":900,"url":"https:\/\/forbabyboss.com\/wp-content\/uploads\/2022\/09\/Baby-Pram-Pushchair-Buggy-Stroller-Car-Seat-ISOFIX-Travel-System-3in1-4in1-BW1-Beige.jpg","type":"image\/jpeg"}],"twitter_card":"summary_large_image","twitter_misc":{"Tempo estimado de leitura":"3 minutos"},"schema":{"@context":"https:\/\/schema.org","@graph":[{"@type":"WebPage","@id":"https:\/\/forbabyboss.com\/product\/baby-pram-pushchair-travel-system-4in1-bw1-beige\/","url":"https:\/\/forbabyboss.com\/product\/baby-pram-pushchair-travel-system-4in1-bw1-beige\/","name":"Carrinho de Beb\u00ea Sistema de Viagem 4 em 1 - BW1 Bege - Para Baby Boss","isPartOf":{"@id":"https:\/\/powderblue-seahorse-496884.hostingersite.com\/#website"},"primaryImageOfPage":{"@id":"https:\/\/forbabyboss.com\/product\/baby-pram-pushchair-travel-system-4in1-bw1-beige\/#primaryimage"},"image":{"@id":"https:\/\/forbabyboss.com\/product\/baby-pram-pushchair-travel-system-4in1-bw1-beige\/#primaryimage"},"thumbnailUrl":"https:\/\/forbabyboss.com\/wp-content\/uploads\/2022\/09\/Baby-Pram-Pushchair-Buggy-Stroller-Car-Seat-ISOFIX-Travel-System-3in1-4in1-BW1-Beige.jpg","datePublished":"2022-09-20T14:19:27+00:00","dateModified":"2023-10-03T11:15:14+00:00","description":"Carrinho de Beb\u00ea Sistema de Viagem 4 em 1 - BW1 Bege","breadcrumb":{"@id":"https:\/\/forbabyboss.com\/product\/baby-pram-pushchair-travel-system-4in1-bw1-beige\/#breadcrumb"},"inLanguage":"pt-PT","potentialAction":[{"@type":"ReadAction","target":["https:\/\/forbabyboss.com\/product\/baby-pram-pushchair-travel-system-4in1-bw1-beige\/"]}]},{"@type":"ImageObject","inLanguage":"pt-PT","@id":"https:\/\/forbabyboss.com\/product\/baby-pram-pushchair-travel-system-4in1-bw1-beige\/#primaryimage","url":"https:\/\/forbabyboss.com\/wp-content\/uploads\/2022\/09\/Baby-Pram-Pushchair-Buggy-Stroller-Car-Seat-ISOFIX-Travel-System-3in1-4in1-BW1-Beige.jpg","contentUrl":"https:\/\/forbabyboss.com\/wp-content\/uploads\/2022\/09\/Baby-Pram-Pushchair-Buggy-Stroller-Car-Seat-ISOFIX-Travel-System-3in1-4in1-BW1-Beige.jpg","width":1200,"height":900},{"@type":"BreadcrumbList","@id":"https:\/\/forbabyboss.com\/product\/baby-pram-pushchair-travel-system-4in1-bw1-beige\/#breadcrumb","itemListElement":[{"@type":"ListItem","position":1,"name":"Home","item":"https:\/\/forbabyboss.com\/"},{"@type":"ListItem","position":2,"name":"Shop","item":"https:\/\/forbabyboss.com\/shop\/"},{"@type":"ListItem","position":3,"name":"Baby Pram Pushchair Travel System 4in1 &#8211; BW1 Beige"}]},{"@type":"WebSite","@id":"https:\/\/powderblue-seahorse-496884.hostingersite.com\/#website","url":"https:\/\/powderblue-seahorse-496884.hostingersite.com\/","name":"Para o Baby Boss","description":"Bonitos presentes e acess\u00f3rios para o seu chefe beb\u00e9","potentialAction":[{"@type":"SearchAction","target":{"@type":"EntryPoint","urlTemplate":"https:\/\/powderblue-seahorse-496884.hostingersite.com\/?s={search_term_string}"},"query-input":{"@type":"PropertyValueSpecification","valueRequired":true,"valueName":"search_term_string"}}],"inLanguage":"pt-PT"}]}},"_links":{"self":[{"href":"https:\/\/forbabyboss.com\/pt\/wp-json\/wp\/v2\/product\/3971","targetHints":{"allow":["GET"]}}],"collection":[{"href":"https:\/\/forbabyboss.com\/pt\/wp-json\/wp\/v2\/product"}],"about":[{"href":"https:\/\/forbabyboss.com\/pt\/wp-json\/wp\/v2\/types\/product"}],"wp:featuredmedia":[{"embeddable":true,"href":"https:\/\/forbabyboss.com\/pt\/wp-json\/wp\/v2\/media\/3972"}],"wp:attachment":[{"href":"https:\/\/forbabyboss.com\/pt\/wp-json\/wp\/v2\/media?parent=3971"}],"wp:term":[{"taxonomy":"product_brand","embeddable":true,"href":"https:\/\/forbabyboss.com\/pt\/wp-json\/wp\/v2\/product_brand?post=3971"},{"taxonomy":"product_cat","embeddable":true,"href":"https:\/\/forbabyboss.com\/pt\/wp-json\/wp\/v2\/product_cat?post=3971"},{"taxonomy":"product_tag","embeddable":true,"href":"https:\/\/forbabyboss.com\/pt\/wp-json\/wp\/v2\/product_tag?post=3971"}],"curies":[{"name":"wp","href":"https:\/\/api.w.org\/{rel}","templated":true}]}}