{"id":4065,"date":"2022-09-07T10:09:43","date_gmt":"2022-09-07T10:09:43","guid":{"rendered":"http:\/\/forbabyboss.com\/?post_type=product&#038;p=4065"},"modified":"2026-02-21T15:00:58","modified_gmt":"2026-02-21T15:00:58","slug":"carrinho-de-bebe-4-em-1-modelo-2021-na-cor-bege","status":"publish","type":"product","link":"https:\/\/forbabyboss.com\/pt\/product\/baby-pram-2021-pushchair-4in1-in-beige\/","title":{"rendered":"Carrinho de Beb\u00ea 2021 4 em 1 na cor Bege"},"content":{"rendered":"<p style=\"text-align: justify;\"><strong><span style=\"color: #282828; font-size: 100%;\">O Bexa Air foi especialmente projetado para pais que buscam um produto dur\u00e1vel. Dependendo das necessidades e da idade da crian\u00e7a, o Bexa Air pode funcionar como carrinho de beb\u00ea ou carrinho de passeio. Sua estrutura leve de alum\u00ednio facilita muito o transporte. Ele foi projetado para transportar seu beb\u00ea ou crian\u00e7a pequena com o m\u00e1ximo conforto. O revestimento do carrinho \u00e9 feito com materiais impregnados da mais alta qualidade, seguros para crian\u00e7as.<\/span><\/strong><\/p>\n<p style=\"text-align: justify;\"><strong><span style=\"color: #282828; font-size: 100%;\">Os carrinhos de beb\u00ea Bexa Air s\u00e3o inteiramente projetados e fabricados na Europa, utilizando apenas materiais de alta qualidade.<span style=\"font-family: 'Josefin Sans', Tahoma, sans-serif, Arial;\">O Bexa Air foi especialmente projetado para pais que buscam um produto dur\u00e1vel. Dependendo das necessidades e da idade da crian\u00e7a, o Bexa Air pode funcionar como carrinho de beb\u00ea ou carrinho de passeio. Sua estrutura leve de alum\u00ednio facilita muito o transporte. Ele foi projetado para transportar seu beb\u00ea ou crian\u00e7a pequena com o m\u00e1ximo conforto. O revestimento do carrinho \u00e9 feito com materiais impregnados da mais alta qualidade, seguros para crian\u00e7as.<\/span><\/span><\/strong><\/p>\n<p style=\"text-align: justify;\"><strong><span style=\"color: #282828; font-family: 'Josefin Sans', Tahoma, sans-serif, Arial; font-size: 100%;\">Os carrinhos de beb\u00ea Bexa Air s\u00e3o inteiramente projetados e fabricados na Europa, utilizando apenas materiais de alta qualidade.<\/span><\/strong><\/p>\n<p style=\"text-align: justify;\"><strong><span style=\"font-size: 100%; color: #282828;\">Projetada para transportar seu beb\u00ea ou crian\u00e7a pequena com conforto desde o nascimento at\u00e9 os 3 anos de idade ou de 0 a 15 kg.<\/span><\/strong><\/p>\n<p style=\"text-align: justify;\"><strong><span style=\"color: #282828; font-size: 100%;\">Fabricado na Europa com materiais de alta qualidade, estrutura leve de alum\u00ednio e design moderno.<br \/>\n<\/span><\/strong><\/p>\n<p style=\"text-align: justify;\" align=\"center\"><strong><span style=\"font-size: 100%; color: #282828;\">Aprovado pela norma europeia EN 1888:2012. Estrutura leve em alum\u00ednio com amortecedor ajust\u00e1vel, o que facilita muito a condu\u00e7\u00e3o. O revestimento do carrinho \u00e9 feito com materiais impregnados da mais alta qualidade, seguros para crian\u00e7as. Os materiais n\u00e3o desbotam, s\u00e3o imperme\u00e1veis e proporcionam uma temperatura interna ideal, adaptando-se \u00e0s condi\u00e7\u00f5es clim\u00e1ticas. Os forros e capas remov\u00edveis s\u00e3o preenchidos com algod\u00e3o hipoalerg\u00eanico.<\/span><\/strong><\/p>\n<p style=\"text-align: justify;\" align=\"center\"><strong><span style=\"color: #282828;\"><span style=\"font-size: medium;\"><span style=\"color: #e14d43;\">Especifica\u00e7\u00f5es do produto<\/span>:<\/span><span style=\"font-size: medium;\">\u00a0<\/span><\/span><\/strong><\/p>\n<p style=\"text-align: justify;\"><strong><span style=\"color: #282828;\">\u2013 a possibilidade de transportar a g\u00f4ndola pela al\u00e7a na cabine;<\/span><\/strong><\/p>\n<p style=\"text-align: justify;\"><strong><span style=\"color: #282828;\">\u2013 o fundo da g\u00f4ndola \u00e9 feito de pl\u00e1stico;<\/span><\/strong><\/p>\n<p style=\"text-align: justify;\"><strong><span style=\"color: #282828;\">-g\u00f4ndola com acabamento em couro ecol\u00f3gico;<\/span><\/strong><\/p>\n<p style=\"text-align: justify;\"><strong><span style=\"color: #282828;\">\u2013 mochila para a m\u00e3e;<\/span><\/strong><\/p>\n<p style=\"text-align: justify;\"><strong><span style=\"color: #282828;\">-uma g\u00f4ndola espa\u00e7osa com ventila\u00e7\u00e3o;<\/span><\/strong><\/p>\n<p style=\"text-align: justify;\"><strong><span style=\"color: #282828;\">\u2013 moldura desdobrada 78x58x99-115 cm;<\/span><\/strong><\/p>\n<p style=\"text-align: justify;\"><strong><span style=\"color: #282828;\">\u2013 Ajuste externo do encosto na g\u00f4ndola e no carrinho de beb\u00ea;<\/span><\/strong><\/p>\n<p style=\"text-align: justify;\"><strong><span style=\"color: #282828;\">\u2013 Dimens\u00f5es da estrutura dobrada: 78x58x30 cm; sem rodas: 72x50x30 cm;<\/span><\/strong><\/p>\n<p style=\"text-align: justify;\"><strong><span style=\"color: #282828;\">\u2013 revestimento remov\u00edvel do interior da g\u00f4ndola;<\/span><\/strong><\/p>\n<p style=\"text-align: justify;\"><strong><span style=\"color: #282828;\">- Interior da g\u00f4ndola 76x35x22 cm;<\/span><\/strong><\/p>\n<p style=\"text-align: justify;\"><strong><span style=\"color: #282828;\">\u2013 colch\u00e3o com coco 75 cm x 35 cm;<\/span><\/strong><\/p>\n<p style=\"text-align: justify;\"><strong><span style=\"color: #282828;\">-Peso da estrutura com rodas: aproximadamente 9 kg;<\/span><\/strong><\/p>\n<p style=\"text-align: justify;\"><strong><span style=\"color: #282828;\">\u2013 regula\u00e7\u00e3o de cabines em v\u00e1rios est\u00e1gios;<\/span><\/strong><\/p>\n<p style=\"text-align: justify;\"><strong><span style=\"color: #282828;\">\u2013 Rodas de gel de 12 polegadas na traseira e 10 polegadas na dianteira;<\/span><\/strong><\/p>\n<p style=\"text-align: justify;\"><strong><span style=\"color: #282828;\">\u2013 altura da parte inferior da g\u00f4ndola em rela\u00e7\u00e3o ao solo: 61 cm;<\/span><\/strong><\/p>\n<p style=\"text-align: justify;\"><strong><span style=\"color: #282828;\">-O peso da g\u00f4ndola \u00e9 de aproximadamente 5 kg;<\/span><\/strong><\/p>\n<p style=\"text-align: justify;\"><strong><span style=\"color: #282828;\">-Assento do carrinho 34\u00d726 cm, apoio para os p\u00e9s 17 cm, encosto 47 cm;<\/span><\/strong><\/p>\n<p style=\"text-align: justify;\"><strong><span style=\"color: #282828;\">\u2013 o carrinho de beb\u00ea pesa cerca de 4 kg;<\/span><\/strong><\/p>\n<p><strong><span style=\"color: #282828;\"><span style=\"color: #e14d43;\">Cadeirinha de carro confort\u00e1vel<\/span>:<\/span><\/strong><\/p>\n<p><strong><span style=\"font-size: medium; color: #282828;\">Grupo 0-13 kg:<\/span><\/strong><\/p>\n<p><strong><span style=\"font-size: medium; color: #282828;\">Aprova\u00e7\u00e3o europeia ECE R44\/04<\/span><\/strong><\/p>\n<p><strong><span style=\"font-size: medium; color: #282828;\">Montado na base da estrutura por meio de adaptadores.<\/span><\/strong><\/p>\n<p><strong><span style=\"font-size: medium; color: #282828;\">cinto de seguran\u00e7a de 3 pontos<\/span><\/strong><\/p>\n<p><strong><span style=\"font-size: medium; color: #282828;\">Almofada extra para rec\u00e9m-nascido<\/span><\/strong><\/p>\n<p><strong><span style=\"font-size: medium; color: #282828;\">capa para assento de carro<\/span><\/strong><\/p>\n<p><strong><span style=\"font-size: medium; color: #282828;\">Al\u00e7a ajust\u00e1vel para transporte<\/span><\/strong><\/p>\n<p><strong><span style=\"font-size: medium; color: #282828;\">Cobertura remov\u00edvel para o cap\u00f4<\/span><\/strong><\/p>\n<p><strong><span style=\"font-size: medium; color: #282828;\">Cintos de seguran\u00e7a com altura ajust\u00e1vel<\/span><\/strong><\/p>\n<p><strong><span style=\"font-size: medium; color: #282828;\">Modo voltado para a frente ou para tr\u00e1s<\/span><\/strong><\/p>\n<p><strong><span style=\"font-size: medium; color: #282828;\">Equipado com ISOFIX*<\/span><\/strong><\/p>\n<p><strong><span style=\"color: #282828;\"><span style=\"font-size: medium;\"><span style=\"color: #e14d43;\">BASE SOFIX<\/span>*<\/span><\/span><\/strong><\/p>\n<p><strong><span style=\"font-size: medium; color: #282828;\">Cor: Preto\/Cinza<\/span><\/strong><\/p>\n<p><strong><span style=\"font-size: medium; color: #282828;\">Adequado desde o nascimento.<\/span><\/strong><\/p>\n<p><strong><span style=\"font-size: medium; color: #282828;\">Fixa-se diretamente ao chassi do carro utilizando os pontos de fixa\u00e7\u00e3o ISOFIX do ve\u00edculo.<\/span><\/strong><\/p>\n<p><strong><span style=\"font-size: medium; color: #282828;\">Tamb\u00e9m pode ser fixado usando o cinto de seguran\u00e7a do ve\u00edculo.<\/span><\/strong><\/p>\n<p><strong><span style=\"font-size: medium; color: #282828;\">Compat\u00edvel com as cadeiras auto<\/span><\/strong><\/p>\n<p><strong><span style=\"font-size: medium; color: #282828;\">F\u00e1cil de instalar<\/span><\/strong><\/p>\n<p><strong><span style=\"font-size: medium; color: #282828;\">Seguro e protegido<\/span><\/strong><\/p>\n<p><strong><span style=\"font-size: medium; color: #282828;\">Minimiza a confus\u00e3o<\/span><\/strong><\/p>\n<p><strong><span style=\"font-size: medium; color: #282828;\">Reduz a probabilidade de acordar o beb\u00ea ao transferi-lo do carro para casa.<\/span><\/strong><\/p>\n<p><strong><span style=\"font-size: medium; color: #282828;\">A perna de apoio proporciona estabilidade e seguran\u00e7a m\u00e1ximas, al\u00e9m de ser facilmente ajust\u00e1vel para um encaixe perfeito.<\/span><\/strong><\/p>\n<p><strong><span style=\"font-size: medium; color: #282828;\">Os indicadores de cor confirmam a instala\u00e7\u00e3o correta da base no ve\u00edculo.<\/span><\/strong><\/p>\n<p style=\"text-align: left;\" align=\"center\"><strong><span style=\"font-size: medium; color: #282828;\"><span style=\"color: #e14d43;\">Pre\u00e7o inclu\u00eddo<\/span>:<br \/>\n<\/span><\/strong><\/p>\n<p><strong><span style=\"color: #282828;\">O conjunto 2 em 1 inclui: estrutura de alum\u00ednio preta com dupla absor\u00e7\u00e3o de impacto,\u00a0<\/span><\/strong><\/p>\n<p><strong><span style=\"color: #282828;\">rodas de gel,<\/span><\/strong><\/p>\n<p><strong><span style=\"color: #282828;\">cesta de compras fechada com z\u00edper;\u00a0<\/span><\/strong><\/p>\n<p><strong><span style=\"color: #282828;\">uma g\u00f4ndola com cobertura,\u00a0<\/span><\/strong><\/p>\n<p><strong><span style=\"color: #282828;\">um carrinho de beb\u00ea com cobertura para as pernas;<\/span><\/strong><\/p>\n<p><strong><span style=\"color: #282828;\">Mochila pr\u00e1tica para acess\u00f3rios;\u00a0<\/span><\/strong><\/p>\n<p><strong><span style=\"color: #282828;\">capa de chuva; mosquiteiro;<\/span><\/strong><\/p>\n<p style=\"text-align: left;\" align=\"center\"><strong><span style=\"font-size: medium; color: #282828;\">Base Isofix (opcional)<\/span><\/strong><\/p>\n<p><strong><span style=\"font-size: medium; color: #282828;\">Garantia de 24 meses<\/span><\/strong><\/p>\n<p><a href=\"http:\/\/forbabyboss.com\/wp-content\/uploads\/2022\/09\/checkout.png\"><img loading=\"lazy\" decoding=\"async\" class=\"alignnone size-full wp-image-5965\" src=\"http:\/\/forbabyboss.com\/wp-content\/uploads\/2022\/09\/checkout.png\" alt=\"\" width=\"750\" height=\"276\" srcset=\"https:\/\/forbabyboss.com\/wp-content\/uploads\/2022\/09\/checkout.png 750w, https:\/\/forbabyboss.com\/wp-content\/uploads\/2022\/09\/checkout-600x221.png 600w\" sizes=\"auto, (max-width: 750px) 100vw, 750px\" \/><\/a><\/p>","protected":false},"excerpt":{"rendered":"<p>&nbsp;<\/p>\n<p><a href=\"http:\/\/forbabyboss.com\/wp-content\/uploads\/2022\/09\/Star-Rating-5.png\"><img loading=\"lazy\" decoding=\"async\" class=\"alignnone wp-image-5973 aligncenter\" src=\"http:\/\/forbabyboss.com\/wp-content\/uploads\/2022\/09\/Star-Rating-5.png\" alt=\"\" width=\"299\" height=\"49\" \/><\/a><\/p>\n<p style=\"text-align: center;\"><span style=\"color: #e14d43; font-size: 115%;\"><strong>GARANTIA DE MELHORA DE PRE\u00c7O<\/strong><\/span><\/p>\n<p style=\"text-align: center;\"><span style=\"font-size: 115%;\"><span style=\"color: #003366;\">Entrega gr\u00e1tis\u00a0<\/span>\u2013 2 a 7 dias<\/span><\/p>\n<p style=\"text-align: center;\"><span style=\"color: #008000; font-size: 115%;\"><strong>Brinde gr\u00e1tis em compras acima de \u00a3100<\/strong><\/span><\/p>","protected":false},"featured_media":4066,"template":"","meta":[],"product_brand":[587],"product_cat":[340,157,156,197,305,158,130,209,211],"product_tag":[200,199],"class_list":{"0":"post-4065","1":"product","2":"type-product","3":"status-publish","4":"has-post-thumbnail","6":"product_brand-bexa","7":"product_cat-800-to-900","8":"product_cat-2-in-1","9":"product_cat-3-in-1","10":"product_cat-4-in-1-pram","11":"product_cat-colour","12":"product_cat-new-collection","13":"product_cat-prams","14":"product_cat-push-chairs","15":"product_cat-stroller","16":"product_tag-4-in-1-pram","17":"product_tag-prams","19":"first","20":"instock","21":"sale","22":"shipping-taxable","23":"purchasable","24":"product-type-simple"},"yoast_head":"<!-- This site is optimized with the Yoast SEO plugin v27.6 - https:\/\/yoast.com\/product\/yoast-seo-wordpress\/ -->\n<title>Baby Pram 2021 Pushchair 4in1 in Beige - For Baby Boss<\/title>\n<meta name=\"description\" content=\"Baby Pram 2021 Pushchair 4in1 in Beige\" \/>\n<meta name=\"robots\" content=\"index, follow, max-snippet:-1, max-image-preview:large, max-video-preview:-1\" \/>\n<link rel=\"canonical\" href=\"https:\/\/forbabyboss.com\/pt\/produto\/carrinho-de-bebe-4-em-1-modelo-2021-na-cor-bege\/\" \/>\n<meta property=\"og:locale\" content=\"pt_PT\" \/>\n<meta property=\"og:type\" content=\"article\" \/>\n<meta property=\"og:title\" content=\"Baby Pram 2021 Pushchair 4in1 in Beige - For Baby Boss\" \/>\n<meta property=\"og:description\" content=\"Baby Pram 2021 Pushchair 4in1 in Beige\" \/>\n<meta property=\"og:url\" content=\"https:\/\/forbabyboss.com\/pt\/produto\/carrinho-de-bebe-4-em-1-modelo-2021-na-cor-bege\/\" \/>\n<meta property=\"og:site_name\" content=\"For Baby Boss\" \/>\n<meta property=\"article:modified_time\" content=\"2026-02-21T15:00:58+00:00\" \/>\n<meta property=\"og:image\" content=\"https:\/\/forbabyboss.com\/wp-content\/uploads\/2022\/09\/Baby-Pram-Bexa-AIR-2021-Pushchair-Buggy-Stroller-Car-Seat-Travel-System-4in1-Yellow-1.jpg\" \/>\n\t<meta property=\"og:image:width\" content=\"1020\" \/>\n\t<meta property=\"og:image:height\" content=\"1020\" \/>\n\t<meta property=\"og:image:type\" content=\"image\/jpeg\" \/>\n<meta name=\"twitter:card\" content=\"summary_large_image\" \/>\n<meta name=\"twitter:label1\" content=\"Tempo estimado de leitura\" \/>\n\t<meta name=\"twitter:data1\" content=\"3 minutos\" \/>\n<script type=\"application\/ld+json\" class=\"yoast-schema-graph\">{\"@context\":\"https:\\\/\\\/schema.org\",\"@graph\":[{\"@type\":\"WebPage\",\"@id\":\"https:\\\/\\\/forbabyboss.com\\\/product\\\/baby-pram-2021-pushchair-4in1-in-beige\\\/\",\"url\":\"https:\\\/\\\/forbabyboss.com\\\/product\\\/baby-pram-2021-pushchair-4in1-in-beige\\\/\",\"name\":\"Baby Pram 2021 Pushchair 4in1 in Beige - For Baby Boss\",\"isPartOf\":{\"@id\":\"https:\\\/\\\/powderblue-seahorse-496884.hostingersite.com\\\/#website\"},\"primaryImageOfPage\":{\"@id\":\"https:\\\/\\\/forbabyboss.com\\\/product\\\/baby-pram-2021-pushchair-4in1-in-beige\\\/#primaryimage\"},\"image\":{\"@id\":\"https:\\\/\\\/forbabyboss.com\\\/product\\\/baby-pram-2021-pushchair-4in1-in-beige\\\/#primaryimage\"},\"thumbnailUrl\":\"https:\\\/\\\/forbabyboss.com\\\/wp-content\\\/uploads\\\/2022\\\/09\\\/Baby-Pram-Bexa-AIR-2021-Pushchair-Buggy-Stroller-Car-Seat-Travel-System-4in1-Yellow-1.jpg\",\"datePublished\":\"2022-09-07T10:09:43+00:00\",\"dateModified\":\"2026-02-21T15:00:58+00:00\",\"description\":\"Baby Pram 2021 Pushchair 4in1 in Beige\",\"breadcrumb\":{\"@id\":\"https:\\\/\\\/forbabyboss.com\\\/product\\\/baby-pram-2021-pushchair-4in1-in-beige\\\/#breadcrumb\"},\"inLanguage\":\"pt-PT\",\"potentialAction\":[{\"@type\":\"ReadAction\",\"target\":[\"https:\\\/\\\/forbabyboss.com\\\/product\\\/baby-pram-2021-pushchair-4in1-in-beige\\\/\"]}]},{\"@type\":\"ImageObject\",\"inLanguage\":\"pt-PT\",\"@id\":\"https:\\\/\\\/forbabyboss.com\\\/product\\\/baby-pram-2021-pushchair-4in1-in-beige\\\/#primaryimage\",\"url\":\"https:\\\/\\\/forbabyboss.com\\\/wp-content\\\/uploads\\\/2022\\\/09\\\/Baby-Pram-Bexa-AIR-2021-Pushchair-Buggy-Stroller-Car-Seat-Travel-System-4in1-Yellow-1.jpg\",\"contentUrl\":\"https:\\\/\\\/forbabyboss.com\\\/wp-content\\\/uploads\\\/2022\\\/09\\\/Baby-Pram-Bexa-AIR-2021-Pushchair-Buggy-Stroller-Car-Seat-Travel-System-4in1-Yellow-1.jpg\",\"width\":1020,\"height\":1020},{\"@type\":\"BreadcrumbList\",\"@id\":\"https:\\\/\\\/forbabyboss.com\\\/product\\\/baby-pram-2021-pushchair-4in1-in-beige\\\/#breadcrumb\",\"itemListElement\":[{\"@type\":\"ListItem\",\"position\":1,\"name\":\"Home\",\"item\":\"https:\\\/\\\/forbabyboss.com\\\/\"},{\"@type\":\"ListItem\",\"position\":2,\"name\":\"Shop\",\"item\":\"https:\\\/\\\/forbabyboss.com\\\/shop\\\/\"},{\"@type\":\"ListItem\",\"position\":3,\"name\":\"Baby Pram 2021 Pushchair 4in1 in Beige\"}]},{\"@type\":\"WebSite\",\"@id\":\"https:\\\/\\\/powderblue-seahorse-496884.hostingersite.com\\\/#website\",\"url\":\"https:\\\/\\\/powderblue-seahorse-496884.hostingersite.com\\\/\",\"name\":\"For Baby Boss\",\"description\":\"Beautiful gifts and accessories for your baby boss\",\"potentialAction\":[{\"@type\":\"SearchAction\",\"target\":{\"@type\":\"EntryPoint\",\"urlTemplate\":\"https:\\\/\\\/powderblue-seahorse-496884.hostingersite.com\\\/?s={search_term_string}\"},\"query-input\":{\"@type\":\"PropertyValueSpecification\",\"valueRequired\":true,\"valueName\":\"search_term_string\"}}],\"inLanguage\":\"pt-PT\"}]}<\/script>\n<!-- \/ Yoast SEO plugin. -->","yoast_head_json":{"title":"Carrinho de Beb\u00ea 2021 4 em 1 Bege - Para Baby Boss","description":"Carrinho de Beb\u00ea 2021 4 em 1 na cor Bege","robots":{"index":"index","follow":"follow","max-snippet":"max-snippet:-1","max-image-preview":"max-image-preview:large","max-video-preview":"max-video-preview:-1"},"canonical":"https:\/\/forbabyboss.com\/pt\/produto\/carrinho-de-bebe-4-em-1-modelo-2021-na-cor-bege\/","og_locale":"pt_PT","og_type":"article","og_title":"Baby Pram 2021 Pushchair 4in1 in Beige - For Baby Boss","og_description":"Baby Pram 2021 Pushchair 4in1 in Beige","og_url":"https:\/\/forbabyboss.com\/pt\/produto\/carrinho-de-bebe-4-em-1-modelo-2021-na-cor-bege\/","og_site_name":"For Baby Boss","article_modified_time":"2026-02-21T15:00:58+00:00","og_image":[{"width":1020,"height":1020,"url":"https:\/\/forbabyboss.com\/wp-content\/uploads\/2022\/09\/Baby-Pram-Bexa-AIR-2021-Pushchair-Buggy-Stroller-Car-Seat-Travel-System-4in1-Yellow-1.jpg","type":"image\/jpeg"}],"twitter_card":"summary_large_image","twitter_misc":{"Tempo estimado de leitura":"3 minutos"},"schema":{"@context":"https:\/\/schema.org","@graph":[{"@type":"WebPage","@id":"https:\/\/forbabyboss.com\/product\/baby-pram-2021-pushchair-4in1-in-beige\/","url":"https:\/\/forbabyboss.com\/product\/baby-pram-2021-pushchair-4in1-in-beige\/","name":"Carrinho de Beb\u00ea 2021 4 em 1 Bege - Para Baby Boss","isPartOf":{"@id":"https:\/\/powderblue-seahorse-496884.hostingersite.com\/#website"},"primaryImageOfPage":{"@id":"https:\/\/forbabyboss.com\/product\/baby-pram-2021-pushchair-4in1-in-beige\/#primaryimage"},"image":{"@id":"https:\/\/forbabyboss.com\/product\/baby-pram-2021-pushchair-4in1-in-beige\/#primaryimage"},"thumbnailUrl":"https:\/\/forbabyboss.com\/wp-content\/uploads\/2022\/09\/Baby-Pram-Bexa-AIR-2021-Pushchair-Buggy-Stroller-Car-Seat-Travel-System-4in1-Yellow-1.jpg","datePublished":"2022-09-07T10:09:43+00:00","dateModified":"2026-02-21T15:00:58+00:00","description":"Carrinho de Beb\u00ea 2021 4 em 1 na cor Bege","breadcrumb":{"@id":"https:\/\/forbabyboss.com\/product\/baby-pram-2021-pushchair-4in1-in-beige\/#breadcrumb"},"inLanguage":"pt-PT","potentialAction":[{"@type":"ReadAction","target":["https:\/\/forbabyboss.com\/product\/baby-pram-2021-pushchair-4in1-in-beige\/"]}]},{"@type":"ImageObject","inLanguage":"pt-PT","@id":"https:\/\/forbabyboss.com\/product\/baby-pram-2021-pushchair-4in1-in-beige\/#primaryimage","url":"https:\/\/forbabyboss.com\/wp-content\/uploads\/2022\/09\/Baby-Pram-Bexa-AIR-2021-Pushchair-Buggy-Stroller-Car-Seat-Travel-System-4in1-Yellow-1.jpg","contentUrl":"https:\/\/forbabyboss.com\/wp-content\/uploads\/2022\/09\/Baby-Pram-Bexa-AIR-2021-Pushchair-Buggy-Stroller-Car-Seat-Travel-System-4in1-Yellow-1.jpg","width":1020,"height":1020},{"@type":"BreadcrumbList","@id":"https:\/\/forbabyboss.com\/product\/baby-pram-2021-pushchair-4in1-in-beige\/#breadcrumb","itemListElement":[{"@type":"ListItem","position":1,"name":"Home","item":"https:\/\/forbabyboss.com\/"},{"@type":"ListItem","position":2,"name":"Shop","item":"https:\/\/forbabyboss.com\/shop\/"},{"@type":"ListItem","position":3,"name":"Baby Pram 2021 Pushchair 4in1 in Beige"}]},{"@type":"WebSite","@id":"https:\/\/powderblue-seahorse-496884.hostingersite.com\/#website","url":"https:\/\/powderblue-seahorse-496884.hostingersite.com\/","name":"Para o Baby Boss","description":"Bonitos presentes e acess\u00f3rios para o seu chefe beb\u00e9","potentialAction":[{"@type":"SearchAction","target":{"@type":"EntryPoint","urlTemplate":"https:\/\/powderblue-seahorse-496884.hostingersite.com\/?s={search_term_string}"},"query-input":{"@type":"PropertyValueSpecification","valueRequired":true,"valueName":"search_term_string"}}],"inLanguage":"pt-PT"}]}},"_links":{"self":[{"href":"https:\/\/forbabyboss.com\/pt\/wp-json\/wp\/v2\/product\/4065","targetHints":{"allow":["GET"]}}],"collection":[{"href":"https:\/\/forbabyboss.com\/pt\/wp-json\/wp\/v2\/product"}],"about":[{"href":"https:\/\/forbabyboss.com\/pt\/wp-json\/wp\/v2\/types\/product"}],"wp:featuredmedia":[{"embeddable":true,"href":"https:\/\/forbabyboss.com\/pt\/wp-json\/wp\/v2\/media\/4066"}],"wp:attachment":[{"href":"https:\/\/forbabyboss.com\/pt\/wp-json\/wp\/v2\/media?parent=4065"}],"wp:term":[{"taxonomy":"product_brand","embeddable":true,"href":"https:\/\/forbabyboss.com\/pt\/wp-json\/wp\/v2\/product_brand?post=4065"},{"taxonomy":"product_cat","embeddable":true,"href":"https:\/\/forbabyboss.com\/pt\/wp-json\/wp\/v2\/product_cat?post=4065"},{"taxonomy":"product_tag","embeddable":true,"href":"https:\/\/forbabyboss.com\/pt\/wp-json\/wp\/v2\/product_tag?post=4065"}],"curies":[{"name":"wp","href":"https:\/\/api.w.org\/{rel}","templated":true}]}}