{"id":4190,"date":"2022-09-07T15:06:14","date_gmt":"2022-09-07T15:06:14","guid":{"rendered":"http:\/\/forbabyboss.com\/?post_type=product&#038;p=4190"},"modified":"2026-02-21T15:18:04","modified_gmt":"2026-02-21T15:18:04","slug":"carrinho-de-bebe-beetto-travel-system-4-em-1-com-estrutura-cinza-escura","status":"publish","type":"product","link":"https:\/\/forbabyboss.com\/pt\/product\/baby-pram-pushchair-bebetto-travel-system-4in1-in-dark-green-grey-frame\/","title":{"rendered":"Carrinho de Beb\u00ea Bebetto Travel System 4 em 1 com Estrutura Cinza Escuro"},"content":{"rendered":"<h2 style=\"text-align: justify;\" align=\"center\"><strong><span style=\"color: #e14d43;\"><span style=\"font-family: Arial;\">Luca \u2013 Elegante e Funcional\u00a0<\/span><\/span><\/strong><\/h2>\n<p style=\"text-align: justify;\" align=\"center\"><strong><span style=\"font-family: Arial;\">Luca \u00e9 a prova de que \u00e9 poss\u00edvel unir multifuncionalidade e design elegante. O estofamento atraente, com cores suaves e diversos detalhes em couro ecol\u00f3gico marrom, chama a aten\u00e7\u00e3o pelo seu design \u00fanico. Leve e com sistema de dobragem f\u00e1cil, \u00e9 a escolha ideal para quem busca solu\u00e7\u00f5es pr\u00e1ticas.<\/span><\/strong><\/p>\n<p style=\"text-align: justify;\"><strong>Fabricado na Europa com materiais de alta qualidade, este carrinho de beb\u00ea leve possui um design moderno.<\/strong><\/p>\n<h4><strong><span style=\"color: #e14d43;\">PRE\u00c7O INCLUSO<\/span> :<\/strong><\/h4>\n<p style=\"text-align: justify;\"><strong>\u2013 Estrutura de alum\u00ednio<\/strong><\/p>\n<p style=\"text-align: justify;\"><strong>\u2013 4 rodas<\/strong><\/p>\n<p style=\"text-align: justify;\"><strong>\u2013 Carrinho de beb\u00ea<\/strong><\/p>\n<p style=\"text-align: justify;\"><strong>\u2013 Capa e colch\u00e3o para carrinho de beb\u00ea<\/strong><\/p>\n<p style=\"text-align: justify;\"><strong>\u2013 Capa de chuva<\/strong><\/p>\n<p style=\"text-align: justify;\"><strong>\u2013 Mosquiteiro<\/strong><\/p>\n<p style=\"text-align: justify;\"><strong>\u2013 Bolsa moderna<\/strong><\/p>\n<p style=\"text-align: justify;\"><strong>\u2013 Cesta de compras<\/strong><\/p>\n<p style=\"text-align: justify;\"><strong>\u2013 Porta-copos<\/strong><\/p>\n<p style=\"text-align: justify;\"><strong>\u2013 Garantia de 24 meses<\/strong><\/p>\n<p style=\"text-align: justify;\"><strong>\u2013 Carrinho de beb\u00ea<\/strong><\/p>\n<p style=\"text-align: justify;\"><strong>\u2013 *Cadeirinha de carro (opcional)<\/strong><\/p>\n<p style=\"text-align: justify;\"><strong>\u2013 *Base Isofix (opcional)<\/strong><\/p>\n<div>\n<div><span style=\"color: #e14d43;\"><strong>Dobrado, ocupa um espa\u00e7o de 75x59x36cm.<\/strong><\/span><\/div>\n<div><\/div>\n<div><span style=\"color: #e14d43;\"><strong>*Dimens\u00f5es: comprimento, largura, altura, peso.<\/strong><\/span><\/div>\n<div><img decoding=\"async\" src=\"https:\/\/i.ebayimg.com\/images\/g\/Cq4AAOSw8w9imdUH\/s-l1600.png\" alt=\"Imagem 81 - Carrinho de Beb\u00ea Bebetto Luca Sistema de Viagem 2 em 1 3 em 1 4 em 1 Cadeirinha para Auto\" \/><\/div>\n<div><a href=\"http:\/\/forbabyboss.com\/wp-content\/uploads\/2022\/09\/checkout.png\"><img loading=\"lazy\" decoding=\"async\" class=\"alignnone size-full wp-image-5965\" src=\"http:\/\/forbabyboss.com\/wp-content\/uploads\/2022\/09\/checkout.png\" alt=\"\" width=\"750\" height=\"276\" srcset=\"https:\/\/forbabyboss.com\/wp-content\/uploads\/2022\/09\/checkout.png 750w, https:\/\/forbabyboss.com\/wp-content\/uploads\/2022\/09\/checkout-600x221.png 600w\" sizes=\"auto, (max-width: 750px) 100vw, 750px\" \/><\/a><\/div>\n<\/div>\n<div>\n<div><\/div>\n<\/div>","protected":false},"excerpt":{"rendered":"<p><a href=\"http:\/\/forbabyboss.com\/wp-content\/uploads\/2022\/09\/Star-Rating-5.png\"><img loading=\"lazy\" decoding=\"async\" class=\"alignnone wp-image-5973 aligncenter\" src=\"http:\/\/forbabyboss.com\/wp-content\/uploads\/2022\/09\/Star-Rating-5.png\" alt=\"\" width=\"299\" height=\"49\" \/><\/a><\/p>\n<p style=\"text-align: center;\"><span style=\"color: #e14d43; font-size: 115%;\"><strong>GARANTIA DE MELHORA DE PRE\u00c7O<\/strong><\/span><\/p>\n<p style=\"text-align: center;\"><span style=\"font-size: 115%;\"><span style=\"color: #003366;\">Entrega gr\u00e1tis\u00a0<\/span>\u2013 2 a 7 dias<\/span><\/p>\n<p style=\"text-align: center;\"><span style=\"color: #008000; font-size: 115%;\"><strong>Brinde gr\u00e1tis em compras acima de \u00a3100<\/strong><\/span><\/p>","protected":false},"featured_media":4192,"template":"","meta":[],"product_brand":[583],"product_cat":[339,157,156,197,130,209],"product_tag":[163,200,199],"class_list":{"0":"post-4190","1":"product","2":"type-product","3":"status-publish","4":"has-post-thumbnail","6":"product_brand-bebetto","7":"product_cat-700-to-800","8":"product_cat-2-in-1","9":"product_cat-3-in-1","10":"product_cat-4-in-1-pram","11":"product_cat-prams","12":"product_cat-push-chairs","13":"product_tag-3-in-1-prams","14":"product_tag-4-in-1-pram","15":"product_tag-prams","17":"first","18":"instock","19":"sale","20":"shipping-taxable","21":"purchasable","22":"product-type-simple"},"yoast_head":"<!-- This site is optimized with the Yoast SEO plugin v27.6 - https:\/\/yoast.com\/product\/yoast-seo-wordpress\/ -->\n<title>Baby Pram Pushchair Bebetto Travel System 4in1 in Dark Green Grey Frame - For Baby Boss<\/title>\n<meta name=\"description\" content=\"Baby Pram Pushchair Bebetto Travel System 4in1 in Dark Green Grey Frame\" \/>\n<meta name=\"robots\" content=\"index, follow, max-snippet:-1, max-image-preview:large, max-video-preview:-1\" \/>\n<link rel=\"canonical\" href=\"https:\/\/forbabyboss.com\/pt\/produto\/carrinho-de-bebe-beetto-travel-system-4-em-1-com-estrutura-cinza-escura\/\" \/>\n<meta property=\"og:locale\" content=\"pt_PT\" \/>\n<meta property=\"og:type\" content=\"article\" \/>\n<meta property=\"og:title\" content=\"Baby Pram Pushchair Bebetto Travel System 4in1 in Dark Green Grey Frame - For Baby Boss\" \/>\n<meta property=\"og:description\" content=\"Baby Pram Pushchair Bebetto Travel System 4in1 in Dark Green Grey Frame\" \/>\n<meta property=\"og:url\" content=\"https:\/\/forbabyboss.com\/pt\/produto\/carrinho-de-bebe-beetto-travel-system-4-em-1-com-estrutura-cinza-escura\/\" \/>\n<meta property=\"og:site_name\" content=\"For Baby Boss\" \/>\n<meta property=\"article:modified_time\" content=\"2026-02-21T15:18:04+00:00\" \/>\n<meta property=\"og:image\" content=\"https:\/\/forbabyboss.com\/wp-content\/uploads\/2022\/09\/Baby-Pram-Pushchair-Bebetto-Luca-Travel-System-4in1-Car-Seat-16-Grey-Frame-main.png\" \/>\n\t<meta property=\"og:image:width\" content=\"1000\" \/>\n\t<meta property=\"og:image:height\" content=\"1000\" \/>\n\t<meta property=\"og:image:type\" content=\"image\/png\" \/>\n<meta name=\"twitter:card\" content=\"summary_large_image\" \/>\n<meta name=\"twitter:label1\" content=\"Tempo estimado de leitura\" \/>\n\t<meta name=\"twitter:data1\" content=\"1 minuto\" \/>\n<script type=\"application\/ld+json\" class=\"yoast-schema-graph\">{\"@context\":\"https:\\\/\\\/schema.org\",\"@graph\":[{\"@type\":\"WebPage\",\"@id\":\"https:\\\/\\\/forbabyboss.com\\\/product\\\/baby-pram-pushchair-bebetto-travel-system-4in1-in-dark-green-grey-frame\\\/\",\"url\":\"https:\\\/\\\/forbabyboss.com\\\/product\\\/baby-pram-pushchair-bebetto-travel-system-4in1-in-dark-green-grey-frame\\\/\",\"name\":\"Baby Pram Pushchair Bebetto Travel System 4in1 in Dark Green Grey Frame - For Baby Boss\",\"isPartOf\":{\"@id\":\"https:\\\/\\\/powderblue-seahorse-496884.hostingersite.com\\\/#website\"},\"primaryImageOfPage\":{\"@id\":\"https:\\\/\\\/forbabyboss.com\\\/product\\\/baby-pram-pushchair-bebetto-travel-system-4in1-in-dark-green-grey-frame\\\/#primaryimage\"},\"image\":{\"@id\":\"https:\\\/\\\/forbabyboss.com\\\/product\\\/baby-pram-pushchair-bebetto-travel-system-4in1-in-dark-green-grey-frame\\\/#primaryimage\"},\"thumbnailUrl\":\"https:\\\/\\\/forbabyboss.com\\\/wp-content\\\/uploads\\\/2022\\\/09\\\/Baby-Pram-Pushchair-Bebetto-Luca-Travel-System-4in1-Car-Seat-16-Grey-Frame-main.png\",\"datePublished\":\"2022-09-07T15:06:14+00:00\",\"dateModified\":\"2026-02-21T15:18:04+00:00\",\"description\":\"Baby Pram Pushchair Bebetto Travel System 4in1 in Dark Green Grey Frame\",\"breadcrumb\":{\"@id\":\"https:\\\/\\\/forbabyboss.com\\\/product\\\/baby-pram-pushchair-bebetto-travel-system-4in1-in-dark-green-grey-frame\\\/#breadcrumb\"},\"inLanguage\":\"pt-PT\",\"potentialAction\":[{\"@type\":\"ReadAction\",\"target\":[\"https:\\\/\\\/forbabyboss.com\\\/product\\\/baby-pram-pushchair-bebetto-travel-system-4in1-in-dark-green-grey-frame\\\/\"]}]},{\"@type\":\"ImageObject\",\"inLanguage\":\"pt-PT\",\"@id\":\"https:\\\/\\\/forbabyboss.com\\\/product\\\/baby-pram-pushchair-bebetto-travel-system-4in1-in-dark-green-grey-frame\\\/#primaryimage\",\"url\":\"https:\\\/\\\/forbabyboss.com\\\/wp-content\\\/uploads\\\/2022\\\/09\\\/Baby-Pram-Pushchair-Bebetto-Luca-Travel-System-4in1-Car-Seat-16-Grey-Frame-main.png\",\"contentUrl\":\"https:\\\/\\\/forbabyboss.com\\\/wp-content\\\/uploads\\\/2022\\\/09\\\/Baby-Pram-Pushchair-Bebetto-Luca-Travel-System-4in1-Car-Seat-16-Grey-Frame-main.png\",\"width\":1000,\"height\":1000},{\"@type\":\"BreadcrumbList\",\"@id\":\"https:\\\/\\\/forbabyboss.com\\\/product\\\/baby-pram-pushchair-bebetto-travel-system-4in1-in-dark-green-grey-frame\\\/#breadcrumb\",\"itemListElement\":[{\"@type\":\"ListItem\",\"position\":1,\"name\":\"Home\",\"item\":\"https:\\\/\\\/forbabyboss.com\\\/\"},{\"@type\":\"ListItem\",\"position\":2,\"name\":\"Shop\",\"item\":\"https:\\\/\\\/forbabyboss.com\\\/shop\\\/\"},{\"@type\":\"ListItem\",\"position\":3,\"name\":\"Baby Pram Pushchair Bebetto Travel System 4in1 in Dark Green Grey Frame\"}]},{\"@type\":\"WebSite\",\"@id\":\"https:\\\/\\\/powderblue-seahorse-496884.hostingersite.com\\\/#website\",\"url\":\"https:\\\/\\\/powderblue-seahorse-496884.hostingersite.com\\\/\",\"name\":\"For Baby Boss\",\"description\":\"Beautiful gifts and accessories for your baby boss\",\"potentialAction\":[{\"@type\":\"SearchAction\",\"target\":{\"@type\":\"EntryPoint\",\"urlTemplate\":\"https:\\\/\\\/powderblue-seahorse-496884.hostingersite.com\\\/?s={search_term_string}\"},\"query-input\":{\"@type\":\"PropertyValueSpecification\",\"valueRequired\":true,\"valueName\":\"search_term_string\"}}],\"inLanguage\":\"pt-PT\"}]}<\/script>\n<!-- \/ Yoast SEO plugin. -->","yoast_head_json":{"title":"Carrinho de Beb\u00ea Bebetto Sistema de Viagem 4 em 1 na cor Verde Escuro com Estrutura Cinza - Para Baby Boss","description":"Carrinho de Beb\u00ea Bebetto Travel System 4 em 1 com Estrutura Cinza Escuro","robots":{"index":"index","follow":"follow","max-snippet":"max-snippet:-1","max-image-preview":"max-image-preview:large","max-video-preview":"max-video-preview:-1"},"canonical":"https:\/\/forbabyboss.com\/pt\/produto\/carrinho-de-bebe-beetto-travel-system-4-em-1-com-estrutura-cinza-escura\/","og_locale":"pt_PT","og_type":"article","og_title":"Baby Pram Pushchair Bebetto Travel System 4in1 in Dark Green Grey Frame - For Baby Boss","og_description":"Baby Pram Pushchair Bebetto Travel System 4in1 in Dark Green Grey Frame","og_url":"https:\/\/forbabyboss.com\/pt\/produto\/carrinho-de-bebe-beetto-travel-system-4-em-1-com-estrutura-cinza-escura\/","og_site_name":"For Baby Boss","article_modified_time":"2026-02-21T15:18:04+00:00","og_image":[{"width":1000,"height":1000,"url":"https:\/\/forbabyboss.com\/wp-content\/uploads\/2022\/09\/Baby-Pram-Pushchair-Bebetto-Luca-Travel-System-4in1-Car-Seat-16-Grey-Frame-main.png","type":"image\/png"}],"twitter_card":"summary_large_image","twitter_misc":{"Tempo estimado de leitura":"1 minuto"},"schema":{"@context":"https:\/\/schema.org","@graph":[{"@type":"WebPage","@id":"https:\/\/forbabyboss.com\/product\/baby-pram-pushchair-bebetto-travel-system-4in1-in-dark-green-grey-frame\/","url":"https:\/\/forbabyboss.com\/product\/baby-pram-pushchair-bebetto-travel-system-4in1-in-dark-green-grey-frame\/","name":"Carrinho de Beb\u00ea Bebetto Sistema de Viagem 4 em 1 na cor Verde Escuro com Estrutura Cinza - Para Baby Boss","isPartOf":{"@id":"https:\/\/powderblue-seahorse-496884.hostingersite.com\/#website"},"primaryImageOfPage":{"@id":"https:\/\/forbabyboss.com\/product\/baby-pram-pushchair-bebetto-travel-system-4in1-in-dark-green-grey-frame\/#primaryimage"},"image":{"@id":"https:\/\/forbabyboss.com\/product\/baby-pram-pushchair-bebetto-travel-system-4in1-in-dark-green-grey-frame\/#primaryimage"},"thumbnailUrl":"https:\/\/forbabyboss.com\/wp-content\/uploads\/2022\/09\/Baby-Pram-Pushchair-Bebetto-Luca-Travel-System-4in1-Car-Seat-16-Grey-Frame-main.png","datePublished":"2022-09-07T15:06:14+00:00","dateModified":"2026-02-21T15:18:04+00:00","description":"Carrinho de Beb\u00ea Bebetto Travel System 4 em 1 com Estrutura Cinza Escuro","breadcrumb":{"@id":"https:\/\/forbabyboss.com\/product\/baby-pram-pushchair-bebetto-travel-system-4in1-in-dark-green-grey-frame\/#breadcrumb"},"inLanguage":"pt-PT","potentialAction":[{"@type":"ReadAction","target":["https:\/\/forbabyboss.com\/product\/baby-pram-pushchair-bebetto-travel-system-4in1-in-dark-green-grey-frame\/"]}]},{"@type":"ImageObject","inLanguage":"pt-PT","@id":"https:\/\/forbabyboss.com\/product\/baby-pram-pushchair-bebetto-travel-system-4in1-in-dark-green-grey-frame\/#primaryimage","url":"https:\/\/forbabyboss.com\/wp-content\/uploads\/2022\/09\/Baby-Pram-Pushchair-Bebetto-Luca-Travel-System-4in1-Car-Seat-16-Grey-Frame-main.png","contentUrl":"https:\/\/forbabyboss.com\/wp-content\/uploads\/2022\/09\/Baby-Pram-Pushchair-Bebetto-Luca-Travel-System-4in1-Car-Seat-16-Grey-Frame-main.png","width":1000,"height":1000},{"@type":"BreadcrumbList","@id":"https:\/\/forbabyboss.com\/product\/baby-pram-pushchair-bebetto-travel-system-4in1-in-dark-green-grey-frame\/#breadcrumb","itemListElement":[{"@type":"ListItem","position":1,"name":"Home","item":"https:\/\/forbabyboss.com\/"},{"@type":"ListItem","position":2,"name":"Shop","item":"https:\/\/forbabyboss.com\/shop\/"},{"@type":"ListItem","position":3,"name":"Baby Pram Pushchair Bebetto Travel System 4in1 in Dark Green Grey Frame"}]},{"@type":"WebSite","@id":"https:\/\/powderblue-seahorse-496884.hostingersite.com\/#website","url":"https:\/\/powderblue-seahorse-496884.hostingersite.com\/","name":"Para o Baby Boss","description":"Bonitos presentes e acess\u00f3rios para o seu chefe beb\u00e9","potentialAction":[{"@type":"SearchAction","target":{"@type":"EntryPoint","urlTemplate":"https:\/\/powderblue-seahorse-496884.hostingersite.com\/?s={search_term_string}"},"query-input":{"@type":"PropertyValueSpecification","valueRequired":true,"valueName":"search_term_string"}}],"inLanguage":"pt-PT"}]}},"_links":{"self":[{"href":"https:\/\/forbabyboss.com\/pt\/wp-json\/wp\/v2\/product\/4190","targetHints":{"allow":["GET"]}}],"collection":[{"href":"https:\/\/forbabyboss.com\/pt\/wp-json\/wp\/v2\/product"}],"about":[{"href":"https:\/\/forbabyboss.com\/pt\/wp-json\/wp\/v2\/types\/product"}],"wp:featuredmedia":[{"embeddable":true,"href":"https:\/\/forbabyboss.com\/pt\/wp-json\/wp\/v2\/media\/4192"}],"wp:attachment":[{"href":"https:\/\/forbabyboss.com\/pt\/wp-json\/wp\/v2\/media?parent=4190"}],"wp:term":[{"taxonomy":"product_brand","embeddable":true,"href":"https:\/\/forbabyboss.com\/pt\/wp-json\/wp\/v2\/product_brand?post=4190"},{"taxonomy":"product_cat","embeddable":true,"href":"https:\/\/forbabyboss.com\/pt\/wp-json\/wp\/v2\/product_cat?post=4190"},{"taxonomy":"product_tag","embeddable":true,"href":"https:\/\/forbabyboss.com\/pt\/wp-json\/wp\/v2\/product_tag?post=4190"}],"curies":[{"name":"wp","href":"https:\/\/api.w.org\/{rel}","templated":true}]}}