{"id":4193,"date":"2022-09-21T14:11:29","date_gmt":"2022-09-21T14:11:29","guid":{"rendered":"http:\/\/forbabyboss.com\/?post_type=product&#038;p=4193"},"modified":"2023-10-03T11:14:52","modified_gmt":"2023-10-03T11:14:52","slug":"baby-pram-pushchair-stroller-4in1-travel-system-lo2","status":"publish","type":"product","link":"https:\/\/forbabyboss.com\/pt\/product\/baby-pram-pushchair-stroller-4in1-travel-system-lo2\/","title":{"rendered":"Baby Pram Pushchair Stroller 4in1 Travel System &#8211; LO2"},"content":{"rendered":"<p style=\"text-align: justify;\" align=\"center\"><strong><span style=\"font-size: medium; color: #282828;\">Line 2.0 is a modern multi-function Pram Travel System designed for parents who search for a product that will be used through a long time span. Depending on the child&#8217;s needs and age, Line 2.0\u00a0 functions as a pram or a pushchair. Designed to transport your baby or toddler in comfort from birth to 3 years or 0-15 kg.<\/span><\/strong><\/p>\n<p style=\"text-align: justify;\" align=\"center\"><strong><span style=\"color: #282828;\"><span style=\"font-size: medium;\">Fabricado na Europa com materiais de alta qualidade, estrutura leve de alum\u00ednio e design moderno.<\/span><span style=\"font-size: medium;\"><br \/>\n<\/span><\/span><\/strong><\/p>\n<div style=\"text-align: justify;\" align=\"center\">\n<p><strong><span style=\"font-size: medium; color: #282828;\">Aprova\u00e7\u00e3o europeia EN 1888:2012<\/span><\/strong><\/p>\n<p><strong><span style=\"font-size: medium; color: #282828;\">A estrutura leve de alum\u00ednio com amortecedor ajust\u00e1vel torna a condu\u00e7\u00e3o muito f\u00e1cil.<\/span><\/strong><\/p>\n<p><strong><span style=\"font-size: medium; color: #282828;\">O acabamento do carrinho \u00e9 feito com materiais impregnados da mais alta qualidade, seguros para crian\u00e7as. Os materiais n\u00e3o desbotam, s\u00e3o imperme\u00e1veis e proporcionam uma temperatura ideal, adaptando-se \u00e0s condi\u00e7\u00f5es clim\u00e1ticas. Os forros e capas remov\u00edveis s\u00e3o preenchidos com algod\u00e3o hipoalerg\u00eanico.<\/span><\/strong><\/p>\n<p>&nbsp;<\/p>\n<\/div>\n<h3 style=\"text-align: justify;\"><strong><span style=\"color: #282828;\"><span style=\"color: #e14d43;\">Caracter\u00edsticas do produto<\/span>:<\/span><\/strong><\/h3>\n<ul>\n<li style=\"text-align: justify;\"><strong><span style=\"font-size: medium; color: #282828;\">Sistema de viagem 2 em 1 ou 3 em 1<br \/>\n<\/span><\/strong><\/li>\n<li style=\"text-align: justify;\"><strong><span style=\"font-size: medium; color: #282828;\">Solid lightweight aluminium frame<\/span><\/strong><\/li>\n<li style=\"text-align: justify;\"><strong><span style=\"font-size: medium; color: #282828;\">F\u00e1cil de desdobrar, compacto quando dobrado<\/span><\/strong><\/li>\n<\/ul>\n<h3><strong><span style=\"font-size: 100%; color: #282828;\"><span style=\"color: #e14d43;\">Pram<\/span>:<\/span><\/strong><\/h3>\n<p><strong><span style=\"font-size: medium; color: #282828;\">Capuz ajust\u00e1vel \/ Forro em couro sint\u00e9tico de luxo \/ Al\u00e7a de transporte ajust\u00e1vel<\/span><\/strong><\/p>\n<p><strong><span style=\"color: #282828;\">O interior \u00e9 feito de algod\u00e3o e camur\u00e7a de alta qualidade, pr\u00f3prios para crian\u00e7as e respir\u00e1veis.<\/span><\/strong><\/p>\n<p><strong><span style=\"color: #282828;\">Trav\u00e1vel, girat\u00f3ria 360\u00b0, rodas de espuma\/gel, as dianteiras com rolamentos,<\/span><\/strong><\/p>\n<p><strong><span style=\"color: #282828;\">freio central \u201cparar e andar\u201d;<\/span><\/strong><\/p>\n<p><strong><span style=\"color: #282828;\">Capota extens\u00edvel para melhor prote\u00e7\u00e3o contra o sol na unidade do assento;<\/span><\/strong><\/p>\n<p><strong><span style=\"color: #282828;\">Alcofa equipada com encosto ajust\u00e1vel em 3 pontos<\/span><\/strong><\/p>\n<p><strong><span style=\"color: #282828;\">Alcofa e capota do assento ventiladas;<\/span><\/strong><\/p>\n<p><strong><span style=\"color: #282828;\">Al\u00e7a ajust\u00e1vel em 3 pontos revestida em couro ecol\u00f3gico;<\/span><\/strong><\/p>\n<p><strong><span style=\"color: #282828;\">sistema voltado para frente e para tr\u00e1s,<\/span><\/strong><\/p>\n<p><strong><span style=\"color: #282828;\">Painel de vis\u00e3o para os pais com tela mosquiteira ao redor.<\/span><\/strong><\/p>\n<h4><strong><span style=\"font-size: medium; color: #282828;\"><span style=\"color: #e14d43;\">Carrinho de beb\u00ea<\/span>:<\/span><\/strong><\/h4>\n<p><strong><span style=\"color: #282828;\">Equipado com apoio para os p\u00e9s e encosto ajust\u00e1veis;<\/span><\/strong><\/p>\n<p><strong><span style=\"color: #282828;\">Ajust\u00e1vel at\u00e9 a posi\u00e7\u00e3o totalmente deitada,<\/span><\/strong><\/p>\n<p><strong><span style=\"color: #282828;\">M\u00faltiplas posi\u00e7\u00f5es de reclina\u00e7\u00e3o<\/span><\/strong><\/p>\n<p><strong><span style=\"color: #282828;\">Assento revers\u00edvel com modo de vis\u00e3o dos pais<\/span><\/strong><\/p>\n<p><strong><span style=\"color: #282828;\">Cinto de seguran\u00e7a de cinco pontos<\/span><\/strong><\/p>\n<p><strong><span style=\"color: #282828;\">Barra de prote\u00e7\u00e3o remov\u00edvel<\/span><\/strong><\/p>\n<p><strong><span style=\"color: #282828;\">Saco para os p\u00e9s inclu\u00eddo<\/span><\/strong><\/p>\n<p style=\"text-align: justify;\" align=\"center\"><strong><span style=\"font-size: medium; color: #282828;\"><span style=\"color: #e14d43;\">Cadeirinha de carro confort\u00e1vel<\/span>:<br \/>\n<\/span><\/strong><\/p>\n<div style=\"text-align: justify;\" align=\"center\">\n<p><strong><span style=\"font-size: medium; color: #282828;\">Only black or grey Kite car seats are available.\u00a0Let us know what color you like, please.<br \/>\nGrupo 0-13 kg:<\/span><\/strong><\/p>\n<p><strong><span style=\"font-size: medium; color: #282828;\">Aprova\u00e7\u00e3o europeia ECE R44\/04<\/span><\/strong><\/p>\n<p><strong><span style=\"font-size: medium; color: #282828;\">Montado na base da estrutura por meio de adaptadores.<\/span><\/strong><\/p>\n<p><strong><span style=\"font-size: medium; color: #282828;\">cinto de seguran\u00e7a de 3 pontos<\/span><\/strong><\/p>\n<p><strong><span style=\"font-size: medium; color: #282828;\">Almofada extra para rec\u00e9m-nascido<\/span><\/strong><\/p>\n<p><strong><span style=\"font-size: medium; color: #282828;\">capa para assento de carro<\/span><\/strong><\/p>\n<p><strong><span style=\"font-size: medium; color: #282828;\">Al\u00e7a ajust\u00e1vel para transporte<\/span><\/strong><\/p>\n<p><strong><span style=\"font-size: medium; color: #282828;\">Cobertura remov\u00edvel para o cap\u00f4<\/span><\/strong><\/p>\n<p><strong><span style=\"font-size: medium; color: #282828;\">Cintos de seguran\u00e7a com altura ajust\u00e1vel<\/span><\/strong><\/p>\n<p><strong><span style=\"font-size: medium; color: #282828;\">Modo voltado para a frente ou para tr\u00e1s<\/span><\/strong><\/p>\n<p><strong><span style=\"font-size: medium; color: #282828;\">Equipado com ISOFIX*<\/span><\/strong><\/p>\n<p><strong><span style=\"font-size: medium; color: #282828;\">*BASE ISOFIX \u2013 opcional<\/span><\/strong><\/p>\n<h3><strong><span style=\"color: #282828;\"><span style=\"font-size: medium;\">ISOFIX BASE*<\/span><\/span><\/strong><\/h3>\n<p><strong><span style=\"font-size: medium; color: #282828;\">Cor: Preto\/Cinza<\/span><\/strong><\/p>\n<p><strong><span style=\"font-size: medium; color: #282828;\">Adequado desde o nascimento.<\/span><\/strong><\/p>\n<p><strong><span style=\"font-size: medium; color: #282828;\">Fixa-se diretamente ao chassi do carro utilizando os pontos de fixa\u00e7\u00e3o ISOFIX do ve\u00edculo.<\/span><\/strong><\/p>\n<p><strong><span style=\"font-size: medium; color: #282828;\">Tamb\u00e9m pode ser fixado usando o cinto de seguran\u00e7a do ve\u00edculo.<\/span><\/strong><\/p>\n<p><strong><span style=\"font-size: medium; color: #282828;\">Compat\u00edvel com as cadeiras auto<\/span><\/strong><\/p>\n<p><strong><span style=\"font-size: medium; color: #282828;\">F\u00e1cil de instalar<\/span><\/strong><\/p>\n<p><strong><span style=\"font-size: medium; color: #282828;\">Seguro e protegido<\/span><\/strong><\/p>\n<p><strong><span style=\"font-size: medium; color: #282828;\">Minimiza a confus\u00e3o<\/span><\/strong><\/p>\n<p><strong><span style=\"font-size: medium; color: #282828;\">Reduz a probabilidade de acordar o beb\u00ea ao transferi-lo do carro para casa.<\/span><\/strong><\/p>\n<p><strong><span style=\"font-size: medium; color: #282828;\">A perna de apoio proporciona estabilidade e seguran\u00e7a m\u00e1ximas, al\u00e9m de ser facilmente ajust\u00e1vel para um encaixe perfeito.<\/span><\/strong><\/p>\n<p><strong><span style=\"font-size: medium; color: #282828;\">Os indicadores de cor confirmam a instala\u00e7\u00e3o correta da base no ve\u00edculo.<\/span><\/strong><\/p>\n<\/div>\n<h3 style=\"text-align: justify;\" align=\"center\"><strong><span style=\"color: #e14d43;\">Pre\u00e7o inclu\u00eddo<\/span>:<\/strong><\/h3>\n<div style=\"text-align: justify;\" align=\"center\">\n<p><strong><span style=\"font-size: medium; color: #282828;\">Estrutura s\u00f3lida + 4 rodas de espuma\/gel (n\u00facleo de borracha)<\/span><\/strong><\/p>\n<p><strong><span style=\"color: #282828;\">Carrinho de beb\u00ea<\/span><\/strong><\/p>\n<p><strong><span style=\"color: #282828;\">Carrinho de beb\u00ea<\/span><\/strong><\/p>\n<p><strong><span style=\"color: #282828;\">Capa e colch\u00e3o<\/span><\/strong><\/p>\n<p><strong><span style=\"color: #282828;\">Protetor de p\u00e9s \u2013 Saco de dormir<\/span><\/strong><\/p>\n<p><strong><span style=\"color: #282828;\">Cadeirinha de carro (op\u00e7\u00e3o 3 em 1)<\/span><\/strong><\/p>\n<p><strong><span style=\"color: #282828;\">\u00a0Capota e capa remov\u00edveis para a cadeirinha do carro (op\u00e7\u00e3o 3 em 1)<\/span><\/strong><\/p>\n<p><strong><span style=\"color: #282828;\">Barra de prote\u00e7\u00e3o remov\u00edvel<\/span><\/strong><\/p>\n<p><strong><span style=\"color: #282828;\">Capa de chuva<\/span><\/strong><\/p>\n<p><strong><span style=\"color: #282828;\">Mosquiteiro<\/span><\/strong><\/p>\n<p><strong><span style=\"color: #282828;\">Bolsa para acess\u00f3rios com trocador e al\u00e7a de ombro.<\/span><\/strong><\/p>\n<p><strong><span style=\"color: #282828;\">Cesta de compras<\/span><\/strong><\/p>\n<p><strong><span style=\"color: #282828;\">Base Isofix (opcional)<\/span><\/strong><\/p>\n<p><strong><span style=\"color: #282828;\">Garantia de 24 meses<\/span><\/strong><\/p>\n<\/div>\n<h3 style=\"text-align: justify;\" align=\"center\"><strong><span style=\"font-size: medium; color: #282828;\"><span style=\"font-size: large;\"><span style=\"color: #e14d43;\">Technical Specifications<\/span>:<\/span><\/span><\/strong><\/h3>\n<div style=\"text-align: justify;\" align=\"center\">\n<p><strong><span style=\"color: #282828;\">-possibility to carry the\u00a0carrycot by the handle in the booth;<\/span><\/strong><\/p>\n<p><strong><span style=\"color: #282828;\">&#8211;\u00a0carrycot bottom made of wood<\/span><\/strong><\/p>\n<p><strong><span style=\"color: #282828;\">&#8211; spacious\u00a0carrycot with ventilation in the kennel;<\/span><\/strong><\/p>\n<p><strong><span style=\"color: #282828;\">&#8211; a window in the carrycot cover;<\/span><\/strong><\/p>\n<p><strong><span style=\"color: #282828;\">&#8211; mosquito net integrated with the booth in the\u00a0carrycot and the stroller;<\/span><\/strong><\/p>\n<p><strong><span style=\"color: #282828;\">&#8211; unfolded frame 78x58x99-115 cm;<\/span><\/strong><\/p>\n<p><strong><span style=\"color: #282828;\">-internal backrest;<\/span><\/strong><\/p>\n<p><strong><span style=\"color: #282828;\">&#8211; folded frame 78x58x30 cm; without wheels 72x50x30 cm;<\/span><\/strong><\/p>\n<p><strong><span style=\"color: #282828;\">&#8211; removable lining inside the carrycot;<\/span><\/strong><\/p>\n<p><strong><span style=\"color: #282828;\">&#8211; carrycot interior 76x34x21 cm;<\/span><\/strong><\/p>\n<p><strong><span style=\"color: #282828;\">&#8211; mattress;<\/span><\/strong><\/p>\n<p><strong><span style=\"color: #282828;\">&#8211; weight of the frame with wheels about 9 kg;\u00a0<\/span><\/strong><\/p>\n<p><strong><span style=\"color: #282828;\">&#8211; multi-stage booth regulation;<\/span><\/strong><\/p>\n<p><strong><span style=\"color: #282828;\">&#8211; 12 &#8220;rear, 10&#8221; front gel wheels;<\/span><\/strong><\/p>\n<p><strong><span style=\"color: #282828;\">&#8211; height of the bottom of the\u00a0carrycot is 66 cm long;<\/span><\/strong><\/p>\n<p><strong><span style=\"color: #282828;\">&#8211; weight of the\u00a0carrycot is about 4.8 kg; stroller seat 34&#215;26 cm, footrest 17 cm, backrest 47 cm; stroller weight about 4.8 kg;<\/span><\/strong><\/p>\n<p><strong><a href=\"http:\/\/forbabyboss.com\/wp-content\/uploads\/2022\/09\/checkout.png\"><img loading=\"lazy\" decoding=\"async\" class=\"alignnone size-full wp-image-5965\" src=\"http:\/\/forbabyboss.com\/wp-content\/uploads\/2022\/09\/checkout.png\" alt=\"\" width=\"750\" height=\"276\" srcset=\"https:\/\/forbabyboss.com\/wp-content\/uploads\/2022\/09\/checkout.png 750w, https:\/\/forbabyboss.com\/wp-content\/uploads\/2022\/09\/checkout-600x221.png 600w\" sizes=\"auto, (max-width: 750px) 100vw, 750px\" \/><\/a><\/strong><\/p>\n<\/div>\n<div style=\"text-align: justify;\" align=\"center\"><\/div>\n<p>&nbsp;<\/p>","protected":false},"excerpt":{"rendered":"<p><a href=\"http:\/\/forbabyboss.com\/wp-content\/uploads\/2022\/09\/Star-Rating-5.png\"><img loading=\"lazy\" decoding=\"async\" class=\"alignnone wp-image-5973 aligncenter\" src=\"http:\/\/forbabyboss.com\/wp-content\/uploads\/2022\/09\/Star-Rating-5.png\" alt=\"\" width=\"299\" height=\"49\" \/><\/a><\/p>\n<p style=\"text-align: center;\"><span style=\"color: #e14d43; font-size: 115%;\"><strong>GARANTIA DE MELHORA DE PRE\u00c7O<\/strong><\/span><\/p>\n<p style=\"text-align: center;\"><span style=\"font-size: 115%;\"><span style=\"color: #003366;\">Entrega gr\u00e1tis\u00a0<\/span>\u2013 2 a 7 dias<\/span><\/p>\n<p style=\"text-align: center;\"><span style=\"color: #008000; font-size: 115%;\"><strong>Brinde gr\u00e1tis em compras acima de \u00a3100<\/strong><\/span><\/p>","protected":false},"featured_media":4194,"template":"","meta":[],"product_brand":[],"product_cat":[339,156,197,277,305,130,209,211],"product_tag":[163,200,171],"class_list":{"0":"post-4193","1":"product","2":"type-product","3":"status-publish","4":"has-post-thumbnail","6":"product_cat-700-to-800","7":"product_cat-3-in-1","8":"product_cat-4-in-1-pram","9":"product_cat-brown","10":"product_cat-colour","11":"product_cat-prams","12":"product_cat-push-chairs","13":"product_cat-stroller","14":"product_tag-3-in-1-prams","15":"product_tag-4-in-1-pram","16":"product_tag-pram","18":"first","19":"instock","20":"sale","21":"shipping-taxable","22":"purchasable","23":"product-type-simple"},"yoast_head":"<!-- This site is optimized with the Yoast SEO plugin v27.5 - https:\/\/yoast.com\/product\/yoast-seo-wordpress\/ -->\n<title>Baby Pram Pushchair Stroller 4in1 Travel System - LO2 - For Baby Boss<\/title>\n<meta name=\"description\" content=\"Baby Pram Pushchair Stroller 4in1 Travel System - LO2\" \/>\n<meta name=\"robots\" content=\"index, follow, max-snippet:-1, max-image-preview:large, max-video-preview:-1\" \/>\n<link rel=\"canonical\" href=\"https:\/\/forbabyboss.com\/pt\/produto\/baby-pram-pushchair-stroller-4in1-travel-system-lo2\/\" \/>\n<meta property=\"og:locale\" content=\"pt_PT\" \/>\n<meta property=\"og:type\" content=\"article\" \/>\n<meta property=\"og:title\" content=\"Baby Pram Pushchair Stroller 4in1 Travel System - LO2 - For Baby Boss\" \/>\n<meta property=\"og:description\" content=\"Baby Pram Pushchair Stroller 4in1 Travel System - LO2\" \/>\n<meta property=\"og:url\" content=\"https:\/\/forbabyboss.com\/pt\/produto\/baby-pram-pushchair-stroller-4in1-travel-system-lo2\/\" \/>\n<meta property=\"og:site_name\" content=\"For Baby Boss\" \/>\n<meta property=\"article:modified_time\" content=\"2023-10-03T11:14:52+00:00\" \/>\n<meta property=\"og:image\" content=\"https:\/\/forbabyboss.com\/wp-content\/uploads\/2022\/09\/Baby-Pram-Line-2.0-bexa-Pushchair-Buggy-Stroller-Car-Seat-4in1-Travel-System-LO2.jpg\" \/>\n\t<meta property=\"og:image:width\" content=\"1020\" \/>\n\t<meta property=\"og:image:height\" content=\"1020\" \/>\n\t<meta property=\"og:image:type\" content=\"image\/jpeg\" \/>\n<meta name=\"twitter:card\" content=\"summary_large_image\" \/>\n<meta name=\"twitter:label1\" content=\"Tempo estimado de leitura\" \/>\n\t<meta name=\"twitter:data1\" content=\"3 minutos\" \/>\n<script type=\"application\/ld+json\" class=\"yoast-schema-graph\">{\"@context\":\"https:\\\/\\\/schema.org\",\"@graph\":[{\"@type\":\"WebPage\",\"@id\":\"https:\\\/\\\/forbabyboss.com\\\/product\\\/baby-pram-pushchair-stroller-4in1-travel-system-lo2\\\/\",\"url\":\"https:\\\/\\\/forbabyboss.com\\\/product\\\/baby-pram-pushchair-stroller-4in1-travel-system-lo2\\\/\",\"name\":\"Baby Pram Pushchair Stroller 4in1 Travel System - LO2 - For Baby Boss\",\"isPartOf\":{\"@id\":\"https:\\\/\\\/powderblue-seahorse-496884.hostingersite.com\\\/#website\"},\"primaryImageOfPage\":{\"@id\":\"https:\\\/\\\/forbabyboss.com\\\/product\\\/baby-pram-pushchair-stroller-4in1-travel-system-lo2\\\/#primaryimage\"},\"image\":{\"@id\":\"https:\\\/\\\/forbabyboss.com\\\/product\\\/baby-pram-pushchair-stroller-4in1-travel-system-lo2\\\/#primaryimage\"},\"thumbnailUrl\":\"https:\\\/\\\/forbabyboss.com\\\/wp-content\\\/uploads\\\/2022\\\/09\\\/Baby-Pram-Line-2.0-bexa-Pushchair-Buggy-Stroller-Car-Seat-4in1-Travel-System-LO2.jpg\",\"datePublished\":\"2022-09-21T14:11:29+00:00\",\"dateModified\":\"2023-10-03T11:14:52+00:00\",\"description\":\"Baby Pram Pushchair Stroller 4in1 Travel System - LO2\",\"breadcrumb\":{\"@id\":\"https:\\\/\\\/forbabyboss.com\\\/product\\\/baby-pram-pushchair-stroller-4in1-travel-system-lo2\\\/#breadcrumb\"},\"inLanguage\":\"pt-PT\",\"potentialAction\":[{\"@type\":\"ReadAction\",\"target\":[\"https:\\\/\\\/forbabyboss.com\\\/product\\\/baby-pram-pushchair-stroller-4in1-travel-system-lo2\\\/\"]}]},{\"@type\":\"ImageObject\",\"inLanguage\":\"pt-PT\",\"@id\":\"https:\\\/\\\/forbabyboss.com\\\/product\\\/baby-pram-pushchair-stroller-4in1-travel-system-lo2\\\/#primaryimage\",\"url\":\"https:\\\/\\\/forbabyboss.com\\\/wp-content\\\/uploads\\\/2022\\\/09\\\/Baby-Pram-Line-2.0-bexa-Pushchair-Buggy-Stroller-Car-Seat-4in1-Travel-System-LO2.jpg\",\"contentUrl\":\"https:\\\/\\\/forbabyboss.com\\\/wp-content\\\/uploads\\\/2022\\\/09\\\/Baby-Pram-Line-2.0-bexa-Pushchair-Buggy-Stroller-Car-Seat-4in1-Travel-System-LO2.jpg\",\"width\":1020,\"height\":1020},{\"@type\":\"BreadcrumbList\",\"@id\":\"https:\\\/\\\/forbabyboss.com\\\/product\\\/baby-pram-pushchair-stroller-4in1-travel-system-lo2\\\/#breadcrumb\",\"itemListElement\":[{\"@type\":\"ListItem\",\"position\":1,\"name\":\"Home\",\"item\":\"https:\\\/\\\/forbabyboss.com\\\/\"},{\"@type\":\"ListItem\",\"position\":2,\"name\":\"Shop\",\"item\":\"https:\\\/\\\/forbabyboss.com\\\/shop\\\/\"},{\"@type\":\"ListItem\",\"position\":3,\"name\":\"Baby Pram Pushchair Stroller 4in1 Travel System &#8211; LO2\"}]},{\"@type\":\"WebSite\",\"@id\":\"https:\\\/\\\/powderblue-seahorse-496884.hostingersite.com\\\/#website\",\"url\":\"https:\\\/\\\/powderblue-seahorse-496884.hostingersite.com\\\/\",\"name\":\"For Baby Boss\",\"description\":\"Beautiful gifts and accessories for your baby boss\",\"potentialAction\":[{\"@type\":\"SearchAction\",\"target\":{\"@type\":\"EntryPoint\",\"urlTemplate\":\"https:\\\/\\\/powderblue-seahorse-496884.hostingersite.com\\\/?s={search_term_string}\"},\"query-input\":{\"@type\":\"PropertyValueSpecification\",\"valueRequired\":true,\"valueName\":\"search_term_string\"}}],\"inLanguage\":\"pt-PT\"}]}<\/script>\n<!-- \/ Yoast SEO plugin. -->","yoast_head_json":{"title":"Baby Pram Pushchair Stroller 4in1 Travel System - LO2 - For Baby Boss","description":"Baby Pram Pushchair Stroller 4in1 Travel System - LO2","robots":{"index":"index","follow":"follow","max-snippet":"max-snippet:-1","max-image-preview":"max-image-preview:large","max-video-preview":"max-video-preview:-1"},"canonical":"https:\/\/forbabyboss.com\/pt\/produto\/baby-pram-pushchair-stroller-4in1-travel-system-lo2\/","og_locale":"pt_PT","og_type":"article","og_title":"Baby Pram Pushchair Stroller 4in1 Travel System - LO2 - For Baby Boss","og_description":"Baby Pram Pushchair Stroller 4in1 Travel System - LO2","og_url":"https:\/\/forbabyboss.com\/pt\/produto\/baby-pram-pushchair-stroller-4in1-travel-system-lo2\/","og_site_name":"For Baby Boss","article_modified_time":"2023-10-03T11:14:52+00:00","og_image":[{"width":1020,"height":1020,"url":"https:\/\/forbabyboss.com\/wp-content\/uploads\/2022\/09\/Baby-Pram-Line-2.0-bexa-Pushchair-Buggy-Stroller-Car-Seat-4in1-Travel-System-LO2.jpg","type":"image\/jpeg"}],"twitter_card":"summary_large_image","twitter_misc":{"Tempo estimado de leitura":"3 minutos"},"schema":{"@context":"https:\/\/schema.org","@graph":[{"@type":"WebPage","@id":"https:\/\/forbabyboss.com\/product\/baby-pram-pushchair-stroller-4in1-travel-system-lo2\/","url":"https:\/\/forbabyboss.com\/product\/baby-pram-pushchair-stroller-4in1-travel-system-lo2\/","name":"Baby Pram Pushchair Stroller 4in1 Travel System - LO2 - For Baby Boss","isPartOf":{"@id":"https:\/\/powderblue-seahorse-496884.hostingersite.com\/#website"},"primaryImageOfPage":{"@id":"https:\/\/forbabyboss.com\/product\/baby-pram-pushchair-stroller-4in1-travel-system-lo2\/#primaryimage"},"image":{"@id":"https:\/\/forbabyboss.com\/product\/baby-pram-pushchair-stroller-4in1-travel-system-lo2\/#primaryimage"},"thumbnailUrl":"https:\/\/forbabyboss.com\/wp-content\/uploads\/2022\/09\/Baby-Pram-Line-2.0-bexa-Pushchair-Buggy-Stroller-Car-Seat-4in1-Travel-System-LO2.jpg","datePublished":"2022-09-21T14:11:29+00:00","dateModified":"2023-10-03T11:14:52+00:00","description":"Baby Pram Pushchair Stroller 4in1 Travel System - LO2","breadcrumb":{"@id":"https:\/\/forbabyboss.com\/product\/baby-pram-pushchair-stroller-4in1-travel-system-lo2\/#breadcrumb"},"inLanguage":"pt-PT","potentialAction":[{"@type":"ReadAction","target":["https:\/\/forbabyboss.com\/product\/baby-pram-pushchair-stroller-4in1-travel-system-lo2\/"]}]},{"@type":"ImageObject","inLanguage":"pt-PT","@id":"https:\/\/forbabyboss.com\/product\/baby-pram-pushchair-stroller-4in1-travel-system-lo2\/#primaryimage","url":"https:\/\/forbabyboss.com\/wp-content\/uploads\/2022\/09\/Baby-Pram-Line-2.0-bexa-Pushchair-Buggy-Stroller-Car-Seat-4in1-Travel-System-LO2.jpg","contentUrl":"https:\/\/forbabyboss.com\/wp-content\/uploads\/2022\/09\/Baby-Pram-Line-2.0-bexa-Pushchair-Buggy-Stroller-Car-Seat-4in1-Travel-System-LO2.jpg","width":1020,"height":1020},{"@type":"BreadcrumbList","@id":"https:\/\/forbabyboss.com\/product\/baby-pram-pushchair-stroller-4in1-travel-system-lo2\/#breadcrumb","itemListElement":[{"@type":"ListItem","position":1,"name":"Home","item":"https:\/\/forbabyboss.com\/"},{"@type":"ListItem","position":2,"name":"Shop","item":"https:\/\/forbabyboss.com\/shop\/"},{"@type":"ListItem","position":3,"name":"Baby Pram Pushchair Stroller 4in1 Travel System &#8211; LO2"}]},{"@type":"WebSite","@id":"https:\/\/powderblue-seahorse-496884.hostingersite.com\/#website","url":"https:\/\/powderblue-seahorse-496884.hostingersite.com\/","name":"Para o Baby Boss","description":"Bonitos presentes e acess\u00f3rios para o seu chefe beb\u00e9","potentialAction":[{"@type":"SearchAction","target":{"@type":"EntryPoint","urlTemplate":"https:\/\/powderblue-seahorse-496884.hostingersite.com\/?s={search_term_string}"},"query-input":{"@type":"PropertyValueSpecification","valueRequired":true,"valueName":"search_term_string"}}],"inLanguage":"pt-PT"}]}},"_links":{"self":[{"href":"https:\/\/forbabyboss.com\/pt\/wp-json\/wp\/v2\/product\/4193","targetHints":{"allow":["GET"]}}],"collection":[{"href":"https:\/\/forbabyboss.com\/pt\/wp-json\/wp\/v2\/product"}],"about":[{"href":"https:\/\/forbabyboss.com\/pt\/wp-json\/wp\/v2\/types\/product"}],"wp:featuredmedia":[{"embeddable":true,"href":"https:\/\/forbabyboss.com\/pt\/wp-json\/wp\/v2\/media\/4194"}],"wp:attachment":[{"href":"https:\/\/forbabyboss.com\/pt\/wp-json\/wp\/v2\/media?parent=4193"}],"wp:term":[{"taxonomy":"product_brand","embeddable":true,"href":"https:\/\/forbabyboss.com\/pt\/wp-json\/wp\/v2\/product_brand?post=4193"},{"taxonomy":"product_cat","embeddable":true,"href":"https:\/\/forbabyboss.com\/pt\/wp-json\/wp\/v2\/product_cat?post=4193"},{"taxonomy":"product_tag","embeddable":true,"href":"https:\/\/forbabyboss.com\/pt\/wp-json\/wp\/v2\/product_tag?post=4193"}],"curies":[{"name":"wp","href":"https:\/\/api.w.org\/{rel}","templated":true}]}}