{"id":4324,"date":"2022-09-08T11:33:36","date_gmt":"2022-09-08T11:33:36","guid":{"rendered":"http:\/\/forbabyboss.com\/?post_type=product&#038;p=4324"},"modified":"2026-02-21T15:51:06","modified_gmt":"2026-02-21T15:51:06","slug":"carrinho-de-bebe-ideal-2020-com-sistema-de-viagem-4-em-1-ido2","status":"publish","type":"product","link":"https:\/\/forbabyboss.com\/pt\/product\/ideal-2020-pushchair-travel-system-4in1-ido2\/","title":{"rendered":"Carrinho de Beb\u00ea IDEAL 2020 Sistema de Viagem 4 em 1 - IDO2"},"content":{"rendered":"<p style=\"text-align: justify;\" align=\"center\"><span style=\"color: #282828;\"><strong><span style=\"font-size: medium;\">O IDEAL 2020 \u00e9 um carrinho de beb\u00ea multifuncional moderno, projetado para pais que buscam um produto para uso prolongado. Dependendo das necessidades e da idade da crian\u00e7a, o IDEAL 2020 funciona como carrinho de beb\u00ea ou carrinho de passeio. Projetado para transportar seu beb\u00ea ou crian\u00e7a pequena com conforto desde o nascimento at\u00e9 os 3 anos de idade ou de 0 a 15 kg.<\/span><\/strong><\/span><\/p>\n<p style=\"text-align: justify;\" align=\"center\"><span style=\"color: #282828;\"><strong><span style=\"font-size: medium;\">Fabricado na Europa com materiais de alta qualidade, estrutura leve de alum\u00ednio e design moderno.<\/span><span style=\"font-size: medium;\"><br \/>\n<\/span><\/strong><\/span><\/p>\n<div style=\"text-align: justify;\" align=\"center\">\n<p><span style=\"color: #282828;\"><strong><span style=\"font-size: medium;\">Aprova\u00e7\u00e3o europeia EN 1888:2012<\/span><\/strong><\/span><\/p>\n<p><span style=\"color: #282828;\"><strong><span style=\"font-size: medium;\">A estrutura leve de alum\u00ednio com amortecedor ajust\u00e1vel torna a condu\u00e7\u00e3o muito f\u00e1cil.<\/span><\/strong><\/span><\/p>\n<p><span style=\"color: #282828;\"><strong><span style=\"font-size: medium;\">O acabamento do carrinho \u00e9 feito com materiais impregnados da mais alta qualidade, seguros para crian\u00e7as. Os materiais n\u00e3o desbotam, s\u00e3o imperme\u00e1veis e proporcionam uma temperatura ideal, adaptando-se \u00e0s condi\u00e7\u00f5es clim\u00e1ticas. Os forros e capas remov\u00edveis s\u00e3o preenchidos com algod\u00e3o hipoalerg\u00eanico.<\/span><\/strong><\/span><\/p>\n<\/div>\n<p style=\"text-align: justify;\" align=\"center\"><span style=\"color: #282828;\"><strong><span style=\"font-size: medium;\"><span style=\"color: #e14d43;\">Caracter\u00edsticas do produto<\/span>:<br \/>\n<\/span><\/strong><\/span><\/p>\n<ul>\n<li style=\"text-align: justify;\"><span style=\"color: #282828;\"><strong><span style=\"font-size: medium;\">Sistema de viagem 2 em 1 ou 3 em 1<br \/>\n<\/span><\/strong><\/span><\/li>\n<li style=\"text-align: justify;\"><span style=\"color: #282828;\"><strong><span style=\"font-size: medium;\">Estrutura s\u00f3lida e leve em alum\u00ednio BRANCO<\/span><\/strong><\/span><\/li>\n<li style=\"text-align: justify;\"><span style=\"color: #282828;\"><strong><span style=\"font-size: medium;\">F\u00e1cil de desdobrar, compacto quando dobrado<\/span><\/strong><\/span><\/li>\n<\/ul>\n<p style=\"text-align: justify;\" align=\"center\"><span style=\"color: #282828;\"><strong><span style=\"font-size: medium;\"><span style=\"color: #e14d43;\">Pram<\/span>:<br \/>\n<\/span><\/strong><\/span><\/p>\n<div style=\"text-align: justify;\" align=\"center\">\n<p><span style=\"color: #282828;\"><strong><span style=\"font-size: medium;\">Capuz ajust\u00e1vel \/ Forro em couro sint\u00e9tico de luxo \/ Al\u00e7a de transporte ajust\u00e1vel<\/span><\/strong><\/span><\/p>\n<p><span style=\"color: #282828;\"><strong><span style=\"font-size: medium;\">O interior \u00e9 feito de algod\u00e3o e camur\u00e7a de alta qualidade, pr\u00f3prios para crian\u00e7as e respir\u00e1veis.<\/span><\/strong><\/span><\/p>\n<p><span style=\"color: #282828;\"><strong><span style=\"font-size: medium;\">Trav\u00e1vel, girat\u00f3ria 360\u00b0, rodas de espuma\/gel, as dianteiras com rolamentos,<\/span><\/strong><\/span><\/p>\n<p><span style=\"color: #282828;\"><strong><span style=\"font-size: medium;\">freio central \u201cparar e andar\u201d;<\/span><\/strong><\/span><\/p>\n<p><span style=\"color: #282828;\"><strong><span style=\"font-size: medium;\">Capota extens\u00edvel para melhor prote\u00e7\u00e3o contra o sol na unidade do assento;<\/span><\/strong><\/span><\/p>\n<p><span style=\"color: #282828;\"><strong><span style=\"font-size: medium;\">Alcofa equipada com encosto ajust\u00e1vel em 3 pontos<\/span><\/strong><\/span><\/p>\n<p><span style=\"color: #282828;\"><strong><span style=\"font-size: medium;\">Alcofa e capota do assento ventiladas;<\/span><\/strong><\/span><\/p>\n<p><span style=\"color: #282828;\"><strong><span style=\"font-size: medium;\">Al\u00e7a ajust\u00e1vel em 3 pontos revestida em couro ecol\u00f3gico;<\/span><\/strong><\/span><\/p>\n<p><span style=\"color: #282828;\"><strong><span style=\"font-size: medium;\">sistema voltado para frente e para tr\u00e1s,<\/span><\/strong><\/span><\/p>\n<p><span style=\"color: #282828;\"><strong><span style=\"font-size: medium;\">Painel de vis\u00e3o para os pais com tela mosquiteira ao redor.<\/span><\/strong><\/span><\/p>\n<\/div>\n<div style=\"text-align: justify;\" align=\"center\">\n<p><span style=\"color: #282828;\"><strong><span style=\"font-size: medium;\"><span style=\"color: #e14d43;\">Carrinho de beb\u00ea<\/span>:<\/span><\/strong><\/span><\/p>\n<p><span style=\"color: #282828;\"><strong>Equipado com apoio para os p\u00e9s e encosto ajust\u00e1veis;<\/strong><\/span><\/p>\n<p><span style=\"color: #282828;\"><strong>Ajust\u00e1vel at\u00e9 a posi\u00e7\u00e3o totalmente deitada,<\/strong><\/span><\/p>\n<p><span style=\"color: #282828;\"><strong>M\u00faltiplas posi\u00e7\u00f5es de reclina\u00e7\u00e3o<\/strong><\/span><\/p>\n<p><span style=\"color: #282828;\"><strong>Assento revers\u00edvel com modo de vis\u00e3o dos pais<\/strong><\/span><\/p>\n<p><span style=\"color: #282828;\"><strong>Cinto de seguran\u00e7a de cinco pontos<\/strong><\/span><\/p>\n<p><span style=\"color: #282828;\"><strong>Barra de prote\u00e7\u00e3o remov\u00edvel<\/strong><\/span><\/p>\n<p><span style=\"color: #282828;\"><strong>Saco para os p\u00e9s inclu\u00eddo<\/strong><\/span><\/p>\n<\/div>\n<div style=\"text-align: justify;\" align=\"center\"><span style=\"color: #282828;\"><strong><span style=\"font-size: medium;\"><span style=\"color: #e14d43;\">Cadeirinha de carro confort\u00e1vel<\/span>:<\/span><\/strong><\/span><\/div>\n<div style=\"text-align: justify;\" align=\"center\">\n<p><span style=\"color: #282828;\"><strong><span style=\"font-size: medium;\">Grupo 0-13 kg:<\/span><\/strong><\/span><\/p>\n<p><span style=\"color: #282828;\"><strong>Aprova\u00e7\u00e3o europeia ECE R44\/04<\/strong><\/span><\/p>\n<p><span style=\"color: #282828;\"><strong>Montado na base da estrutura por meio de adaptadores.<\/strong><\/span><\/p>\n<p><span style=\"color: #282828;\"><strong>cinto de seguran\u00e7a de 3 pontos<\/strong><\/span><\/p>\n<p><span style=\"color: #282828;\"><strong>Almofada extra para rec\u00e9m-nascido<\/strong><\/span><\/p>\n<p><span style=\"color: #282828;\"><strong>capa para assento de carro<\/strong><\/span><\/p>\n<p><span style=\"color: #282828;\"><strong>Al\u00e7a ajust\u00e1vel para transporte<\/strong><\/span><\/p>\n<p><span style=\"color: #282828;\"><strong>Cobertura remov\u00edvel para o cap\u00f4<\/strong><\/span><\/p>\n<p><span style=\"color: #282828;\"><strong>Cintos de seguran\u00e7a com altura ajust\u00e1vel<\/strong><\/span><\/p>\n<p><span style=\"color: #282828;\"><strong>Modo voltado para a frente ou para tr\u00e1s<\/strong><\/span><\/p>\n<p><span style=\"color: #282828;\"><strong>Equipado com ISOFIX*<\/strong><\/span><\/p>\n<p><span style=\"color: #282828;\"><strong>*BASE ISOFIX \u2013 opcional<\/strong><\/span><\/p>\n<p><span style=\"color: #282828;\"><strong><span style=\"color: #e14d43;\">BASE ISOFIX<\/span>*<\/strong><\/span><\/p>\n<p><span style=\"color: #282828;\"><strong>Cor: Preto\/Cinza<\/strong><\/span><\/p>\n<p><span style=\"color: #282828;\"><strong>Adequado desde o nascimento.<\/strong><\/span><\/p>\n<p><span style=\"color: #282828;\"><strong>Fixa-se diretamente ao chassi do carro utilizando os pontos de fixa\u00e7\u00e3o ISOFIX do ve\u00edculo.<\/strong><\/span><\/p>\n<p><span style=\"color: #282828;\"><strong>Tamb\u00e9m pode ser fixado usando o cinto de seguran\u00e7a do ve\u00edculo.<\/strong><\/span><\/p>\n<p><span style=\"color: #282828;\"><strong>Compat\u00edvel com as cadeiras auto<\/strong><\/span><\/p>\n<p><span style=\"color: #282828;\"><strong>F\u00e1cil de instalar<\/strong><\/span><\/p>\n<p><span style=\"color: #282828;\"><strong>Seguro e protegido<\/strong><\/span><\/p>\n<p><span style=\"color: #282828;\"><strong>Minimiza a confus\u00e3o<\/strong><\/span><\/p>\n<p><span style=\"color: #282828;\"><strong>Reduz a probabilidade de acordar o beb\u00ea ao transferi-lo do carro para casa.<\/strong><\/span><\/p>\n<p><span style=\"color: #282828;\"><strong>A perna de apoio proporciona estabilidade e seguran\u00e7a m\u00e1ximas, al\u00e9m de ser facilmente ajust\u00e1vel para um encaixe perfeito.<\/strong><\/span><\/p>\n<p><span style=\"color: #282828;\"><strong>Os indicadores de cor confirmam a instala\u00e7\u00e3o correta da base no ve\u00edculo.<\/strong><\/span><\/p>\n<\/div>\n<div style=\"text-align: justify;\" align=\"center\">\n<p style=\"text-align: left;\" align=\"center\"><span style=\"color: #282828;\"><strong><span style=\"font-size: medium;\"><span style=\"font-size: large;\"><span style=\"color: #e14d43;\">Pre\u00e7o inclu\u00eddo<\/span>:<\/span><br \/>\n<\/span><\/strong><\/span><\/p>\n<div style=\"text-align: left;\" align=\"center\">\n<p><span style=\"color: #282828; font-size: 100%;\"><strong>Estrutura s\u00f3lida + 4 rodas de espuma\/gel (n\u00facleo de borracha)<\/strong><\/span><\/p>\n<p><span style=\"color: #282828; font-size: 100%;\"><strong>Carrinho de beb\u00ea<\/strong><\/span><\/p>\n<p><span style=\"color: #282828; font-size: 100%;\"><strong>Carrinho de beb\u00ea<\/strong><\/span><\/p>\n<p><span style=\"color: #282828; font-size: 100%;\"><strong>Capa e colch\u00e3o<\/strong><\/span><\/p>\n<p><span style=\"color: #282828; font-size: 100%;\"><strong>Protetor de p\u00e9s \u2013 Saco de dormir<\/strong><\/span><\/p>\n<p><span style=\"color: #282828; font-size: 100%;\"><strong>Cadeirinha de carro (op\u00e7\u00e3o 3 em 1)<\/strong><\/span><\/p>\n<p><span style=\"color: #282828; font-size: 100%;\"><strong>\u00a0Capota e capa remov\u00edveis para a cadeirinha do carro (op\u00e7\u00e3o 3 em 1)<\/strong><\/span><\/p>\n<p><span style=\"color: #282828; font-size: 100%;\"><strong>Barra de prote\u00e7\u00e3o remov\u00edvel<\/strong><\/span><\/p>\n<p><span style=\"color: #282828; font-size: 100%;\"><strong>Capa de chuva<\/strong><\/span><\/p>\n<p><span style=\"color: #282828; font-size: 100%;\"><strong>Mosquiteiro<\/strong><\/span><\/p>\n<p><span style=\"color: #282828; font-size: 100%;\"><strong>Bolsa para acess\u00f3rios com trocador e al\u00e7a de ombro.<\/strong><\/span><\/p>\n<p><span style=\"color: #282828; font-size: 100%;\"><strong>Cesta de compras<\/strong><\/span><\/p>\n<p><span style=\"color: #282828; font-size: 100%;\"><strong>Base Isofix (opcional)<\/strong><\/span><\/p>\n<p><span style=\"color: #282828; font-size: 100%;\"><strong>Garantia de 24 meses<\/strong><\/span><\/p>\n<\/div>\n<h3 style=\"text-align: left;\" align=\"center\"><span style=\"color: #e14d43;\"><strong>Dimens\u00f5es<\/strong><\/span><\/h3>\n<div style=\"text-align: left;\" align=\"center\">\n<p><span style=\"color: #282828;\"><strong><span style=\"font-size: medium;\"><span style=\"color: #e14d43;\">Carrinho de beb\u00ea<\/span><br \/>\n\u2013 Peso \u2013 3,5 kg<br \/>\n\u2013 Peso total do carrinho de beb\u00ea: 12 kg<br \/>\n\u2013 Base da estrutura com alcofa: A.126 cm x L. 59,5 cm x C. 100 cm<br \/>\n\u2013 Dimens\u00f5es internas: L. 35 cm x C. 85 cm x P. 24 cm<br \/>\n<\/span><\/strong><\/span><\/p>\n<p><span style=\"color: #282828;\"><strong><span style=\"font-size: medium;\"><span style=\"color: #e14d43;\">Carrinho de beb\u00ea:<\/span><br \/>\n\u2013 Quadro com rodas: 13,0 kg<br \/>\n\u2013 Unidade de selagem: L. 34 cm x C. 50 cm x P. 25 cm<br \/>\n<\/span><\/strong><\/span><\/p>\n<p><span style=\"color: #282828;\"><strong><span style=\"font-size: medium;\"><span style=\"color: #e14d43;\">Assento de autom\u00f3vel<\/span><br \/>\nPeso: 2,5 kg<br \/>\n\u2013 Cadeirinha de carro com estrutura e rodas: 11,0 kg<br \/>\n\u2013 Estrutura com assento de carro: A. 108 cm x L. 63 cm x C. 84 cm<br \/>\n<\/span><\/strong><\/span><\/p>\n<p><span style=\"color: #282828;\"><strong><span style=\"font-size: medium;\"><span style=\"color: #e14d43;\">Quadro<\/span><br \/>\n\u2013 estrutura com rodas: 8,5 kg<br \/>\n\u2013 O di\u00e2metro das rodas: dianteiras 25 cm, traseiras 30 cm<\/span><\/strong><\/span><\/p>\n<\/div>\n<\/div>\n<p>&nbsp;<\/p>\n<p><a href=\"http:\/\/forbabyboss.com\/wp-content\/uploads\/2022\/09\/checkout.png\"><img loading=\"lazy\" decoding=\"async\" class=\"alignnone size-full wp-image-5965\" src=\"http:\/\/forbabyboss.com\/wp-content\/uploads\/2022\/09\/checkout.png\" alt=\"\" width=\"750\" height=\"276\" srcset=\"https:\/\/forbabyboss.com\/wp-content\/uploads\/2022\/09\/checkout.png 750w, https:\/\/forbabyboss.com\/wp-content\/uploads\/2022\/09\/checkout-600x221.png 600w\" sizes=\"auto, (max-width: 750px) 100vw, 750px\" \/><\/a><\/p>","protected":false},"excerpt":{"rendered":"<p><a href=\"http:\/\/forbabyboss.com\/wp-content\/uploads\/2022\/09\/Star-Rating-5.png\"><img loading=\"lazy\" decoding=\"async\" class=\"alignnone wp-image-5973 aligncenter\" src=\"http:\/\/forbabyboss.com\/wp-content\/uploads\/2022\/09\/Star-Rating-5.png\" alt=\"\" width=\"299\" height=\"49\" \/><\/a><\/p>\n<p style=\"text-align: center;\"><span style=\"color: #e14d43; font-size: 115%;\"><strong>GARANTIA DE MELHORA DE PRE\u00c7O<\/strong><\/span><\/p>\n<p style=\"text-align: center;\"><span style=\"font-size: 115%;\"><span style=\"color: #003366;\">Entrega gr\u00e1tis\u00a0<\/span>\u2013 2 a 7 dias<\/span><\/p>\n<p style=\"text-align: center;\"><span style=\"color: #008000; font-size: 115%;\"><strong>Brinde gr\u00e1tis em compras acima de \u00a3100<\/strong><\/span><\/p>","protected":false},"featured_media":4329,"template":"","meta":[],"product_brand":[583],"product_cat":[340,157,156,197,207,305,130,209,211],"product_tag":[200,171],"class_list":{"0":"post-4324","1":"product","2":"type-product","3":"status-publish","4":"has-post-thumbnail","6":"product_brand-bebetto","7":"product_cat-800-to-900","8":"product_cat-2-in-1","9":"product_cat-3-in-1","10":"product_cat-4-in-1-pram","11":"product_cat-black","12":"product_cat-colour","13":"product_cat-prams","14":"product_cat-push-chairs","15":"product_cat-stroller","16":"product_tag-4-in-1-pram","17":"product_tag-pram","19":"first","20":"instock","21":"sale","22":"shipping-taxable","23":"purchasable","24":"product-type-simple"},"yoast_head":"<!-- This site is optimized with the Yoast SEO plugin v27.6 - https:\/\/yoast.com\/product\/yoast-seo-wordpress\/ -->\n<title>IDEAL 2020 Pushchair Travel System 4in1- IDO2 - For Baby Boss<\/title>\n<meta name=\"description\" content=\"IDEAL 2020 Pushchair Travel System 4in1- IDO2\" \/>\n<meta name=\"robots\" content=\"index, follow, max-snippet:-1, max-image-preview:large, max-video-preview:-1\" \/>\n<link rel=\"canonical\" href=\"https:\/\/forbabyboss.com\/pt\/produto\/carrinho-de-bebe-ideal-2020-com-sistema-de-viagem-4-em-1-ido2\/\" \/>\n<meta property=\"og:locale\" content=\"pt_PT\" \/>\n<meta property=\"og:type\" content=\"article\" \/>\n<meta property=\"og:title\" content=\"IDEAL 2020 Pushchair Travel System 4in1- IDO2 - For Baby Boss\" \/>\n<meta property=\"og:description\" content=\"IDEAL 2020 Pushchair Travel System 4in1- IDO2\" \/>\n<meta property=\"og:url\" content=\"https:\/\/forbabyboss.com\/pt\/produto\/carrinho-de-bebe-ideal-2020-com-sistema-de-viagem-4-em-1-ido2\/\" \/>\n<meta property=\"og:site_name\" content=\"For Baby Boss\" \/>\n<meta property=\"article:modified_time\" content=\"2026-02-21T15:51:06+00:00\" \/>\n<meta property=\"og:image\" content=\"https:\/\/forbabyboss.com\/wp-content\/uploads\/2022\/09\/Baby-Pram-Bexa-IDEAL-2020-Pushchair-Buggy-Stroller-Car-Seat-Travel-System-4in1-IDO2_MAIN.jpg\" \/>\n\t<meta property=\"og:image:width\" content=\"1020\" \/>\n\t<meta property=\"og:image:height\" content=\"1020\" \/>\n\t<meta property=\"og:image:type\" content=\"image\/jpeg\" \/>\n<meta name=\"twitter:card\" content=\"summary_large_image\" \/>\n<meta name=\"twitter:label1\" content=\"Tempo estimado de leitura\" \/>\n\t<meta name=\"twitter:data1\" content=\"3 minutos\" \/>\n<script type=\"application\/ld+json\" class=\"yoast-schema-graph\">{\"@context\":\"https:\\\/\\\/schema.org\",\"@graph\":[{\"@type\":\"WebPage\",\"@id\":\"https:\\\/\\\/forbabyboss.com\\\/product\\\/ideal-2020-pushchair-travel-system-4in1-ido2\\\/\",\"url\":\"https:\\\/\\\/forbabyboss.com\\\/product\\\/ideal-2020-pushchair-travel-system-4in1-ido2\\\/\",\"name\":\"IDEAL 2020 Pushchair Travel System 4in1- IDO2 - For Baby Boss\",\"isPartOf\":{\"@id\":\"https:\\\/\\\/powderblue-seahorse-496884.hostingersite.com\\\/#website\"},\"primaryImageOfPage\":{\"@id\":\"https:\\\/\\\/forbabyboss.com\\\/product\\\/ideal-2020-pushchair-travel-system-4in1-ido2\\\/#primaryimage\"},\"image\":{\"@id\":\"https:\\\/\\\/forbabyboss.com\\\/product\\\/ideal-2020-pushchair-travel-system-4in1-ido2\\\/#primaryimage\"},\"thumbnailUrl\":\"https:\\\/\\\/forbabyboss.com\\\/wp-content\\\/uploads\\\/2022\\\/09\\\/Baby-Pram-Bexa-IDEAL-2020-Pushchair-Buggy-Stroller-Car-Seat-Travel-System-4in1-IDO2_MAIN.jpg\",\"datePublished\":\"2022-09-08T11:33:36+00:00\",\"dateModified\":\"2026-02-21T15:51:06+00:00\",\"description\":\"IDEAL 2020 Pushchair Travel System 4in1- IDO2\",\"breadcrumb\":{\"@id\":\"https:\\\/\\\/forbabyboss.com\\\/product\\\/ideal-2020-pushchair-travel-system-4in1-ido2\\\/#breadcrumb\"},\"inLanguage\":\"pt-PT\",\"potentialAction\":[{\"@type\":\"ReadAction\",\"target\":[\"https:\\\/\\\/forbabyboss.com\\\/product\\\/ideal-2020-pushchair-travel-system-4in1-ido2\\\/\"]}]},{\"@type\":\"ImageObject\",\"inLanguage\":\"pt-PT\",\"@id\":\"https:\\\/\\\/forbabyboss.com\\\/product\\\/ideal-2020-pushchair-travel-system-4in1-ido2\\\/#primaryimage\",\"url\":\"https:\\\/\\\/forbabyboss.com\\\/wp-content\\\/uploads\\\/2022\\\/09\\\/Baby-Pram-Bexa-IDEAL-2020-Pushchair-Buggy-Stroller-Car-Seat-Travel-System-4in1-IDO2_MAIN.jpg\",\"contentUrl\":\"https:\\\/\\\/forbabyboss.com\\\/wp-content\\\/uploads\\\/2022\\\/09\\\/Baby-Pram-Bexa-IDEAL-2020-Pushchair-Buggy-Stroller-Car-Seat-Travel-System-4in1-IDO2_MAIN.jpg\",\"width\":1020,\"height\":1020},{\"@type\":\"BreadcrumbList\",\"@id\":\"https:\\\/\\\/forbabyboss.com\\\/product\\\/ideal-2020-pushchair-travel-system-4in1-ido2\\\/#breadcrumb\",\"itemListElement\":[{\"@type\":\"ListItem\",\"position\":1,\"name\":\"Home\",\"item\":\"https:\\\/\\\/forbabyboss.com\\\/\"},{\"@type\":\"ListItem\",\"position\":2,\"name\":\"Shop\",\"item\":\"https:\\\/\\\/forbabyboss.com\\\/shop\\\/\"},{\"@type\":\"ListItem\",\"position\":3,\"name\":\"IDEAL 2020 Pushchair Travel System 4in1- IDO2\"}]},{\"@type\":\"WebSite\",\"@id\":\"https:\\\/\\\/powderblue-seahorse-496884.hostingersite.com\\\/#website\",\"url\":\"https:\\\/\\\/powderblue-seahorse-496884.hostingersite.com\\\/\",\"name\":\"For Baby Boss\",\"description\":\"Beautiful gifts and accessories for your baby boss\",\"potentialAction\":[{\"@type\":\"SearchAction\",\"target\":{\"@type\":\"EntryPoint\",\"urlTemplate\":\"https:\\\/\\\/powderblue-seahorse-496884.hostingersite.com\\\/?s={search_term_string}\"},\"query-input\":{\"@type\":\"PropertyValueSpecification\",\"valueRequired\":true,\"valueName\":\"search_term_string\"}}],\"inLanguage\":\"pt-PT\"}]}<\/script>\n<!-- \/ Yoast SEO plugin. -->","yoast_head_json":{"title":"Carrinho de Beb\u00ea IDEAL 2020 Sistema de Viagem 4 em 1 - IDO2 - Para Baby Boss","description":"Carrinho de Beb\u00ea IDEAL 2020 Sistema de Viagem 4 em 1 - IDO2","robots":{"index":"index","follow":"follow","max-snippet":"max-snippet:-1","max-image-preview":"max-image-preview:large","max-video-preview":"max-video-preview:-1"},"canonical":"https:\/\/forbabyboss.com\/pt\/produto\/carrinho-de-bebe-ideal-2020-com-sistema-de-viagem-4-em-1-ido2\/","og_locale":"pt_PT","og_type":"article","og_title":"IDEAL 2020 Pushchair Travel System 4in1- IDO2 - For Baby Boss","og_description":"IDEAL 2020 Pushchair Travel System 4in1- IDO2","og_url":"https:\/\/forbabyboss.com\/pt\/produto\/carrinho-de-bebe-ideal-2020-com-sistema-de-viagem-4-em-1-ido2\/","og_site_name":"For Baby Boss","article_modified_time":"2026-02-21T15:51:06+00:00","og_image":[{"width":1020,"height":1020,"url":"https:\/\/forbabyboss.com\/wp-content\/uploads\/2022\/09\/Baby-Pram-Bexa-IDEAL-2020-Pushchair-Buggy-Stroller-Car-Seat-Travel-System-4in1-IDO2_MAIN.jpg","type":"image\/jpeg"}],"twitter_card":"summary_large_image","twitter_misc":{"Tempo estimado de leitura":"3 minutos"},"schema":{"@context":"https:\/\/schema.org","@graph":[{"@type":"WebPage","@id":"https:\/\/forbabyboss.com\/product\/ideal-2020-pushchair-travel-system-4in1-ido2\/","url":"https:\/\/forbabyboss.com\/product\/ideal-2020-pushchair-travel-system-4in1-ido2\/","name":"Carrinho de Beb\u00ea IDEAL 2020 Sistema de Viagem 4 em 1 - IDO2 - Para Baby Boss","isPartOf":{"@id":"https:\/\/powderblue-seahorse-496884.hostingersite.com\/#website"},"primaryImageOfPage":{"@id":"https:\/\/forbabyboss.com\/product\/ideal-2020-pushchair-travel-system-4in1-ido2\/#primaryimage"},"image":{"@id":"https:\/\/forbabyboss.com\/product\/ideal-2020-pushchair-travel-system-4in1-ido2\/#primaryimage"},"thumbnailUrl":"https:\/\/forbabyboss.com\/wp-content\/uploads\/2022\/09\/Baby-Pram-Bexa-IDEAL-2020-Pushchair-Buggy-Stroller-Car-Seat-Travel-System-4in1-IDO2_MAIN.jpg","datePublished":"2022-09-08T11:33:36+00:00","dateModified":"2026-02-21T15:51:06+00:00","description":"Carrinho de Beb\u00ea IDEAL 2020 Sistema de Viagem 4 em 1 - IDO2","breadcrumb":{"@id":"https:\/\/forbabyboss.com\/product\/ideal-2020-pushchair-travel-system-4in1-ido2\/#breadcrumb"},"inLanguage":"pt-PT","potentialAction":[{"@type":"ReadAction","target":["https:\/\/forbabyboss.com\/product\/ideal-2020-pushchair-travel-system-4in1-ido2\/"]}]},{"@type":"ImageObject","inLanguage":"pt-PT","@id":"https:\/\/forbabyboss.com\/product\/ideal-2020-pushchair-travel-system-4in1-ido2\/#primaryimage","url":"https:\/\/forbabyboss.com\/wp-content\/uploads\/2022\/09\/Baby-Pram-Bexa-IDEAL-2020-Pushchair-Buggy-Stroller-Car-Seat-Travel-System-4in1-IDO2_MAIN.jpg","contentUrl":"https:\/\/forbabyboss.com\/wp-content\/uploads\/2022\/09\/Baby-Pram-Bexa-IDEAL-2020-Pushchair-Buggy-Stroller-Car-Seat-Travel-System-4in1-IDO2_MAIN.jpg","width":1020,"height":1020},{"@type":"BreadcrumbList","@id":"https:\/\/forbabyboss.com\/product\/ideal-2020-pushchair-travel-system-4in1-ido2\/#breadcrumb","itemListElement":[{"@type":"ListItem","position":1,"name":"Home","item":"https:\/\/forbabyboss.com\/"},{"@type":"ListItem","position":2,"name":"Shop","item":"https:\/\/forbabyboss.com\/shop\/"},{"@type":"ListItem","position":3,"name":"IDEAL 2020 Pushchair Travel System 4in1- IDO2"}]},{"@type":"WebSite","@id":"https:\/\/powderblue-seahorse-496884.hostingersite.com\/#website","url":"https:\/\/powderblue-seahorse-496884.hostingersite.com\/","name":"Para o Baby Boss","description":"Bonitos presentes e acess\u00f3rios para o seu chefe beb\u00e9","potentialAction":[{"@type":"SearchAction","target":{"@type":"EntryPoint","urlTemplate":"https:\/\/powderblue-seahorse-496884.hostingersite.com\/?s={search_term_string}"},"query-input":{"@type":"PropertyValueSpecification","valueRequired":true,"valueName":"search_term_string"}}],"inLanguage":"pt-PT"}]}},"_links":{"self":[{"href":"https:\/\/forbabyboss.com\/pt\/wp-json\/wp\/v2\/product\/4324","targetHints":{"allow":["GET"]}}],"collection":[{"href":"https:\/\/forbabyboss.com\/pt\/wp-json\/wp\/v2\/product"}],"about":[{"href":"https:\/\/forbabyboss.com\/pt\/wp-json\/wp\/v2\/types\/product"}],"wp:featuredmedia":[{"embeddable":true,"href":"https:\/\/forbabyboss.com\/pt\/wp-json\/wp\/v2\/media\/4329"}],"wp:attachment":[{"href":"https:\/\/forbabyboss.com\/pt\/wp-json\/wp\/v2\/media?parent=4324"}],"wp:term":[{"taxonomy":"product_brand","embeddable":true,"href":"https:\/\/forbabyboss.com\/pt\/wp-json\/wp\/v2\/product_brand?post=4324"},{"taxonomy":"product_cat","embeddable":true,"href":"https:\/\/forbabyboss.com\/pt\/wp-json\/wp\/v2\/product_cat?post=4324"},{"taxonomy":"product_tag","embeddable":true,"href":"https:\/\/forbabyboss.com\/pt\/wp-json\/wp\/v2\/product_tag?post=4324"}],"curies":[{"name":"wp","href":"https:\/\/api.w.org\/{rel}","templated":true}]}}