{"id":4403,"date":"2022-09-22T10:35:04","date_gmt":"2022-09-22T10:35:04","guid":{"rendered":"http:\/\/forbabyboss.com\/?post_type=product&#038;p=4403"},"modified":"2026-02-24T14:54:41","modified_gmt":"2026-02-24T14:54:41","slug":"carrinho-de-bebe-de-luxo-flavio-travel-system-4-em-1-na-cor-bege","status":"publish","type":"product","link":"https:\/\/forbabyboss.com\/pt\/product\/luxury-baby-pram-flavio-travel-system-4in1-in-beige\/","title":{"rendered":"Carrinho de Beb\u00ea de Luxo Flavio Travel System 4 em 1 na cor Bege"},"content":{"rendered":"<h3><strong><span style=\"color: #e14d43;\">Companheiro exclusivo para uma experi\u00eancia confort\u00e1vel.<\/span><\/strong><\/h3>\n<p style=\"text-align: justify;\" align=\"center\"><strong><span style=\"color: #e14d43;\"><span style=\"font-family: Arial;\">Um dos ber\u00e7os dobr\u00e1veis mais leves.\u00a0<\/span><\/span><\/strong><\/p>\n<p style=\"text-align: justify;\" align=\"center\"><strong><span style=\"font-family: Arial;\">O mois\u00e9s para carrinho Flavio pesa apenas 2,9 kg, sendo um dos mais leves da sua categoria. O material EPP utilizado neste modelo n\u00e3o \u00e9 apenas leve, resistente, imperme\u00e1vel e recicl\u00e1vel (100%), como tamb\u00e9m isola o calor de forma perfeita. Gra\u00e7as ao mois\u00e9s dobr\u00e1vel, transport\u00e1-lo nunca ser\u00e1 um problema.<\/span><\/strong><\/p>\n<p style=\"text-align: justify;\" align=\"center\"><span style=\"color: #e14d43;\"><strong><span style=\"font-family: Arial;\">Mas isso n\u00e3o \u00e9 tudo!<\/span><\/strong><\/span><\/p>\n<p style=\"text-align: justify;\" align=\"center\"><strong><span style=\"font-family: Arial;\">A possibilidade de montar a alcofa Flavio em dois n\u00edveis permite adaptar o carrinho \u00e0 sua altura, mantendo sempre um acesso r\u00e1pido e pr\u00e1tico ao seu filho. Retirar a alcofa \u00e9 extremamente f\u00e1cil \u2013 pode faz\u00ea-lo de duas maneiras: destravando as travas na estrutura ou pressionando os bot\u00f5es de libera\u00e7\u00e3o na alcofa. Al\u00e9m disso, pode ajustar a capota de duas maneiras: pressionando a al\u00e7a de transporte da alcofa ou segurando dois bot\u00f5es no interior. Escolha a op\u00e7\u00e3o mais conveniente para si!<\/span><\/strong><\/p>\n<p style=\"text-align: justify;\" align=\"center\"><strong><span style=\"font-family: Arial;\">O estofamento padr\u00e3o n\u00e3o \u00e9 suficiente para voc\u00ea? Escolha o Flavio Pro \u2013 onde o ber\u00e7o e o assento s\u00e3o totalmente revestidos em couro ecol\u00f3gico.<\/span><\/strong><\/p>\n<p style=\"text-align: justify;\" align=\"center\"><strong><span style=\"font-family: Arial;\"><span style=\"color: #e14d43;\">PRE\u00c7O INCLUSO<\/span>:<\/span><\/strong><\/p>\n<p style=\"text-align: justify;\" align=\"center\"><strong><span style=\"font-family: Arial;\">\u2013 Estrutura de alum\u00ednio<\/span><\/strong><\/p>\n<p style=\"text-align: justify;\" align=\"center\"><strong><span style=\"font-family: Arial;\">\u2013 4 rodas<\/span><\/strong><\/p>\n<p style=\"text-align: justify;\" align=\"center\"><strong><span style=\"font-family: Arial;\">\u2013 Carrinho de beb\u00ea<\/span><\/strong><\/p>\n<p style=\"text-align: justify;\" align=\"center\"><strong><span style=\"font-family: Arial;\">\u2013 Capa e colch\u00e3o para carrinho de beb\u00ea<\/span><\/strong><\/p>\n<p style=\"text-align: justify;\" align=\"center\"><strong><span style=\"font-family: Arial;\">\u2013 Capa de chuva<\/span><\/strong><\/p>\n<p style=\"text-align: justify;\" align=\"center\"><strong><span style=\"font-family: Arial;\">\u2013 Mosquiteiro<\/span><\/strong><\/p>\n<p style=\"text-align: justify;\" align=\"center\"><strong><span style=\"font-family: Arial;\">\u2013 Bolsa moderna<\/span><\/strong><\/p>\n<p style=\"text-align: justify;\" align=\"center\"><strong><span style=\"font-family: Arial;\">\u2013 Cesta de compras<\/span><\/strong><\/p>\n<p style=\"text-align: justify;\" align=\"center\"><strong><span style=\"font-family: Arial;\">\u2013 Porta-copos<\/span><\/strong><\/p>\n<p style=\"text-align: justify;\" align=\"center\"><strong><span style=\"font-family: Arial;\">\u2013 Garantia de 24 meses<\/span><\/strong><\/p>\n<p style=\"text-align: justify;\" align=\"center\"><strong><span style=\"font-family: Arial;\">\u2013 Carrinho de beb\u00ea<\/span><\/strong><\/p>\n<p style=\"text-align: justify;\" align=\"center\"><strong><span style=\"font-family: Arial;\">\u2013 *Cadeirinha de carro (opcional)<\/span><\/strong><\/p>\n<p style=\"text-align: justify;\" align=\"center\"><strong><span style=\"font-family: Arial;\">\u2013 *Base Isofix (opcional)<\/span><\/strong><\/p>\n<div><strong>Dobrado, ocupa um espa\u00e7o de 75x59x36cm.<\/strong><\/div>\n<div><\/div>\n<div><strong>*Dimens\u00f5es: comprimento, largura, altura, peso.<\/strong><\/div>\n<div><\/div>\n<div><a href=\"http:\/\/forbabyboss.com\/wp-content\/uploads\/2022\/09\/checkout.png\"><img loading=\"lazy\" decoding=\"async\" class=\"alignnone size-full wp-image-5965\" src=\"http:\/\/forbabyboss.com\/wp-content\/uploads\/2022\/09\/checkout.png\" alt=\"\" width=\"750\" height=\"276\" srcset=\"https:\/\/forbabyboss.com\/wp-content\/uploads\/2022\/09\/checkout.png 750w, https:\/\/forbabyboss.com\/wp-content\/uploads\/2022\/09\/checkout-600x221.png 600w\" sizes=\"auto, (max-width: 750px) 100vw, 750px\" \/><\/a><\/div>\n<div align=\"center\"><strong>\u00a0<\/strong><\/div>\n<div align=\"center\"><\/div>","protected":false},"excerpt":{"rendered":"<p><a href=\"http:\/\/forbabyboss.com\/wp-content\/uploads\/2022\/09\/Star-Rating-5.png\"><img loading=\"lazy\" decoding=\"async\" class=\"alignnone size-full wp-image-5973 aligncenter\" src=\"http:\/\/forbabyboss.com\/wp-content\/uploads\/2022\/09\/Star-Rating-5.png\" alt=\"\" width=\"275\" height=\"45\" \/><\/a><\/p>\n<p style=\"text-align: center;\"><span style=\"color: #ed1c24; font-size: 120%;\"><b>GARANTIA DE MELHORA DE PRE\u00c7O<\/b><\/span><\/p>\n<p style=\"text-align: center;\"><span style=\"font-size: 115%;\"><span style=\"font-weight: 400; color: #4f4fa7;\">Entrega gr\u00e1tis<\/span><span style=\"font-weight: 400;\"> \u2013 2 a 7 dias<\/span><\/span><\/p>\n<p style=\"text-align: center;\"><strong><span style=\"color: #29606b;\">Brinde gr\u00e1tis em compras acima de \u00a3100<\/span><\/strong><\/p>","protected":false},"featured_media":4408,"template":"","meta":[],"product_brand":[],"product_cat":[339,157,156,197,403,305,130,209,211],"product_tag":[],"class_list":{"0":"post-4403","1":"product","2":"type-product","3":"status-publish","4":"has-post-thumbnail","6":"product_cat-700-to-800","7":"product_cat-2-in-1","8":"product_cat-3-in-1","9":"product_cat-4-in-1-pram","10":"product_cat-beige","11":"product_cat-colour","12":"product_cat-prams","13":"product_cat-push-chairs","14":"product_cat-stroller","16":"first","17":"instock","18":"sale","19":"shipping-taxable","20":"purchasable","21":"product-type-simple"},"yoast_head":"<!-- This site is optimized with the Yoast SEO plugin v27.5 - https:\/\/yoast.com\/product\/yoast-seo-wordpress\/ -->\n<title>Luxury Baby Pram Flavio Travel System 4in1 in Beige - For Baby Boss<\/title>\n<meta name=\"description\" content=\"Baby Pram Flavio Travel System 4in1- 01\" \/>\n<meta name=\"robots\" content=\"index, follow, max-snippet:-1, max-image-preview:large, max-video-preview:-1\" \/>\n<link rel=\"canonical\" href=\"https:\/\/forbabyboss.com\/pt\/produto\/carrinho-de-bebe-de-luxo-flavio-travel-system-4-em-1-na-cor-bege\/\" \/>\n<meta property=\"og:locale\" content=\"pt_PT\" \/>\n<meta property=\"og:type\" content=\"article\" \/>\n<meta property=\"og:title\" content=\"Luxury Baby Pram Flavio Travel System 4in1 in Beige - For Baby Boss\" \/>\n<meta property=\"og:description\" content=\"Baby Pram Flavio Travel System 4in1- 01\" \/>\n<meta property=\"og:url\" content=\"https:\/\/forbabyboss.com\/pt\/produto\/carrinho-de-bebe-de-luxo-flavio-travel-system-4-em-1-na-cor-bege\/\" \/>\n<meta property=\"og:site_name\" content=\"For Baby Boss\" \/>\n<meta property=\"article:modified_time\" content=\"2026-02-24T14:54:41+00:00\" \/>\n<meta property=\"og:image\" content=\"https:\/\/forbabyboss.com\/wp-content\/uploads\/2022\/09\/Baby-Pram-Pushchair-Bebetto-Flavio-Travel-System-2in1-3in1-4in1-Car-Seat-01_main.png\" \/>\n\t<meta property=\"og:image:width\" content=\"800\" \/>\n\t<meta property=\"og:image:height\" content=\"800\" \/>\n\t<meta property=\"og:image:type\" content=\"image\/png\" \/>\n<meta name=\"twitter:card\" content=\"summary_large_image\" \/>\n<meta name=\"twitter:label1\" content=\"Tempo estimado de leitura\" \/>\n\t<meta name=\"twitter:data1\" content=\"2 minutos\" \/>\n<script type=\"application\/ld+json\" class=\"yoast-schema-graph\">{\"@context\":\"https:\\\/\\\/schema.org\",\"@graph\":[{\"@type\":\"WebPage\",\"@id\":\"https:\\\/\\\/forbabyboss.com\\\/product\\\/luxury-baby-pram-flavio-travel-system-4in1-in-beige\\\/\",\"url\":\"https:\\\/\\\/forbabyboss.com\\\/product\\\/luxury-baby-pram-flavio-travel-system-4in1-in-beige\\\/\",\"name\":\"Luxury Baby Pram Flavio Travel System 4in1 in Beige - For Baby Boss\",\"isPartOf\":{\"@id\":\"https:\\\/\\\/powderblue-seahorse-496884.hostingersite.com\\\/#website\"},\"primaryImageOfPage\":{\"@id\":\"https:\\\/\\\/forbabyboss.com\\\/product\\\/luxury-baby-pram-flavio-travel-system-4in1-in-beige\\\/#primaryimage\"},\"image\":{\"@id\":\"https:\\\/\\\/forbabyboss.com\\\/product\\\/luxury-baby-pram-flavio-travel-system-4in1-in-beige\\\/#primaryimage\"},\"thumbnailUrl\":\"https:\\\/\\\/forbabyboss.com\\\/wp-content\\\/uploads\\\/2022\\\/09\\\/Baby-Pram-Pushchair-Bebetto-Flavio-Travel-System-2in1-3in1-4in1-Car-Seat-01_main.png\",\"datePublished\":\"2022-09-22T10:35:04+00:00\",\"dateModified\":\"2026-02-24T14:54:41+00:00\",\"description\":\"Baby Pram Flavio Travel System 4in1- 01\",\"breadcrumb\":{\"@id\":\"https:\\\/\\\/forbabyboss.com\\\/product\\\/luxury-baby-pram-flavio-travel-system-4in1-in-beige\\\/#breadcrumb\"},\"inLanguage\":\"pt-PT\",\"potentialAction\":[{\"@type\":\"ReadAction\",\"target\":[\"https:\\\/\\\/forbabyboss.com\\\/product\\\/luxury-baby-pram-flavio-travel-system-4in1-in-beige\\\/\"]}]},{\"@type\":\"ImageObject\",\"inLanguage\":\"pt-PT\",\"@id\":\"https:\\\/\\\/forbabyboss.com\\\/product\\\/luxury-baby-pram-flavio-travel-system-4in1-in-beige\\\/#primaryimage\",\"url\":\"https:\\\/\\\/forbabyboss.com\\\/wp-content\\\/uploads\\\/2022\\\/09\\\/Baby-Pram-Pushchair-Bebetto-Flavio-Travel-System-2in1-3in1-4in1-Car-Seat-01_main.png\",\"contentUrl\":\"https:\\\/\\\/forbabyboss.com\\\/wp-content\\\/uploads\\\/2022\\\/09\\\/Baby-Pram-Pushchair-Bebetto-Flavio-Travel-System-2in1-3in1-4in1-Car-Seat-01_main.png\",\"width\":800,\"height\":800},{\"@type\":\"BreadcrumbList\",\"@id\":\"https:\\\/\\\/forbabyboss.com\\\/product\\\/luxury-baby-pram-flavio-travel-system-4in1-in-beige\\\/#breadcrumb\",\"itemListElement\":[{\"@type\":\"ListItem\",\"position\":1,\"name\":\"Home\",\"item\":\"https:\\\/\\\/forbabyboss.com\\\/\"},{\"@type\":\"ListItem\",\"position\":2,\"name\":\"Shop\",\"item\":\"https:\\\/\\\/forbabyboss.com\\\/shop\\\/\"},{\"@type\":\"ListItem\",\"position\":3,\"name\":\"Luxury Baby Pram Flavio Travel System 4in1 in Beige\"}]},{\"@type\":\"WebSite\",\"@id\":\"https:\\\/\\\/powderblue-seahorse-496884.hostingersite.com\\\/#website\",\"url\":\"https:\\\/\\\/powderblue-seahorse-496884.hostingersite.com\\\/\",\"name\":\"For Baby Boss\",\"description\":\"Beautiful gifts and accessories for your baby boss\",\"potentialAction\":[{\"@type\":\"SearchAction\",\"target\":{\"@type\":\"EntryPoint\",\"urlTemplate\":\"https:\\\/\\\/powderblue-seahorse-496884.hostingersite.com\\\/?s={search_term_string}\"},\"query-input\":{\"@type\":\"PropertyValueSpecification\",\"valueRequired\":true,\"valueName\":\"search_term_string\"}}],\"inLanguage\":\"pt-PT\"}]}<\/script>\n<!-- \/ Yoast SEO plugin. -->","yoast_head_json":{"title":"Carrinho de Beb\u00ea de Luxo Flavio Travel System 4 em 1 na cor Bege - Para Baby Boss","description":"Carrinho de Beb\u00ea Flavio Sistema de Viagem 4 em 1 - 01","robots":{"index":"index","follow":"follow","max-snippet":"max-snippet:-1","max-image-preview":"max-image-preview:large","max-video-preview":"max-video-preview:-1"},"canonical":"https:\/\/forbabyboss.com\/pt\/produto\/carrinho-de-bebe-de-luxo-flavio-travel-system-4-em-1-na-cor-bege\/","og_locale":"pt_PT","og_type":"article","og_title":"Luxury Baby Pram Flavio Travel System 4in1 in Beige - For Baby Boss","og_description":"Baby Pram Flavio Travel System 4in1- 01","og_url":"https:\/\/forbabyboss.com\/pt\/produto\/carrinho-de-bebe-de-luxo-flavio-travel-system-4-em-1-na-cor-bege\/","og_site_name":"For Baby Boss","article_modified_time":"2026-02-24T14:54:41+00:00","og_image":[{"width":800,"height":800,"url":"https:\/\/forbabyboss.com\/wp-content\/uploads\/2022\/09\/Baby-Pram-Pushchair-Bebetto-Flavio-Travel-System-2in1-3in1-4in1-Car-Seat-01_main.png","type":"image\/png"}],"twitter_card":"summary_large_image","twitter_misc":{"Tempo estimado de leitura":"2 minutos"},"schema":{"@context":"https:\/\/schema.org","@graph":[{"@type":"WebPage","@id":"https:\/\/forbabyboss.com\/product\/luxury-baby-pram-flavio-travel-system-4in1-in-beige\/","url":"https:\/\/forbabyboss.com\/product\/luxury-baby-pram-flavio-travel-system-4in1-in-beige\/","name":"Carrinho de Beb\u00ea de Luxo Flavio Travel System 4 em 1 na cor Bege - Para Baby Boss","isPartOf":{"@id":"https:\/\/powderblue-seahorse-496884.hostingersite.com\/#website"},"primaryImageOfPage":{"@id":"https:\/\/forbabyboss.com\/product\/luxury-baby-pram-flavio-travel-system-4in1-in-beige\/#primaryimage"},"image":{"@id":"https:\/\/forbabyboss.com\/product\/luxury-baby-pram-flavio-travel-system-4in1-in-beige\/#primaryimage"},"thumbnailUrl":"https:\/\/forbabyboss.com\/wp-content\/uploads\/2022\/09\/Baby-Pram-Pushchair-Bebetto-Flavio-Travel-System-2in1-3in1-4in1-Car-Seat-01_main.png","datePublished":"2022-09-22T10:35:04+00:00","dateModified":"2026-02-24T14:54:41+00:00","description":"Carrinho de Beb\u00ea Flavio Sistema de Viagem 4 em 1 - 01","breadcrumb":{"@id":"https:\/\/forbabyboss.com\/product\/luxury-baby-pram-flavio-travel-system-4in1-in-beige\/#breadcrumb"},"inLanguage":"pt-PT","potentialAction":[{"@type":"ReadAction","target":["https:\/\/forbabyboss.com\/product\/luxury-baby-pram-flavio-travel-system-4in1-in-beige\/"]}]},{"@type":"ImageObject","inLanguage":"pt-PT","@id":"https:\/\/forbabyboss.com\/product\/luxury-baby-pram-flavio-travel-system-4in1-in-beige\/#primaryimage","url":"https:\/\/forbabyboss.com\/wp-content\/uploads\/2022\/09\/Baby-Pram-Pushchair-Bebetto-Flavio-Travel-System-2in1-3in1-4in1-Car-Seat-01_main.png","contentUrl":"https:\/\/forbabyboss.com\/wp-content\/uploads\/2022\/09\/Baby-Pram-Pushchair-Bebetto-Flavio-Travel-System-2in1-3in1-4in1-Car-Seat-01_main.png","width":800,"height":800},{"@type":"BreadcrumbList","@id":"https:\/\/forbabyboss.com\/product\/luxury-baby-pram-flavio-travel-system-4in1-in-beige\/#breadcrumb","itemListElement":[{"@type":"ListItem","position":1,"name":"Home","item":"https:\/\/forbabyboss.com\/"},{"@type":"ListItem","position":2,"name":"Shop","item":"https:\/\/forbabyboss.com\/shop\/"},{"@type":"ListItem","position":3,"name":"Luxury Baby Pram Flavio Travel System 4in1 in Beige"}]},{"@type":"WebSite","@id":"https:\/\/powderblue-seahorse-496884.hostingersite.com\/#website","url":"https:\/\/powderblue-seahorse-496884.hostingersite.com\/","name":"Para o Baby Boss","description":"Bonitos presentes e acess\u00f3rios para o seu chefe beb\u00e9","potentialAction":[{"@type":"SearchAction","target":{"@type":"EntryPoint","urlTemplate":"https:\/\/powderblue-seahorse-496884.hostingersite.com\/?s={search_term_string}"},"query-input":{"@type":"PropertyValueSpecification","valueRequired":true,"valueName":"search_term_string"}}],"inLanguage":"pt-PT"}]}},"_links":{"self":[{"href":"https:\/\/forbabyboss.com\/pt\/wp-json\/wp\/v2\/product\/4403","targetHints":{"allow":["GET"]}}],"collection":[{"href":"https:\/\/forbabyboss.com\/pt\/wp-json\/wp\/v2\/product"}],"about":[{"href":"https:\/\/forbabyboss.com\/pt\/wp-json\/wp\/v2\/types\/product"}],"wp:featuredmedia":[{"embeddable":true,"href":"https:\/\/forbabyboss.com\/pt\/wp-json\/wp\/v2\/media\/4408"}],"wp:attachment":[{"href":"https:\/\/forbabyboss.com\/pt\/wp-json\/wp\/v2\/media?parent=4403"}],"wp:term":[{"taxonomy":"product_brand","embeddable":true,"href":"https:\/\/forbabyboss.com\/pt\/wp-json\/wp\/v2\/product_brand?post=4403"},{"taxonomy":"product_cat","embeddable":true,"href":"https:\/\/forbabyboss.com\/pt\/wp-json\/wp\/v2\/product_cat?post=4403"},{"taxonomy":"product_tag","embeddable":true,"href":"https:\/\/forbabyboss.com\/pt\/wp-json\/wp\/v2\/product_tag?post=4403"}],"curies":[{"name":"wp","href":"https:\/\/api.w.org\/{rel}","templated":true}]}}