{"id":4520,"date":"2022-09-22T11:58:08","date_gmt":"2022-09-22T11:58:08","guid":{"rendered":"http:\/\/forbabyboss.com\/?post_type=product&#038;p=4520"},"modified":"2023-10-03T11:14:46","modified_gmt":"2023-10-03T11:14:46","slug":"carrinho-de-bebe-carvao-sistema-de-viagem-4-em-1","status":"publish","type":"product","link":"https:\/\/forbabyboss.com\/pt\/product\/baby-pram-charcoal-travel-system-4in1\/","title":{"rendered":"Carrinho de Beb\u00ea Sistema de Viagem 4 em 1 na Cor Carv\u00e3o"},"content":{"rendered":"<h2><strong><span style=\"color: #e14d43;\"><span style=\"font-style: inherit;\">Seu companheiro de fam\u00edlia<\/span><\/span><\/strong><\/h2>\n<p style=\"font-weight: 400; text-align: justify;\"><strong>Apreciado e amado por milhares de fam\u00edlias, o Tutis Uno apresenta a segunda gera\u00e7\u00e3o com ainda mais recursos! A equipe de engenharia da Tutis coletou avalia\u00e7\u00f5es de clientes, analisou-as e aprimorou o carrinho Uno. Apresentamos o Tutis Uno+ \u2013 o carrinho dos seus sonhos: seguro, dur\u00e1vel e delicado para os pais e os beb\u00eas.<\/strong><\/p>\n<p style=\"font-weight: 400; text-align: justify;\"><strong>O chassis Uno, extremamente manobr\u00e1vel e compacto, \u00e9 confort\u00e1vel e pr\u00e1tico para as aventuras di\u00e1rias na cidade e na natureza. O mois\u00e9s Tutis Uno+ destaca-se pela sua seguran\u00e7a e leveza.<\/strong><\/p>\n<h3 style=\"font-weight: 400; text-align: justify;\"><strong><span style=\"color: #e14d43;\">Carrinho de beb\u00ea ultraleve e t\u00e9rmico<\/span><\/strong><\/h3>\n<p style=\"font-weight: 400; text-align: justify;\"><strong>ARCEL\u2122 \u2013 uma combina\u00e7\u00e3o especial de materiais de polietileno foi inventada exclusivamente para os ber\u00e7os TUTIS, garantindo leveza e firmeza excepcionais.<\/strong><\/p>\n<p style=\"font-weight: 400; text-align: justify;\"><strong>ESTRUTURA DOBR\u00c1VEL COMPACTA<\/strong><\/p>\n<p style=\"font-weight: 400; text-align: justify;\"><strong>Gra\u00e7as \u00e0 sua engenharia sofisticada, o chassi do carrinho dobra-se de forma compacta, r\u00e1pida e f\u00e1cil. O carrinho dobrado cabe facilmente na mala do carro ou em casa.<\/strong><\/p>\n<h3 style=\"font-weight: 400; text-align: justify;\"><strong><span style=\"font-size: 120%; color: #e14d43;\">Assento espa\u00e7oso<\/span><\/strong><\/h3>\n<p style=\"font-weight: 400; text-align: justify;\"><strong>A estrutura do assento e a costura de alta qualidade s\u00e3o otimizadas nos m\u00ednimos detalhes, e a capota \u00e0 prova de ru\u00eddo pode ser totalmente abaixada para criar um o\u00e1sis de conforto durante as viagens.<\/strong><\/p>\n<h3 style=\"font-weight: 400; text-align: justify;\"><strong><span style=\"color: #e14d43;\">Pre\u00e7o inclu\u00eddo<\/span>:<\/strong><\/h3>\n<ul>\n<li><strong>Carrinho de beb\u00ea<\/strong><\/li>\n<li><strong>Unidade de assento<\/strong><\/li>\n<li><strong>Chassi esportivo<\/strong><\/li>\n<li><strong>Prote\u00e7\u00e3o contra chuva<\/strong><\/li>\n<li><strong>Bolsa de maternidade com roupa de cama<\/strong><\/li>\n<li><strong>6. Porta-copos<\/strong><\/li>\n<li><strong>Cesta de compras<\/strong><\/li>\n<li><strong>Capa para alcofa<\/strong><\/li>\n<li><strong>Capa para unidade de assento<\/strong><\/li>\n<li><strong>A al\u00e7a de prote\u00e7\u00e3o da unidade do assento<\/strong><\/li>\n<li><strong>Mosquiteiro<\/strong><\/li>\n<li><strong>Colch\u00e3o<\/strong><\/li>\n<\/ul>\n<p style=\"font-weight: 400; text-align: justify;\"><span style=\"color: #e14d43;\"><strong>Cadeirinha de carro confort\u00e1vel<\/strong><\/span><\/p>\n<ul>\n<li style=\"font-weight: 400; text-align: justify;\"><strong>Grupo 0-13 kg:<\/strong><\/li>\n<li style=\"font-weight: 400; text-align: justify;\"><strong>Aprova\u00e7\u00e3o europeia ECE R44\/04<\/strong><\/li>\n<li style=\"font-weight: 400; text-align: justify;\"><strong>Montado no carrinho pelo adaptador<\/strong><\/li>\n<li style=\"font-weight: 400; text-align: justify;\"><strong>cinto de seguran\u00e7a de 3 pontos<\/strong><\/li>\n<li style=\"font-weight: 400; text-align: justify;\"><strong>Almofada extra para rec\u00e9m-nascido<\/strong><\/li>\n<li style=\"font-weight: 400; text-align: justify;\"><strong>Al\u00e7a ajust\u00e1vel para transporte<\/strong><\/li>\n<li style=\"font-weight: 400; text-align: justify;\"><strong>Cobertura remov\u00edvel para o cap\u00f4<\/strong><\/li>\n<li style=\"font-weight: 400; text-align: justify;\"><strong>Cintos de seguran\u00e7a com altura ajust\u00e1vel<\/strong><\/li>\n<li style=\"font-weight: 400; text-align: justify;\"><strong>Modo voltado para a frente ou para tr\u00e1s<\/strong><\/li>\n<li style=\"font-weight: 400; text-align: justify;\"><strong>Equipado com sistema ISOFIX (opcional)<\/strong><\/li>\n<\/ul>\n<h3 style=\"font-weight: 400; text-align: justify;\"><strong><span style=\"color: #e14d43;\">Base Isofix<\/span>:<\/strong><\/h3>\n<ul style=\"text-align: justify;\">\n<li style=\"font-weight: 400;\"><strong>Cor: Preto<\/strong><\/li>\n<li style=\"font-weight: 400;\"><strong>Adequado desde o nascimento.<\/strong><\/li>\n<li style=\"font-weight: 400;\"><strong>Fixa-se diretamente ao chassi do carro utilizando os pontos de fixa\u00e7\u00e3o ISOFIX do ve\u00edculo.<\/strong><\/li>\n<li style=\"font-weight: 400;\"><strong>Tamb\u00e9m pode ser fixado utilizando o cinto de seguran\u00e7a do ve\u00edculo.<\/strong><\/li>\n<li style=\"font-weight: 400;\"><strong>Compat\u00edvel com as cadeiras auto Tutis<\/strong><\/li>\n<li style=\"font-weight: 400;\"><strong>F\u00e1cil de instalar<\/strong><\/li>\n<li style=\"font-weight: 400;\"><strong>Seguro e protegido<\/strong><\/li>\n<li style=\"font-weight: 400;\"><strong>Minimiza a complica\u00e7\u00e3o<\/strong><\/li>\n<li style=\"font-weight: 400;\"><strong>Reduz a probabilidade de acordar o beb\u00ea ao transferi-lo do carro para casa.<\/strong><\/li>\n<li style=\"font-weight: 400;\"><strong>A perna de apoio proporciona estabilidade e seguran\u00e7a m\u00e1ximas, al\u00e9m de ser facilmente ajust\u00e1vel para um encaixe perfeito.<\/strong><\/li>\n<li style=\"font-weight: 400;\"><strong>Os indicadores de cor confirmam a instala\u00e7\u00e3o correta da base no ve\u00edculo.<\/strong><\/li>\n<\/ul>\n<h3 style=\"text-align: justify;\" align=\"center\"><strong><span style=\"font-family: Arial; color: #e14d43;\">Dimens\u00f5es, Peso<\/span><\/strong><\/h3>\n<ul>\n<li style=\"text-align: justify;\"><strong>Dimens\u00f5es internas do carrinho \/ peso: 84\u00d738 cm \/ 3,75 kg<\/strong><\/li>\n<li style=\"text-align: justify;\"><strong>Dimens\u00f5es internas\/peso da unidade do assento: 95\u00d738 cm \/ 4,8 kg<\/strong><\/li>\n<li style=\"text-align: justify;\"><strong>Dimens\u00f5es internas\/peso da cadeirinha: 71\u00d731,5 cm \/ 3,2 kg<\/strong><\/li>\n<li style=\"text-align: justify;\"><strong>Chassi + rodas: 7,8 kg<\/strong><\/li>\n<li style=\"text-align: justify;\"><strong>Dobrado, ocupa um espa\u00e7o de 80x61x34 cm.<\/strong><\/li>\n<\/ul>\n<p><strong><a href=\"http:\/\/forbabyboss.com\/wp-content\/uploads\/2022\/09\/checkout.png\"><img loading=\"lazy\" decoding=\"async\" class=\"alignnone size-full wp-image-5965\" src=\"http:\/\/forbabyboss.com\/wp-content\/uploads\/2022\/09\/checkout.png\" alt=\"\" width=\"750\" height=\"276\" srcset=\"https:\/\/forbabyboss.com\/wp-content\/uploads\/2022\/09\/checkout.png 750w, https:\/\/forbabyboss.com\/wp-content\/uploads\/2022\/09\/checkout-600x221.png 600w\" sizes=\"auto, (max-width: 750px) 100vw, 750px\" \/><\/a><\/strong><\/p>","protected":false},"excerpt":{"rendered":"<p><a href=\"http:\/\/forbabyboss.com\/wp-content\/uploads\/2022\/09\/Star-Rating-5.png\"><img loading=\"lazy\" decoding=\"async\" class=\"alignnone size-full wp-image-5973 aligncenter\" src=\"http:\/\/forbabyboss.com\/wp-content\/uploads\/2022\/09\/Star-Rating-5.png\" alt=\"\" width=\"275\" height=\"45\" \/><\/a><\/p>\n<p style=\"text-align: center;\"><span style=\"color: #ed1c24; font-size: 120%;\"><b>GARANTIA DE MELHORA DE PRE\u00c7O<\/b><\/span><\/p>\n<p style=\"text-align: center;\"><span style=\"font-size: 115%;\"><span style=\"font-weight: 400; color: #4f4fa7;\">Entrega gr\u00e1tis<\/span><span style=\"font-weight: 400;\"> \u2013 2 a 7 dias<\/span><\/span><\/p>\n<p style=\"text-align: center;\"><strong><span style=\"color: #29606b;\">Brinde gr\u00e1tis em compras acima de \u00a3100<\/span><\/strong><\/p>","protected":false},"featured_media":4523,"template":"","meta":[],"product_brand":[],"product_cat":[197,207,305,130,211],"product_tag":[200,171],"class_list":{"0":"post-4520","1":"product","2":"type-product","3":"status-publish","4":"has-post-thumbnail","6":"product_cat-4-in-1-pram","7":"product_cat-black","8":"product_cat-colour","9":"product_cat-prams","10":"product_cat-stroller","11":"product_tag-4-in-1-pram","12":"product_tag-pram","14":"first","15":"instock","16":"sale","17":"shipping-taxable","18":"purchasable","19":"product-type-simple"},"yoast_head":"<!-- This site is optimized with the Yoast SEO plugin v27.6 - https:\/\/yoast.com\/product\/yoast-seo-wordpress\/ -->\n<title>Baby Pram Charcoal Travel System 4in1 - For Baby Boss<\/title>\n<meta name=\"description\" content=\"Baby Pram Charcoal Travel System 4in1\" \/>\n<meta name=\"robots\" content=\"index, follow, max-snippet:-1, max-image-preview:large, max-video-preview:-1\" \/>\n<link rel=\"canonical\" href=\"https:\/\/forbabyboss.com\/pt\/produto\/carrinho-de-bebe-carvao-sistema-de-viagem-4-em-1\/\" \/>\n<meta property=\"og:locale\" content=\"pt_PT\" \/>\n<meta property=\"og:type\" content=\"article\" \/>\n<meta property=\"og:title\" content=\"Baby Pram Charcoal Travel System 4in1 - For Baby Boss\" \/>\n<meta property=\"og:description\" content=\"Baby Pram Charcoal Travel System 4in1\" \/>\n<meta property=\"og:url\" content=\"https:\/\/forbabyboss.com\/pt\/produto\/carrinho-de-bebe-carvao-sistema-de-viagem-4-em-1\/\" \/>\n<meta property=\"og:site_name\" content=\"For Baby Boss\" \/>\n<meta property=\"article:modified_time\" content=\"2023-10-03T11:14:46+00:00\" \/>\n<meta property=\"og:image\" content=\"https:\/\/forbabyboss.com\/wp-content\/uploads\/2022\/09\/Baby-Pram-Pushchair-Tutis-UNO-Charcoal-Travel-System-2in1-3in1-4in1-Car-Seat-100-Charcoal-4in1-3n1isofix-base_Main.jpg\" \/>\n\t<meta property=\"og:image:width\" content=\"1020\" \/>\n\t<meta property=\"og:image:height\" content=\"1023\" \/>\n\t<meta property=\"og:image:type\" content=\"image\/jpeg\" \/>\n<meta name=\"twitter:card\" content=\"summary_large_image\" \/>\n<meta name=\"twitter:label1\" content=\"Tempo estimado de leitura\" \/>\n\t<meta name=\"twitter:data1\" content=\"2 minutos\" \/>\n<script type=\"application\/ld+json\" class=\"yoast-schema-graph\">{\"@context\":\"https:\\\/\\\/schema.org\",\"@graph\":[{\"@type\":\"WebPage\",\"@id\":\"https:\\\/\\\/forbabyboss.com\\\/product\\\/baby-pram-charcoal-travel-system-4in1\\\/\",\"url\":\"https:\\\/\\\/forbabyboss.com\\\/product\\\/baby-pram-charcoal-travel-system-4in1\\\/\",\"name\":\"Baby Pram Charcoal Travel System 4in1 - For Baby Boss\",\"isPartOf\":{\"@id\":\"https:\\\/\\\/powderblue-seahorse-496884.hostingersite.com\\\/#website\"},\"primaryImageOfPage\":{\"@id\":\"https:\\\/\\\/forbabyboss.com\\\/product\\\/baby-pram-charcoal-travel-system-4in1\\\/#primaryimage\"},\"image\":{\"@id\":\"https:\\\/\\\/forbabyboss.com\\\/product\\\/baby-pram-charcoal-travel-system-4in1\\\/#primaryimage\"},\"thumbnailUrl\":\"https:\\\/\\\/forbabyboss.com\\\/wp-content\\\/uploads\\\/2022\\\/09\\\/Baby-Pram-Pushchair-Tutis-UNO-Charcoal-Travel-System-2in1-3in1-4in1-Car-Seat-100-Charcoal-4in1-3n1isofix-base_Main.jpg\",\"datePublished\":\"2022-09-22T11:58:08+00:00\",\"dateModified\":\"2023-10-03T11:14:46+00:00\",\"description\":\"Baby Pram Charcoal Travel System 4in1\",\"breadcrumb\":{\"@id\":\"https:\\\/\\\/forbabyboss.com\\\/product\\\/baby-pram-charcoal-travel-system-4in1\\\/#breadcrumb\"},\"inLanguage\":\"pt-PT\",\"potentialAction\":[{\"@type\":\"ReadAction\",\"target\":[\"https:\\\/\\\/forbabyboss.com\\\/product\\\/baby-pram-charcoal-travel-system-4in1\\\/\"]}]},{\"@type\":\"ImageObject\",\"inLanguage\":\"pt-PT\",\"@id\":\"https:\\\/\\\/forbabyboss.com\\\/product\\\/baby-pram-charcoal-travel-system-4in1\\\/#primaryimage\",\"url\":\"https:\\\/\\\/forbabyboss.com\\\/wp-content\\\/uploads\\\/2022\\\/09\\\/Baby-Pram-Pushchair-Tutis-UNO-Charcoal-Travel-System-2in1-3in1-4in1-Car-Seat-100-Charcoal-4in1-3n1isofix-base_Main.jpg\",\"contentUrl\":\"https:\\\/\\\/forbabyboss.com\\\/wp-content\\\/uploads\\\/2022\\\/09\\\/Baby-Pram-Pushchair-Tutis-UNO-Charcoal-Travel-System-2in1-3in1-4in1-Car-Seat-100-Charcoal-4in1-3n1isofix-base_Main.jpg\",\"width\":1020,\"height\":1023},{\"@type\":\"BreadcrumbList\",\"@id\":\"https:\\\/\\\/forbabyboss.com\\\/product\\\/baby-pram-charcoal-travel-system-4in1\\\/#breadcrumb\",\"itemListElement\":[{\"@type\":\"ListItem\",\"position\":1,\"name\":\"Home\",\"item\":\"https:\\\/\\\/forbabyboss.com\\\/\"},{\"@type\":\"ListItem\",\"position\":2,\"name\":\"Shop\",\"item\":\"https:\\\/\\\/forbabyboss.com\\\/shop\\\/\"},{\"@type\":\"ListItem\",\"position\":3,\"name\":\"Baby Pram Charcoal Travel System 4in1\"}]},{\"@type\":\"WebSite\",\"@id\":\"https:\\\/\\\/powderblue-seahorse-496884.hostingersite.com\\\/#website\",\"url\":\"https:\\\/\\\/powderblue-seahorse-496884.hostingersite.com\\\/\",\"name\":\"For Baby Boss\",\"description\":\"Beautiful gifts and accessories for your baby boss\",\"potentialAction\":[{\"@type\":\"SearchAction\",\"target\":{\"@type\":\"EntryPoint\",\"urlTemplate\":\"https:\\\/\\\/powderblue-seahorse-496884.hostingersite.com\\\/?s={search_term_string}\"},\"query-input\":{\"@type\":\"PropertyValueSpecification\",\"valueRequired\":true,\"valueName\":\"search_term_string\"}}],\"inLanguage\":\"pt-PT\"}]}<\/script>\n<!-- \/ Yoast SEO plugin. -->","yoast_head_json":{"title":"Carrinho de Beb\u00ea Sistema de Viagem 4 em 1 na Cor Carv\u00e3o - Para Baby Boss","description":"Carrinho de Beb\u00ea Sistema de Viagem 4 em 1 na Cor Carv\u00e3o","robots":{"index":"index","follow":"follow","max-snippet":"max-snippet:-1","max-image-preview":"max-image-preview:large","max-video-preview":"max-video-preview:-1"},"canonical":"https:\/\/forbabyboss.com\/pt\/produto\/carrinho-de-bebe-carvao-sistema-de-viagem-4-em-1\/","og_locale":"pt_PT","og_type":"article","og_title":"Baby Pram Charcoal Travel System 4in1 - For Baby Boss","og_description":"Baby Pram Charcoal Travel System 4in1","og_url":"https:\/\/forbabyboss.com\/pt\/produto\/carrinho-de-bebe-carvao-sistema-de-viagem-4-em-1\/","og_site_name":"For Baby Boss","article_modified_time":"2023-10-03T11:14:46+00:00","og_image":[{"width":1020,"height":1023,"url":"https:\/\/forbabyboss.com\/wp-content\/uploads\/2022\/09\/Baby-Pram-Pushchair-Tutis-UNO-Charcoal-Travel-System-2in1-3in1-4in1-Car-Seat-100-Charcoal-4in1-3n1isofix-base_Main.jpg","type":"image\/jpeg"}],"twitter_card":"summary_large_image","twitter_misc":{"Tempo estimado de leitura":"2 minutos"},"schema":{"@context":"https:\/\/schema.org","@graph":[{"@type":"WebPage","@id":"https:\/\/forbabyboss.com\/product\/baby-pram-charcoal-travel-system-4in1\/","url":"https:\/\/forbabyboss.com\/product\/baby-pram-charcoal-travel-system-4in1\/","name":"Carrinho de Beb\u00ea Sistema de Viagem 4 em 1 na Cor Carv\u00e3o - Para Baby Boss","isPartOf":{"@id":"https:\/\/powderblue-seahorse-496884.hostingersite.com\/#website"},"primaryImageOfPage":{"@id":"https:\/\/forbabyboss.com\/product\/baby-pram-charcoal-travel-system-4in1\/#primaryimage"},"image":{"@id":"https:\/\/forbabyboss.com\/product\/baby-pram-charcoal-travel-system-4in1\/#primaryimage"},"thumbnailUrl":"https:\/\/forbabyboss.com\/wp-content\/uploads\/2022\/09\/Baby-Pram-Pushchair-Tutis-UNO-Charcoal-Travel-System-2in1-3in1-4in1-Car-Seat-100-Charcoal-4in1-3n1isofix-base_Main.jpg","datePublished":"2022-09-22T11:58:08+00:00","dateModified":"2023-10-03T11:14:46+00:00","description":"Carrinho de Beb\u00ea Sistema de Viagem 4 em 1 na Cor Carv\u00e3o","breadcrumb":{"@id":"https:\/\/forbabyboss.com\/product\/baby-pram-charcoal-travel-system-4in1\/#breadcrumb"},"inLanguage":"pt-PT","potentialAction":[{"@type":"ReadAction","target":["https:\/\/forbabyboss.com\/product\/baby-pram-charcoal-travel-system-4in1\/"]}]},{"@type":"ImageObject","inLanguage":"pt-PT","@id":"https:\/\/forbabyboss.com\/product\/baby-pram-charcoal-travel-system-4in1\/#primaryimage","url":"https:\/\/forbabyboss.com\/wp-content\/uploads\/2022\/09\/Baby-Pram-Pushchair-Tutis-UNO-Charcoal-Travel-System-2in1-3in1-4in1-Car-Seat-100-Charcoal-4in1-3n1isofix-base_Main.jpg","contentUrl":"https:\/\/forbabyboss.com\/wp-content\/uploads\/2022\/09\/Baby-Pram-Pushchair-Tutis-UNO-Charcoal-Travel-System-2in1-3in1-4in1-Car-Seat-100-Charcoal-4in1-3n1isofix-base_Main.jpg","width":1020,"height":1023},{"@type":"BreadcrumbList","@id":"https:\/\/forbabyboss.com\/product\/baby-pram-charcoal-travel-system-4in1\/#breadcrumb","itemListElement":[{"@type":"ListItem","position":1,"name":"Home","item":"https:\/\/forbabyboss.com\/"},{"@type":"ListItem","position":2,"name":"Shop","item":"https:\/\/forbabyboss.com\/shop\/"},{"@type":"ListItem","position":3,"name":"Baby Pram Charcoal Travel System 4in1"}]},{"@type":"WebSite","@id":"https:\/\/powderblue-seahorse-496884.hostingersite.com\/#website","url":"https:\/\/powderblue-seahorse-496884.hostingersite.com\/","name":"Para o Baby Boss","description":"Bonitos presentes e acess\u00f3rios para o seu chefe beb\u00e9","potentialAction":[{"@type":"SearchAction","target":{"@type":"EntryPoint","urlTemplate":"https:\/\/powderblue-seahorse-496884.hostingersite.com\/?s={search_term_string}"},"query-input":{"@type":"PropertyValueSpecification","valueRequired":true,"valueName":"search_term_string"}}],"inLanguage":"pt-PT"}]}},"_links":{"self":[{"href":"https:\/\/forbabyboss.com\/pt\/wp-json\/wp\/v2\/product\/4520","targetHints":{"allow":["GET"]}}],"collection":[{"href":"https:\/\/forbabyboss.com\/pt\/wp-json\/wp\/v2\/product"}],"about":[{"href":"https:\/\/forbabyboss.com\/pt\/wp-json\/wp\/v2\/types\/product"}],"wp:featuredmedia":[{"embeddable":true,"href":"https:\/\/forbabyboss.com\/pt\/wp-json\/wp\/v2\/media\/4523"}],"wp:attachment":[{"href":"https:\/\/forbabyboss.com\/pt\/wp-json\/wp\/v2\/media?parent=4520"}],"wp:term":[{"taxonomy":"product_brand","embeddable":true,"href":"https:\/\/forbabyboss.com\/pt\/wp-json\/wp\/v2\/product_brand?post=4520"},{"taxonomy":"product_cat","embeddable":true,"href":"https:\/\/forbabyboss.com\/pt\/wp-json\/wp\/v2\/product_cat?post=4520"},{"taxonomy":"product_tag","embeddable":true,"href":"https:\/\/forbabyboss.com\/pt\/wp-json\/wp\/v2\/product_tag?post=4520"}],"curies":[{"name":"wp","href":"https:\/\/api.w.org\/{rel}","templated":true}]}}