{"id":4744,"date":"2022-09-09T15:27:50","date_gmt":"2022-09-09T15:27:50","guid":{"rendered":"http:\/\/forbabyboss.com\/?post_type=product&#038;p=4744"},"modified":"2026-02-18T21:32:22","modified_gmt":"2026-02-18T21:32:22","slug":"carrinho-de-bebe-fx-4-em-1-fx-13","status":"publish","type":"product","link":"https:\/\/forbabyboss.com\/pt\/product\/fx-pram-stroller-puschair-4in1-fx-13\/","title":{"rendered":"Carrinho de Beb\u00ea FX 4 em 1 FX 13"},"content":{"rendered":"<p style=\"text-align: justify;\" align=\"center\"><strong><span style=\"font-size: medium; color: #808080;\">Fabricado na Europa com materiais de alta qualidade, estrutura leve de alum\u00ednio e design moderno.<br \/>\n<\/span><\/strong><\/p>\n<p style=\"text-align: justify;\" align=\"center\"><strong><span style=\"font-family: Arial; color: #808080;\">FX \u00e9 um sistema de viagem multifuncional para crian\u00e7as, 2 em 1 \/ 3 em 1 \/ 4 em 1. \u00c9 uma \u00f3tima combina\u00e7\u00e3o de minimalismo e funcionalidade universal no s\u00e9culo XXI.<\/span><\/strong><\/p>\n<p style=\"text-align: justify;\" align=\"center\"><strong><span style=\"font-family: Arial; color: #808080;\">Este carrinho de beb\u00ea tem um design extremamente elegante, e suas rodas pequenas, por\u00e9m est\u00e1veis, est\u00e3o em total sintonia com as \u00faltimas tend\u00eancias do design europeu. Foi projetado para pais que buscam um produto dur\u00e1vel. A estrutura leve de alum\u00ednio com amortecedor ajust\u00e1vel torna a condu\u00e7\u00e3o muito f\u00e1cil.<\/span><\/strong><\/p>\n<h4 style=\"text-align: justify;\" align=\"center\"><strong><span style=\"color: #808080;\"><span style=\"font-family: Arial;\"><span style=\"color: #e14d43;\">O conjunto inclui<\/span>:<\/span><\/span><\/strong><\/h4>\n<p><strong><span style=\"color: #808080;\"><span style=\"font-family: Arial;\"> Protetores de perna, cobertura para as pernas, porta-copos e muito mais.<\/span><\/span><\/strong><\/p>\n<p><strong><span style=\"color: #808080;\"><span style=\"font-family: Arial;\"> D\u00ea uma olhada!<\/span><\/span><\/strong><\/p>\n<p><strong><span style=\"color: #808080;\"><span style=\"font-family: Arial;\">Existem op\u00e7\u00f5es que voc\u00ea pode escolher:\u00a0<\/span><\/span><\/strong><\/p>\n<p style=\"text-align: justify;\" align=\"center\"><strong><span style=\"font-family: Arial; color: #808080;\">\u2013 Op\u00e7\u00e3o 2 em 1 que inclui estrutura, alcofa e carrinho de passeio (veja nossos outros an\u00fancios)<\/span><\/strong><\/p>\n<p style=\"text-align: justify;\" align=\"center\"><strong><span style=\"font-family: Arial; color: #808080;\">\u2013 Op\u00e7\u00e3o 3 em 1 que inclui estrutura, alcofa, carrinho de passeio e cadeira auto (consulte os nossos outros an\u00fancios)<\/span><\/strong><\/p>\n<p style=\"text-align: justify;\" align=\"center\"><strong><span style=\"color: #808080;\"><span style=\"font-family: Arial;\">\u2013\u00a0 \u00a0<\/span><span style=\"font-family: Arial;\">Op\u00e7\u00e3o 4 em 1 que inclui tudo o que foi mencionado acima, com uma base ISOFIX que proporciona estabilidade e seguran\u00e7a para o seu beb\u00ea durante viagens de carro.<\/span><\/span><\/strong><\/p>\n<h4 style=\"text-align: justify;\" align=\"center\"><strong><span style=\"font-family: Arial; color: #808080;\"><span style=\"color: #e14d43;\">Caracter\u00edsticas do produto<\/span>:<\/span><\/strong><\/h4>\n<p style=\"text-align: justify;\" align=\"center\"><strong><span style=\"font-family: Arial; color: #808080;\">\u2013 Constru\u00e7\u00e3o elegante, leve e dur\u00e1vel em alum\u00ednio<\/span><\/strong><\/p>\n<p style=\"text-align: justify;\" align=\"center\"><strong><span style=\"font-family: Arial; color: #808080;\">\u2013 Moldura elegante<\/span><\/strong><\/p>\n<p style=\"text-align: justify;\" align=\"center\"><strong><span style=\"font-family: Arial; color: #808080;\">\u2013 Sistema de dobragem f\u00e1cil e pr\u00e1tico \u2013 at\u00e9 \u00e0 posi\u00e7\u00e3o \u201c0\u201d<\/span><\/strong><\/p>\n<p style=\"text-align: justify;\" align=\"center\"><strong><span style=\"font-family: Arial; color: #808080;\">\u2013 Encosto ajust\u00e1vel<\/span><\/strong><\/p>\n<p style=\"text-align: justify;\" align=\"center\"><strong><span style=\"font-family: Arial; color: #808080;\">\u2013 Rodas de espuma (gel) t\u00e3o macias quanto as infl\u00e1veis (mas que n\u00e3o furam), proporcionando um conforto excepcional para a crian\u00e7a.<\/span><\/strong><\/p>\n<p style=\"text-align: justify;\" align=\"center\"><strong><span style=\"font-family: Arial; color: #808080;\">\u2013 Rodas com sistema de rota\u00e7\u00e3o de 360 graus<\/span><\/strong><\/p>\n<p style=\"text-align: justify;\" align=\"center\"><strong><span style=\"font-family: Arial; color: #808080;\">\u2013 Sistema antichoque<\/span><\/strong><\/p>\n<p style=\"text-align: justify;\" align=\"center\"><strong><span style=\"font-family: Arial; color: #808080;\">- Al\u00e7a ajust\u00e1vel que permite regular a altura de acordo com a necessidade dos pais.<\/span><\/strong><\/p>\n<p><strong><span style=\"color: #808080;\"><span style=\"font-size: large;\"><span style=\"color: #e14d43;\">Pre\u00e7o inclu\u00eddo<\/span>:<\/span><\/span><\/strong><\/p>\n<p style=\"text-align: justify;\" align=\"center\"><strong><span style=\"font-family: Arial; color: #808080;\">- Estrutura em alum\u00ednio<\/span><\/strong><\/p>\n<p style=\"text-align: justify;\" align=\"center\"><strong><span style=\"font-family: Arial; color: #808080;\">\u2013 4 rodas de espuma\/gel<\/span><\/strong><\/p>\n<p style=\"text-align: justify;\" align=\"center\"><strong><span style=\"font-family: Arial; color: #808080;\">\u2013 Carrinho de beb\u00ea<\/span><\/strong><\/p>\n<p style=\"text-align: justify;\" align=\"center\"><strong><span style=\"font-family: Arial; color: #808080;\">\u2013 Carrinho de beb\u00ea<\/span><\/strong><\/p>\n<p style=\"text-align: justify;\" align=\"center\"><strong><span style=\"font-family: Arial; color: #808080;\">\u2013 Capa de chuva<\/span><\/strong><\/p>\n<p style=\"text-align: justify;\" align=\"center\"><strong><span style=\"font-family: Arial; color: #808080;\">\u2013 Mosquiteiro<\/span><\/strong><\/p>\n<p style=\"text-align: justify;\" align=\"center\"><strong><span style=\"font-family: Arial; color: #808080;\">- Bolsa<\/span><\/strong><\/p>\n<p style=\"text-align: justify;\" align=\"center\"><strong><span style=\"font-family: Arial; color: #808080;\">\u2013 Cesta de compras<\/span><\/strong><\/p>\n<p style=\"text-align: justify;\" align=\"center\"><strong><span style=\"font-family: Arial; color: #808080;\">\u2013 Saco de dormir<\/span><\/strong><\/p>\n<p style=\"text-align: justify;\" align=\"center\"><strong><span style=\"font-family: Arial; color: #808080;\">\u2013 Luva de m\u00e3o<\/span><\/strong><\/p>\n<p style=\"text-align: justify;\" align=\"center\"><strong><span style=\"font-family: Arial; color: #808080;\">- Caneca<\/span><\/strong><\/p>\n<p style=\"text-align: justify;\" align=\"center\"><strong><span style=\"color: #808080;\"><span style=\"font-family: Arial;\">\u2013 Garantia de 24 meses<\/span><\/span><\/strong><\/p>\n<p style=\"text-align: justify;\" align=\"center\"><strong><span style=\"color: #808080;\"><span style=\"font-family: Arial;\">\u2013 *KITE para cadeirinha de carro (opcional)<\/span><\/span><\/strong><\/p>\n<p style=\"text-align: justify;\" align=\"center\"><strong><span style=\"color: #808080;\"><span style=\"font-family: Arial;\">\u2013 *Base ISOFIX (opcional)<\/span><\/span><\/strong><\/p>\n<h4 style=\"text-align: justify;\" align=\"center\"><strong><span style=\"font-family: Arial; font-size: large; color: #808080;\"><span style=\"color: #e14d43;\">Kite para cadeirinha de carro<\/span>*<\/span><\/strong><\/h4>\n<p style=\"text-align: justify;\" align=\"center\"><strong><span style=\"font-family: Arial; color: #808080;\">Grupo 0-13 kg<\/span><\/strong><\/p>\n<p style=\"text-align: justify;\" align=\"center\"><strong><span style=\"font-family: Arial; color: #808080;\">Aprova\u00e7\u00e3o europeia ECE R44\/04<\/span><\/strong><\/p>\n<p style=\"text-align: justify;\" align=\"center\"><strong><span style=\"font-family: Arial; color: #808080;\">Montado na estrutura do carrinho de beb\u00ea por meio de adaptadores.<\/span><\/strong><\/p>\n<p style=\"text-align: justify;\" align=\"center\"><strong><span style=\"font-family: Arial; color: #808080;\">cinto de seguran\u00e7a de 3 pontos<\/span><\/strong><\/p>\n<p style=\"text-align: justify;\" align=\"center\"><strong><span style=\"font-family: Arial; color: #808080;\">Almofada extra para rec\u00e9m-nascido<\/span><\/strong><\/p>\n<p style=\"text-align: justify;\" align=\"center\"><strong><span style=\"font-family: Arial; color: #808080;\">Protetor de p\u00e9s<\/span><\/strong><\/p>\n<p style=\"text-align: justify;\" align=\"center\"><strong><span style=\"font-family: Arial; color: #808080;\">Al\u00e7a ajust\u00e1vel para transporte<\/span><\/strong><\/p>\n<p style=\"text-align: justify;\" align=\"center\"><strong><span style=\"font-family: Arial; color: #808080;\">Cobertura remov\u00edvel para o cap\u00f4<\/span><\/strong><\/p>\n<p style=\"text-align: justify;\" align=\"center\"><strong><span style=\"font-family: Arial; color: #808080;\">Cintos de seguran\u00e7a com altura ajust\u00e1vel<\/span><\/strong><\/p>\n<p style=\"text-align: justify;\" align=\"center\"><strong><span style=\"font-family: Arial; color: #808080;\">Modo virado para a frente ou para tr\u00e1s<\/span><\/strong><\/p>\n<p style=\"font-weight: 400;\"><strong><span style=\"color: #e14d43;\">DIMENS\u00d5ES<\/span><\/strong><\/p>\n<p style=\"font-weight: 400;\"><strong><span style=\"color: #e14d43;\">Carrinho de beb\u00ea<\/span><\/strong><\/p>\n<p style=\"font-weight: 400;\"><strong>comprimento 84 cm<\/strong><\/p>\n<p style=\"font-weight: 400;\"><strong>altura 58 cm<\/strong><\/p>\n<p style=\"font-weight: 400;\"><strong>largura 36 cm<\/strong><\/p>\n<p style=\"font-weight: 400;\"><strong><span style=\"color: #e14d43;\">Assento de autom\u00f3vel<\/span><\/strong><\/p>\n<ul>\n<li style=\"font-weight: 400;\"><strong>Peso: 3,3 kg<\/strong><\/li>\n<li style=\"font-weight: 400;\"><strong>Para crian\u00e7as com peso entre 0 e 13 kg<\/strong><\/li>\n<\/ul>\n<p style=\"font-weight: 400;\"><strong><span style=\"color: #e14d43;\">Quadro<\/span><\/strong><\/p>\n<ul>\n<li style=\"font-weight: 400;\"><strong>Peso \u2013 6 kg<\/strong><\/li>\n<li style=\"font-weight: 400;\"><strong>aberto 98 x 60 x 125,5 cm<\/strong><\/li>\n<li style=\"font-weight: 400;\"><strong>fechado 82,5 x 40,5 cm<\/strong><\/li>\n<\/ul>\n<p style=\"text-align: left;\" align=\"center\"><a href=\"http:\/\/forbabyboss.com\/wp-content\/uploads\/2022\/09\/checkout.png\"><img loading=\"lazy\" decoding=\"async\" class=\"alignnone size-full wp-image-5965\" src=\"http:\/\/forbabyboss.com\/wp-content\/uploads\/2022\/09\/checkout.png\" alt=\"\" width=\"750\" height=\"276\" srcset=\"https:\/\/forbabyboss.com\/wp-content\/uploads\/2022\/09\/checkout.png 750w, https:\/\/forbabyboss.com\/wp-content\/uploads\/2022\/09\/checkout-600x221.png 600w\" sizes=\"auto, (max-width: 750px) 100vw, 750px\" \/><\/a><\/p>","protected":false},"excerpt":{"rendered":"<p><a href=\"http:\/\/forbabyboss.com\/wp-content\/uploads\/2022\/09\/Star-Rating-5.png\"><img loading=\"lazy\" decoding=\"async\" class=\"alignnone size-full wp-image-5973 aligncenter\" src=\"http:\/\/forbabyboss.com\/wp-content\/uploads\/2022\/09\/Star-Rating-5.png\" alt=\"\" width=\"275\" height=\"45\" \/><\/a><\/p>\n<p style=\"text-align: center;\"><span style=\"color: #ed1c24; font-size: 120%;\"><b>GARANTIA DE MELHORA DE PRE\u00c7O<\/b><\/span><\/p>\n<p style=\"text-align: center;\"><span style=\"font-size: 115%;\"><span style=\"font-weight: 400; color: #4f4fa7;\">Entrega gr\u00e1tis<\/span><span style=\"font-weight: 400;\"> \u2013 2 a 7 dias<\/span><\/span><\/p>\n<p style=\"text-align: center;\"><strong><span style=\"color: #29606b;\">Brinde gr\u00e1tis em compras acima de \u00a3100<\/span><\/strong><\/p>","protected":false},"featured_media":4748,"template":"","meta":[],"product_brand":[582],"product_cat":[340,157,156,197,305,130,314,211],"product_tag":[202,199],"class_list":{"0":"post-4744","1":"product","2":"type-product","3":"status-publish","4":"has-post-thumbnail","6":"product_brand-paradise-b","7":"product_cat-800-to-900","8":"product_cat-2-in-1","9":"product_cat-3-in-1","10":"product_cat-4-in-1-pram","11":"product_cat-colour","12":"product_cat-prams","13":"product_cat-red","14":"product_cat-stroller","15":"product_tag-3-in-1-pram","16":"product_tag-prams","18":"first","19":"instock","20":"sale","21":"shipping-taxable","22":"purchasable","23":"product-type-simple"},"yoast_head":"<!-- This site is optimized with the Yoast SEO plugin v27.5 - https:\/\/yoast.com\/product\/yoast-seo-wordpress\/ -->\n<title>FX Pram Stroller Puschair 4in1 FX 13 - For Baby Boss<\/title>\n<meta name=\"description\" content=\"FX Pram Stroller Puschair 4in1 FX 13\" \/>\n<meta name=\"robots\" content=\"index, follow, max-snippet:-1, max-image-preview:large, max-video-preview:-1\" \/>\n<link rel=\"canonical\" href=\"https:\/\/forbabyboss.com\/pt\/produto\/carrinho-de-bebe-fx-4-em-1-fx-13\/\" \/>\n<meta property=\"og:locale\" content=\"pt_PT\" \/>\n<meta property=\"og:type\" content=\"article\" \/>\n<meta property=\"og:title\" content=\"FX Pram Stroller Puschair 4in1 FX 13 - For Baby Boss\" \/>\n<meta property=\"og:description\" content=\"FX Pram Stroller Puschair 4in1 FX 13\" \/>\n<meta property=\"og:url\" content=\"https:\/\/forbabyboss.com\/pt\/produto\/carrinho-de-bebe-fx-4-em-1-fx-13\/\" \/>\n<meta property=\"og:site_name\" content=\"For Baby Boss\" \/>\n<meta property=\"article:modified_time\" content=\"2026-02-18T21:32:22+00:00\" \/>\n<meta property=\"og:image\" content=\"https:\/\/forbabyboss.com\/wp-content\/uploads\/2022\/09\/Paradise-Baby-FX-Pram-Stroller-Puschair-Travel-system-2in1-3in1-Car-Seat-ISOFIX-FX-12-3in12in1-and-carseat_main-1.jpg\" \/>\n\t<meta property=\"og:image:width\" content=\"1200\" \/>\n\t<meta property=\"og:image:height\" content=\"1372\" \/>\n\t<meta property=\"og:image:type\" content=\"image\/jpeg\" \/>\n<meta name=\"twitter:card\" content=\"summary_large_image\" \/>\n<meta name=\"twitter:label1\" content=\"Tempo estimado de leitura\" \/>\n\t<meta name=\"twitter:data1\" content=\"2 minutos\" \/>\n<script type=\"application\/ld+json\" class=\"yoast-schema-graph\">{\"@context\":\"https:\\\/\\\/schema.org\",\"@graph\":[{\"@type\":\"WebPage\",\"@id\":\"https:\\\/\\\/forbabyboss.com\\\/product\\\/fx-pram-stroller-puschair-4in1-fx-13\\\/\",\"url\":\"https:\\\/\\\/forbabyboss.com\\\/product\\\/fx-pram-stroller-puschair-4in1-fx-13\\\/\",\"name\":\"FX Pram Stroller Puschair 4in1 FX 13 - For Baby Boss\",\"isPartOf\":{\"@id\":\"https:\\\/\\\/powderblue-seahorse-496884.hostingersite.com\\\/#website\"},\"primaryImageOfPage\":{\"@id\":\"https:\\\/\\\/forbabyboss.com\\\/product\\\/fx-pram-stroller-puschair-4in1-fx-13\\\/#primaryimage\"},\"image\":{\"@id\":\"https:\\\/\\\/forbabyboss.com\\\/product\\\/fx-pram-stroller-puschair-4in1-fx-13\\\/#primaryimage\"},\"thumbnailUrl\":\"https:\\\/\\\/forbabyboss.com\\\/wp-content\\\/uploads\\\/2022\\\/09\\\/Paradise-Baby-FX-Pram-Stroller-Puschair-Travel-system-2in1-3in1-Car-Seat-ISOFIX-FX-12-3in12in1-and-carseat_main-1.jpg\",\"datePublished\":\"2022-09-09T15:27:50+00:00\",\"dateModified\":\"2026-02-18T21:32:22+00:00\",\"description\":\"FX Pram Stroller Puschair 4in1 FX 13\",\"breadcrumb\":{\"@id\":\"https:\\\/\\\/forbabyboss.com\\\/product\\\/fx-pram-stroller-puschair-4in1-fx-13\\\/#breadcrumb\"},\"inLanguage\":\"pt-PT\",\"potentialAction\":[{\"@type\":\"ReadAction\",\"target\":[\"https:\\\/\\\/forbabyboss.com\\\/product\\\/fx-pram-stroller-puschair-4in1-fx-13\\\/\"]}]},{\"@type\":\"ImageObject\",\"inLanguage\":\"pt-PT\",\"@id\":\"https:\\\/\\\/forbabyboss.com\\\/product\\\/fx-pram-stroller-puschair-4in1-fx-13\\\/#primaryimage\",\"url\":\"https:\\\/\\\/forbabyboss.com\\\/wp-content\\\/uploads\\\/2022\\\/09\\\/Paradise-Baby-FX-Pram-Stroller-Puschair-Travel-system-2in1-3in1-Car-Seat-ISOFIX-FX-12-3in12in1-and-carseat_main-1.jpg\",\"contentUrl\":\"https:\\\/\\\/forbabyboss.com\\\/wp-content\\\/uploads\\\/2022\\\/09\\\/Paradise-Baby-FX-Pram-Stroller-Puschair-Travel-system-2in1-3in1-Car-Seat-ISOFIX-FX-12-3in12in1-and-carseat_main-1.jpg\",\"width\":1200,\"height\":1372},{\"@type\":\"BreadcrumbList\",\"@id\":\"https:\\\/\\\/forbabyboss.com\\\/product\\\/fx-pram-stroller-puschair-4in1-fx-13\\\/#breadcrumb\",\"itemListElement\":[{\"@type\":\"ListItem\",\"position\":1,\"name\":\"Home\",\"item\":\"https:\\\/\\\/forbabyboss.com\\\/\"},{\"@type\":\"ListItem\",\"position\":2,\"name\":\"Shop\",\"item\":\"https:\\\/\\\/forbabyboss.com\\\/shop\\\/\"},{\"@type\":\"ListItem\",\"position\":3,\"name\":\"FX Pram Stroller Puschair 4in1 FX 13\"}]},{\"@type\":\"WebSite\",\"@id\":\"https:\\\/\\\/powderblue-seahorse-496884.hostingersite.com\\\/#website\",\"url\":\"https:\\\/\\\/powderblue-seahorse-496884.hostingersite.com\\\/\",\"name\":\"For Baby Boss\",\"description\":\"Beautiful gifts and accessories for your baby boss\",\"potentialAction\":[{\"@type\":\"SearchAction\",\"target\":{\"@type\":\"EntryPoint\",\"urlTemplate\":\"https:\\\/\\\/powderblue-seahorse-496884.hostingersite.com\\\/?s={search_term_string}\"},\"query-input\":{\"@type\":\"PropertyValueSpecification\",\"valueRequired\":true,\"valueName\":\"search_term_string\"}}],\"inLanguage\":\"pt-PT\"}]}<\/script>\n<!-- \/ Yoast SEO plugin. -->","yoast_head_json":{"title":"Carrinho de Beb\u00ea FX 4 em 1 FX 13 - Para Baby Boss","description":"Carrinho de Beb\u00ea FX 4 em 1 FX 13","robots":{"index":"index","follow":"follow","max-snippet":"max-snippet:-1","max-image-preview":"max-image-preview:large","max-video-preview":"max-video-preview:-1"},"canonical":"https:\/\/forbabyboss.com\/pt\/produto\/carrinho-de-bebe-fx-4-em-1-fx-13\/","og_locale":"pt_PT","og_type":"article","og_title":"FX Pram Stroller Puschair 4in1 FX 13 - For Baby Boss","og_description":"FX Pram Stroller Puschair 4in1 FX 13","og_url":"https:\/\/forbabyboss.com\/pt\/produto\/carrinho-de-bebe-fx-4-em-1-fx-13\/","og_site_name":"For Baby Boss","article_modified_time":"2026-02-18T21:32:22+00:00","og_image":[{"width":1200,"height":1372,"url":"https:\/\/forbabyboss.com\/wp-content\/uploads\/2022\/09\/Paradise-Baby-FX-Pram-Stroller-Puschair-Travel-system-2in1-3in1-Car-Seat-ISOFIX-FX-12-3in12in1-and-carseat_main-1.jpg","type":"image\/jpeg"}],"twitter_card":"summary_large_image","twitter_misc":{"Tempo estimado de leitura":"2 minutos"},"schema":{"@context":"https:\/\/schema.org","@graph":[{"@type":"WebPage","@id":"https:\/\/forbabyboss.com\/product\/fx-pram-stroller-puschair-4in1-fx-13\/","url":"https:\/\/forbabyboss.com\/product\/fx-pram-stroller-puschair-4in1-fx-13\/","name":"Carrinho de Beb\u00ea FX 4 em 1 FX 13 - Para Baby Boss","isPartOf":{"@id":"https:\/\/powderblue-seahorse-496884.hostingersite.com\/#website"},"primaryImageOfPage":{"@id":"https:\/\/forbabyboss.com\/product\/fx-pram-stroller-puschair-4in1-fx-13\/#primaryimage"},"image":{"@id":"https:\/\/forbabyboss.com\/product\/fx-pram-stroller-puschair-4in1-fx-13\/#primaryimage"},"thumbnailUrl":"https:\/\/forbabyboss.com\/wp-content\/uploads\/2022\/09\/Paradise-Baby-FX-Pram-Stroller-Puschair-Travel-system-2in1-3in1-Car-Seat-ISOFIX-FX-12-3in12in1-and-carseat_main-1.jpg","datePublished":"2022-09-09T15:27:50+00:00","dateModified":"2026-02-18T21:32:22+00:00","description":"Carrinho de Beb\u00ea FX 4 em 1 FX 13","breadcrumb":{"@id":"https:\/\/forbabyboss.com\/product\/fx-pram-stroller-puschair-4in1-fx-13\/#breadcrumb"},"inLanguage":"pt-PT","potentialAction":[{"@type":"ReadAction","target":["https:\/\/forbabyboss.com\/product\/fx-pram-stroller-puschair-4in1-fx-13\/"]}]},{"@type":"ImageObject","inLanguage":"pt-PT","@id":"https:\/\/forbabyboss.com\/product\/fx-pram-stroller-puschair-4in1-fx-13\/#primaryimage","url":"https:\/\/forbabyboss.com\/wp-content\/uploads\/2022\/09\/Paradise-Baby-FX-Pram-Stroller-Puschair-Travel-system-2in1-3in1-Car-Seat-ISOFIX-FX-12-3in12in1-and-carseat_main-1.jpg","contentUrl":"https:\/\/forbabyboss.com\/wp-content\/uploads\/2022\/09\/Paradise-Baby-FX-Pram-Stroller-Puschair-Travel-system-2in1-3in1-Car-Seat-ISOFIX-FX-12-3in12in1-and-carseat_main-1.jpg","width":1200,"height":1372},{"@type":"BreadcrumbList","@id":"https:\/\/forbabyboss.com\/product\/fx-pram-stroller-puschair-4in1-fx-13\/#breadcrumb","itemListElement":[{"@type":"ListItem","position":1,"name":"Home","item":"https:\/\/forbabyboss.com\/"},{"@type":"ListItem","position":2,"name":"Shop","item":"https:\/\/forbabyboss.com\/shop\/"},{"@type":"ListItem","position":3,"name":"FX Pram Stroller Puschair 4in1 FX 13"}]},{"@type":"WebSite","@id":"https:\/\/powderblue-seahorse-496884.hostingersite.com\/#website","url":"https:\/\/powderblue-seahorse-496884.hostingersite.com\/","name":"Para o Baby Boss","description":"Bonitos presentes e acess\u00f3rios para o seu chefe beb\u00e9","potentialAction":[{"@type":"SearchAction","target":{"@type":"EntryPoint","urlTemplate":"https:\/\/powderblue-seahorse-496884.hostingersite.com\/?s={search_term_string}"},"query-input":{"@type":"PropertyValueSpecification","valueRequired":true,"valueName":"search_term_string"}}],"inLanguage":"pt-PT"}]}},"_links":{"self":[{"href":"https:\/\/forbabyboss.com\/pt\/wp-json\/wp\/v2\/product\/4744","targetHints":{"allow":["GET"]}}],"collection":[{"href":"https:\/\/forbabyboss.com\/pt\/wp-json\/wp\/v2\/product"}],"about":[{"href":"https:\/\/forbabyboss.com\/pt\/wp-json\/wp\/v2\/types\/product"}],"wp:featuredmedia":[{"embeddable":true,"href":"https:\/\/forbabyboss.com\/pt\/wp-json\/wp\/v2\/media\/4748"}],"wp:attachment":[{"href":"https:\/\/forbabyboss.com\/pt\/wp-json\/wp\/v2\/media?parent=4744"}],"wp:term":[{"taxonomy":"product_brand","embeddable":true,"href":"https:\/\/forbabyboss.com\/pt\/wp-json\/wp\/v2\/product_brand?post=4744"},{"taxonomy":"product_cat","embeddable":true,"href":"https:\/\/forbabyboss.com\/pt\/wp-json\/wp\/v2\/product_cat?post=4744"},{"taxonomy":"product_tag","embeddable":true,"href":"https:\/\/forbabyboss.com\/pt\/wp-json\/wp\/v2\/product_tag?post=4744"}],"curies":[{"name":"wp","href":"https:\/\/api.w.org\/{rel}","templated":true}]}}