{"id":4770,"date":"2022-09-10T09:01:28","date_gmt":"2022-09-10T09:01:28","guid":{"rendered":"http:\/\/forbabyboss.com\/?post_type=product&#038;p=4770"},"modified":"2026-02-21T16:26:52","modified_gmt":"2026-02-21T16:26:52","slug":"carrinho-de-bebe-beetto-nico-04","status":"publish","type":"product","link":"https:\/\/forbabyboss.com\/pt\/product\/baby-pushchair-bebetto-nico-stroller-04\/","title":{"rendered":"Carrinho de Beb\u00ea Bebetto Nico 04"},"content":{"rendered":"<h4 style=\"text-align: justify;\" align=\"center\"><span style=\"color: #e14d43;\"><strong><span style=\"font-family: Arial;\">Por que Nico?<\/span><\/strong><\/span><\/h4>\n<p style=\"text-align: justify;\" align=\"center\"><strong><span style=\"font-family: Arial; color: #808080;\">O novo design do assento, leve e com cores vibrantes que chamam a aten\u00e7\u00e3o, torna este carrinho uma \u00f3tima op\u00e7\u00e3o para quem valoriza funcionalidade e design. Escolha sua cor favorita e aproveite seu carrinho funcional!<\/span><\/strong><\/p>\n<p style=\"text-align: justify;\" align=\"center\"><strong><span style=\"font-family: Arial; color: #808080;\">Fabricado na Europa com materiais de alta qualidade, estrutura leve de alum\u00ednio e design moderno.<\/span><\/strong><\/p>\n<p style=\"text-align: justify;\" align=\"center\"><span style=\"color: #e14d43;\"><strong><span style=\"font-family: Arial;\">Assento confort\u00e1vel - Unidade<\/span><\/strong><\/span><\/p>\n<p style=\"text-align: justify;\" align=\"center\"><strong><span style=\"font-family: Arial; color: #808080;\">O carrinho Nico possui um assento que permite \u00e0 crian\u00e7a encontrar uma posi\u00e7\u00e3o confort\u00e1vel. A capota ajust\u00e1vel protege a crian\u00e7a do vento e do sol. A capota remov\u00edvel \u00e9 \u00f3tima para passeios em dias de vento. O encaixe f\u00e1cil do assento permite posicion\u00e1-lo de frente ou de costas para o movimento com muita facilidade. Um novo sistema de remo\u00e7\u00e3o da grade de prote\u00e7\u00e3o facilita colocar a crian\u00e7a no carrinho. Gra\u00e7as \u00e0s rodas Flexy Wheels, voc\u00ea n\u00e3o precisa se preocupar com a press\u00e3o dos pneus \u2013 eles mant\u00eam sempre a mesma forma. O peso e a flexibilidade s\u00e3o os mesmos dos pneus com c\u00e2mara de ar.<\/span><\/strong><\/p>\n<p style=\"text-align: justify;\" align=\"center\"><span style=\"color: #e14d43;\"><strong><span style=\"font-family: Arial;\">Quadro com absor\u00e7\u00e3o de impacto\u00a0<\/span><\/strong><\/span><\/p>\n<p style=\"text-align: justify;\" align=\"center\"><strong><span style=\"font-family: Arial; color: #808080;\">O carrinho Nico possui amortecedores que minimizam as vibra\u00e7\u00f5es ao caminhar em superf\u00edcies irregulares. O sistema SAS (Sistema de Amortecimento de Impacto) e o sistema DMS (Sistema de Gerenciamento de Travamento) protegem as rodas contra travamentos ao transpor obst\u00e1culos. A estrutura pode ser dobrada com o assento acoplado, o que facilita muito o armazenamento e o transporte do carrinho.<\/span><\/strong><\/p>\n<h4 style=\"text-align: justify;\" align=\"center\"><span style=\"color: #e14d43;\"><strong><span style=\"font-family: Arial;\">Cadeiras de carro em estruturas<\/span><\/strong><\/span><\/h4>\n<p style=\"text-align: justify;\" align=\"center\"><strong><span style=\"font-family: Arial; color: #808080;\">Os carrinhos de beb\u00ea Bebetto s\u00e3o compat\u00edveis com os adaptadores Bobostello, que permitem instalar cadeirinhas de carro de quase todas as marcas em uma estrutura Bebetto. O sistema de redu\u00e7\u00e3o de folga e o ajuste do \u00e2ngulo de inclina\u00e7\u00e3o s\u00e3o fatores realmente inovadores que permitem transportar seu filho na posi\u00e7\u00e3o ideal (deitado \u2013 para crian\u00e7as de at\u00e9 6 meses, e sentado \u2013 para crian\u00e7as que j\u00e1 conseguem sentar sozinhas).<\/span><\/strong><\/p>\n<h4 style=\"text-align: justify;\" align=\"center\"><span style=\"color: #e14d43;\"><strong><span style=\"font-family: Arial;\">Assento dobr\u00e1vel com estrutura<\/span><\/strong><\/span><\/h4>\n<p style=\"text-align: justify;\" align=\"center\"><strong><span style=\"font-family: Arial; color: #808080;\">Voc\u00ea pode dobrar o carrinho Nico com o assento incluso, sem precisar remov\u00ea-lo. Mas n\u00e3o \u00e9 s\u00f3 isso! O assento pode ser fixado virado para voc\u00ea ou para o lado oposto. Gra\u00e7as a isso, voc\u00ea pode dobrar o carrinho de forma pr\u00e1tica e r\u00e1pida, esteja voc\u00ea passeando com um beb\u00ea ou uma crian\u00e7a de tr\u00eas anos.<\/span><\/strong><\/p>\n<h4 style=\"text-align: justify;\" align=\"center\"><strong><span style=\"font-family: Arial; color: #808080;\"><span style=\"color: #e14d43;\">Pre\u00e7o inclu\u00eddo<\/span>:<\/span><\/strong><\/h4>\n<div>\n<div style=\"text-align: justify;\"><strong><span style=\"font-family: Arial; color: #808080;\">\u2022 Estrutura de alum\u00ednio<\/span><\/strong><\/div>\n<div style=\"text-align: justify;\"><strong><span style=\"font-family: Arial; color: #808080;\">\u00a0<\/span><\/strong><\/div>\n<div style=\"text-align: justify;\"><strong><span style=\"font-family: Arial; color: #808080;\">\u2022 4 rodas<\/span><\/strong><\/div>\n<div style=\"text-align: justify;\"><strong><span style=\"font-family: Arial; color: #808080;\">\u00a0<\/span><\/strong><\/div>\n<div style=\"text-align: justify;\"><strong><span style=\"font-family: Arial; color: #808080;\">\u2022 Carrinho de beb\u00ea + capota ajust\u00e1vel<\/span><\/strong><\/div>\n<div style=\"text-align: justify;\"><strong><span style=\"font-family: Arial; color: #808080;\">\u00a0<\/span><\/strong><\/div>\n<div style=\"text-align: justify;\"><strong><span style=\"font-family: Arial; color: #808080;\">\u2022 Cobertura para os p\u00e9s<\/span><\/strong><\/div>\n<div style=\"text-align: justify;\"><strong><span style=\"font-family: Arial; color: #808080;\">\u00a0<\/span><\/strong><\/div>\n<div style=\"text-align: justify;\"><strong><span style=\"font-family: Arial; color: #808080;\">\u2022 Cesta de compras<\/span><\/strong><\/div>\n<div style=\"text-align: justify;\"><strong><span style=\"font-family: Arial; color: #808080;\">\u00a0<\/span><\/strong><\/div>\n<div style=\"text-align: justify;\"><strong><span style=\"font-family: Arial; color: #808080;\">\u2022 Garantia de 24 meses\u00a0<\/span><\/strong><\/div>\n<\/div>\n<div><\/div>\n<h4><strong><span style=\"color: #808080;\"><span style=\"color: #e14d43;\">Dimens\u00e3o<\/span> :\u00a0<\/span><\/strong><\/h4>\n<p><strong><img loading=\"lazy\" decoding=\"async\" class=\"\" src=\"https:\/\/i.ebayimg.com\/images\/g\/K7QAAOSwJDdhd77o\/s-l500.png\" alt=\"Imagem 7 - Carrinho de Beb\u00ea Bebetto Nico com acess\u00f3rios\" width=\"802\" height=\"117\" \/><\/strong><\/p>\n<p>&nbsp;<\/p>\n<p style=\"text-align: left;\" align=\"center\"><a href=\"http:\/\/forbabyboss.com\/wp-content\/uploads\/2022\/09\/checkout.png\"><img loading=\"lazy\" decoding=\"async\" class=\"alignnone size-full wp-image-5965\" src=\"http:\/\/forbabyboss.com\/wp-content\/uploads\/2022\/09\/checkout.png\" alt=\"\" width=\"750\" height=\"276\" srcset=\"https:\/\/forbabyboss.com\/wp-content\/uploads\/2022\/09\/checkout.png 750w, https:\/\/forbabyboss.com\/wp-content\/uploads\/2022\/09\/checkout-600x221.png 600w\" sizes=\"auto, (max-width: 750px) 100vw, 750px\" \/><\/a><\/p>","protected":false},"excerpt":{"rendered":"<p><a href=\"http:\/\/forbabyboss.com\/wp-content\/uploads\/2022\/09\/Star-Rating-5.png\"><img loading=\"lazy\" decoding=\"async\" class=\"alignnone size-full wp-image-5973 aligncenter\" src=\"http:\/\/forbabyboss.com\/wp-content\/uploads\/2022\/09\/Star-Rating-5.png\" alt=\"\" width=\"275\" height=\"45\" \/><\/a><\/p>\n<p style=\"text-align: center;\"><span style=\"color: #ed1c24; font-size: 120%;\"><b>GARANTIA DE MELHORA DE PRE\u00c7O<\/b><\/span><\/p>\n<p style=\"text-align: center;\"><span style=\"font-size: 115%;\"><span style=\"font-weight: 400; color: #4f4fa7;\">Entrega gr\u00e1tis<\/span><span style=\"font-weight: 400;\"> \u2013 2 a 7 dias<\/span><\/span><\/p>\n<p style=\"text-align: center;\"><strong><span style=\"color: #29606b;\">Brinde gr\u00e1tis em compras acima de \u00a3100<\/span><\/strong><\/p>","protected":false},"featured_media":4772,"template":"","meta":[],"product_brand":[583],"product_cat":[336,339,207,305,130,209,211],"product_tag":[199],"class_list":{"0":"post-4770","1":"product","2":"type-product","3":"status-publish","4":"has-post-thumbnail","6":"product_brand-bebetto","7":"product_cat-400-to-500","8":"product_cat-700-to-800","9":"product_cat-black","10":"product_cat-colour","11":"product_cat-prams","12":"product_cat-push-chairs","13":"product_cat-stroller","14":"product_tag-prams","16":"first","17":"instock","18":"sale","19":"shipping-taxable","20":"purchasable","21":"product-type-simple"},"yoast_head":"<!-- This site is optimized with the Yoast SEO plugin v27.6 - https:\/\/yoast.com\/product\/yoast-seo-wordpress\/ -->\n<title>Baby Pushchair Bebetto Nico Stroller 04 - For Baby Boss<\/title>\n<meta name=\"description\" content=\"Baby Pushchair Bebetto Nico Stroller 04\" \/>\n<meta name=\"robots\" content=\"index, follow, max-snippet:-1, max-image-preview:large, max-video-preview:-1\" \/>\n<link rel=\"canonical\" href=\"https:\/\/forbabyboss.com\/pt\/produto\/carrinho-de-bebe-beetto-nico-04\/\" \/>\n<meta property=\"og:locale\" content=\"pt_PT\" \/>\n<meta property=\"og:type\" content=\"article\" \/>\n<meta property=\"og:title\" content=\"Baby Pushchair Bebetto Nico Stroller 04 - For Baby Boss\" \/>\n<meta property=\"og:description\" content=\"Baby Pushchair Bebetto Nico Stroller 04\" \/>\n<meta property=\"og:url\" content=\"https:\/\/forbabyboss.com\/pt\/produto\/carrinho-de-bebe-beetto-nico-04\/\" \/>\n<meta property=\"og:site_name\" content=\"For Baby Boss\" \/>\n<meta property=\"article:modified_time\" content=\"2026-02-21T16:26:52+00:00\" \/>\n<meta property=\"og:image\" content=\"https:\/\/forbabyboss.com\/wp-content\/uploads\/2022\/09\/Baby-Pushchair-Bebetto-Nico-Stroller-Buggie-accessories-04_main.jpg\" \/>\n\t<meta property=\"og:image:width\" content=\"1000\" \/>\n\t<meta property=\"og:image:height\" content=\"1000\" \/>\n\t<meta property=\"og:image:type\" content=\"image\/jpeg\" \/>\n<meta name=\"twitter:card\" content=\"summary_large_image\" \/>\n<meta name=\"twitter:label1\" content=\"Tempo estimado de leitura\" \/>\n\t<meta name=\"twitter:data1\" content=\"2 minutos\" \/>\n<script type=\"application\/ld+json\" class=\"yoast-schema-graph\">{\"@context\":\"https:\\\/\\\/schema.org\",\"@graph\":[{\"@type\":\"WebPage\",\"@id\":\"https:\\\/\\\/forbabyboss.com\\\/product\\\/baby-pushchair-bebetto-nico-stroller-04\\\/\",\"url\":\"https:\\\/\\\/forbabyboss.com\\\/product\\\/baby-pushchair-bebetto-nico-stroller-04\\\/\",\"name\":\"Baby Pushchair Bebetto Nico Stroller 04 - For Baby Boss\",\"isPartOf\":{\"@id\":\"https:\\\/\\\/powderblue-seahorse-496884.hostingersite.com\\\/#website\"},\"primaryImageOfPage\":{\"@id\":\"https:\\\/\\\/forbabyboss.com\\\/product\\\/baby-pushchair-bebetto-nico-stroller-04\\\/#primaryimage\"},\"image\":{\"@id\":\"https:\\\/\\\/forbabyboss.com\\\/product\\\/baby-pushchair-bebetto-nico-stroller-04\\\/#primaryimage\"},\"thumbnailUrl\":\"https:\\\/\\\/forbabyboss.com\\\/wp-content\\\/uploads\\\/2022\\\/09\\\/Baby-Pushchair-Bebetto-Nico-Stroller-Buggie-accessories-04_main.jpg\",\"datePublished\":\"2022-09-10T09:01:28+00:00\",\"dateModified\":\"2026-02-21T16:26:52+00:00\",\"description\":\"Baby Pushchair Bebetto Nico Stroller 04\",\"breadcrumb\":{\"@id\":\"https:\\\/\\\/forbabyboss.com\\\/product\\\/baby-pushchair-bebetto-nico-stroller-04\\\/#breadcrumb\"},\"inLanguage\":\"pt-PT\",\"potentialAction\":[{\"@type\":\"ReadAction\",\"target\":[\"https:\\\/\\\/forbabyboss.com\\\/product\\\/baby-pushchair-bebetto-nico-stroller-04\\\/\"]}]},{\"@type\":\"ImageObject\",\"inLanguage\":\"pt-PT\",\"@id\":\"https:\\\/\\\/forbabyboss.com\\\/product\\\/baby-pushchair-bebetto-nico-stroller-04\\\/#primaryimage\",\"url\":\"https:\\\/\\\/forbabyboss.com\\\/wp-content\\\/uploads\\\/2022\\\/09\\\/Baby-Pushchair-Bebetto-Nico-Stroller-Buggie-accessories-04_main.jpg\",\"contentUrl\":\"https:\\\/\\\/forbabyboss.com\\\/wp-content\\\/uploads\\\/2022\\\/09\\\/Baby-Pushchair-Bebetto-Nico-Stroller-Buggie-accessories-04_main.jpg\",\"width\":1000,\"height\":1000},{\"@type\":\"BreadcrumbList\",\"@id\":\"https:\\\/\\\/forbabyboss.com\\\/product\\\/baby-pushchair-bebetto-nico-stroller-04\\\/#breadcrumb\",\"itemListElement\":[{\"@type\":\"ListItem\",\"position\":1,\"name\":\"Home\",\"item\":\"https:\\\/\\\/forbabyboss.com\\\/\"},{\"@type\":\"ListItem\",\"position\":2,\"name\":\"Shop\",\"item\":\"https:\\\/\\\/forbabyboss.com\\\/shop\\\/\"},{\"@type\":\"ListItem\",\"position\":3,\"name\":\"Baby Pushchair Bebetto Nico Stroller 04\"}]},{\"@type\":\"WebSite\",\"@id\":\"https:\\\/\\\/powderblue-seahorse-496884.hostingersite.com\\\/#website\",\"url\":\"https:\\\/\\\/powderblue-seahorse-496884.hostingersite.com\\\/\",\"name\":\"For Baby Boss\",\"description\":\"Beautiful gifts and accessories for your baby boss\",\"potentialAction\":[{\"@type\":\"SearchAction\",\"target\":{\"@type\":\"EntryPoint\",\"urlTemplate\":\"https:\\\/\\\/powderblue-seahorse-496884.hostingersite.com\\\/?s={search_term_string}\"},\"query-input\":{\"@type\":\"PropertyValueSpecification\",\"valueRequired\":true,\"valueName\":\"search_term_string\"}}],\"inLanguage\":\"pt-PT\"}]}<\/script>\n<!-- \/ Yoast SEO plugin. -->","yoast_head_json":{"title":"Carrinho de Beb\u00ea Bebetto Nico 04 - Para Baby Boss","description":"Carrinho de Beb\u00ea Bebetto Nico 04","robots":{"index":"index","follow":"follow","max-snippet":"max-snippet:-1","max-image-preview":"max-image-preview:large","max-video-preview":"max-video-preview:-1"},"canonical":"https:\/\/forbabyboss.com\/pt\/produto\/carrinho-de-bebe-beetto-nico-04\/","og_locale":"pt_PT","og_type":"article","og_title":"Baby Pushchair Bebetto Nico Stroller 04 - For Baby Boss","og_description":"Baby Pushchair Bebetto Nico Stroller 04","og_url":"https:\/\/forbabyboss.com\/pt\/produto\/carrinho-de-bebe-beetto-nico-04\/","og_site_name":"For Baby Boss","article_modified_time":"2026-02-21T16:26:52+00:00","og_image":[{"width":1000,"height":1000,"url":"https:\/\/forbabyboss.com\/wp-content\/uploads\/2022\/09\/Baby-Pushchair-Bebetto-Nico-Stroller-Buggie-accessories-04_main.jpg","type":"image\/jpeg"}],"twitter_card":"summary_large_image","twitter_misc":{"Tempo estimado de leitura":"2 minutos"},"schema":{"@context":"https:\/\/schema.org","@graph":[{"@type":"WebPage","@id":"https:\/\/forbabyboss.com\/product\/baby-pushchair-bebetto-nico-stroller-04\/","url":"https:\/\/forbabyboss.com\/product\/baby-pushchair-bebetto-nico-stroller-04\/","name":"Carrinho de Beb\u00ea Bebetto Nico 04 - Para Baby Boss","isPartOf":{"@id":"https:\/\/powderblue-seahorse-496884.hostingersite.com\/#website"},"primaryImageOfPage":{"@id":"https:\/\/forbabyboss.com\/product\/baby-pushchair-bebetto-nico-stroller-04\/#primaryimage"},"image":{"@id":"https:\/\/forbabyboss.com\/product\/baby-pushchair-bebetto-nico-stroller-04\/#primaryimage"},"thumbnailUrl":"https:\/\/forbabyboss.com\/wp-content\/uploads\/2022\/09\/Baby-Pushchair-Bebetto-Nico-Stroller-Buggie-accessories-04_main.jpg","datePublished":"2022-09-10T09:01:28+00:00","dateModified":"2026-02-21T16:26:52+00:00","description":"Carrinho de Beb\u00ea Bebetto Nico 04","breadcrumb":{"@id":"https:\/\/forbabyboss.com\/product\/baby-pushchair-bebetto-nico-stroller-04\/#breadcrumb"},"inLanguage":"pt-PT","potentialAction":[{"@type":"ReadAction","target":["https:\/\/forbabyboss.com\/product\/baby-pushchair-bebetto-nico-stroller-04\/"]}]},{"@type":"ImageObject","inLanguage":"pt-PT","@id":"https:\/\/forbabyboss.com\/product\/baby-pushchair-bebetto-nico-stroller-04\/#primaryimage","url":"https:\/\/forbabyboss.com\/wp-content\/uploads\/2022\/09\/Baby-Pushchair-Bebetto-Nico-Stroller-Buggie-accessories-04_main.jpg","contentUrl":"https:\/\/forbabyboss.com\/wp-content\/uploads\/2022\/09\/Baby-Pushchair-Bebetto-Nico-Stroller-Buggie-accessories-04_main.jpg","width":1000,"height":1000},{"@type":"BreadcrumbList","@id":"https:\/\/forbabyboss.com\/product\/baby-pushchair-bebetto-nico-stroller-04\/#breadcrumb","itemListElement":[{"@type":"ListItem","position":1,"name":"Home","item":"https:\/\/forbabyboss.com\/"},{"@type":"ListItem","position":2,"name":"Shop","item":"https:\/\/forbabyboss.com\/shop\/"},{"@type":"ListItem","position":3,"name":"Baby Pushchair Bebetto Nico Stroller 04"}]},{"@type":"WebSite","@id":"https:\/\/powderblue-seahorse-496884.hostingersite.com\/#website","url":"https:\/\/powderblue-seahorse-496884.hostingersite.com\/","name":"Para o Baby Boss","description":"Bonitos presentes e acess\u00f3rios para o seu chefe beb\u00e9","potentialAction":[{"@type":"SearchAction","target":{"@type":"EntryPoint","urlTemplate":"https:\/\/powderblue-seahorse-496884.hostingersite.com\/?s={search_term_string}"},"query-input":{"@type":"PropertyValueSpecification","valueRequired":true,"valueName":"search_term_string"}}],"inLanguage":"pt-PT"}]}},"_links":{"self":[{"href":"https:\/\/forbabyboss.com\/pt\/wp-json\/wp\/v2\/product\/4770","targetHints":{"allow":["GET"]}}],"collection":[{"href":"https:\/\/forbabyboss.com\/pt\/wp-json\/wp\/v2\/product"}],"about":[{"href":"https:\/\/forbabyboss.com\/pt\/wp-json\/wp\/v2\/types\/product"}],"wp:featuredmedia":[{"embeddable":true,"href":"https:\/\/forbabyboss.com\/pt\/wp-json\/wp\/v2\/media\/4772"}],"wp:attachment":[{"href":"https:\/\/forbabyboss.com\/pt\/wp-json\/wp\/v2\/media?parent=4770"}],"wp:term":[{"taxonomy":"product_brand","embeddable":true,"href":"https:\/\/forbabyboss.com\/pt\/wp-json\/wp\/v2\/product_brand?post=4770"},{"taxonomy":"product_cat","embeddable":true,"href":"https:\/\/forbabyboss.com\/pt\/wp-json\/wp\/v2\/product_cat?post=4770"},{"taxonomy":"product_tag","embeddable":true,"href":"https:\/\/forbabyboss.com\/pt\/wp-json\/wp\/v2\/product_tag?post=4770"}],"curies":[{"name":"wp","href":"https:\/\/api.w.org\/{rel}","templated":true}]}}