{"id":4968,"date":"2022-09-10T15:54:38","date_gmt":"2022-09-10T15:54:38","guid":{"rendered":"http:\/\/forbabyboss.com\/?post_type=product&#038;p=4968"},"modified":"2026-02-21T13:13:38","modified_gmt":"2026-02-21T13:13:38","slug":"baby-buggy-pram-car-seat-3-in-1-travel-system-pushchair-all-in-one-in-black-magenta","status":"publish","type":"product","link":"https:\/\/forbabyboss.com\/pt\/product\/baby-buggy-pram-car-seat-3-in-1-travel-system-pushchair-all-in-one-in-black-magenta\/","title":{"rendered":"Carrinho de Beb\u00ea 3 em 1 com Cadeira Auto, Sistema de Viagem, Tudo em Um, nas cores Preto e Magenta."},"content":{"rendered":"<h1 style=\"text-align: justify;\"><span style=\"color: #e14d43;\"><strong>Our stroller 3 in 1 is a well-designed travel system<\/strong><\/span><\/h1>\n<p style=\"text-align: justify;\"><span style=\"color: #282828;\"><strong>We designed the stroller to support parents and children from birth to 3 years. It is well adapted to the needs of your growing child \u2013 you start with a carrycot with the stroller frame. When you decide that the child is big enough and ready to sit during walks, you mount a comfortable seat backward or forward-facing. Can you want something more?<\/strong><\/span><\/p>\n<p style=\"text-align: justify;\"><span style=\"color: #e14d43;\"><strong>Caracter\u00edsticas:<\/strong><\/span><\/p>\n<p style=\"text-align: justify;\"><span style=\"color: #282828;\"><strong>-forward &amp; rear-facing mode<br \/>\n-Cadeirinha de carro acopl\u00e1vel ao chassi<br \/>\n-janela de ventila\u00e7\u00e3o na parte traseira do cap\u00f4<br \/>\n-gondola has a soft lining that can be removed for washing<br \/>\n-A cobertura da g\u00f4ndola pode ser levantada para criar um captador de vento.<br \/>\n-extended, removable hood<br \/>\n-Cinto de seguran\u00e7a de 5 pontos<br \/>\n-apoio para os p\u00e9s laminado<br \/>\n-al\u00e7a ajust\u00e1vel em v\u00e1rios n\u00edveis<br \/>\n-suspens\u00e3o ajust\u00e1vel<br \/>\n-estrutura robusta<br \/>\n- Encosto e apoio para as pernas ajust\u00e1veis<br \/>\n-Freio central EASY STOP<br \/>\n- grande cesta de compras<br \/>\nPram suitability 0-3years<br \/>\nCar seat up to 10kg<\/strong><\/span><\/p>\n<p style=\"text-align: justify;\"><span style=\"color: #e14d43;\"><strong>Caracter\u00edsticas da cadeirinha de carro:<\/strong><\/span><\/p>\n<p style=\"text-align: justify;\"><span style=\"color: #282828;\"><strong>-inser\u00e7\u00e3o adicional para beb\u00eas<br \/>\n-al\u00e7a ajust\u00e1vel<br \/>\n-cobertura para os p\u00e9s<br \/>\n-capuz remov\u00edvel<br \/>\n-three-point safety belts<\/strong><\/span><\/p>\n<p style=\"text-align: justify;\"><span style=\"color: #e14d43;\"><strong>O conjunto cont\u00e9m:<\/strong><\/span><\/p>\n<p><span style=\"color: #282828;\"><strong>-frame with eco-leather handle<br \/>\n-g\u00f4ndola com encosto ajust\u00e1vel<br \/>\n-unidade de assento<br \/>\n-Duas capas para os p\u00e9s (para carrinho de beb\u00ea e g\u00f4ndola)<br \/>\n-Cadeirinha de carro multifuncional com adaptadores<br \/>\n-capa de chuva<br \/>\n-mosquiteiro<br \/>\n-bolsa e trocador<br \/>\n-soft, gel puncture-proof wheels(all terrain)<br \/>\n-al\u00e7a da garrafa<br \/>\n- Bolso grande na parte de tr\u00e1s da bolsa e dois pequenos nas laterais.<\/strong><\/span><\/p>\n<p style=\"text-align: justify;\"><span style=\"color: #282828;\"><strong>Estrutura desmontada com rodas (comprimento x largura x altura): 85 x 60 x 40 cm<br \/>\nCarrinho de beb\u00ea montado (altura x largura x comprimento): 115 x 60 x 95 cm<br \/>\nDimens\u00f5es internas da g\u00f4ndola (largura x comprimento x altura): 36 x 80 x 20 cm<br \/>\nStroller inside (width x back rest length x seat length x footrest length): 34x48x26x23cm<br \/>\nQuadro com rodas: 10 kg<br \/>\nCarrinho de beb\u00ea: 15 kg<br \/>\nCarrinho de beb\u00ea profundo: 16 kg<br \/>\nFaixa de ajuste do cabo: 70 cm a 115 cm<br \/>\nPram: EN 1888:2019 Safety approved<br \/>\nCar seat ECE 44-04 Safety approved<br \/>\n12-month guarantee<\/strong><\/span><\/p>\n<p style=\"text-align: justify;\"><span style=\"color: #282828;\"><strong>Our baby pram includes chassis, carrycot, sport seat, diaper bag, changing mat, cup holder, hood, armrests, seat covers, shopping basket, coasters, rain cover, mosquito net, safety bar, and breathable and hypoallergenic mattress. From 6 months of you can use it as a stroller. The stroller has a reversible seat that can be used in both ways of travel. The extendable hood has a system that repels liquids.<\/strong><\/span><br \/>\n<span style=\"color: #282828;\"><strong>This pram is perfect for those looking for beauty and an exceptional first trolley for their little ones. Largo is a collection of functional, safe, and colourful prams.<\/strong><\/span><br \/>\n<span style=\"color: #282828;\"><strong>For an extra luxurious feel, the handle is covered in eco-leather that is very soft in touch. Another advantage of this pram is its comfortable, well-suspended frame, which is extremely easy to use.<\/strong><\/span><\/p>\n<p style=\"text-align: justify;\"><span style=\"color: #282828;\"><strong>The easy assemble system will be appreciated by every mum and dad. The upholstery of the pram is made from the highest quality impregnated fabrics that are child-friendly.<\/strong><\/span><br \/>\n<span style=\"color: #282828;\"><strong>The interior of the gondola is filled with hypoallergenic cotton fabric. Upholstery can be removed for washing. In addition, it has a sun visor with UVA 30+ protection.<\/strong><\/span><br \/>\n<span style=\"color: #282828;\"><strong>We designed the pram to support parents and children from birth to 3 years. It is well adapted to the needs of your growing child \u2013 you start with a carrycot with the stroller frame.<\/strong><\/span><br \/>\n<span style=\"color: #282828;\"><strong>When you decide that the child is big enough and ready to sit during walks, you mount a comfortable seat backward or forward-facing.<\/strong><\/span><br \/>\n<span style=\"color: #282828;\"><strong>Can you want something more?<\/strong><\/span><\/p>\n<p style=\"text-align: justify;\"><span style=\"color: #282828;\"><strong><img decoding=\"async\" src=\"https:\/\/bayobay.co.uk\/ebay\/zdjecia-aukcyjne\/rafpol\/largo\/zdjecia%20podwojne\/gif1.gif\" \/><\/strong><\/span><\/p>\n<p style=\"text-align: justify;\"><span style=\"color: #282828;\"><strong><img loading=\"lazy\" decoding=\"async\" class=\"\" src=\"https:\/\/bayobay.co.uk\/\/ebay\/zdjecia-aukcyjne\/rafpol\/largo\/zdjecia%20podwojne\/gif2.gif\" width=\"611\" height=\"611\" \/><\/strong><\/span><\/p>\n<p style=\"text-align: justify;\"><span style=\"color: #282828;\"><strong><img decoding=\"async\" src=\"https:\/\/bayobay.co.uk\/ebay\/zdjecia-aukcyjne\/rafpol\/largo\/zdjecia%20podwojne\/1.png\" \/><\/strong><\/span><\/p>\n<p style=\"text-align: justify;\"><span style=\"color: #282828;\"><strong>Our baby prams includes all innovative technologies.<br \/>\nCarrycot, sport seat and car seat can be attached rearward and forward-facing. The suspension is the element that is responsible for the shock-free travel. It will provide your baby calm sleeping.<br \/>\nThe Shock Stop system used in our prams reduces unpleasant vibrations. It comprises two elements: rear wheel suspension and additional side suspension. The pram is ready to use practically as soon as it is unpacked (simply unfold the frame, fit the wheels and attach the carrycot) \u2013 you don\u2019t need to screw a single screw.<\/strong><\/span><\/p>\n<p style=\"text-align: justify;\"><span style=\"color: #282828;\"><strong><img decoding=\"async\" src=\"https:\/\/bayobay.co.uk\/ebay\/zdjecia-aukcyjne\/rafpol\/largo\/zdjecia%20podwojne\/2.png\" \/><\/strong><\/span><\/p>\n<p style=\"text-align: justify;\"><span style=\"color: #282828;\"><strong>The pram is equipped with a large shopping basket, adjustable eco-leather adjustable handle, sun protector.<br \/>\nThe central brake is easy to use &#8211; it can be engaged or disengaged with just one move.<\/strong><\/span><\/p>\n<p style=\"text-align: justify;\"><span style=\"color: #282828;\"><strong><img decoding=\"async\" src=\"https:\/\/bayobay.co.uk\/ebay\/zdjecia-aukcyjne\/rafpol\/largo\/zdjecia%20podwojne\/3.png\" \/><\/strong><\/span><\/p>\n<p style=\"text-align: justify;\"><span style=\"color: #282828;\"><strong>The car seat has a removable hood and foot cover and can be used as a crandle.<\/strong><\/span><\/p>\n<p style=\"text-align: justify;\"><span style=\"color: #282828;\"><strong><img decoding=\"async\" src=\"https:\/\/bayobay.co.uk\/ebay\/zdjecia-aukcyjne\/rafpol\/largo\/zdjecia%20podwojne\/4.png\" \/><\/strong><\/span><\/p>\n<p style=\"text-align: justify;\"><span style=\"color: #282828;\"><strong>Foldable and ventilated canopy of the carrycot.<br \/>\nA capacious, zipped bag &#8211; you can attach it to the pram frame or take it with you.<\/strong><\/span><\/p>\n<p style=\"text-align: justify;\"><span style=\"color: #282828;\"><strong><img decoding=\"async\" src=\"https:\/\/bayobay.co.uk\/ebay\/zdjecia-aukcyjne\/rafpol\/largo\/zdjecia%20podwojne\/5.png\" \/><\/strong><\/span><\/p>\n<p style=\"text-align: justify;\"><span style=\"color: #282828;\"><strong>Durable and easy to clean footrest.<br \/>\nAdjustable back rest.<br \/>\nRemovable canopy of the sport seat.<\/strong><\/span><\/p>\n<p style=\"text-align: justify;\"><span style=\"color: #282828;\"><strong><img decoding=\"async\" src=\"https:\/\/bayobay.co.uk\/ebay\/zdjecia-aukcyjne\/rafpol\/largo\/zdjecia%20podwojne\/6.png\" \/><\/strong><\/span><\/p>\n<p style=\"text-align: justify;\"><span style=\"color: #282828;\"><strong>Sport seat can be attached rearward and forward-facing.Your baby can sit facing you (so you can talk to them and keep eye on them) or seat backwards to you and look at their surroundings from the front (as they get older and more interested in the world around them).<br \/>\nThe canopy has a ventilation window.<br \/>\nBy ventilating the pram properly, you protect your child from overheating in hot weather and provide plenty of ventilation and fresh air.<\/strong><\/span><\/p>\n<p style=\"text-align: justify;\"><span style=\"color: #282828;\"><strong><img decoding=\"async\" src=\"https:\/\/bayobay.co.uk\/ebay\/zdjecia-aukcyjne\/rafpol\/largo\/zdjecia%20podwojne\/7.png\" \/><\/strong><\/span><\/p>\n<p style=\"text-align: justify;\"><span style=\"color: #282828;\"><strong>An extra apron keeps your baby warm on colder days.<br \/>\nThe pram has soft gel, puncture-proof wheels so you can use it all-terrain.<br \/>\nThe front lockable swivel wheels allow taking corners very easy.<\/strong><\/span><\/p>\n<p style=\"text-align: justify;\"><span style=\"color: #282828;\"><strong><img decoding=\"async\" src=\"https:\/\/bayobay.co.uk\/ebay\/zdjecia-aukcyjne\/rafpol\/largo\/zdjecia%20podwojne\/8.png\" \/><\/strong><\/span><\/p>\n<p style=\"text-align: justify;\"><span style=\"color: #282828;\"><strong>Rain cover and insect cover.<\/strong><\/span><\/p>\n<p style=\"text-align: justify;\"><span style=\"color: #282828;\"><strong><img decoding=\"async\" src=\"https:\/\/bayobay.co.uk\/ebay\/zdjecia-aukcyjne\/rafpol\/largo\/zdjecia%20podwojne\/9.png\" \/><\/strong><\/span><\/p>\n<p style=\"text-align: justify;\"><span style=\"color: #282828;\"><strong>The carrycot has a soft and cosy washable mattress and four stage back rest adjustment.<\/strong><\/span><\/p>\n<p style=\"text-align: justify;\"><span style=\"color: #282828;\"><strong><img decoding=\"async\" src=\"https:\/\/bayobay.co.uk\/ebay\/zdjecia-aukcyjne\/rafpol\/largo\/zdjecia%20podwojne\/10.png\" \/><\/strong><\/span><\/p>\n<p style=\"text-align: justify;\"><span style=\"color: #282828;\"><strong>Diaper bag, changing mat,car seat adaptors, cup holder. rain and insect cover.<\/strong><\/span><\/p>\n<p style=\"text-align: justify;\"><span style=\"color: #282828;\"><strong><img decoding=\"async\" src=\"https:\/\/bayobay.co.uk\/ebay\/zdjecia-aukcyjne\/rafpol\/largo\/zdjecia%20podwojne\/11.jpg\" \/><\/strong><\/span><\/p>\n<p style=\"text-align: justify;\"><span style=\"color: #282828;\"><strong><img decoding=\"async\" src=\"https:\/\/bayobay.co.uk\/ebay\/zdjecia-aukcyjne\/rafpol\/largo\/zdjecia%20podwojne\/12.png\" \/><\/strong><\/span><\/p>\n<p style=\"text-align: justify;\"><span style=\"color: #282828;\"><strong><img decoding=\"async\" src=\"https:\/\/bayobay.co.uk\/ebay\/zdjecia-aukcyjne\/rafpol\/largo\/zdjecia%20podwojne\/dimensions.png\" \/><\/strong><\/span><\/p>\n<p><span style=\"color: #282828;\"><strong><a style=\"color: #282828;\" href=\"http:\/\/forbabyboss.com\/wp-content\/uploads\/2022\/09\/Easy-Fold.png\"><img loading=\"lazy\" decoding=\"async\" class=\"alignnone size-full wp-image-4925\" src=\"http:\/\/forbabyboss.com\/wp-content\/uploads\/2022\/09\/Easy-Fold.png\" alt=\"\" width=\"1141\" height=\"409\" srcset=\"https:\/\/forbabyboss.com\/wp-content\/uploads\/2022\/09\/Easy-Fold.png 1141w, https:\/\/forbabyboss.com\/wp-content\/uploads\/2022\/09\/Easy-Fold-800x287.png 800w, https:\/\/forbabyboss.com\/wp-content\/uploads\/2022\/09\/Easy-Fold-768x275.png 768w, https:\/\/forbabyboss.com\/wp-content\/uploads\/2022\/09\/Easy-Fold-600x215.png 600w\" sizes=\"auto, (max-width: 1141px) 100vw, 1141px\" \/><\/a><\/strong><\/span><\/p>\n<p style=\"text-align: justify;\"><span style=\"color: #282828;\"><a style=\"color: #282828;\" href=\"http:\/\/forbabyboss.com\/wp-content\/uploads\/2022\/09\/checkout.png\"><img loading=\"lazy\" decoding=\"async\" class=\"alignnone wp-image-5965\" src=\"http:\/\/forbabyboss.com\/wp-content\/uploads\/2022\/09\/checkout.png\" alt=\"\" width=\"970\" height=\"357\" srcset=\"https:\/\/forbabyboss.com\/wp-content\/uploads\/2022\/09\/checkout.png 750w, https:\/\/forbabyboss.com\/wp-content\/uploads\/2022\/09\/checkout-600x221.png 600w\" sizes=\"auto, (max-width: 970px) 100vw, 970px\" \/><\/a><\/span><\/p>","protected":false},"excerpt":{"rendered":"<p><a href=\"http:\/\/forbabyboss.com\/wp-content\/uploads\/2022\/09\/Star-Rating-5.png\"><img loading=\"lazy\" decoding=\"async\" class=\"alignnone size-full wp-image-5973 aligncenter\" src=\"http:\/\/forbabyboss.com\/wp-content\/uploads\/2022\/09\/Star-Rating-5.png\" alt=\"\" width=\"275\" height=\"45\" \/><\/a><\/p>\n<p style=\"text-align: center;\"><span style=\"color: #ed1c24; font-size: 120%;\"><b>GARANTIA DE MELHORA DE PRE\u00c7O<\/b><\/span><\/p>\n<p style=\"text-align: center;\"><span style=\"font-size: 115%;\"><span style=\"font-weight: 400; color: #4f4fa7;\">Entrega gr\u00e1tis<\/span><span style=\"font-weight: 400;\"> \u2013 2 a 7 dias<\/span><\/span><\/p>\n<p style=\"text-align: center;\"><strong><span style=\"color: #29606b;\">Brinde gr\u00e1tis em compras acima de \u00a3100<\/span><\/strong><\/p>","protected":false},"featured_media":4969,"template":"","meta":[],"product_brand":[370],"product_cat":[336,339,156,207,305,215,130,211],"product_tag":[],"class_list":{"0":"post-4968","1":"product","2":"type-product","3":"status-publish","4":"has-post-thumbnail","6":"product_brand-babylux","7":"product_cat-400-to-500","8":"product_cat-700-to-800","9":"product_cat-3-in-1","10":"product_cat-black","11":"product_cat-colour","12":"product_cat-pink","13":"product_cat-prams","14":"product_cat-stroller","16":"first","17":"instock","18":"sale","19":"shipping-taxable","20":"purchasable","21":"product-type-simple"},"yoast_head":"<!-- This site is optimized with the Yoast SEO plugin v27.5 - https:\/\/yoast.com\/product\/yoast-seo-wordpress\/ -->\n<title>Baby Buggy Pram Car Seat 3 in 1 Travel System Pushchair All In One in Black Magenta - For Baby Boss<\/title>\n<meta name=\"description\" content=\"Baby Buggy Pram Car Seat 3 in 1 Travel System Pushchair All In One in Black Magenta\" \/>\n<meta name=\"robots\" content=\"index, follow, max-snippet:-1, max-image-preview:large, max-video-preview:-1\" \/>\n<link rel=\"canonical\" href=\"https:\/\/forbabyboss.com\/pt\/produto\/baby-buggy-pram-car-seat-3-in-1-travel-system-pushchair-all-in-one-in-black-magenta\/\" \/>\n<meta property=\"og:locale\" content=\"pt_PT\" \/>\n<meta property=\"og:type\" content=\"article\" \/>\n<meta property=\"og:title\" content=\"Baby Buggy Pram Car Seat 3 in 1 Travel System Pushchair All In One in Black Magenta - For Baby Boss\" \/>\n<meta property=\"og:description\" content=\"Baby Buggy Pram Car Seat 3 in 1 Travel System Pushchair All In One in Black Magenta\" \/>\n<meta property=\"og:url\" content=\"https:\/\/forbabyboss.com\/pt\/produto\/baby-buggy-pram-car-seat-3-in-1-travel-system-pushchair-all-in-one-in-black-magenta\/\" \/>\n<meta property=\"og:site_name\" content=\"For Baby Boss\" \/>\n<meta property=\"article:modified_time\" content=\"2026-02-21T13:13:38+00:00\" \/>\n<meta property=\"og:image\" content=\"https:\/\/forbabyboss.com\/wp-content\/uploads\/2022\/09\/11-1.jpg\" \/>\n\t<meta property=\"og:image:width\" content=\"933\" \/>\n\t<meta property=\"og:image:height\" content=\"700\" \/>\n\t<meta property=\"og:image:type\" content=\"image\/jpeg\" \/>\n<meta name=\"twitter:card\" content=\"summary_large_image\" \/>\n<meta name=\"twitter:label1\" content=\"Tempo estimado de leitura\" \/>\n\t<meta name=\"twitter:data1\" content=\"8 minutos\" \/>\n<script type=\"application\/ld+json\" class=\"yoast-schema-graph\">{\"@context\":\"https:\\\/\\\/schema.org\",\"@graph\":[{\"@type\":\"WebPage\",\"@id\":\"https:\\\/\\\/forbabyboss.com\\\/product\\\/baby-buggy-pram-car-seat-3-in-1-travel-system-pushchair-all-in-one-in-black-magenta\\\/\",\"url\":\"https:\\\/\\\/forbabyboss.com\\\/product\\\/baby-buggy-pram-car-seat-3-in-1-travel-system-pushchair-all-in-one-in-black-magenta\\\/\",\"name\":\"Baby Buggy Pram Car Seat 3 in 1 Travel System Pushchair All In One in Black Magenta - For Baby Boss\",\"isPartOf\":{\"@id\":\"https:\\\/\\\/powderblue-seahorse-496884.hostingersite.com\\\/#website\"},\"primaryImageOfPage\":{\"@id\":\"https:\\\/\\\/forbabyboss.com\\\/product\\\/baby-buggy-pram-car-seat-3-in-1-travel-system-pushchair-all-in-one-in-black-magenta\\\/#primaryimage\"},\"image\":{\"@id\":\"https:\\\/\\\/forbabyboss.com\\\/product\\\/baby-buggy-pram-car-seat-3-in-1-travel-system-pushchair-all-in-one-in-black-magenta\\\/#primaryimage\"},\"thumbnailUrl\":\"https:\\\/\\\/forbabyboss.com\\\/wp-content\\\/uploads\\\/2022\\\/09\\\/11-1.jpg\",\"datePublished\":\"2022-09-10T15:54:38+00:00\",\"dateModified\":\"2026-02-21T13:13:38+00:00\",\"description\":\"Baby Buggy Pram Car Seat 3 in 1 Travel System Pushchair All In One in Black Magenta\",\"breadcrumb\":{\"@id\":\"https:\\\/\\\/forbabyboss.com\\\/product\\\/baby-buggy-pram-car-seat-3-in-1-travel-system-pushchair-all-in-one-in-black-magenta\\\/#breadcrumb\"},\"inLanguage\":\"pt-PT\",\"potentialAction\":[{\"@type\":\"ReadAction\",\"target\":[\"https:\\\/\\\/forbabyboss.com\\\/product\\\/baby-buggy-pram-car-seat-3-in-1-travel-system-pushchair-all-in-one-in-black-magenta\\\/\"]}]},{\"@type\":\"ImageObject\",\"inLanguage\":\"pt-PT\",\"@id\":\"https:\\\/\\\/forbabyboss.com\\\/product\\\/baby-buggy-pram-car-seat-3-in-1-travel-system-pushchair-all-in-one-in-black-magenta\\\/#primaryimage\",\"url\":\"https:\\\/\\\/forbabyboss.com\\\/wp-content\\\/uploads\\\/2022\\\/09\\\/11-1.jpg\",\"contentUrl\":\"https:\\\/\\\/forbabyboss.com\\\/wp-content\\\/uploads\\\/2022\\\/09\\\/11-1.jpg\",\"width\":933,\"height\":700},{\"@type\":\"BreadcrumbList\",\"@id\":\"https:\\\/\\\/forbabyboss.com\\\/product\\\/baby-buggy-pram-car-seat-3-in-1-travel-system-pushchair-all-in-one-in-black-magenta\\\/#breadcrumb\",\"itemListElement\":[{\"@type\":\"ListItem\",\"position\":1,\"name\":\"Home\",\"item\":\"https:\\\/\\\/forbabyboss.com\\\/\"},{\"@type\":\"ListItem\",\"position\":2,\"name\":\"Shop\",\"item\":\"https:\\\/\\\/forbabyboss.com\\\/shop\\\/\"},{\"@type\":\"ListItem\",\"position\":3,\"name\":\"Baby Buggy Pram Car Seat 3 in 1 Travel System Pushchair All In One in Black Magenta\"}]},{\"@type\":\"WebSite\",\"@id\":\"https:\\\/\\\/powderblue-seahorse-496884.hostingersite.com\\\/#website\",\"url\":\"https:\\\/\\\/powderblue-seahorse-496884.hostingersite.com\\\/\",\"name\":\"For Baby Boss\",\"description\":\"Beautiful gifts and accessories for your baby boss\",\"potentialAction\":[{\"@type\":\"SearchAction\",\"target\":{\"@type\":\"EntryPoint\",\"urlTemplate\":\"https:\\\/\\\/powderblue-seahorse-496884.hostingersite.com\\\/?s={search_term_string}\"},\"query-input\":{\"@type\":\"PropertyValueSpecification\",\"valueRequired\":true,\"valueName\":\"search_term_string\"}}],\"inLanguage\":\"pt-PT\"}]}<\/script>\n<!-- \/ Yoast SEO plugin. -->","yoast_head_json":{"title":"Baby Buggy Pram Car Seat 3 in 1 Travel System Pushchair All In One in Black Magenta - For Baby Boss","description":"Carrinho de Beb\u00ea 3 em 1 com Cadeira Auto, Sistema de Viagem, Tudo em Um, nas cores Preto e Magenta.","robots":{"index":"index","follow":"follow","max-snippet":"max-snippet:-1","max-image-preview":"max-image-preview:large","max-video-preview":"max-video-preview:-1"},"canonical":"https:\/\/forbabyboss.com\/pt\/produto\/baby-buggy-pram-car-seat-3-in-1-travel-system-pushchair-all-in-one-in-black-magenta\/","og_locale":"pt_PT","og_type":"article","og_title":"Baby Buggy Pram Car Seat 3 in 1 Travel System Pushchair All In One in Black Magenta - For Baby Boss","og_description":"Baby Buggy Pram Car Seat 3 in 1 Travel System Pushchair All In One in Black Magenta","og_url":"https:\/\/forbabyboss.com\/pt\/produto\/baby-buggy-pram-car-seat-3-in-1-travel-system-pushchair-all-in-one-in-black-magenta\/","og_site_name":"For Baby Boss","article_modified_time":"2026-02-21T13:13:38+00:00","og_image":[{"width":933,"height":700,"url":"https:\/\/forbabyboss.com\/wp-content\/uploads\/2022\/09\/11-1.jpg","type":"image\/jpeg"}],"twitter_card":"summary_large_image","twitter_misc":{"Tempo estimado de leitura":"8 minutos"},"schema":{"@context":"https:\/\/schema.org","@graph":[{"@type":"WebPage","@id":"https:\/\/forbabyboss.com\/product\/baby-buggy-pram-car-seat-3-in-1-travel-system-pushchair-all-in-one-in-black-magenta\/","url":"https:\/\/forbabyboss.com\/product\/baby-buggy-pram-car-seat-3-in-1-travel-system-pushchair-all-in-one-in-black-magenta\/","name":"Baby Buggy Pram Car Seat 3 in 1 Travel System Pushchair All In One in Black Magenta - For Baby Boss","isPartOf":{"@id":"https:\/\/powderblue-seahorse-496884.hostingersite.com\/#website"},"primaryImageOfPage":{"@id":"https:\/\/forbabyboss.com\/product\/baby-buggy-pram-car-seat-3-in-1-travel-system-pushchair-all-in-one-in-black-magenta\/#primaryimage"},"image":{"@id":"https:\/\/forbabyboss.com\/product\/baby-buggy-pram-car-seat-3-in-1-travel-system-pushchair-all-in-one-in-black-magenta\/#primaryimage"},"thumbnailUrl":"https:\/\/forbabyboss.com\/wp-content\/uploads\/2022\/09\/11-1.jpg","datePublished":"2022-09-10T15:54:38+00:00","dateModified":"2026-02-21T13:13:38+00:00","description":"Carrinho de Beb\u00ea 3 em 1 com Cadeira Auto, Sistema de Viagem, Tudo em Um, nas cores Preto e Magenta.","breadcrumb":{"@id":"https:\/\/forbabyboss.com\/product\/baby-buggy-pram-car-seat-3-in-1-travel-system-pushchair-all-in-one-in-black-magenta\/#breadcrumb"},"inLanguage":"pt-PT","potentialAction":[{"@type":"ReadAction","target":["https:\/\/forbabyboss.com\/product\/baby-buggy-pram-car-seat-3-in-1-travel-system-pushchair-all-in-one-in-black-magenta\/"]}]},{"@type":"ImageObject","inLanguage":"pt-PT","@id":"https:\/\/forbabyboss.com\/product\/baby-buggy-pram-car-seat-3-in-1-travel-system-pushchair-all-in-one-in-black-magenta\/#primaryimage","url":"https:\/\/forbabyboss.com\/wp-content\/uploads\/2022\/09\/11-1.jpg","contentUrl":"https:\/\/forbabyboss.com\/wp-content\/uploads\/2022\/09\/11-1.jpg","width":933,"height":700},{"@type":"BreadcrumbList","@id":"https:\/\/forbabyboss.com\/product\/baby-buggy-pram-car-seat-3-in-1-travel-system-pushchair-all-in-one-in-black-magenta\/#breadcrumb","itemListElement":[{"@type":"ListItem","position":1,"name":"Home","item":"https:\/\/forbabyboss.com\/"},{"@type":"ListItem","position":2,"name":"Shop","item":"https:\/\/forbabyboss.com\/shop\/"},{"@type":"ListItem","position":3,"name":"Baby Buggy Pram Car Seat 3 in 1 Travel System Pushchair All In One in Black Magenta"}]},{"@type":"WebSite","@id":"https:\/\/powderblue-seahorse-496884.hostingersite.com\/#website","url":"https:\/\/powderblue-seahorse-496884.hostingersite.com\/","name":"Para o Baby Boss","description":"Bonitos presentes e acess\u00f3rios para o seu chefe beb\u00e9","potentialAction":[{"@type":"SearchAction","target":{"@type":"EntryPoint","urlTemplate":"https:\/\/powderblue-seahorse-496884.hostingersite.com\/?s={search_term_string}"},"query-input":{"@type":"PropertyValueSpecification","valueRequired":true,"valueName":"search_term_string"}}],"inLanguage":"pt-PT"}]}},"_links":{"self":[{"href":"https:\/\/forbabyboss.com\/pt\/wp-json\/wp\/v2\/product\/4968","targetHints":{"allow":["GET"]}}],"collection":[{"href":"https:\/\/forbabyboss.com\/pt\/wp-json\/wp\/v2\/product"}],"about":[{"href":"https:\/\/forbabyboss.com\/pt\/wp-json\/wp\/v2\/types\/product"}],"wp:featuredmedia":[{"embeddable":true,"href":"https:\/\/forbabyboss.com\/pt\/wp-json\/wp\/v2\/media\/4969"}],"wp:attachment":[{"href":"https:\/\/forbabyboss.com\/pt\/wp-json\/wp\/v2\/media?parent=4968"}],"wp:term":[{"taxonomy":"product_brand","embeddable":true,"href":"https:\/\/forbabyboss.com\/pt\/wp-json\/wp\/v2\/product_brand?post=4968"},{"taxonomy":"product_cat","embeddable":true,"href":"https:\/\/forbabyboss.com\/pt\/wp-json\/wp\/v2\/product_cat?post=4968"},{"taxonomy":"product_tag","embeddable":true,"href":"https:\/\/forbabyboss.com\/pt\/wp-json\/wp\/v2\/product_tag?post=4968"}],"curies":[{"name":"wp","href":"https:\/\/api.w.org\/{rel}","templated":true}]}}