{"id":5121,"date":"2022-09-11T11:48:10","date_gmt":"2022-09-11T11:48:10","guid":{"rendered":"http:\/\/forbabyboss.com\/?post_type=product&#038;p=5121"},"modified":"2026-02-21T12:49:55","modified_gmt":"2026-02-21T12:49:55","slug":"black-grey-baby-pram-travel-system-3-in-1-pushchair-car-seat-toddler","status":"publish","type":"product","link":"https:\/\/forbabyboss.com\/pt\/product\/black-grey-baby-pram-travel-system-3-in-1-pushchair-car-seat-toddler\/","title":{"rendered":"Carrinho de Beb\u00ea Sistema de Viagem 3 em 1 Preto e Cinza com Cadeirinha para Auto"},"content":{"rendered":"<p style=\"text-align: justify;\"><span style=\"color: #282828;\">Projetamos o carrinho para acompanhar pais e filhos desde o nascimento at\u00e9 os 3 anos de idade. Ele se adapta perfeitamente \u00e0s necessidades do seu filho em crescimento: voc\u00ea come\u00e7a com um mois\u00e9s acoplado \u00e0 estrutura do carrinho. Quando a crian\u00e7a estiver grande o suficiente para passear sentada, basta instalar um assento confort\u00e1vel, virado para tr\u00e1s ou para a frente. D\u00e1 para querer mais?<\/span><\/p>\n<p style=\"text-align: justify;\"><span style=\"color: #e14d43;\"><strong>Caracter\u00edsticas:<\/strong><\/span><\/p>\n<p style=\"text-align: justify;\"><span style=\"color: #282828;\">-modo voltado para frente e para tr\u00e1s<br \/>\n-Cadeirinha de carro acopl\u00e1vel ao chassi<br \/>\n-janela de ventila\u00e7\u00e3o na parte traseira do cap\u00f4<br \/>\n-A g\u00f4ndola possui um forro macio que pode ser removido para lavagem.<br \/>\n-A cobertura da g\u00f4ndola pode ser levantada para criar um captador de vento.<br \/>\n-capuz estendido e remov\u00edvel<br \/>\n-Cinto de seguran\u00e7a de 5 pontos<br \/>\n-apoio para os p\u00e9s laminado<br \/>\n-al\u00e7a ajust\u00e1vel em v\u00e1rios n\u00edveis<br \/>\n-suspens\u00e3o ajust\u00e1vel<br \/>\n-estrutura robusta<br \/>\n- Encosto e apoio para as pernas ajust\u00e1veis<br \/>\n-Freio central EASY STOP<br \/>\n- grande cesta de compras<br \/>\nCarrinho de beb\u00ea adequado para crian\u00e7as de 0 a 3 anos.<br \/>\nCadeirinha de carro at\u00e9 10 kg<\/span><\/p>\n<p style=\"text-align: justify;\"><span style=\"color: #e14d43;\"><strong>Caracter\u00edsticas da cadeirinha de carro:<\/strong><\/span><\/p>\n<p style=\"text-align: justify;\"><span style=\"color: #282828;\">-inser\u00e7\u00e3o adicional para beb\u00eas<br \/>\n-al\u00e7a ajust\u00e1vel<br \/>\n-cobertura para os p\u00e9s<br \/>\n-capuz remov\u00edvel<br \/>\n-cintos de seguran\u00e7a de tr\u00eas pontos<\/span><\/p>\n<p style=\"text-align: justify;\"><span style=\"color: #e14d43;\"><strong>O conjunto cont\u00e9m:<\/strong><\/span><\/p>\n<p><span style=\"color: #282828;\">-arma\u00e7\u00e3o com al\u00e7a em couro ecol\u00f3gico<br \/>\n-g\u00f4ndola com encosto ajust\u00e1vel<br \/>\n-unidade de assento<br \/>\n-Duas capas para os p\u00e9s (para carrinho de beb\u00ea e g\u00f4ndola)<br \/>\n-Cadeirinha de carro multifuncional com adaptadores<br \/>\n-capa de chuva<br \/>\n-mosquiteiro<br \/>\n-bolsa e trocador<br \/>\n- Rodas macias de gel \u00e0 prova de furos (todo tipo de terreno)<br \/>\n-al\u00e7a da garrafa<br \/>\n- Bolso grande na parte de tr\u00e1s da bolsa e dois pequenos nas laterais.<\/span><\/p>\n<p style=\"text-align: justify;\"><span style=\"color: #282828;\">Estrutura desmontada com rodas (comprimento x largura x altura): 85 x 60 x 40 cm<br \/>\nCarrinho de beb\u00ea montado (altura x largura x comprimento): 115 x 60 x 95 cm<br \/>\nDimens\u00f5es internas da g\u00f4ndola (largura x comprimento x altura): 36 x 80 x 20 cm<br \/>\nDimens\u00f5es internas do carrinho (largura x comprimento do encosto x comprimento do assento x comprimento do apoio para os p\u00e9s): 34 x 48 x 26 x 23 cm<br \/>\nQuadro com rodas: 10 kg<br \/>\nCarrinho de beb\u00ea: 15 kg<br \/>\nCarrinho de beb\u00ea profundo: 16 kg<br \/>\nFaixa de ajuste do cabo: 70 cm a 115 cm<br \/>\nCarrinho de beb\u00ea: aprovado segundo a norma de seguran\u00e7a EN 1888:2019<br \/>\nCadeirinha de carro com certifica\u00e7\u00e3o de seguran\u00e7a ECE 44-04<br \/>\nGarantia de 12 meses<\/span><\/p>\n<p style=\"text-align: justify;\"><span style=\"color: #282828;\">Nosso carrinho de beb\u00ea inclui chassi, mois\u00e9s, assento esportivo, bolsa para fraldas, trocador, porta-copos, capota, apoios de bra\u00e7o, capas para o assento, cesta de compras, porta-copos, capa de chuva, mosquiteiro, barra de seguran\u00e7a e colch\u00e3o respir\u00e1vel e hipoalerg\u00eanico. A partir dos 6 meses, voc\u00ea pode us\u00e1-lo como carrinho de passeio. O carrinho possui um assento revers\u00edvel que pode ser usado em ambas as posi\u00e7\u00f5es. A capota extens\u00edvel possui um sistema repelente a l\u00edquidos.<\/span><br \/>\n<span style=\"color: #282828;\">Este carrinho de beb\u00ea \u00e9 perfeito para quem busca beleza e um primeiro carrinho excepcional para seus pequenos. A Largo \u00e9 uma cole\u00e7\u00e3o de carrinhos de beb\u00ea funcionais, seguros e coloridos.<\/span><br \/>\n<span style=\"color: #282828;\">Para um toque ainda mais luxuoso, a al\u00e7a \u00e9 revestida em couro ecol\u00f3gico muito macio ao toque. Outra vantagem deste carrinho \u00e9 sua estrutura confort\u00e1vel e bem suspensa, que \u00e9 extremamente f\u00e1cil de usar.<\/span><\/p>\n<p style=\"text-align: justify;\"><span style=\"color: #282828;\">O sistema de montagem f\u00e1cil ser\u00e1 apreciado por todos os pais. O estofamento do carrinho \u00e9 feito com tecidos impermeabilizados da mais alta qualidade, pr\u00f3prios para crian\u00e7as.<\/span><br \/>\n<span style=\"color: #282828;\">O interior da g\u00f4ndola \u00e9 revestido com tecido de algod\u00e3o hipoalerg\u00eanico. O estofamento pode ser removido para lavagem. Al\u00e9m disso, possui uma viseira solar com prote\u00e7\u00e3o UVA 30+.<\/span><br \/>\n<span style=\"color: #282828;\">Projetamos o carrinho para acompanhar pais e filhos desde o nascimento at\u00e9 os 3 anos de idade. Ele se adapta perfeitamente \u00e0s necessidades do seu filho em crescimento \u2013 voc\u00ea come\u00e7a com um mois\u00e9s acoplado \u00e0 estrutura do carrinho.<\/span><br \/>\n<span style=\"color: #282828;\">Quando voc\u00ea decidir que a crian\u00e7a est\u00e1 grande o suficiente e pronta para sentar durante os passeios, instale uma cadeirinha confort\u00e1vel, virada para tr\u00e1s ou para a frente.<\/span><br \/>\n<span style=\"color: #282828;\">Voc\u00ea poderia querer algo mais?<\/span><\/p>\n<p style=\"text-align: justify;\"><span style=\"color: #282828;\"><strong><img decoding=\"async\" src=\"https:\/\/bayobay.co.uk\/ebay\/zdjecia-aukcyjne\/rafpol\/largo\/zdjecia%20podwojne\/gif1.gif\" \/><\/strong><\/span><\/p>\n<p style=\"text-align: justify;\"><span style=\"color: #282828;\"><strong><img decoding=\"async\" src=\"https:\/\/bayobay.co.uk\/\/ebay\/zdjecia-aukcyjne\/rafpol\/largo\/zdjecia%20podwojne\/gif2.gif\" \/><\/strong><\/span><\/p>\n<p style=\"text-align: justify;\"><span style=\"color: #282828;\"><strong><img decoding=\"async\" src=\"https:\/\/bayobay.co.uk\/ebay\/zdjecia-aukcyjne\/rafpol\/largo\/zdjecia%20podwojne\/1.png\" \/><\/strong><\/span><\/p>\n<p style=\"text-align: justify;\"><span style=\"color: #282828;\"><strong>Nossos carrinhos de beb\u00ea incluem todas as tecnologias inovadoras.<br \/>\nO mois\u00e9s, a cadeirinha esportiva e a cadeirinha de carro podem ser instalados virados para tr\u00e1s ou para a frente. A suspens\u00e3o \u00e9 o elemento respons\u00e1vel pela viagem sem solavancos, proporcionando ao seu beb\u00ea um sono tranquilo.<br \/>\nO sistema Shock Stop utilizado nos nossos carrinhos de beb\u00ea reduz vibra\u00e7\u00f5es desagrad\u00e1veis. Ele \u00e9 composto por dois elementos: suspens\u00e3o na roda traseira e suspens\u00e3o lateral adicional. O carrinho est\u00e1 pronto para uso praticamente assim que \u00e9 desembalado (basta desdobrar a estrutura, encaixar as rodas e fixar o mois\u00e9s) \u2013 voc\u00ea n\u00e3o precisa apertar um \u00fanico parafuso.<\/strong><\/span><\/p>\n<p style=\"text-align: justify;\"><span style=\"color: #282828;\"><strong><img decoding=\"async\" src=\"https:\/\/bayobay.co.uk\/ebay\/zdjecia-aukcyjne\/rafpol\/largo\/zdjecia%20podwojne\/2.png\" \/><\/strong><\/span><\/p>\n<p style=\"text-align: justify;\"><span style=\"color: #282828;\"><strong>O carrinho de beb\u00ea est\u00e1 equipado com uma grande cesta de compras, al\u00e7a ajust\u00e1vel em couro ecol\u00f3gico e protetor solar.<br \/>\nO freio central \u00e9 f\u00e1cil de usar \u2013 pode ser acionado ou desativado com apenas um movimento.<\/strong><\/span><\/p>\n<p style=\"text-align: justify;\"><span style=\"color: #282828;\"><strong><img decoding=\"async\" src=\"https:\/\/bayobay.co.uk\/ebay\/zdjecia-aukcyjne\/rafpol\/largo\/zdjecia%20podwojne\/3.png\" \/><\/strong><\/span><\/p>\n<p style=\"text-align: justify;\"><span style=\"color: #282828;\"><strong>A cadeirinha de carro possui capota e protetor de p\u00e9s remov\u00edveis e pode ser usada como bercinho.<\/strong><\/span><\/p>\n<p style=\"text-align: justify;\"><span style=\"color: #282828;\"><strong><img decoding=\"async\" src=\"https:\/\/bayobay.co.uk\/ebay\/zdjecia-aukcyjne\/rafpol\/largo\/zdjecia%20podwojne\/4.png\" \/><\/strong><\/span><\/p>\n<p style=\"text-align: justify;\"><span style=\"color: #282828;\"><strong>Capota dobr\u00e1vel e ventilada para o ber\u00e7o.<br \/>\nUma bolsa espa\u00e7osa com fecho de correr \u2013 pode prend\u00ea-la \u00e0 estrutura do carrinho de beb\u00e9 ou lev\u00e1-la consigo.<\/strong><\/span><\/p>\n<p style=\"text-align: justify;\"><span style=\"color: #282828;\"><strong><img decoding=\"async\" src=\"https:\/\/bayobay.co.uk\/ebay\/zdjecia-aukcyjne\/rafpol\/largo\/zdjecia%20podwojne\/5.png\" \/><\/strong><\/span><\/p>\n<p style=\"text-align: justify;\"><span style=\"color: #282828;\"><strong>Apoio para os p\u00e9s dur\u00e1vel e f\u00e1cil de limpar.<br \/>\nEncosto ajust\u00e1vel.<br \/>\nCapota remov\u00edvel para o banco esportivo.<\/strong><\/span><\/p>\n<p style=\"text-align: justify;\"><span style=\"color: #282828;\"><strong><img decoding=\"async\" src=\"https:\/\/bayobay.co.uk\/ebay\/zdjecia-aukcyjne\/rafpol\/largo\/zdjecia%20podwojne\/6.png\" \/><\/strong><\/span><\/p>\n<p style=\"text-align: justify;\"><span style=\"color: #282828;\"><strong>A cadeirinha esportiva pode ser instalada virada para tr\u00e1s ou para a frente. Seu beb\u00ea pode sentar-se de frente para voc\u00ea (para que voc\u00ea possa conversar com ele e ficar de olho nele) ou de costas para voc\u00ea, observando o ambiente ao seu redor pela frente (\u00e0 medida que cresce e demonstra mais interesse pelo mundo).<br \/>\nA cobertura possui uma janela de ventila\u00e7\u00e3o.<br \/>\nAo ventilar o carrinho de beb\u00ea adequadamente, voc\u00ea protege seu filho do superaquecimento em climas quentes e proporciona bastante ventila\u00e7\u00e3o e ar fresco.<\/strong><\/span><\/p>\n<p style=\"text-align: justify;\"><span style=\"color: #282828;\"><strong><img decoding=\"async\" src=\"https:\/\/bayobay.co.uk\/ebay\/zdjecia-aukcyjne\/rafpol\/largo\/zdjecia%20podwojne\/7.png\" \/><\/strong><\/span><\/p>\n<p style=\"text-align: justify;\"><span style=\"color: #282828;\"><strong>Um avental extra mant\u00e9m o beb\u00ea aquecido nos dias mais frios.<br \/>\nO carrinho de beb\u00ea possui rodas de gel macio \u00e0 prova de furos, permitindo seu uso em qualquer tipo de terreno.<br \/>\nAs rodas dianteiras girat\u00f3rias com trava permitem fazer curvas com muita facilidade.<\/strong><\/span><\/p>\n<p style=\"text-align: justify;\"><span style=\"color: #282828;\"><strong><img decoding=\"async\" src=\"https:\/\/bayobay.co.uk\/ebay\/zdjecia-aukcyjne\/rafpol\/largo\/zdjecia%20podwojne\/8.png\" \/><\/strong><\/span><\/p>\n<p style=\"text-align: justify;\"><span style=\"color: #282828;\"><strong>Capa para chuva e prote\u00e7\u00e3o contra insetos.<\/strong><\/span><\/p>\n<p style=\"text-align: justify;\"><span style=\"color: #282828;\"><strong><img decoding=\"async\" src=\"https:\/\/bayobay.co.uk\/ebay\/zdjecia-aukcyjne\/rafpol\/largo\/zdjecia%20podwojne\/9.png\" \/><\/strong><\/span><\/p>\n<p style=\"text-align: justify;\"><span style=\"color: #282828;\"><strong>O ber\u00e7o port\u00e1til possui um colch\u00e3o macio e aconchegante, lav\u00e1vel, e ajuste de encosto em quatro posi\u00e7\u00f5es.<\/strong><\/span><\/p>\n<p style=\"text-align: justify;\"><span style=\"color: #282828;\"><strong><img decoding=\"async\" src=\"https:\/\/bayobay.co.uk\/ebay\/zdjecia-aukcyjne\/rafpol\/largo\/zdjecia%20podwojne\/10.png\" \/><\/strong><\/span><\/p>\n<p style=\"text-align: justify;\"><span style=\"color: #282828;\"><strong>Bolsa para fraldas, trocador, adaptadores para cadeirinha de carro, porta-copos, capa de chuva e mosquiteiro.<\/strong><\/span><\/p>\n<p style=\"text-align: justify;\"><span style=\"color: #282828;\"><strong><img decoding=\"async\" src=\"https:\/\/bayobay.co.uk\/ebay\/zdjecia-aukcyjne\/rafpol\/largo\/zdjecia%20podwojne\/11.jpg\" \/><\/strong><\/span><\/p>\n<p style=\"text-align: justify;\"><span style=\"color: #282828;\"><strong><img decoding=\"async\" src=\"https:\/\/bayobay.co.uk\/ebay\/zdjecia-aukcyjne\/rafpol\/largo\/zdjecia%20podwojne\/12.png\" \/><\/strong><\/span><\/p>\n<p style=\"text-align: justify;\"><span style=\"color: #282828;\"><strong><img decoding=\"async\" src=\"https:\/\/bayobay.co.uk\/ebay\/zdjecia-aukcyjne\/rafpol\/largo\/zdjecia%20podwojne\/dimensions.png\" \/><\/strong><\/span><\/p>\n<p><span style=\"color: #282828;\"><a style=\"color: #282828;\" href=\"http:\/\/forbabyboss.com\/wp-content\/uploads\/2022\/09\/Easy-Fold.png\"><img loading=\"lazy\" decoding=\"async\" class=\"alignnone size-full wp-image-4925\" src=\"http:\/\/forbabyboss.com\/wp-content\/uploads\/2022\/09\/Easy-Fold.png\" alt=\"\" width=\"1141\" height=\"409\" srcset=\"https:\/\/forbabyboss.com\/wp-content\/uploads\/2022\/09\/Easy-Fold.png 1141w, https:\/\/forbabyboss.com\/wp-content\/uploads\/2022\/09\/Easy-Fold-800x287.png 800w, https:\/\/forbabyboss.com\/wp-content\/uploads\/2022\/09\/Easy-Fold-768x275.png 768w, https:\/\/forbabyboss.com\/wp-content\/uploads\/2022\/09\/Easy-Fold-600x215.png 600w\" sizes=\"auto, (max-width: 1141px) 100vw, 1141px\" \/><\/a><\/span><\/p>\n<p>&nbsp;<\/p>\n<p>&nbsp;<\/p>\n<p><a href=\"http:\/\/forbabyboss.com\/wp-content\/uploads\/2022\/09\/checkout.png\"><img loading=\"lazy\" decoding=\"async\" class=\"alignnone wp-image-5965\" src=\"http:\/\/forbabyboss.com\/wp-content\/uploads\/2022\/09\/checkout.png\" alt=\"\" width=\"989\" height=\"364\" srcset=\"https:\/\/forbabyboss.com\/wp-content\/uploads\/2022\/09\/checkout.png 750w, https:\/\/forbabyboss.com\/wp-content\/uploads\/2022\/09\/checkout-600x221.png 600w\" sizes=\"auto, (max-width: 989px) 100vw, 989px\" \/><\/a><\/p>\n<p style=\"text-align: justify;\">","protected":false},"excerpt":{"rendered":"<p><a href=\"http:\/\/forbabyboss.com\/wp-content\/uploads\/2022\/09\/Star-Rating-5.png\"><img loading=\"lazy\" decoding=\"async\" class=\"alignnone size-full wp-image-5973 aligncenter\" src=\"http:\/\/forbabyboss.com\/wp-content\/uploads\/2022\/09\/Star-Rating-5.png\" alt=\"\" width=\"275\" height=\"45\" \/><\/a><\/p>\n<p style=\"text-align: center;\"><span style=\"color: #ed1c24; font-size: 120%;\"><b>GARANTIA DE MELHORA DE PRE\u00c7O<\/b><\/span><\/p>\n<p style=\"text-align: center;\"><span style=\"font-size: 115%;\"><span style=\"font-weight: 400; color: #4f4fa7;\">Entrega gr\u00e1tis<\/span><span style=\"font-weight: 400;\"> \u2013 2 a 7 dias<\/span><\/span><\/p>\n<p style=\"text-align: center;\"><strong><span style=\"color: #29606b;\">Brinde gr\u00e1tis em compras acima de \u00a3100<\/span><\/strong><\/p>","protected":false},"featured_media":5123,"template":"","meta":[],"product_brand":[370],"product_cat":[336,339,156,305,210,130,211],"product_tag":[202,199],"class_list":{"0":"post-5121","1":"product","2":"type-product","3":"status-publish","4":"has-post-thumbnail","6":"product_brand-babylux","7":"product_cat-400-to-500","8":"product_cat-700-to-800","9":"product_cat-3-in-1","10":"product_cat-colour","11":"product_cat-grey","12":"product_cat-prams","13":"product_cat-stroller","14":"product_tag-3-in-1-pram","15":"product_tag-prams","17":"first","18":"instock","19":"sale","20":"shipping-taxable","21":"purchasable","22":"product-type-simple"},"yoast_head":"<!-- This site is optimized with the Yoast SEO plugin v27.5 - https:\/\/yoast.com\/product\/yoast-seo-wordpress\/ -->\n<title>Black Grey Baby Pram Travel System 3 in 1 Pushchair Car Seat Toddler - For Baby Boss<\/title>\n<meta name=\"description\" content=\"Black Grey Baby Pram Travel System 3 in 1 Pushchair Car Seat Toddler\" \/>\n<meta name=\"robots\" content=\"index, follow, max-snippet:-1, max-image-preview:large, max-video-preview:-1\" \/>\n<link rel=\"canonical\" href=\"https:\/\/forbabyboss.com\/pt\/produto\/black-grey-baby-pram-travel-system-3-in-1-pushchair-car-seat-toddler\/\" \/>\n<meta property=\"og:locale\" content=\"pt_PT\" \/>\n<meta property=\"og:type\" content=\"article\" \/>\n<meta property=\"og:title\" content=\"Black Grey Baby Pram Travel System 3 in 1 Pushchair Car Seat Toddler - For Baby Boss\" \/>\n<meta property=\"og:description\" content=\"Black Grey Baby Pram Travel System 3 in 1 Pushchair Car Seat Toddler\" \/>\n<meta property=\"og:url\" content=\"https:\/\/forbabyboss.com\/pt\/produto\/black-grey-baby-pram-travel-system-3-in-1-pushchair-car-seat-toddler\/\" \/>\n<meta property=\"og:site_name\" content=\"For Baby Boss\" \/>\n<meta property=\"article:modified_time\" content=\"2026-02-21T12:49:55+00:00\" \/>\n<meta property=\"og:image\" content=\"https:\/\/forbabyboss.com\/wp-content\/uploads\/2022\/09\/Baby-Pram-Travel-System-3-in-1-Buggy-Pushchair-Car-Seat-Toddler-Bassinet-FREEBIE-Black-Grey_main.png\" \/>\n\t<meta property=\"og:image:width\" content=\"1600\" \/>\n\t<meta property=\"og:image:height\" content=\"1600\" \/>\n\t<meta property=\"og:image:type\" content=\"image\/png\" \/>\n<meta name=\"twitter:card\" content=\"summary_large_image\" \/>\n<meta name=\"twitter:label1\" content=\"Tempo estimado de leitura\" \/>\n\t<meta name=\"twitter:data1\" content=\"8 minutos\" \/>\n<script type=\"application\/ld+json\" class=\"yoast-schema-graph\">{\"@context\":\"https:\\\/\\\/schema.org\",\"@graph\":[{\"@type\":\"WebPage\",\"@id\":\"https:\\\/\\\/forbabyboss.com\\\/product\\\/black-grey-baby-pram-travel-system-3-in-1-pushchair-car-seat-toddler\\\/\",\"url\":\"https:\\\/\\\/forbabyboss.com\\\/product\\\/black-grey-baby-pram-travel-system-3-in-1-pushchair-car-seat-toddler\\\/\",\"name\":\"Black Grey Baby Pram Travel System 3 in 1 Pushchair Car Seat Toddler - For Baby Boss\",\"isPartOf\":{\"@id\":\"https:\\\/\\\/powderblue-seahorse-496884.hostingersite.com\\\/#website\"},\"primaryImageOfPage\":{\"@id\":\"https:\\\/\\\/forbabyboss.com\\\/product\\\/black-grey-baby-pram-travel-system-3-in-1-pushchair-car-seat-toddler\\\/#primaryimage\"},\"image\":{\"@id\":\"https:\\\/\\\/forbabyboss.com\\\/product\\\/black-grey-baby-pram-travel-system-3-in-1-pushchair-car-seat-toddler\\\/#primaryimage\"},\"thumbnailUrl\":\"https:\\\/\\\/forbabyboss.com\\\/wp-content\\\/uploads\\\/2022\\\/09\\\/Baby-Pram-Travel-System-3-in-1-Buggy-Pushchair-Car-Seat-Toddler-Bassinet-FREEBIE-Black-Grey_main.png\",\"datePublished\":\"2022-09-11T11:48:10+00:00\",\"dateModified\":\"2026-02-21T12:49:55+00:00\",\"description\":\"Black Grey Baby Pram Travel System 3 in 1 Pushchair Car Seat Toddler\",\"breadcrumb\":{\"@id\":\"https:\\\/\\\/forbabyboss.com\\\/product\\\/black-grey-baby-pram-travel-system-3-in-1-pushchair-car-seat-toddler\\\/#breadcrumb\"},\"inLanguage\":\"pt-PT\",\"potentialAction\":[{\"@type\":\"ReadAction\",\"target\":[\"https:\\\/\\\/forbabyboss.com\\\/product\\\/black-grey-baby-pram-travel-system-3-in-1-pushchair-car-seat-toddler\\\/\"]}]},{\"@type\":\"ImageObject\",\"inLanguage\":\"pt-PT\",\"@id\":\"https:\\\/\\\/forbabyboss.com\\\/product\\\/black-grey-baby-pram-travel-system-3-in-1-pushchair-car-seat-toddler\\\/#primaryimage\",\"url\":\"https:\\\/\\\/forbabyboss.com\\\/wp-content\\\/uploads\\\/2022\\\/09\\\/Baby-Pram-Travel-System-3-in-1-Buggy-Pushchair-Car-Seat-Toddler-Bassinet-FREEBIE-Black-Grey_main.png\",\"contentUrl\":\"https:\\\/\\\/forbabyboss.com\\\/wp-content\\\/uploads\\\/2022\\\/09\\\/Baby-Pram-Travel-System-3-in-1-Buggy-Pushchair-Car-Seat-Toddler-Bassinet-FREEBIE-Black-Grey_main.png\",\"width\":1600,\"height\":1600},{\"@type\":\"BreadcrumbList\",\"@id\":\"https:\\\/\\\/forbabyboss.com\\\/product\\\/black-grey-baby-pram-travel-system-3-in-1-pushchair-car-seat-toddler\\\/#breadcrumb\",\"itemListElement\":[{\"@type\":\"ListItem\",\"position\":1,\"name\":\"Home\",\"item\":\"https:\\\/\\\/forbabyboss.com\\\/\"},{\"@type\":\"ListItem\",\"position\":2,\"name\":\"Shop\",\"item\":\"https:\\\/\\\/forbabyboss.com\\\/shop\\\/\"},{\"@type\":\"ListItem\",\"position\":3,\"name\":\"Black Grey Baby Pram Travel System 3 in 1 Pushchair Car Seat Toddler\"}]},{\"@type\":\"WebSite\",\"@id\":\"https:\\\/\\\/powderblue-seahorse-496884.hostingersite.com\\\/#website\",\"url\":\"https:\\\/\\\/powderblue-seahorse-496884.hostingersite.com\\\/\",\"name\":\"For Baby Boss\",\"description\":\"Beautiful gifts and accessories for your baby boss\",\"potentialAction\":[{\"@type\":\"SearchAction\",\"target\":{\"@type\":\"EntryPoint\",\"urlTemplate\":\"https:\\\/\\\/powderblue-seahorse-496884.hostingersite.com\\\/?s={search_term_string}\"},\"query-input\":{\"@type\":\"PropertyValueSpecification\",\"valueRequired\":true,\"valueName\":\"search_term_string\"}}],\"inLanguage\":\"pt-PT\"}]}<\/script>\n<!-- \/ Yoast SEO plugin. -->","yoast_head_json":{"title":"Black Grey Baby Pram Travel System 3 in 1 Pushchair Car Seat Toddler - For Baby Boss","description":"Black Grey Baby Pram Travel System 3 in 1 Pushchair Car Seat Toddler","robots":{"index":"index","follow":"follow","max-snippet":"max-snippet:-1","max-image-preview":"max-image-preview:large","max-video-preview":"max-video-preview:-1"},"canonical":"https:\/\/forbabyboss.com\/pt\/produto\/black-grey-baby-pram-travel-system-3-in-1-pushchair-car-seat-toddler\/","og_locale":"pt_PT","og_type":"article","og_title":"Black Grey Baby Pram Travel System 3 in 1 Pushchair Car Seat Toddler - For Baby Boss","og_description":"Black Grey Baby Pram Travel System 3 in 1 Pushchair Car Seat Toddler","og_url":"https:\/\/forbabyboss.com\/pt\/produto\/black-grey-baby-pram-travel-system-3-in-1-pushchair-car-seat-toddler\/","og_site_name":"For Baby Boss","article_modified_time":"2026-02-21T12:49:55+00:00","og_image":[{"width":1600,"height":1600,"url":"https:\/\/forbabyboss.com\/wp-content\/uploads\/2022\/09\/Baby-Pram-Travel-System-3-in-1-Buggy-Pushchair-Car-Seat-Toddler-Bassinet-FREEBIE-Black-Grey_main.png","type":"image\/png"}],"twitter_card":"summary_large_image","twitter_misc":{"Tempo estimado de leitura":"8 minutos"},"schema":{"@context":"https:\/\/schema.org","@graph":[{"@type":"WebPage","@id":"https:\/\/forbabyboss.com\/product\/black-grey-baby-pram-travel-system-3-in-1-pushchair-car-seat-toddler\/","url":"https:\/\/forbabyboss.com\/product\/black-grey-baby-pram-travel-system-3-in-1-pushchair-car-seat-toddler\/","name":"Black Grey Baby Pram Travel System 3 in 1 Pushchair Car Seat Toddler - For Baby Boss","isPartOf":{"@id":"https:\/\/powderblue-seahorse-496884.hostingersite.com\/#website"},"primaryImageOfPage":{"@id":"https:\/\/forbabyboss.com\/product\/black-grey-baby-pram-travel-system-3-in-1-pushchair-car-seat-toddler\/#primaryimage"},"image":{"@id":"https:\/\/forbabyboss.com\/product\/black-grey-baby-pram-travel-system-3-in-1-pushchair-car-seat-toddler\/#primaryimage"},"thumbnailUrl":"https:\/\/forbabyboss.com\/wp-content\/uploads\/2022\/09\/Baby-Pram-Travel-System-3-in-1-Buggy-Pushchair-Car-Seat-Toddler-Bassinet-FREEBIE-Black-Grey_main.png","datePublished":"2022-09-11T11:48:10+00:00","dateModified":"2026-02-21T12:49:55+00:00","description":"Black Grey Baby Pram Travel System 3 in 1 Pushchair Car Seat Toddler","breadcrumb":{"@id":"https:\/\/forbabyboss.com\/product\/black-grey-baby-pram-travel-system-3-in-1-pushchair-car-seat-toddler\/#breadcrumb"},"inLanguage":"pt-PT","potentialAction":[{"@type":"ReadAction","target":["https:\/\/forbabyboss.com\/product\/black-grey-baby-pram-travel-system-3-in-1-pushchair-car-seat-toddler\/"]}]},{"@type":"ImageObject","inLanguage":"pt-PT","@id":"https:\/\/forbabyboss.com\/product\/black-grey-baby-pram-travel-system-3-in-1-pushchair-car-seat-toddler\/#primaryimage","url":"https:\/\/forbabyboss.com\/wp-content\/uploads\/2022\/09\/Baby-Pram-Travel-System-3-in-1-Buggy-Pushchair-Car-Seat-Toddler-Bassinet-FREEBIE-Black-Grey_main.png","contentUrl":"https:\/\/forbabyboss.com\/wp-content\/uploads\/2022\/09\/Baby-Pram-Travel-System-3-in-1-Buggy-Pushchair-Car-Seat-Toddler-Bassinet-FREEBIE-Black-Grey_main.png","width":1600,"height":1600},{"@type":"BreadcrumbList","@id":"https:\/\/forbabyboss.com\/product\/black-grey-baby-pram-travel-system-3-in-1-pushchair-car-seat-toddler\/#breadcrumb","itemListElement":[{"@type":"ListItem","position":1,"name":"Home","item":"https:\/\/forbabyboss.com\/"},{"@type":"ListItem","position":2,"name":"Shop","item":"https:\/\/forbabyboss.com\/shop\/"},{"@type":"ListItem","position":3,"name":"Black Grey Baby Pram Travel System 3 in 1 Pushchair Car Seat Toddler"}]},{"@type":"WebSite","@id":"https:\/\/powderblue-seahorse-496884.hostingersite.com\/#website","url":"https:\/\/powderblue-seahorse-496884.hostingersite.com\/","name":"Para o Baby Boss","description":"Bonitos presentes e acess\u00f3rios para o seu chefe beb\u00e9","potentialAction":[{"@type":"SearchAction","target":{"@type":"EntryPoint","urlTemplate":"https:\/\/powderblue-seahorse-496884.hostingersite.com\/?s={search_term_string}"},"query-input":{"@type":"PropertyValueSpecification","valueRequired":true,"valueName":"search_term_string"}}],"inLanguage":"pt-PT"}]}},"_links":{"self":[{"href":"https:\/\/forbabyboss.com\/pt\/wp-json\/wp\/v2\/product\/5121","targetHints":{"allow":["GET"]}}],"collection":[{"href":"https:\/\/forbabyboss.com\/pt\/wp-json\/wp\/v2\/product"}],"about":[{"href":"https:\/\/forbabyboss.com\/pt\/wp-json\/wp\/v2\/types\/product"}],"wp:featuredmedia":[{"embeddable":true,"href":"https:\/\/forbabyboss.com\/pt\/wp-json\/wp\/v2\/media\/5123"}],"wp:attachment":[{"href":"https:\/\/forbabyboss.com\/pt\/wp-json\/wp\/v2\/media?parent=5121"}],"wp:term":[{"taxonomy":"product_brand","embeddable":true,"href":"https:\/\/forbabyboss.com\/pt\/wp-json\/wp\/v2\/product_brand?post=5121"},{"taxonomy":"product_cat","embeddable":true,"href":"https:\/\/forbabyboss.com\/pt\/wp-json\/wp\/v2\/product_cat?post=5121"},{"taxonomy":"product_tag","embeddable":true,"href":"https:\/\/forbabyboss.com\/pt\/wp-json\/wp\/v2\/product_tag?post=5121"}],"curies":[{"name":"wp","href":"https:\/\/api.w.org\/{rel}","templated":true}]}}