{"id":5255,"date":"2022-09-11T15:23:03","date_gmt":"2022-09-11T15:23:03","guid":{"rendered":"http:\/\/forbabyboss.com\/?post_type=product&#038;p=5255"},"modified":"2026-02-21T12:38:08","modified_gmt":"2026-02-21T12:38:08","slug":"carrinho-de-bebe-3-em-1-sistema-de-viagem-leve-com-base-isofix-e-estrutura-prateada","status":"publish","type":"product","link":"https:\/\/forbabyboss.com\/pt\/product\/baby-pram-3in1-lightweight-travel-system-pushchair-isofix-base-in-silver-frame\/","title":{"rendered":"Carrinho de Beb\u00ea 3 em 1 Leve com Sistema de Viagem e Base Isofix na cor Prata"},"content":{"rendered":"<div style=\"width: 1020px;\" class=\"wp-video\"><video class=\"wp-video-shortcode\" id=\"video-5255-1\" width=\"1020\" height=\"574\" preload=\"metadata\" controls=\"controls\"><source type=\"video\/mp4\" src=\"http:\/\/forbabyboss.com\/wp-content\/uploads\/2022\/09\/Baby-Buggy-Pram-Lightweight-Folding-3-in-1-Travel-System-Pushchair-Isofix-Base.mp4?_=1\" \/><a href=\"http:\/\/forbabyboss.com\/wp-content\/uploads\/2022\/09\/Baby-Buggy-Pram-Lightweight-Folding-3-in-1-Travel-System-Pushchair-Isofix-Base.mp4\">http:\/\/forbabyboss.com\/wp-content\/uploads\/2022\/09\/Baby-Buggy-Pram-Lightweight-Folding-3-in-1-Travel-System-Pushchair-Isofix-Base.mp4<\/a><\/video><\/div>\n<p>&nbsp;<\/p>\n<h1><\/h1>\n<p style=\"text-align: justify;\"><strong><span style=\"color: #282828;\"><span style=\"color: #e14d43;\">Lavado Premium<\/span> Um carrinho de beb\u00ea moderno e funcional, que proporciona mais prazer durante os passeios, e cujo design inovador confere um toque de exclusividade. O carrinho \u00e9 adequado para crian\u00e7as de 6 a 36 meses. A estrutura leve e o design pr\u00e1tico tornam o uso do carrinho ainda mais confort\u00e1vel.<\/span><\/strong><\/p>\n<p style=\"text-align: justify;\"><strong><span style=\"color: #282828;\">\u2022 Carrinho de beb\u00ea individual para crian\u00e7as com peso entre 1 e 15 kg<\/span><\/strong><br \/>\n<strong><span style=\"color: #282828;\">\u2022 Possui certifica\u00e7\u00e3o TUV NORD, que garante a mais alta qualidade e seguran\u00e7a para o seu filho.<\/span><\/strong><br \/>\n<strong><span style=\"color: #282828;\">\u2022 O carrinho de beb\u00ea est\u00e1 em conformidade com a mais recente e rigorosa norma de seguran\u00e7a EN 1888-1:2018.<\/span><\/strong><\/p>\n<h4 style=\"text-align: justify;\"><span style=\"color: #e14d43;\"><strong>O conjunto inclui:<br \/>\n<\/strong><\/span><strong><span style=\"color: #282828;\">\u2022estrutura de carrinho de beb\u00ea<\/span><\/strong><br \/>\n<strong><span style=\"color: #282828;\">\u2022carrinho de beb\u00ea<\/span><\/strong><br \/>\n<strong><span style=\"color: #282828;\">\u2022Assento esportivo<\/span><\/strong><br \/>\n<strong><span style=\"color: #282828;\">\u2022bolsa de ombro<\/span><\/strong><br \/>\n<strong><span style=\"color: #282828;\">\u2022 guarda-chuva<\/span><\/strong><br \/>\n<strong><span style=\"color: #282828;\">\u2022 trocador<\/span><\/strong><br \/>\n<strong><span style=\"color: #282828;\">\u2022 porta-copos<\/span><\/strong><br \/>\n<strong><span style=\"color: #282828;\">\u2022 colch\u00e3o de coco<\/span><\/strong><br \/>\n<strong><span style=\"color: #282828;\">\u2022 capa de chuva<\/span><\/strong><br \/>\n<strong><span style=\"color: #282828;\">\u2022 capa contra insetos<\/span><\/strong><br \/>\n<strong><span style=\"color: #282828;\">\u2022 cesta de compras<\/span><\/strong><br \/>\n<strong><span style=\"color: #282828;\">\u2022Cadeirinha de carro (apenas no conjunto 3 em 1)<\/span><\/strong><\/h4>\n<p style=\"text-align: justify;\"><span style=\"color: #e14d43;\"><strong>Estrutura do carrinho de beb\u00ea:<br \/>\n<\/strong><\/span><strong><span style=\"color: #282828;\">\u2022 Estrutura de alum\u00ednio \u2013 leve e dur\u00e1vel<\/span><\/strong><br \/>\n<strong><span style=\"color: #282828;\">\u2022 Rodas de gel girat\u00f3rias e sem problemas \u2013 \u00e0 prova de furos<\/span><\/strong><br \/>\n<strong><span style=\"color: #282828;\">\u2022Os rolamentos nas rodas facilitam o empurrar do carrinho de beb\u00ea.<\/span><\/strong><br \/>\n<strong><span style=\"color: #282828;\">\u2022 Al\u00e7a com altura ajust\u00e1vel e revestida em couro ecol\u00f3gico.<\/span><\/strong><br \/>\n<strong><span style=\"color: #282828;\">\u2022 Suspens\u00e3o traseira com amortecimento \u2013 proporciona conforto em todas as caminhadas<\/span><\/strong><br \/>\n<strong><span style=\"color: #282828;\">\u2022 Tamanho compacto quando dobrado<\/span><\/strong><br \/>\n<strong><span style=\"color: #282828;\">\u2022 Sistema simples para encaixar e desencaixar o mois\u00e9s, a cadeirinha esportiva e a cadeirinha de carro<\/span><\/strong><br \/>\n<strong><span style=\"color: #282828;\">\u2022 Equipado com freio central para maior estabilidade \u2022 A suspens\u00e3o lateral adicional da estrutura do carrinho permite o travamento, proporcionando ainda melhor absor\u00e7\u00e3o dos impactos durante o passeio, al\u00e9m de um balan\u00e7o agrad\u00e1vel para o seu filho<\/span><\/strong><\/p>\n<h3 style=\"text-align: justify;\"><span style=\"color: #e14d43;\"><strong>Carrinho de beb\u00ea:<br \/>\n<\/strong><\/span><strong style=\"color: #555555; font-size: 14.4px;\"><span style=\"color: #282828;\">\u2022 Carrinho de beb\u00ea grande que pode ser usado como ber\u00e7o<br \/>\n<\/span><\/strong><strong style=\"color: #555555; font-size: 14.4px;\"><span style=\"color: #282828;\">\u2022 Equipado com uma prote\u00e7\u00e3o para os p\u00e9s remov\u00edvel e sob medida \u2013 protege seu filho do mau tempo.<br \/>\n<\/span><\/strong><strong style=\"color: #555555; font-size: 14.4px;\"><span style=\"color: #282828;\">\u2022 Al\u00e7a ergon\u00f4mica revestida em couro ecol\u00f3gico \u2013 facilita o transporte do carrinho.<br \/>\n<\/span><\/strong><strong style=\"color: #555555; font-size: 14.4px;\"><span style=\"color: #282828;\">\u2022 Colch\u00e3o el\u00e1stico e acolchoamento macio do ber\u00e7o<br \/>\n<\/span><\/strong><strong style=\"color: #555555; font-size: 14.4px;\"><span style=\"color: #282828;\">\u2022 Encosto de cabe\u00e7a ajust\u00e1vel<br \/>\n<\/span><\/strong><strong style=\"color: #555555; font-size: 14.4px;\"><span style=\"color: #282828;\">\u2022 A ventila\u00e7\u00e3o no compartimento do ber\u00e7o fornece ar fresco para evitar que o beb\u00ea superaque\u00e7a.<\/span><\/strong><\/h3>\n<h3 style=\"text-align: justify;\"><span style=\"color: #e14d43;\"><strong>Banco esportivo:<br \/>\n<\/strong><\/span><strong style=\"color: #555555; font-size: 14.4px;\"><span style=\"color: #282828;\">\u2022 \u00c9 poss\u00edvel instalar com a frente voltada para a frente ou para tr\u00e1s.<br \/>\n<\/span><\/strong><strong style=\"color: #555555; font-size: 14.4px;\"><span style=\"color: #282828;\">\u2022 Cintos de seguran\u00e7a ajust\u00e1veis em cinco pontos<br \/>\n<\/span><\/strong><strong style=\"color: #555555; font-size: 14.4px;\"><span style=\"color: #282828;\">\u2022 Barreira remov\u00edvel revestida com couro ecol\u00f3gico<br \/>\n<\/span><\/strong><strong style=\"color: #555555; font-size: 14.4px;\"><span style=\"color: #282828;\">\u2022 Apoio para os p\u00e9s ajust\u00e1vel e pr\u00e1tico<br \/>\n<\/span><\/strong><strong style=\"color: #555555; font-size: 14.4px;\"><span style=\"color: #282828;\">\u2022 Janela de ventila\u00e7\u00e3o na parte traseira da cobertura<br \/>\n<\/span><\/strong><strong style=\"color: #555555; font-size: 14.4px;\"><span style=\"color: #282828;\">\u2022 Tamanho compacto quando dobrado<br \/>\n<\/span><\/strong><strong style=\"color: #555555; font-size: 14.4px;\"><span style=\"color: #282828;\">\u2022 Ajuste do encosto \u2013 at\u00e9 uma posi\u00e7\u00e3o totalmente plana, a posi\u00e7\u00e3o mais saud\u00e1vel para o seu beb\u00ea enquanto dorme.<br \/>\n<\/span><\/strong><strong style=\"color: #555555; font-size: 14.4px;\"><span style=\"color: #282828;\">\u2022 Capota ajust\u00e1vel e remov\u00edvel<br \/>\n<\/span><\/strong><strong style=\"color: #555555; font-size: 14.4px;\"><span style=\"color: #282828;\">\u2022 Cobertura para os p\u00e9s ajust\u00e1vel e remov\u00edvel \u2013 protege seu filho das intemp\u00e9ries.<\/span><\/strong><\/h3>\n<h3 style=\"text-align: justify;\"><span style=\"color: #e14d43;\"><strong>Cadeirinha de carro:<\/strong><\/span><\/h3>\n<p style=\"text-align: justify;\"><strong><span style=\"color: #282828;\">\u2022 Inclui adaptadores f\u00e1ceis de usar para montagem e desmontagem r\u00e1pidas na estrutura do carrinho de beb\u00ea.<\/span><\/strong><br \/>\n<strong><span style=\"color: #282828;\">\u2022cintos de seguran\u00e7a de tr\u00eas pontos<\/span><\/strong><br \/>\n<strong><span style=\"color: #282828;\">\u2022 Capota remov\u00edvel com prote\u00e7\u00e3o para os p\u00e9s \u2022 Adaptador para beb\u00eas que permite usar a cadeirinha do seu filho desde os primeiros momentos de vida<\/span><\/strong><br \/>\n<strong><span style=\"color: #282828;\">\u2022 Fun\u00e7\u00e3o de ber\u00e7o com trava<\/span><\/strong><br \/>\n<strong><span style=\"color: #282828;\">\u2022 A al\u00e7a ajust\u00e1vel facilita o transporte da cadeirinha, que pesa apenas 3 kg.<\/span><\/strong><br \/>\n<strong><span style=\"color: #282828;\">\u2022Adaptado para o transporte de crian\u00e7as em autom\u00f3veis, com aprova\u00e7\u00e3o ECE R44\/04.<\/span><\/strong><\/p>\n<h3 style=\"text-align: justify;\"><span style=\"color: #e14d43;\"><strong>Adicionalmente:<\/strong><\/span><\/h3>\n<p style=\"text-align: justify;\"><strong><span style=\"color: #282828;\">\u2022 Bolsa de ombro grande com z\u00edper, que pode ser fixada na estrutura do carrinho de beb\u00ea.<\/span><\/strong><br \/>\n<strong><span style=\"color: #282828;\">\u2022colch\u00e3o antial\u00e9rgico de coco<\/span><\/strong><\/p>\n<p style=\"text-align: justify;\"><strong><span style=\"color: #282828;\">colch\u00e3o antial\u00e9rgico de coco<\/span><\/strong><br \/>\n<strong><span style=\"color: #282828;\">O colch\u00e3o \u00e9 feito de fibra de coco, que proporciona um suporte est\u00e1vel. Ele permanece flex\u00edvel e resiliente gra\u00e7as a um processo de fabrica\u00e7\u00e3o especial.<\/span><\/strong><\/p>\n<p style=\"text-align: justify;\"><span style=\"color: #e14d43;\"><strong>Adicionalmente:<\/strong><\/span><\/p>\n<p style=\"text-align: justify;\"><strong><span style=\"color: #282828;\">\u2022 Garante a circula\u00e7\u00e3o adequada de ar<\/span><\/strong><br \/>\n<strong><span style=\"color: #282828;\">\u2022 Tem um impacto positivo no desenvolvimento de um microclima adequado para proteger a pele do seu beb\u00ea.<\/span><\/strong><br \/>\n<strong><span style=\"color: #282828;\">\u2022Voc\u00ea pode remover a capa de algod\u00e3o macio e lav\u00e1-la a 30\u201340 graus.<\/span><\/strong><br \/>\n<strong><span style=\"color: #282828;\">\u2022A espessura de aproximadamente 2,5 cm proporcionar\u00e1 ao seu filho suporte est\u00e1vel e conforto ao usar em qualquer terreno.<\/span><\/strong><br \/>\n<strong><span style=\"color: #282828;\">\u2022 Dimens\u00f5es: 73 x 35 x 2,5 cm<\/span><\/strong><\/p>\n<p style=\"text-align: justify;\"><strong><span style=\"color: #282828;\"><a style=\"color: #282828;\" href=\"http:\/\/forbabyboss.com\/wp-content\/uploads\/2022\/09\/Baby-Buggy-Pram-Lightweight-Folding-3-in-1-Travel-System-Pushchair-Isofix-Base-Black-Gold-frame_1.png\"><img loading=\"lazy\" decoding=\"async\" class=\"alignnone size-full wp-image-5240\" src=\"http:\/\/forbabyboss.com\/wp-content\/uploads\/2022\/09\/Baby-Buggy-Pram-Lightweight-Folding-3-in-1-Travel-System-Pushchair-Isofix-Base-Black-Gold-frame_1.png\" alt=\"\" width=\"1600\" height=\"1233\" srcset=\"https:\/\/forbabyboss.com\/wp-content\/uploads\/2022\/09\/Baby-Buggy-Pram-Lightweight-Folding-3-in-1-Travel-System-Pushchair-Isofix-Base-Black-Gold-frame_1.png 1600w, https:\/\/forbabyboss.com\/wp-content\/uploads\/2022\/09\/Baby-Buggy-Pram-Lightweight-Folding-3-in-1-Travel-System-Pushchair-Isofix-Base-Black-Gold-frame_1-519x400.png 519w, https:\/\/forbabyboss.com\/wp-content\/uploads\/2022\/09\/Baby-Buggy-Pram-Lightweight-Folding-3-in-1-Travel-System-Pushchair-Isofix-Base-Black-Gold-frame_1-1038x800.png 1038w, https:\/\/forbabyboss.com\/wp-content\/uploads\/2022\/09\/Baby-Buggy-Pram-Lightweight-Folding-3-in-1-Travel-System-Pushchair-Isofix-Base-Black-Gold-frame_1-768x592.png 768w, https:\/\/forbabyboss.com\/wp-content\/uploads\/2022\/09\/Baby-Buggy-Pram-Lightweight-Folding-3-in-1-Travel-System-Pushchair-Isofix-Base-Black-Gold-frame_1-1536x1184.png 1536w, https:\/\/forbabyboss.com\/wp-content\/uploads\/2022\/09\/Baby-Buggy-Pram-Lightweight-Folding-3-in-1-Travel-System-Pushchair-Isofix-Base-Black-Gold-frame_1-600x462.png 600w\" sizes=\"auto, (max-width: 1600px) 100vw, 1600px\" \/><\/a><\/span><\/strong><\/p>\n<p>&nbsp;<\/p>\n<p><strong><a href=\"http:\/\/forbabyboss.com\/wp-content\/uploads\/2022\/09\/checkout.png\"><img loading=\"lazy\" decoding=\"async\" class=\"alignnone wp-image-5965\" src=\"http:\/\/forbabyboss.com\/wp-content\/uploads\/2022\/09\/checkout.png\" alt=\"\" width=\"1038\" height=\"382\" srcset=\"https:\/\/forbabyboss.com\/wp-content\/uploads\/2022\/09\/checkout.png 750w, https:\/\/forbabyboss.com\/wp-content\/uploads\/2022\/09\/checkout-600x221.png 600w\" sizes=\"auto, (max-width: 1038px) 100vw, 1038px\" \/><\/a><\/strong><\/p>\n<p style=\"text-align: justify;\">","protected":false},"excerpt":{"rendered":"<p><a href=\"http:\/\/forbabyboss.com\/wp-content\/uploads\/2022\/09\/Star-Rating-5.png\"><img loading=\"lazy\" decoding=\"async\" class=\"alignnone size-full wp-image-5973 aligncenter\" src=\"http:\/\/forbabyboss.com\/wp-content\/uploads\/2022\/09\/Star-Rating-5.png\" alt=\"\" width=\"275\" height=\"45\" \/><\/a><\/p>\n<p style=\"text-align: center;\"><span style=\"color: #ed1c24; font-size: 120%;\"><b>GARANTIA DE MELHORA DE PRE\u00c7O<\/b><\/span><\/p>\n<p style=\"text-align: center;\"><span style=\"font-size: 115%;\"><span style=\"font-weight: 400; color: #4f4fa7;\">Entrega gr\u00e1tis<\/span><span style=\"font-weight: 400;\"> \u2013 2 a 7 dias<\/span><\/span><\/p>\n<p style=\"text-align: center;\"><strong><span style=\"color: #29606b;\">Brinde gr\u00e1tis em compras acima de \u00a3100<\/span><\/strong><\/p>","protected":false},"featured_media":5257,"template":"","meta":[],"product_brand":[577],"product_cat":[339,156,305,303,130,221,211],"product_tag":[163,171],"class_list":{"0":"post-5255","1":"product","2":"type-product","3":"status-publish","4":"has-post-thumbnail","6":"product_brand-kunert","7":"product_cat-700-to-800","8":"product_cat-3-in-1","9":"product_cat-colour","10":"product_cat-pattern","11":"product_cat-prams","12":"product_cat-silver-colour","13":"product_cat-stroller","14":"product_tag-3-in-1-prams","15":"product_tag-pram","17":"first","18":"instock","19":"sale","20":"shipping-taxable","21":"purchasable","22":"product-type-simple"},"yoast_head":"<!-- This site is optimized with the Yoast SEO plugin v27.6 - https:\/\/yoast.com\/product\/yoast-seo-wordpress\/ -->\n<title>Baby Pram 3in1 Lightweight Travel System Pushchair Isofix base in silver frame - For Baby Boss<\/title>\n<meta name=\"description\" content=\"Baby Pram 3in1 Lightweight Travel System Pushchair Isofix base in silver frame\" \/>\n<meta name=\"robots\" content=\"index, follow, max-snippet:-1, max-image-preview:large, max-video-preview:-1\" \/>\n<link rel=\"canonical\" href=\"https:\/\/forbabyboss.com\/pt\/produto\/carrinho-de-bebe-3-em-1-sistema-de-viagem-leve-com-base-isofix-e-estrutura-prateada\/\" \/>\n<meta property=\"og:locale\" content=\"pt_PT\" \/>\n<meta property=\"og:type\" content=\"article\" \/>\n<meta property=\"og:title\" content=\"Baby Pram 3in1 Lightweight Travel System Pushchair Isofix base in silver frame - For Baby Boss\" \/>\n<meta property=\"og:description\" content=\"Baby Pram 3in1 Lightweight Travel System Pushchair Isofix base in silver frame\" \/>\n<meta property=\"og:url\" content=\"https:\/\/forbabyboss.com\/pt\/produto\/carrinho-de-bebe-3-em-1-sistema-de-viagem-leve-com-base-isofix-e-estrutura-prateada\/\" \/>\n<meta property=\"og:site_name\" content=\"For Baby Boss\" \/>\n<meta property=\"article:modified_time\" content=\"2026-02-21T12:38:08+00:00\" \/>\n<meta property=\"og:image\" content=\"https:\/\/forbabyboss.com\/wp-content\/uploads\/2022\/09\/Baby-Buggy-Pram-Lightweight-Folding-3-in-1-Travel-System-Pushchair-Isofix-Base-Silver-SilverFrame.png\" \/>\n\t<meta property=\"og:image:width\" content=\"1309\" \/>\n\t<meta property=\"og:image:height\" content=\"900\" \/>\n\t<meta property=\"og:image:type\" content=\"image\/png\" \/>\n<meta name=\"twitter:card\" content=\"summary_large_image\" \/>\n<meta name=\"twitter:label1\" content=\"Tempo estimado de leitura\" \/>\n\t<meta name=\"twitter:data1\" content=\"3 minutos\" \/>\n<script type=\"application\/ld+json\" class=\"yoast-schema-graph\">{\"@context\":\"https:\\\/\\\/schema.org\",\"@graph\":[{\"@type\":\"WebPage\",\"@id\":\"https:\\\/\\\/forbabyboss.com\\\/product\\\/baby-pram-3in1-lightweight-travel-system-pushchair-isofix-base-in-silver-frame\\\/\",\"url\":\"https:\\\/\\\/forbabyboss.com\\\/product\\\/baby-pram-3in1-lightweight-travel-system-pushchair-isofix-base-in-silver-frame\\\/\",\"name\":\"Baby Pram 3in1 Lightweight Travel System Pushchair Isofix base in silver frame - For Baby Boss\",\"isPartOf\":{\"@id\":\"https:\\\/\\\/powderblue-seahorse-496884.hostingersite.com\\\/#website\"},\"primaryImageOfPage\":{\"@id\":\"https:\\\/\\\/forbabyboss.com\\\/product\\\/baby-pram-3in1-lightweight-travel-system-pushchair-isofix-base-in-silver-frame\\\/#primaryimage\"},\"image\":{\"@id\":\"https:\\\/\\\/forbabyboss.com\\\/product\\\/baby-pram-3in1-lightweight-travel-system-pushchair-isofix-base-in-silver-frame\\\/#primaryimage\"},\"thumbnailUrl\":\"https:\\\/\\\/forbabyboss.com\\\/wp-content\\\/uploads\\\/2022\\\/09\\\/Baby-Buggy-Pram-Lightweight-Folding-3-in-1-Travel-System-Pushchair-Isofix-Base-Silver-SilverFrame.png\",\"datePublished\":\"2022-09-11T15:23:03+00:00\",\"dateModified\":\"2026-02-21T12:38:08+00:00\",\"description\":\"Baby Pram 3in1 Lightweight Travel System Pushchair Isofix base in silver frame\",\"breadcrumb\":{\"@id\":\"https:\\\/\\\/forbabyboss.com\\\/product\\\/baby-pram-3in1-lightweight-travel-system-pushchair-isofix-base-in-silver-frame\\\/#breadcrumb\"},\"inLanguage\":\"pt-PT\",\"potentialAction\":[{\"@type\":\"ReadAction\",\"target\":[\"https:\\\/\\\/forbabyboss.com\\\/product\\\/baby-pram-3in1-lightweight-travel-system-pushchair-isofix-base-in-silver-frame\\\/\"]}]},{\"@type\":\"ImageObject\",\"inLanguage\":\"pt-PT\",\"@id\":\"https:\\\/\\\/forbabyboss.com\\\/product\\\/baby-pram-3in1-lightweight-travel-system-pushchair-isofix-base-in-silver-frame\\\/#primaryimage\",\"url\":\"https:\\\/\\\/forbabyboss.com\\\/wp-content\\\/uploads\\\/2022\\\/09\\\/Baby-Buggy-Pram-Lightweight-Folding-3-in-1-Travel-System-Pushchair-Isofix-Base-Silver-SilverFrame.png\",\"contentUrl\":\"https:\\\/\\\/forbabyboss.com\\\/wp-content\\\/uploads\\\/2022\\\/09\\\/Baby-Buggy-Pram-Lightweight-Folding-3-in-1-Travel-System-Pushchair-Isofix-Base-Silver-SilverFrame.png\",\"width\":1309,\"height\":900},{\"@type\":\"BreadcrumbList\",\"@id\":\"https:\\\/\\\/forbabyboss.com\\\/product\\\/baby-pram-3in1-lightweight-travel-system-pushchair-isofix-base-in-silver-frame\\\/#breadcrumb\",\"itemListElement\":[{\"@type\":\"ListItem\",\"position\":1,\"name\":\"Home\",\"item\":\"https:\\\/\\\/forbabyboss.com\\\/\"},{\"@type\":\"ListItem\",\"position\":2,\"name\":\"Shop\",\"item\":\"https:\\\/\\\/forbabyboss.com\\\/shop\\\/\"},{\"@type\":\"ListItem\",\"position\":3,\"name\":\"Baby Pram 3in1 Lightweight Travel System Pushchair Isofix base in silver frame\"}]},{\"@type\":\"WebSite\",\"@id\":\"https:\\\/\\\/powderblue-seahorse-496884.hostingersite.com\\\/#website\",\"url\":\"https:\\\/\\\/powderblue-seahorse-496884.hostingersite.com\\\/\",\"name\":\"For Baby Boss\",\"description\":\"Beautiful gifts and accessories for your baby boss\",\"potentialAction\":[{\"@type\":\"SearchAction\",\"target\":{\"@type\":\"EntryPoint\",\"urlTemplate\":\"https:\\\/\\\/powderblue-seahorse-496884.hostingersite.com\\\/?s={search_term_string}\"},\"query-input\":{\"@type\":\"PropertyValueSpecification\",\"valueRequired\":true,\"valueName\":\"search_term_string\"}}],\"inLanguage\":\"pt-PT\"}]}<\/script>\n<!-- \/ Yoast SEO plugin. -->","yoast_head_json":{"title":"Carrinho de Beb\u00ea 3 em 1 Leve com Sistema de Viagem, Base Isofix e Estrutura Prateada - Para Baby Boss","description":"Carrinho de Beb\u00ea 3 em 1 Leve com Sistema de Viagem e Base Isofix na cor Prata","robots":{"index":"index","follow":"follow","max-snippet":"max-snippet:-1","max-image-preview":"max-image-preview:large","max-video-preview":"max-video-preview:-1"},"canonical":"https:\/\/forbabyboss.com\/pt\/produto\/carrinho-de-bebe-3-em-1-sistema-de-viagem-leve-com-base-isofix-e-estrutura-prateada\/","og_locale":"pt_PT","og_type":"article","og_title":"Baby Pram 3in1 Lightweight Travel System Pushchair Isofix base in silver frame - For Baby Boss","og_description":"Baby Pram 3in1 Lightweight Travel System Pushchair Isofix base in silver frame","og_url":"https:\/\/forbabyboss.com\/pt\/produto\/carrinho-de-bebe-3-em-1-sistema-de-viagem-leve-com-base-isofix-e-estrutura-prateada\/","og_site_name":"For Baby Boss","article_modified_time":"2026-02-21T12:38:08+00:00","og_image":[{"width":1309,"height":900,"url":"https:\/\/forbabyboss.com\/wp-content\/uploads\/2022\/09\/Baby-Buggy-Pram-Lightweight-Folding-3-in-1-Travel-System-Pushchair-Isofix-Base-Silver-SilverFrame.png","type":"image\/png"}],"twitter_card":"summary_large_image","twitter_misc":{"Tempo estimado de leitura":"3 minutos"},"schema":{"@context":"https:\/\/schema.org","@graph":[{"@type":"WebPage","@id":"https:\/\/forbabyboss.com\/product\/baby-pram-3in1-lightweight-travel-system-pushchair-isofix-base-in-silver-frame\/","url":"https:\/\/forbabyboss.com\/product\/baby-pram-3in1-lightweight-travel-system-pushchair-isofix-base-in-silver-frame\/","name":"Carrinho de Beb\u00ea 3 em 1 Leve com Sistema de Viagem, Base Isofix e Estrutura Prateada - Para Baby Boss","isPartOf":{"@id":"https:\/\/powderblue-seahorse-496884.hostingersite.com\/#website"},"primaryImageOfPage":{"@id":"https:\/\/forbabyboss.com\/product\/baby-pram-3in1-lightweight-travel-system-pushchair-isofix-base-in-silver-frame\/#primaryimage"},"image":{"@id":"https:\/\/forbabyboss.com\/product\/baby-pram-3in1-lightweight-travel-system-pushchair-isofix-base-in-silver-frame\/#primaryimage"},"thumbnailUrl":"https:\/\/forbabyboss.com\/wp-content\/uploads\/2022\/09\/Baby-Buggy-Pram-Lightweight-Folding-3-in-1-Travel-System-Pushchair-Isofix-Base-Silver-SilverFrame.png","datePublished":"2022-09-11T15:23:03+00:00","dateModified":"2026-02-21T12:38:08+00:00","description":"Carrinho de Beb\u00ea 3 em 1 Leve com Sistema de Viagem e Base Isofix na cor Prata","breadcrumb":{"@id":"https:\/\/forbabyboss.com\/product\/baby-pram-3in1-lightweight-travel-system-pushchair-isofix-base-in-silver-frame\/#breadcrumb"},"inLanguage":"pt-PT","potentialAction":[{"@type":"ReadAction","target":["https:\/\/forbabyboss.com\/product\/baby-pram-3in1-lightweight-travel-system-pushchair-isofix-base-in-silver-frame\/"]}]},{"@type":"ImageObject","inLanguage":"pt-PT","@id":"https:\/\/forbabyboss.com\/product\/baby-pram-3in1-lightweight-travel-system-pushchair-isofix-base-in-silver-frame\/#primaryimage","url":"https:\/\/forbabyboss.com\/wp-content\/uploads\/2022\/09\/Baby-Buggy-Pram-Lightweight-Folding-3-in-1-Travel-System-Pushchair-Isofix-Base-Silver-SilverFrame.png","contentUrl":"https:\/\/forbabyboss.com\/wp-content\/uploads\/2022\/09\/Baby-Buggy-Pram-Lightweight-Folding-3-in-1-Travel-System-Pushchair-Isofix-Base-Silver-SilverFrame.png","width":1309,"height":900},{"@type":"BreadcrumbList","@id":"https:\/\/forbabyboss.com\/product\/baby-pram-3in1-lightweight-travel-system-pushchair-isofix-base-in-silver-frame\/#breadcrumb","itemListElement":[{"@type":"ListItem","position":1,"name":"Home","item":"https:\/\/forbabyboss.com\/"},{"@type":"ListItem","position":2,"name":"Shop","item":"https:\/\/forbabyboss.com\/shop\/"},{"@type":"ListItem","position":3,"name":"Baby Pram 3in1 Lightweight Travel System Pushchair Isofix base in silver frame"}]},{"@type":"WebSite","@id":"https:\/\/powderblue-seahorse-496884.hostingersite.com\/#website","url":"https:\/\/powderblue-seahorse-496884.hostingersite.com\/","name":"Para o Baby Boss","description":"Bonitos presentes e acess\u00f3rios para o seu chefe beb\u00e9","potentialAction":[{"@type":"SearchAction","target":{"@type":"EntryPoint","urlTemplate":"https:\/\/powderblue-seahorse-496884.hostingersite.com\/?s={search_term_string}"},"query-input":{"@type":"PropertyValueSpecification","valueRequired":true,"valueName":"search_term_string"}}],"inLanguage":"pt-PT"}]}},"_links":{"self":[{"href":"https:\/\/forbabyboss.com\/pt\/wp-json\/wp\/v2\/product\/5255","targetHints":{"allow":["GET"]}}],"collection":[{"href":"https:\/\/forbabyboss.com\/pt\/wp-json\/wp\/v2\/product"}],"about":[{"href":"https:\/\/forbabyboss.com\/pt\/wp-json\/wp\/v2\/types\/product"}],"wp:featuredmedia":[{"embeddable":true,"href":"https:\/\/forbabyboss.com\/pt\/wp-json\/wp\/v2\/media\/5257"}],"wp:attachment":[{"href":"https:\/\/forbabyboss.com\/pt\/wp-json\/wp\/v2\/media?parent=5255"}],"wp:term":[{"taxonomy":"product_brand","embeddable":true,"href":"https:\/\/forbabyboss.com\/pt\/wp-json\/wp\/v2\/product_brand?post=5255"},{"taxonomy":"product_cat","embeddable":true,"href":"https:\/\/forbabyboss.com\/pt\/wp-json\/wp\/v2\/product_cat?post=5255"},{"taxonomy":"product_tag","embeddable":true,"href":"https:\/\/forbabyboss.com\/pt\/wp-json\/wp\/v2\/product_tag?post=5255"}],"curies":[{"name":"wp","href":"https:\/\/api.w.org\/{rel}","templated":true}]}}