{"id":5300,"date":"2022-09-11T16:35:37","date_gmt":"2022-09-11T16:35:37","guid":{"rendered":"http:\/\/forbabyboss.com\/?post_type=product&#038;p=5300"},"modified":"2026-02-21T12:32:42","modified_gmt":"2026-02-21T12:32:42","slug":"carrinho-de-bebe-dobravel-3-em-1-reversivel-com-sistema-de-viagem-na-cor-prata","status":"publish","type":"product","link":"https:\/\/forbabyboss.com\/pt\/product\/baby-pram-folding-3in1-reversible-travel-system-pushchair-in-silver\/","title":{"rendered":"Carrinho de Beb\u00ea Dobr\u00e1vel 3 em 1 Revers\u00edvel com Sistema de Viagem na Cor Prata"},"content":{"rendered":"<h1 style=\"text-align: justify;\"><strong><span style=\"color: #e14d43;\">Carrinho de beb\u00ea profundo<\/span><\/strong><\/h1>\n<p style=\"text-align: justify;\"><strong><span style=\"color: #282828;\">Trata-se de uma estrutura leve de alum\u00ednio com uma g\u00f4ndola, destinada principalmente ao transporte seguro de rec\u00e9m-nascidos e beb\u00eas com peso de at\u00e9 9 kg.<\/span><\/strong><br \/>\n<strong><span style=\"color: #282828;\">A g\u00f4ndola Axel possui um toldo dobr\u00e1vel e um forro macio de algod\u00e3o que pode ser facilmente removido para lavagem.<\/span><\/strong><br \/>\n<strong><span style=\"color: #282828;\">A cabine est\u00e1 equipada com uma janela de ventila\u00e7\u00e3o que pode ser aberta.<\/span><\/strong><br \/>\n<strong><span style=\"color: #282828;\">Al\u00e9m disso, a cobertura da g\u00f4ndola funciona como um captador de vento.<\/span><\/strong><br \/>\n<strong><span style=\"color: #282828;\">A g\u00f4ndola tamb\u00e9m possui um encosto com ajuste de altura suave.<\/span><\/strong><\/p>\n<h2 style=\"text-align: justify;\"><strong><span style=\"color: #e14d43;\">Caracter\u00edsticas do ber\u00e7o:<\/span><\/strong><\/h2>\n<p style=\"text-align: justify;\"><strong><span style=\"color: #282828;\">\u2705 Capota dobr\u00e1vel \u2013 protege a crian\u00e7a do sol e da chuva<\/span><\/strong><br \/>\n<strong><span style=\"color: #282828;\">\u2705 Forro de algod\u00e3o \u2013 proporciona o m\u00e1ximo conforto durante a viagem (pode ser facilmente removido para lavagem)<\/span><\/strong><br \/>\n<strong><span style=\"color: #282828;\">\u2705 Janela de ventila\u00e7\u00e3o \u2013 fornece ar fresco dentro do carrinho<\/span><\/strong><br \/>\n<strong><span style=\"color: #282828;\">\u2705 Capa \u2013 protege a crian\u00e7a do vento e do frio<\/span><\/strong><br \/>\n<strong><span style=\"color: #282828;\">\u2705 Alcofa com fun\u00e7\u00e3o de ber\u00e7o \u2013 permite balan\u00e7ar a crian\u00e7a (pode ser travada desdobrando as pernas laterais)<\/span><\/strong><br \/>\n<strong><span style=\"color: #282828;\">\u2705 Alcofa com pega revestida em pele ecol\u00f3gica \u2013 para um transporte pr\u00e1tico.<\/span><\/strong><\/p>\n<h2 style=\"text-align: justify;\"><strong><span style=\"color: #e14d43;\">Assento de autom\u00f3vel<\/span><\/strong><\/h2>\n<p style=\"text-align: justify;\"><strong><span style=\"color: #282828;\">\u00c9 projetado para crian\u00e7as com peso de at\u00e9 10 kg. Possui a aprova\u00e7\u00e3o ECE R44\/04, que confirma que o produto atende a rigorosos padr\u00f5es de seguran\u00e7a e pode ser usado para o transporte seguro de uma crian\u00e7a em um carro. Al\u00e9m disso, a cadeirinha pode ser montada na estrutura do carrinho de beb\u00ea voltada para a frente ou para tr\u00e1s, utilizando os adaptadores inclu\u00eddos no conjunto.<\/span><\/strong><\/p>\n<p style=\"text-align: justify;\"><strong><span style=\"color: #282828;\">\u2705 Inserto adicional para beb\u00eas \u2013 permite o transporte seguro de rec\u00e9m-nascidos<\/span><\/strong><br \/>\n<strong><span style=\"color: #282828;\">\u2705 Cabo ajust\u00e1vel \u2013 caracterizado pela m\u00e1xima ergonomia (pode ser posicionado de acordo com a necessidade de apoio)<\/span><\/strong><br \/>\n<strong><span style=\"color: #282828;\">\u2705 Fun\u00e7\u00e3o ber\u00e7o \u2013 gra\u00e7as a uma base com perfil especial.<\/span><\/strong><br \/>\n<strong><span style=\"color: #282828;\">\u2705 Capa para as pernas com elementos refletores \u2013 protege contra o frio (pode ser desmontada)<\/span><\/strong><br \/>\n<strong><span style=\"color: #282828;\">\u2705 Viseira remov\u00edvel para chuva e sol \u2013 protege a crian\u00e7a contra condi\u00e7\u00f5es clim\u00e1ticas adversas.<\/span><\/strong><br \/>\n<strong><span style=\"color: #282828;\">\u2705 Cintos de seguran\u00e7a de tr\u00eas pontos com ajuste central de comprimento \u2013 garantem a seguran\u00e7a durante a viagem<\/span><\/strong><br \/>\n<strong><span style=\"color: #282828;\">\u2705 Capas adicionais para as al\u00e7as de ombro \u2013 para maior conforto durante viagens<\/span><\/strong><br \/>\n<strong><span style=\"color: #282828;\">\u2705 Adaptadores \u2013 permitem que o assento seja montado na estrutura do carrinho de beb\u00ea.<\/span><\/strong><\/p>\n<h2 style=\"text-align: justify;\"><strong><span style=\"color: #e14d43;\">Carrinho de beb\u00e9<\/span><\/strong><\/h2>\n<p style=\"text-align: justify;\"><strong><span style=\"color: #282828;\">O carrinho \u00e9 perfeito para crian\u00e7as um pouco maiores, com peso de at\u00e9 15 kg. O Axel oferece duas op\u00e7\u00f5es de instala\u00e7\u00e3o: virado para a frente ou para tr\u00e1s, de acordo com a sua prefer\u00eancia.<\/span><\/strong><br \/>\n<strong><span style=\"color: #282828;\">Um toldo dobr\u00e1vel e uma cobertura com fun\u00e7\u00e3o de prote\u00e7\u00e3o contra o vento proteger\u00e3o seu filho das condi\u00e7\u00f5es clim\u00e1ticas desfavor\u00e1veis.<\/span><\/strong><\/p>\n<p style=\"text-align: justify;\"><strong><span style=\"color: #282828;\">\u2705 Cintos de seguran\u00e7a de cinco pontos com almofadas macias \u2013 protegem e garantem conforto durante a viagem<\/span><\/strong><br \/>\n<strong><span style=\"color: #282828;\">\u2705 Barreira e apoio para os p\u00e9s em couro ecol\u00f3gico \u2013 resistentes a danos e f\u00e1ceis de limpar<\/span><\/strong><br \/>\n<strong><span style=\"color: #282828;\">\u2705 Apoio para os p\u00e9s ajust\u00e1vel \u2013 para um posicionamento ideal<\/span><\/strong><br \/>\n<strong><span style=\"color: #282828;\">\u2705 Encosto ajust\u00e1vel em quatro posi\u00e7\u00f5es \u2013 proporciona uma posi\u00e7\u00e3o ideal e aumenta o conforto da crian\u00e7a.<\/span><\/strong><br \/>\n<strong><span style=\"color: #282828;\">\u2705 Estrutura com suspens\u00e3o macia \u2013 protege a crian\u00e7a contra impactos desagrad\u00e1veis ao dirigir em superf\u00edcies irregulares.<\/span><\/strong><\/p>\n<h2 style=\"text-align: justify;\"><strong><span style=\"color: #e14d43;\">Quadro<\/span><\/strong><\/h2>\n<p style=\"text-align: justify;\"><strong><span style=\"color: #282828;\">\u2705 Estrutura de alum\u00ednio s\u00f3lida e leve<\/span><\/strong><br \/>\n<strong><span style=\"color: #282828;\">\u2705 Guia ajust\u00e1vel revestida em couro ecol\u00f3gico \u2013 permite ajustar facilmente o carrinho \u00e0 sua altura.<\/span><\/strong><br \/>\n<strong><span style=\"color: #282828;\">\u2705 Suspens\u00e3o macia \u2013 um sistema inovador de absor\u00e7\u00e3o de impactos que garante o m\u00e1ximo conforto durante a viagem<\/span><\/strong><br \/>\n<strong><span style=\"color: #282828;\">\u2705 Freio central (Easy Stop) \u2013 permite bloquear as rodas do carrinho rapidamente<\/span><\/strong><br \/>\n<strong><span style=\"color: #282828;\">\u2705 A possibilidade de instalar o Buggy Board \u2013 esta fun\u00e7\u00e3o ser\u00e1 \u00fatil quando a crian\u00e7a tiver um irm\u00e3o ou irm\u00e3 mais velho(a).<\/span><\/strong><br \/>\n<strong><span style=\"color: #282828;\">\u2705 Estrutura dobr\u00e1vel \u2013 quando dobrada, ocupa pouco espa\u00e7o e cabe no porta-malas do carro.<\/span><\/strong><\/p>\n<p><strong><span style=\"color: #282828;\"><a style=\"color: #282828;\" href=\"http:\/\/forbabyboss.com\/wp-content\/uploads\/2022\/09\/1-6.png\"><img loading=\"lazy\" decoding=\"async\" class=\"alignnone size-full wp-image-5282\" src=\"http:\/\/forbabyboss.com\/wp-content\/uploads\/2022\/09\/1-6.png\" alt=\"\" width=\"1337\" height=\"431\" srcset=\"https:\/\/forbabyboss.com\/wp-content\/uploads\/2022\/09\/1-6.png 1337w, https:\/\/forbabyboss.com\/wp-content\/uploads\/2022\/09\/1-6-800x258.png 800w, https:\/\/forbabyboss.com\/wp-content\/uploads\/2022\/09\/1-6-768x248.png 768w, https:\/\/forbabyboss.com\/wp-content\/uploads\/2022\/09\/1-6-600x193.png 600w\" sizes=\"auto, (max-width: 1337px) 100vw, 1337px\" \/><\/a><\/span><\/strong><\/p>\n<p><strong><span style=\"color: #282828;\"><a style=\"color: #282828;\" href=\"http:\/\/forbabyboss.com\/wp-content\/uploads\/2022\/09\/2-4.png\"><img loading=\"lazy\" decoding=\"async\" class=\"alignnone size-full wp-image-5283\" src=\"http:\/\/forbabyboss.com\/wp-content\/uploads\/2022\/09\/2-4.png\" alt=\"\" width=\"1309\" height=\"504\" srcset=\"https:\/\/forbabyboss.com\/wp-content\/uploads\/2022\/09\/2-4.png 1309w, https:\/\/forbabyboss.com\/wp-content\/uploads\/2022\/09\/2-4-800x308.png 800w, https:\/\/forbabyboss.com\/wp-content\/uploads\/2022\/09\/2-4-768x296.png 768w, https:\/\/forbabyboss.com\/wp-content\/uploads\/2022\/09\/2-4-600x231.png 600w\" sizes=\"auto, (max-width: 1309px) 100vw, 1309px\" \/><\/a><\/span><\/strong><\/p>\n<p><strong><span style=\"color: #282828;\"><a style=\"color: #282828;\" href=\"http:\/\/forbabyboss.com\/wp-content\/uploads\/2022\/09\/3-2.png\"><img loading=\"lazy\" decoding=\"async\" class=\"alignnone size-full wp-image-5284\" src=\"http:\/\/forbabyboss.com\/wp-content\/uploads\/2022\/09\/3-2.png\" alt=\"\" width=\"1291\" height=\"418\" srcset=\"https:\/\/forbabyboss.com\/wp-content\/uploads\/2022\/09\/3-2.png 1291w, https:\/\/forbabyboss.com\/wp-content\/uploads\/2022\/09\/3-2-800x259.png 800w, https:\/\/forbabyboss.com\/wp-content\/uploads\/2022\/09\/3-2-768x249.png 768w, https:\/\/forbabyboss.com\/wp-content\/uploads\/2022\/09\/3-2-600x194.png 600w\" sizes=\"auto, (max-width: 1291px) 100vw, 1291px\" \/><\/a><\/span><\/strong><\/p>\n<p><strong><span style=\"color: #282828;\"><a style=\"color: #282828;\" href=\"http:\/\/forbabyboss.com\/wp-content\/uploads\/2022\/09\/4-2.png\"><img loading=\"lazy\" decoding=\"async\" class=\"alignnone size-full wp-image-5285\" src=\"http:\/\/forbabyboss.com\/wp-content\/uploads\/2022\/09\/4-2.png\" alt=\"\" width=\"1309\" height=\"431\" srcset=\"https:\/\/forbabyboss.com\/wp-content\/uploads\/2022\/09\/4-2.png 1309w, https:\/\/forbabyboss.com\/wp-content\/uploads\/2022\/09\/4-2-800x263.png 800w, https:\/\/forbabyboss.com\/wp-content\/uploads\/2022\/09\/4-2-768x253.png 768w, https:\/\/forbabyboss.com\/wp-content\/uploads\/2022\/09\/4-2-600x198.png 600w\" sizes=\"auto, (max-width: 1309px) 100vw, 1309px\" \/><\/a><\/span><\/strong><\/p>\n<p><strong><span style=\"color: #282828;\"><a style=\"color: #282828;\" href=\"http:\/\/forbabyboss.com\/wp-content\/uploads\/2022\/09\/5-2.png\"><img loading=\"lazy\" decoding=\"async\" class=\"alignnone size-full wp-image-5286\" src=\"http:\/\/forbabyboss.com\/wp-content\/uploads\/2022\/09\/5-2.png\" alt=\"\" width=\"1341\" height=\"438\" srcset=\"https:\/\/forbabyboss.com\/wp-content\/uploads\/2022\/09\/5-2.png 1341w, https:\/\/forbabyboss.com\/wp-content\/uploads\/2022\/09\/5-2-800x261.png 800w, https:\/\/forbabyboss.com\/wp-content\/uploads\/2022\/09\/5-2-768x251.png 768w, https:\/\/forbabyboss.com\/wp-content\/uploads\/2022\/09\/5-2-600x196.png 600w\" sizes=\"auto, (max-width: 1341px) 100vw, 1341px\" \/><\/a><\/span><\/strong><\/p>\n<p><strong><span style=\"color: #282828;\"><a style=\"color: #282828;\" href=\"http:\/\/forbabyboss.com\/wp-content\/uploads\/2022\/09\/Easy-Fold-1.png\"><img loading=\"lazy\" decoding=\"async\" class=\"alignnone size-full wp-image-5039\" src=\"http:\/\/forbabyboss.com\/wp-content\/uploads\/2022\/09\/Easy-Fold-1.png\" alt=\"\" width=\"1141\" height=\"409\" srcset=\"https:\/\/forbabyboss.com\/wp-content\/uploads\/2022\/09\/Easy-Fold-1.png 1141w, https:\/\/forbabyboss.com\/wp-content\/uploads\/2022\/09\/Easy-Fold-1-800x287.png 800w, https:\/\/forbabyboss.com\/wp-content\/uploads\/2022\/09\/Easy-Fold-1-768x275.png 768w, https:\/\/forbabyboss.com\/wp-content\/uploads\/2022\/09\/Easy-Fold-1-600x215.png 600w\" sizes=\"auto, (max-width: 1141px) 100vw, 1141px\" \/><\/a><\/span><\/strong><\/p>\n<p>&nbsp;<\/p>\n<p>&nbsp;<\/p>\n<p><strong><a href=\"http:\/\/forbabyboss.com\/wp-content\/uploads\/2022\/09\/checkout.png\"><img loading=\"lazy\" decoding=\"async\" class=\"alignnone wp-image-5965\" src=\"http:\/\/forbabyboss.com\/wp-content\/uploads\/2022\/09\/checkout.png\" alt=\"\" width=\"1022\" height=\"376\" srcset=\"https:\/\/forbabyboss.com\/wp-content\/uploads\/2022\/09\/checkout.png 750w, https:\/\/forbabyboss.com\/wp-content\/uploads\/2022\/09\/checkout-600x221.png 600w\" sizes=\"auto, (max-width: 1022px) 100vw, 1022px\" \/><\/a><\/strong><\/p>\n<p>&nbsp;<\/p>","protected":false},"excerpt":{"rendered":"<p><a href=\"http:\/\/forbabyboss.com\/wp-content\/uploads\/2022\/09\/Star-Rating-5.png\"><img loading=\"lazy\" decoding=\"async\" class=\"alignnone size-full wp-image-5973 aligncenter\" src=\"http:\/\/forbabyboss.com\/wp-content\/uploads\/2022\/09\/Star-Rating-5.png\" alt=\"\" width=\"275\" height=\"45\" \/><\/a><\/p>\n<p style=\"text-align: center;\"><span style=\"color: #ed1c24; font-size: 120%;\"><b>GARANTIA DE MELHORA DE PRE\u00c7O<\/b><\/span><\/p>\n<p style=\"text-align: center;\"><span style=\"font-size: 115%;\"><span style=\"font-weight: 400; color: #4f4fa7;\">Entrega gr\u00e1tis<\/span><span style=\"font-weight: 400;\"> \u2013 2 a 7 dias<\/span><\/span><\/p>\n<p style=\"text-align: center;\"><strong><span style=\"color: #29606b;\">Brinde gr\u00e1tis em compras acima de \u00a3100<\/span><\/strong><\/p>","protected":false},"featured_media":5301,"template":"","meta":[],"product_brand":[370],"product_cat":[337,339,156,305,130,221,211],"product_tag":[202,199],"class_list":{"0":"post-5300","1":"product","2":"type-product","3":"status-publish","4":"has-post-thumbnail","6":"product_brand-babylux","7":"product_cat-500-to-600","8":"product_cat-700-to-800","9":"product_cat-3-in-1","10":"product_cat-colour","11":"product_cat-prams","12":"product_cat-silver-colour","13":"product_cat-stroller","14":"product_tag-3-in-1-pram","15":"product_tag-prams","17":"first","18":"instock","19":"sale","20":"shipping-taxable","21":"purchasable","22":"product-type-simple"},"yoast_head":"<!-- This site is optimized with the Yoast SEO plugin v27.6 - https:\/\/yoast.com\/product\/yoast-seo-wordpress\/ -->\n<title>Baby Pram Folding 3in1 Reversible Travel System Pushchair in Silver - For Baby Boss<\/title>\n<meta name=\"description\" content=\"Baby Pram Folding 3in1 Reversible Travel System Pushchair in Silver\" \/>\n<meta name=\"robots\" content=\"index, follow, max-snippet:-1, max-image-preview:large, max-video-preview:-1\" \/>\n<link rel=\"canonical\" href=\"https:\/\/forbabyboss.com\/pt\/produto\/carrinho-de-bebe-dobravel-3-em-1-reversivel-com-sistema-de-viagem-na-cor-prata\/\" \/>\n<meta property=\"og:locale\" content=\"pt_PT\" \/>\n<meta property=\"og:type\" content=\"article\" \/>\n<meta property=\"og:title\" content=\"Baby Pram Folding 3in1 Reversible Travel System Pushchair in Silver - For Baby Boss\" \/>\n<meta property=\"og:description\" content=\"Baby Pram Folding 3in1 Reversible Travel System Pushchair in Silver\" \/>\n<meta property=\"og:url\" content=\"https:\/\/forbabyboss.com\/pt\/produto\/carrinho-de-bebe-dobravel-3-em-1-reversivel-com-sistema-de-viagem-na-cor-prata\/\" \/>\n<meta property=\"og:site_name\" content=\"For Baby Boss\" \/>\n<meta property=\"article:modified_time\" content=\"2026-02-21T12:32:42+00:00\" \/>\n<meta property=\"og:image\" content=\"https:\/\/forbabyboss.com\/wp-content\/uploads\/2022\/09\/Pram-Buggy-Pushchair-3-in-1-Travel-System-Car-Seat-Bassinet-Folding-Reversible-Silver.png\" \/>\n\t<meta property=\"og:image:width\" content=\"1395\" \/>\n\t<meta property=\"og:image:height\" content=\"900\" \/>\n\t<meta property=\"og:image:type\" content=\"image\/png\" \/>\n<meta name=\"twitter:card\" content=\"summary_large_image\" \/>\n<meta name=\"twitter:label1\" content=\"Tempo estimado de leitura\" \/>\n\t<meta name=\"twitter:data1\" content=\"4 minutos\" \/>\n<script type=\"application\/ld+json\" class=\"yoast-schema-graph\">{\"@context\":\"https:\\\/\\\/schema.org\",\"@graph\":[{\"@type\":\"WebPage\",\"@id\":\"https:\\\/\\\/forbabyboss.com\\\/product\\\/baby-pram-folding-3in1-reversible-travel-system-pushchair-in-silver\\\/\",\"url\":\"https:\\\/\\\/forbabyboss.com\\\/product\\\/baby-pram-folding-3in1-reversible-travel-system-pushchair-in-silver\\\/\",\"name\":\"Baby Pram Folding 3in1 Reversible Travel System Pushchair in Silver - For Baby Boss\",\"isPartOf\":{\"@id\":\"https:\\\/\\\/powderblue-seahorse-496884.hostingersite.com\\\/#website\"},\"primaryImageOfPage\":{\"@id\":\"https:\\\/\\\/forbabyboss.com\\\/product\\\/baby-pram-folding-3in1-reversible-travel-system-pushchair-in-silver\\\/#primaryimage\"},\"image\":{\"@id\":\"https:\\\/\\\/forbabyboss.com\\\/product\\\/baby-pram-folding-3in1-reversible-travel-system-pushchair-in-silver\\\/#primaryimage\"},\"thumbnailUrl\":\"https:\\\/\\\/forbabyboss.com\\\/wp-content\\\/uploads\\\/2022\\\/09\\\/Pram-Buggy-Pushchair-3-in-1-Travel-System-Car-Seat-Bassinet-Folding-Reversible-Silver.png\",\"datePublished\":\"2022-09-11T16:35:37+00:00\",\"dateModified\":\"2026-02-21T12:32:42+00:00\",\"description\":\"Baby Pram Folding 3in1 Reversible Travel System Pushchair in Silver\",\"breadcrumb\":{\"@id\":\"https:\\\/\\\/forbabyboss.com\\\/product\\\/baby-pram-folding-3in1-reversible-travel-system-pushchair-in-silver\\\/#breadcrumb\"},\"inLanguage\":\"pt-PT\",\"potentialAction\":[{\"@type\":\"ReadAction\",\"target\":[\"https:\\\/\\\/forbabyboss.com\\\/product\\\/baby-pram-folding-3in1-reversible-travel-system-pushchair-in-silver\\\/\"]}]},{\"@type\":\"ImageObject\",\"inLanguage\":\"pt-PT\",\"@id\":\"https:\\\/\\\/forbabyboss.com\\\/product\\\/baby-pram-folding-3in1-reversible-travel-system-pushchair-in-silver\\\/#primaryimage\",\"url\":\"https:\\\/\\\/forbabyboss.com\\\/wp-content\\\/uploads\\\/2022\\\/09\\\/Pram-Buggy-Pushchair-3-in-1-Travel-System-Car-Seat-Bassinet-Folding-Reversible-Silver.png\",\"contentUrl\":\"https:\\\/\\\/forbabyboss.com\\\/wp-content\\\/uploads\\\/2022\\\/09\\\/Pram-Buggy-Pushchair-3-in-1-Travel-System-Car-Seat-Bassinet-Folding-Reversible-Silver.png\",\"width\":1395,\"height\":900},{\"@type\":\"BreadcrumbList\",\"@id\":\"https:\\\/\\\/forbabyboss.com\\\/product\\\/baby-pram-folding-3in1-reversible-travel-system-pushchair-in-silver\\\/#breadcrumb\",\"itemListElement\":[{\"@type\":\"ListItem\",\"position\":1,\"name\":\"Home\",\"item\":\"https:\\\/\\\/forbabyboss.com\\\/\"},{\"@type\":\"ListItem\",\"position\":2,\"name\":\"Shop\",\"item\":\"https:\\\/\\\/forbabyboss.com\\\/shop\\\/\"},{\"@type\":\"ListItem\",\"position\":3,\"name\":\"Baby Pram Folding 3in1 Reversible Travel System Pushchair in Silver\"}]},{\"@type\":\"WebSite\",\"@id\":\"https:\\\/\\\/powderblue-seahorse-496884.hostingersite.com\\\/#website\",\"url\":\"https:\\\/\\\/powderblue-seahorse-496884.hostingersite.com\\\/\",\"name\":\"For Baby Boss\",\"description\":\"Beautiful gifts and accessories for your baby boss\",\"potentialAction\":[{\"@type\":\"SearchAction\",\"target\":{\"@type\":\"EntryPoint\",\"urlTemplate\":\"https:\\\/\\\/powderblue-seahorse-496884.hostingersite.com\\\/?s={search_term_string}\"},\"query-input\":{\"@type\":\"PropertyValueSpecification\",\"valueRequired\":true,\"valueName\":\"search_term_string\"}}],\"inLanguage\":\"pt-PT\"}]}<\/script>\n<!-- \/ Yoast SEO plugin. -->","yoast_head_json":{"title":"Carrinho de Beb\u00ea Dobr\u00e1vel 3 em 1 Revers\u00edvel com Sistema de Viagem na Cor Prata - Para Baby Boss","description":"Carrinho de Beb\u00ea Dobr\u00e1vel 3 em 1 Revers\u00edvel com Sistema de Viagem na Cor Prata","robots":{"index":"index","follow":"follow","max-snippet":"max-snippet:-1","max-image-preview":"max-image-preview:large","max-video-preview":"max-video-preview:-1"},"canonical":"https:\/\/forbabyboss.com\/pt\/produto\/carrinho-de-bebe-dobravel-3-em-1-reversivel-com-sistema-de-viagem-na-cor-prata\/","og_locale":"pt_PT","og_type":"article","og_title":"Baby Pram Folding 3in1 Reversible Travel System Pushchair in Silver - For Baby Boss","og_description":"Baby Pram Folding 3in1 Reversible Travel System Pushchair in Silver","og_url":"https:\/\/forbabyboss.com\/pt\/produto\/carrinho-de-bebe-dobravel-3-em-1-reversivel-com-sistema-de-viagem-na-cor-prata\/","og_site_name":"For Baby Boss","article_modified_time":"2026-02-21T12:32:42+00:00","og_image":[{"width":1395,"height":900,"url":"https:\/\/forbabyboss.com\/wp-content\/uploads\/2022\/09\/Pram-Buggy-Pushchair-3-in-1-Travel-System-Car-Seat-Bassinet-Folding-Reversible-Silver.png","type":"image\/png"}],"twitter_card":"summary_large_image","twitter_misc":{"Tempo estimado de leitura":"4 minutos"},"schema":{"@context":"https:\/\/schema.org","@graph":[{"@type":"WebPage","@id":"https:\/\/forbabyboss.com\/product\/baby-pram-folding-3in1-reversible-travel-system-pushchair-in-silver\/","url":"https:\/\/forbabyboss.com\/product\/baby-pram-folding-3in1-reversible-travel-system-pushchair-in-silver\/","name":"Carrinho de Beb\u00ea Dobr\u00e1vel 3 em 1 Revers\u00edvel com Sistema de Viagem na Cor Prata - Para Baby Boss","isPartOf":{"@id":"https:\/\/powderblue-seahorse-496884.hostingersite.com\/#website"},"primaryImageOfPage":{"@id":"https:\/\/forbabyboss.com\/product\/baby-pram-folding-3in1-reversible-travel-system-pushchair-in-silver\/#primaryimage"},"image":{"@id":"https:\/\/forbabyboss.com\/product\/baby-pram-folding-3in1-reversible-travel-system-pushchair-in-silver\/#primaryimage"},"thumbnailUrl":"https:\/\/forbabyboss.com\/wp-content\/uploads\/2022\/09\/Pram-Buggy-Pushchair-3-in-1-Travel-System-Car-Seat-Bassinet-Folding-Reversible-Silver.png","datePublished":"2022-09-11T16:35:37+00:00","dateModified":"2026-02-21T12:32:42+00:00","description":"Carrinho de Beb\u00ea Dobr\u00e1vel 3 em 1 Revers\u00edvel com Sistema de Viagem na Cor Prata","breadcrumb":{"@id":"https:\/\/forbabyboss.com\/product\/baby-pram-folding-3in1-reversible-travel-system-pushchair-in-silver\/#breadcrumb"},"inLanguage":"pt-PT","potentialAction":[{"@type":"ReadAction","target":["https:\/\/forbabyboss.com\/product\/baby-pram-folding-3in1-reversible-travel-system-pushchair-in-silver\/"]}]},{"@type":"ImageObject","inLanguage":"pt-PT","@id":"https:\/\/forbabyboss.com\/product\/baby-pram-folding-3in1-reversible-travel-system-pushchair-in-silver\/#primaryimage","url":"https:\/\/forbabyboss.com\/wp-content\/uploads\/2022\/09\/Pram-Buggy-Pushchair-3-in-1-Travel-System-Car-Seat-Bassinet-Folding-Reversible-Silver.png","contentUrl":"https:\/\/forbabyboss.com\/wp-content\/uploads\/2022\/09\/Pram-Buggy-Pushchair-3-in-1-Travel-System-Car-Seat-Bassinet-Folding-Reversible-Silver.png","width":1395,"height":900},{"@type":"BreadcrumbList","@id":"https:\/\/forbabyboss.com\/product\/baby-pram-folding-3in1-reversible-travel-system-pushchair-in-silver\/#breadcrumb","itemListElement":[{"@type":"ListItem","position":1,"name":"Home","item":"https:\/\/forbabyboss.com\/"},{"@type":"ListItem","position":2,"name":"Shop","item":"https:\/\/forbabyboss.com\/shop\/"},{"@type":"ListItem","position":3,"name":"Baby Pram Folding 3in1 Reversible Travel System Pushchair in Silver"}]},{"@type":"WebSite","@id":"https:\/\/powderblue-seahorse-496884.hostingersite.com\/#website","url":"https:\/\/powderblue-seahorse-496884.hostingersite.com\/","name":"Para o Baby Boss","description":"Bonitos presentes e acess\u00f3rios para o seu chefe beb\u00e9","potentialAction":[{"@type":"SearchAction","target":{"@type":"EntryPoint","urlTemplate":"https:\/\/powderblue-seahorse-496884.hostingersite.com\/?s={search_term_string}"},"query-input":{"@type":"PropertyValueSpecification","valueRequired":true,"valueName":"search_term_string"}}],"inLanguage":"pt-PT"}]}},"_links":{"self":[{"href":"https:\/\/forbabyboss.com\/pt\/wp-json\/wp\/v2\/product\/5300","targetHints":{"allow":["GET"]}}],"collection":[{"href":"https:\/\/forbabyboss.com\/pt\/wp-json\/wp\/v2\/product"}],"about":[{"href":"https:\/\/forbabyboss.com\/pt\/wp-json\/wp\/v2\/types\/product"}],"wp:featuredmedia":[{"embeddable":true,"href":"https:\/\/forbabyboss.com\/pt\/wp-json\/wp\/v2\/media\/5301"}],"wp:attachment":[{"href":"https:\/\/forbabyboss.com\/pt\/wp-json\/wp\/v2\/media?parent=5300"}],"wp:term":[{"taxonomy":"product_brand","embeddable":true,"href":"https:\/\/forbabyboss.com\/pt\/wp-json\/wp\/v2\/product_brand?post=5300"},{"taxonomy":"product_cat","embeddable":true,"href":"https:\/\/forbabyboss.com\/pt\/wp-json\/wp\/v2\/product_cat?post=5300"},{"taxonomy":"product_tag","embeddable":true,"href":"https:\/\/forbabyboss.com\/pt\/wp-json\/wp\/v2\/product_tag?post=5300"}],"curies":[{"name":"wp","href":"https:\/\/api.w.org\/{rel}","templated":true}]}}