{"id":5380,"date":"2022-09-13T09:44:32","date_gmt":"2022-09-13T09:44:32","guid":{"rendered":"http:\/\/forbabyboss.com\/?post_type=product&#038;p=5380"},"modified":"2026-02-21T12:18:14","modified_gmt":"2026-02-21T12:18:14","slug":"carrinho-de-bebe-desde-o-nascimento-carrinho-de-passeio-3-em-1-sistema-de-viagem-para-meninos-e-meninas-base-isofix-estrutura-branca-flexivel-prateada","status":"publish","type":"product","link":"https:\/\/forbabyboss.com\/pt\/product\/baby-pram-from-birth-pushchair-buggy-3-in1-travel-system-boys-girls-isofix-base-silver-flex-white-frame\/","title":{"rendered":"Carrinho de Beb\u00ea Desde o Nascimento, Carrinho de Passeio 3 em 1, Sistema de Viagem, Meninos e Meninas, Base ISOFIX - Silver Flex - Estrutura Branca"},"content":{"rendered":"<p style=\"text-align: justify;\">Este carrinho de beb\u00ea \u00e9 perfeito para quem busca beleza e um primeiro carrinho excepcional para seus filhos.<br \/>\nOptimal \u00e9 uma cole\u00e7\u00e3o de carrinhos de beb\u00ea funcionais, seguros e coloridos.<br \/>\nA al\u00e7a \u00e9 revestida em couro ecol\u00f3gico muito macio ao toque.<br \/>\nOutra vantagem deste carrinho de beb\u00ea \u00e9 sua estrutura confort\u00e1vel e bem suspensa, que \u00e9 extremamente f\u00e1cil de usar.<br \/>\nO carrinho de beb\u00ea em si \u00e9 muito leve e tem uma \u00f3tima dirigibilidade.<br \/>\nO sistema de montagem f\u00e1cil ser\u00e1 apreciado por todos os pais.<br \/>\nO carrinho de beb\u00ea \u00e9 compacto, ent\u00e3o voc\u00ea n\u00e3o ter\u00e1 problemas para se locomover em passagens estreitas.<br \/>\nGostar\u00edamos de destacar a possibilidade de ajustar a g\u00f4ndola externamente e o sistema de suspens\u00e3o nas rodas.<br \/>\nO estofamento do carrinho de beb\u00ea \u00e9 feito com tecidos impermeabilizados da mais alta qualidade, pr\u00f3prios para crian\u00e7as.<br \/>\nO interior da g\u00f4ndola \u00e9 revestido com tecido de algod\u00e3o hipoalerg\u00eanico.<br \/>\nO estofamento pode ser removido para lavagem.<\/p>\n<p style=\"text-align: justify;\">moldura com al\u00e7a de couro,<br \/>\nG\u00f4ndola com al\u00e7a feita de couro ecol\u00f3gico.<br \/>\nsistema de carrinho de beb\u00ea<br \/>\nAdaptadores para cadeirinhas de carro para montagem na estrutura<br \/>\nbolsa grande<br \/>\nrodas de gel \u00e0 prova de furos<br \/>\ncabine e capa isolante para os p\u00e9s para a op\u00e7\u00e3o de carrinho de beb\u00ea<br \/>\nCabine e cobertura para a g\u00f4ndola<br \/>\ncabine e capa para os p\u00e9s do assento do carro<br \/>\ncolch\u00e3o para carrinho de beb\u00ea<\/p>\n<h3><strong>Carrinho de beb\u00ea:<\/strong><\/h3>\n<ul>\n<li>Capota ajust\u00e1vel \/ Forro de luxo \/ Al\u00e7a de transporte \/ Para-choque remov\u00edvel<\/li>\n<li>Bar<\/li>\n<li>O interior \u00e9 feito de algod\u00e3o hipoalerg\u00eanico, pr\u00f3prio para crian\u00e7as e respir\u00e1vel.<\/li>\n<li>Rodas dianteiras infl\u00e1veis com rolamentos, com trava e giro de 360\u00b0,<br \/>\nfreio central \u201cparar e andar\u201d;<\/li>\n<li>Capota extens\u00edvel para melhor prote\u00e7\u00e3o contra o sol na unidade do assento;<br \/>\nAlcofa equipada com encosto ajust\u00e1vel em 4 pontos<br \/>\nAlcofa e capota do assento ventiladas;<\/li>\n<li>Cabo ajust\u00e1vel em 4 pontos revestido com couro ecol\u00f3gico;<br \/>\num sistema voltado para a frente e para tr\u00e1s,<\/li>\n<\/ul>\n<h2><strong>Dimens\u00f5es:<\/strong><\/h2>\n<ul>\n<li style=\"text-align: justify;\">Carrinho de beb\u00ea<\/li>\n<li style=\"text-align: justify;\">Peso \u2013 4,2 kg<\/li>\n<li style=\"text-align: justify;\">Peso total do carrinho de beb\u00ea \u2013 14 kg<\/li>\n<li style=\"text-align: justify;\">Estrutura com alcofa: A.126 cm x L. 59,5 cm x C. 100 cm<\/li>\n<li style=\"text-align: justify;\">Medidas internas: L. 36 cm x C. 91 cm x P. 21 cm<\/li>\n<\/ul>\n<h3 style=\"text-align: justify;\"><strong>Carrinho de beb\u00ea:<\/strong><\/h3>\n<ul>\n<li style=\"text-align: justify;\">Quadro com rodas: 13,7 kg<\/li>\n<li style=\"text-align: justify;\">Dimens\u00f5es do carrinho: A. 114 cm x L. 59,5 cm x C. 90 cm<\/li>\n<\/ul>\n<h3 style=\"text-align: justify;\"><strong>Cadeirinha de carro:<\/strong><\/h3>\n<ul>\n<li style=\"text-align: justify;\">Peso: 4,8 kg<\/li>\n<li style=\"text-align: justify;\">Cadeirinha de carro com estrutura e rodas: 14,8 kg<\/li>\n<li style=\"text-align: justify;\">Estrutura com assento de carro: A. 108 cm x L. 63 cm x C. 84 cm<\/li>\n<\/ul>\n<h4 style=\"text-align: justify;\"><strong>Quadro:<\/strong><\/h4>\n<ul>\n<li style=\"text-align: justify;\">Quadro com rodas: 9,8 kg<\/li>\n<li style=\"text-align: justify;\">Di\u00e2metro das rodas: dianteira 25 cm, traseira 31 cm<\/li>\n<\/ul>\n<h4 style=\"text-align: justify;\"><strong>Cadeirinha de carro confort\u00e1vel:<\/strong><\/h4>\n<ul>\n<li style=\"text-align: justify;\">Grupo 0-10 kg:<\/li>\n<li style=\"text-align: justify;\">Montado no carrinho pelo adaptador.<\/li>\n<li style=\"text-align: justify;\">cinto de seguran\u00e7a de 3 pontos<\/li>\n<li style=\"text-align: justify;\">Al\u00e7a ajust\u00e1vel para transporte<\/li>\n<li style=\"text-align: justify;\">Capa remov\u00edvel<\/li>\n<li style=\"text-align: justify;\">Cintos de seguran\u00e7a com altura ajust\u00e1vel<\/li>\n<li style=\"text-align: justify;\">Modo voltado para a frente ou para tr\u00e1s<\/li>\n<\/ul>\n<p style=\"text-align: justify;\"><a href=\"http:\/\/forbabyboss.com\/wp-content\/uploads\/2022\/09\/checkout.png\"><img loading=\"lazy\" decoding=\"async\" class=\"alignnone size-full wp-image-5965\" src=\"http:\/\/forbabyboss.com\/wp-content\/uploads\/2022\/09\/checkout.png\" alt=\"\" width=\"750\" height=\"276\" srcset=\"https:\/\/forbabyboss.com\/wp-content\/uploads\/2022\/09\/checkout.png 750w, https:\/\/forbabyboss.com\/wp-content\/uploads\/2022\/09\/checkout-600x221.png 600w\" sizes=\"auto, (max-width: 750px) 100vw, 750px\" \/><\/a><\/p>","protected":false},"excerpt":{"rendered":"<p><a href=\"http:\/\/forbabyboss.com\/wp-content\/uploads\/2022\/09\/Star-Rating-5.png\"><img loading=\"lazy\" decoding=\"async\" class=\"alignnone size-full wp-image-5973 aligncenter\" src=\"http:\/\/forbabyboss.com\/wp-content\/uploads\/2022\/09\/Star-Rating-5.png\" alt=\"\" width=\"275\" height=\"45\" \/><\/a><\/p>\n<p style=\"text-align: center;\"><span style=\"color: #ed1c24; font-size: 120%;\"><b>GARANTIA DE MELHORA DE PRE\u00c7O<\/b><\/span><\/p>\n<p style=\"text-align: center;\"><span style=\"font-size: 115%;\"><span style=\"font-weight: 400; color: #4f4fa7;\">Entrega gr\u00e1tis<\/span><span style=\"font-weight: 400;\"> \u2013 2 a 7 dias<\/span><\/span><\/p>\n<p style=\"text-align: center;\"><strong><span style=\"color: #29606b;\">Brinde gr\u00e1tis em compras acima de \u00a3100<\/span><\/strong><\/p>","protected":false},"featured_media":5381,"template":"","meta":[],"product_brand":[370],"product_cat":[338,339,156,305,130,209,221,211,229],"product_tag":[163,199],"class_list":{"0":"post-5380","1":"product","2":"type-product","3":"status-publish","4":"has-post-thumbnail","6":"product_brand-babylux","7":"product_cat-600-to-700","8":"product_cat-700-to-800","9":"product_cat-3-in-1","10":"product_cat-colour","11":"product_cat-prams","12":"product_cat-push-chairs","13":"product_cat-silver-colour","14":"product_cat-stroller","15":"product_cat-white","16":"product_tag-3-in-1-prams","17":"product_tag-prams","19":"first","20":"instock","21":"sale","22":"shipping-taxable","23":"purchasable","24":"product-type-simple"},"yoast_head":"<!-- This site is optimized with the Yoast SEO plugin v27.6 - https:\/\/yoast.com\/product\/yoast-seo-wordpress\/ -->\n<title>Baby Pram From Birth Pushchair Buggy 3 in1 Travel System Boys Girls ISOFIX BASE -Silver Flex - white frame - For Baby Boss<\/title>\n<meta name=\"description\" content=\"Baby Pram From Birth Pushchair Buggy 3 in1 Travel System Boys Girls ISOFIX BASE -Silver Flex - white frame\" \/>\n<meta name=\"robots\" content=\"index, follow, max-snippet:-1, max-image-preview:large, max-video-preview:-1\" \/>\n<link rel=\"canonical\" href=\"https:\/\/forbabyboss.com\/pt\/produto\/carrinho-de-bebe-desde-o-nascimento-carrinho-de-passeio-3-em-1-sistema-de-viagem-para-meninos-e-meninas-base-isofix-estrutura-branca-flexivel-prateada\/\" \/>\n<meta property=\"og:locale\" content=\"pt_PT\" \/>\n<meta property=\"og:type\" content=\"article\" \/>\n<meta property=\"og:title\" content=\"Baby Pram From Birth Pushchair Buggy 3 in1 Travel System Boys Girls ISOFIX BASE -Silver Flex - white frame - For Baby Boss\" \/>\n<meta property=\"og:description\" content=\"Baby Pram From Birth Pushchair Buggy 3 in1 Travel System Boys Girls ISOFIX BASE -Silver Flex - white frame\" \/>\n<meta property=\"og:url\" content=\"https:\/\/forbabyboss.com\/pt\/produto\/carrinho-de-bebe-desde-o-nascimento-carrinho-de-passeio-3-em-1-sistema-de-viagem-para-meninos-e-meninas-base-isofix-estrutura-branca-flexivel-prateada\/\" \/>\n<meta property=\"og:site_name\" content=\"For Baby Boss\" \/>\n<meta property=\"article:modified_time\" content=\"2026-02-21T12:18:14+00:00\" \/>\n<meta property=\"og:image\" content=\"https:\/\/forbabyboss.com\/wp-content\/uploads\/2022\/09\/Baby-Pram-From-Birth-Pushchair-Buggy-3-in1-Travel-System-Boys-Girls-ISOFIX-BASE-Silver-Flex-white-frame_main.png\" \/>\n\t<meta property=\"og:image:width\" content=\"1600\" \/>\n\t<meta property=\"og:image:height\" content=\"1156\" \/>\n\t<meta property=\"og:image:type\" content=\"image\/png\" \/>\n<meta name=\"twitter:card\" content=\"summary_large_image\" \/>\n<meta name=\"twitter:label1\" content=\"Tempo estimado de leitura\" \/>\n\t<meta name=\"twitter:data1\" content=\"2 minutos\" \/>\n<script type=\"application\/ld+json\" class=\"yoast-schema-graph\">{\"@context\":\"https:\\\/\\\/schema.org\",\"@graph\":[{\"@type\":\"WebPage\",\"@id\":\"https:\\\/\\\/forbabyboss.com\\\/product\\\/baby-pram-from-birth-pushchair-buggy-3-in1-travel-system-boys-girls-isofix-base-silver-flex-white-frame\\\/\",\"url\":\"https:\\\/\\\/forbabyboss.com\\\/product\\\/baby-pram-from-birth-pushchair-buggy-3-in1-travel-system-boys-girls-isofix-base-silver-flex-white-frame\\\/\",\"name\":\"Baby Pram From Birth Pushchair Buggy 3 in1 Travel System Boys Girls ISOFIX BASE -Silver Flex - white frame - For Baby Boss\",\"isPartOf\":{\"@id\":\"https:\\\/\\\/powderblue-seahorse-496884.hostingersite.com\\\/#website\"},\"primaryImageOfPage\":{\"@id\":\"https:\\\/\\\/forbabyboss.com\\\/product\\\/baby-pram-from-birth-pushchair-buggy-3-in1-travel-system-boys-girls-isofix-base-silver-flex-white-frame\\\/#primaryimage\"},\"image\":{\"@id\":\"https:\\\/\\\/forbabyboss.com\\\/product\\\/baby-pram-from-birth-pushchair-buggy-3-in1-travel-system-boys-girls-isofix-base-silver-flex-white-frame\\\/#primaryimage\"},\"thumbnailUrl\":\"https:\\\/\\\/forbabyboss.com\\\/wp-content\\\/uploads\\\/2022\\\/09\\\/Baby-Pram-From-Birth-Pushchair-Buggy-3-in1-Travel-System-Boys-Girls-ISOFIX-BASE-Silver-Flex-white-frame_main.png\",\"datePublished\":\"2022-09-13T09:44:32+00:00\",\"dateModified\":\"2026-02-21T12:18:14+00:00\",\"description\":\"Baby Pram From Birth Pushchair Buggy 3 in1 Travel System Boys Girls ISOFIX BASE -Silver Flex - white frame\",\"breadcrumb\":{\"@id\":\"https:\\\/\\\/forbabyboss.com\\\/product\\\/baby-pram-from-birth-pushchair-buggy-3-in1-travel-system-boys-girls-isofix-base-silver-flex-white-frame\\\/#breadcrumb\"},\"inLanguage\":\"pt-PT\",\"potentialAction\":[{\"@type\":\"ReadAction\",\"target\":[\"https:\\\/\\\/forbabyboss.com\\\/product\\\/baby-pram-from-birth-pushchair-buggy-3-in1-travel-system-boys-girls-isofix-base-silver-flex-white-frame\\\/\"]}]},{\"@type\":\"ImageObject\",\"inLanguage\":\"pt-PT\",\"@id\":\"https:\\\/\\\/forbabyboss.com\\\/product\\\/baby-pram-from-birth-pushchair-buggy-3-in1-travel-system-boys-girls-isofix-base-silver-flex-white-frame\\\/#primaryimage\",\"url\":\"https:\\\/\\\/forbabyboss.com\\\/wp-content\\\/uploads\\\/2022\\\/09\\\/Baby-Pram-From-Birth-Pushchair-Buggy-3-in1-Travel-System-Boys-Girls-ISOFIX-BASE-Silver-Flex-white-frame_main.png\",\"contentUrl\":\"https:\\\/\\\/forbabyboss.com\\\/wp-content\\\/uploads\\\/2022\\\/09\\\/Baby-Pram-From-Birth-Pushchair-Buggy-3-in1-Travel-System-Boys-Girls-ISOFIX-BASE-Silver-Flex-white-frame_main.png\",\"width\":1600,\"height\":1156},{\"@type\":\"BreadcrumbList\",\"@id\":\"https:\\\/\\\/forbabyboss.com\\\/product\\\/baby-pram-from-birth-pushchair-buggy-3-in1-travel-system-boys-girls-isofix-base-silver-flex-white-frame\\\/#breadcrumb\",\"itemListElement\":[{\"@type\":\"ListItem\",\"position\":1,\"name\":\"Home\",\"item\":\"https:\\\/\\\/forbabyboss.com\\\/\"},{\"@type\":\"ListItem\",\"position\":2,\"name\":\"Shop\",\"item\":\"https:\\\/\\\/forbabyboss.com\\\/shop\\\/\"},{\"@type\":\"ListItem\",\"position\":3,\"name\":\"Baby Pram From Birth Pushchair Buggy 3 in1 Travel System Boys Girls ISOFIX BASE -Silver Flex &#8211; white frame\"}]},{\"@type\":\"WebSite\",\"@id\":\"https:\\\/\\\/powderblue-seahorse-496884.hostingersite.com\\\/#website\",\"url\":\"https:\\\/\\\/powderblue-seahorse-496884.hostingersite.com\\\/\",\"name\":\"For Baby Boss\",\"description\":\"Beautiful gifts and accessories for your baby boss\",\"potentialAction\":[{\"@type\":\"SearchAction\",\"target\":{\"@type\":\"EntryPoint\",\"urlTemplate\":\"https:\\\/\\\/powderblue-seahorse-496884.hostingersite.com\\\/?s={search_term_string}\"},\"query-input\":{\"@type\":\"PropertyValueSpecification\",\"valueRequired\":true,\"valueName\":\"search_term_string\"}}],\"inLanguage\":\"pt-PT\"}]}<\/script>\n<!-- \/ Yoast SEO plugin. -->","yoast_head_json":{"title":"Carrinho de Beb\u00ea Desde o Nascimento, Carrinho de Passeio 3 em 1 para Meninos e Meninas com Base ISOFIX - Prata Flex - Estrutura Branca - Para Baby Boss","description":"Carrinho de Beb\u00ea Desde o Nascimento, Carrinho de Passeio 3 em 1, Sistema de Viagem, Meninos e Meninas, Base ISOFIX - Prata Flex - Estrutura Branca","robots":{"index":"index","follow":"follow","max-snippet":"max-snippet:-1","max-image-preview":"max-image-preview:large","max-video-preview":"max-video-preview:-1"},"canonical":"https:\/\/forbabyboss.com\/pt\/produto\/carrinho-de-bebe-desde-o-nascimento-carrinho-de-passeio-3-em-1-sistema-de-viagem-para-meninos-e-meninas-base-isofix-estrutura-branca-flexivel-prateada\/","og_locale":"pt_PT","og_type":"article","og_title":"Baby Pram From Birth Pushchair Buggy 3 in1 Travel System Boys Girls ISOFIX BASE -Silver Flex - white frame - For Baby Boss","og_description":"Baby Pram From Birth Pushchair Buggy 3 in1 Travel System Boys Girls ISOFIX BASE -Silver Flex - white frame","og_url":"https:\/\/forbabyboss.com\/pt\/produto\/carrinho-de-bebe-desde-o-nascimento-carrinho-de-passeio-3-em-1-sistema-de-viagem-para-meninos-e-meninas-base-isofix-estrutura-branca-flexivel-prateada\/","og_site_name":"For Baby Boss","article_modified_time":"2026-02-21T12:18:14+00:00","og_image":[{"width":1600,"height":1156,"url":"https:\/\/forbabyboss.com\/wp-content\/uploads\/2022\/09\/Baby-Pram-From-Birth-Pushchair-Buggy-3-in1-Travel-System-Boys-Girls-ISOFIX-BASE-Silver-Flex-white-frame_main.png","type":"image\/png"}],"twitter_card":"summary_large_image","twitter_misc":{"Tempo estimado de leitura":"2 minutos"},"schema":{"@context":"https:\/\/schema.org","@graph":[{"@type":"WebPage","@id":"https:\/\/forbabyboss.com\/product\/baby-pram-from-birth-pushchair-buggy-3-in1-travel-system-boys-girls-isofix-base-silver-flex-white-frame\/","url":"https:\/\/forbabyboss.com\/product\/baby-pram-from-birth-pushchair-buggy-3-in1-travel-system-boys-girls-isofix-base-silver-flex-white-frame\/","name":"Carrinho de Beb\u00ea Desde o Nascimento, Carrinho de Passeio 3 em 1 para Meninos e Meninas com Base ISOFIX - Prata Flex - Estrutura Branca - Para Baby Boss","isPartOf":{"@id":"https:\/\/powderblue-seahorse-496884.hostingersite.com\/#website"},"primaryImageOfPage":{"@id":"https:\/\/forbabyboss.com\/product\/baby-pram-from-birth-pushchair-buggy-3-in1-travel-system-boys-girls-isofix-base-silver-flex-white-frame\/#primaryimage"},"image":{"@id":"https:\/\/forbabyboss.com\/product\/baby-pram-from-birth-pushchair-buggy-3-in1-travel-system-boys-girls-isofix-base-silver-flex-white-frame\/#primaryimage"},"thumbnailUrl":"https:\/\/forbabyboss.com\/wp-content\/uploads\/2022\/09\/Baby-Pram-From-Birth-Pushchair-Buggy-3-in1-Travel-System-Boys-Girls-ISOFIX-BASE-Silver-Flex-white-frame_main.png","datePublished":"2022-09-13T09:44:32+00:00","dateModified":"2026-02-21T12:18:14+00:00","description":"Carrinho de Beb\u00ea Desde o Nascimento, Carrinho de Passeio 3 em 1, Sistema de Viagem, Meninos e Meninas, Base ISOFIX - Prata Flex - Estrutura Branca","breadcrumb":{"@id":"https:\/\/forbabyboss.com\/product\/baby-pram-from-birth-pushchair-buggy-3-in1-travel-system-boys-girls-isofix-base-silver-flex-white-frame\/#breadcrumb"},"inLanguage":"pt-PT","potentialAction":[{"@type":"ReadAction","target":["https:\/\/forbabyboss.com\/product\/baby-pram-from-birth-pushchair-buggy-3-in1-travel-system-boys-girls-isofix-base-silver-flex-white-frame\/"]}]},{"@type":"ImageObject","inLanguage":"pt-PT","@id":"https:\/\/forbabyboss.com\/product\/baby-pram-from-birth-pushchair-buggy-3-in1-travel-system-boys-girls-isofix-base-silver-flex-white-frame\/#primaryimage","url":"https:\/\/forbabyboss.com\/wp-content\/uploads\/2022\/09\/Baby-Pram-From-Birth-Pushchair-Buggy-3-in1-Travel-System-Boys-Girls-ISOFIX-BASE-Silver-Flex-white-frame_main.png","contentUrl":"https:\/\/forbabyboss.com\/wp-content\/uploads\/2022\/09\/Baby-Pram-From-Birth-Pushchair-Buggy-3-in1-Travel-System-Boys-Girls-ISOFIX-BASE-Silver-Flex-white-frame_main.png","width":1600,"height":1156},{"@type":"BreadcrumbList","@id":"https:\/\/forbabyboss.com\/product\/baby-pram-from-birth-pushchair-buggy-3-in1-travel-system-boys-girls-isofix-base-silver-flex-white-frame\/#breadcrumb","itemListElement":[{"@type":"ListItem","position":1,"name":"Home","item":"https:\/\/forbabyboss.com\/"},{"@type":"ListItem","position":2,"name":"Shop","item":"https:\/\/forbabyboss.com\/shop\/"},{"@type":"ListItem","position":3,"name":"Baby Pram From Birth Pushchair Buggy 3 in1 Travel System Boys Girls ISOFIX BASE -Silver Flex &#8211; white frame"}]},{"@type":"WebSite","@id":"https:\/\/powderblue-seahorse-496884.hostingersite.com\/#website","url":"https:\/\/powderblue-seahorse-496884.hostingersite.com\/","name":"Para o Baby Boss","description":"Bonitos presentes e acess\u00f3rios para o seu chefe beb\u00e9","potentialAction":[{"@type":"SearchAction","target":{"@type":"EntryPoint","urlTemplate":"https:\/\/powderblue-seahorse-496884.hostingersite.com\/?s={search_term_string}"},"query-input":{"@type":"PropertyValueSpecification","valueRequired":true,"valueName":"search_term_string"}}],"inLanguage":"pt-PT"}]}},"_links":{"self":[{"href":"https:\/\/forbabyboss.com\/pt\/wp-json\/wp\/v2\/product\/5380","targetHints":{"allow":["GET"]}}],"collection":[{"href":"https:\/\/forbabyboss.com\/pt\/wp-json\/wp\/v2\/product"}],"about":[{"href":"https:\/\/forbabyboss.com\/pt\/wp-json\/wp\/v2\/types\/product"}],"wp:featuredmedia":[{"embeddable":true,"href":"https:\/\/forbabyboss.com\/pt\/wp-json\/wp\/v2\/media\/5381"}],"wp:attachment":[{"href":"https:\/\/forbabyboss.com\/pt\/wp-json\/wp\/v2\/media?parent=5380"}],"wp:term":[{"taxonomy":"product_brand","embeddable":true,"href":"https:\/\/forbabyboss.com\/pt\/wp-json\/wp\/v2\/product_brand?post=5380"},{"taxonomy":"product_cat","embeddable":true,"href":"https:\/\/forbabyboss.com\/pt\/wp-json\/wp\/v2\/product_cat?post=5380"},{"taxonomy":"product_tag","embeddable":true,"href":"https:\/\/forbabyboss.com\/pt\/wp-json\/wp\/v2\/product_tag?post=5380"}],"curies":[{"name":"wp","href":"https:\/\/api.w.org\/{rel}","templated":true}]}}