{"id":5471,"date":"2022-09-13T12:02:49","date_gmt":"2022-09-13T12:02:49","guid":{"rendered":"http:\/\/forbabyboss.com\/?post_type=product&#038;p=5471"},"modified":"2026-02-21T11:56:53","modified_gmt":"2026-02-21T11:56:53","slug":"carrinho-de-bebe-vermelho-conjunto-com-carrinho-de-passeio-cadeirinha-para-carro-e-moises-sistema-de-viagem-3-em-1-desde-o-nascimento","status":"publish","type":"product","link":"https:\/\/forbabyboss.com\/pt\/product\/red-baby-pram-set-pushchair-car-seat-carrycot-3-in-1-travel-system-from-birth\/","title":{"rendered":"Carrinho de Beb\u00ea Vermelho com Carrinho de Beb\u00ea, Cadeirinha para Auto e Alcofa - Sistema de Viagem 3 em 1 Desde o Nascimento"},"content":{"rendered":"<h1><span style=\"color: #e14d43;\"><strong><span style=\"font-size: 115%;\">Descubra o sistema de viagem perfeito para atender \u00e0s necessidades da sua fam\u00edlia.<\/span><\/strong><\/span><\/h1>\n<p style=\"text-align: justify;\"><span style=\"color: #282828;\"><strong>Um sistema de viagem para beb\u00eas \u00e9 um carrinho de beb\u00ea que inclui tamb\u00e9m uma cadeirinha de carro adequada desde o nascimento. A cadeirinha se encaixa na estrutura do carrinho, o que significa que, se o beb\u00ea estiver dormindo, voc\u00ea n\u00e3o precisa incomod\u00e1-lo tirando-o do carrinho \u2013 basta encaix\u00e1-la no beb\u00ea conforto. Especialistas recomendam que os beb\u00eas n\u00e3o permane\u00e7am na cadeirinha por mais de 90 minutos seguidos, mas para viagens curtas, essa \u00e9 a solu\u00e7\u00e3o perfeita.<\/strong><\/span><\/p>\n<h3 style=\"text-align: justify;\"><span style=\"color: #e14d43;\"><strong><span style=\"font-size: 95%;\">Caracter\u00edsticas:<\/span><\/strong><\/span><\/h3>\n<p style=\"text-align: justify;\"><span style=\"color: #282828;\"><strong>-modo virado para a frente e para tr\u00e1s<\/strong><\/span><\/p>\n<p style=\"text-align: justify;\"><span style=\"color: #282828;\"><strong>-Cadeirinha de carro acopl\u00e1vel ao chassi<\/strong><\/span><\/p>\n<p style=\"text-align: justify;\"><span style=\"color: #282828;\"><strong>-janela de ventila\u00e7\u00e3o na parte traseira do cap\u00f4<\/strong><\/span><\/p>\n<p style=\"text-align: justify;\"><span style=\"color: #282828;\"><strong>-A g\u00f4ndola possui um forro macio que pode ser removido para lavagem.<\/strong><\/span><\/p>\n<p style=\"text-align: justify;\"><span style=\"color: #282828;\"><strong>-A cobertura da g\u00f4ndola pode ser levantada para criar um captador de vento.<\/strong><\/span><\/p>\n<p style=\"text-align: justify;\"><span style=\"color: #282828;\"><strong>-cap\u00f4 estendido e remov\u00edvel<\/strong><\/span><\/p>\n<p style=\"text-align: justify;\"><span style=\"color: #282828;\"><strong>-Cinto de seguran\u00e7a de 5 pontos<\/strong><\/span><\/p>\n<p style=\"text-align: justify;\"><span style=\"color: #282828;\"><strong>-apoio para os p\u00e9s laminado<\/strong><\/span><\/p>\n<p style=\"text-align: justify;\"><span style=\"color: #282828;\"><strong>-al\u00e7a ajust\u00e1vel em v\u00e1rios n\u00edveis<\/strong><\/span><\/p>\n<p style=\"text-align: justify;\"><span style=\"color: #282828;\"><strong>-suspens\u00e3o ajust\u00e1vel<\/strong><\/span><\/p>\n<p style=\"text-align: justify;\"><span style=\"color: #282828;\"><strong>-estrutura robusta<\/strong><\/span><\/p>\n<p style=\"text-align: justify;\"><span style=\"color: #282828;\"><strong>- Encosto e apoio para as pernas ajust\u00e1veis<\/strong><\/span><\/p>\n<p style=\"text-align: justify;\"><span style=\"color: #282828;\"><strong>-Freio central EASY STOP<\/strong><\/span><\/p>\n<p style=\"text-align: justify;\"><span style=\"color: #282828;\"><strong>- grande cesta de compras<\/strong><\/span><\/p>\n<p style=\"text-align: justify;\"><span style=\"color: #282828;\"><strong>-Carrinho de beb\u00ea adequado para crian\u00e7as de 0 a 3 anos<\/strong><\/span><\/p>\n<p style=\"text-align: justify;\"><span style=\"color: #282828;\"><strong>-Cadeirinha de carro at\u00e9 10kg<\/strong><\/span><\/p>\n<h3 style=\"text-align: justify;\"><span style=\"color: #e14d43;\"><strong><span style=\"font-size: 95%;\">Caracter\u00edsticas da cadeirinha de carro:<\/span><\/strong><\/span><\/h3>\n<div><span style=\"color: #282828;\"><strong>-inser\u00e7\u00e3o adicional para beb\u00eas<\/strong><\/span><\/div>\n<div><\/div>\n<div><span style=\"color: #282828;\"><strong>-al\u00e7a ajust\u00e1vel<\/strong><\/span><\/div>\n<div><\/div>\n<div><span style=\"color: #282828;\"><strong>-cobertura para os p\u00e9s<\/strong><\/span><\/div>\n<div><\/div>\n<div><span style=\"color: #282828;\"><strong>-capuz remov\u00edvel<\/strong><\/span><\/div>\n<div><\/div>\n<div><span style=\"color: #282828;\"><strong>-Cintos de seguran\u00e7a de 3 pontos<\/strong><\/span><\/div>\n<div><\/div>\n<h3><span style=\"color: #e14d43;\"><strong><span style=\"font-size: 95%;\">O conjunto cont\u00e9m:<\/span><\/strong><\/span><\/h3>\n<div><\/div>\n<div><span style=\"color: #282828;\"><strong>-arma\u00e7\u00e3o com al\u00e7a em couro ecol\u00f3gico<\/strong><\/span><\/div>\n<div><\/div>\n<div>\n<div><span style=\"color: #282828;\"><strong>-g\u00f4ndola com encosto ajust\u00e1vel<\/strong><\/span><\/div>\n<div><\/div>\n<div><span style=\"color: #282828;\"><strong>-unidade de assento<\/strong><\/span><\/div>\n<div><\/div>\n<div><span style=\"color: #282828;\"><strong>-Duas capas para os p\u00e9s (para carrinho de beb\u00ea e g\u00f4ndola)<\/strong><\/span><\/div>\n<div><\/div>\n<div><span style=\"color: #282828;\"><strong>-Cadeirinha de carro multifuncional com adaptadores<\/strong><\/span><\/div>\n<div><\/div>\n<div><span style=\"color: #282828;\"><strong>-capa de chuva<\/strong><\/span><\/div>\n<div><\/div>\n<div><span style=\"color: #282828;\"><strong>-mosquiteiro<\/strong><\/span><\/div>\n<div><\/div>\n<div><span style=\"color: #282828;\"><strong>-bolsa e trocador<\/strong><\/span><\/div>\n<div><\/div>\n<div><span style=\"color: #282828;\"><strong>- Rodas girat\u00f3rias preenchidas com ar ou espuma<\/strong><\/span><\/div>\n<div><\/div>\n<div><span style=\"color: #282828;\"><strong>-al\u00e7a da garrafa<\/strong><\/span><\/div>\n<div><\/div>\n<\/div>\n<div><span style=\"color: #282828;\"><strong>- Bolso grande na parte de tr\u00e1s da bolsa e dois pequenos nas laterais.<\/strong><\/span><\/div>\n<div><\/div>\n<div><span style=\"color: #282828;\"><strong>Estrutura desmontada com rodas (comprimento x largura x altura): 85 x 60 x 40 cm<\/strong><\/span><\/div>\n<div><\/div>\n<div><span style=\"color: #282828;\"><strong>Carrinho de beb\u00ea montado (altura x largura x comprimento): 115 x 60 x 95 cm<\/strong><\/span><\/div>\n<div><\/div>\n<div><span style=\"color: #282828;\"><strong>Dimens\u00f5es internas da g\u00f4ndola (largura x comprimento x altura): 36 x 80 x 20 cm<\/strong><\/span><\/div>\n<div><\/div>\n<div><span style=\"color: #282828;\"><strong>Carrinho de beb\u00ea (largura x comprimento do encosto x comprimento do assento x apoio para os p\u00e9s)<\/strong><\/span><\/div>\n<div><\/div>\n<div><span style=\"color: #282828;\"><strong>Dimens\u00f5es: 34 x 48 x 26 x 23 cm<\/strong><\/span><\/div>\n<div><\/div>\n<div><span style=\"color: #282828;\"><strong>Quadro com rodas: 10 kg<\/strong><\/span><\/div>\n<div><\/div>\n<div><span style=\"color: #282828;\"><strong>Carrinho de beb\u00ea: 15 kg<\/strong><\/span><\/div>\n<div><\/div>\n<div><span style=\"color: #282828;\"><strong>Carrinho de beb\u00ea profundo: 16 kg<\/strong><\/span><\/div>\n<div><\/div>\n<div><span style=\"color: #282828;\"><strong>Faixa de ajuste do cabo: 70 cm a 115 cm<\/strong><\/span><\/div>\n<div><\/div>\n<div>\n<div><span style=\"color: #282828;\"><strong>-carrinho de beb\u00ea: EN 1888:2012 Seguran\u00e7a aprovada<\/strong><\/span><\/div>\n<div><\/div>\n<div><span style=\"color: #282828;\"><strong>-Cadeirinha de carro com certifica\u00e7\u00e3o de seguran\u00e7a ECE 44-04\u00a0<\/strong><\/span><\/div>\n<div><\/div>\n<div><span style=\"color: #282828;\"><strong>Garantia de 12 meses<\/strong><\/span><\/div>\n<\/div>\n<div><\/div>\n<div><span style=\"color: #e14d43;\"><a href=\"http:\/\/forbabyboss.com\/wp-content\/uploads\/2022\/09\/checkout.png\"><img loading=\"lazy\" decoding=\"async\" class=\"alignnone wp-image-5965\" src=\"http:\/\/forbabyboss.com\/wp-content\/uploads\/2022\/09\/checkout.png\" alt=\"\" width=\"981\" height=\"361\" srcset=\"https:\/\/forbabyboss.com\/wp-content\/uploads\/2022\/09\/checkout.png 750w, https:\/\/forbabyboss.com\/wp-content\/uploads\/2022\/09\/checkout-600x221.png 600w\" sizes=\"auto, (max-width: 981px) 100vw, 981px\" \/><\/a><\/span><\/div>\n<p style=\"text-align: justify;\">","protected":false},"excerpt":{"rendered":"<p><a href=\"http:\/\/forbabyboss.com\/wp-content\/uploads\/2022\/09\/Star-Rating-5.png\"><img loading=\"lazy\" decoding=\"async\" class=\"alignnone size-full wp-image-5973 aligncenter\" src=\"http:\/\/forbabyboss.com\/wp-content\/uploads\/2022\/09\/Star-Rating-5.png\" alt=\"\" width=\"275\" height=\"45\" \/><\/a><\/p>\n<p style=\"text-align: center;\"><span style=\"color: #ed1c24; font-size: 120%;\"><b>GARANTIA DE MELHORA DE PRE\u00c7O<\/b><\/span><\/p>\n<p style=\"text-align: center;\"><span style=\"font-size: 115%;\"><span style=\"font-weight: 400; color: #4f4fa7;\">Entrega gr\u00e1tis<\/span><span style=\"font-weight: 400;\"> \u2013 2 a 7 dias<\/span><\/span><\/p>\n<p style=\"text-align: center;\"><strong><span style=\"color: #29606b;\">Brinde gr\u00e1tis em compras acima de \u00a3100<\/span><\/strong><\/p>","protected":false},"featured_media":5472,"template":"","meta":[],"product_brand":[370],"product_cat":[336,339,156,305,130,209,314,211],"product_tag":[163,199],"class_list":{"0":"post-5471","1":"product","2":"type-product","3":"status-publish","4":"has-post-thumbnail","6":"product_brand-babylux","7":"product_cat-400-to-500","8":"product_cat-700-to-800","9":"product_cat-3-in-1","10":"product_cat-colour","11":"product_cat-prams","12":"product_cat-push-chairs","13":"product_cat-red","14":"product_cat-stroller","15":"product_tag-3-in-1-prams","16":"product_tag-prams","18":"first","19":"instock","20":"sale","21":"shipping-taxable","22":"purchasable","23":"product-type-simple"},"yoast_head":"<!-- This site is optimized with the Yoast SEO plugin v27.6 - https:\/\/yoast.com\/product\/yoast-seo-wordpress\/ -->\n<title>Red Baby Pram Set Pushchair Car Seat Carrycot 3 in 1 Travel System From Birth - For Baby Boss<\/title>\n<meta name=\"description\" content=\"Red Baby Pram Set Pushchair Car Seat Carrycot 3 in 1 Travel System From Birth\" \/>\n<meta name=\"robots\" content=\"index, follow, max-snippet:-1, max-image-preview:large, max-video-preview:-1\" \/>\n<link rel=\"canonical\" href=\"https:\/\/forbabyboss.com\/pt\/produto\/carrinho-de-bebe-vermelho-conjunto-com-carrinho-de-passeio-cadeirinha-para-carro-e-moises-sistema-de-viagem-3-em-1-desde-o-nascimento\/\" \/>\n<meta property=\"og:locale\" content=\"pt_PT\" \/>\n<meta property=\"og:type\" content=\"article\" \/>\n<meta property=\"og:title\" content=\"Red Baby Pram Set Pushchair Car Seat Carrycot 3 in 1 Travel System From Birth - For Baby Boss\" \/>\n<meta property=\"og:description\" content=\"Red Baby Pram Set Pushchair Car Seat Carrycot 3 in 1 Travel System From Birth\" \/>\n<meta property=\"og:url\" content=\"https:\/\/forbabyboss.com\/pt\/produto\/carrinho-de-bebe-vermelho-conjunto-com-carrinho-de-passeio-cadeirinha-para-carro-e-moises-sistema-de-viagem-3-em-1-desde-o-nascimento\/\" \/>\n<meta property=\"og:site_name\" content=\"For Baby Boss\" \/>\n<meta property=\"article:modified_time\" content=\"2026-02-21T11:56:53+00:00\" \/>\n<meta property=\"og:image\" content=\"https:\/\/forbabyboss.com\/wp-content\/uploads\/2022\/09\/Baby-Buggy-Pram-Set-Pushchair-Car-Seat-Carrycot-3-in-1-Travel-System-From-Birth-Red-main.png\" \/>\n\t<meta property=\"og:image:width\" content=\"1600\" \/>\n\t<meta property=\"og:image:height\" content=\"1600\" \/>\n\t<meta property=\"og:image:type\" content=\"image\/png\" \/>\n<meta name=\"twitter:card\" content=\"summary_large_image\" \/>\n<meta name=\"twitter:label1\" content=\"Tempo estimado de leitura\" \/>\n\t<meta name=\"twitter:data1\" content=\"2 minutos\" \/>\n<script type=\"application\/ld+json\" class=\"yoast-schema-graph\">{\"@context\":\"https:\\\/\\\/schema.org\",\"@graph\":[{\"@type\":\"WebPage\",\"@id\":\"https:\\\/\\\/forbabyboss.com\\\/product\\\/red-baby-pram-set-pushchair-car-seat-carrycot-3-in-1-travel-system-from-birth\\\/\",\"url\":\"https:\\\/\\\/forbabyboss.com\\\/product\\\/red-baby-pram-set-pushchair-car-seat-carrycot-3-in-1-travel-system-from-birth\\\/\",\"name\":\"Red Baby Pram Set Pushchair Car Seat Carrycot 3 in 1 Travel System From Birth - For Baby Boss\",\"isPartOf\":{\"@id\":\"https:\\\/\\\/powderblue-seahorse-496884.hostingersite.com\\\/#website\"},\"primaryImageOfPage\":{\"@id\":\"https:\\\/\\\/forbabyboss.com\\\/product\\\/red-baby-pram-set-pushchair-car-seat-carrycot-3-in-1-travel-system-from-birth\\\/#primaryimage\"},\"image\":{\"@id\":\"https:\\\/\\\/forbabyboss.com\\\/product\\\/red-baby-pram-set-pushchair-car-seat-carrycot-3-in-1-travel-system-from-birth\\\/#primaryimage\"},\"thumbnailUrl\":\"https:\\\/\\\/forbabyboss.com\\\/wp-content\\\/uploads\\\/2022\\\/09\\\/Baby-Buggy-Pram-Set-Pushchair-Car-Seat-Carrycot-3-in-1-Travel-System-From-Birth-Red-main.png\",\"datePublished\":\"2022-09-13T12:02:49+00:00\",\"dateModified\":\"2026-02-21T11:56:53+00:00\",\"description\":\"Red Baby Pram Set Pushchair Car Seat Carrycot 3 in 1 Travel System From Birth\",\"breadcrumb\":{\"@id\":\"https:\\\/\\\/forbabyboss.com\\\/product\\\/red-baby-pram-set-pushchair-car-seat-carrycot-3-in-1-travel-system-from-birth\\\/#breadcrumb\"},\"inLanguage\":\"pt-PT\",\"potentialAction\":[{\"@type\":\"ReadAction\",\"target\":[\"https:\\\/\\\/forbabyboss.com\\\/product\\\/red-baby-pram-set-pushchair-car-seat-carrycot-3-in-1-travel-system-from-birth\\\/\"]}]},{\"@type\":\"ImageObject\",\"inLanguage\":\"pt-PT\",\"@id\":\"https:\\\/\\\/forbabyboss.com\\\/product\\\/red-baby-pram-set-pushchair-car-seat-carrycot-3-in-1-travel-system-from-birth\\\/#primaryimage\",\"url\":\"https:\\\/\\\/forbabyboss.com\\\/wp-content\\\/uploads\\\/2022\\\/09\\\/Baby-Buggy-Pram-Set-Pushchair-Car-Seat-Carrycot-3-in-1-Travel-System-From-Birth-Red-main.png\",\"contentUrl\":\"https:\\\/\\\/forbabyboss.com\\\/wp-content\\\/uploads\\\/2022\\\/09\\\/Baby-Buggy-Pram-Set-Pushchair-Car-Seat-Carrycot-3-in-1-Travel-System-From-Birth-Red-main.png\",\"width\":1600,\"height\":1600},{\"@type\":\"BreadcrumbList\",\"@id\":\"https:\\\/\\\/forbabyboss.com\\\/product\\\/red-baby-pram-set-pushchair-car-seat-carrycot-3-in-1-travel-system-from-birth\\\/#breadcrumb\",\"itemListElement\":[{\"@type\":\"ListItem\",\"position\":1,\"name\":\"Home\",\"item\":\"https:\\\/\\\/forbabyboss.com\\\/\"},{\"@type\":\"ListItem\",\"position\":2,\"name\":\"Shop\",\"item\":\"https:\\\/\\\/forbabyboss.com\\\/shop\\\/\"},{\"@type\":\"ListItem\",\"position\":3,\"name\":\"Red Baby Pram Set Pushchair Car Seat Carrycot 3 in 1 Travel System From Birth\"}]},{\"@type\":\"WebSite\",\"@id\":\"https:\\\/\\\/powderblue-seahorse-496884.hostingersite.com\\\/#website\",\"url\":\"https:\\\/\\\/powderblue-seahorse-496884.hostingersite.com\\\/\",\"name\":\"For Baby Boss\",\"description\":\"Beautiful gifts and accessories for your baby boss\",\"potentialAction\":[{\"@type\":\"SearchAction\",\"target\":{\"@type\":\"EntryPoint\",\"urlTemplate\":\"https:\\\/\\\/powderblue-seahorse-496884.hostingersite.com\\\/?s={search_term_string}\"},\"query-input\":{\"@type\":\"PropertyValueSpecification\",\"valueRequired\":true,\"valueName\":\"search_term_string\"}}],\"inLanguage\":\"pt-PT\"}]}<\/script>\n<!-- \/ Yoast SEO plugin. -->","yoast_head_json":{"title":"Carrinho de Beb\u00ea Vermelho com Carrinho de Beb\u00ea, Cadeirinha para Auto e Alcofa - Sistema de Viagem 3 em 1 Desde o Nascimento - Para Beb\u00ea Boss","description":"Carrinho de Beb\u00ea Vermelho com Carrinho de Beb\u00ea, Cadeirinha para Auto e Alcofa - Sistema de Viagem 3 em 1 Desde o Nascimento","robots":{"index":"index","follow":"follow","max-snippet":"max-snippet:-1","max-image-preview":"max-image-preview:large","max-video-preview":"max-video-preview:-1"},"canonical":"https:\/\/forbabyboss.com\/pt\/produto\/carrinho-de-bebe-vermelho-conjunto-com-carrinho-de-passeio-cadeirinha-para-carro-e-moises-sistema-de-viagem-3-em-1-desde-o-nascimento\/","og_locale":"pt_PT","og_type":"article","og_title":"Red Baby Pram Set Pushchair Car Seat Carrycot 3 in 1 Travel System From Birth - For Baby Boss","og_description":"Red Baby Pram Set Pushchair Car Seat Carrycot 3 in 1 Travel System From Birth","og_url":"https:\/\/forbabyboss.com\/pt\/produto\/carrinho-de-bebe-vermelho-conjunto-com-carrinho-de-passeio-cadeirinha-para-carro-e-moises-sistema-de-viagem-3-em-1-desde-o-nascimento\/","og_site_name":"For Baby Boss","article_modified_time":"2026-02-21T11:56:53+00:00","og_image":[{"width":1600,"height":1600,"url":"https:\/\/forbabyboss.com\/wp-content\/uploads\/2022\/09\/Baby-Buggy-Pram-Set-Pushchair-Car-Seat-Carrycot-3-in-1-Travel-System-From-Birth-Red-main.png","type":"image\/png"}],"twitter_card":"summary_large_image","twitter_misc":{"Tempo estimado de leitura":"2 minutos"},"schema":{"@context":"https:\/\/schema.org","@graph":[{"@type":"WebPage","@id":"https:\/\/forbabyboss.com\/product\/red-baby-pram-set-pushchair-car-seat-carrycot-3-in-1-travel-system-from-birth\/","url":"https:\/\/forbabyboss.com\/product\/red-baby-pram-set-pushchair-car-seat-carrycot-3-in-1-travel-system-from-birth\/","name":"Carrinho de Beb\u00ea Vermelho com Carrinho de Beb\u00ea, Cadeirinha para Auto e Alcofa - Sistema de Viagem 3 em 1 Desde o Nascimento - Para Beb\u00ea Boss","isPartOf":{"@id":"https:\/\/powderblue-seahorse-496884.hostingersite.com\/#website"},"primaryImageOfPage":{"@id":"https:\/\/forbabyboss.com\/product\/red-baby-pram-set-pushchair-car-seat-carrycot-3-in-1-travel-system-from-birth\/#primaryimage"},"image":{"@id":"https:\/\/forbabyboss.com\/product\/red-baby-pram-set-pushchair-car-seat-carrycot-3-in-1-travel-system-from-birth\/#primaryimage"},"thumbnailUrl":"https:\/\/forbabyboss.com\/wp-content\/uploads\/2022\/09\/Baby-Buggy-Pram-Set-Pushchair-Car-Seat-Carrycot-3-in-1-Travel-System-From-Birth-Red-main.png","datePublished":"2022-09-13T12:02:49+00:00","dateModified":"2026-02-21T11:56:53+00:00","description":"Carrinho de Beb\u00ea Vermelho com Carrinho de Beb\u00ea, Cadeirinha para Auto e Alcofa - Sistema de Viagem 3 em 1 Desde o Nascimento","breadcrumb":{"@id":"https:\/\/forbabyboss.com\/product\/red-baby-pram-set-pushchair-car-seat-carrycot-3-in-1-travel-system-from-birth\/#breadcrumb"},"inLanguage":"pt-PT","potentialAction":[{"@type":"ReadAction","target":["https:\/\/forbabyboss.com\/product\/red-baby-pram-set-pushchair-car-seat-carrycot-3-in-1-travel-system-from-birth\/"]}]},{"@type":"ImageObject","inLanguage":"pt-PT","@id":"https:\/\/forbabyboss.com\/product\/red-baby-pram-set-pushchair-car-seat-carrycot-3-in-1-travel-system-from-birth\/#primaryimage","url":"https:\/\/forbabyboss.com\/wp-content\/uploads\/2022\/09\/Baby-Buggy-Pram-Set-Pushchair-Car-Seat-Carrycot-3-in-1-Travel-System-From-Birth-Red-main.png","contentUrl":"https:\/\/forbabyboss.com\/wp-content\/uploads\/2022\/09\/Baby-Buggy-Pram-Set-Pushchair-Car-Seat-Carrycot-3-in-1-Travel-System-From-Birth-Red-main.png","width":1600,"height":1600},{"@type":"BreadcrumbList","@id":"https:\/\/forbabyboss.com\/product\/red-baby-pram-set-pushchair-car-seat-carrycot-3-in-1-travel-system-from-birth\/#breadcrumb","itemListElement":[{"@type":"ListItem","position":1,"name":"Home","item":"https:\/\/forbabyboss.com\/"},{"@type":"ListItem","position":2,"name":"Shop","item":"https:\/\/forbabyboss.com\/shop\/"},{"@type":"ListItem","position":3,"name":"Red Baby Pram Set Pushchair Car Seat Carrycot 3 in 1 Travel System From Birth"}]},{"@type":"WebSite","@id":"https:\/\/powderblue-seahorse-496884.hostingersite.com\/#website","url":"https:\/\/powderblue-seahorse-496884.hostingersite.com\/","name":"Para o Baby Boss","description":"Bonitos presentes e acess\u00f3rios para o seu chefe beb\u00e9","potentialAction":[{"@type":"SearchAction","target":{"@type":"EntryPoint","urlTemplate":"https:\/\/powderblue-seahorse-496884.hostingersite.com\/?s={search_term_string}"},"query-input":{"@type":"PropertyValueSpecification","valueRequired":true,"valueName":"search_term_string"}}],"inLanguage":"pt-PT"}]}},"_links":{"self":[{"href":"https:\/\/forbabyboss.com\/pt\/wp-json\/wp\/v2\/product\/5471","targetHints":{"allow":["GET"]}}],"collection":[{"href":"https:\/\/forbabyboss.com\/pt\/wp-json\/wp\/v2\/product"}],"about":[{"href":"https:\/\/forbabyboss.com\/pt\/wp-json\/wp\/v2\/types\/product"}],"wp:featuredmedia":[{"embeddable":true,"href":"https:\/\/forbabyboss.com\/pt\/wp-json\/wp\/v2\/media\/5472"}],"wp:attachment":[{"href":"https:\/\/forbabyboss.com\/pt\/wp-json\/wp\/v2\/media?parent=5471"}],"wp:term":[{"taxonomy":"product_brand","embeddable":true,"href":"https:\/\/forbabyboss.com\/pt\/wp-json\/wp\/v2\/product_brand?post=5471"},{"taxonomy":"product_cat","embeddable":true,"href":"https:\/\/forbabyboss.com\/pt\/wp-json\/wp\/v2\/product_cat?post=5471"},{"taxonomy":"product_tag","embeddable":true,"href":"https:\/\/forbabyboss.com\/pt\/wp-json\/wp\/v2\/product_tag?post=5471"}],"curies":[{"name":"wp","href":"https:\/\/api.w.org\/{rel}","templated":true}]}}