{"id":5533,"date":"2022-09-13T13:15:56","date_gmt":"2022-09-13T13:15:56","guid":{"rendered":"http:\/\/forbabyboss.com\/?post_type=product&#038;p=5533"},"modified":"2026-02-23T18:15:10","modified_gmt":"2026-02-23T18:15:10","slug":"carrinho-de-bebe-3-em-1-desde-o-nascimento-ate-criancas-pequenas-na-cor-bege-coral","status":"publish","type":"product","link":"https:\/\/forbabyboss.com\/pt\/product\/baby-pram-3in1-pushchair-from-birth-toddlers-in-coral-beige\/","title":{"rendered":"Carrinho de Beb\u00ea 3 em 1 para Beb\u00eas e Crian\u00e7as Pequenas na Cor Bege Coral"},"content":{"rendered":"<p style=\"text-align: justify;\"><strong><span style=\"font-family: Arial; font-size: 120%; color: #282828;\">Limousine entre os carrinhos de beb\u00ea 3 em 1 de tamanho normal. Feito de elegante couro ecol\u00f3gico combinado com tecido de algod\u00e3o impermeabilizado. Para todas as esta\u00e7\u00f5es, climas e caminhos. Maximamente equipado com fun\u00e7\u00f5es e acess\u00f3rios. Com um mois\u00e9s espa\u00e7oso. O assento pode ser posicionado para frente e para tr\u00e1s, de acordo com a dire\u00e7\u00e3o do passeio.<\/span><\/strong><\/p>\n<h4 style=\"text-align: justify;\"><span style=\"color: #e14d43;\"><strong><span style=\"font-family: Arial; font-size: xx-large;\">Caracter\u00edsticas:<\/span><\/strong><\/span><\/h4>\n<p style=\"text-align: justify;\"><strong><span style=\"color: #282828; font-family: Arial; font-size: 105%;\">-Modo virado para a frente e para tr\u00e1s<\/span><\/strong><\/p>\n<p style=\"text-align: justify;\"><strong><span style=\"color: #282828; font-family: Arial; font-size: 105%;\">-janela de ventila\u00e7\u00e3o na parte traseira do cap\u00f4<\/span><\/strong><\/p>\n<p style=\"text-align: justify;\"><strong><span style=\"color: #282828; font-family: Arial; font-size: 105%;\">-A g\u00f4ndola possui um forro macio que pode ser removido para lavagem.<\/span><\/strong><\/p>\n<p style=\"text-align: justify;\"><strong><span style=\"color: #282828; font-family: Arial; font-size: 105%;\">-A cobertura da g\u00f4ndola pode ser levantada para criar um captador de vento.<\/span><\/strong><\/p>\n<p style=\"text-align: justify;\"><strong><span style=\"color: #282828; font-family: Arial; font-size: 105%;\">-capuz estendido<\/span><\/strong><\/p>\n<p style=\"text-align: justify;\"><strong><span style=\"color: #282828; font-family: Arial; font-size: 105%;\">-O carrinho de beb\u00ea est\u00e1 equipado com cintos de seguran\u00e7a de 5 pontos.<\/span><\/strong><\/p>\n<p style=\"text-align: justify;\"><strong><span style=\"color: #282828; font-size: 105%;\"><span style=\"font-family: Arial;\">-apoio para os p\u00e9s, vento\u00a0<\/span>protetor, alcofa<span style=\"font-family: Arial;\">\u00a0e barra de seguran\u00e7a revestida em couro ecol\u00f3gico<\/span><\/span><\/strong><\/p>\n<p style=\"text-align: justify;\"><strong><span style=\"color: #282828; font-family: Arial; font-size: 105%;\">-al\u00e7a ajust\u00e1vel em v\u00e1rios n\u00edveis<\/span><\/strong><\/p>\n<p style=\"text-align: justify;\"><strong><span style=\"color: #282828; font-family: Arial; font-size: 105%;\">-suspens\u00e3o ajust\u00e1vel<\/span><\/strong><\/p>\n<p style=\"text-align: justify;\"><strong><span style=\"color: #282828; font-family: Arial; font-size: 105%;\">- Encosto ajust\u00e1vel para pernas e costas<\/span><\/strong><\/p>\n<p style=\"text-align: justify;\"><strong><span style=\"color: #282828; font-family: Arial; font-size: 105%;\">-estrutura robusta<\/span><\/strong><\/p>\n<p style=\"text-align: justify;\"><strong><span style=\"color: #282828; font-family: Arial; font-size: 105%;\">-Freio central EASY STOP<\/span><\/strong><\/p>\n<p style=\"text-align: justify;\"><strong><span style=\"color: #282828; font-family: Arial; font-size: 105%;\">- grande cesta de compras<\/span><\/strong><\/p>\n<h4><span style=\"color: #e14d43;\"><strong><span style=\"font-family: Arial; font-size: xx-large;\">Caracter\u00edsticas da cadeirinha de carro:<\/span><\/strong><\/span><\/h4>\n<p><strong><span style=\"color: #282828; font-family: Arial; font-size: 105%;\">-inser\u00e7\u00e3o adicional para beb\u00eas<\/span><\/strong><\/p>\n<p><strong><span style=\"color: #282828; font-family: Arial; font-size: 105%;\">-al\u00e7a ajust\u00e1vel<\/span><\/strong><\/p>\n<p><strong><span style=\"color: #282828; font-family: Arial; font-size: 105%;\">-cobertura das pernas<\/span><\/strong><\/p>\n<p><strong><span style=\"color: #282828; font-family: Arial; font-size: 105%;\">-capuz remov\u00edvel<\/span><\/strong><\/p>\n<p><strong><span style=\"color: #282828; font-family: Arial; font-size: 105%;\">-Cintos de seguran\u00e7a de 3 pontos<\/span><\/strong><\/p>\n<h4><span style=\"color: #e14d43;\"><strong><span style=\"font-family: Arial; font-size: xx-large;\">Equipamento:<\/span><\/strong><\/span><\/h4>\n<div class=\"p-5\">\n<h4><strong><span style=\"color: #282828; font-family: Arial; font-size: 105%;\">-Arma\u00e7\u00e3o com al\u00e7a em couro ecol\u00f3gico<\/span><\/strong><\/h4>\n<h4><strong><span style=\"color: #282828; font-family: Arial; font-size: 105%;\">-g\u00f4ndola com encosto ajust\u00e1vel<\/span><\/strong><\/h4>\n<h4><strong><span style=\"color: #282828; font-family: Arial; font-size: 105%;\">-carrinho de beb\u00e9<\/span><\/strong><\/h4>\n<h4><strong><span style=\"color: #282828; font-family: Arial; font-size: 105%;\">-duas capas (para carrinho de beb\u00ea e g\u00f4ndola)<\/span><\/strong><\/h4>\n<h4><strong><span style=\"color: #282828; font-family: Arial; font-size: 105%;\">-Cadeirinha de carro multifuncional com adaptadores<\/span><\/strong><\/h4>\n<h4><strong><span style=\"color: #282828; font-family: Arial; font-size: 105%;\">-capa de chuva<\/span><\/strong><\/h4>\n<h4><strong><span style=\"color: #282828; font-family: Arial; font-size: 105%;\">-mosquiteiro<\/span><\/strong><\/h4>\n<h4><strong><span style=\"color: #282828; font-family: Arial; font-size: 105%;\">-rodas girat\u00f3rias macias e resistentes a furos<\/span><\/strong><\/h4>\n<h4><strong><span style=\"color: #282828; font-family: Arial; font-size: 105%;\">- Bolso grande na parte de tr\u00e1s da bolsa e dois pequenos nas laterais.<\/span><\/strong><\/h4>\n<h4><strong><span style=\"color: #282828; font-family: Arial; font-size: 105%;\">Estrutura desmontada com rodas (comprimento x largura x altura): 85 x 60 x 40 cm<\/span><\/strong><\/h4>\n<h4><strong><span style=\"color: #282828; font-family: Arial; font-size: 105%;\">Carrinho de beb\u00ea montado (altura x largura x comprimento): 115 x 60 x 95 cm<\/span><\/strong><\/h4>\n<h4><strong><span style=\"color: #282828; font-family: Arial; font-size: 105%;\">Dimens\u00f5es internas da g\u00f4ndola (largura x comprimento x altura): 36 x 80 x 20 cm<\/span><\/strong><\/h4>\n<h4><strong><span style=\"color: #282828; font-family: Arial; font-size: 105%;\">Dimens\u00f5es internas do carrinho (largura x comprimento do encosto x comprimento do assento x comprimento do apoio para os p\u00e9s): 34 x 48 x 26 x 23 cm<\/span><\/strong><\/h4>\n<h4><strong><span style=\"color: #282828; font-family: Arial; font-size: 105%;\">Quadro com rodas: 10 kg<\/span><\/strong><\/h4>\n<h4><strong><span style=\"color: #282828; font-family: Arial; font-size: 105%;\">Carrinho de beb\u00ea: 15 kg<\/span><\/strong><\/h4>\n<h4><strong><span style=\"color: #282828; font-family: Arial; font-size: 105%;\">Carrinho de beb\u00ea profundo: 16 kg<\/span><\/strong><\/h4>\n<h4><strong><span style=\"color: #282828; font-family: Arial; font-size: 105%;\">Faixa de ajuste do cabo: 70 cm a 115 cm<\/span><\/strong><\/h4>\n<h4><strong><span style=\"color: #282828; font-family: Arial; font-size: 105%;\">Garantia de 12 meses<\/span><\/strong><\/h4>\n<p><a href=\"http:\/\/forbabyboss.com\/wp-content\/uploads\/2022\/09\/checkout.png\"><img loading=\"lazy\" decoding=\"async\" class=\"alignnone wp-image-5965\" src=\"http:\/\/forbabyboss.com\/wp-content\/uploads\/2022\/09\/checkout.png\" alt=\"\" width=\"981\" height=\"361\" srcset=\"https:\/\/forbabyboss.com\/wp-content\/uploads\/2022\/09\/checkout.png 750w, https:\/\/forbabyboss.com\/wp-content\/uploads\/2022\/09\/checkout-600x221.png 600w\" sizes=\"auto, (max-width: 981px) 100vw, 981px\" \/><\/a><\/p>\n<\/div>","protected":false},"excerpt":{"rendered":"<p><a href=\"http:\/\/forbabyboss.com\/wp-content\/uploads\/2022\/09\/Star-Rating-5.png\"><img loading=\"lazy\" decoding=\"async\" class=\"alignnone size-full wp-image-5973 aligncenter\" src=\"http:\/\/forbabyboss.com\/wp-content\/uploads\/2022\/09\/Star-Rating-5.png\" alt=\"\" width=\"275\" height=\"45\" \/><\/a><\/p>\n<p style=\"text-align: center;\"><span style=\"color: #ed1c24; font-size: 120%;\"><b>GARANTIA DE MELHORA DE PRE\u00c7O<\/b><\/span><\/p>\n<p style=\"text-align: center;\"><span style=\"font-size: 115%;\"><span style=\"font-weight: 400; color: #4f4fa7;\">Entrega gr\u00e1tis<\/span><span style=\"font-weight: 400;\"> \u2013 2 a 7 dias<\/span><\/span><\/p>\n<p style=\"text-align: center;\"><strong><span style=\"color: #29606b;\">Brinde gr\u00e1tis em compras acima de \u00a3100<\/span><\/strong><\/p>","protected":false},"featured_media":5534,"template":"","meta":[],"product_brand":[370],"product_cat":[337,339,156,403,305,303,130,209,211],"product_tag":[163,199],"class_list":{"0":"post-5533","1":"product","2":"type-product","3":"status-publish","4":"has-post-thumbnail","6":"product_brand-babylux","7":"product_cat-500-to-600","8":"product_cat-700-to-800","9":"product_cat-3-in-1","10":"product_cat-beige","11":"product_cat-colour","12":"product_cat-pattern","13":"product_cat-prams","14":"product_cat-push-chairs","15":"product_cat-stroller","16":"product_tag-3-in-1-prams","17":"product_tag-prams","19":"first","20":"instock","21":"sale","22":"shipping-taxable","23":"purchasable","24":"product-type-simple"},"yoast_head":"<!-- This site is optimized with the Yoast SEO plugin v27.5 - https:\/\/yoast.com\/product\/yoast-seo-wordpress\/ -->\n<title>Baby Pram 3in1 Pushchair From Birth &amp; Toddlers in Coral Beige - For Baby Boss<\/title>\n<meta name=\"description\" content=\"Baby Pram 3in1 Pushchair From Birth &amp; Toddlers in Coral\" \/>\n<meta name=\"robots\" content=\"index, follow, max-snippet:-1, max-image-preview:large, max-video-preview:-1\" \/>\n<link rel=\"canonical\" href=\"https:\/\/forbabyboss.com\/pt\/produto\/carrinho-de-bebe-3-em-1-desde-o-nascimento-ate-criancas-pequenas-na-cor-bege-coral\/\" \/>\n<meta property=\"og:locale\" content=\"pt_PT\" \/>\n<meta property=\"og:type\" content=\"article\" \/>\n<meta property=\"og:title\" content=\"Baby Pram 3in1 Pushchair From Birth &amp; Toddlers in Coral Beige - For Baby Boss\" \/>\n<meta property=\"og:description\" content=\"Baby Pram 3in1 Pushchair From Birth &amp; Toddlers in Coral\" \/>\n<meta property=\"og:url\" content=\"https:\/\/forbabyboss.com\/pt\/produto\/carrinho-de-bebe-3-em-1-desde-o-nascimento-ate-criancas-pequenas-na-cor-bege-coral\/\" \/>\n<meta property=\"og:site_name\" content=\"For Baby Boss\" \/>\n<meta property=\"article:modified_time\" content=\"2026-02-23T18:15:10+00:00\" \/>\n<meta property=\"og:image\" content=\"https:\/\/forbabyboss.com\/wp-content\/uploads\/2022\/09\/Baby-pram-Buggy-3in1-Travel-System-Pushchair-Car-Seat-From-Birth-Toddlers-Coral-main.png\" \/>\n\t<meta property=\"og:image:width\" content=\"1600\" \/>\n\t<meta property=\"og:image:height\" content=\"1600\" \/>\n\t<meta property=\"og:image:type\" content=\"image\/png\" \/>\n<meta name=\"twitter:card\" content=\"summary_large_image\" \/>\n<meta name=\"twitter:label1\" content=\"Tempo estimado de leitura\" \/>\n\t<meta name=\"twitter:data1\" content=\"2 minutos\" \/>\n<script type=\"application\/ld+json\" class=\"yoast-schema-graph\">{\"@context\":\"https:\\\/\\\/schema.org\",\"@graph\":[{\"@type\":\"WebPage\",\"@id\":\"https:\\\/\\\/forbabyboss.com\\\/product\\\/baby-pram-3in1-pushchair-from-birth-toddlers-in-coral-beige\\\/\",\"url\":\"https:\\\/\\\/forbabyboss.com\\\/product\\\/baby-pram-3in1-pushchair-from-birth-toddlers-in-coral-beige\\\/\",\"name\":\"Baby Pram 3in1 Pushchair From Birth & Toddlers in Coral Beige - For Baby Boss\",\"isPartOf\":{\"@id\":\"https:\\\/\\\/powderblue-seahorse-496884.hostingersite.com\\\/#website\"},\"primaryImageOfPage\":{\"@id\":\"https:\\\/\\\/forbabyboss.com\\\/product\\\/baby-pram-3in1-pushchair-from-birth-toddlers-in-coral-beige\\\/#primaryimage\"},\"image\":{\"@id\":\"https:\\\/\\\/forbabyboss.com\\\/product\\\/baby-pram-3in1-pushchair-from-birth-toddlers-in-coral-beige\\\/#primaryimage\"},\"thumbnailUrl\":\"https:\\\/\\\/forbabyboss.com\\\/wp-content\\\/uploads\\\/2022\\\/09\\\/Baby-pram-Buggy-3in1-Travel-System-Pushchair-Car-Seat-From-Birth-Toddlers-Coral-main.png\",\"datePublished\":\"2022-09-13T13:15:56+00:00\",\"dateModified\":\"2026-02-23T18:15:10+00:00\",\"description\":\"Baby Pram 3in1 Pushchair From Birth & Toddlers in Coral\",\"breadcrumb\":{\"@id\":\"https:\\\/\\\/forbabyboss.com\\\/product\\\/baby-pram-3in1-pushchair-from-birth-toddlers-in-coral-beige\\\/#breadcrumb\"},\"inLanguage\":\"pt-PT\",\"potentialAction\":[{\"@type\":\"ReadAction\",\"target\":[\"https:\\\/\\\/forbabyboss.com\\\/product\\\/baby-pram-3in1-pushchair-from-birth-toddlers-in-coral-beige\\\/\"]}]},{\"@type\":\"ImageObject\",\"inLanguage\":\"pt-PT\",\"@id\":\"https:\\\/\\\/forbabyboss.com\\\/product\\\/baby-pram-3in1-pushchair-from-birth-toddlers-in-coral-beige\\\/#primaryimage\",\"url\":\"https:\\\/\\\/forbabyboss.com\\\/wp-content\\\/uploads\\\/2022\\\/09\\\/Baby-pram-Buggy-3in1-Travel-System-Pushchair-Car-Seat-From-Birth-Toddlers-Coral-main.png\",\"contentUrl\":\"https:\\\/\\\/forbabyboss.com\\\/wp-content\\\/uploads\\\/2022\\\/09\\\/Baby-pram-Buggy-3in1-Travel-System-Pushchair-Car-Seat-From-Birth-Toddlers-Coral-main.png\",\"width\":1600,\"height\":1600},{\"@type\":\"BreadcrumbList\",\"@id\":\"https:\\\/\\\/forbabyboss.com\\\/product\\\/baby-pram-3in1-pushchair-from-birth-toddlers-in-coral-beige\\\/#breadcrumb\",\"itemListElement\":[{\"@type\":\"ListItem\",\"position\":1,\"name\":\"Home\",\"item\":\"https:\\\/\\\/forbabyboss.com\\\/\"},{\"@type\":\"ListItem\",\"position\":2,\"name\":\"Shop\",\"item\":\"https:\\\/\\\/forbabyboss.com\\\/shop\\\/\"},{\"@type\":\"ListItem\",\"position\":3,\"name\":\"Baby Pram 3in1 Pushchair From Birth &#038; Toddlers in Coral Beige\"}]},{\"@type\":\"WebSite\",\"@id\":\"https:\\\/\\\/powderblue-seahorse-496884.hostingersite.com\\\/#website\",\"url\":\"https:\\\/\\\/powderblue-seahorse-496884.hostingersite.com\\\/\",\"name\":\"For Baby Boss\",\"description\":\"Beautiful gifts and accessories for your baby boss\",\"potentialAction\":[{\"@type\":\"SearchAction\",\"target\":{\"@type\":\"EntryPoint\",\"urlTemplate\":\"https:\\\/\\\/powderblue-seahorse-496884.hostingersite.com\\\/?s={search_term_string}\"},\"query-input\":{\"@type\":\"PropertyValueSpecification\",\"valueRequired\":true,\"valueName\":\"search_term_string\"}}],\"inLanguage\":\"pt-PT\"}]}<\/script>\n<!-- \/ Yoast SEO plugin. -->","yoast_head_json":{"title":"Carrinho de Beb\u00ea 3 em 1 para Beb\u00eas e Crian\u00e7as Pequenas na Cor Bege Coral - Para Baby Boss","description":"Carrinho de Beb\u00ea 3 em 1 para Beb\u00eas e Crian\u00e7as Pequenas na Cor Coral","robots":{"index":"index","follow":"follow","max-snippet":"max-snippet:-1","max-image-preview":"max-image-preview:large","max-video-preview":"max-video-preview:-1"},"canonical":"https:\/\/forbabyboss.com\/pt\/produto\/carrinho-de-bebe-3-em-1-desde-o-nascimento-ate-criancas-pequenas-na-cor-bege-coral\/","og_locale":"pt_PT","og_type":"article","og_title":"Baby Pram 3in1 Pushchair From Birth & Toddlers in Coral Beige - For Baby Boss","og_description":"Baby Pram 3in1 Pushchair From Birth & Toddlers in Coral","og_url":"https:\/\/forbabyboss.com\/pt\/produto\/carrinho-de-bebe-3-em-1-desde-o-nascimento-ate-criancas-pequenas-na-cor-bege-coral\/","og_site_name":"For Baby Boss","article_modified_time":"2026-02-23T18:15:10+00:00","og_image":[{"width":1600,"height":1600,"url":"https:\/\/forbabyboss.com\/wp-content\/uploads\/2022\/09\/Baby-pram-Buggy-3in1-Travel-System-Pushchair-Car-Seat-From-Birth-Toddlers-Coral-main.png","type":"image\/png"}],"twitter_card":"summary_large_image","twitter_misc":{"Tempo estimado de leitura":"2 minutos"},"schema":{"@context":"https:\/\/schema.org","@graph":[{"@type":"WebPage","@id":"https:\/\/forbabyboss.com\/product\/baby-pram-3in1-pushchair-from-birth-toddlers-in-coral-beige\/","url":"https:\/\/forbabyboss.com\/product\/baby-pram-3in1-pushchair-from-birth-toddlers-in-coral-beige\/","name":"Carrinho de Beb\u00ea 3 em 1 para Beb\u00eas e Crian\u00e7as Pequenas na Cor Bege Coral - Para Baby Boss","isPartOf":{"@id":"https:\/\/powderblue-seahorse-496884.hostingersite.com\/#website"},"primaryImageOfPage":{"@id":"https:\/\/forbabyboss.com\/product\/baby-pram-3in1-pushchair-from-birth-toddlers-in-coral-beige\/#primaryimage"},"image":{"@id":"https:\/\/forbabyboss.com\/product\/baby-pram-3in1-pushchair-from-birth-toddlers-in-coral-beige\/#primaryimage"},"thumbnailUrl":"https:\/\/forbabyboss.com\/wp-content\/uploads\/2022\/09\/Baby-pram-Buggy-3in1-Travel-System-Pushchair-Car-Seat-From-Birth-Toddlers-Coral-main.png","datePublished":"2022-09-13T13:15:56+00:00","dateModified":"2026-02-23T18:15:10+00:00","description":"Carrinho de Beb\u00ea 3 em 1 para Beb\u00eas e Crian\u00e7as Pequenas na Cor Coral","breadcrumb":{"@id":"https:\/\/forbabyboss.com\/product\/baby-pram-3in1-pushchair-from-birth-toddlers-in-coral-beige\/#breadcrumb"},"inLanguage":"pt-PT","potentialAction":[{"@type":"ReadAction","target":["https:\/\/forbabyboss.com\/product\/baby-pram-3in1-pushchair-from-birth-toddlers-in-coral-beige\/"]}]},{"@type":"ImageObject","inLanguage":"pt-PT","@id":"https:\/\/forbabyboss.com\/product\/baby-pram-3in1-pushchair-from-birth-toddlers-in-coral-beige\/#primaryimage","url":"https:\/\/forbabyboss.com\/wp-content\/uploads\/2022\/09\/Baby-pram-Buggy-3in1-Travel-System-Pushchair-Car-Seat-From-Birth-Toddlers-Coral-main.png","contentUrl":"https:\/\/forbabyboss.com\/wp-content\/uploads\/2022\/09\/Baby-pram-Buggy-3in1-Travel-System-Pushchair-Car-Seat-From-Birth-Toddlers-Coral-main.png","width":1600,"height":1600},{"@type":"BreadcrumbList","@id":"https:\/\/forbabyboss.com\/product\/baby-pram-3in1-pushchair-from-birth-toddlers-in-coral-beige\/#breadcrumb","itemListElement":[{"@type":"ListItem","position":1,"name":"Home","item":"https:\/\/forbabyboss.com\/"},{"@type":"ListItem","position":2,"name":"Shop","item":"https:\/\/forbabyboss.com\/shop\/"},{"@type":"ListItem","position":3,"name":"Baby Pram 3in1 Pushchair From Birth &#038; Toddlers in Coral Beige"}]},{"@type":"WebSite","@id":"https:\/\/powderblue-seahorse-496884.hostingersite.com\/#website","url":"https:\/\/powderblue-seahorse-496884.hostingersite.com\/","name":"Para o Baby Boss","description":"Bonitos presentes e acess\u00f3rios para o seu chefe beb\u00e9","potentialAction":[{"@type":"SearchAction","target":{"@type":"EntryPoint","urlTemplate":"https:\/\/powderblue-seahorse-496884.hostingersite.com\/?s={search_term_string}"},"query-input":{"@type":"PropertyValueSpecification","valueRequired":true,"valueName":"search_term_string"}}],"inLanguage":"pt-PT"}]}},"_links":{"self":[{"href":"https:\/\/forbabyboss.com\/pt\/wp-json\/wp\/v2\/product\/5533","targetHints":{"allow":["GET"]}}],"collection":[{"href":"https:\/\/forbabyboss.com\/pt\/wp-json\/wp\/v2\/product"}],"about":[{"href":"https:\/\/forbabyboss.com\/pt\/wp-json\/wp\/v2\/types\/product"}],"wp:featuredmedia":[{"embeddable":true,"href":"https:\/\/forbabyboss.com\/pt\/wp-json\/wp\/v2\/media\/5534"}],"wp:attachment":[{"href":"https:\/\/forbabyboss.com\/pt\/wp-json\/wp\/v2\/media?parent=5533"}],"wp:term":[{"taxonomy":"product_brand","embeddable":true,"href":"https:\/\/forbabyboss.com\/pt\/wp-json\/wp\/v2\/product_brand?post=5533"},{"taxonomy":"product_cat","embeddable":true,"href":"https:\/\/forbabyboss.com\/pt\/wp-json\/wp\/v2\/product_cat?post=5533"},{"taxonomy":"product_tag","embeddable":true,"href":"https:\/\/forbabyboss.com\/pt\/wp-json\/wp\/v2\/product_tag?post=5533"}],"curies":[{"name":"wp","href":"https:\/\/api.w.org\/{rel}","templated":true}]}}