{"id":5544,"date":"2022-09-25T13:54:42","date_gmt":"2022-09-25T13:54:42","guid":{"rendered":"http:\/\/forbabyboss.com\/?post_type=product&#038;p=5544"},"modified":"2026-02-18T20:56:12","modified_gmt":"2026-02-18T20:56:12","slug":"carrinho-de-bebe-azul-marinho-conjunto-dobravel-com-cadeirinha-para-carro-e-sistema-de-viagem-3-em-1","status":"publish","type":"product","link":"https:\/\/forbabyboss.com\/pt\/product\/navy-blue-baby-pram-foldable-car-seat-travel-system-set-3in1\/","title":{"rendered":"Carrinho de beb\u00ea dobr\u00e1vel azul marinho com sistema de viagem 3 em 1"},"content":{"rendered":"<h1><span style=\"font-size: 200%; color: #e14d43;\"><strong>Conjunto de Carrinho de Beb\u00ea e Sistema de Viagem<\/strong><\/span><\/h1>\n<p style=\"text-align: justify;\"><span style=\"color: #282828;\">Nosso carrinho de beb\u00ea inclui chassi, mois\u00e9s, assento esportivo, bolsa para fraldas, trocador, porta-copos, capota, apoios de bra\u00e7o, capas para o assento, cesta de compras, porta-copos, capa de chuva, mosquiteiro, barra de seguran\u00e7a e colch\u00e3o respir\u00e1vel e hipoalerg\u00eanico. A partir dos 6 meses de idade, voc\u00ea pode us\u00e1-lo como carrinho de passeio. O carrinho possui um assento revers\u00edvel que pode ser usado nos dois sentidos. Outra vantagem deste carrinho \u00e9 sua estrutura confort\u00e1vel e bem suspensa, que \u00e9 extremamente f\u00e1cil de usar.<\/span><br \/>\n<span style=\"color: #282828;\">O sistema de montagem f\u00e1cil ser\u00e1 apreciado por todos os pais. O estofamento do carrinho \u00e9 feito com tecidos impermeabilizados da mais alta qualidade, pr\u00f3prios para crian\u00e7as.<\/span><br \/>\n<span style=\"color: #282828;\">O interior da g\u00f4ndola \u00e9 revestido com tecido de algod\u00e3o hipoalerg\u00eanico. O estofamento pode ser removido para lavagem. Al\u00e9m disso, possui uma viseira solar com prote\u00e7\u00e3o UVA 30+.<\/span><br \/>\n<span style=\"color: #282828;\">Projetamos o carrinho para acompanhar pais e filhos desde o nascimento at\u00e9 os 3 anos de idade. Ele se adapta perfeitamente \u00e0s necessidades do seu filho em crescimento \u2013 voc\u00ea come\u00e7a com um mois\u00e9s acoplado \u00e0 estrutura do carrinho.<\/span><br \/>\n<span style=\"color: #282828;\">Quando voc\u00ea decidir que a crian\u00e7a est\u00e1 grande o suficiente e pronta para sentar durante os passeios, instale uma cadeirinha confort\u00e1vel, virada para tr\u00e1s ou para a frente.<\/span><br \/>\n<span style=\"color: #282828;\">Voc\u00ea poderia querer algo mais?<\/span><\/p>\n<p style=\"text-align: justify;\"><span style=\"color: #282828;\"><img decoding=\"async\" src=\"https:\/\/bayobay.co.uk\/ebay\/zdjecia-aukcyjne\/karex\/x2\/presentation\/1.jpg\" \/><\/span><\/p>\n<p style=\"text-align: justify;\"><span style=\"color: #282828;\"><img decoding=\"async\" src=\"https:\/\/bayobay.co.uk\/ebay\/zdjecia-aukcyjne\/karex\/x2\/presentation\/2.jpg\" \/><\/span><\/p>\n<p style=\"text-align: justify;\"><span style=\"color: #282828;\"><img decoding=\"async\" src=\"https:\/\/bayobay.co.uk\/\/ebay\/zdjecia-aukcyjne\/karex\/x2\/presentation\/4.jpg\" \/><img decoding=\"async\" src=\"https:\/\/bayobay.co.uk\/\/ebay\/zdjecia-aukcyjne\/karex\/x2\/presentation\/5.jpg\" \/><img decoding=\"async\" src=\"https:\/\/bayobay.co.uk\/ebay\/zdjecia-aukcyjne\/karex\/x2\/presentation\/6.jpg\" \/><img decoding=\"async\" src=\"https:\/\/bayobay.co.uk\/ebay\/zdjecia-aukcyjne\/karex\/x2\/presentation\/7.jpg\" \/><img decoding=\"async\" src=\"https:\/\/bayobay.co.uk\/ebay\/zdjecia-aukcyjne\/karex\/x2\/presentation\/11.jpg\" \/><img decoding=\"async\" src=\"https:\/\/bayobay.co.uk\/ebay\/zdjecia-aukcyjne\/karex\/x2\/presentation\/8.jpg\" \/><img decoding=\"async\" src=\"https:\/\/bayobay.co.uk\/ebay\/zdjecia-aukcyjne\/karex\/x2\/presentation\/9.jpg\" \/><img decoding=\"async\" src=\"https:\/\/bayobay.co.uk\/ebay\/zdjecia-aukcyjne\/karex\/x2\/presentation\/10.jpg\" \/><img decoding=\"async\" src=\"https:\/\/bayobay.co.uk\/ebay\/zdjecia-aukcyjne\/karex\/x2\/presentation\/12.jpg\" \/><\/span><\/p>\n<p><span style=\"color: #282828;\"><a style=\"color: #282828;\" href=\"http:\/\/forbabyboss.com\/wp-content\/uploads\/2022\/09\/Easy-Fold.png\"><img loading=\"lazy\" decoding=\"async\" class=\"alignnone size-full wp-image-4925\" src=\"http:\/\/forbabyboss.com\/wp-content\/uploads\/2022\/09\/Easy-Fold.png\" alt=\"\" width=\"1141\" height=\"409\" srcset=\"https:\/\/forbabyboss.com\/wp-content\/uploads\/2022\/09\/Easy-Fold.png 1141w, https:\/\/forbabyboss.com\/wp-content\/uploads\/2022\/09\/Easy-Fold-800x287.png 800w, https:\/\/forbabyboss.com\/wp-content\/uploads\/2022\/09\/Easy-Fold-768x275.png 768w, https:\/\/forbabyboss.com\/wp-content\/uploads\/2022\/09\/Easy-Fold-600x215.png 600w\" sizes=\"auto, (max-width: 1141px) 100vw, 1141px\" \/><\/a><\/span><\/p>\n<h1><span style=\"font-size: 200%; color: #e14d43;\"><strong>Sistema de viagem completo<\/strong><\/span><\/h1>\n<p style=\"text-align: justify;\"><span style=\"color: #282828;\">Projetamos o carrinho para acompanhar pais e filhos desde o nascimento at\u00e9 os 3 anos de idade. Ele se adapta perfeitamente \u00e0s necessidades do seu filho em crescimento: voc\u00ea come\u00e7a com um mois\u00e9s acoplado \u00e0 estrutura do carrinho. Quando a crian\u00e7a estiver grande o suficiente para passear sentada, basta instalar um assento confort\u00e1vel, virado para tr\u00e1s ou para a frente. D\u00e1 para querer mais?<\/span><\/p>\n<h3><span style=\"color: #e14d43;\"><strong>Caracter\u00edsticas:<\/strong><\/span><\/h3>\n<p style=\"text-align: justify;\"><span style=\"color: #282828;\">-modo voltado para frente e para tr\u00e1s<\/span><\/p>\n<p style=\"text-align: justify;\"><span style=\"color: #282828;\">-Cadeirinha de carro acopl\u00e1vel ao chassi<\/span><\/p>\n<p style=\"text-align: justify;\"><span style=\"color: #282828;\">-janela de ventila\u00e7\u00e3o na parte traseira do cap\u00f4<\/span><\/p>\n<p style=\"text-align: justify;\"><span style=\"color: #282828;\">-A g\u00f4ndola possui um forro macio que pode ser removido para lavagem.<\/span><\/p>\n<p style=\"text-align: justify;\"><span style=\"color: #282828;\">-A cobertura da g\u00f4ndola pode ser levantada para criar um captador de vento.<\/span><\/p>\n<p style=\"text-align: justify;\"><span style=\"color: #282828;\">-capuz estendido e remov\u00edvel<\/span><\/p>\n<p style=\"text-align: justify;\"><span style=\"color: #282828;\">-Cinto de seguran\u00e7a de 5 pontos<\/span><\/p>\n<p style=\"text-align: justify;\"><span style=\"color: #282828;\">-apoio para os p\u00e9s laminado<\/span><\/p>\n<p style=\"text-align: justify;\"><span style=\"color: #282828;\">-al\u00e7a ajust\u00e1vel em v\u00e1rios n\u00edveis<\/span><\/p>\n<p style=\"text-align: justify;\"><span style=\"color: #282828;\">-suspens\u00e3o ajust\u00e1vel<\/span><\/p>\n<p style=\"text-align: justify;\"><span style=\"color: #282828;\">-estrutura robusta<\/span><\/p>\n<p style=\"text-align: justify;\"><span style=\"color: #282828;\">- Encosto e apoio para as pernas ajust\u00e1veis<\/span><\/p>\n<p style=\"text-align: justify;\"><span style=\"color: #282828;\">- grande cesta de compras<\/span><\/p>\n<p style=\"text-align: justify;\"><span style=\"color: #282828;\">-Al\u00e7a ajust\u00e1vel (74-114 cm)<\/span><br \/>\n<span style=\"color: #282828;\">Carrinho de beb\u00ea adequado para crian\u00e7as de 0 a 3 anos.<\/span><br \/>\n<span style=\"color: #282828;\">Cadeirinha de carro at\u00e9 10 kg<\/span><\/p>\n<h3><span style=\"color: #e14d43;\"><strong>Caracter\u00edsticas da cadeirinha de carro:<\/strong><\/span><\/h3>\n<p><span style=\"color: #282828;\">-inser\u00e7\u00e3o adicional para beb\u00eas<\/span><\/p>\n<p><span style=\"color: #282828;\">-al\u00e7a ajust\u00e1vel<\/span><\/p>\n<p><span style=\"color: #282828;\">-cobertura para os p\u00e9s<\/span><\/p>\n<p><span style=\"color: #282828;\">-capuz remov\u00edvel<\/span><\/p>\n<p><span style=\"color: #282828;\">-cintos de seguran\u00e7a de tr\u00eas pontos<\/span><\/p>\n<h3><span style=\"color: #e14d43;\"><strong>O conjunto cont\u00e9m:<\/strong><\/span><\/h3>\n<p><span style=\"color: #282828;\">-g\u00f4ndola com encosto ajust\u00e1vel<\/span><\/p>\n<p><span style=\"color: #282828;\">-unidade de assento<\/span><\/p>\n<p><span style=\"color: #282828;\">-Cadeirinha de carro multifuncional com adaptadores<\/span><\/p>\n<p><span style=\"color: #282828;\">-capa de chuva<\/span><\/p>\n<p><span style=\"color: #282828;\">-mosquiteiro<\/span><\/p>\n<p><span style=\"color: #282828;\">-bolsa e trocador<\/span><\/p>\n<p><span style=\"color: #282828;\">- Rodas macias de gel \u00e0 prova de furos (todo tipo de terreno)<\/span><\/p>\n<p><span style=\"color: #282828;\">-al\u00e7a da garrafa<\/span><\/p>\n<p><span style=\"color: #282828;\">- Bolso grande na parte de tr\u00e1s da bolsa e dois pequenos nas laterais.<\/span><\/p>\n<p><span style=\"color: #282828;\">-Dobrado com rodas: 99x60x56cm<\/span><\/p>\n<p><span style=\"color: #282828;\">-Altura vari\u00e1vel da al\u00e7a: 74-114 cm<\/span><\/p>\n<p><span style=\"color: #282828;\">-Altura total do buggy at\u00e9 o ponto do cap\u00f4: 112 cm<\/span><\/p>\n<p><span style=\"color: #282828;\">-Altura do sof\u00e1 em rela\u00e7\u00e3o \u00e0 banheira, a partir do ch\u00e3o: 50 cm<\/span><\/p>\n<p><span style=\"color: #282828;\">- Dimens\u00f5es internas da cadeirinha: 87x37x19cm<\/span><\/p>\n<p><span style=\"color: #282828;\">-Peso do carrinho de beb\u00ea: 14 kg<\/span><\/p>\n<p><span style=\"color: #282828;\">-Peso com a banheira de beb\u00ea: 15,5 kg<\/span><\/p>\n<p><span style=\"color: #282828;\">100 % poli\u00e9ster<\/span><br \/>\n<span style=\"color: #282828;\">Faixa de ajuste do cabo: 70 cm a 115 cm<\/span><br \/>\n<span style=\"color: #282828;\">Carrinho de beb\u00ea: aprovado em conformidade com a norma de seguran\u00e7a EN 1888:2018<\/span><br \/>\n<span style=\"color: #282828;\">Cadeirinha de carro com certifica\u00e7\u00e3o de seguran\u00e7a ECE 44-04<\/span><br \/>\n<span style=\"color: #282828;\">Garantia de 12 meses<\/span><\/p>\n<p>&nbsp;<\/p>\n<p><a href=\"http:\/\/forbabyboss.com\/wp-content\/uploads\/2022\/09\/checkout.png\"><img loading=\"lazy\" decoding=\"async\" class=\"alignnone wp-image-5965\" src=\"http:\/\/forbabyboss.com\/wp-content\/uploads\/2022\/09\/checkout.png\" alt=\"\" width=\"970\" height=\"357\" srcset=\"https:\/\/forbabyboss.com\/wp-content\/uploads\/2022\/09\/checkout.png 750w, https:\/\/forbabyboss.com\/wp-content\/uploads\/2022\/09\/checkout-600x221.png 600w\" sizes=\"auto, (max-width: 970px) 100vw, 970px\" \/><\/a><\/p>","protected":false},"excerpt":{"rendered":"<p><a href=\"http:\/\/forbabyboss.com\/wp-content\/uploads\/2022\/09\/Star-Rating-5.png\"><img loading=\"lazy\" decoding=\"async\" class=\"alignnone size-full wp-image-5973 aligncenter\" src=\"http:\/\/forbabyboss.com\/wp-content\/uploads\/2022\/09\/Star-Rating-5.png\" alt=\"\" width=\"275\" height=\"45\" \/><\/a><\/p>\n<p style=\"text-align: center;\"><span style=\"color: #ed1c24; font-size: 120%;\"><b>GARANTIA DE MELHORA DE PRE\u00c7O<\/b><\/span><\/p>\n<p style=\"text-align: center;\"><span style=\"font-size: 115%;\"><span style=\"font-weight: 400; color: #4f4fa7;\">Entrega gr\u00e1tis<\/span><span style=\"font-weight: 400;\"> \u2013 2 a 7 dias<\/span><\/span><\/p>\n<p style=\"text-align: center;\"><strong><span style=\"color: #29606b;\">Brinde gr\u00e1tis em compras acima de \u00a3100<\/span><\/strong><\/p>","protected":false},"featured_media":5545,"template":"","meta":[],"product_brand":[577],"product_cat":[339,156,213,305,130,209,211],"product_tag":[163,199],"class_list":{"0":"post-5544","1":"product","2":"type-product","3":"status-publish","4":"has-post-thumbnail","6":"product_brand-kunert","7":"product_cat-700-to-800","8":"product_cat-3-in-1","9":"product_cat-blue","10":"product_cat-colour","11":"product_cat-prams","12":"product_cat-push-chairs","13":"product_cat-stroller","14":"product_tag-3-in-1-prams","15":"product_tag-prams","17":"first","18":"instock","19":"sale","20":"shipping-taxable","21":"purchasable","22":"product-type-simple"},"yoast_head":"<!-- This site is optimized with the Yoast SEO plugin v27.6 - https:\/\/yoast.com\/product\/yoast-seo-wordpress\/ -->\n<title>Navy &amp; Blue Baby Pram Foldable Car Seat Travel System Set 3in1 - For Baby Boss<\/title>\n<meta name=\"description\" content=\"Navy &amp; Blue Baby Pram Foldable Car Seat Travel System Set 3in1\" \/>\n<meta name=\"robots\" content=\"index, follow, max-snippet:-1, max-image-preview:large, max-video-preview:-1\" \/>\n<link rel=\"canonical\" href=\"https:\/\/forbabyboss.com\/pt\/produto\/carrinho-de-bebe-azul-marinho-conjunto-dobravel-com-cadeirinha-para-carro-e-sistema-de-viagem-3-em-1\/\" \/>\n<meta property=\"og:locale\" content=\"pt_PT\" \/>\n<meta property=\"og:type\" content=\"article\" \/>\n<meta property=\"og:title\" content=\"Navy &amp; Blue Baby Pram Foldable Car Seat Travel System Set 3in1 - For Baby Boss\" \/>\n<meta property=\"og:description\" content=\"Navy &amp; Blue Baby Pram Foldable Car Seat Travel System Set 3in1\" \/>\n<meta property=\"og:url\" content=\"https:\/\/forbabyboss.com\/pt\/produto\/carrinho-de-bebe-azul-marinho-conjunto-dobravel-com-cadeirinha-para-carro-e-sistema-de-viagem-3-em-1\/\" \/>\n<meta property=\"og:site_name\" content=\"For Baby Boss\" \/>\n<meta property=\"article:modified_time\" content=\"2026-02-18T20:56:12+00:00\" \/>\n<meta property=\"og:image\" content=\"https:\/\/forbabyboss.com\/wp-content\/uploads\/2022\/09\/Baby-Buggy-Pram-Set-Foldable-3-in-1-Travel-System-Pushchair-Car-Seat-FREEBIES-Navy-Blue-main-800x800.png\" \/>\n\t<meta property=\"og:image:width\" content=\"800\" \/>\n\t<meta property=\"og:image:height\" content=\"800\" \/>\n\t<meta property=\"og:image:type\" content=\"image\/png\" \/>\n<meta name=\"twitter:card\" content=\"summary_large_image\" \/>\n<meta name=\"twitter:label1\" content=\"Tempo estimado de leitura\" \/>\n\t<meta name=\"twitter:data1\" content=\"5 minutos\" \/>\n<script type=\"application\/ld+json\" class=\"yoast-schema-graph\">{\"@context\":\"https:\\\/\\\/schema.org\",\"@graph\":[{\"@type\":\"WebPage\",\"@id\":\"https:\\\/\\\/forbabyboss.com\\\/product\\\/navy-blue-baby-pram-foldable-car-seat-travel-system-set-3in1\\\/\",\"url\":\"https:\\\/\\\/forbabyboss.com\\\/product\\\/navy-blue-baby-pram-foldable-car-seat-travel-system-set-3in1\\\/\",\"name\":\"Navy & Blue Baby Pram Foldable Car Seat Travel System Set 3in1 - For Baby Boss\",\"isPartOf\":{\"@id\":\"https:\\\/\\\/powderblue-seahorse-496884.hostingersite.com\\\/#website\"},\"primaryImageOfPage\":{\"@id\":\"https:\\\/\\\/forbabyboss.com\\\/product\\\/navy-blue-baby-pram-foldable-car-seat-travel-system-set-3in1\\\/#primaryimage\"},\"image\":{\"@id\":\"https:\\\/\\\/forbabyboss.com\\\/product\\\/navy-blue-baby-pram-foldable-car-seat-travel-system-set-3in1\\\/#primaryimage\"},\"thumbnailUrl\":\"https:\\\/\\\/forbabyboss.com\\\/wp-content\\\/uploads\\\/2022\\\/09\\\/Baby-Buggy-Pram-Set-Foldable-3-in-1-Travel-System-Pushchair-Car-Seat-FREEBIES-Navy-Blue-main.png\",\"datePublished\":\"2022-09-25T13:54:42+00:00\",\"dateModified\":\"2026-02-18T20:56:12+00:00\",\"description\":\"Navy & Blue Baby Pram Foldable Car Seat Travel System Set 3in1\",\"breadcrumb\":{\"@id\":\"https:\\\/\\\/forbabyboss.com\\\/product\\\/navy-blue-baby-pram-foldable-car-seat-travel-system-set-3in1\\\/#breadcrumb\"},\"inLanguage\":\"pt-PT\",\"potentialAction\":[{\"@type\":\"ReadAction\",\"target\":[\"https:\\\/\\\/forbabyboss.com\\\/product\\\/navy-blue-baby-pram-foldable-car-seat-travel-system-set-3in1\\\/\"]}]},{\"@type\":\"ImageObject\",\"inLanguage\":\"pt-PT\",\"@id\":\"https:\\\/\\\/forbabyboss.com\\\/product\\\/navy-blue-baby-pram-foldable-car-seat-travel-system-set-3in1\\\/#primaryimage\",\"url\":\"https:\\\/\\\/forbabyboss.com\\\/wp-content\\\/uploads\\\/2022\\\/09\\\/Baby-Buggy-Pram-Set-Foldable-3-in-1-Travel-System-Pushchair-Car-Seat-FREEBIES-Navy-Blue-main.png\",\"contentUrl\":\"https:\\\/\\\/forbabyboss.com\\\/wp-content\\\/uploads\\\/2022\\\/09\\\/Baby-Buggy-Pram-Set-Foldable-3-in-1-Travel-System-Pushchair-Car-Seat-FREEBIES-Navy-Blue-main.png\",\"width\":1600,\"height\":1600},{\"@type\":\"BreadcrumbList\",\"@id\":\"https:\\\/\\\/forbabyboss.com\\\/product\\\/navy-blue-baby-pram-foldable-car-seat-travel-system-set-3in1\\\/#breadcrumb\",\"itemListElement\":[{\"@type\":\"ListItem\",\"position\":1,\"name\":\"Home\",\"item\":\"https:\\\/\\\/forbabyboss.com\\\/\"},{\"@type\":\"ListItem\",\"position\":2,\"name\":\"Shop\",\"item\":\"https:\\\/\\\/forbabyboss.com\\\/shop\\\/\"},{\"@type\":\"ListItem\",\"position\":3,\"name\":\"Navy &#038; Blue Baby Pram Foldable Car Seat Travel System Set 3in1\"}]},{\"@type\":\"WebSite\",\"@id\":\"https:\\\/\\\/powderblue-seahorse-496884.hostingersite.com\\\/#website\",\"url\":\"https:\\\/\\\/powderblue-seahorse-496884.hostingersite.com\\\/\",\"name\":\"For Baby Boss\",\"description\":\"Beautiful gifts and accessories for your baby boss\",\"potentialAction\":[{\"@type\":\"SearchAction\",\"target\":{\"@type\":\"EntryPoint\",\"urlTemplate\":\"https:\\\/\\\/powderblue-seahorse-496884.hostingersite.com\\\/?s={search_term_string}\"},\"query-input\":{\"@type\":\"PropertyValueSpecification\",\"valueRequired\":true,\"valueName\":\"search_term_string\"}}],\"inLanguage\":\"pt-PT\"}]}<\/script>\n<!-- \/ Yoast SEO plugin. -->","yoast_head_json":{"title":"Carrinho de Beb\u00ea Dobr\u00e1vel com Sistema de Viagem 3 em 1 nas Cores Azul Marinho e Azul - Para Baby Boss","description":"Carrinho de beb\u00ea dobr\u00e1vel azul marinho com sistema de viagem 3 em 1","robots":{"index":"index","follow":"follow","max-snippet":"max-snippet:-1","max-image-preview":"max-image-preview:large","max-video-preview":"max-video-preview:-1"},"canonical":"https:\/\/forbabyboss.com\/pt\/produto\/carrinho-de-bebe-azul-marinho-conjunto-dobravel-com-cadeirinha-para-carro-e-sistema-de-viagem-3-em-1\/","og_locale":"pt_PT","og_type":"article","og_title":"Navy & Blue Baby Pram Foldable Car Seat Travel System Set 3in1 - For Baby Boss","og_description":"Navy & Blue Baby Pram Foldable Car Seat Travel System Set 3in1","og_url":"https:\/\/forbabyboss.com\/pt\/produto\/carrinho-de-bebe-azul-marinho-conjunto-dobravel-com-cadeirinha-para-carro-e-sistema-de-viagem-3-em-1\/","og_site_name":"For Baby Boss","article_modified_time":"2026-02-18T20:56:12+00:00","og_image":[{"width":800,"height":800,"url":"https:\/\/forbabyboss.com\/wp-content\/uploads\/2022\/09\/Baby-Buggy-Pram-Set-Foldable-3-in-1-Travel-System-Pushchair-Car-Seat-FREEBIES-Navy-Blue-main-800x800.png","type":"image\/png"}],"twitter_card":"summary_large_image","twitter_misc":{"Tempo estimado de leitura":"5 minutos"},"schema":{"@context":"https:\/\/schema.org","@graph":[{"@type":"WebPage","@id":"https:\/\/forbabyboss.com\/product\/navy-blue-baby-pram-foldable-car-seat-travel-system-set-3in1\/","url":"https:\/\/forbabyboss.com\/product\/navy-blue-baby-pram-foldable-car-seat-travel-system-set-3in1\/","name":"Carrinho de Beb\u00ea Dobr\u00e1vel com Sistema de Viagem 3 em 1 nas Cores Azul Marinho e Azul - Para Baby Boss","isPartOf":{"@id":"https:\/\/powderblue-seahorse-496884.hostingersite.com\/#website"},"primaryImageOfPage":{"@id":"https:\/\/forbabyboss.com\/product\/navy-blue-baby-pram-foldable-car-seat-travel-system-set-3in1\/#primaryimage"},"image":{"@id":"https:\/\/forbabyboss.com\/product\/navy-blue-baby-pram-foldable-car-seat-travel-system-set-3in1\/#primaryimage"},"thumbnailUrl":"https:\/\/forbabyboss.com\/wp-content\/uploads\/2022\/09\/Baby-Buggy-Pram-Set-Foldable-3-in-1-Travel-System-Pushchair-Car-Seat-FREEBIES-Navy-Blue-main.png","datePublished":"2022-09-25T13:54:42+00:00","dateModified":"2026-02-18T20:56:12+00:00","description":"Carrinho de beb\u00ea dobr\u00e1vel azul marinho com sistema de viagem 3 em 1","breadcrumb":{"@id":"https:\/\/forbabyboss.com\/product\/navy-blue-baby-pram-foldable-car-seat-travel-system-set-3in1\/#breadcrumb"},"inLanguage":"pt-PT","potentialAction":[{"@type":"ReadAction","target":["https:\/\/forbabyboss.com\/product\/navy-blue-baby-pram-foldable-car-seat-travel-system-set-3in1\/"]}]},{"@type":"ImageObject","inLanguage":"pt-PT","@id":"https:\/\/forbabyboss.com\/product\/navy-blue-baby-pram-foldable-car-seat-travel-system-set-3in1\/#primaryimage","url":"https:\/\/forbabyboss.com\/wp-content\/uploads\/2022\/09\/Baby-Buggy-Pram-Set-Foldable-3-in-1-Travel-System-Pushchair-Car-Seat-FREEBIES-Navy-Blue-main.png","contentUrl":"https:\/\/forbabyboss.com\/wp-content\/uploads\/2022\/09\/Baby-Buggy-Pram-Set-Foldable-3-in-1-Travel-System-Pushchair-Car-Seat-FREEBIES-Navy-Blue-main.png","width":1600,"height":1600},{"@type":"BreadcrumbList","@id":"https:\/\/forbabyboss.com\/product\/navy-blue-baby-pram-foldable-car-seat-travel-system-set-3in1\/#breadcrumb","itemListElement":[{"@type":"ListItem","position":1,"name":"Home","item":"https:\/\/forbabyboss.com\/"},{"@type":"ListItem","position":2,"name":"Shop","item":"https:\/\/forbabyboss.com\/shop\/"},{"@type":"ListItem","position":3,"name":"Navy &#038; Blue Baby Pram Foldable Car Seat Travel System Set 3in1"}]},{"@type":"WebSite","@id":"https:\/\/powderblue-seahorse-496884.hostingersite.com\/#website","url":"https:\/\/powderblue-seahorse-496884.hostingersite.com\/","name":"Para o Baby Boss","description":"Bonitos presentes e acess\u00f3rios para o seu chefe beb\u00e9","potentialAction":[{"@type":"SearchAction","target":{"@type":"EntryPoint","urlTemplate":"https:\/\/powderblue-seahorse-496884.hostingersite.com\/?s={search_term_string}"},"query-input":{"@type":"PropertyValueSpecification","valueRequired":true,"valueName":"search_term_string"}}],"inLanguage":"pt-PT"}]}},"_links":{"self":[{"href":"https:\/\/forbabyboss.com\/pt\/wp-json\/wp\/v2\/product\/5544","targetHints":{"allow":["GET"]}}],"collection":[{"href":"https:\/\/forbabyboss.com\/pt\/wp-json\/wp\/v2\/product"}],"about":[{"href":"https:\/\/forbabyboss.com\/pt\/wp-json\/wp\/v2\/types\/product"}],"wp:featuredmedia":[{"embeddable":true,"href":"https:\/\/forbabyboss.com\/pt\/wp-json\/wp\/v2\/media\/5545"}],"wp:attachment":[{"href":"https:\/\/forbabyboss.com\/pt\/wp-json\/wp\/v2\/media?parent=5544"}],"wp:term":[{"taxonomy":"product_brand","embeddable":true,"href":"https:\/\/forbabyboss.com\/pt\/wp-json\/wp\/v2\/product_brand?post=5544"},{"taxonomy":"product_cat","embeddable":true,"href":"https:\/\/forbabyboss.com\/pt\/wp-json\/wp\/v2\/product_cat?post=5544"},{"taxonomy":"product_tag","embeddable":true,"href":"https:\/\/forbabyboss.com\/pt\/wp-json\/wp\/v2\/product_tag?post=5544"}],"curies":[{"name":"wp","href":"https:\/\/api.w.org\/{rel}","templated":true}]}}